{"id":1859,"date":"2024-12-24T07:46:32","date_gmt":"2024-12-24T07:46:32","guid":{"rendered":"https:\/\/fmp-components.com\/?page_id=8"},"modified":"2024-12-24T07:59:12","modified_gmt":"2024-12-24T07:59:12","slug":"rotary-mower-gearboxes-replacement-of-comer-code-lf-151a-13","status":"publish","type":"product","link":"https:\/\/fmp-components.com\/lv\/product\/rotary-mower-gearboxes-replacement-of-comer-code-lf-151a-13\/","title":{"rendered":"Rot\u0113jo\u0161o z\u0101les p\u013c\u0101v\u0113ju p\u0101rnesumk\u0101rbas \u2014 Comer koda LF-151A 1:3 nomai\u0146a"},"content":{"rendered":"<p><img loading=\"lazy\" decoding=\"async\" class=\"size-full wp-image-1865 aligncenter\" src=\"https:\/\/fmp-components.com\/wp-content\/uploads\/2024\/12\/Rotary-Mower-Gearboxes-Replacement-of-Comer-Gearbox-LF-151A.webp\" alt=\"Rot\u0113jo\u0161\u0101 p\u013c\u0101v\u0113ja \u0101trumk\u0101rba3\" width=\"600\" height=\"600\" title=\"\" srcset=\"https:\/\/fmp-components.com\/wp-content\/uploads\/2024\/12\/Rotary-Mower-Gearboxes-Replacement-of-Comer-Gearbox-LF-151A.webp 600w, https:\/\/fmp-components.com\/wp-content\/uploads\/2024\/12\/Rotary-Mower-Gearboxes-Replacement-of-Comer-Gearbox-LF-151A-480x480.webp 480w\" sizes=\"(min-width: 0px) and (max-width: 480px) 480px, (min-width: 481px) 600px, 100vw\" \/><\/p>\n<h2>Rot\u0113jo\u0161\u0101s z\u0101les p\u013c\u0101v\u0113ja reduktora LF-151A (1:3) specifik\u0101cijas<\/h2>\n<p><img loading=\"lazy\" decoding=\"async\" class=\"alignnone size-full wp-image-1863\" src=\"https:\/\/fmp-components.com\/wp-content\/uploads\/2024\/12\/Rotary-Mower-Gearboxes-\u2013-Replacement-of-Comer-Code-LF-151A.webp\" alt=\"Rot\u0113jo\u0161o z\u0101les p\u013c\u0101v\u0113ju p\u0101rnesumk\u0101rbas \u2014 Comer koda LF-151A nomai\u0146a\" width=\"1291\" height=\"356\" title=\"\" srcset=\"https:\/\/fmp-components.com\/wp-content\/uploads\/2024\/12\/Rotary-Mower-Gearboxes-\u2013-Replacement-of-Comer-Code-LF-151A.webp 1291w, https:\/\/fmp-components.com\/wp-content\/uploads\/2024\/12\/Rotary-Mower-Gearboxes-\u2013-Replacement-of-Comer-Code-LF-151A-300x83.webp 300w, https:\/\/fmp-components.com\/wp-content\/uploads\/2024\/12\/Rotary-Mower-Gearboxes-\u2013-Replacement-of-Comer-Code-LF-151A-1024x282.webp 1024w, https:\/\/fmp-components.com\/wp-content\/uploads\/2024\/12\/Rotary-Mower-Gearboxes-\u2013-Replacement-of-Comer-Code-LF-151A-768x212.webp 768w, https:\/\/fmp-components.com\/wp-content\/uploads\/2024\/12\/Rotary-Mower-Gearboxes-\u2013-Replacement-of-Comer-Code-LF-151A-18x5.webp 18w, https:\/\/fmp-components.com\/wp-content\/uploads\/2024\/12\/Rotary-Mower-Gearboxes-\u2013-Replacement-of-Comer-Code-LF-151A-1080x298.webp 1080w, https:\/\/fmp-components.com\/wp-content\/uploads\/2024\/12\/Rotary-Mower-Gearboxes-\u2013-Replacement-of-Comer-Code-LF-151A-1280x353.webp 1280w, https:\/\/fmp-components.com\/wp-content\/uploads\/2024\/12\/Rotary-Mower-Gearboxes-\u2013-Replacement-of-Comer-Code-LF-151A-980x270.webp 980w, https:\/\/fmp-components.com\/wp-content\/uploads\/2024\/12\/Rotary-Mower-Gearboxes-\u2013-Replacement-of-Comer-Code-LF-151A-480x132.webp 480w, https:\/\/fmp-components.com\/wp-content\/uploads\/2024\/12\/Rotary-Mower-Gearboxes-\u2013-Replacement-of-Comer-Code-LF-151A-600x165.webp 600w\" sizes=\"(max-width: 1291px) 100vw, 1291px\" \/><\/p>\n<table class=\"kh-1xzm1su\" border=\"1\" cellspacing=\"0\" cellpadding=\"0\" data-intent=\"lists-product-attributes\" data-test-id=\"attributes-list\">\n<tbody class=\"kh-1ago99h\">\n<tr id=\"alexis#custom#item-id\" class=\"kh-bwvum6\" data-test-id=\"attribute-row\">\n<th class=\"kh-10oizfy\">Produkta apraksts<\/th>\n<td class=\"kh-1f5nhat\">\n<div class=\"kh-pkx4zo\">Rot\u0113jo\u0161\u0101s z\u0101les p\u013c\u0101v\u0113ja p\u0101rnesumk\u0101rbas \u2014 Comer p\u0101rnesumk\u0101rbas LF-151A 1:3 nomai\u0146a<\/div>\n<\/td>\n<\/tr>\n<tr id=\"attProductDetails\" class=\"kh-bwvum6\" data-test-id=\"attribute-row\">\n<th class=\"kh-10oizfy\">Produkta inform\u0101cija<\/th>\n<td class=\"kh-1f5nhat\">\n<ul>\n<li class=\"kh-16zd49f\">Visas p\u0101rnesumk\u0101rbas tiek pieg\u0101d\u0101tas bez e\u013c\u013cas.<\/li>\n<li class=\"kh-16zd49f\">Vispirms e\u013c\u013cas mai\u0146a p\u0113c 50\u201370 darba stund\u0101m, p\u0113c tam p\u0113c 500\u2013700 darba stund\u0101m vai vismaz reizi gad\u0101.<\/li>\n<li class=\"kh-16zd49f\">Sazinieties ar mums, lai uzzin\u0101tu par jaudu ar citu apgriezienu skaitu min\u016bt\u0113.<\/li>\n<\/ul>\n<\/td>\n<\/tr>\n<tr id=\"attApplicationRange\" class=\"kh-bwvum6\" data-test-id=\"attribute-row\">\n<th class=\"kh-10oizfy\">Pielietojuma diapazons<\/th>\n<td class=\"kh-1f5nhat\">\n<div class=\"kh-pkx4zo\">Z\u0101les p\u013c\u0101v\u0113ji<\/div>\n<\/td>\n<\/tr>\n<tr id=\"attConsistsOf\" class=\"kh-bwvum6\" data-test-id=\"attribute-row\">\n<th class=\"kh-10oizfy\">Sast\u0101v no<\/th>\n<td class=\"kh-1f5nhat\">\n<ul>\n<li class=\"kh-16zd49f\">\u0100trumk\u0101rba<\/li>\n<li class=\"kh-16zd49f\">Bez e\u013c\u013cas<\/li>\n<\/ul>\n<\/td>\n<\/tr>\n<tr id=\"taContainsOil\" class=\"kh-bwvum6\" data-test-id=\"attribute-row\">\n<th class=\"kh-10oizfy\">Satur e\u013c\u013cu<\/th>\n<td class=\"kh-1f5nhat\">\n<div class=\"kh-pkx4zo\">N\u0113<\/div>\n<\/td>\n<\/tr>\n<tr id=\"taMaxOilCapacityL\" class=\"kh-bwvum6\" data-test-id=\"attribute-row\">\n<th class=\"kh-10oizfy\">Maks. e\u013c\u013cas ietilp\u012bba<\/th>\n<td class=\"kh-1f5nhat\">\n<div class=\"kh-pkx4zo\">1,3 l<\/div>\n<\/td>\n<\/tr>\n<tr id=\"taMaxOilChangeIntervalH\" class=\"kh-bwvum6\" data-test-id=\"attribute-row\">\n<th class=\"kh-10oizfy\">Maks. e\u013c\u013cas mai\u0146as interv\u0101ls<\/th>\n<td class=\"kh-1f5nhat\">\n<div class=\"kh-pkx4zo\">500 stundas<\/div>\n<\/td>\n<\/tr>\n<tr id=\"taOilSAEViscosityGrade\" class=\"kh-bwvum6\" data-test-id=\"attribute-row\">\n<th class=\"kh-10oizfy\">E\u013c\u013cas SAE viskozit\u0101tes klase<\/th>\n<td class=\"kh-1f5nhat\">\n<div class=\"kh-pkx4zo\">80W-90<\/div>\n<\/td>\n<\/tr>\n<tr id=\"taHousingMaterial_16\" class=\"kh-bwvum6\" data-test-id=\"attribute-row\">\n<th class=\"kh-10oizfy\">Korpusa materi\u0101ls<\/th>\n<td class=\"kh-1f5nhat\">\n<div class=\"kh-pkx4zo\">\u010cuguns GG25<\/div>\n<\/td>\n<\/tr>\n<tr id=\"taWeightKg_75\" class=\"kh-bwvum6\" data-test-id=\"attribute-row\">\n<th class=\"kh-10oizfy\">Svars<\/th>\n<td class=\"kh-1f5nhat\">\n<div class=\"kh-pkx4zo\">21,5 kg<\/div>\n<\/td>\n<\/tr>\n<tr id=\"taGearArrangementInc\" class=\"kh-bwvum6\" data-test-id=\"attribute-row\">\n<th class=\"kh-10oizfy\">P\u0101rnesumu izk\u0101rtojums palielin\u0101s<\/th>\n<td class=\"kh-1f5nhat\">\n<div class=\"kh-pkx4zo\">21 &#8211; 22<\/div>\n<\/td>\n<\/tr>\n<tr id=\"taInputPowerKwHpInc\" class=\"kh-bwvum6\" data-test-id=\"attribute-row\">\n<th class=\"kh-10oizfy\">Ieejas jauda kW \/ ZS Pieaugo\u0161a<\/th>\n<td class=\"kh-1f5nhat\">\n<div class=\"kh-pkx4zo\">33,1\u00a0\/\u00a045\u00a0kW\/ZS<\/div>\n<\/td>\n<\/tr>\n<tr id=\"taInputShaftIncreasi\" class=\"kh-bwvum6\" data-test-id=\"attribute-row\">\n<th class=\"kh-10oizfy\">Ieejas v\u0101rpsta palielin\u0101s<\/th>\n<td class=\"kh-1f5nhat\">\n<div class=\"kh-pkx4zo\">J\u0101<\/div>\n<\/td>\n<\/tr>\n<tr id=\"taNSOutputTorqueDaNm_1\" class=\"kh-bwvum6\" data-test-id=\"attribute-row\">\n<th class=\"kh-10oizfy\">Izejas griezes moments DaNm pieaug<\/th>\n<td class=\"kh-1f5nhat\">\n<div class=\"kh-pkx4zo\">18,9 daNm<\/div>\n<\/td>\n<\/tr>\n<tr id=\"taRatioIncreasing\" class=\"kh-bwvum6\" data-test-id=\"attribute-row\">\n<th class=\"kh-10oizfy\">Attiec\u012bbas palielin\u0101\u0161ana<\/th>\n<td class=\"kh-1f5nhat\">\n<div class=\"kh-pkx4zo\">1: 3<\/div>\n<\/td>\n<\/tr>\n<tr id=\"taRatioReducing\" class=\"kh-bwvum6\" data-test-id=\"attribute-row\">\n<th class=\"kh-10oizfy\">Attiec\u012bbas samazin\u0101\u0161ana<\/th>\n<td class=\"kh-1f5nhat\">\n<div class=\"kh-pkx4zo\">3: 1<\/div>\n<\/td>\n<\/tr>\n<tr id=\"taShaftY\" class=\"kh-bwvum6\" data-test-id=\"attribute-row\">\n<th class=\"kh-10oizfy\">Y v\u0101rpsta<\/th>\n<td class=\"kh-1f5nhat\">\n<div class=\"kh-pkx4zo\">1 3\/8 collas (6) (A)<\/div>\n<\/td>\n<\/tr>\n<tr id=\"taShaftZ\" class=\"kh-bwvum6\" data-test-id=\"attribute-row\">\n<th class=\"kh-10oizfy\">V\u0101rpsta Z<\/th>\n<td class=\"kh-1f5nhat\">\n<div class=\"kh-pkx4zo\">35 (B)<\/div>\n<\/td>\n<\/tr>\n<\/tbody>\n<\/table>\n<h3>Rot\u0113jo\u0161\u0101s z\u0101les p\u013c\u0101v\u0113ja reduktora LF-151A (1:3) priek\u0161roc\u012bbas<\/h3>\n<p>LF-151A rot\u0113jo\u0161\u0101s z\u0101les p\u013c\u0101v\u0113ja p\u0101rnesumk\u0101rba pied\u0101v\u0101 virkni priek\u0161roc\u012bbu, padarot to par iecien\u012btu izv\u0113li rot\u0113jo\u0161aj\u0101m z\u0101les p\u013c\u0101v\u0113j\u0101m da\u017e\u0101dos pielietojumos. \u0160eit ir t\u0101s galven\u0101s priek\u0161roc\u012bbas:<\/p>\n<h4>1. Augsta efektivit\u0101te<\/h4>\n<p>LF-151A p\u0101rnesumk\u0101rba efekt\u012bvi p\u0101rnes jaudu no traktora uz p\u013caujma\u0161\u012bnu, nodro\u0161inot augstu veiktsp\u0113ju. \u0160\u012b efektivit\u0101te samazina laiku un ener\u0123iju, kas nepiecie\u0161ama lielu plat\u012bbu apstr\u0101dei, t\u0101d\u0113j\u0101di palielinot produktivit\u0101ti.<\/p>\n<h4>2. Vienm\u0113r\u012bga darb\u012bba<\/h4>\n<p>Stabilit\u0101tei paredz\u0113tais LF-151A nodro\u0161ina vienm\u0113r\u012bgu z\u0101les p\u013c\u0101v\u0113ja darb\u012bbu ar minim\u0101lu vibr\u0101ciju. Tas uzlabo operatora komfortu un nodro\u0161ina vienm\u0113r\u012bgu p\u013cau\u0161anas pieredzi.<\/p>\n<h4>3. Uzlabota iztur\u012bba<\/h4>\n<p>Izgatavots no augstas kvalit\u0101tes materi\u0101liem un prec\u012bzas in\u017eenierijas, LF-151A ir \u0101rk\u0101rt\u012bgi iztur\u012bgs. T\u0101 robustais dizains \u013cauj tam iztur\u0113t sare\u017e\u0123\u012btus lauka apst\u0101k\u013cus, samazinot nepiecie\u0161am\u012bbu p\u0113c bie\u017eas nomai\u0146as vai remonta.<\/p>\n<h4>4. Zemas apkopes pras\u012bbas<\/h4>\n<p>LF-151A ir viegli uztur\u0113t, tam nepiecie\u0161ama minim\u0101la e\u013c\u013co\u0161ana un tas nodro\u0161ina \u0113rtu piek\u013cuvi galvenaj\u0101m sast\u0101vda\u013c\u0101m. \u0160\u012b vienk\u0101r\u0161\u012bba samazina d\u012bkst\u0101ves laiku un nodro\u0161ina \u0113rtu apkopi.<\/p>\n<h4>5. Klusa darb\u012bba<\/h4>\n<p>Darbojoties ar samazin\u0101tu trok\u0161\u0146a l\u012bmeni, LF-151A ir ide\u0101li piem\u0113rots trok\u0161\u0146a jut\u012bg\u0101m vid\u0113m, piem\u0113ram, dz\u012bvojamajiem rajoniem, skol\u0101m un slimn\u012bc\u0101m, nodro\u0161inot pat\u012bkam\u0101ku pieredzi.<\/p>\n<h4>6. Daudzpus\u012bba<\/h4>\n<p>\u0160\u012b p\u0101rnesumk\u0101rba ir daudzpus\u012bga un sader\u012bga ar da\u017e\u0101diem p\u013caujma\u0161\u012bnu veidiem. T\u0101 labi piel\u0101gojas da\u017e\u0101diem reljefiem un lauku izm\u0113riem, padarot to piem\u0113rotu da\u017e\u0101diem pielietojumiem.<\/p>\n<h4>7. Samazin\u0101ts nodilums<\/h4>\n<p>LF-151A samazina p\u013caujma\u0161\u012bnas deta\u013cu, piem\u0113ram, asme\u0146u un grie\u0161anas malu, nodilumu, pagarinot to kalpo\u0161anas laiku un saglab\u0101jot nemain\u012bgu p\u013cau\u0161anas kvalit\u0101ti.<\/p>\n<p>LF-151A rot\u0113jo\u0161\u0101s z\u0101les p\u013c\u0101v\u0113ja p\u0101rnesumk\u0101rba ir b\u016btiska sast\u0101vda\u013ca, kas uzlabo rot\u0113jo\u0161o z\u0101les p\u013c\u0101v\u0113ju veiktsp\u0113ju, uzticam\u012bbu un ilgm\u016b\u017e\u012bbu. T\u0101s efektivit\u0101te, iztur\u012bba un vienk\u0101r\u0161\u0101 apkope padara to par v\u0113rt\u012bgu ieguld\u012bjumu optim\u0101lu p\u013cau\u0161anas rezult\u0101tu sasnieg\u0161anai da\u017e\u0101dos apst\u0101k\u013cos.<\/p>\n<p><img loading=\"lazy\" decoding=\"async\" class=\"alignnone size-full wp-image-1868\" src=\"https:\/\/fmp-components.com\/wp-content\/uploads\/2024\/12\/Rotary-Mower-Gearbox4.webp\" alt=\"Rot\u0113jo\u0161\u0101 p\u013c\u0101v\u0113ja \u0101trumk\u0101rba4\" width=\"1278\" height=\"483\" title=\"\" srcset=\"https:\/\/fmp-components.com\/wp-content\/uploads\/2024\/12\/Rotary-Mower-Gearbox4.webp 1278w, https:\/\/fmp-components.com\/wp-content\/uploads\/2024\/12\/Rotary-Mower-Gearbox4-980x370.webp 980w, https:\/\/fmp-components.com\/wp-content\/uploads\/2024\/12\/Rotary-Mower-Gearbox4-480x181.webp 480w\" sizes=\"(min-width: 0px) and (max-width: 480px) 480px, (min-width: 481px) and (max-width: 980px) 980px, (min-width: 981px) 1278px, 100vw\" \/><\/p>\n<h3>Rot\u0113jo\u0161\u0101s z\u0101les p\u013c\u0101v\u0113ja reduktora LF-151A (1:3) pielietojumi<\/h3>\n<p>LF-151A rot\u0113jo\u0161\u0101s z\u0101les p\u013c\u0101v\u0113ja p\u0101rnesumk\u0101rba ir daudzpus\u012bga un uzticama sast\u0101vda\u013ca, kas paredz\u0113ta pla\u0161am pielietojumu kl\u0101stam. \u0160eit ir da\u017ei no t\u0101s galvenajiem pielietojumiem:<\/p>\n<h4>1. Z\u0101les p\u013c\u0101v\u0113ji<\/h4>\n<p>Ide\u0101li piem\u0113rots gan dz\u012bvojam\u0101m, gan komerci\u0101l\u0101m z\u0101les p\u013c\u0101v\u0113j\u0101m, LF-151A nodro\u0161ina precizit\u0101ti un efektivit\u0101ti, padarot to par lielisku risin\u0101jumu lielu lauku vai za\u013co zonu uztur\u0113\u0161anai.<\/p>\n<h4>2. Uz traktora mont\u0113jam\u0101s z\u0101les p\u013c\u0101v\u0113jas<\/h4>\n<p>LF-151A ir labi piem\u0113rots uzst\u0101d\u012b\u0161anai uz traktoriem, padarot to par lielisku izv\u0113li lielu plat\u012bbu, piem\u0113ram, lauku, aug\u013cu d\u0101rzu un v\u012bna d\u0101rzu, vieglai p\u013cau\u0161anai.<\/p>\n<h4>3. Lauksaimniec\u012bbas apkope<\/h4>\n<p>\u0160\u012b p\u0101rnesumk\u0101rba ir sader\u012bga ar rupjas p\u013cau\u0161anas p\u013caujma\u0161\u012bn\u0101m un rot\u0101cijas griez\u0113jiem, padarot to ide\u0101li piem\u0113rotu lauksaimniec\u012bbas lauku, gan\u012bbu un citu liela m\u0113roga lauksaimniec\u012bbas ainavu uztur\u0113\u0161anai.<\/p>\n<h4>4. Publisk\u0101s telpas<\/h4>\n<p>Pateicoties trok\u0161\u0146u samazin\u0101\u0161anas iesp\u0113j\u0101m, LF-151A ir ide\u0101li piem\u0113rots lieto\u0161anai sabiedrisk\u0101s viet\u0101s, piem\u0113ram, skol\u0101s, slimn\u012bc\u0101s un parkos, kur klusa darb\u012bba ir \u013coti svar\u012bga.<\/p>\n<h4>5. Ainavu veido\u0161anas uzdevumi<\/h4>\n<p>LF-151A ir daudzpus\u012bga izv\u0113le da\u017e\u0101d\u0101m ainavu veido\u0161anas vajadz\u012bb\u0101m, tostarp dz\u012bv\u017eogu apgrie\u0161anai, kr\u016bmu t\u012br\u012b\u0161anai un kr\u016bmu p\u013cau\u0161anai, nodro\u0161inot uzticamu veiktsp\u0113ju da\u017e\u0101dos reljefos.<\/p>\n<p>Rot\u0113jo\u0161\u0101 z\u0101les p\u013c\u0101v\u0113ja p\u0101rnesumk\u0101rba LF-151A ir uzticama un daudzpus\u012bga sast\u0101vda\u013ca, kas piem\u0113rota p\u013c\u0101v\u0113ju efektivit\u0101tes, uzticam\u012bbas un iztur\u012bbas uzlabo\u0161anai da\u017e\u0101dos pielietojumos. Neatkar\u012bgi no t\u0101, vai tie ir paredz\u0113ti lieto\u0161anai dz\u012bvojam\u0101s, lauksaimniec\u012bbas vai sabiedrisk\u0101s telp\u0101s, t\u0101 nodro\u0161ina izcilu veiktsp\u0113ju un ilgsto\u0161us rezult\u0101tus.<\/p>\n<p><img loading=\"lazy\" decoding=\"async\" class=\"alignnone size-full wp-image-1869\" src=\"https:\/\/fmp-components.com\/wp-content\/uploads\/2024\/12\/Rotary-Mower-Gearbox-LF-151A-Applications-1.webp\" alt=\"Rot\u0113jo\u0161\u0101s z\u0101les p\u013c\u0101v\u0113ja p\u0101rnesumk\u0101rba LF-151A pielietojums 1\" width=\"2560\" height=\"1472\" title=\"\" srcset=\"https:\/\/fmp-components.com\/wp-content\/uploads\/2024\/12\/Rotary-Mower-Gearbox-LF-151A-Applications-1.webp 2560w, https:\/\/fmp-components.com\/wp-content\/uploads\/2024\/12\/Rotary-Mower-Gearbox-LF-151A-Applications-1-1280x736.webp 1280w, https:\/\/fmp-components.com\/wp-content\/uploads\/2024\/12\/Rotary-Mower-Gearbox-LF-151A-Applications-1-980x564.webp 980w, https:\/\/fmp-components.com\/wp-content\/uploads\/2024\/12\/Rotary-Mower-Gearbox-LF-151A-Applications-1-480x276.webp 480w\" sizes=\"(min-width: 0px) and (max-width: 480px) 480px, (min-width: 481px) and (max-width: 980px) 980px, (min-width: 981px) and (max-width: 1280px) 1280px, (min-width: 1281px) 2560px, 100vw\" \/><\/p>\n<h3>Par FMP<\/h3>\n<p>FMP, kas atrodas It\u0101lij\u0101, ir atz\u012bts uz\u0146\u0113mums, kas specializ\u0113jas p\u0101rnesumk\u0101rbu, reduktoru un in\u017eeniertehnisko iek\u0101rtu p\u0113tniec\u012bb\u0101, izstr\u0101d\u0113 un ra\u017eo\u0161an\u0101. Ar stingru ap\u0146em\u0161anos att\u012bst\u012bt talantus un veicin\u0101t inov\u0101cijas, FMP ir k\u013cuvis par l\u012bderi sav\u0101 jom\u0101.<\/p>\n<h3>Daudzveid\u012bgs produktu portfelis<\/h3>\n<p>Uz\u0146\u0113muma produktu kl\u0101st\u0101 ietilpst:<\/p>\n<ul>\n<li><strong>Spir\u0101lveida konusveida p\u0101rnesumk\u0101rbas<\/strong><\/li>\n<li><strong>Spur p\u0101rnesumk\u0101rbas<\/strong><\/li>\n<li><strong>T\u0101rpu p\u0101rnesumk\u0101rbas<\/strong><\/li>\n<li><strong>Cilindriskas p\u0101rnesumk\u0101rbas<\/strong><\/li>\n<li><strong>Augstspiediena lietie v\u0101rstu korpusi un korpusi<\/strong><\/li>\n<\/ul>\n<h3>Pla\u0161a spektra pielietojumi<\/h3>\n<p>FMP produkti ir \u013coti daudzpus\u012bgi un kalpo daudz\u0101m nozar\u0113m, tostarp:<\/p>\n<ul>\n<li><strong>Lauksaimniec\u012bba<\/strong>Izmanto rot\u0113jo\u0161aj\u0101s z\u0101les p\u013c\u0101v\u0113j\u0101s, sniega t\u012br\u012bt\u0101jos, m\u0113slojuma izklied\u0113t\u0101jos un graudu konveijeros.<\/li>\n<li><strong>R\u016bpniecisk\u0101s iek\u0101rtas<\/strong>Atbalsta iek\u0101rtas naftas ieguvei, j\u016bras lietojumiem un hidraulisk\u0101s sast\u0101vda\u013cas in\u017eeniertehniskiem projektiem.<\/li>\n<\/ul>\n<h3>Uzlaboti ra\u017eo\u0161anas procesi<\/h3>\n<p>FMP lepojas ar sav\u0101m sp\u0113c\u012bgaj\u0101m tehniskaj\u0101m un p\u0113tniec\u012bbas un att\u012bst\u012bbas iesp\u0113j\u0101m, ra\u017eojot uzticamus, augstas kvalit\u0101tes produktus, izmantojot r\u016bp\u012bgu ra\u017eo\u0161anas procesu:<\/p>\n<ol>\n<li><strong>Produkta dizains<\/strong>Tiek izstr\u0101d\u0101tas piel\u0101gotas specifik\u0101cijas, tostarp p\u0101rnesumk\u0101rbas tips, materi\u0101ls un izm\u0113ri.<\/li>\n<li><strong>Materi\u0101lu sagatavo\u0161ana<\/strong>Tiek atlas\u012bti un sagatavoti augstas kvalit\u0101tes materi\u0101li, piem\u0113ram, \u010duguns un alum\u012bnija sakaus\u0113jumi.<\/li>\n<li><strong>Prec\u012bza apstr\u0101de<\/strong>T\u0101das sast\u0101vda\u013cas k\u0101 zobratu v\u0101rpstas un korpusi tiek apstr\u0101d\u0101tas, izmantojot progres\u012bvas metodes, piem\u0113ram, virpo\u0161anu un fr\u0113z\u0113\u0161anu.<\/li>\n<li><strong>Asambleja<\/strong>Zobrati, gult\u0146i un v\u0101rpstas ir samont\u0113tas korpus\u0101, nodro\u0161inot prec\u012bzu izl\u012bdzin\u0101\u0161anu un pareizu e\u013c\u013co\u0161anu.<\/li>\n<li><strong>Termisk\u0101 apstr\u0101de<\/strong>P\u0101rnesumk\u0101rbas tiek pak\u013cautas termiskai apstr\u0101dei, lai uzlabotu iztur\u012bbu un nodilumiztur\u012bbu.<\/li>\n<li><strong>Virsmas apstr\u0101de<\/strong>T\u0101di procesi k\u0101 pul\u0113\u0161ana un pulverkr\u0101so\u0161ana uzlabo izskatu un iztur\u012bbu pret koroziju.<\/li>\n<li><strong>Kvalit\u0101tes kontrole<\/strong>Stingras p\u0101rbaudes un test\u0113\u0161ana nodro\u0161ina stabilit\u0101ti, precizit\u0101ti un atbilst\u012bbu veiktsp\u0113jas standartiem.<\/li>\n<\/ol>\n<h3>Nozares reput\u0101cija<\/h3>\n<p>FMP ap\u0146em\u0161an\u0101s nodro\u0161in\u0101t kvalit\u0101ti, inov\u0101cijas un klientu apmierin\u0101t\u012bbu ir nodro\u0161in\u0101jusi tam izcilu reput\u0101ciju ra\u017eo\u0161anas nozar\u0113. Uz\u0146\u0113mums iev\u0113ro filozofiju, kuras centr\u0101 ir meistar\u012bba, progres\u012bvas tehnolo\u0123ijas un ilgsto\u0161as \u200b\u200bv\u0113rt\u012bbas nodro\u0161in\u0101\u0161ana.<\/p>\n<h3>Sadarbojieties ar mums<\/h3>\n<p>FMP atzin\u012bgi v\u0113rt\u0113 sadarb\u012bbas iesp\u0113jas ar klientiem un partneriem vis\u0101 pasaul\u0113. Ja jums ir jaut\u0101jumi par m\u016bsu produktiem un pakalpojumiem, l\u016bdzu, sazinieties ar mums pa t\u0101lruni vai e-pastu. M\u0113s esam ap\u0146\u0113mu\u0161ies sniegt piel\u0101gotus risin\u0101jumus, kas atbilst j\u016bsu vajadz\u012bb\u0101m.<\/p>\n<p><img loading=\"lazy\" decoding=\"async\" class=\"alignnone size-full wp-image-1861\" src=\"https:\/\/fmp-components.com\/wp-content\/uploads\/2024\/12\/Other-Agricultural-Gearboxes.webp\" alt=\"Citas lauksaimniec\u012bbas tehnikas p\u0101rnesumk\u0101rbas\" width=\"1200\" height=\"1400\" title=\"\" srcset=\"https:\/\/fmp-components.com\/wp-content\/uploads\/2024\/12\/Other-Agricultural-Gearboxes.webp 1200w, https:\/\/fmp-components.com\/wp-content\/uploads\/2024\/12\/Other-Agricultural-Gearboxes-980x1143.webp 980w, https:\/\/fmp-components.com\/wp-content\/uploads\/2024\/12\/Other-Agricultural-Gearboxes-480x560.webp 480w\" sizes=\"(min-width: 0px) and (max-width: 480px) 480px, (min-width: 481px) and (max-width: 980px) 980px, (min-width: 981px) 1200px, 100vw\" \/><\/p>\n<p>Autors: CX<\/p>","protected":false},"excerpt":{"rendered":"<p>Specifications of Rotary Mower Gearbox LF-151A (1:3) Product Description Rotary Mower Gearboxes &#8211; Replacement of Comer Gearbox LF-151A 1:3 Product details All gearboxes are supplied without oil. First, the oil change after 50-70 operating hours, then after 500-700 operating hours or at least once a year. Contact us for power at a different RPM. Application [&hellip;]<\/p>","protected":false},"featured_media":1864,"comment_status":"open","ping_status":"closed","template":"","meta":{"_et_pb_use_builder":"","_et_pb_old_content":"","_et_gb_content_width":""},"product_brand":[],"product_cat":[51],"product_tag":[],"class_list":{"0":"post-1859","1":"product","2":"type-product","3":"status-publish","4":"has-post-thumbnail","6":"product_cat-rotary-mower-gearbox","8":"first","9":"instock","10":"shipping-taxable","11":"product-type-simple"},"_links":{"self":[{"href":"https:\/\/fmp-components.com\/lv\/wp-json\/wp\/v2\/product\/1859","targetHints":{"allow":["GET"]}}],"collection":[{"href":"https:\/\/fmp-components.com\/lv\/wp-json\/wp\/v2\/product"}],"about":[{"href":"https:\/\/fmp-components.com\/lv\/wp-json\/wp\/v2\/types\/product"}],"replies":[{"embeddable":true,"href":"https:\/\/fmp-components.com\/lv\/wp-json\/wp\/v2\/comments?post=1859"}],"wp:featuredmedia":[{"embeddable":true,"href":"https:\/\/fmp-components.com\/lv\/wp-json\/wp\/v2\/media\/1864"}],"wp:attachment":[{"href":"https:\/\/fmp-components.com\/lv\/wp-json\/wp\/v2\/media?parent=1859"}],"wp:term":[{"taxonomy":"product_brand","embeddable":true,"href":"https:\/\/fmp-components.com\/lv\/wp-json\/wp\/v2\/product_brand?post=1859"},{"taxonomy":"product_cat","embeddable":true,"href":"https:\/\/fmp-components.com\/lv\/wp-json\/wp\/v2\/product_cat?post=1859"},{"taxonomy":"product_tag","embeddable":true,"href":"https:\/\/fmp-components.com\/lv\/wp-json\/wp\/v2\/product_tag?post=1859"}],"curies":[{"name":"wp","href":"https:\/\/api.w.org\/{rel}","templated":true}]}}