{"id":1853,"date":"2024-12-24T07:33:41","date_gmt":"2024-12-24T07:33:41","guid":{"rendered":"https:\/\/fmp-components.com\/?page_id=8"},"modified":"2025-05-07T14:12:19","modified_gmt":"2025-05-07T14:12:19","slug":"rotary-mower-gearboxes-replacement-of-comer-code-lf-211j","status":"publish","type":"product","link":"https:\/\/fmp-components.com\/lv\/product\/rotary-mower-gearboxes-replacement-of-comer-code-lf-211j\/","title":{"rendered":"Rot\u0113jo\u0161\u0101s z\u0101les p\u013c\u0101v\u0113ja p\u0101rnesumk\u0101rbas \u2014 Comer koda LF-211J nomai\u0146a"},"content":{"rendered":"<p><img loading=\"lazy\" decoding=\"async\" class=\"alignnone size-full wp-image-1856\" src=\"https:\/\/fmp-components.com\/wp-content\/uploads\/2024\/12\/Rotary-Mower-Gearbox2.webp\" alt=\"Rot\u0101cijas z\u0101les p\u013c\u0101v\u0113ja \u0101trumk\u0101rba\" width=\"1261\" height=\"655\" title=\"\" srcset=\"https:\/\/fmp-components.com\/wp-content\/uploads\/2024\/12\/Rotary-Mower-Gearbox2.webp 1261w, https:\/\/fmp-components.com\/wp-content\/uploads\/2024\/12\/Rotary-Mower-Gearbox2-980x509.webp 980w, https:\/\/fmp-components.com\/wp-content\/uploads\/2024\/12\/Rotary-Mower-Gearbox2-480x249.webp 480w\" sizes=\"(min-width: 0px) and (max-width: 480px) 480px, (min-width: 481px) and (max-width: 980px) 980px, (min-width: 981px) 1261px, 100vw\" \/><\/p>\n<p><img loading=\"lazy\" decoding=\"async\" class=\"alignnone size-full wp-image-1854\" src=\"https:\/\/fmp-components.com\/wp-content\/uploads\/2024\/12\/Specifications-of-Rotary-Mower-Gearbox-LF-211J.webp\" alt=\"Rot\u0113jo\u0161\u0101s z\u0101les p\u013c\u0101v\u0113ja p\u0101rnesumk\u0101rbas LF-211J specifik\u0101cijas\" width=\"1000\" height=\"590\" title=\"\" srcset=\"https:\/\/fmp-components.com\/wp-content\/uploads\/2024\/12\/Specifications-of-Rotary-Mower-Gearbox-LF-211J.webp 1000w, https:\/\/fmp-components.com\/wp-content\/uploads\/2024\/12\/Specifications-of-Rotary-Mower-Gearbox-LF-211J-980x578.webp 980w, https:\/\/fmp-components.com\/wp-content\/uploads\/2024\/12\/Specifications-of-Rotary-Mower-Gearbox-LF-211J-480x283.webp 480w\" sizes=\"(min-width: 0px) and (max-width: 480px) 480px, (min-width: 481px) and (max-width: 980px) 980px, (min-width: 981px) 1000px, 100vw\" \/><\/p>\n<h2>Produkta specifik\u0101cija<\/h2>\n<table class=\"kh-1xzm1su\" style=\"width: 100.272%; height: 542px;\" border=\"1\" cellspacing=\"0\" cellpadding=\"0\" data-intent=\"lists-product-attributes\" data-test-id=\"attributes-list\">\n<tbody class=\"kh-1ago99h\">\n<tr id=\"alexis#custom#item-id\" class=\"kh-bwvum6\" style=\"height: 23px;\" data-test-id=\"attribute-row\">\n<th class=\"kh-10oizfy\" style=\"width: 23.4341%; height: 23px;\">Produkta apraksts<\/th>\n<td class=\"kh-1f5nhat\" style=\"width: 76.3499%; height: 23px;\">\n<div class=\"kh-pkx4zo\"><a href=\"https:\/\/fmp-components.com\/lv\/product-category\/agricultural-gearbox\/rotary-mower-gearbox\/\">Rot\u0101cijas z\u0101les p\u013c\u0101v\u0113ju p\u0101rnesumk\u0101rbas<\/a> \u2013 Comer p\u0101rnesumk\u0101rbas LF-211J nomai\u0146a<\/div>\n<\/td>\n<\/tr>\n<tr id=\"attProductDetails\" class=\"kh-bwvum6\" style=\"height: 99px;\" data-test-id=\"attribute-row\">\n<th class=\"kh-10oizfy\" style=\"width: 23.4341%; height: 99px;\">Produkta inform\u0101cija<\/th>\n<td class=\"kh-1f5nhat\" style=\"width: 76.3499%; height: 99px;\">\n<ul>\n<li class=\"kh-16zd49f\">Visas p\u0101rnesumk\u0101rbas tiek pieg\u0101d\u0101tas bez e\u013c\u013cas.<\/li>\n<li class=\"kh-16zd49f\">Vispirms e\u013c\u013cas mai\u0146a p\u0113c 50\u201370 darba stund\u0101m, p\u0113c tam p\u0113c 500\u2013700 darba stund\u0101m vai vismaz reizi gad\u0101.<\/li>\n<li class=\"kh-16zd49f\">Sazinieties ar mums, lai uzzin\u0101tu par jaudu ar citu apgriezienu skaitu min\u016bt\u0113.<\/li>\n<\/ul>\n<\/td>\n<\/tr>\n<tr id=\"attApplicationRange\" class=\"kh-bwvum6\" style=\"height: 23px;\" data-test-id=\"attribute-row\">\n<th class=\"kh-10oizfy\" style=\"width: 23.4341%; height: 23px;\">Pielietojuma diapazons<\/th>\n<td class=\"kh-1f5nhat\" style=\"width: 76.3499%; height: 23px;\">\n<div class=\"kh-pkx4zo\">Z\u0101les p\u013c\u0101v\u0113ji<\/div>\n<\/td>\n<\/tr>\n<tr id=\"attConsistsOf\" class=\"kh-bwvum6\" style=\"height: 75px;\" data-test-id=\"attribute-row\">\n<th class=\"kh-10oizfy\" style=\"width: 23.4341%; height: 75px;\">Sast\u0101v no<\/th>\n<td class=\"kh-1f5nhat\" style=\"width: 76.3499%; height: 75px;\">\n<ul>\n<li class=\"kh-16zd49f\">\u0100trumk\u0101rba<\/li>\n<li class=\"kh-16zd49f\">Bez e\u013c\u013cas<\/li>\n<\/ul>\n<\/td>\n<\/tr>\n<tr id=\"taContainsOil\" class=\"kh-bwvum6\" style=\"height: 23px;\" data-test-id=\"attribute-row\">\n<th class=\"kh-10oizfy\" style=\"width: 23.4341%; height: 23px;\">Satur e\u013c\u013cu<\/th>\n<td class=\"kh-1f5nhat\" style=\"width: 76.3499%; height: 23px;\">\n<div class=\"kh-pkx4zo\">N\u0113<\/div>\n<\/td>\n<\/tr>\n<tr id=\"taMaxOilCapacityL\" class=\"kh-bwvum6\" style=\"height: 23px;\" data-test-id=\"attribute-row\">\n<th class=\"kh-10oizfy\" style=\"width: 23.4341%; height: 23px;\">Maks. e\u013c\u013cas ietilp\u012bba<\/th>\n<td class=\"kh-1f5nhat\" style=\"width: 76.3499%; height: 23px;\">\n<div class=\"kh-pkx4zo\">0,8 l<\/div>\n<\/td>\n<\/tr>\n<tr id=\"taMaxOilChangeIntervalH\" class=\"kh-bwvum6\" style=\"height: 23px;\" data-test-id=\"attribute-row\">\n<th class=\"kh-10oizfy\" style=\"width: 23.4341%; height: 23px;\">Maks. e\u013c\u013cas mai\u0146as interv\u0101ls<\/th>\n<td class=\"kh-1f5nhat\" style=\"width: 76.3499%; height: 23px;\">\n<div class=\"kh-pkx4zo\">500 stundas<\/div>\n<\/td>\n<\/tr>\n<tr id=\"taOilSAEViscosityGrade\" class=\"kh-bwvum6\" style=\"height: 23px;\" data-test-id=\"attribute-row\">\n<th class=\"kh-10oizfy\" style=\"width: 23.4341%; height: 23px;\">E\u013c\u013cas SAE viskozit\u0101tes klase<\/th>\n<td class=\"kh-1f5nhat\" style=\"width: 76.3499%; height: 23px;\">\n<div class=\"kh-pkx4zo\">80W-90<\/div>\n<\/td>\n<\/tr>\n<tr id=\"taHousingMaterial_16\" class=\"kh-bwvum6\" style=\"height: 23px;\" data-test-id=\"attribute-row\">\n<th class=\"kh-10oizfy\" style=\"width: 23.4341%; height: 23px;\">Korpusa materi\u0101ls<\/th>\n<td class=\"kh-1f5nhat\" style=\"width: 76.3499%; height: 23px;\">\n<div class=\"kh-pkx4zo\"><a href=\"https:\/\/fmp-components.com\/lv\/cast-iron\/\">\u010cuguns<\/a> GGG40<\/div>\n<\/td>\n<\/tr>\n<tr id=\"taWeightKg_75\" class=\"kh-bwvum6\" style=\"height: 23px;\" data-test-id=\"attribute-row\">\n<th class=\"kh-10oizfy\" style=\"width: 23.4341%; height: 23px;\">Svars<\/th>\n<td class=\"kh-1f5nhat\" style=\"width: 76.3499%; height: 23px;\">\n<div class=\"kh-pkx4zo\">14 kg<\/div>\n<\/td>\n<\/tr>\n<tr id=\"taGearArrangementInc\" class=\"kh-bwvum6\" style=\"height: 23px;\" data-test-id=\"attribute-row\">\n<th class=\"kh-10oizfy\" style=\"width: 23.4341%; height: 23px;\">P\u0101rnesumu izk\u0101rtojums palielin\u0101s<\/th>\n<td class=\"kh-1f5nhat\" style=\"width: 76.3499%; height: 23px;\">\n<div class=\"kh-pkx4zo\">3<\/div>\n<\/td>\n<\/tr>\n<tr id=\"taInputPowerKwHpInc\" class=\"kh-bwvum6\" style=\"height: 23px;\" data-test-id=\"attribute-row\">\n<th class=\"kh-10oizfy\" style=\"width: 23.4341%; height: 23px;\">Ieejas jauda kW \/ ZS Pieaugo\u0161a<\/th>\n<td class=\"kh-1f5nhat\" style=\"width: 76.3499%; height: 23px;\">\n<div class=\"kh-pkx4zo\">14,7\u00a0\/\u00a020\u00a0kW\/ZS<\/div>\n<\/td>\n<\/tr>\n<tr id=\"taInputShaftIncreasi\" class=\"kh-bwvum6\" style=\"height: 23px;\" data-test-id=\"attribute-row\">\n<th class=\"kh-10oizfy\" style=\"width: 23.4341%; height: 23px;\">Ieejas v\u0101rpsta palielin\u0101s<\/th>\n<td class=\"kh-1f5nhat\" style=\"width: 76.3499%; height: 23px;\">\n<div class=\"kh-pkx4zo\">X<\/div>\n<\/td>\n<\/tr>\n<tr id=\"taNSOutputTorqueDaNm_1\" class=\"kh-bwvum6\" style=\"height: 23px;\" data-test-id=\"attribute-row\">\n<th class=\"kh-10oizfy\" style=\"width: 23.4341%; height: 23px;\">Izejas griezes moments DaNm pieaug<\/th>\n<td class=\"kh-1f5nhat\" style=\"width: 76.3499%; height: 23px;\">\n<div class=\"kh-pkx4zo\">8,9 daNm<\/div>\n<\/td>\n<\/tr>\n<tr id=\"taRatioIncreasing\" class=\"kh-bwvum6\" style=\"height: 23px;\" data-test-id=\"attribute-row\">\n<th class=\"kh-10oizfy\" style=\"width: 23.4341%; height: 23px;\">Attiec\u012bbas palielin\u0101\u0161ana<\/th>\n<td class=\"kh-1f5nhat\" style=\"width: 76.3499%; height: 23px;\">\n<div class=\"kh-pkx4zo\">1: 2.83<\/div>\n<\/td>\n<\/tr>\n<tr id=\"taRatioReducing\" class=\"kh-bwvum6\" style=\"height: 23px;\" data-test-id=\"attribute-row\">\n<th class=\"kh-10oizfy\" style=\"width: 23.4341%; height: 23px;\">Attiec\u012bbas samazin\u0101\u0161ana<\/th>\n<td class=\"kh-1f5nhat\" style=\"width: 76.3499%; height: 23px;\">\n<div class=\"kh-pkx4zo\">2.83 : 1<\/div>\n<\/td>\n<\/tr>\n<tr id=\"taShaftX\" class=\"kh-bwvum6\" style=\"height: 23px;\" data-test-id=\"attribute-row\">\n<th class=\"kh-10oizfy\" style=\"width: 23.4341%; height: 23px;\">V\u0101rpsta X<\/th>\n<td class=\"kh-1f5nhat\" style=\"width: 76.3499%; height: 23px;\">\n<div class=\"kh-pkx4zo\">1 3\/8&#8243; (6)<\/div>\n<\/td>\n<\/tr>\n<tr id=\"taShaftZ\" class=\"kh-bwvum6\" style=\"height: 23px;\" data-test-id=\"attribute-row\">\n<th class=\"kh-10oizfy\" style=\"width: 23.4341%; height: 23px;\">V\u0101rpsta Z<\/th>\n<td class=\"kh-1f5nhat\" style=\"width: 76.3499%; height: 23px;\">\n<div class=\"kh-pkx4zo\">33 stundas 7 dienas<\/div>\n<\/td>\n<\/tr>\n<\/tbody>\n<\/table>\n<h2>LF-211J rot\u0113jo\u0161\u0101s z\u0101les p\u013c\u0101v\u0113ja p\u0101rnesumk\u0101rbas \u012bpa\u0161\u012bbas<\/h2>\n<p>LF-211J ir augstas veiktsp\u0113jas rot\u0113jo\u0161\u0101s z\u0101les p\u013c\u0101v\u0113ja p\u0101rnesumk\u0101rba, kas paredz\u0113ta lauksaimniec\u012bbas un r\u016bpniec\u012bbas vajadz\u012bb\u0101m, nodro\u0161inot uzticamu un efekt\u012bvu jaudas p\u0101rvadi rot\u0113jo\u0161aj\u0101m z\u0101les p\u013c\u0101v\u0113j\u0101m. Galven\u0101s funkcijas ietver:<\/p>\n<ul>\n<li><strong>P\u0101rnesumu attiec\u012bba<\/strong>P\u0101rnesumk\u0101rbas p\u0101rnesumskaitlis ir 1:2,83, kas noz\u012bm\u0113, ka izejas \u0101trums ir aptuveni 2,83 reizes liel\u0101ks par ieejas \u0101trumu.<\/li>\n<li><strong>Jaudas jauda<\/strong>Tas var apstr\u0101d\u0101t maksim\u0101lo ieejas jaudu 14,7 kW (20 ZS) un nodro\u0161ina maksim\u0101lo izejas griezes momentu 8,9 daNm.<\/li>\n<li><strong>B\u016bvniec\u012bba<\/strong>Korpuss ir izgatavots no \u010duguna GGG40, kas paz\u012bstams ar savu iztur\u012bbu un stipr\u012bbu, nodro\u0161inot ilgm\u016b\u017e\u012bbu un nodilumiztur\u012bbu.<\/li>\n<li><strong>E\u013c\u013cas ietilp\u012bba un apkope<\/strong>P\u0101rnesumk\u0101rbas maksim\u0101l\u0101 e\u013c\u013cas ietilp\u012bba ir 0,8 litri, un taj\u0101 tiek izmantota SAE 80W-90 transmisijas e\u013c\u013ca. Pirmo e\u013c\u013cas mai\u0146u ieteicams veikt p\u0113c 50\u201370 darba stund\u0101m, p\u0113c tam ik p\u0113c 500\u2013700 stund\u0101m vai vismaz reizi gad\u0101.<\/li>\n<li><strong>Svars<\/strong>Iek\u0101rta sver aptuveni 14 kg, t\u0101p\u0113c to ir sam\u0113r\u0101 viegli p\u0101rvietot un uzst\u0101d\u012bt.<\/li>\n<li><strong>V\u0101rpstas specifik\u0101cijas<\/strong>Ieejas v\u0101rpsta ir paredz\u0113ta 1 3\/8 collu (6 rievu) savienojumam, savuk\u0101rt izejas v\u0101rpstas diametrs ir 33 mm, nodro\u0161inot sader\u012bbu ar standarta rot\u0101cijas z\u0101les p\u013c\u0101v\u0113ju komponentiem.<\/li>\n<\/ul>\n<p>\u0160\u012bs \u012bpa\u0161\u012bbas padara LF-211J p\u0101rnesumk\u0101rbu par uzticamu izv\u0113li rot\u0113jo\u0161o p\u013caujma\u0161\u012bnu veiktsp\u0113jas un efektivit\u0101tes uzlabo\u0161anai da\u017e\u0101dos lauksaimniec\u012bbas apst\u0101k\u013cos.<\/p>\n<p><img loading=\"lazy\" decoding=\"async\" class=\"alignnone size-full wp-image-1855\" src=\"https:\/\/fmp-components.com\/wp-content\/uploads\/2024\/12\/PTO-Shaft-for-Rotary-Mower-Gearbox-35.webp\" alt=\"J\u016bgv\u0101rpsta rot\u0101cijas z\u0101les p\u013c\u0101v\u0113ja p\u0101rnesumk\u0101rbai\" width=\"2200\" height=\"1100\" title=\"\" srcset=\"https:\/\/fmp-components.com\/wp-content\/uploads\/2024\/12\/PTO-Shaft-for-Rotary-Mower-Gearbox-35.webp 2200w, https:\/\/fmp-components.com\/wp-content\/uploads\/2024\/12\/PTO-Shaft-for-Rotary-Mower-Gearbox-35-1280x640.webp 1280w, https:\/\/fmp-components.com\/wp-content\/uploads\/2024\/12\/PTO-Shaft-for-Rotary-Mower-Gearbox-35-980x490.webp 980w, https:\/\/fmp-components.com\/wp-content\/uploads\/2024\/12\/PTO-Shaft-for-Rotary-Mower-Gearbox-35-480x240.webp 480w\" sizes=\"(min-width: 0px) and (max-width: 480px) 480px, (min-width: 481px) and (max-width: 980px) 980px, (min-width: 981px) and (max-width: 1280px) 1280px, (min-width: 1281px) 2200px, 100vw\" \/><\/p>\n<h3>K\u0101 no\u0146emt rot\u0113jo\u0161\u0101 p\u013c\u0101v\u0113ja p\u0101rnesumk\u0101rbu<\/h3>\n<p>Rot\u0113jo\u0161\u0101s z\u0101les p\u013c\u0101v\u0113ja p\u0101rnesumk\u0101rbas no\u0146em\u0161ana ir vienk\u0101r\u0161s process, ja to veic uzman\u012bgi un sistem\u0101tiski. Lai nodro\u0161in\u0101tu dro\u0161\u012bbu un efektivit\u0101ti, veiciet t\u0101l\u0101k nor\u0101d\u012bt\u0101s darb\u012bbas.<\/p>\n<h4>1. Atvienojiet baro\u0161anas avotu<\/h4>\n<p>Pirms iedarbin\u0101\u0161anas atvienojiet z\u0101les p\u013c\u0101v\u0113ju no baro\u0161anas avota, lai izvair\u012btos no nejau\u0161as darb\u012bbas. Tas var ietvert dzin\u0113ja izsl\u0113g\u0161anu, str\u0101vas vada atvieno\u0161anu vai akumulatora atvieno\u0161anu.<\/p>\n<h4>2. No\u0146emiet grie\u0161anas asme\u0146us<\/h4>\n<p>Atvienojiet grie\u0161anas asme\u0146us no p\u013caujma\u0161\u012bnas korpusa, lai piek\u013c\u016btu p\u0101rnesumk\u0101rbai. P\u0101rliecinieties, vai p\u013caujma\u0161\u012bna ir stabila, un izmantojiet atbilsto\u0161us instrumentus, lai dro\u0161i no\u0146emtu asme\u0146us.<\/p>\n<h4>3. Atskr\u016bv\u0113jiet p\u0101rnesumk\u0101rbas stiprin\u0101juma skr\u016bves<\/h4>\n<p>Atrodiet stiprin\u0101juma skr\u016bves, kas nostiprina p\u0101rnesumk\u0101rbu pie p\u013caujma\u0161\u012bnas korpusa. Izmantojot uzgrie\u017e\u0146u atsl\u0113gu vai uzgrie\u017e\u0146u atsl\u0113gu, atskr\u016bv\u0113jiet un no\u0146emiet \u0161\u012bs skr\u016bves.<\/p>\n<h4>4. Atvienojiet ieejas un izejas v\u0101rpstas<\/h4>\n<p>Atvienojiet ieejas un izejas v\u0101rpstas, kas savienotas ar p\u0101rnesumk\u0101rbu. Jums, iesp\u0113jams, b\u016bs j\u0101no\u0146em savienojumi, tapas vai citi stiprin\u0101jumi. Piev\u0113rsiet uzman\u012bbu tam, k\u0101 v\u0101rpstas ir savienotas, lai atvieglotu mont\u0101\u017eu.<\/p>\n<h4>5. No\u0146emiet p\u0101rnesumk\u0101rbu no kl\u0101ja<\/h4>\n<p>Uzman\u012bgi paceliet p\u0101rnesumk\u0101rbu no p\u013caujma\u0161\u012bnas korpusa. Atkar\u012bb\u0101 no p\u0101rnesumk\u0101rbas izm\u0113ra un svara, lai nodro\u0161in\u0101tu dro\u0161u p\u0101rvieto\u0161anos, var b\u016bt nepiecie\u0161ama citas personas pal\u012bdz\u012bba.<\/p>\n<h4>6. P\u0101rbaudiet p\u0101rnesumk\u0101rbu<\/h4>\n<p>P\u0101rbaudiet p\u0101rnesumk\u0101rbu, vai nav nodiluma vai boj\u0101jumu paz\u012bmju, piem\u0113ram, nolietotu zobratu, boj\u0101tu bl\u012bv\u0113jumu vai gult\u0146u. \u0160is solis ir \u013coti svar\u012bgs, lai noteiktu, vai p\u0101rnesumk\u0101rbu var salabot vai t\u0101 ir j\u0101nomaina.<\/p>\n<h4>7. Remont\u0113jiet vai nomainiet p\u0101rnesumk\u0101rbu<\/h4>\n<p>Ja p\u0101rnesumk\u0101rbai ir redzami boj\u0101jumi, iev\u0113rojiet ra\u017eot\u0101ja nor\u0101d\u012bjumus par remontu vai nomai\u0146u. Pirms atk\u0101rtotas uzst\u0101d\u012b\u0161anas p\u0101rliecinieties, vai visas deta\u013cas ir lab\u0101 darba k\u0101rt\u012bb\u0101.<\/p>\n<h4>8. Uzst\u0101diet p\u0101rnesumk\u0101rbu atpaka\u013c<\/h4>\n<p>Lai uzst\u0101d\u012btu atk\u0101rtoti, veiciet no\u0146em\u0161anas darb\u012bbas apgriezt\u0101 sec\u012bb\u0101:<\/p>\n<ul>\n<li>Novietojiet p\u0101rnesumk\u0101rbu uz p\u013caujma\u0161\u012bnas kl\u0101ja.<\/li>\n<li>Nostipriniet stiprin\u0101juma skr\u016bves, pievelkot t\u0101s l\u012bdz ra\u017eot\u0101ja ieteiktajam griezes momentam.<\/li>\n<li>Pievienojiet atpaka\u013c ieejas un izejas v\u0101rpstas, p\u0101rliecinoties, ka visi savienojumi un stiprin\u0101jumi ir pareizi izl\u012bdzin\u0101ti.<\/li>\n<li>Dro\u0161i uzst\u0101diet grie\u0161anas asme\u0146us atpaka\u013c.<\/li>\n<\/ul>\n<h4>9. P\u0101rbaudiet z\u0101les p\u013c\u0101v\u0113ju<\/h4>\n<p>P\u0113c atk\u0101rtotas uzst\u0101d\u012b\u0161anas p\u0101rbaudiet z\u0101les p\u013c\u0101v\u0113ju, lai p\u0101rliecin\u0101tos, ka p\u0101rnesumk\u0101rba darbojas nevainojami un nav neparastu trok\u0161\u0146u vai vibr\u0101ciju.<\/p>\n<h3>Dro\u0161\u012bbas padomi<\/h3>\n<ul>\n<li>Procesa laik\u0101 vienm\u0113r valk\u0101jiet aizsargcimdus un aizsargbrilles.<\/li>\n<li>Izmantojiet stabilus balstus, lai nov\u0113rstu z\u0101les p\u013c\u0101v\u0113ja apg\u0101\u0161anos.<\/li>\n<li>Lai nodro\u0161in\u0101tu sader\u012bbu un dro\u0161\u012bbu, iev\u0113rojiet z\u0101les p\u013c\u0101v\u0113ja lietot\u0101ja rokasgr\u0101mat\u0101 sniegtos \u012bpa\u0161os nor\u0101d\u012bjumus.<\/li>\n<\/ul>\n<p>R\u016bp\u012bgi iev\u0113rojot \u0161\u012bs darb\u012bbas un dro\u0161\u012bbas pas\u0101kumus, j\u016bs varat veiksm\u012bgi no\u0146emt, p\u0101rbaud\u012bt un nomain\u012bt vai salabot rot\u0113jo\u0161\u0101 p\u013caujma\u0161\u012bnas p\u0101rnesumk\u0101rbu p\u0113c nepiecie\u0161am\u012bbas.<\/p>\n<p><img loading=\"lazy\" decoding=\"async\" class=\"alignnone size-full wp-image-1857\" src=\"https:\/\/fmp-components.com\/wp-content\/uploads\/2024\/12\/Rotary-Mower-Gearbox1.webp\" alt=\"Rot\u0101cijas z\u0101les p\u013c\u0101v\u0113ja \u0101trumk\u0101rba\" width=\"1275\" height=\"428\" title=\"\" srcset=\"https:\/\/fmp-components.com\/wp-content\/uploads\/2024\/12\/Rotary-Mower-Gearbox1.webp 1275w, https:\/\/fmp-components.com\/wp-content\/uploads\/2024\/12\/Rotary-Mower-Gearbox1-980x329.webp 980w, https:\/\/fmp-components.com\/wp-content\/uploads\/2024\/12\/Rotary-Mower-Gearbox1-480x161.webp 480w\" sizes=\"(min-width: 0px) and (max-width: 480px) 480px, (min-width: 481px) and (max-width: 980px) 980px, (min-width: 981px) 1275px, 100vw\" \/><\/p>\n<h3>Par FMP<\/h3>\n<p>FMP ir iev\u0113rojams uz\u0146\u0113mums, kas atrodas It\u0101lij\u0101 un specializ\u0113jas da\u017e\u0101du p\u0101rnesumk\u0101rbu, reduktoru un in\u017eeniertehnisko iek\u0101rtu izp\u0113t\u0113, izstr\u0101d\u0113 un ra\u017eo\u0161an\u0101. Uz\u0146\u0113mums ir ap\u0146\u0113mies ar\u012b att\u012bst\u012bt tehniskos talantus, lai veicin\u0101tu inov\u0101cijas un izcil\u012bbu sav\u0101 jom\u0101. FMP produktu portfel\u012b ietilpst spir\u0101lveida konusveida p\u0101rnesumk\u0101rbas, cilindrisk\u0101s p\u0101rnesumk\u0101rbas, <a href=\"https:\/\/fmp-components.com\/lv\/worm-gearbox\/\">t\u0101rpu p\u0101rnesumk\u0101rbas<\/a>, cilindriskas p\u0101rnesumk\u0101rbas, k\u0101 ar\u012b augstspiediena lie\u0161anas v\u0101rstu korpusi un korpusi.<\/p>\n<h4>Pla\u0161as lietojumprogrammas<\/h4>\n<p>FMP produkti tiek pla\u0161i izmantoti da\u017e\u0101d\u0101s lietojumprogramm\u0101s, tostarp:<\/p>\n<ul>\n<li>Lauksaimniec\u012bbas tehnika, piem\u0113ram, rot\u0113jo\u0161\u0101s z\u0101les p\u013c\u0101v\u0113ji, sniega slauc\u012bt\u0101ji, m\u0113slojuma izklied\u0113t\u0101ji un graudu konveijeri.<\/li>\n<li>R\u016bpniecisk\u0101s iek\u0101rtas, naftas ieguves iek\u0101rtas, j\u016bras r\u016bpniecisk\u0101s ier\u012bces un hidraulisk\u0101s sast\u0101vda\u013cas in\u017eeniertehniskiem projektiem.<\/li>\n<\/ul>\n<h4>Progres\u012bva ra\u017eo\u0161ana un tehnolo\u0123ijas<\/h4>\n<p>FMP lepojas ar sav\u0101m sp\u0113c\u012bgaj\u0101m tehniskaj\u0101m un p\u0113tniec\u012bbas un att\u012bst\u012bbas iesp\u0113j\u0101m, nodro\u0161inot uzticamus un augstas kvalit\u0101tes produktus, kas atbilst m\u016bsdienu r\u016bpniec\u012bbas pras\u012bb\u0101m. Uz\u0146\u0113mums izmanto r\u016bp\u012bgu un sare\u017e\u0123\u012btu ra\u017eo\u0161anas procesu, tostarp:<\/p>\n<ol>\n<li><strong>Produkta dizains<\/strong>Piel\u0101gotu specifik\u0101ciju, materi\u0101lu un izm\u0113ru izstr\u0101de atbilsto\u0161i klienta vajadz\u012bb\u0101m.<\/li>\n<li><strong>Materi\u0101lu sagatavo\u0161ana<\/strong>Izmantojot augst\u0101k\u0101s kvalit\u0101tes materi\u0101lus, piem\u0113ram, \u010dugunu vai alum\u012bnija sakaus\u0113jumus.<\/li>\n<li><strong>Prec\u012bza apstr\u0101de<\/strong>Izmantojot progres\u012bvas virpo\u0161anas, fr\u0113z\u0113\u0161anas un citas apstr\u0101des metodes, lai ra\u017eotu galvenos komponentus, piem\u0113ram, zobratus un korpusus.<\/li>\n<li><strong>Asambleja<\/strong>Zobratu, gult\u0146u un v\u0101rpstu mont\u0101\u017ea korpus\u0101, veicot prec\u012bzu izl\u012bdzin\u0101\u0161anu, kalibr\u0113\u0161anu un atbilsto\u0161u e\u013c\u013co\u0161anu.<\/li>\n<li><strong>Procesa apstr\u0101de<\/strong>Termisk\u0101s apstr\u0101des veik\u0161ana, lai uzlabotu iztur\u012bbu un nodilumiztur\u012bbu.<\/li>\n<li><strong>Virsmas apstr\u0101de<\/strong>Pul\u0113\u0161ana, pulverkr\u0101so\u0161ana un cita veida virsmas apstr\u0101de, lai uzlabotu izskatu un iztur\u012bbu pret koroziju.<\/li>\n<li><strong>Kvalit\u0101tes kontrole<\/strong>Stingru izm\u0113ru, precizit\u0101tes, trok\u0161\u0146a un vibr\u0101cijas p\u0101rbau\u017eu un testu ievie\u0161ana, lai nodro\u0161in\u0101tu stabilit\u0101ti, dro\u0161\u012bbu un nemain\u012bgu kvalit\u0101ti.<\/li>\n<\/ol>\n<h4>Nozares reput\u0101cija<\/h4>\n<p>FMP ap\u0146em\u0161an\u0101s nodro\u0161in\u0101t kvalit\u0101ti, inov\u0101cijas un klientu apmierin\u0101t\u012bbu ir nodro\u0161in\u0101jusi tam izcilu reput\u0101ciju ra\u017eo\u0161anas nozar\u0113. Uz\u0146\u0113mums iev\u0113ro unik\u0101lu biznesa filozofiju, kas uzsver uzticam\u012bbu, meistar\u012bbu un izcil\u012bbu.<\/p>\n<p>M\u0113s labpr\u0101t uzklaus\u012bsim klientu un partneru piepras\u012bjumus un sadarbo\u0161an\u0101s iesp\u0113jas vis\u0101 pasaul\u0113. Lai ieg\u016btu pla\u0161\u0101ku inform\u0101ciju par m\u016bsu produktiem un pakalpojumiem, l\u016bdzu, sazinieties ar mums pa t\u0101lruni vai e-pastu.<\/p>\n<p><img loading=\"lazy\" decoding=\"async\" class=\"alignnone size-full wp-image-1861\" src=\"https:\/\/fmp-components.com\/wp-content\/uploads\/2024\/12\/Other-Agricultural-Gearboxes.webp\" alt=\"Citas lauksaimniec\u012bbas tehnikas p\u0101rnesumk\u0101rbas\" width=\"1200\" height=\"1400\" title=\"\" srcset=\"https:\/\/fmp-components.com\/wp-content\/uploads\/2024\/12\/Other-Agricultural-Gearboxes.webp 1200w, https:\/\/fmp-components.com\/wp-content\/uploads\/2024\/12\/Other-Agricultural-Gearboxes-980x1143.webp 980w, https:\/\/fmp-components.com\/wp-content\/uploads\/2024\/12\/Other-Agricultural-Gearboxes-480x560.webp 480w\" sizes=\"(min-width: 0px) and (max-width: 480px) 480px, (min-width: 481px) and (max-width: 980px) 980px, (min-width: 981px) 1200px, 100vw\" \/><\/p>\n<p>Autors: CX<\/p>","protected":false},"excerpt":{"rendered":"<p>Product Specification Product Description Rotary Mower Gearboxes &#8211; Replacement of Comer Gearbox LF-211J Product details All gearboxes are supplied without oil. First, the oil change after 50-70 operating hours, then after 500-700 operating hours or at least once a year. Contact us for power at a different RPM. Application range Mowers Consists of Gearbox Without [&hellip;]<\/p>","protected":false},"featured_media":1858,"comment_status":"open","ping_status":"closed","template":"","meta":{"_et_pb_use_builder":"","_et_pb_old_content":"","_et_gb_content_width":""},"product_brand":[],"product_cat":[51],"product_tag":[],"class_list":{"0":"post-1853","1":"product","2":"type-product","3":"status-publish","4":"has-post-thumbnail","6":"product_cat-rotary-mower-gearbox","8":"first","9":"instock","10":"shipping-taxable","11":"product-type-simple"},"_links":{"self":[{"href":"https:\/\/fmp-components.com\/lv\/wp-json\/wp\/v2\/product\/1853","targetHints":{"allow":["GET"]}}],"collection":[{"href":"https:\/\/fmp-components.com\/lv\/wp-json\/wp\/v2\/product"}],"about":[{"href":"https:\/\/fmp-components.com\/lv\/wp-json\/wp\/v2\/types\/product"}],"replies":[{"embeddable":true,"href":"https:\/\/fmp-components.com\/lv\/wp-json\/wp\/v2\/comments?post=1853"}],"wp:featuredmedia":[{"embeddable":true,"href":"https:\/\/fmp-components.com\/lv\/wp-json\/wp\/v2\/media\/1858"}],"wp:attachment":[{"href":"https:\/\/fmp-components.com\/lv\/wp-json\/wp\/v2\/media?parent=1853"}],"wp:term":[{"taxonomy":"product_brand","embeddable":true,"href":"https:\/\/fmp-components.com\/lv\/wp-json\/wp\/v2\/product_brand?post=1853"},{"taxonomy":"product_cat","embeddable":true,"href":"https:\/\/fmp-components.com\/lv\/wp-json\/wp\/v2\/product_cat?post=1853"},{"taxonomy":"product_tag","embeddable":true,"href":"https:\/\/fmp-components.com\/lv\/wp-json\/wp\/v2\/product_tag?post=1853"}],"curies":[{"name":"wp","href":"https:\/\/api.w.org\/{rel}","templated":true}]}}