{"id":1843,"date":"2024-12-24T06:35:24","date_gmt":"2024-12-24T06:35:24","guid":{"rendered":"https:\/\/fmp-components.com\/?page_id=8"},"modified":"2024-12-24T06:51:56","modified_gmt":"2024-12-24T06:51:56","slug":"post-hole-digger-gearbox-replacement-of-comer-code-t-290f","status":"publish","type":"product","link":"https:\/\/fmp-components.com\/lv\/product\/post-hole-digger-gearbox-replacement-of-comer-code-t-290f\/","title":{"rendered":"Pasta bedru ekskavatora p\u0101rnesumk\u0101rba \u2013 st\u016bra koda T-290F nomai\u0146a"},"content":{"rendered":"<p>M\u016bsu urb\u0161anas reduktors Post Hole Digger, kas \u012bpa\u0161i izstr\u0101d\u0101ts k\u0101 Comer Code T-290F nomai\u0146a. \u0160is reduktors nodro\u0161ina izcilu veiktsp\u0113ju un iztur\u012bbu da\u017e\u0101diem urb\u0161anas darbiem.<\/p>\n<h3>Galven\u0101s iez\u012bmes:<\/h3>\n<ul>\n<li><strong>Augsts griezes moments<\/strong>\u0160\u012b p\u0101rnesumk\u0101rba, kas izstr\u0101d\u0101ta, lai nodro\u0161in\u0101tu izcilu griezes momentu, efekt\u012bvi p\u0101rnes jaudu no traktora uz glieme\u017etransportieri, padarot to ide\u0101li piem\u0113rotu sare\u017e\u0123\u012btiem augsnes apst\u0101k\u013ciem.<\/li>\n<li><strong>Iztur\u012bga konstrukcija<\/strong>M\u016bsu p\u0101rnesumk\u0101rba, kas izgatavota no augstas kvalit\u0101tes materi\u0101liem, pied\u0101v\u0101 izcilu iztur\u012bbu un nodilumiztur\u012bbu, nodro\u0161inot ilgu kalpo\u0161anas laiku.<\/li>\n<li><strong>Prec\u012bza apstr\u0101de<\/strong>Katra ier\u012bce ir prec\u012bzi izgatavota, lai garant\u0113tu vienm\u0113r\u012bgu darb\u012bbu un optim\u0101lu veiktsp\u0113ju, samazinot ener\u0123ijas zudumus lieto\u0161anas laik\u0101.<\/li>\n<li><strong>Kompakts dizains<\/strong>Kompaktie izm\u0113ri nodro\u0161ina vienk\u0101r\u0161u uzst\u0101d\u012b\u0161anu un sader\u012bbu ar da\u017e\u0101d\u0101m stabu rak\u0161anas sist\u0113m\u0101m, nepalielinot konstrukcijas apjomu.<\/li>\n<li><strong>Daudzpus\u012bga sader\u012bba<\/strong>Izstr\u0101d\u0101ts, lai der\u0113tu da\u017e\u0101diem traktoriem un rak\u0161anas darbar\u012bkiem, padarot to piem\u0113rotu da\u017e\u0101diem lauksaimniec\u012bbas un b\u016bvniec\u012bbas darbiem.<\/li>\n<li><strong>Efekt\u012bva bl\u012bv\u0113\u0161anas sist\u0113ma<\/strong>Integr\u0113tie bl\u012bv\u0113jumi nov\u0113r\u0161 pies\u0101r\u0146ot\u0101ju iek\u013c\u016b\u0161anu p\u0101rnesumk\u0101rb\u0101, pal\u012bdzot uztur\u0113t e\u013c\u013co\u0161anu un pagarin\u0101t iek\u0161\u0113jo komponentu kalpo\u0161anas laiku.<\/li>\n<li><strong>Zemas apkopes pras\u012bbas<\/strong>\u0160\u012b p\u0101rnesumk\u0101rba, kas izstr\u0101d\u0101ta iztur\u012bbai, prasa minim\u0101lu apkopi, \u013caujot lietot\u0101jiem koncentr\u0113ties uz saviem uzdevumiem bez bie\u017eas d\u012bkst\u0101ves.<\/li>\n<\/ul>\n<p>M\u016bsu urb\u0161anas reduktors Post Hole Digger, kas aizst\u0101j Comer Code T-290F, ir izstr\u0101d\u0101ts, lai nodro\u0161in\u0101tu augstu veiktsp\u0113ju un uzticam\u012bbu. Ar savu iztur\u012bgo konstrukciju un prec\u012bzo in\u017eenieriju tas ir ide\u0101ls risin\u0101jums vis\u0101m j\u016bsu urb\u0161anas vajadz\u012bb\u0101m. Lai ieg\u016btu vair\u0101k inform\u0101cijas vai veiktu pas\u016bt\u012bjumu, l\u016bdzu, sazinieties ar mums jau \u0161odien!<\/p>\n<h2>Produkta specifik\u0101cijas:<\/h2>\n<table style=\"width: 100%;\" border=\"1\" width=\"100%\" cellspacing=\"0\" cellpadding=\"0\">\n<tbody>\n<tr>\n<th>Apraksts<\/th>\n<td>Pasta bedru ekskavatora p\u0101rnesumk\u0101rba \u2013 st\u016bra koda T-290F nomai\u0146a<\/td>\n<\/tr>\n<tr>\n<th>Pieteikums<\/th>\n<td>Da\u017e\u0101di (lauksaimniec\u012bbas) pielietojumi<\/td>\n<\/tr>\n<tr>\n<th>Sast\u0101v no<\/th>\n<td>\u0100trumk\u0101rba<\/td>\n<\/tr>\n<tr>\n<th>Bez e\u013c\u013cas<\/th>\n<td>Tehnisk\u0101 inform\u0101cija<\/td>\n<\/tr>\n<tr>\n<th>Maks. ieejas jauda<\/th>\n<td>66,2 kW<\/td>\n<\/tr>\n<tr>\n<th>Maks. izejas griezes moments<\/th>\n<td>1135 nm<\/td>\n<\/tr>\n<tr>\n<th>Satur e\u013c\u013cu<\/th>\n<td>N\u0113<\/td>\n<\/tr>\n<tr>\n<th>Maksim\u0101l\u0101 e\u013c\u013cas ietilp\u012bba<\/th>\n<td>2,3 l<\/td>\n<\/tr>\n<tr>\n<th>Maks. e\u013c\u013cas mai\u0146as interv\u0101ls<\/th>\n<td>500 stundas<\/td>\n<\/tr>\n<tr>\n<th>E\u013c\u013cas SAE viskozit\u0101tes klase<\/th>\n<td>80W-90<\/td>\n<\/tr>\n<tr>\n<th>Korpusa materi\u0101ls<\/th>\n<td>\u010cuguns GG25<\/td>\n<\/tr>\n<tr>\n<th>Svars<\/th>\n<td>30 kg<\/td>\n<\/tr>\n<tr>\n<th>P\u0101rnesumu izvietojums<\/th>\n<td>5 &#8211; 6<\/td>\n<\/tr>\n<tr>\n<th>Attiec\u012bba<\/th>\n<td>1: 1<\/td>\n<\/tr>\n<tr>\n<th>Ievades v\u0101rpsta<\/th>\n<td>Z<\/td>\n<\/tr>\n<tr>\n<th>V\u0101rpsta X<\/th>\n<td>1 3\/8 collas (6) (A)<\/td>\n<\/tr>\n<tr>\n<th>Y v\u0101rpsta<\/th>\n<td>1 3\/8 collas (6) (A)<\/td>\n<\/tr>\n<tr>\n<th>V\u0101rpsta Z<\/th>\n<td>1 3\/8 collas (6) (B)<\/td>\n<\/tr>\n<\/tbody>\n<\/table>\n<h2>Par FMP<\/h2>\n<p>FMP, kura galven\u0101 m\u012btne atrodas It\u0101lij\u0101, ir l\u012bderis pla\u0161a kl\u0101sta p\u0101rnesumk\u0101rbu, reduktoru un in\u017eeniertehnisko iek\u0101rtu izp\u0113t\u0113, izstr\u0101d\u0113 un ra\u017eo\u0161an\u0101. Ap\u0146emoties nodro\u0161in\u0101t inov\u0101cijas un izcil\u012bbu, m\u0113s pied\u0101v\u0101jam pla\u0161u produktu kl\u0101stu, kas ietver:<\/p>\n<ul>\n<li><strong>Spir\u0101lveida konusveida p\u0101rnesumk\u0101rbas<\/strong><\/li>\n<li><strong>Taisnas p\u0101rnesumk\u0101rbas<\/strong><\/li>\n<li><strong>T\u0101rpu p\u0101rnesumk\u0101rbas<\/strong><\/li>\n<li><strong>Cilindriskas p\u0101rnesumk\u0101rbas<\/strong><\/li>\n<li><strong>Augstspiediena lietie v\u0101rstu korpusi un korpusi<\/strong><\/li>\n<\/ul>\n<p>M\u016bsu produkti ir izstr\u0101d\u0101ti da\u017e\u0101diem pielietojumiem, apkalpojot t\u0101das nozares k\u0101 lauksaimniec\u012bba, b\u016bvniec\u012bba un j\u016bras transports. Tos parasti izmanto lauksaimniec\u012bbas p\u013caujma\u0161\u012bn\u0101s, sniega arkl\u0101s, m\u0113slojuma izklied\u0113t\u0101jos, graudu konveijeros, r\u016bpnieciskaj\u0101s ma\u0161\u012bn\u0101s, e\u013c\u013cas ieguves iek\u0101rt\u0101s un hidrauliskaj\u0101s sist\u0113m\u0101s.<\/p>\n<p>Uz\u0146\u0113mum\u0101 FMP m\u0113s lepojamies ar sav\u0101m sp\u0113c\u012bgaj\u0101m tehniskaj\u0101m un p\u0113tniec\u012bbas iesp\u0113j\u0101m. M\u016bsu nelok\u0101m\u0101 ap\u0146em\u0161an\u0101s ra\u017eot uzticamus, augstas kvalit\u0101tes produktus ir pozicion\u0113jusi m\u016bs k\u0101 cien\u012bjamu v\u0101rdu ra\u017eo\u0161anas nozar\u0113. M\u0113s iev\u0113rojam unik\u0101lu biznesa filozofiju, kas priorit\u0101ti pie\u0161\u0137ir inov\u0101cij\u0101m, kvalit\u0101tei un klientu apmierin\u0101t\u012bbai, \u013caujot mums piel\u0101goties klientu main\u012bgaj\u0101m vajadz\u012bb\u0101m.<\/p>\n<p><img loading=\"lazy\" decoding=\"async\" class=\"alignnone wp-image-1840\" src=\"https:\/\/fmp-components.com\/wp-content\/uploads\/2024\/12\/Post-Hole-Digger-Gearbox-6.webp\" alt=\"P\u0113cbedru rac\u0113ja p\u0101rnesumk\u0101rba\" width=\"884\" height=\"582\" title=\"\" srcset=\"https:\/\/fmp-components.com\/wp-content\/uploads\/2024\/12\/Post-Hole-Digger-Gearbox-6.webp 884w, https:\/\/fmp-components.com\/wp-content\/uploads\/2024\/12\/Post-Hole-Digger-Gearbox-6-480x316.webp 480w\" sizes=\"(min-width: 0px) and (max-width: 480px) 480px, (min-width: 481px) 884px, 100vw\" \/><\/p>\n<h3>Lauksaimniec\u012bbas p\u0101rnesumk\u0101rbu ra\u017eo\u0161anas process<\/h3>\n<p>Lauksaimniec\u012bbas p\u0101rnesumk\u0101rbu ra\u017eo\u0161ana ir r\u016bp\u012bgs process, kas ietver vair\u0101kus kritiskus so\u013cus, katrs no kuriem ir paredz\u0113ts, lai nodro\u0161in\u0101tu visaugst\u0101ko kvalit\u0101ti un veiktsp\u0113ju:<\/p>\n<p><strong>Produkta dizains<\/strong><br \/>\nS\u0101kotn\u0113jais posms ir v\u0113rsts uz specifik\u0101ciju defin\u0113\u0161anu, materi\u0101lu izv\u0113li un izm\u0113ru noteik\u0161anu, kas piel\u0101goti konkr\u0113t\u0101m pielietojuma pras\u012bb\u0101m. M\u016bsu dizaina komanda cie\u0161i sadarbojas ar klientiem, lai izprastu vi\u0146u vajadz\u012bbas un iek\u013cautu jaun\u0101kos tehnolo\u0123iskos sasniegumus.<\/p>\n<p><strong>Izejvielu sagatavo\u0161ana<\/strong><br \/>\nM\u0113s r\u016bp\u012bgi atlas\u0101m svar\u012bg\u0101kos materi\u0101lus, galvenok\u0101rt \u010dugunu un alum\u012bnija sakaus\u0113jumus, nodro\u0161inot, ka tie atbilst m\u016bsu stingrajiem kvalit\u0101tes standartiem. Katra partija pirms lieto\u0161anas tiek r\u016bp\u012bgi p\u0101rbaud\u012bta, lai garant\u0113tu m\u016bsu produktu optim\u0101lu veiktsp\u0113ju.<\/p>\n<p><strong>Prec\u012bza apstr\u0101de<\/strong><br \/>\nIzejmateri\u0101li tiek apstr\u0101d\u0101ti prec\u012bzi, tostarp virpojot un fr\u0113z\u0113jot, lai izveidotu zobratus, v\u0101rpstas un korpusus ar izcilu precizit\u0101ti. M\u016bsu modern\u0101k\u0101s iek\u0101rtas un kvalific\u0113tie tehni\u0137i nodro\u0161ina, ka katra deta\u013ca ir izgatavota perfekti.<\/p>\n<p><strong>Asambleja<\/strong><br \/>\nMont\u0101\u017eas laik\u0101 korpus\u0101 tiek r\u016bp\u012bgi salikti kop\u0101 t\u0101di komponenti k\u0101 zobrati, gult\u0146i un v\u0101rpstas. \u0160aj\u0101 posm\u0101 tiek veiktas stingras precizit\u0101tes p\u0101rbaudes un kalibr\u0113\u0161ana, k\u0101 ar\u012b tiek izmantotas atbilsto\u0161as \u200b\u200bsm\u0113rvielas, lai nodro\u0161in\u0101tu vienm\u0113r\u012bgu un efekt\u012bvu darb\u012bbu.<\/p>\n<p><strong>Procesa apstr\u0101de<\/strong><br \/>\nLai uzlabotu iztur\u012bbu un nodilumiztur\u012bbu, p\u0101rnesumk\u0101rbas tiek pak\u013cautas progres\u012bviem termisk\u0101s apstr\u0101des procesiem. \u0160is svar\u012bgais solis nodro\u0161ina, ka m\u016bsu produkti var iztur\u0113t sare\u017e\u0123\u012btu pielietojumu rad\u012bt\u0101s gr\u016bt\u012bbas.<\/p>\n<p><strong>Virsmas apstr\u0101de<\/strong><br \/>\nM\u0113s izmantojam virsmas apstr\u0101des metodes, piem\u0113ram, pul\u0113\u0161anu un pulverkr\u0101so\u0161anu, uzlabojot gan p\u0101rnesumk\u0101rbu est\u0113tisko pievilc\u012bbu, gan iztur\u012bbu pret koroziju. Tas ne tikai uzlabo iztur\u012bbu, bet ar\u012b pagarina m\u016bsu produktu kalpo\u0161anas laiku da\u017e\u0101d\u0101s vid\u0113s.<\/p>\n<p><strong>Kvalit\u0101tes kontrole<\/strong><br \/>\nKatr\u0101 ra\u017eo\u0161anas posm\u0101 tiek veiktas visaptvero\u0161as p\u0101rbaudes, m\u0113rot izm\u0113rus, precizit\u0101ti, troksni un vibr\u0101ciju. \u0160is stingrais kvalit\u0101tes kontroles process garant\u0113, ka m\u016bsu p\u0101rnesumk\u0101rbas atbilst stingriem dro\u0161\u012bbas un veiktsp\u0113jas standartiem.<\/p>\n<p>Kopum\u0101 lauksaimniec\u012bbas p\u0101rnesumk\u0101rbu ra\u017eo\u0161ana FMP ir sare\u017e\u0123\u012bts uzdevums, kam nepiecie\u0161ama prasm\u012bga meistar\u012bba, progres\u012bva ra\u017eo\u0161anas tehnolo\u0123ija un r\u016bp\u012bga kvalit\u0101tes kontroles sist\u0113ma. M\u016bsu r\u016bp\u012bg\u0101 pieeja nodro\u0161ina, ka m\u0113s pieg\u0101d\u0101jam p\u0101rnesumk\u0101rbas, kas nodro\u0161ina izcilu veiktsp\u0113ju un uzticam\u012bbu, atbilstot m\u016bsu klientu augstajiem standartiem.<\/p>\n<p>Autors: CX<\/p>","protected":false},"excerpt":{"rendered":"<p>Our Post Hole Digger Gearbox, designed specifically as a replacement for the Comer Code T-290F. This gearbox ensures outstanding performance and durability for various drilling applications. Key Features: High Torque Output: Engineered to provide exceptional torque, this gearbox effectively transfers power from the tractor to the auger, making it ideal for tough soil conditions. Robust [&hellip;]<\/p>","protected":false},"featured_media":1844,"comment_status":"open","ping_status":"closed","template":"","meta":{"_et_pb_use_builder":"","_et_pb_old_content":"","_et_gb_content_width":""},"product_brand":[],"product_cat":[15],"product_tag":[],"class_list":{"0":"post-1843","1":"product","2":"type-product","3":"status-publish","4":"has-post-thumbnail","6":"product_cat-uncategorized","8":"first","9":"instock","10":"shipping-taxable","11":"product-type-simple"},"_links":{"self":[{"href":"https:\/\/fmp-components.com\/lv\/wp-json\/wp\/v2\/product\/1843","targetHints":{"allow":["GET"]}}],"collection":[{"href":"https:\/\/fmp-components.com\/lv\/wp-json\/wp\/v2\/product"}],"about":[{"href":"https:\/\/fmp-components.com\/lv\/wp-json\/wp\/v2\/types\/product"}],"replies":[{"embeddable":true,"href":"https:\/\/fmp-components.com\/lv\/wp-json\/wp\/v2\/comments?post=1843"}],"wp:featuredmedia":[{"embeddable":true,"href":"https:\/\/fmp-components.com\/lv\/wp-json\/wp\/v2\/media\/1844"}],"wp:attachment":[{"href":"https:\/\/fmp-components.com\/lv\/wp-json\/wp\/v2\/media?parent=1843"}],"wp:term":[{"taxonomy":"product_brand","embeddable":true,"href":"https:\/\/fmp-components.com\/lv\/wp-json\/wp\/v2\/product_brand?post=1843"},{"taxonomy":"product_cat","embeddable":true,"href":"https:\/\/fmp-components.com\/lv\/wp-json\/wp\/v2\/product_cat?post=1843"},{"taxonomy":"product_tag","embeddable":true,"href":"https:\/\/fmp-components.com\/lv\/wp-json\/wp\/v2\/product_tag?post=1843"}],"curies":[{"name":"wp","href":"https:\/\/api.w.org\/{rel}","templated":true}]}}