{"id":1841,"date":"2024-12-24T06:24:49","date_gmt":"2024-12-24T06:24:49","guid":{"rendered":"https:\/\/fmp-components.com\/?page_id=8"},"modified":"2024-12-24T06:51:07","modified_gmt":"2024-12-24T06:51:07","slug":"post-hole-diggers-gearboxes-replacement-of-comer-code-t-278a-11","status":"publish","type":"product","link":"https:\/\/fmp-components.com\/lv\/product\/post-hole-diggers-gearboxes-replacement-of-comer-code-t-278a-11\/","title":{"rendered":"Pasta bedru rac\u0113ju p\u0101rnesumk\u0101rbas \u2013 st\u016bra koda T-278A nomai\u0146a 1:1"},"content":{"rendered":"<p>M\u016bsu urb\u0161anas iek\u0101rtu p\u0101rnesumk\u0101rba ir izstr\u0101d\u0101ta k\u0101 tie\u0161a Comer Code T-278A 1:1 nomai\u0146a. \u0160\u012b p\u0101rnesumk\u0101rba ir izstr\u0101d\u0101ta, lai nodro\u0161in\u0101tu izcilu veiktsp\u0113ju un uzticam\u012bbu da\u017e\u0101dos urb\u0161anas darbos.<\/p>\n<h3>Galven\u0101s iez\u012bmes:<\/h3>\n<ul>\n<li><strong>Augsta griezes momenta jauda<\/strong>Sp\u0113j\u012bgs veikt sare\u017e\u0123\u012btus urb\u0161anas uzdevumus, nodro\u0161inot efekt\u012bvu jaudas p\u0101rnesi no traktora uz urbi.<\/li>\n<li><strong>Iztur\u012bga konstrukcija<\/strong>Izgatavota no augstas kvalit\u0101tes materi\u0101liem, m\u016bsu p\u0101rnesumk\u0101rba pied\u0101v\u0101 izcilu iztur\u012bbu un nodilumiztur\u012bbu, nodro\u0161inot ilgu kalpo\u0161anas laiku.<\/li>\n<li><strong>Prec\u012bzijas in\u017eenierija<\/strong>Katra p\u0101rnesumk\u0101rba ir prec\u012bzi izgatavota, lai nodro\u0161in\u0101tu vienm\u0113r\u012bgu darb\u012bbu un optim\u0101lu veiktsp\u0113ju, samazinot ener\u0123ijas zudumus lieto\u0161anas laik\u0101.<\/li>\n<li><strong>Kompakts dizains<\/strong>Kompaktais formas faktors \u013cauj to viegli uzst\u0101d\u012bt un integr\u0113t eso\u0161aj\u0101s stabu rac\u0113ju sist\u0113m\u0101s, nepalielinot apjomu.<\/li>\n<li><strong>Daudzpus\u012bga sader\u012bba<\/strong>Izstr\u0101d\u0101ts, lai der\u0113tu da\u017e\u0101diem traktoriem un rak\u0161anas darbar\u012bkiem, padarot to piem\u0113rotu da\u017e\u0101diem lauksaimniec\u012bbas un b\u016bvniec\u012bbas darbiem.<\/li>\n<li><strong>Efekt\u012bva bl\u012bv\u0113\u0161ana<\/strong>Integr\u0113tie bl\u012bv\u0113jumi nov\u0113r\u0161 net\u012brumu un mitruma iek\u013c\u016b\u0161anu p\u0101rnesumk\u0101rb\u0101, saglab\u0101jot e\u013c\u013co\u0161anu un pagarinot iek\u0161\u0113jo komponentu kalpo\u0161anas laiku.<\/li>\n<li><strong>Zema apkope<\/strong>\u0160\u012b p\u0101rnesumk\u0101rba ir izstr\u0101d\u0101ta iztur\u012bbai, un tai ir nepiecie\u0161ama minim\u0101la apkope, \u013caujot lietot\u0101jiem koncentr\u0113ties uz savu darbu bez bie\u017eiem p\u0101rtraukumiem.<\/li>\n<\/ul>\n<h2>Produkta specifik\u0101cijas:<\/h2>\n<table style=\"width: 100%;\" border=\"1\" width=\"100%\" cellspacing=\"0\" cellpadding=\"0\">\n<tbody>\n<tr>\n<th>Apraksts<\/th>\n<td>Pasta bedru rac\u0113ju p\u0101rnesumk\u0101rbas \u2013 st\u016bra koda T-278A nomai\u0146a 1:1<\/td>\n<\/tr>\n<tr>\n<th>Pieteikums<\/th>\n<td>Da\u017e\u0101di (lauksaimniec\u012bbas) pielietojumi<\/td>\n<\/tr>\n<tr>\n<th>Sast\u0101v no<\/th>\n<td>\u0100trumk\u0101rba<\/td>\n<\/tr>\n<tr>\n<th>Bez e\u013c\u013cas<\/th>\n<td>Tehnisk\u0101 inform\u0101cija<\/td>\n<\/tr>\n<tr>\n<th>Maks. ieejas jauda<\/th>\n<td>40,5 kW<\/td>\n<\/tr>\n<tr>\n<th>Maks. izejas griezes moments<\/th>\n<td>693 nm<\/td>\n<\/tr>\n<tr>\n<th>Satur e\u013c\u013cu<\/th>\n<td>N\u0113<\/td>\n<\/tr>\n<tr>\n<th>Maksim\u0101l\u0101 e\u013c\u013cas ietilp\u012bba<\/th>\n<td>1,7 l<\/td>\n<\/tr>\n<tr>\n<th>Maks. e\u013c\u013cas mai\u0146as interv\u0101ls<\/th>\n<td>500 stundas<\/td>\n<\/tr>\n<tr>\n<th>E\u013c\u013cas SAE viskozit\u0101tes klase<\/th>\n<td>80W-90<\/td>\n<\/tr>\n<tr>\n<th>Korpusa materi\u0101ls<\/th>\n<td>\u010cuguns GG25<\/td>\n<\/tr>\n<tr>\n<th>Svars<\/th>\n<td>23,5 kg<\/td>\n<\/tr>\n<tr>\n<th>P\u0101rnesumu izvietojums<\/th>\n<td>1 &#8211; 2<\/td>\n<\/tr>\n<tr>\n<th>Attiec\u012bba<\/th>\n<td>1 : 1<\/td>\n<\/tr>\n<tr>\n<th>Ievades v\u0101rpsta<\/th>\n<td>Z<\/td>\n<\/tr>\n<tr>\n<th>V\u0101rpsta X<\/th>\n<td>1 3\/8 collas (6) (A)<\/td>\n<\/tr>\n<tr>\n<th>V\u0101rpsta Z<\/th>\n<td>1 3\/8 collas (6) (B)<\/td>\n<\/tr>\n<\/tbody>\n<\/table>\n<h2>Par FMP<\/h2>\n<p>FMP, kas atrodas It\u0101lij\u0101, specializ\u0113jas da\u017e\u0101du p\u0101rnesumk\u0101rbu, reduktoru un in\u017eeniertehnisko iek\u0101rtu p\u0113tniec\u012bb\u0101, izstr\u0101d\u0113 un ra\u017eo\u0161an\u0101. M\u016bsu pla\u0161ais produktu kl\u0101sts ietver:<\/p>\n<ul>\n<li><strong>Spir\u0101lveida konusveida p\u0101rnesumk\u0101rbas<\/strong><\/li>\n<li><strong>Taisnas p\u0101rnesumk\u0101rbas<\/strong><\/li>\n<li><strong>T\u0101rpu p\u0101rnesumk\u0101rbas<\/strong><\/li>\n<li><strong>Cilindriskas p\u0101rnesumk\u0101rbas<\/strong><\/li>\n<li><strong>Augstspiediena lietie v\u0101rstu korpusi un korpusi<\/strong><\/li>\n<\/ul>\n<p>\u0160ie produkti ir paredz\u0113ti da\u017e\u0101diem pielietojumiem, tostarp lauksaimniec\u012bbas p\u013caujma\u0161\u012bn\u0101m, sniega arkliem, m\u0113slojuma izklied\u0113t\u0101jiem, graudu konveijeriem, r\u016bpnieciskaj\u0101m ma\u0161\u012bn\u0101m, naftas ieguves iek\u0101rt\u0101m, j\u016bras r\u016bpniec\u012bbas komponentiem un hidrauliskaj\u0101m sist\u0113m\u0101m in\u017eenierzin\u0101tn\u0113m.<\/p>\n<p>Uz\u0146\u0113mum\u0101 FMP m\u0113s lepojamies ar sav\u0101m sp\u0113c\u012bgaj\u0101m tehniskaj\u0101m un p\u0113tniec\u012bbas iesp\u0113j\u0101m. M\u016bsu ap\u0146em\u0161an\u0101s ra\u017eot uzticamus un augstas kvalit\u0101tes produktus ir padar\u012bjusi m\u016bs par cien\u012bjamu l\u012bderi ra\u017eo\u0161anas nozar\u0113. M\u0113s iev\u0113rojam unik\u0101lu biznesa filozofiju, kas priorit\u0101ti pie\u0161\u0137ir inov\u0101cij\u0101m, kvalit\u0101tei un klientu apmierin\u0101t\u012bbai, nodro\u0161inot, ka m\u0113s efekt\u012bvi apmierin\u0101m m\u016bsu klientu main\u012bg\u0101s vajadz\u012bbas.<\/p>\n<p><img loading=\"lazy\" decoding=\"async\" class=\"alignnone wp-image-1840\" src=\"https:\/\/fmp-components.com\/wp-content\/uploads\/2024\/12\/Post-Hole-Digger-Gearbox-6.webp\" alt=\"P\u0113cbedru rac\u0113ja p\u0101rnesumk\u0101rba\" width=\"884\" height=\"582\" title=\"\" srcset=\"https:\/\/fmp-components.com\/wp-content\/uploads\/2024\/12\/Post-Hole-Digger-Gearbox-6.webp 884w, https:\/\/fmp-components.com\/wp-content\/uploads\/2024\/12\/Post-Hole-Digger-Gearbox-6-480x316.webp 480w\" sizes=\"(min-width: 0px) and (max-width: 480px) 480px, (min-width: 481px) 884px, 100vw\" \/><\/p>\n<h3>Lauksaimniec\u012bbas p\u0101rnesumk\u0101rbu ra\u017eo\u0161anas process<\/h3>\n<p>Lauksaimniec\u012bbas p\u0101rnesumk\u0101rbu ra\u017eo\u0161ana ir detaliz\u0113ts process, kas ietver vair\u0101kus kritiskus so\u013cus:<\/p>\n<p><strong>Produkta dizains<\/strong><br \/>\nS\u0101kotn\u0113j\u0101 f\u0101ze ir v\u0113rsta uz specifik\u0101ciju, materi\u0101lu un izm\u0113ru izv\u0113li, kas piel\u0101goti konkr\u0113t\u0101m lietojumprogrammu vajadz\u012bb\u0101m.<\/p>\n<p><strong>Izejvielu sagatavo\u0161ana<\/strong><br \/>\nM\u0113s ieg\u016bstam svar\u012bg\u0101kos materi\u0101lus, galvenok\u0101rt \u010dugunu un alum\u012bnija sakaus\u0113jumus, nodro\u0161inot, ka tie atbilst m\u016bsu stingrajiem kvalit\u0101tes standartiem.<\/p>\n<p><strong>Prec\u012bza apstr\u0101de<\/strong><br \/>\nIzejvielas tiek pak\u013cautas prec\u012bzai apstr\u0101dei, tostarp virpo\u0161anai un fr\u0113z\u0113\u0161anai, lai izveidotu zobratus, v\u0101rpstas un korpusus ar izcilu precizit\u0101ti.<\/p>\n<p><strong>Asambleja<\/strong><br \/>\nT\u0101das sast\u0101vda\u013cas k\u0101 zobrati, gult\u0146i un v\u0101rpstas tiek r\u016bp\u012bgi saliktas korpus\u0101. \u0160aj\u0101 posm\u0101 tiek veiktas precizit\u0101tes p\u0101rbaudes un kalibr\u0113\u0161ana, k\u0101 ar\u012b tiek izmantotas atbilsto\u0161as \u200b\u200bsm\u0113rvielas optim\u0101lai darb\u012bbai.<\/p>\n<p><strong>Procesa apstr\u0101de<\/strong><br \/>\nP\u0101rnesumk\u0101rbas tiek pak\u013cautas termiskai apstr\u0101dei, lai uzlabotu to iztur\u012bbu un nodilumiztur\u012bbu, nodro\u0161inot ilgsto\u0161u darb\u012bbu.<\/p>\n<p><strong>Virsmas apstr\u0101de<\/strong><br \/>\nM\u0113s izmantojam virsmas apstr\u0101des metodes, piem\u0113ram, pul\u0113\u0161anu un pulverkr\u0101so\u0161anu, lai uzlabotu gan p\u0101rnesumk\u0101rbu est\u0113tisko pievilc\u012bbu, gan iztur\u012bbu pret koroziju.<\/p>\n<p><strong>Kvalit\u0101tes kontrole<\/strong><br \/>\nTiek veiktas visaptvero\u0161as p\u0101rbaudes, lai izm\u0113r\u012btu izm\u0113rus, precizit\u0101ti, troksni un vibr\u0101ciju, nodro\u0161inot, ka m\u016bsu p\u0101rnesumk\u0101rbas atbilst stingriem dro\u0161\u012bbas un veiktsp\u0113jas standartiem.<\/p>\n<p>Kopum\u0101 lauksaimniec\u012bbas p\u0101rnesumk\u0101rbu ra\u017eo\u0161ana ir sare\u017e\u0123\u012bts uzdevums, kam nepiecie\u0161ama prasm\u012bga meistar\u012bba, progres\u012bva ra\u017eo\u0161anas tehnolo\u0123ija un r\u016bp\u012bga kvalit\u0101tes kontroles sist\u0113ma. \u0160\u012b r\u016bp\u012bg\u0101 pieeja garant\u0113, ka m\u016bsu p\u0101rnesumk\u0101rbas nodro\u0161ina izcilu veiktsp\u0113ju un uzticam\u012bbu.<\/p>\n<p>Autors: CX<\/p>","protected":false},"excerpt":{"rendered":"<p>Our Post Hole Diggers Gearbox, designed as a direct replacement for the Comer Code T-278A 1:1. This gearbox is engineered to deliver exceptional performance and reliability in various drilling applications. Key Features: High Torque Capacity: Capable of handling demanding drilling tasks, ensuring efficient power transfer from the tractor to the auger. Durable Construction: Made from [&hellip;]<\/p>","protected":false},"featured_media":1842,"comment_status":"open","ping_status":"closed","template":"","meta":{"_et_pb_use_builder":"","_et_pb_old_content":"","_et_gb_content_width":""},"product_brand":[],"product_cat":[50],"product_tag":[],"class_list":{"0":"post-1841","1":"product","2":"type-product","3":"status-publish","4":"has-post-thumbnail","6":"product_cat-post-hole-digger-gearbox","8":"first","9":"instock","10":"shipping-taxable","11":"product-type-simple"},"_links":{"self":[{"href":"https:\/\/fmp-components.com\/lv\/wp-json\/wp\/v2\/product\/1841","targetHints":{"allow":["GET"]}}],"collection":[{"href":"https:\/\/fmp-components.com\/lv\/wp-json\/wp\/v2\/product"}],"about":[{"href":"https:\/\/fmp-components.com\/lv\/wp-json\/wp\/v2\/types\/product"}],"replies":[{"embeddable":true,"href":"https:\/\/fmp-components.com\/lv\/wp-json\/wp\/v2\/comments?post=1841"}],"wp:featuredmedia":[{"embeddable":true,"href":"https:\/\/fmp-components.com\/lv\/wp-json\/wp\/v2\/media\/1842"}],"wp:attachment":[{"href":"https:\/\/fmp-components.com\/lv\/wp-json\/wp\/v2\/media?parent=1841"}],"wp:term":[{"taxonomy":"product_brand","embeddable":true,"href":"https:\/\/fmp-components.com\/lv\/wp-json\/wp\/v2\/product_brand?post=1841"},{"taxonomy":"product_cat","embeddable":true,"href":"https:\/\/fmp-components.com\/lv\/wp-json\/wp\/v2\/product_cat?post=1841"},{"taxonomy":"product_tag","embeddable":true,"href":"https:\/\/fmp-components.com\/lv\/wp-json\/wp\/v2\/product_tag?post=1841"}],"curies":[{"name":"wp","href":"https:\/\/api.w.org\/{rel}","templated":true}]}}