{"id":1831,"date":"2024-12-24T05:44:59","date_gmt":"2024-12-24T05:44:59","guid":{"rendered":"https:\/\/fmp-components.com\/?page_id=8"},"modified":"2024-12-24T06:47:52","modified_gmt":"2024-12-24T06:47:52","slug":"75-hp-heavy-duty-post-hole-digger-gearbox-for-3-point-post-hole-digger","status":"publish","type":"product","link":"https:\/\/fmp-components.com\/lv\/product\/75-hp-heavy-duty-post-hole-digger-gearbox-for-3-point-post-hole-digger\/","title":{"rendered":"75 ZS lieljaudas stabu urb\u0161anas reduktors 3 punktu stabu urb\u0161anas iek\u0101rtai"},"content":{"rendered":"<p><img loading=\"lazy\" decoding=\"async\" class=\"size-full wp-image-1838 aligncenter\" src=\"https:\/\/fmp-components.com\/wp-content\/uploads\/2024\/12\/Heavy-Duty-Post-Hole-Digger-Gearbox-Parts-2.webp\" alt=\"Smag\u0101 iztur\u012bg\u0101 urb\u0161anas rac\u0113ja p\u0101rnesumk\u0101rbas deta\u013cas\" width=\"600\" height=\"600\" title=\"\" srcset=\"https:\/\/fmp-components.com\/wp-content\/uploads\/2024\/12\/Heavy-Duty-Post-Hole-Digger-Gearbox-Parts-2.webp 600w, https:\/\/fmp-components.com\/wp-content\/uploads\/2024\/12\/Heavy-Duty-Post-Hole-Digger-Gearbox-Parts-2-480x480.webp 480w\" sizes=\"(min-width: 0px) and (max-width: 480px) 480px, (min-width: 481px) 600px, 100vw\" \/><\/p>\n<h2>75 ZS lieljaudas stabu urb\u0161anas reduktora izm\u0113ri<\/h2>\n<p><img loading=\"lazy\" decoding=\"async\" class=\"alignnone size-full wp-image-1832\" src=\"https:\/\/fmp-components.com\/wp-content\/uploads\/2024\/12\/Post-Hole-Digger-Gearbox-1.webp\" alt=\"P\u0113cbedru rac\u0113ja p\u0101rnesumk\u0101rba\" width=\"1012\" height=\"872\" title=\"\" srcset=\"https:\/\/fmp-components.com\/wp-content\/uploads\/2024\/12\/Post-Hole-Digger-Gearbox-1.webp 1012w, https:\/\/fmp-components.com\/wp-content\/uploads\/2024\/12\/Post-Hole-Digger-Gearbox-1-980x844.webp 980w, https:\/\/fmp-components.com\/wp-content\/uploads\/2024\/12\/Post-Hole-Digger-Gearbox-1-480x414.webp 480w\" sizes=\"(min-width: 0px) and (max-width: 480px) 480px, (min-width: 481px) and (max-width: 980px) 980px, (min-width: 981px) 1012px, 100vw\" \/><\/p>\n<h2>Produkta specifik\u0101cijas:<\/h2>\n<div><span class=\"Apple-style-span\">\u0160\u012b stabu bedru rac\u0113ja p\u0101rnesumk\u0101rba ir 75 zirgsp\u0113ku, taisnle\u0146\u0137a p\u0101rnesumk\u0101rba, ko izmanto daudziem stabu bedru rac\u0113ja piederumiem. \u0160\u012b \u012bpa\u0161i iztur\u012bg\u0101 stabu bedru rac\u0113ja p\u0101rnesumk\u0101rba ir tie\u0161a aizvietot\u0101ja vair\u0101kiem ra\u017eot\u0101jiem. Vienk\u0101r\u0161i p\u0101rbaudiet savas p\u0101rnesumk\u0101rbas izm\u0113rus, lai p\u0101rliecin\u0101tos, ka t\u0101 ir tie\u0161i piem\u0113rota.<\/span><\/div>\n<p>\u2013 75 ZS v\u0113rt\u0113jums<\/p>\n<p>\u2013 Ietver aizsargus<\/p>\n<p>\u2013 3:1 attiec\u012bba<\/p>\n<p>\u2013 1-1\/4 collu apa\u013ca ieejas v\u0101rpsta ar 3\/8 collu mont\u0101\u017eas caurumu<\/p>\n<p>\u2013 2 collu apa\u013ca izejas v\u0101rpsta ar diviem 1\/2 collu caurumiem urbju mont\u0101\u017eai<\/p>\n<p>\u2013 7\/8 collu stiprin\u0101juma tapa, 7-1\/2 collu gara<\/p>\n<p>\u2013 Stiprin\u0101juma ausis 5-3\/8\u2033 iek\u0161pus\u0113 un 6-5\/8\u2033 \u0101rpus\u0113 pret \u0101rpusi.<\/p>\n<p>\u2013 Iztur\u012bga melna kr\u0101sa<\/p>\n<p>\u2013 75 m\u0101rci\u0146as<\/p>\n<p>\u2013 Pieg\u0101d\u0101ts bez e\u013c\u013cas (80W-90 transmisijas e\u013c\u013ca)<\/p>\n<p><img loading=\"lazy\" decoding=\"async\" class=\"alignnone size-full wp-image-1836\" src=\"https:\/\/fmp-components.com\/wp-content\/uploads\/2024\/12\/Post-Hole-Digger-Gearbox-3.webp\" alt=\"P\u0113cbedru rac\u0113ja p\u0101rnesumk\u0101rba\" width=\"1278\" height=\"752\" title=\"\" srcset=\"https:\/\/fmp-components.com\/wp-content\/uploads\/2024\/12\/Post-Hole-Digger-Gearbox-3.webp 1278w, https:\/\/fmp-components.com\/wp-content\/uploads\/2024\/12\/Post-Hole-Digger-Gearbox-3-980x577.webp 980w, https:\/\/fmp-components.com\/wp-content\/uploads\/2024\/12\/Post-Hole-Digger-Gearbox-3-480x282.webp 480w\" sizes=\"(min-width: 0px) and (max-width: 480px) 480px, (min-width: 481px) and (max-width: 980px) 980px, (min-width: 981px) 1278px, 100vw\" \/><\/p>\n<h2>75 ZS lieljaudas staba urb\u0161anas ekskavatora p\u0101rnesumk\u0101rbas deta\u013cas<\/h2>\n<p>75 ZS lieljaudas urb\u0161anas reduktors ir iztur\u012bga sast\u0101vda\u013ca, kas izstr\u0101d\u0101ta, lai atbilstu augstaj\u0101m griezes momenta pras\u012bb\u0101m urb\u0161anai sare\u017e\u0123\u012btos augsnes apst\u0101k\u013cos. T\u0101l\u0101k ir nor\u0101d\u012btas \u0161\u012bs reduktora galven\u0101s da\u013cas:<\/p>\n<p>P\u0101rnesumk\u0101rbas korpuss: P\u0101rnesumk\u0101rbas korpuss nodro\u0161ina iek\u0161\u0113jo komponentu aizsardz\u012bbu un struktur\u0101lu atbalstu. Parasti tas ir izgatavots no iztur\u012bgiem materi\u0101liem, piem\u0113ram, \u010duguna vai t\u0113rauda, \u200b\u200bun ir paredz\u0113ts, lai iztur\u0113tu intens\u012bvas urb\u0161anas oper\u0101ciju slodzi.<\/p>\n<p>Ieejas v\u0101rpsta: Ieejas v\u0101rpsta, kas savienota ar traktora j\u016bgv\u0101rpstu (jaudas no\u0146em\u0161anas v\u0101rpstu), p\u0101rnes rot\u0101cijas jaudu no traktora dzin\u0113ja uz p\u0101rnesumk\u0101rbu. T\u0101 kalpo k\u0101 galvenais p\u0101rnesumk\u0101rbas dzin\u0113js, uzs\u0101kot urb\u0161anas procesu.<\/p>\n<p>Zobrati: P\u0101rnesumk\u0101rbas iek\u0161pus\u0113 vair\u0101ki zobrati p\u0101rnes jaudu no ieejas v\u0101rpstas uz izejas v\u0101rpstu, vienlaikus regul\u0113jot griezes momentu un \u0101trumu. \u0160ie zobrati ir r\u016bp\u012bgi izstr\u0101d\u0101ti, lai nodro\u0161in\u0101tu nepiecie\u0161amo griezes momenta pastiprin\u0101jumu efekt\u012bvai urb\u0161anai da\u017e\u0101dos augsnes veidos.<\/p>\n<p>Izejas v\u0101rpsta: Izejas v\u0101rpsta sa\u0146em jaudu no zobratiem un p\u0101rnes to uz urb\u0161anas glieme\u017etransportieri. Rot\u0113jot glieme\u017etransportieri, \u0161\u012b v\u0101rpsta atvieglo st\u0101d\u012b\u0161anas bedru izveidi vajadz\u012bgaj\u0101 dzi\u013cum\u0101 un diametr\u0101.<\/p>\n<p>Gult\u0146i: Gult\u0146i atbalsta v\u0101rpstas un zobratus p\u0101rnesumk\u0101rb\u0101, nodro\u0161inot vienm\u0113r\u012bgu rot\u0101ciju ar minim\u0101lu berzi. Augstas kvalit\u0101tes gult\u0146i ir \u013coti svar\u012bgi, lai saglab\u0101tu gan p\u0101rnesumk\u0101rbas efektivit\u0101ti, gan ilgm\u016b\u017e\u012bbu, \u012bpa\u0161i lielas slodzes apst\u0101k\u013cos nep\u0101rtrauktas darb\u012bbas laik\u0101.<\/p>\n<p>Bl\u012bv\u0113jumi: Bl\u012bv\u0113jumi ir svar\u012bgi, lai nov\u0113rstu net\u012brumu, mitruma un citu pies\u0101r\u0146ot\u0101ju iek\u013c\u016b\u0161anu p\u0101rnesumk\u0101rbas korpus\u0101 un e\u013c\u013co\u0161anas sist\u0113m\u0101. Saglab\u0101jot p\u0101rnesumk\u0101rbas integrit\u0101ti, \u0161ie bl\u012bv\u0113jumi pal\u012bdz nov\u0113rst priek\u0161laic\u012bgu iek\u0161\u0113jo deta\u013cu nodilumu vai boj\u0101jumus.<\/p>\n<p><img loading=\"lazy\" decoding=\"async\" class=\"alignnone size-full wp-image-1837\" src=\"https:\/\/fmp-components.com\/wp-content\/uploads\/2024\/12\/Post-Hole-Digger-Gearbox-48.webp\" alt=\"P\u0113cbedru rac\u0113ja p\u0101rnesumk\u0101rba\" width=\"2560\" height=\"1920\" title=\"\" srcset=\"https:\/\/fmp-components.com\/wp-content\/uploads\/2024\/12\/Post-Hole-Digger-Gearbox-48.webp 2560w, https:\/\/fmp-components.com\/wp-content\/uploads\/2024\/12\/Post-Hole-Digger-Gearbox-48-1280x960.webp 1280w, https:\/\/fmp-components.com\/wp-content\/uploads\/2024\/12\/Post-Hole-Digger-Gearbox-48-980x735.webp 980w, https:\/\/fmp-components.com\/wp-content\/uploads\/2024\/12\/Post-Hole-Digger-Gearbox-48-480x360.webp 480w\" sizes=\"(min-width: 0px) and (max-width: 480px) 480px, (min-width: 481px) and (max-width: 980px) 980px, (min-width: 981px) and (max-width: 1280px) 1280px, (min-width: 1281px) 2560px, 100vw\" \/><\/p>\n<h2>75 ZS lieljaudas stabu urb\u0161anas reduktora \u012bpa\u0161\u012bbas<\/h2>\n<p>75 ZS lieljaudas urb\u0161anas stumbra urb\u0161anas p\u0101rnesumk\u0101rba ir paredz\u0113ta optim\u0101lai veiktsp\u0113jai un iztur\u012bbai sare\u017e\u0123\u012btos urb\u0161anas darbos. \u0160eit ir t\u0101s galven\u0101s iez\u012bmes:<\/p>\n<h3>1. Augsta griezes momenta jauda<\/h3>\n<p>\u0160\u012b p\u0101rnesumk\u0101rba, kas izstr\u0101d\u0101ta, lai tiktu gal\u0101 ar lielu griezes momentu, efekt\u012bvi p\u0101rnes jaudu urb\u0161anai sare\u017e\u0123\u012btos augsnes apst\u0101k\u013cos, nodro\u0161inot efekt\u012bvu darb\u012bbu.<\/p>\n<h3>2. Iztur\u012bga konstrukcija<\/h3>\n<p>P\u0101rnesumk\u0101rbas korpuss, kas izgatavots no iztur\u012bgiem materi\u0101liem, piem\u0113ram, \u010duguna vai t\u0113rauda, \u200b\u200bnodro\u0161ina izcilu konstrukcijas integrit\u0101ti un iztur\u012bbu pret nodilumu.<\/p>\n<h3>3. Prec\u012bzijas zobrati<\/h3>\n<p>P\u0101rnesumk\u0101rbai ir prec\u012bzi konstru\u0113ti zobrati, kas optimiz\u0113 griezes momentu un \u0101trumu, nodro\u0161inot efekt\u012bvu s\u0113\u0161anu, vienlaikus piel\u0101gojoties da\u017e\u0101diem augsnes tipiem.<\/p>\n<h3>4. Efekt\u012bva jaudas p\u0101rne\u0161ana<\/h3>\n<p>Ar uzticamu ieejas v\u0101rpstu, kas savienota ar traktora j\u016bgv\u0101rpstu, p\u0101rnesumk\u0101rba nodro\u0161ina vienm\u0113r\u012bgu jaudas p\u0101rnesi no traktora dzin\u0113ja, uzlabojot kop\u0113jo veiktsp\u0113ju.<\/p>\n<h3>5. Paaugstin\u0101ta ilgm\u016b\u017e\u012bba<\/h3>\n<p>Augstas kvalit\u0101tes gult\u0146i samazina berzi un nodilumu, t\u0101d\u0113j\u0101di veicinot p\u0101rnesumk\u0101rbas ilgm\u016b\u017e\u012bbu pat nep\u0101rtrauktas lielas slodzes gad\u012bjum\u0101.<\/p>\n<h3>6. Efekt\u012bva bl\u012bv\u0113\u0161anas sist\u0113ma<\/h3>\n<p>Bl\u012bv\u0113jumi ir integr\u0113ti, lai aizsarg\u0101tu iek\u0161\u0113j\u0101s sast\u0101vda\u013cas no net\u012brumiem un mitruma, pal\u012bdzot uztur\u0113t e\u013c\u013co\u0161anu un nov\u0113rst priek\u0161laic\u012bgus boj\u0101jumus.<\/p>\n<h3>7. Daudzpus\u012bgs pielietojums<\/h3>\n<p>\u0160\u012b p\u0101rnesumk\u0101rba, kas ir piem\u0113rota da\u017e\u0101diem augsnes apst\u0101k\u013ciem, ir ide\u0101li piem\u0113rota lauksaimniec\u012bbas, ainavu veido\u0161anas un b\u016bvniec\u012bbas darbiem, padarot to par daudzpus\u012bgu izv\u0113li stabu rak\u0161anai.<\/p>\n<h3>8. Vienk\u0101r\u0161a apkope<\/h3>\n<p>Konstrukcija nodro\u0161ina vienk\u0101r\u0161u apkopi, nodro\u0161inot, ka lietot\u0101ji var viegli piek\u013c\u016bt komponentiem p\u0101rbau\u017eu un apkopes veik\u0161anai.<\/p>\n<p>\u0160\u012bs \u012bpa\u0161\u012bbas padara 75 ZS lieljaudas urb\u0161anas ma\u0161\u012bnu ar urb\u0161anas iek\u0101rtu par uzticamu izv\u0113li profesion\u0101\u013ciem, kuriem nepiecie\u0161ami efekt\u012bvi un iztur\u012bgi urb\u0161anas risin\u0101jumi.<\/p>\n<p><img loading=\"lazy\" decoding=\"async\" class=\"alignnone size-full wp-image-1839\" src=\"https:\/\/fmp-components.com\/wp-content\/uploads\/2024\/12\/Post-Hole-Digger-Gearbox-5.webp\" alt=\"Smag\u0101 iztur\u012bg\u0101 urb\u0161anas rac\u0113ja p\u0101rnesumk\u0101rbas deta\u013cas\" width=\"1282\" height=\"642\" title=\"\" srcset=\"https:\/\/fmp-components.com\/wp-content\/uploads\/2024\/12\/Post-Hole-Digger-Gearbox-5.webp 1282w, https:\/\/fmp-components.com\/wp-content\/uploads\/2024\/12\/Post-Hole-Digger-Gearbox-5-1280x641.webp 1280w, https:\/\/fmp-components.com\/wp-content\/uploads\/2024\/12\/Post-Hole-Digger-Gearbox-5-980x491.webp 980w, https:\/\/fmp-components.com\/wp-content\/uploads\/2024\/12\/Post-Hole-Digger-Gearbox-5-480x240.webp 480w\" sizes=\"(min-width: 0px) and (max-width: 480px) 480px, (min-width: 481px) and (max-width: 980px) 980px, (min-width: 981px) and (max-width: 1280px) 1280px, (min-width: 1281px) 1282px, 100vw\" \/><\/p>\n<h2>Par FMP<\/h2>\n<p>It\u0101lij\u0101 b\u0101z\u0113tais uz\u0146\u0113mums FMP nodarbojas ar pla\u0161a kl\u0101sta p\u0101rnesumk\u0101rbu, reduktoru un in\u017eeniertehnisko iek\u0101rtu izp\u0113ti, izstr\u0101di un ra\u017eo\u0161anu. M\u016bsu produktu portfel\u012b ietilpst:<\/p>\n<ul>\n<li><strong>Spir\u0101lveida konusveida p\u0101rnesumk\u0101rbas<\/strong><\/li>\n<li><strong>Taisnas p\u0101rnesumk\u0101rbas<\/strong><\/li>\n<li><strong>T\u0101rpu p\u0101rnesumk\u0101rbas<\/strong><\/li>\n<li><strong>Cilindriskas p\u0101rnesumk\u0101rbas<\/strong><\/li>\n<li><strong>Augstspiediena lietie v\u0101rstu korpusi un korpusi<\/strong><\/li>\n<\/ul>\n<p>\u0160ie produkti ir paredz\u0113ti da\u017e\u0101diem pielietojumiem, tostarp lauksaimniec\u012bbas p\u013caujma\u0161\u012bn\u0101m, sniega arkliem, m\u0113slojuma izklied\u0113t\u0101jiem, graudu konveijeriem, r\u016bpnieciskaj\u0101m iek\u0101rt\u0101m, naftas ieguves ma\u0161\u012bn\u0101m, j\u016bras r\u016bpniec\u012bbas iek\u0101rt\u0101m un hidrauliskaj\u0101m komponent\u0113m in\u017eenierzin\u0101tn\u0113m.<\/p>\n<p>Uz\u0146\u0113mum\u0101 FMP m\u0113s lepojamies ar sav\u0101m sp\u0113c\u012bgaj\u0101m tehniskaj\u0101m un p\u0113tniec\u012bbas iesp\u0113j\u0101m. M\u016bsu ap\u0146em\u0161an\u0101s ra\u017eot uzticamus un augstas kvalit\u0101tes produktus ir nodro\u0161in\u0101jusi mums izcilu reput\u0101ciju ra\u017eo\u0161anas nozar\u0113. M\u0113s iev\u0113rojam unik\u0101lu biznesa filozofiju, kas uzsver inov\u0101cijas, kvalit\u0101ti un klientu apmierin\u0101t\u012bbu, nodro\u0161inot, ka m\u0113s apmierin\u0101m m\u016bsu klientu main\u012bg\u0101s vajadz\u012bbas.<\/p>\n<p><img loading=\"lazy\" decoding=\"async\" class=\"alignnone wp-image-1840\" src=\"https:\/\/fmp-components.com\/wp-content\/uploads\/2024\/12\/Post-Hole-Digger-Gearbox-6.webp\" alt=\"P\u0113cbedru rac\u0113ja p\u0101rnesumk\u0101rba\" width=\"884\" height=\"582\" title=\"\" srcset=\"https:\/\/fmp-components.com\/wp-content\/uploads\/2024\/12\/Post-Hole-Digger-Gearbox-6.webp 884w, https:\/\/fmp-components.com\/wp-content\/uploads\/2024\/12\/Post-Hole-Digger-Gearbox-6-480x316.webp 480w\" sizes=\"(min-width: 0px) and (max-width: 480px) 480px, (min-width: 481px) 884px, 100vw\" \/><\/p>\n<h3>Lauksaimniec\u012bbas p\u0101rnesumk\u0101rbu ra\u017eo\u0161anas process<\/h3>\n<p>Lauksaimniec\u012bbas p\u0101rnesumk\u0101rbu ra\u017eo\u0161anas process ir sare\u017e\u0123\u012bts un ietver vair\u0101kus galvenos so\u013cus:<\/p>\n<ol>\n<li><strong>Produkta dizains<\/strong>\u0160aj\u0101 s\u0101kotn\u0113j\u0101 f\u0101z\u0113 ietilpst p\u0101rnesumk\u0101rbas specifik\u0101ciju, materi\u0101lu un izm\u0113ru izv\u0113le, lai t\u0101 atbilstu konkr\u0113t\u0101m lietojumprogrammas pras\u012bb\u0101m.<\/li>\n<li><strong>Izejvielu sagatavo\u0161ana<\/strong>M\u0113s sagatavojam svar\u012bg\u0101kos materi\u0101lus, galvenok\u0101rt \u010dugunu vai alum\u012bnija sakaus\u0113jumus, nodro\u0161inot, ka tie atbilst m\u016bsu stingrajiem kvalit\u0101tes standartiem.<\/li>\n<li><strong>Prec\u012bza apstr\u0101de<\/strong>Izejvielas tiek pak\u013cautas prec\u012bzai apstr\u0101dei, kas ietver virpo\u0161anu, fr\u0113z\u0113\u0161anu un citas darb\u012bbas, lai ar augstu precizit\u0101ti izgatavotu zobratus, v\u0101rpstas un korpusus.<\/li>\n<li><strong>Asambleja<\/strong>T\u0101das sast\u0101vda\u013cas k\u0101 zobrati, gult\u0146i un v\u0101rpstas tiek r\u016bp\u012bgi saliktas korpus\u0101. \u0160aj\u0101 posm\u0101 m\u0113s p\u0101rbaud\u0101m un kalibr\u0113jam precizit\u0101ti un uzkl\u0101jam atbilsto\u0161as \u200b\u200bsm\u0113rvielas, lai nodro\u0161in\u0101tu vienm\u0113r\u012bgu darb\u012bbu.<\/li>\n<li><strong>Procesa apstr\u0101de<\/strong>P\u0101rnesumk\u0101rbas tiek pak\u013cautas termiskai apstr\u0101dei, uzlabojot to iztur\u012bbu un nodilumiztur\u012bbu, lai nodro\u0161in\u0101tu ilgsto\u0161u darb\u012bbu.<\/li>\n<li><strong>Virsmas apstr\u0101de<\/strong>M\u0113s veicam virsmas apstr\u0101des darbus, piem\u0113ram, pul\u0113\u0161anu un pulverkr\u0101so\u0161anu, lai uzlabotu gan p\u0101rnesumk\u0101rbu est\u0113tisko pievilc\u012bbu, gan iztur\u012bbu pret koroziju.<\/li>\n<li><strong>Kvalit\u0101tes kontrole<\/strong>Tiek veiktas stingras kvalit\u0101tes p\u0101rbaudes, m\u0113rot izm\u0113rus, precizit\u0101ti, troksni un vibr\u0101ciju, lai nodro\u0161in\u0101tu, ka m\u016bsu p\u0101rnesumk\u0101rbas atbilst dro\u0161\u012bbas un veiktsp\u0113jas standartiem.<\/li>\n<\/ol>\n<p>Kopum\u0101 lauksaimniec\u012bbas p\u0101rnesumk\u0101rbu ra\u017eo\u0161ana ir sare\u017e\u0123\u012bts process, kam nepiecie\u0161ami prasm\u012bgi amatnieki, modernas ra\u017eo\u0161anas iek\u0101rtas un visaptvero\u0161a kvalit\u0101tes kontroles sist\u0113ma. \u0160\u012b r\u016bp\u012bg\u0101 pieeja nodro\u0161ina, ka m\u016bsu p\u0101rnesumk\u0101rbas nodro\u0161ina izcilu veiktsp\u0113ju un uzticam\u012bbu.<\/p>\n<p>Autors: CX<\/p>","protected":false},"excerpt":{"rendered":"<p>75 HP Heavy Duty Post Hole Digger Gearbox Dimensions Product Specifications: This post hole digger gearbox is a 75 horsepower, right angle gearbox used on many post hole digger attachments. This heavy duty post hole digger gearbox is a direct replacement for a number of manufacturers. Just check the measurements on yours to make sure [&hellip;]<\/p>","protected":false},"featured_media":1833,"comment_status":"open","ping_status":"closed","template":"","meta":{"_et_pb_use_builder":"","_et_pb_old_content":"","_et_gb_content_width":""},"product_brand":[],"product_cat":[50],"product_tag":[],"class_list":{"0":"post-1831","1":"product","2":"type-product","3":"status-publish","4":"has-post-thumbnail","6":"product_cat-post-hole-digger-gearbox","8":"first","9":"instock","10":"shipping-taxable","11":"product-type-simple"},"_links":{"self":[{"href":"https:\/\/fmp-components.com\/lv\/wp-json\/wp\/v2\/product\/1831","targetHints":{"allow":["GET"]}}],"collection":[{"href":"https:\/\/fmp-components.com\/lv\/wp-json\/wp\/v2\/product"}],"about":[{"href":"https:\/\/fmp-components.com\/lv\/wp-json\/wp\/v2\/types\/product"}],"replies":[{"embeddable":true,"href":"https:\/\/fmp-components.com\/lv\/wp-json\/wp\/v2\/comments?post=1831"}],"wp:featuredmedia":[{"embeddable":true,"href":"https:\/\/fmp-components.com\/lv\/wp-json\/wp\/v2\/media\/1833"}],"wp:attachment":[{"href":"https:\/\/fmp-components.com\/lv\/wp-json\/wp\/v2\/media?parent=1831"}],"wp:term":[{"taxonomy":"product_brand","embeddable":true,"href":"https:\/\/fmp-components.com\/lv\/wp-json\/wp\/v2\/product_brand?post=1831"},{"taxonomy":"product_cat","embeddable":true,"href":"https:\/\/fmp-components.com\/lv\/wp-json\/wp\/v2\/product_cat?post=1831"},{"taxonomy":"product_tag","embeddable":true,"href":"https:\/\/fmp-components.com\/lv\/wp-json\/wp\/v2\/product_tag?post=1831"}],"curies":[{"name":"wp","href":"https:\/\/api.w.org\/{rel}","templated":true}]}}