{"id":1717,"date":"2024-12-23T07:03:08","date_gmt":"2024-12-23T07:03:08","guid":{"rendered":"https:\/\/fmp-components.com\/product\/factory-price-long-stroke-hydraulic-cylinder-for-dump-trailer\/"},"modified":"2025-03-18T01:47:42","modified_gmt":"2025-03-18T01:47:42","slug":"factory-price-long-stroke-hydraulic-cylinder-for-dump-trailer","status":"publish","type":"product","link":"https:\/\/fmp-components.com\/lv\/product\/factory-price-long-stroke-hydraulic-cylinder-for-dump-trailer\/","title":{"rendered":"R\u016bpn\u012bcas cenas hidrauliskais cilindrs pa\u0161izg\u0101z\u0113ja piekabei ar ilgu g\u0101jienu"},"content":{"rendered":"<p>R\u016bpn\u012bcas cenas gar\u0101 g\u0101jiena hidrauliskais cilindrs pa\u0161izg\u0101z\u0113ju piekabei ir augstas kvalit\u0101tes produkts, kas paredz\u0113ts izcilai veiktsp\u0113jai un iztur\u012bbai. \u0160is hidrauliskais cilindrs ir \u012bpa\u0161i izstr\u0101d\u0101ts pa\u0161izg\u0101z\u0113ju piekab\u0113m, padarot to par b\u016btisku sast\u0101vda\u013cu efekt\u012bvai un uzticamai piekabes darb\u012bbai.<\/p>\n<p>Viena no \u0161\u012b hidraulisk\u0101 cilindra galvenaj\u0101m iez\u012bm\u0113m ir t\u0101 gar\u0101 g\u0101jiena iesp\u0113ja. Pagarin\u0101ts g\u0101jiens nodro\u0161ina liel\u0101ku kust\u012bbas diapazonu, \u013caujot pa\u0161izg\u0101z\u0113jam viegli pacelt un nolaist kravas. Tas noz\u012bm\u0113 uzlabotu produktivit\u0101ti un efektivit\u0101ti da\u017e\u0101dos pielietojumos, piem\u0113ram, b\u016bvniec\u012bb\u0101, lauksaimniec\u012bb\u0101 un transport\u0101.<\/p>\n<p><img decoding=\"async\" src=\"https:\/\/hzpt.com\/wp-content\/uploads\/2023\/11\/Inverted-Telescopic-Cylinder-15.webp\" alt=\"\" title=\"\"><\/p>\n<p>Hidrauliskais cilindrs ir izgatavots, izmantojot augst\u0101k\u0101s kvalit\u0101tes materi\u0101lus, kas nodro\u0161ina t\u0101 iztur\u012bbu un notur\u012bbu pret nodilumu. Tas ir izstr\u0101d\u0101ts, lai iztur\u0113tu sare\u017e\u0123\u012btos apst\u0101k\u013cus, ar kuriem bie\u017ei saskaras lieljaudas lietojumos. Pateicoties t\u0101 iztur\u012bgajai konstrukcijai, \u0161is hidrauliskais cilindrs pied\u0101v\u0101 ilgtermi\u0146a uzticam\u012bbu un veiktsp\u0113ju, samazinot d\u012bkst\u0101ves laiku un apkopes izmaksas.<\/p>\n<p>Turkl\u0101t r\u016bpn\u012bcas cenas gar\u0101 g\u0101jiena hidrauliskais cilindrs pa\u0161izg\u0101z\u0113ja piekabei ir apr\u012bkots ar modernu hidraulisko tehnolo\u0123iju. Tam ir augstas kvalit\u0101tes hidraulisk\u0101 sist\u0113ma, kas nodro\u0161ina vienm\u0113r\u012bgu un prec\u012bzu darb\u012bbu, \u013caujot prec\u012bzi kontrol\u0113t pacel\u0161anas un nolai\u0161anas procesu. Tas nodro\u0161ina dro\u0161u un efekt\u012bvu kravu apstr\u0101di, uzlabojot kop\u0113jo produktivit\u0101ti.<\/p>\n<p>Turkl\u0101t \u0161is hidrauliskais cilindrs ir paredz\u0113ts vienk\u0101r\u0161ai uzst\u0101d\u012b\u0161anai un sader\u012bbai ar da\u017e\u0101diem pa\u0161izg\u0101z\u0113ju piekabju mode\u013ciem. Tas ir apr\u012bkots ar visiem nepiecie\u0161amajiem stiprin\u0101juma elementiem un stiprin\u0101jumiem, padarot uzst\u0101d\u012b\u0161anas procesu \u0101tru un bez probl\u0113m\u0101m.<\/p>\n<p>Nosl\u0113gum\u0101 j\u0101saka, ka r\u016bpn\u012bcas cenas gar\u0101 g\u0101jiena hidrauliskais cilindrs pa\u0161izg\u0101z\u0113ju piekab\u0113m ir uzticams un augstas veiktsp\u0113jas produkts, kas pied\u0101v\u0101 izcilu cenas un v\u0113rt\u012bbas attiec\u012bbu. T\u0101 gar\u0101 g\u0101jiena sp\u0113ja, iztur\u012bg\u0101 konstrukcija, modern\u0101 hidraulisk\u0101 tehnolo\u0123ija un vienk\u0101r\u0161\u0101 uzst\u0101d\u012b\u0161ana padara to par ide\u0101lu izv\u0113li pa\u0161izg\u0101z\u0113ju piekab\u0113m. Neatkar\u012bgi no t\u0101, vai str\u0101d\u0101jat b\u016bvniec\u012bbas, lauksaimniec\u012bbas vai transporta nozar\u0113, \u0161is hidrauliskais cilindrs noteikti uzlabos j\u016bsu pa\u0161izg\u0101z\u0113ja piekabes veiktsp\u0113ju un efektivit\u0101ti. Atkl\u0101jiet m\u016bsu pavisam jaun\u0101, r\u016bpn\u012bcas cenas gar\u0101 g\u0101jiena hidraulisk\u0101 cilindra, kas \u012bpa\u0161i izstr\u0101d\u0101ts pa\u0161izg\u0101z\u0113ju piekab\u0113m, modern\u0101k\u0101s tehnolo\u0123ijas un izcilo kvalit\u0101ti. \u0160im hidrauliskajam cilindram ir 1 gada garantija, kas nodro\u0161ina uzticam\u012bbu un sirdsmieru. Tas ir piem\u0113rots pla\u0161am nozaru kl\u0101stam, tostarp ra\u017eo\u0161anas r\u016bpn\u012bc\u0101m, ma\u0161\u012bnb\u016bves remonta darbn\u012bc\u0101m, saimniec\u012bb\u0101m, ener\u0123\u0113tikas un ieguves r\u016bpniec\u012bbai, k\u0101 ar\u012b ma\u0161\u012bnb\u016bves r\u016bpn\u012bc\u0101m. \u0160is produkts, kas sver 40 kg, ir apr\u012bkots ar izejo\u0161o p\u0101rbau\u017eu video un tehnikas testu zi\u0146ojumiem. K\u0101 jauns produkts 2025. gadam, tas pied\u0101v\u0101 1 gada garantiju galvenaj\u0101m sast\u0101vda\u013c\u0101m, piem\u0113ram, gult\u0146iem un virzu\u013ca cilindram. Virzu\u013ca cilindra konstrukcija darbojas ar hidraulisko sp\u0113ku un ir izgatavota no iztur\u012bga t\u0113rauda.<\/p>\n<p><img decoding=\"async\" src=\"https:\/\/hzpt.com\/wp-content\/uploads\/2023\/11\/Inverted-Telescopic-Cylinder-6.webp\" alt=\"\" title=\"\"><\/p>\n<h2>Ilgsto\u0161a hidraulisk\u0101 cilindra \u012bpa\u0161\u012bbas<\/h2>\n<p>Gar\u0101 g\u0101jiena hidrauliskais cilindrs ir standarta virzu\u013ccilindra konstrukcija, ko darbina hidraulisk\u0101 ener\u0123ija. \u0160\u012b produkta galven\u0101s iez\u012bmes ir \u0161\u0101das:<\/p>\n<p>1. Korpusa materi\u0101ls: Izgatavots no iztur\u012bga t\u0113rauda, \u200b\u200bnodro\u0161inot ilgsto\u0161u veiktsp\u0113ju.<\/p>\n<p>2. Maksim\u0101l\u0101 vilce: Sp\u0113j rad\u012bt maksim\u0101lo vilci 3000.<\/p>\n<p>3. Tips: Tas ir apgriezts teleskopiskais cilindrs, kas nodro\u0161ina izcilu darb\u012bbas efektivit\u0101ti.<\/p>\n<p>4. Porti: Apr\u012bkoti ar G\/SAE\/NPT\/M portiem daudzpus\u012bgai savienojam\u012bbai.<\/p>\n<p>5. Maksim\u0101l\u0101 vilk\u0161anas jauda: T\u0101 maksim\u0101l\u0101 vilk\u0161anas jauda ir 20 tonnas.<\/p>\n<h2>Ilgsto\u0161a hidraulisk\u0101 cilindra pielietojums<\/h2>\n<p>\u0160is hidrauliskais cilindrs ir piem\u0113rojams da\u017e\u0101d\u0101s nozar\u0113s un pielietojumos, tostarp:<\/p>\n<p>1. Ra\u017eo\u0161anas r\u016bpn\u012bcas: V\u0113rt\u012bgas da\u017e\u0101dos ra\u017eo\u0161anas procesos.<\/p>\n<p>2. Ma\u0161\u012bnu remonta darbn\u012bcas: nepiecie\u0161amas smago ma\u0161\u012bnu remontam.<\/p>\n<p>3. Fermas: Ide\u0101li piem\u0113rotas lauksaimniec\u012bbas tehnikas darb\u012bbai.<\/p>\n<p>4. Ener\u0123\u0113tika un ieguves r\u016bpniec\u012bba: ide\u0101li piem\u0113rota lieljaudas ener\u0123\u0113tikas un ieguves darb\u012bb\u0101m.<\/p>\n<p>5. Ma\u0161\u012bnu r\u016bpn\u012bca: b\u016btiska ma\u0161\u012bnu ra\u017eo\u0161anas sast\u0101vda\u013ca.<\/p>\n<p><img decoding=\"async\" src=\"https:\/\/hzpt.com\/wp-content\/uploads\/2023\/11\/Inverted-Telescopic-Cylinder-Applications.webp\" alt=\"Apgrieztu teleskopisko cilindru pielietojumi\" title=\"\"><\/p>\n<h2>Ilgsto\u0161a hidraulisk\u0101 cilindra darb\u012bbas princips un apkope<\/h2>\n<p>Gar\u0101 g\u0101jiena hidrauliskais cilindrs darbojas p\u0113c hidraulisk\u0101s jaudas principa. Hidrauliskais \u0161\u0137idrums tiek ievad\u012bts cilindr\u0101, radot izejas sp\u0113ku. Lai nodro\u0161in\u0101tu optim\u0101lu funkcionalit\u0101ti, nepiecie\u0161ama regul\u0101ra p\u0101rbaude, t\u012br\u012b\u0161ana, e\u013c\u013co\u0161ana un remonts. Konkr\u0113ti apkopes punkti ietver:<\/p>\n<p>1. Regul\u0101ra p\u0101rbaude: Lai nov\u0113rstu iesp\u0113jamus boj\u0101jumus, nepiecie\u0161amas bie\u017eas p\u0101rbaudes.<\/p>\n<p>2. T\u012br\u012b\u0161ana: Regul\u0101ra t\u012br\u012b\u0161ana nov\u0113r\u0161 net\u012brumu un gru\u017eu uzkr\u0101\u0161anos.<\/p>\n<p>3. E\u013c\u013co\u0161ana: Regul\u0101ra e\u013c\u013co\u0161ana nodro\u0161ina vienm\u0113r\u012bgu darb\u012bbu.<\/p>\n<p>4. Remonts: Nekav\u0113joties veiciet visus nepiecie\u0161amos remontdarbus, lai izvair\u012btos no turpm\u0101kiem boj\u0101jumiem.<\/p>\n<p>5. Bl\u012bv\u0113jumu nomai\u0146a: Regul\u0101ra bl\u012bv\u0113jumu nomai\u0146a ir svar\u012bga, lai nov\u0113rstu nopl\u016bdes.<\/p>\n<p><img decoding=\"async\" src=\"https:\/\/hzpt.com\/wp-content\/uploads\/2023\/11\/Inverted-Telescopic-Cylinder-Manufacturers.webp\" alt=\"HZPT hidraulisko ma\u0161\u012bnu r\u016bpn\u012bca\" title=\"\"><\/p>\n<h3>Funkcijas<\/h3>\n<ul>\n<li>Apgrieztais teleskopiskais cilindrs sast\u0101v no vienk\u0101r\u0161as vai divk\u0101r\u0161as darb\u012bbas virzu\u013ca, kas p\u0101rvietojas uz priek\u0161u un atpaka\u013c cilindra muc\u0101.<\/li>\n<li>Virzu\u013ca stienis ir piestiprin\u0101ts pie virzu\u013ca un stiepjas cauri cilindra mucas apak\u0161ai.<\/li>\n<li>Vair\u0101ki maz\u0101ka diametra cilindru posmi ir apgriezti otr\u0101di un uzst\u0101d\u012bti uz liel\u0101ka diametra cilindra mucas.<\/li>\n<li>Kad virzulis ir piln\u012bb\u0101 ievilkts, maz\u0101k\u0101 diametra cilindri ir ievietoti liel\u0101ka diametra cilindra korpus\u0101.<\/li>\n<li>Cilindram ir kompakts dizains, un tas ir piem\u0113rots lietojumiem ar ierobe\u017eotu vietu.<\/li>\n<\/ul>\n<h3>Priek\u0161roc\u012bbas<\/h3>\n<ul>\n<li>Apgrieztajam teleskopiskajam cilindram ir gar\u0101ks g\u0101jiena garums sal\u012bdzin\u0101jum\u0101 ar cita veida hidrauliskajiem cilindriem.<\/li>\n<li>Maz\u0101ka diametra cilindru ligzdot\u0101 konstrukcija samazina cilindra kop\u0113jo garumu, kad tas ir piln\u012bb\u0101 izstiepts.<\/li>\n<li>Cilindram ir liela nestsp\u0113ja un tas var rad\u012bt lielu izejas sp\u0113ku.<\/li>\n<li>Cilindra konstrukcija samazina virzu\u013ca stie\u0146a un cilindra cilindra boj\u0101juma risku.<\/li>\n<li>\u0160\u0101da veida cilindru ir viegli uzst\u0101d\u012bt un uztur\u0113t.<\/li>\n<\/ul>\n<h3>Pieteikumi<\/h3>\n<p>Apgrieztajam teleskopiskajam cilindram ir pla\u0161s pielietojumu kl\u0101sts da\u017e\u0101d\u0101s nozar\u0113s. To parasti izmanto pa\u0161izg\u0101z\u0113ju piekab\u0113s, kur to izmanto piekabes kravas pacel\u0161anai un nolai\u0161anai. R\u016bpn\u012bcas cenas gar\u0101 g\u0101jiena hidrauliskais cilindrs pa\u0161izg\u0101z\u0113ju piekab\u0113m ir popul\u0101ra izv\u0113le ra\u017eot\u0101ju vid\u016b, pateicoties t\u0101 augstajai nestsp\u0113jai un garajam g\u0101jiena garumam. Apgrieztie teleskopiskie cilindri tiek izmantoti ar\u012b lauksaimniec\u012bbas tehnik\u0101, celtniec\u012bbas ma\u0161\u012bn\u0101s un materi\u0101lu apstr\u0101des iek\u0101rt\u0101s. Tie ir piem\u0113roti lietojumiem, kuros kompakt\u0101 konstrukcij\u0101 ir nepiecie\u0161ams liels izejas sp\u0113ks un gar\u0161 g\u0101jiena garums.<\/p>\n<h3>Par FMP \u2013 hidraulisko cilindru<\/h3>\n<p>Uz\u0146\u0113mum\u0101 FMP m\u0113s specializ\u0113jamies augstas kvalit\u0101tes celtniec\u012bbas tehnikas deta\u013cu un nokomplekt\u0113tu iek\u0101rtu p\u0101rdo\u0161an\u0101 un apkalpo\u0161an\u0101. M\u016bsu hidrauliskais cilindrs ir viens no m\u016bsu popul\u0101r\u0101kajiem produktiem, un tam ir labs iemesls. \u0160eit ir pieci iemesli, k\u0101p\u0113c FMP hidrauliskais cilindrs ir lab\u0101k\u0101 izv\u0113le j\u016bsu celtniec\u012bbas tehnikas vajadz\u012bb\u0101m:<\/p>\n<p>1. <strong>Augst\u0101k\u0101s kvalit\u0101tes materi\u0101li<\/strong>M\u016bsu hidrauliskais cilindrs ir izgatavots no iztur\u012bgiem un uzticamiem materi\u0101liem, nodro\u0161inot ilgsto\u0161u darb\u012bbu un minim\u0101las apkopes pras\u012bbas.<\/p>\n<p>2. <strong>Piel\u0101gojamas opcijas<\/strong>M\u0113s pied\u0101v\u0101jam regul\u0113jamus skavu tipa cilindrus, k\u0101 ar\u012b citas piel\u0101gojamas iesp\u0113jas, lai apmierin\u0101tu j\u016bsu \u012bpa\u0161\u0101s vajadz\u012bbas. Pateicoties m\u016bsu pieredzei celtniec\u012bbas tehnikas deta\u013cu jom\u0101, m\u0113s varam sadarboties ar jums, lai atrastu lab\u0101ko risin\u0101jumu j\u016bsu apr\u012bkojumam.<\/p>\n<p>3. <strong>Ekspertu komanda<\/strong>M\u016bsu pieredz\u0113ju\u0161\u0101 un prasm\u012bg\u0101 p\u0101rdo\u0161anas komanda p\u0101rzina jaun\u0101k\u0101s nozares tendences un klientu vajadz\u012bbas b\u016bvniec\u012bbas tehnikas nozar\u0113. Vi\u0146i var sniegt profesion\u0101las produktu konsult\u0101cijas un p\u0101rdom\u0101tus pirk\u0161anas ieteikumus, lai pal\u012bdz\u0113tu jums pie\u0146emt vislab\u0101ko l\u0113mumu j\u016bsu uz\u0146\u0113mumam.<\/p>\n<p>4. <strong>Efekt\u012bva lo\u0123istika<\/strong>Mums ir efekt\u012bva lo\u0123istikas izplat\u012b\u0161anas sist\u0113ma, lai nodro\u0161in\u0101tu, ka klienti savlaic\u012bgi un prec\u012bzi sa\u0146em nepiecie\u0161am\u0101s deta\u013cas. Tas noz\u012bm\u0113 minim\u0101lu d\u012bkst\u0101vi j\u016bsu celtniec\u012bbas tehnikai un netrauc\u0113tu j\u016bsu uz\u0146\u0113muma darb\u012bbu.<\/p>\n<p>5. <strong>Stingra kvalit\u0101tes kontrole<\/strong>M\u0113s veidojam ilgtermi\u0146a un stabilas sadarb\u012bbas attiec\u012bbas ar daudziem augstas kvalit\u0101tes pieg\u0101d\u0101t\u0101jiem gan m\u0101j\u0101s, gan \u0101rzem\u0113s, nodro\u0161inot, ka visas pieg\u0101d\u0101t\u0101s deta\u013cas, tostarp m\u016bsu hidrauliskais cilindrs, atbilst stingriem kvalit\u0101tes standartiem.<\/p>\n<p>Izmantojot FMP hidraulisko cilindru, j\u016bs varat b\u016bt p\u0101rliecin\u0101ti par savu celtniec\u012bbas ma\u0161\u012bnu kvalit\u0101ti un uzticam\u012bbu. Sazinieties ar mums jau \u0161odien, lai uzzin\u0101tu vair\u0101k par m\u016bsu produktiem un to, k\u0101 m\u0113s varam pal\u012bdz\u0113t jums atrast lab\u0101kos risin\u0101jumus j\u016bsu uz\u0146\u0113muma vajadz\u012bb\u0101m.<\/p>\n<p><img decoding=\"async\" src=\"https:\/\/fmp-components.com\/wp-content\/uploads\/2024\/12\/Adjustable-Clevis-Type-Cylinders-6.webp\" alt=\"Regul\u0113jams skavu tipa cilindrs\" width=\"853\" title=\"\"><br \/>\nAutors: CX<\/p>","protected":false},"excerpt":{"rendered":"<p>The Factory Price Long Stroke Hydraulic Cylinder For Dump Trailer is a high-quality product that is designed to provide superior performance and durability. This hydraulic cylinder is specifically engineered for dump trailers, making it an essential component for efficient and reliable trailer operation. One of the key features of this hydraulic cylinder is its long [&hellip;]<\/p>","protected":false},"featured_media":1718,"comment_status":"closed","ping_status":"closed","template":"","meta":{"_et_pb_use_builder":"","_et_pb_old_content":"","_et_gb_content_width":""},"product_brand":[],"product_cat":[45],"product_tag":[34,48],"class_list":{"0":"post-1717","1":"product","2":"type-product","3":"status-publish","4":"has-post-thumbnail","6":"product_cat-inverted-telescopic-cylinder","7":"product_tag-hydraulic-cylinder","8":"product_tag-inverted-telescopic-cylinder","10":"first","11":"instock","12":"product-type-simple"},"_links":{"self":[{"href":"https:\/\/fmp-components.com\/lv\/wp-json\/wp\/v2\/product\/1717","targetHints":{"allow":["GET"]}}],"collection":[{"href":"https:\/\/fmp-components.com\/lv\/wp-json\/wp\/v2\/product"}],"about":[{"href":"https:\/\/fmp-components.com\/lv\/wp-json\/wp\/v2\/types\/product"}],"replies":[{"embeddable":true,"href":"https:\/\/fmp-components.com\/lv\/wp-json\/wp\/v2\/comments?post=1717"}],"wp:featuredmedia":[{"embeddable":true,"href":"https:\/\/fmp-components.com\/lv\/wp-json\/wp\/v2\/media\/1718"}],"wp:attachment":[{"href":"https:\/\/fmp-components.com\/lv\/wp-json\/wp\/v2\/media?parent=1717"}],"wp:term":[{"taxonomy":"product_brand","embeddable":true,"href":"https:\/\/fmp-components.com\/lv\/wp-json\/wp\/v2\/product_brand?post=1717"},{"taxonomy":"product_cat","embeddable":true,"href":"https:\/\/fmp-components.com\/lv\/wp-json\/wp\/v2\/product_cat?post=1717"},{"taxonomy":"product_tag","embeddable":true,"href":"https:\/\/fmp-components.com\/lv\/wp-json\/wp\/v2\/product_tag?post=1717"}],"curies":[{"name":"wp","href":"https:\/\/api.w.org\/{rel}","templated":true}]}}