{"id":1715,"date":"2024-12-23T07:01:59","date_gmt":"2024-12-23T07:01:59","guid":{"rendered":"https:\/\/fmp-components.com\/product\/excellent-quality-trailer-long-stroke-cylinder-hydraulic-for-trailer\/"},"modified":"2025-03-11T05:49:43","modified_gmt":"2025-03-11T05:49:43","slug":"excellent-quality-trailer-long-stroke-cylinder-hydraulic-for-trailer","status":"publish","type":"product","link":"https:\/\/fmp-components.com\/lv\/product\/excellent-quality-trailer-long-stroke-cylinder-hydraulic-for-trailer\/","title":{"rendered":"Izcilas kvalit\u0101tes piekabes gar\u0101 g\u0101jiena hidrauliskais cilindrs piekabei"},"content":{"rendered":"<p>Izcilas kvalit\u0101tes piekabes gar\u0101 g\u0101jiena hidrauliskais cilindrs piekabei ir oblig\u0101ts pirkums ikvienam piekabes \u012bpa\u0161niekam. \u0160is hidrauliskais cilindrs lepojas ar izcilu kvalit\u0101ti un iztur\u012bbu, padarot to par ide\u0101lu izv\u0113li lieljaudas lietojumiem.<\/p>\n<p>\u0160is hidrauliskais cilindrs ir izgatavots no augstas kvalit\u0101tes materi\u0101liem un ir paredz\u0113ts ikdienas lieto\u0161anas slodzei. T\u0101 gar\u0101 g\u0101jiena konstrukcija nodro\u0161ina izcilu veiktsp\u0113ju, savuk\u0101rt iztur\u012bg\u0101 konstrukcija nodro\u0161ina ilgm\u016b\u017e\u012bbu un uzticam\u012bbu.<\/p>\n<p>Pateicoties uzlabotaj\u0101m funkcij\u0101m, izcilas kvalit\u0101tes piekabes gar\u0101 g\u0101jiena hidrauliskais cilindrs piekabei nodro\u0161ina izcilu veiktsp\u0113ju un efektivit\u0101ti. To ir viegli uzst\u0101d\u012bt un uztur\u0113t, padarot to par ide\u0101lu izv\u0113li gan ies\u0101c\u0113jiem, gan pieredz\u0113ju\u0161iem piekabju \u012bpa\u0161niekiem.<\/p>\n<p>Neatkar\u012bgi no t\u0101, vai p\u0101rvad\u0101jat smago tehniku, m\u0101jlopus vai citas kravas, \u0161is hidrauliskais cilindrs nodro\u0161ina nepiecie\u0161amo jaudu un uzticam\u012bbu, lai darbu paveiktu pareizi. Tad k\u0101p\u0113c gaid\u012bt? Ieguldiet lieliskas kvalit\u0101tes piekabes gar\u0101 g\u0101jiena hidrauliskaj\u0101 cilindr\u0101 piekabei jau \u0161odien un izbaudiet vislab\u0101ko veiktsp\u0113ju un kvalit\u0101ti! Iepaz\u012bstin\u0101m ar jaun\u0101kaj\u0101m hidrauliskaj\u0101m tehnolo\u0123ij\u0101m \u2013 m\u016bsu augst\u0101k\u0101s klases gar\u0101 g\u0101jiena hidraulisko cilindru piekab\u0113m. \u0160is pavisam jaunais produkts, kas tirg\u016b non\u0101ks 2023. gad\u0101, pied\u0101v\u0101 nep\u0101rsp\u0113jamu iztur\u012bbu un efektivit\u0101ti. Ide\u0101li piem\u0113rots lieto\u0161anai ra\u017eo\u0161anas r\u016bpn\u012bc\u0101s, ma\u0161\u012bnb\u016bves remonta darbn\u012bc\u0101s, saimniec\u012bb\u0101s, ener\u0123\u0113tikas un kalnr\u016bpniec\u012bbas nozar\u0113s, m\u016bsu hidrauliskais cilindrs sola vienm\u0113r\u012bgu darb\u012bbu un ilgu kalpo\u0161anas laiku. \u0160im augst\u0101k\u0101s kvalit\u0101tes produktam ir 1 gada garantija galvenaj\u0101m sast\u0101vda\u013c\u0101m, tostarp gultnim un virzu\u013ca cilindram.<\/p>\n<p><img decoding=\"async\" src=\"https:\/\/hzpt.com\/wp-content\/uploads\/2023\/11\/Inverted-Telescopic-Cylinder-22.webp\" alt=\"\" title=\"\"><\/p>\n<h2>M\u016bsu piekabes hidraulisk\u0101 cilindra ar garu g\u0101jienu \u012bpa\u0161\u012bbas<\/h2>\n<p>Piekabju gar\u0101 g\u0101jiena cilindra hidraulisk\u0101 sist\u0113ma ir standarta virzu\u013ccilindra tipa hidraulisk\u0101 sist\u0113ma, kas izstr\u0101d\u0101ta ar \u0161\u0101d\u0101m galvenaj\u0101m \u012bpa\u0161\u012bb\u0101m:<\/p>\n<ol>\n<li>Iztur\u012bgs t\u0113rauda korpusa materi\u0101ls maksim\u0101lai iztur\u012bbai un ilgm\u016b\u017e\u012bbai<\/li>\n<li>Izmanto hidraulisko sp\u0113ku efekt\u012bvai darb\u012bbai<\/li>\n<li>Maksim\u0101l\u0101 vilces jauda ir 3000 tonnu un maksim\u0101l\u0101 vilkmes jauda ir 20 tonnas<\/li>\n<li>Da\u017e\u0101ds urbuma izm\u0113rs no 2 l\u012bdz 6 coll\u0101m un stie\u0146a izm\u0113rs no 1,125 l\u012bdz 4 coll\u0101m<\/li>\n<li>G\u0101jiena garums no 6 l\u012bdz 48 coll\u0101m un tapas izm\u0113rs no 0,5 l\u012bdz 2 coll\u0101m<\/li>\n<\/ol>\n<h2>M\u016bsu gar\u0101 g\u0101jiena hidraulisk\u0101 cilindra pielietojums piekabei<\/h2>\n<p>M\u016bsu gar\u0101 g\u0101jiena hidrauliskais cilindrs ir piem\u0113rots pla\u0161am pielietojumu kl\u0101stam, piem\u0113ram:<\/p>\n<ol>\n<li>Ra\u017eo\u0161anas r\u016bpn\u012bcas, kur to var izmantot da\u017e\u0101d\u0101s iek\u0101rt\u0101s da\u017e\u0101diem procesiem<\/li>\n<li>Ma\u0161\u012bnu remonta darbn\u012bcas smago ma\u0161\u012bnu remontam un apkopei<\/li>\n<li>Fermas, kur to var izmantot lieljaudas lauksaimniec\u012bbas tehnik\u0101<\/li>\n<li>Ener\u0123\u0113tikas un kalnr\u016bpniec\u012bbas nozar\u0113s, kur t\u0101 var iztur\u0113t lielas slodzes un skarbus apst\u0101k\u013cus<\/li>\n<li>Ma\u0161\u012bnu ra\u017eo\u0161ana un r\u016bpn\u012bca, kur to var izmantot citu ma\u0161\u012bnu ra\u017eo\u0161an\u0101<\/li>\n<\/ol>\n<p><img decoding=\"async\" src=\"https:\/\/hzpt.com\/wp-content\/uploads\/2023\/11\/Inverted-Telescopic-Cylinder-Applications.webp\" alt=\"Garas g\u0101jiena cilindra hidraulisk\u0101s lietojumprogrammas\" title=\"\"><\/p>\n<h2>Piekabes hidraulisk\u0101 cilindra darb\u012bbas princips un apkope<\/h2>\n<p>Piekabes gar\u0101 g\u0101jiena hidrauliskais cilindrs darbojas, p\u0101rveidojot hidraulisk\u0101 \u0161\u0137idruma spiedienu sp\u0113k\u0101, kas var p\u0101rvietot kravas. Hidrauliskais \u0161\u0137idrums tiek ies\u016bkn\u0113ts cilindr\u0101, kas pagarina virzu\u013ca stieni, radot sp\u0113ku. \u0160o sp\u0113ku var izmantot kravu pacel\u0161anai, stum\u0161anai vai vilk\u0161anai.<\/p>\n<p>Hidraulisk\u0101 cilindra apkope ietver:<\/p>\n<ol>\n<li>Regul\u0101ra p\u0101rbaude, lai p\u0101rbaud\u012btu, vai nav nodiluma vai boj\u0101jumu paz\u012bmju<\/li>\n<li>Cilindra t\u012br\u012b\u0161ana, lai no\u0146emtu net\u012brumus vai gru\u017eus, kas var\u0113tu ietekm\u0113t t\u0101 darb\u012bbu<\/li>\n<li>Kust\u012bgo da\u013cu e\u013c\u013co\u0161ana, lai samazin\u0101tu berzi un nov\u0113rstu nodilumu<\/li>\n<li>Regul\u0101ras p\u0101rbaudes un remonts, lai uztur\u0113tu cilindru optim\u0101l\u0101 st\u0101vokl\u012b<\/li>\n<li>Bl\u012bvju nomai\u0146a p\u0113c nepiecie\u0161am\u012bbas, lai nov\u0113rstu nopl\u016bdes<\/li>\n<\/ol>\n<h2>Apgriezts teleskopiskais cilindrs<\/h2>\n<p>Apgriezts teleskopiskais cilindrs ir hidraulisk\u0101 cilindra veids, ko parasti izmanto da\u017e\u0101dos pielietojumos, tostarp piekab\u0113s. Tas ir paredz\u0113ts, lai nodro\u0161in\u0101tu izcilu kvalit\u0101ti un veiktsp\u0113ju, jo \u012bpa\u0161i attiec\u012bb\u0101 uz garu g\u0101jienu. \u0160\u0101da veida cilindram ir unik\u0101la konstrukcija, un tas darbojas p\u0113c hidraulisk\u0101 spiediena principa, lai rad\u012btu line\u0101ru sp\u0113ku un kust\u012bbu.<\/p>\n<p>\u0160eit ir da\u017eas izcilas kvalit\u0101tes piekabes gar\u0101 g\u0101jiena hidraulisk\u0101 cilindra galven\u0101s iez\u012bmes un priek\u0161roc\u012bbas:<\/p>\n<ol>\n<li><strong>Uzlabots dizains:<\/strong> Apgrieztais teleskopiskais cilindrs ir izstr\u0101d\u0101ts ar izsmalcin\u0101tu dizainu, kas nodro\u0161ina izcilu veiktsp\u0113ju. T\u0101 konstrukcija ietver vair\u0101kus posmus vai sekcijas, kas ievelkas viena otr\u0101, k\u0101 rezult\u0101t\u0101 tiek pagarin\u0101ts g\u0101jiena garums.<\/li>\n<li><strong>Ilgsto\u0161as \u200b\u200bdarb\u012bbas iesp\u0113jas:<\/strong> \u0160im cilindram ir iespaid\u012bgs g\u0101jiena garums, kas ir \u013coti svar\u012bgi lietojumos, kur nepiecie\u0161ama liel\u0101ka sniedzam\u012bba vai kust\u012bba. Pateicoties t\u0101 garajam g\u0101jienam, tas nodro\u0161ina uzlabotu elast\u012bbu un funkcionalit\u0101ti, padarot to ide\u0101li piem\u0113rotu piekab\u0113m un citam l\u012bdz\u012bgam apr\u012bkojumam.<\/li>\n<li><strong>Hidraulisk\u0101 jauda:<\/strong> Cilindrs izmanto hidraulisko ener\u0123iju, lai rad\u012btu sp\u0113ku un kust\u012bbu. Tas darbojas, izmantojot hidraulisk\u0101 \u0161\u0137idruma, parasti e\u013c\u013cas, rad\u012bto spiedienu, lai p\u0101rvietotu virzu\u013ca stieni line\u0101r\u0101 virzien\u0101. \u0160is meh\u0101nisms nodro\u0161ina vienm\u0113r\u012bgu un kontrol\u0113tu kust\u012bbu, \u013caujot prec\u012bzi un efekt\u012bvi darboties.<\/li>\n<li><strong>Izcila kvalit\u0101te:<\/strong> Izcilas kvalit\u0101tes piekabes gar\u0101 g\u0101jiena hidrauliskais cilindrs piekabei ir ra\u017eots, izmantojot augstas kvalit\u0101tes materi\u0101lus un prec\u012bzus ra\u017eo\u0161anas procesus. Tas nodro\u0161ina t\u0101 iztur\u012bbu, uzticam\u012bbu un ilgm\u016b\u017e\u012bbu pat sare\u017e\u0123\u012btos ekspluat\u0101cijas apst\u0101k\u013cos. Tas ir izstr\u0101d\u0101ts, lai iztur\u0113tu lielas slodzes, vibr\u0101cijas un skarbu vidi.<\/li>\n<li><strong>Lietojumprogrammu daudzpus\u012bba:<\/strong> \u0160\u0101da veida cilindrs tiek pla\u0161i izmantots da\u017e\u0101dos pielietojumos, kuriem nepiecie\u0161ams pagarin\u0101ts g\u0101jiena garums, piem\u0113ram, piekab\u0113s, ko izmanto transportam, b\u016bvniec\u012bbai vai lauksaimniec\u012bbas vajadz\u012bb\u0101m. Tas nodro\u0161ina nepiecie\u0161amo jaudu un veiktsp\u0113ju, lai efekt\u012bvi un lietder\u012bgi veiktu da\u017e\u0101dus uzdevumus.<\/li>\n<\/ol>\n<p>Nosl\u0113gum\u0101 j\u0101saka, ka apgrieztais teleskopiskais cilindrs, jo \u012bpa\u0161i izcilas kvalit\u0101tes piekabes gar\u0101 g\u0101jiena hidrauliskais cilindrs piekabei, pied\u0101v\u0101 izcilu veiktsp\u0113ju un daudzpus\u012bbu. T\u0101 uzlabotais dizains, gar\u0101 g\u0101jiena iesp\u0113jas, hidraulisk\u0101 jauda, \u200b\u200blielisk\u0101 kvalit\u0101te un pielietojuma daudzpus\u012bba padara to par uzticamu un efekt\u012bvu izv\u0113li da\u017e\u0101diem ar piekabi saist\u012btiem uzdevumiem. Neatkar\u012bgi no t\u0101, vai tas ir pre\u010du p\u0101rvad\u0101\u0161ana, b\u016bvniec\u012bbas projekti vai lauksaimniec\u012bbas darbi, \u0161is cilindrs nodro\u0161ina nepiecie\u0161amo sp\u0113ku un kust\u012bbu optim\u0101lai veiktsp\u0113jai.<\/p>\n<h3>Par FMP \u2013 hidraulisko cilindru<\/h3>\n<p>Uz\u0146\u0113mum\u0101 FMP m\u0113s specializ\u0113jamies augstas kvalit\u0101tes celtniec\u012bbas tehnikas deta\u013cu un nokomplekt\u0113tu iek\u0101rtu p\u0101rdo\u0161an\u0101 un apkalpo\u0161an\u0101. M\u016bsu hidrauliskais cilindrs ir viens no m\u016bsu popul\u0101r\u0101kajiem produktiem, un tam ir labs iemesls. \u0160eit ir pieci iemesli, k\u0101p\u0113c FMP hidrauliskais cilindrs ir lab\u0101k\u0101 izv\u0113le j\u016bsu celtniec\u012bbas tehnikas vajadz\u012bb\u0101m:<\/p>\n<p>1. <strong>Augst\u0101k\u0101s kvalit\u0101tes materi\u0101li<\/strong>M\u016bsu hidrauliskais cilindrs ir izgatavots no iztur\u012bgiem un uzticamiem materi\u0101liem, nodro\u0161inot ilgsto\u0161u darb\u012bbu un minim\u0101las apkopes pras\u012bbas.<\/p>\n<p>2. <strong>Piel\u0101gojamas opcijas<\/strong>M\u0113s pied\u0101v\u0101jam regul\u0113jamus skavu tipa cilindrus, k\u0101 ar\u012b citas piel\u0101gojamas iesp\u0113jas, lai apmierin\u0101tu j\u016bsu \u012bpa\u0161\u0101s vajadz\u012bbas. Pateicoties m\u016bsu pieredzei celtniec\u012bbas tehnikas deta\u013cu jom\u0101, m\u0113s varam sadarboties ar jums, lai atrastu lab\u0101ko risin\u0101jumu j\u016bsu apr\u012bkojumam.<\/p>\n<p>3. <strong>Ekspertu komanda<\/strong>M\u016bsu pieredz\u0113ju\u0161\u0101 un prasm\u012bg\u0101 p\u0101rdo\u0161anas komanda p\u0101rzina jaun\u0101k\u0101s nozares tendences un klientu vajadz\u012bbas b\u016bvniec\u012bbas tehnikas nozar\u0113. Vi\u0146i var sniegt profesion\u0101las produktu konsult\u0101cijas un p\u0101rdom\u0101tus pirk\u0161anas ieteikumus, lai pal\u012bdz\u0113tu jums pie\u0146emt vislab\u0101ko l\u0113mumu j\u016bsu uz\u0146\u0113mumam.<\/p>\n<p>4. <strong>Efekt\u012bva lo\u0123istika<\/strong>Mums ir efekt\u012bva lo\u0123istikas izplat\u012b\u0161anas sist\u0113ma, lai nodro\u0161in\u0101tu, ka klienti savlaic\u012bgi un prec\u012bzi sa\u0146em nepiecie\u0161am\u0101s deta\u013cas. Tas noz\u012bm\u0113 minim\u0101lu d\u012bkst\u0101vi j\u016bsu celtniec\u012bbas tehnikai un netrauc\u0113tu j\u016bsu uz\u0146\u0113muma darb\u012bbu.<\/p>\n<p>5. <strong>Stingra kvalit\u0101tes kontrole<\/strong>M\u0113s veidojam ilgtermi\u0146a un stabilas sadarb\u012bbas attiec\u012bbas ar daudziem augstas kvalit\u0101tes pieg\u0101d\u0101t\u0101jiem gan m\u0101j\u0101s, gan \u0101rzem\u0113s, nodro\u0161inot, ka visas pieg\u0101d\u0101t\u0101s deta\u013cas, tostarp m\u016bsu hidrauliskais cilindrs, atbilst stingriem kvalit\u0101tes standartiem.<\/p>\n<p>Izmantojot FMP hidraulisko cilindru, j\u016bs varat b\u016bt p\u0101rliecin\u0101ti par savu celtniec\u012bbas ma\u0161\u012bnu kvalit\u0101ti un uzticam\u012bbu. Sazinieties ar mums jau \u0161odien, lai uzzin\u0101tu vair\u0101k par m\u016bsu produktiem un to, k\u0101 m\u0113s varam pal\u012bdz\u0113t jums atrast lab\u0101kos risin\u0101jumus j\u016bsu uz\u0146\u0113muma vajadz\u012bb\u0101m.<\/p>\n<p><img decoding=\"async\" src=\"https:\/\/fmp-components.com\/wp-content\/uploads\/2024\/12\/Adjustable-Clevis-Type-Cylinders-6.webp\" alt=\"Regul\u0113jams skavu tipa cilindrs\" width=\"853\" title=\"\"><br \/>\nAutors: CX<\/p>","protected":false},"excerpt":{"rendered":"<p>The Excellent Quality Trailer Long Stroke Cylinder Hydraulic for Trailer is a must-have for any trailer owner. This hydraulic cylinder boasts superior quality and durability, making it the perfect choice for heavy-duty applications. Crafted from high-quality materials, this hydraulic cylinder is designed to withstand the rigors of daily use. Its long stroke design provides exceptional [&hellip;]<\/p>","protected":false},"featured_media":1716,"comment_status":"closed","ping_status":"closed","template":"","meta":{"_et_pb_use_builder":"","_et_pb_old_content":"","_et_gb_content_width":""},"product_brand":[],"product_cat":[45],"product_tag":[34,48],"class_list":{"0":"post-1715","1":"product","2":"type-product","3":"status-publish","4":"has-post-thumbnail","6":"product_cat-inverted-telescopic-cylinder","7":"product_tag-hydraulic-cylinder","8":"product_tag-inverted-telescopic-cylinder","10":"first","11":"instock","12":"product-type-simple"},"_links":{"self":[{"href":"https:\/\/fmp-components.com\/lv\/wp-json\/wp\/v2\/product\/1715","targetHints":{"allow":["GET"]}}],"collection":[{"href":"https:\/\/fmp-components.com\/lv\/wp-json\/wp\/v2\/product"}],"about":[{"href":"https:\/\/fmp-components.com\/lv\/wp-json\/wp\/v2\/types\/product"}],"replies":[{"embeddable":true,"href":"https:\/\/fmp-components.com\/lv\/wp-json\/wp\/v2\/comments?post=1715"}],"wp:featuredmedia":[{"embeddable":true,"href":"https:\/\/fmp-components.com\/lv\/wp-json\/wp\/v2\/media\/1716"}],"wp:attachment":[{"href":"https:\/\/fmp-components.com\/lv\/wp-json\/wp\/v2\/media?parent=1715"}],"wp:term":[{"taxonomy":"product_brand","embeddable":true,"href":"https:\/\/fmp-components.com\/lv\/wp-json\/wp\/v2\/product_brand?post=1715"},{"taxonomy":"product_cat","embeddable":true,"href":"https:\/\/fmp-components.com\/lv\/wp-json\/wp\/v2\/product_cat?post=1715"},{"taxonomy":"product_tag","embeddable":true,"href":"https:\/\/fmp-components.com\/lv\/wp-json\/wp\/v2\/product_tag?post=1715"}],"curies":[{"name":"wp","href":"https:\/\/api.w.org\/{rel}","templated":true}]}}