{"id":1713,"date":"2024-12-23T07:01:59","date_gmt":"2024-12-23T07:01:59","guid":{"rendered":"https:\/\/fmp-components.com\/product\/high-quality-small-dump-truck-4-stage-stainless-steel-hydraulic-cylinder\/"},"modified":"2025-03-11T06:03:01","modified_gmt":"2025-03-11T06:03:01","slug":"high-quality-small-dump-truck-4-stage-stainless-steel-hydraulic-cylinder","status":"publish","type":"product","link":"https:\/\/fmp-components.com\/lv\/product\/high-quality-small-dump-truck-4-stage-stainless-steel-hydraulic-cylinder\/","title":{"rendered":"Augstas kvalit\u0101tes maza pa\u0161izg\u0101z\u0113ja 4 pak\u0101pju ner\u016bs\u0113jo\u0161\u0101 t\u0113rauda hidrauliskais cilindrs"},"content":{"rendered":"<h2>Iepaz\u012bstin\u0101m ar augstas kvalit\u0101tes mazo pa\u0161izg\u0101z\u0113ja 4 pak\u0101pju ner\u016bs\u0113jo\u0161\u0101 t\u0113rauda hidraulisko cilindru:<\/h2>\n<p>Augstas kvalit\u0101tes mazo pa\u0161izg\u0101z\u0113ju 4 pak\u0101pju ner\u016bs\u0113jo\u0161\u0101 t\u0113rauda hidrauliskais cilindrs ir moderns produkts, kas paredz\u0113ts mazo pa\u0161izg\u0101z\u0113ju veiktsp\u0113jas un efektivit\u0101tes uzlabo\u0161anai. \u0160is hidrauliskais cilindrs ir izgatavots no augst\u0101k\u0101s klases ner\u016bs\u0113jo\u0161\u0101 t\u0113rauda, \u200b\u200bnodro\u0161inot nep\u0101rsp\u0113jamu iztur\u012bbu un iztur\u012bbu pret koroziju.<\/p>\n<p>\u0160im hidrauliskajam cilindram ir unik\u0101ls \u010detrpak\u0101pju dizains, kas nodro\u0161ina izcilu celtsp\u0113ju un prec\u012bzu vad\u012bbu. Tas nodro\u0161ina vienm\u0113r\u012bgu darb\u012bbu, padarot to ide\u0101li piem\u0113rotu da\u017e\u0101diem lieljaudas lietojumiem. Uzlabot\u0101 hidraulisk\u0101 sist\u0113ma nodro\u0161ina vienm\u0113r\u012bgu un uzticamu darb\u012bbu, garant\u0113jot pa\u0161izg\u0101z\u0113ja efekt\u012bvu darb\u012bbu.<\/p>\n<p>Ar savu kompakto izm\u0113ru \u0161is hidrauliskais cilindrs ir \u012bpa\u0161i piel\u0101gots maziem pa\u0161izg\u0101z\u0113jiem, \u013caujot tiem viegli manevr\u0113t \u0161aur\u0101s telp\u0101s. Ner\u016bs\u0113jo\u0161\u0101 t\u0113rauda konstrukcija ne tikai palielina t\u0101 ilgm\u016b\u017e\u012bbu, bet ar\u012b padara to piem\u0113rotu lieto\u0161anai skarbos apst\u0101k\u013cos, piem\u0113ram, ekstrem\u0101l\u0101s temperat\u016br\u0101s un kod\u012bg\u0101 vid\u0113.<\/p>\n<p><img decoding=\"async\" src=\"https:\/\/hzpt.com\/wp-content\/uploads\/2023\/11\/Inverted-Telescopic-Cylinder-3.webp\" alt=\"\" title=\"\"><\/p>\n<p>Augstas kvalit\u0101tes maza izm\u0113ra pa\u0161izg\u0101z\u0113ja 4 pak\u0101pju ner\u016bs\u0113jo\u0161\u0101 t\u0113rauda hidrauliskais cilindrs lepojas ar lielu kravnes\u012bbu, padarot to sp\u0113j\u012bgu apstr\u0101d\u0101t lielu materi\u0101lu daudzumu. Tas ir paredz\u0113ts, lai iztur\u0113tu lielas slodzes, neapdraudot t\u0101 funkcionalit\u0101ti vai konstrukcijas integrit\u0101ti.<\/p>\n<p>Rezum\u0113jot, augstas kvalit\u0101tes mazo pa\u0161izg\u0101z\u0113ju 4 pak\u0101pju ner\u016bs\u0113jo\u0161\u0101 t\u0113rauda hidrauliskais cilindrs ir augst\u0101k\u0101s kvalit\u0101tes produkts, kas pied\u0101v\u0101 izcilu veiktsp\u0113ju, iztur\u012bbu un prec\u012bzu vad\u012bbu. T\u0101 ir ide\u0101la izv\u0113le maziem pa\u0161izg\u0101z\u0113jiem, nodro\u0161inot efekt\u012bvu un uzticamu darb\u012bbu da\u017e\u0101d\u0101s sare\u017e\u0123\u012bt\u0101s vid\u0113s.<\/p>\n<div>\n<table style=\"width: 100%;\" border=\"1\" width=\"100%\" cellspacing=\"0\" cellpadding=\"0\">\n<tbody>\n<tr>\n<th>Produkta nosaukums<\/th>\n<td>Mazais pa\u0161izg\u0101z\u0113js 4 pak\u0101pju ner\u016bs\u0113jo\u0161\u0101 t\u0113rauda hidrauliskais cilindrs<\/td>\n<\/tr>\n<tr>\n<th>St\u0101voklis<\/th>\n<td>Jauns (2024)<\/td>\n<\/tr>\n<tr>\n<th>Svars (kg)<\/th>\n<td>40<\/td>\n<\/tr>\n<tr>\n<th>Maksim\u0101l\u0101 vilce<\/th>\n<td>3000<\/td>\n<\/tr>\n<tr>\n<th>Maksim\u0101lais vilk\u0161anas sp\u0113ks<\/th>\n<td>20 tonnas<\/td>\n<\/tr>\n<tr>\n<th>Materi\u0101ls<\/th>\n<td>Ner\u016bs\u0113jo\u0161ais t\u0113rauds<\/td>\n<\/tr>\n<tr>\n<th>Sertifik\u0101cija<\/th>\n<td>ISO9001:2000<\/td>\n<\/tr>\n<tr>\n<th>Piem\u0113rojam\u0101s nozares<\/th>\n<td>Ra\u017eo\u0161anas r\u016bpn\u012bcas, Ma\u0161\u012bnu remonta darbn\u012bcas, Lauksaimniec\u012bbas saimniec\u012bbas, Ener\u0123\u0113tika un ieguves r\u016bpniec\u012bba, Ma\u0161\u012bnu r\u016bpn\u012bcas<\/td>\n<\/tr>\n<tr>\n<th>Dizains<\/th>\n<td>4. posms uzlabotai veiktsp\u0113jai<\/td>\n<\/tr>\n<\/tbody>\n<\/table>\n<\/div>\n<div>\n<h2>4 pak\u0101pju ner\u016bs\u0113jo\u0161\u0101 t\u0113rauda hidraulisk\u0101 cilindra \u012bpa\u0161\u012bbas<\/h2>\n<p>\u010cetrpak\u0101pju ner\u016bs\u0113jo\u0161\u0101 t\u0113rauda hidrauliskais cilindrs pied\u0101v\u0101 da\u017e\u0101das funkcijas:<\/p>\n<ul>\n<li>Standarta virzu\u013ccilindra strukt\u016bra optim\u0101lai veiktsp\u0113jai<\/li>\n<li>Hidraulisk\u0101 jauda, \u200b\u200bkas nodro\u0161ina sp\u0113c\u012bgu sp\u0113ku un kontroli<\/li>\n<li>Iztur\u012bgs t\u0113rauda korpusa materi\u0101ls, kas paredz\u0113ts intens\u012bvai lieto\u0161anai<\/li>\n<li>Apgriezts teleskopiskais cilindrs, kas nodro\u0161ina kompaktu uzglab\u0101\u0161anu un liel\u0101ku sasniedzam\u012bbu<\/li>\n<li>Balonu var savienot, izmantojot da\u017e\u0101das piesl\u0113gvietas, tostarp G, SAE, NPT un M.<\/li>\n<\/ul>\n<\/div>\n<div>\n<h2>4 pak\u0101pju ner\u016bs\u0113jo\u0161\u0101 t\u0113rauda hidraulisk\u0101 cilindra pielietojums<\/h2>\n<p>\u0160is hidrauliskais cilindrs ir \u0101rk\u0101rt\u012bgi daudzpus\u012bgs un to var izmantot vair\u0101kos pielietojumos:<\/p>\n<ul>\n<li>\n<ul>\n<li>Ra\u017eo\u0161anas r\u016bpn\u012bcas darb\u012bbas smaguma cel\u0161anai un p\u0101rvieto\u0161anai<\/li>\n<li>Ma\u0161\u012bnu remonta darbn\u012bcas iek\u0101rtu apkopei un apkalpo\u0161anai<\/li>\n<li>Lauksaimniec\u012bbas darbi saimniec\u012bb\u0101s, kuriem nepiecie\u0161ams iev\u0113rojams sp\u0113ks<\/li>\n<li>Ener\u0123\u0113tikas un kalnr\u016bpniec\u012bbas nozare rak\u0161anas un ieguves vajadz\u012bb\u0101m<\/li>\n<\/ul>\n<\/li>\n<li>Ma\u0161\u012bnu ra\u017eo\u0161ana un r\u016bpn\u012bcas darb\u012bba da\u017e\u0101diem lietojumiem<\/li>\n<\/ul>\n<p><img decoding=\"async\" src=\"https:\/\/hzpt.com\/wp-content\/uploads\/2023\/11\/Inverted-Telescopic-Cylinder-Applications.webp\" alt=\"Teleskopisko cilindru pielietojumi\" title=\"\"><\/p>\n<\/div>\n<div>\n<h2>4 pak\u0101pju ner\u016bs\u0113jo\u0161\u0101 t\u0113rauda hidraulisk\u0101 cilindra darb\u012bbas princips un apkopes metodes<\/h2>\n<p>\u010cetrpak\u0101pju ner\u016bs\u0113jo\u0161\u0101 t\u0113rauda hidrauliskais cilindrs darbojas, izmantojot tr\u012bs galvenos procesus: konfigur\u0101ciju, hidraulisk\u0101 \u0161\u0137idruma padevi un izejas sp\u0113ku. Regul\u0101ra apkope nodro\u0161ina optim\u0101lu veiktsp\u0113ju un ilgu kalpo\u0161anas laiku. T\u0101l\u0101k ir nor\u0101d\u012btas apkopes metodes:<\/p>\n<ol>\n<li>Konfigur\u0101cija: Iestatiet cilindru atbilsto\u0161i konkr\u0113t\u0101 uzdevuma pras\u012bb\u0101m.<\/li>\n<li>Hidraulisk\u0101 \u0161\u0137idruma padeve: Ievada \u0161\u0137idrumu cilindr\u0101, radot spiedienu.<\/li>\n<li>Izejas sp\u0113ks: \u0160\u0137idruma spiediens rada sp\u0113ka izeju, kas liek cilindram veikt savu uzdevumu.<\/li>\n<li>Regul\u0101ra p\u0101rbaude un t\u012br\u012b\u0161ana: Regul\u0101ri p\u0101rbaudiet un t\u012briet cilindru, lai pagarin\u0101tu t\u0101 kalpo\u0161anas laiku un optimiz\u0113tu t\u0101 darb\u012bbu.<\/li>\n<li>Bl\u012bvju nomai\u0146a: nomainiet bl\u012bves, lai nov\u0113rstu nopl\u016bdes un saglab\u0101tu augstu veiktsp\u0113ju.<\/li>\n<\/ol>\n<\/div>\n<div>\n<p><img decoding=\"async\" src=\"https:\/\/hzpt.com\/wp-content\/uploads\/2023\/11\/Inverted-Telescopic-Cylinder-10.webp\" alt=\"\" title=\"\"><\/p>\n<\/div>\n<h2>Apgriezts teleskopiskais cilindrs<\/h2>\n<p>Run\u0101jot par hidrauliskajiem cilindriem, viens no tiem, kas izce\u013cas, ir apgrieztais teleskopiskais cilindrs. \u0160im unik\u0101lajam cilindra dizainam ir vair\u0101kas priek\u0161roc\u012bbas sal\u012bdzin\u0101jum\u0101 ar tradicion\u0101lajiem cilindriem, padarot to par popul\u0101ru izv\u0113li da\u017e\u0101d\u0101s nozar\u0113s. \u0160aj\u0101 emu\u0101ra ierakst\u0101 m\u0113s iedzi\u013cin\u0101simies \u0161\u012b cilindra smalkumos un izp\u0113t\u012bsim t\u0101 funkcijas, pielietojumu un priek\u0161roc\u012bbas.<\/p>\n<h3>Apgriezt\u0101 teleskopisk\u0101 cilindra \u012bpa\u0161\u012bbas<\/h3>\n<p>Apgrieztais teleskopiskais cilindrs, kas paz\u012bstams ar\u012b k\u0101 \u010detrpak\u0101pju ner\u016bs\u0113jo\u0161\u0101 t\u0113rauda hidrauliskais cilindrs, izce\u013cas ar inovat\u012bvu dizainu un izcilu funkcionalit\u0101ti. Tas sast\u0101v no vair\u0101kiem posmiem, kas ievelkas viens otr\u0101, nodro\u0161inot kompaktu un efekt\u012bvu hidraulisko sist\u0113mu. \u0160eit ir da\u017eas \u0161\u012b cilindra galven\u0101s iez\u012bmes:<\/p>\n<ol>\n<li><strong>Augsta kvalit\u0101te:<\/strong> Apgrieztais teleskopiskais cilindrs ir izgatavots no augst\u0101k\u0101s kvalit\u0101tes materi\u0101liem un tiek pak\u013cauts stingrai kvalit\u0101tes kontrolei. Tas nodro\u0161ina t\u0101 iztur\u012bbu, uzticam\u012bbu un ilgu kalpo\u0161anas laiku.<\/li>\n<li><strong>Maza pa\u0161izg\u0101z\u0113ja pielietojums:<\/strong> \u0160o cilindru parasti izmanto mazos pa\u0161izg\u0101z\u0113jos, lai efekt\u012bvi paceltu un izg\u0101ztu smagas kravas. T\u0101 kompaktais izm\u0113rs un jaud\u012bg\u0101 veiktsp\u0113ja padara to par ide\u0101lu izv\u0113li \u0161im pielietojumam.<\/li>\n<li><strong>Ner\u016bs\u0113jo\u0161\u0101 t\u0113rauda konstrukcija:<\/strong> Cilindrs ir izgatavots no ner\u016bs\u0113jo\u0161\u0101 t\u0113rauda, \u200b\u200bkas nodro\u0161ina izcilu iztur\u012bbu pret koroziju, nodilumu un ekstrem\u0101l\u0101m temperat\u016br\u0101m. Tas padara to piem\u0113rotu lieto\u0161anai sare\u017e\u0123\u012btos apst\u0101k\u013cos.<\/li>\n<li><strong>Hidraulisk\u0101 darb\u012bba:<\/strong> Apgrieztais teleskopiskais cilindrs izmanto hidraulisko spiedienu, lai izstieptu un ievilktu t\u0101 posmus. \u0160\u012b hidraulisk\u0101 darb\u012bba nodro\u0161ina vienm\u0113r\u012bgu un prec\u012bzu kust\u012bbu, uzlabojot sist\u0113mas kop\u0113jo efektivit\u0101ti.<\/li>\n<\/ol>\n<h3>Apgriezt\u0101 teleskopisk\u0101 cilindra priek\u0161roc\u012bbas<\/h3>\n<p>Apgrieztais teleskopiskais cilindrs pied\u0101v\u0101 virkni priek\u0161roc\u012bbu, kas padara to par iecien\u012btu izv\u0113li da\u017e\u0101diem hidrauliskiem pielietojumiem. Apskat\u012bsim da\u017eas no \u0161\u012bm priek\u0161roc\u012bb\u0101m:<\/p>\n<ul>\n<li><strong>Kompakts dizains:<\/strong> \u0160\u012b cilindra teleskopisk\u0101 daba nodro\u0161ina kompaktu konstrukciju, ietaupot v\u0113rt\u012bgu vietu iek\u0101rt\u0101s vai ma\u0161\u012bn\u0101s. Tas ir \u012bpa\u0161i izdev\u012bgi lietojumos ar ierobe\u017eotu vietu.<\/li>\n<li><strong>Pagarin\u0101ts g\u0101jiena garums:<\/strong> Cilindra vair\u0101kie posmi nodro\u0161ina gar\u0101ku g\u0101jiena garumu sal\u012bdzin\u0101jum\u0101 ar tradicion\u0101lajiem cilindriem. \u0160is pagarin\u0101tais g\u0101jiens nodro\u0161ina liel\u0101ku sniedzam\u012bbu un elast\u012bbu cel\u0161anas vai stum\u0161anas darb\u012bb\u0101s.<\/li>\n<li><strong>Paaugstin\u0101ta celtsp\u0113ja:<\/strong> Apgriezt\u0101 teleskopisk\u0101 cilindra konstrukcija nodro\u0161ina palielin\u0101tu celtsp\u0113ju, padarot to piem\u0113rotu smagu kravu vieglai apstr\u0101dei. T\u0101 iztur\u012bg\u0101 konstrukcija un hidraulisk\u0101 jauda veicina iespaid\u012bg\u0101s celtsp\u0113jas.<\/li>\n<li><strong>Uzlabota stabilit\u0101te:<\/strong> Cilindra daudzpak\u0101pju konstrukcija nodro\u0161ina uzlabotu stabilit\u0101ti darb\u012bbas laik\u0101, samazinot vibr\u0101cijas un nodro\u0161inot vienm\u0113r\u012bgas un kontrol\u0113tas kust\u012bbas. \u0160\u012b stabilit\u0101te ir \u013coti svar\u012bga lietojumos, kur precizit\u0101te un dro\u0161\u012bba ir \u0101rk\u0101rt\u012bgi svar\u012bga.<\/li>\n<\/ul>\n<p>Nosl\u0113gum\u0101 j\u0101saka, ka apgrieztais teleskopiskais cilindrs ir iev\u0113rojams hidraulisk\u0101s tehnolo\u0123ijas elements, kas pied\u0101v\u0101 unik\u0101las funkcijas, pielietojumu un priek\u0161roc\u012bbas. T\u0101 augstas kvalit\u0101tes konstrukcija, piem\u0113rot\u012bba maziem pa\u0161izg\u0101z\u0113jiem, ner\u016bs\u0113jo\u0161\u0101 t\u0113rauda sast\u0101vs un hidraulisk\u0101 darb\u012bba padara to par lielisku izv\u0113li da\u017e\u0101d\u0101m nozar\u0113m. Neatkar\u012bgi no t\u0101, vai j\u0101pace\u013c smagas kravas, j\u0101palielina g\u0101jiena garums vai j\u0101uzlabo stabilit\u0101te, \u0161is cilindrs nodro\u0161ina izcilu veiktsp\u0113ju. Apgriezt\u0101 teleskopisk\u0101 cilindra iek\u013cau\u0161ana hidrauliskaj\u0101s sist\u0113m\u0101s ir gudrs ieguld\u012bjums efektivit\u0101t\u0113, uzticam\u012bb\u0101 un produktivit\u0101t\u0113.<\/p>\n<h3>Par FMP \u2013 hidraulisko cilindru<\/h3>\n<p>Uz\u0146\u0113mum\u0101 FMP m\u0113s specializ\u0113jamies augstas kvalit\u0101tes celtniec\u012bbas tehnikas deta\u013cu un nokomplekt\u0113tu iek\u0101rtu p\u0101rdo\u0161an\u0101 un apkalpo\u0161an\u0101. M\u016bsu hidrauliskais cilindrs ir viens no m\u016bsu popul\u0101r\u0101kajiem produktiem, un tam ir labs iemesls. \u0160eit ir pieci iemesli, k\u0101p\u0113c FMP hidrauliskais cilindrs ir lab\u0101k\u0101 izv\u0113le j\u016bsu celtniec\u012bbas tehnikas vajadz\u012bb\u0101m:<\/p>\n<p>1. <strong>Augst\u0101k\u0101s kvalit\u0101tes materi\u0101li<\/strong>M\u016bsu hidrauliskais cilindrs ir izgatavots no iztur\u012bgiem un uzticamiem materi\u0101liem, nodro\u0161inot ilgsto\u0161u darb\u012bbu un minim\u0101las apkopes pras\u012bbas.<\/p>\n<p>2. <strong>Piel\u0101gojamas opcijas<\/strong>M\u0113s pied\u0101v\u0101jam regul\u0113jamus skavu tipa cilindrus, k\u0101 ar\u012b citas piel\u0101gojamas iesp\u0113jas, lai apmierin\u0101tu j\u016bsu \u012bpa\u0161\u0101s vajadz\u012bbas. Pateicoties m\u016bsu pieredzei celtniec\u012bbas tehnikas deta\u013cu jom\u0101, m\u0113s varam sadarboties ar jums, lai atrastu lab\u0101ko risin\u0101jumu j\u016bsu apr\u012bkojumam.<\/p>\n<p>3. <strong>Ekspertu komanda<\/strong>M\u016bsu pieredz\u0113ju\u0161\u0101 un prasm\u012bg\u0101 p\u0101rdo\u0161anas komanda p\u0101rzina jaun\u0101k\u0101s nozares tendences un klientu vajadz\u012bbas b\u016bvniec\u012bbas tehnikas nozar\u0113. Vi\u0146i var sniegt profesion\u0101las produktu konsult\u0101cijas un p\u0101rdom\u0101tus pirk\u0161anas ieteikumus, lai pal\u012bdz\u0113tu jums pie\u0146emt vislab\u0101ko l\u0113mumu j\u016bsu uz\u0146\u0113mumam.<\/p>\n<p>4. <strong>Efekt\u012bva lo\u0123istika<\/strong>Mums ir efekt\u012bva lo\u0123istikas izplat\u012b\u0161anas sist\u0113ma, lai nodro\u0161in\u0101tu, ka klienti savlaic\u012bgi un prec\u012bzi sa\u0146em nepiecie\u0161am\u0101s deta\u013cas. Tas noz\u012bm\u0113 minim\u0101lu d\u012bkst\u0101vi j\u016bsu celtniec\u012bbas tehnikai un netrauc\u0113tu j\u016bsu uz\u0146\u0113muma darb\u012bbu.<\/p>\n<p>5. <strong>Stingra kvalit\u0101tes kontrole<\/strong>M\u0113s veidojam ilgtermi\u0146a un stabilas sadarb\u012bbas attiec\u012bbas ar daudziem augstas kvalit\u0101tes pieg\u0101d\u0101t\u0101jiem gan m\u0101j\u0101s, gan \u0101rzem\u0113s, nodro\u0161inot, ka visas pieg\u0101d\u0101t\u0101s deta\u013cas, tostarp m\u016bsu hidrauliskais cilindrs, atbilst stingriem kvalit\u0101tes standartiem.<\/p>\n<p>Izmantojot FMP hidraulisko cilindru, j\u016bs varat b\u016bt p\u0101rliecin\u0101ti par savu celtniec\u012bbas ma\u0161\u012bnu kvalit\u0101ti un uzticam\u012bbu. Sazinieties ar mums jau \u0161odien, lai uzzin\u0101tu vair\u0101k par m\u016bsu produktiem un to, k\u0101 m\u0113s varam pal\u012bdz\u0113t jums atrast lab\u0101kos risin\u0101jumus j\u016bsu uz\u0146\u0113muma vajadz\u012bb\u0101m.<\/p>\n<p><img decoding=\"async\" src=\"https:\/\/fmp-components.com\/wp-content\/uploads\/2024\/12\/Adjustable-Clevis-Type-Cylinders-6.webp\" alt=\"Regul\u0113jams skavu tipa cilindrs\" width=\"853\" title=\"\"><br \/>\nAutors: CX<\/p>","protected":false},"excerpt":{"rendered":"<p>Introducing the High Quality Small Dump Truck 4 Stage Stainless Steel Hydraulic Cylinder: The High Quality Small Dump Truck 4 Stage Stainless Steel Hydraulic Cylinder is a cutting-edge product designed to enhance the performance and efficiency of small dump trucks. This hydraulic cylinder is constructed with top-of-the-line stainless steel, ensuring unparalleled durability and resistance to [&hellip;]<\/p>","protected":false},"featured_media":1714,"comment_status":"closed","ping_status":"closed","template":"","meta":{"_et_pb_use_builder":"","_et_pb_old_content":"","_et_gb_content_width":""},"product_brand":[],"product_cat":[45],"product_tag":[34,48],"class_list":{"0":"post-1713","1":"product","2":"type-product","3":"status-publish","4":"has-post-thumbnail","6":"product_cat-inverted-telescopic-cylinder","7":"product_tag-hydraulic-cylinder","8":"product_tag-inverted-telescopic-cylinder","10":"first","11":"instock","12":"product-type-simple"},"_links":{"self":[{"href":"https:\/\/fmp-components.com\/lv\/wp-json\/wp\/v2\/product\/1713","targetHints":{"allow":["GET"]}}],"collection":[{"href":"https:\/\/fmp-components.com\/lv\/wp-json\/wp\/v2\/product"}],"about":[{"href":"https:\/\/fmp-components.com\/lv\/wp-json\/wp\/v2\/types\/product"}],"replies":[{"embeddable":true,"href":"https:\/\/fmp-components.com\/lv\/wp-json\/wp\/v2\/comments?post=1713"}],"wp:featuredmedia":[{"embeddable":true,"href":"https:\/\/fmp-components.com\/lv\/wp-json\/wp\/v2\/media\/1714"}],"wp:attachment":[{"href":"https:\/\/fmp-components.com\/lv\/wp-json\/wp\/v2\/media?parent=1713"}],"wp:term":[{"taxonomy":"product_brand","embeddable":true,"href":"https:\/\/fmp-components.com\/lv\/wp-json\/wp\/v2\/product_brand?post=1713"},{"taxonomy":"product_cat","embeddable":true,"href":"https:\/\/fmp-components.com\/lv\/wp-json\/wp\/v2\/product_cat?post=1713"},{"taxonomy":"product_tag","embeddable":true,"href":"https:\/\/fmp-components.com\/lv\/wp-json\/wp\/v2\/product_tag?post=1713"}],"curies":[{"name":"wp","href":"https:\/\/api.w.org\/{rel}","templated":true}]}}