{"id":1711,"date":"2024-12-23T07:01:59","date_gmt":"2024-12-23T07:01:59","guid":{"rendered":"https:\/\/fmp-components.com\/product\/factory-direct-supply-long-stroke-customized-telescopic-hydraulic-cylinder\/"},"modified":"2025-05-10T12:32:13","modified_gmt":"2025-05-10T12:32:13","slug":"factory-direct-supply-long-stroke-customized-telescopic-hydraulic-cylinder","status":"publish","type":"product","link":"https:\/\/fmp-components.com\/lv\/product\/factory-direct-supply-long-stroke-customized-telescopic-hydraulic-cylinder\/","title":{"rendered":"R\u016bpn\u012bcas tie\u0161\u0101s pieg\u0101des piel\u0101gots teleskopiskais hidrauliskais cilindrs ar ilgu g\u0101jienu"},"content":{"rendered":"<h2>Iepaz\u012bstin\u0101m ar m\u016bsu r\u016bpn\u012bcas tie\u0161\u0101s pieg\u0101des piel\u0101goto teleskopisko hidraulisko cilindru ar garu g\u0101jienu<\/h2>\n<p>M\u016bsu pavisam jaunais hidrauliskais cilindrs ir moderns produkts, kas ir ide\u0101li piem\u0113rots izmanto\u0161anai da\u017e\u0101d\u0101s nozar\u0113s, piem\u0113ram, ra\u017eo\u0161anas r\u016bpn\u012bc\u0101s, ma\u0161\u012bnb\u016bves remonta darbn\u012bc\u0101s, lauksaimniec\u012bbas uz\u0146\u0113mumos, ener\u0123\u0113tikas un ieguves r\u016bpniec\u012bb\u0101, ma\u0161\u012bnb\u016bves nozar\u0113 un ma\u0161\u012bnb\u016bves r\u016bpn\u012bc\u0101s. Ar 40 kg svaru \u0161\u012b hidraulisk\u0101 cilindra maksim\u0101l\u0101 vilces jauda ir 3000 un maksim\u0101l\u0101 vilk\u0161anas jauda ir 20 tonnas. Tas ir apgriezta teleskopisk\u0101 cilindra tipa un apr\u012bkots ar standarta G\/SAE\/NPT\/M piesl\u0113gviet\u0101m. Cilindrs ir sertific\u0113ts saska\u0146\u0101 ar ISO9001:2000 un ir pieejams elegant\u0101 meln\u0101 kr\u0101s\u0101.<\/p>\n<p><img decoding=\"async\" src=\"https:\/\/hzpt.com\/wp-content\/uploads\/2023\/11\/Inverted-Telescopic-Cylinder-11.webp\" alt=\"Apgriezts teleskopiskais cilindrs\" title=\"\"><\/p>\n<h2>M\u016bsu hidraulisk\u0101 cilindra iev\u0113rojam\u0101s \u012bpa\u0161\u012bbas<\/h2>\n<p>M\u016bsu piel\u0101gotais teleskopiskais hidrauliskais cilindrs ar garu g\u0101jienu pied\u0101v\u0101 vair\u0101kas unik\u0101las funkcijas, kas to at\u0161\u0137ir no citiem:<\/p>\n<ul>\n<li>Standarta strukt\u016bra: Tam ir standarta virzu\u013ccilindra strukt\u016bra, kas nodro\u0161ina uzticamu un efekt\u012bvu veiktsp\u0113ju.<\/li>\n<li>Augstas kvalit\u0101tes galven\u0101s sast\u0101vda\u013cas: Cilindrs ir apr\u012bkots ar augst\u0101k\u0101s kvalit\u0101tes galvenaj\u0101m sast\u0101vda\u013c\u0101m, piem\u0113ram, gultni un virzu\u013ca cilindru.<\/li>\n<li>Iztur\u012bgs korpusa materi\u0101ls: Izgatavots no iztur\u012bga t\u0113rauda, \u200b\u200bhidrauliskais cilindrs garant\u0113 ilgsto\u0161u iztur\u012bbu.<\/li>\n<li>Piel\u0101gojams izm\u0113rs: Urbuma izm\u0113rs ir no 2 l\u012bdz 6 coll\u0101m, stie\u0146a izm\u0113rs no 1,125 l\u012bdz 4 coll\u0101m, g\u0101jiena izm\u0113rs no 6 l\u012bdz 48 coll\u0101m un tapas izm\u0113rs no 0,5 l\u012bdz 2 coll\u0101m, kas \u013cauj piel\u0101got atbilsto\u0161i \u012bpa\u0161\u0101m pras\u012bb\u0101m.<\/li>\n<li>Vienu gadu garantija: M\u0113s garant\u0113jam savu produktu kvalit\u0101ti, pied\u0101v\u0101jot viena gada garantiju gan produktam, gan t\u0101 galvenaj\u0101m sast\u0101vda\u013c\u0101m.<\/li>\n<\/ul>\n<h2>M\u016bsu hidraulisk\u0101 cilindra pielietojums<\/h2>\n<p>M\u016bsu teleskopiskais hidrauliskais cilindrs ir daudzpus\u012bgs un tiek izmantots da\u017e\u0101d\u0101s nozar\u0113s:<\/p>\n<ul>\n<li>Ra\u017eo\u0161anas r\u016bpn\u012bcas: izmanto lieljaudas ma\u0161\u012bn\u0101s ra\u017eo\u0161anas procesos.<\/li>\n<li>Ma\u0161\u012bnu remonta darbn\u012bcas: nepiecie\u0161amas da\u017e\u0101du ma\u0161\u012bnu remontam un apkopei.<\/li>\n<li>Fermas: Izmanto lauksaimniec\u012bbas ma\u0161\u012bn\u0101s efekt\u012bv\u0101m lauksaimniec\u012bbas darb\u012bb\u0101m.<\/li>\n<li>Ener\u0123\u0113tika un ieguves r\u016bpniec\u012bba: tai ir iz\u0161\u0137iro\u0161a noz\u012bme resursu ieguv\u0113 un apstr\u0101d\u0113.<\/li>\n<li>Ma\u0161\u012bnu ra\u017eo\u0161ana: Neat\u0146emama da\u017e\u0101du ma\u0161\u012bnu ra\u017eo\u0161anas sast\u0101vda\u013ca.<\/li>\n<\/ul>\n<p><img decoding=\"async\" src=\"https:\/\/hzpt.com\/wp-content\/uploads\/2023\/11\/Inverted-Telescopic-Cylinder-Applications.webp\" alt=\"Apgrieztu teleskopisko cilindru pielietojumi\" title=\"\"><\/p>\n<h2>M\u016bsu hidraulisk\u0101 cilindra darb\u012bbas princips un apkope<\/h2>\n<p>M\u016bsu hidrauliskais cilindrs darbojas p\u0113c hidraulisk\u0101 \u0161\u0137idruma ieejas un izejas sp\u0113ka principa. Hidrauliskais \u0161\u0137idrums tiek pak\u013cauts spiedienam, un spiediens tiek p\u0101rveidots line\u0101r\u0101 kust\u012bb\u0101 ar virzu\u013ca un cilindra pal\u012bdz\u012bbu. \u0160\u0137idruma rad\u012btais sp\u0113ks p\u0101rvieto virzuli, kas savuk\u0101rt p\u0101rvieto tam pievienoto slodzi. Lai saglab\u0101tu m\u016bsu hidraulisk\u0101 cilindra veiktsp\u0113ju un ilgm\u016b\u017e\u012bbu, \u0161eit ir nor\u0101d\u012bti da\u017ei svar\u012bgi apkopes so\u013ci:<\/p>\n<ul>\n<li>Regul\u0101ra p\u0101rbaude: Regul\u0101ri p\u0101rbaudiet cilindru, vai nav nopl\u016b\u017eu vai boj\u0101jumu.<\/li>\n<li>T\u012br\u012b\u0161ana: Turiet cilindru t\u012bru no net\u012brumiem un gru\u017eiem, lai nov\u0113rstu aizsprostojumus vai bl\u012bv\u0113jumu boj\u0101jumus.<\/li>\n<li>E\u013c\u013co\u0161ana: Regul\u0101ri iee\u013c\u013cojiet kust\u012bg\u0101s da\u013cas, lai nodro\u0161in\u0101tu vienm\u0113r\u012bgu darb\u012bbu.<\/li>\n<li>Regul\u0101ras p\u0101rbaudes un remonts: Regul\u0101ri p\u0101rbaudiet, vai nav nodiluma paz\u012bmju, un nepiecie\u0161am\u012bbas gad\u012bjum\u0101 remont\u0113jiet vai nomainiet deta\u013cas.<\/li>\n<li>Bl\u012bv\u0113jumu nomai\u0146a: Regul\u0101ri nomainiet bl\u012bves, lai nov\u0113rstu nopl\u016bdes un uztur\u0113tu spiedienu.<\/li>\n<li>Iev\u0113rojiet lietot\u0101ja rokasgr\u0101matu: Lai nodro\u0161in\u0101tu dro\u0161u un efekt\u012bvu darb\u012bbu, vienm\u0113r iev\u0113rojiet lietot\u0101ja rokasgr\u0101mat\u0101 sniegtos nor\u0101d\u012bjumus un vadl\u012bnijas.<\/li>\n<\/ul>\n<p><img decoding=\"async\" class=\"aligncenter\" src=\"https:\/\/hzpt.com\/wp-content\/uploads\/2023\/11\/Inverted-Telescopic-Cylinder-25.webp\" alt=\"Apgriezt\u0101 teleskopisk\u0101 cilindra ra\u017eot\u0101js\" title=\"\"><\/p>\n<h2>Apgriezts teleskopiskais cilindrs<\/h2>\n<p>Apgriezts teleskopiskais cilindrs, kas paz\u012bstams ar\u012b k\u0101 revers\u0101s darb\u012bbas teleskopiskais cilindrs, ir hidraulisk\u0101 cilindra veids, kas darbojas pret\u0113j\u0101 virzien\u0101 sal\u012bdzin\u0101jum\u0101 ar parasto teleskopisko cilindru. To parasti izmanto da\u017e\u0101dos r\u016bpnieciskos pielietojumos, kur vietas ierobe\u017eojumi vai \u012bpa\u0161as ekspluat\u0101cijas pras\u012bbas prasa at\u0161\u0137ir\u012bgu konfigur\u0101ciju.<\/p>\n<p>\u0160eit ir da\u017eas apgriezto teleskopisko cilindru galven\u0101s iez\u012bmes un priek\u0161roc\u012bbas:<\/p>\n<ul>\n<li><strong>R\u016bpn\u012bcas tie\u0161\u0101 pieg\u0101de:<\/strong> Apgrieztos teleskopiskos cilindrus var ieg\u0101d\u0101ties tie\u0161i no ra\u017eot\u0101jiem, nodro\u0161inot uzticamu pieg\u0101des \u0137\u0113di un nov\u0113r\u0161ot nevajadz\u012bgus starpniekus.<\/li>\n<li><strong>Gar\u0161 g\u0101jiens:<\/strong> \u0160ie cilindri ir konstru\u0113ti t\u0101, lai nodro\u0161in\u0101tu gar\u0101ku g\u0101jiena garumu sal\u012bdzin\u0101jum\u0101 ar tradicion\u0101lajiem line\u0101rajiem izpildmeh\u0101nismiem. Tas nodro\u0161ina liel\u0101ku kust\u012bbas diapazonu un elast\u012bbu da\u017e\u0101dos pielietojumos.<\/li>\n<li><strong>Piel\u0101gots dizains:<\/strong> Apgrieztos teleskopiskos cilindrus var piel\u0101got \u012bpa\u0161\u0101m pras\u012bb\u0101m, piem\u0113ram, izm\u0113ram, kravnes\u012bbai un mont\u0101\u017eas iesp\u0113j\u0101m. Tas nodro\u0161ina optim\u0101lu veiktsp\u0113ju un integr\u0101ciju noteikt\u0101 sist\u0113m\u0101 vai ma\u0161\u012bn\u0101.<\/li>\n<li><strong>Teleskopiskais dizains:<\/strong> Cilindrs sast\u0101v no vair\u0101kiem posmiem vai sekcij\u0101m, kas sabr\u016bk vai izple\u0161as viena otr\u0101, l\u012bdz\u012bgi k\u0101 teleskops. \u0160\u012b konstrukcija nodro\u0161ina kompaktu ievilk\u0161anos un liel\u0101ku sasniedzam\u012bbu, kad tas nepiecie\u0161ams.<\/li>\n<li><strong>Hidraulisk\u0101 darb\u012bba:<\/strong> Apgrieztie teleskopiskie cilindri izmanto hidraulisko \u0161\u0137idrumu, lai rad\u012btu darb\u012bbai nepiecie\u0161amo sp\u0113ku. \u0160\u012b hidraulisk\u0101 sist\u0113ma nodro\u0161ina vienm\u0113r\u012bgu un kontrol\u0113tu kust\u012bbu, garant\u0113jot prec\u012bzu pozicion\u0113\u0161anu un efekt\u012bvu veiktsp\u0113ju.<\/li>\n<\/ul>\n<p>Viens iev\u0113rojams apgriezto teleskopisko cilindru pielietojums ir materi\u0101lu apstr\u0101des iek\u0101rtu, piem\u0113ram, iekr\u0101v\u0113ju vai celt\u0146u, jom\u0101. \u0160ie cilindri var nodro\u0161in\u0101t nepiecie\u0161am\u0101s pacel\u0161anas un nolai\u0161anas iesp\u0113jas, savuk\u0101rt to apgriezt\u0101 konfigur\u0101cija nodro\u0161ina lab\u0101ku redzam\u012bbu un manevr\u0113tsp\u0113ju \u0161aur\u0101s telp\u0101s.<\/p>\n<p>V\u0113l viens pielietojums ir lauksaimniec\u012bbas nozar\u0113, kur apgrieztus teleskopiskos cilindrus izmanto t\u0101d\u0101s ma\u0161\u012bn\u0101s k\u0101 front\u0101lie iekr\u0101v\u0113ji vai siena preses. \u0160o cilindru garais g\u0101jiens un piel\u0101gotais dizains \u013cauj efekt\u012bvi pacelt, stumt vai vilkt smagas kravas, t\u0101d\u0113j\u0101di palielinot produktivit\u0101ti saimniec\u012bb\u0101.<\/p>\n<p>Nosl\u0113gum\u0101 j\u0101saka, ka apgrieztais teleskopiskais cilindrs ir daudzpus\u012bga hidrauliska sast\u0101vda\u013ca, kas pied\u0101v\u0101 unik\u0101las priek\u0161roc\u012bbas konstrukcijas elast\u012bbas, g\u0101jiena garuma un piel\u0101go\u0161anas iesp\u0113ju zi\u0146\u0101. T\u0101 tie\u0161\u0101 pieg\u0101de no r\u016bpn\u012bcas, gar\u0101 g\u0101jiena iesp\u0113ja un piel\u0101got\u0101s funkcijas padara to par uzticamu un efekt\u012bvu izv\u0113li da\u017e\u0101diem r\u016bpnieciskiem lietojumiem. Neatkar\u012bgi no t\u0101, vai to izmanto materi\u0101lu apstr\u0101des iek\u0101rt\u0101s vai lauksaimniec\u012bbas ma\u0161\u012bn\u0101s, apgrieztais teleskopiskais cilindrs uzlabo darb\u012bbas veiktsp\u0113ju un veicina sare\u017e\u0123\u012btu sist\u0113mu vienm\u0113r\u012bgu darb\u012bbu.<\/p>\n<h3>Par FMP \u2013 hidraulisko cilindru<\/h3>\n<p>Uz\u0146\u0113mum\u0101 FMP m\u0113s specializ\u0113jamies augstas kvalit\u0101tes celtniec\u012bbas tehnikas deta\u013cu un nokomplekt\u0113tu iek\u0101rtu p\u0101rdo\u0161an\u0101 un apkalpo\u0161an\u0101. M\u016bsu hidrauliskais cilindrs ir viens no m\u016bsu popul\u0101r\u0101kajiem produktiem, un tam ir labs iemesls. \u0160eit ir pieci iemesli, k\u0101p\u0113c FMP hidrauliskais cilindrs ir lab\u0101k\u0101 izv\u0113le j\u016bsu celtniec\u012bbas tehnikas vajadz\u012bb\u0101m:<\/p>\n<p>1. <strong>Augst\u0101k\u0101s kvalit\u0101tes materi\u0101li<\/strong>M\u016bsu hidrauliskais cilindrs ir izgatavots no iztur\u012bgiem un uzticamiem materi\u0101liem, nodro\u0161inot ilgsto\u0161u darb\u012bbu un minim\u0101las apkopes pras\u012bbas.<\/p>\n<p>2. <strong>Piel\u0101gojamas opcijas<\/strong>M\u0113s pied\u0101v\u0101jam regul\u0113jamus skavu tipa cilindrus, k\u0101 ar\u012b citas piel\u0101gojamas iesp\u0113jas, lai apmierin\u0101tu j\u016bsu \u012bpa\u0161\u0101s vajadz\u012bbas. Pateicoties m\u016bsu pieredzei celtniec\u012bbas tehnikas deta\u013cu jom\u0101, m\u0113s varam sadarboties ar jums, lai atrastu lab\u0101ko risin\u0101jumu j\u016bsu apr\u012bkojumam.<\/p>\n<p>3. <strong>Ekspertu komanda<\/strong>M\u016bsu pieredz\u0113ju\u0161\u0101 un prasm\u012bg\u0101 p\u0101rdo\u0161anas komanda p\u0101rzina jaun\u0101k\u0101s nozares tendences un klientu vajadz\u012bbas b\u016bvniec\u012bbas tehnikas nozar\u0113. Vi\u0146i var sniegt profesion\u0101las produktu konsult\u0101cijas un p\u0101rdom\u0101tus pirk\u0161anas ieteikumus, lai pal\u012bdz\u0113tu jums pie\u0146emt vislab\u0101ko l\u0113mumu j\u016bsu uz\u0146\u0113mumam.<\/p>\n<p>4. <strong>Efekt\u012bva lo\u0123istika<\/strong>Mums ir efekt\u012bva lo\u0123istikas izplat\u012b\u0161anas sist\u0113ma, lai nodro\u0161in\u0101tu, ka klienti savlaic\u012bgi un prec\u012bzi sa\u0146em nepiecie\u0161am\u0101s deta\u013cas. Tas noz\u012bm\u0113 minim\u0101lu d\u012bkst\u0101vi j\u016bsu celtniec\u012bbas tehnikai un netrauc\u0113tu j\u016bsu uz\u0146\u0113muma darb\u012bbu.<\/p>\n<p>5. <strong>Stingra kvalit\u0101tes kontrole<\/strong>M\u0113s veidojam ilgtermi\u0146a un stabilas sadarb\u012bbas attiec\u012bbas ar daudziem augstas kvalit\u0101tes pieg\u0101d\u0101t\u0101jiem gan m\u0101j\u0101s, gan \u0101rzem\u0113s, nodro\u0161inot, ka visas pieg\u0101d\u0101t\u0101s deta\u013cas, tostarp m\u016bsu hidrauliskais cilindrs, atbilst stingriem kvalit\u0101tes standartiem.<\/p>\n<p>Izmantojot FMP hidraulisko cilindru, j\u016bs varat b\u016bt p\u0101rliecin\u0101ti par savu celtniec\u012bbas ma\u0161\u012bnu kvalit\u0101ti un uzticam\u012bbu. Sazinieties ar mums jau \u0161odien, lai uzzin\u0101tu vair\u0101k par m\u016bsu produktiem un to, k\u0101 m\u0113s varam pal\u012bdz\u0113t jums atrast lab\u0101kos risin\u0101jumus j\u016bsu uz\u0146\u0113muma vajadz\u012bb\u0101m.<\/p>\n<p><img decoding=\"async\" class=\"aligncenter\" src=\"https:\/\/fmp-components.com\/wp-content\/uploads\/2024\/12\/Adjustable-Clevis-Type-Cylinders-6.webp\" alt=\"Regul\u0113jams skavu tipa cilindrs\" width=\"853\" title=\"\"><br \/>\nAutors: CX<\/p>","protected":false},"excerpt":{"rendered":"<p>Introducing Our Factory Direct Supply Long Stroke Customized Telescopic Hydraulic Cylinder Our brand-new hydraulic cylinder is a state-of-the-art product that is ideal for use across various industries, such as manufacturing plants, machinery repair shops, farms, energy &amp; mining, machinery manufacturing, and machinery factories. With a weight of 40kg, this hydraulic cylinder features a maximum thrust [&hellip;]<\/p>","protected":false},"featured_media":1712,"comment_status":"closed","ping_status":"closed","template":"","meta":{"_et_pb_use_builder":"","_et_pb_old_content":"","_et_gb_content_width":""},"product_brand":[],"product_cat":[45],"product_tag":[34,48],"class_list":{"0":"post-1711","1":"product","2":"type-product","3":"status-publish","4":"has-post-thumbnail","6":"product_cat-inverted-telescopic-cylinder","7":"product_tag-hydraulic-cylinder","8":"product_tag-inverted-telescopic-cylinder","10":"first","11":"instock","12":"product-type-simple"},"_links":{"self":[{"href":"https:\/\/fmp-components.com\/lv\/wp-json\/wp\/v2\/product\/1711","targetHints":{"allow":["GET"]}}],"collection":[{"href":"https:\/\/fmp-components.com\/lv\/wp-json\/wp\/v2\/product"}],"about":[{"href":"https:\/\/fmp-components.com\/lv\/wp-json\/wp\/v2\/types\/product"}],"replies":[{"embeddable":true,"href":"https:\/\/fmp-components.com\/lv\/wp-json\/wp\/v2\/comments?post=1711"}],"wp:featuredmedia":[{"embeddable":true,"href":"https:\/\/fmp-components.com\/lv\/wp-json\/wp\/v2\/media\/1712"}],"wp:attachment":[{"href":"https:\/\/fmp-components.com\/lv\/wp-json\/wp\/v2\/media?parent=1711"}],"wp:term":[{"taxonomy":"product_brand","embeddable":true,"href":"https:\/\/fmp-components.com\/lv\/wp-json\/wp\/v2\/product_brand?post=1711"},{"taxonomy":"product_cat","embeddable":true,"href":"https:\/\/fmp-components.com\/lv\/wp-json\/wp\/v2\/product_cat?post=1711"},{"taxonomy":"product_tag","embeddable":true,"href":"https:\/\/fmp-components.com\/lv\/wp-json\/wp\/v2\/product_tag?post=1711"}],"curies":[{"name":"wp","href":"https:\/\/api.w.org\/{rel}","templated":true}]}}