{"id":1709,"date":"2024-12-23T07:01:59","date_gmt":"2024-12-23T07:01:59","guid":{"rendered":"https:\/\/fmp-components.com\/product\/professional-craftsmanship-customized-mini-hydraulic-cylinder-for-dump-truck\/"},"modified":"2025-05-10T13:00:55","modified_gmt":"2025-05-10T13:00:55","slug":"professional-craftsmanship-customized-mini-hydraulic-cylinder-for-dump-truck","status":"publish","type":"product","link":"https:\/\/fmp-components.com\/lv\/product\/professional-craftsmanship-customized-mini-hydraulic-cylinder-for-dump-truck\/","title":{"rendered":"Profesion\u0101la meistar\u012bba, piel\u0101gots mini hidrauliskais cilindrs pa\u0161izg\u0101z\u0113jam"},"content":{"rendered":"<h2>Profesion\u0101la meistar\u012bba, piel\u0101gots mini hidrauliskais cilindrs pa\u0161izg\u0101z\u0113jiem<\/h2>\n<p>Iepaz\u012bstin\u0101m ar m\u016bsu augst\u0101k\u0101s klases profesion\u0101li meistar\u012bgo piel\u0101goto mini hidraulisko cilindru pa\u0161izg\u0101z\u0113jiem. \u0160is jaunais un inovat\u012bvi izstr\u0101d\u0101tais hidrauliskais cilindrs ir ide\u0101li piem\u0113rots da\u017e\u0101d\u0101m nozar\u0113m, tostarp ra\u017eo\u0161anas r\u016bpn\u012bc\u0101m, ma\u0161\u012bnb\u016bves remonta darbn\u012bc\u0101m, lauksaimniec\u012bbas zem\u0113m, ener\u0123\u0113tikas un ieguves r\u016bpniec\u012bbai, ma\u0161\u012bnb\u016bves ra\u017eo\u0161anai un ma\u0161\u012bnb\u016bves r\u016bpn\u012bc\u0101m. Iek\u0101rtas svars ir aptuveni 43 kg, un tai ir 1 gada garantija. T\u0101s galven\u0101s sast\u0101vda\u013cas ir gultnis un virzu\u013ca cilindrs, kas izgatavoti ar augst\u0101kajiem profesionalit\u0101tes standartiem.<\/p>\n<h2>Mini hidraulisk\u0101 cilindra \u012bpa\u0161\u012bbas<\/h2>\n<p>M\u016bsu mini hidrauliskais cilindrs ir standarta virzu\u013ccilindra konstrukcija ar vair\u0101k\u0101m galvenaj\u0101m iez\u012bm\u0113m, kas to at\u0161\u0137ir:<\/p>\n<p><img decoding=\"async\" class=\"aligncenter\" src=\"https:\/\/hzpt.com\/wp-content\/uploads\/2023\/11\/Inverted-Telescopic-Cylinder-18.webp\" alt=\"Apgriezts teleskopiskais cilindrs\" title=\"\"><\/p>\n<ol>\n<li>\n<ol>\n<li><b>Jauda:<\/b> Tas darbojas ar hidraulisko jaudu, nodro\u0161inot efekt\u012bvu veiktsp\u0113ju.<\/li>\n<li><b>Korpusa materi\u0101ls:<\/b> Cilindra korpuss ir izgatavots no augstas kvalit\u0101tes t\u0113rauda, \u200b\u200bkas nodro\u0161ina iztur\u012bbu un ilgsto\u0161u lieto\u0161anu.<\/li>\n<li><b>Maksim\u0101l\u0101 vilce:<\/b> T\u0101 maksim\u0101l\u0101 vilces sp\u0113ja ir 3000 AG, kas nodro\u0161ina pietiekamu sp\u0113ku smagiem uzdevumiem.<\/li>\n<li><b>Tips:<\/b> Tas ir apgriezts teleskopiskais cilindrs, kas paz\u012bstams ar savu kompakto dizainu un augsto efektivit\u0101ti.<\/li>\n<li><b>Ostas:<\/b> M\u016bsu cilindram ir vair\u0101kas piesl\u0113gvietu iesp\u0113jas \u2013 G, SAE, NPT, M.<\/li>\n<\/ol>\n<\/li>\n<\/ol>\n<h2>Mini hidraulisk\u0101 cilindra pielietojums<\/h2>\n<p>Mini hidrauliskais cilindrs ir daudzpus\u012bgs un to var izmantot vair\u0101kos pielietojumos:<\/p>\n<ol>\n<li>Ra\u017eo\u0161anas r\u016bpn\u012bcas: Smago ma\u0161\u012bnu darb\u012bbai un ra\u017eo\u0161anas l\u012bnij\u0101m.<\/li>\n<li>Ma\u0161\u012bnu remonta darbn\u012bcas: Lieljaudas ma\u0161\u012bnu remontam un atjauno\u0161anai.<\/li>\n<li>Fermas: Lauksaimniec\u012bbas tehnikas un apr\u012bkojuma ekspluat\u0101cijai.<\/li>\n<li>Ener\u0123\u0113tika un kalnr\u016bpniec\u012bba: Ieguves un ener\u0123ijas ra\u017eo\u0161anas procesiem.<\/li>\n<li>Ma\u0161\u012bnu ra\u017eo\u0161ana un ma\u0161\u012bnb\u016bves r\u016bpn\u012bca: Ma\u0161\u012bnu deta\u013cu ra\u017eo\u0161anai un mont\u0101\u017eai.<\/li>\n<\/ol>\n<p><img decoding=\"async\" src=\"https:\/\/hzpt.com\/wp-content\/uploads\/2023\/11\/Inverted-Telescopic-Cylinder-Applications.webp\" alt=\"Apgrieztu teleskopisko cilindru pielietojumi\" title=\"\"><\/p>\n<h2>Mini hidraulisk\u0101 cilindra darb\u012bbas princips un apkope<\/h2>\n<p>Mini hidrauliskais cilindrs darbojas p\u0113c \u0161\u0137idrumu meh\u0101nikas principa. Tas izmanto hidraulisk\u0101 \u0161\u0137idruma padevi, lai \u0123ener\u0113tu izejas sp\u0113ku caur virzuli. \u0160is sp\u0113ks p\u0113c tam tiek izmantots darba veik\u0161anai da\u017e\u0101dos pielietojumos. Regul\u0101ra apkope ir \u013coti svar\u012bga mini hidraulisk\u0101 cilindra ilgm\u016b\u017e\u012bbai un optim\u0101lai veiktsp\u0113jai. Tas ietver regul\u0101ru p\u0101rbaudi, t\u012br\u012b\u0161anu, e\u013c\u013co\u0161anu, regul\u0101ras p\u0101rbaudes un remontu, bl\u012bvju nomai\u0146u un lietot\u0101ja rokasgr\u0101matas nor\u0101d\u012bjumu iev\u0113ro\u0161anu.<\/p>\n<p><img decoding=\"async\" class=\"aligncenter\" src=\"https:\/\/hzpt.com\/wp-content\/uploads\/2023\/11\/Inverted-Telescopic-Cylinder-15.webp\" alt=\"Apgriezts teleskopiskais cilindrs\" title=\"\"><\/p>\n<h2>Apgriezts teleskopiskais cilindrs<\/h2>\n<p>Profesion\u0101li izgatavots, piel\u0101gots mini hidrauliskais cilindrs pa\u0161izg\u0101z\u0113jam, apgrieztais teleskopiskais cilindrs ir inovat\u012bva hidraulisk\u0101s sist\u0113mas sast\u0101vda\u013ca, kam ir iz\u0161\u0137iro\u0161a noz\u012bme pa\u0161izg\u0101z\u0113ju efekt\u012bv\u0101 darb\u012bb\u0101. Ar savu unik\u0101lo dizainu un funkcionalit\u0101ti \u0161is cilindrs pied\u0101v\u0101 uzlabotu veiktsp\u0113ju un iztur\u012bbu, padarot to par iecien\u012btu izv\u0113li da\u017e\u0101diem lieljaudas lietojumiem.<\/p>\n<h3>1. Ievads apgriezt\u0101 teleskopisk\u0101 cilindra tehnik\u0101<\/h3>\n<p>Apgrieztais teleskopiskais cilindrs, kas paz\u012bstams ar\u012b k\u0101 daudzpak\u0101pju hidrauliskais cilindrs vai divk\u0101r\u0161as darb\u012bbas teleskopiskais cilindrs, ir \u012bpa\u0161i izstr\u0101d\u0101ts, lai nodro\u0161in\u0101tu kompaktu un uzticamu risin\u0101jumu pa\u0161izg\u0101z\u0113ju darb\u012bbai. At\u0161\u0137ir\u012bb\u0101 no tradicion\u0101lajiem vienpak\u0101pes cilindriem, \u0161is cilindrs sast\u0101v no vair\u0101kiem posmiem, kas ievietoti viens otr\u0101, nodro\u0161inot liel\u0101ku g\u0101jiena garumu, neupur\u0113jot vietu.<\/p>\n<p>\u0160\u0101da veida cilindrs parasti tiek izmantots pa\u0161izg\u0101z\u0113jos, lai paceltu un nolaistu pa\u0161izg\u0101z\u0113ja platformu vai konteineru. Tas sp\u0113j nodro\u0161in\u0101t lielu sp\u0113ka jaudu, vienlaikus saglab\u0101jot kompaktu izm\u0113ru, padarot to ide\u0101li piem\u0113rotu lieljaudas cel\u0161anai un izg\u0101\u0161anai.<\/p>\n<h3>2. Dizains un funkcionalit\u0101te<\/h3>\n<p>Apgrieztais teleskopiskais cilindrs sast\u0101v no vair\u0101k\u0101m pak\u0101p\u0113m, katrai pak\u0101pei sl\u012bdot iepriek\u0161\u0113j\u0101s iek\u0161pus\u0113. Pak\u0101pes savieno virzu\u013ca stienis, kas izstiepjas un ievelkas, lai kontrol\u0113tu cilindra kust\u012bbu. \u0100r\u0113jai pak\u0101pei parasti ir liel\u0101kais diametrs, savuk\u0101rt iek\u0161\u0113j\u0101s pak\u0101pes pak\u0101peniski samazin\u0101s.<\/p>\n<p>Kad cilindrs tiek izstiepts, hidrauliskais \u0161\u0137idrums iepl\u016bst cilindr\u0101 caur iepl\u016bdes atveri, radot spiedienu uz virzuli. \u0160is spiediens izraisa virzu\u013ca un savienoto pak\u0101pju kust\u012bbu uz \u0101ru, pagarinot cilindra kop\u0113jo garumu. Savuk\u0101rt, kad cilindrs tiek ievilkts, hidrauliskais \u0161\u0137idrums tiek izvad\u012bts no cilindra caur izpl\u016bdes atveri, \u013caujot virzulim ievilkties un pak\u0101p\u0113m atkal sabrukt viena otr\u0101.<\/p>\n<p>\u0160is unik\u0101lais dizains \u013cauj apgrieztajam teleskopiskajam cilindram nodro\u0161in\u0101t gar\u0101ku g\u0101jiena garumu sal\u012bdzin\u0101jum\u0101 ar tradicion\u0101lajiem vienpak\u0101pes cilindriem, vienlaikus saglab\u0101jot kompaktu izm\u0113ru. Turkl\u0101t pak\u0101pju teleskopiskais izvietojums pied\u0101v\u0101 uzlabotu stabilit\u0101ti un iztur\u012bbu pret s\u0101nu slodz\u0113m, nodro\u0161inot vienm\u0113r\u012bgu un efekt\u012bvu darb\u012bbu pat sare\u017e\u0123\u012btos apst\u0101k\u013cos.<\/p>\n<h3>3. Ieguvumi un pielietojums<\/h3>\n<p>Apgrieztais teleskopiskais cilindrs pied\u0101v\u0101 vair\u0101kas priek\u0161roc\u012bbas, kas padara to par iecien\u012btu izv\u0113li pa\u0161izg\u0101z\u0113ju vajadz\u012bb\u0101m:<\/p>\n<ul>\n<li><strong>Augstas jaudas jauda:<\/strong> Pateicoties daudzpak\u0101pju konstrukcijai, \u0161is cilindrs var nodro\u0161in\u0101t lielu sp\u0113ka jaudu, padarot to piem\u0113rotu smagu kravu cel\u0161anai un izg\u0101\u0161anai.<\/li>\n<li><strong>Kompakts izm\u0113rs:<\/strong> Pak\u0101pju ligzdotais izvietojums \u013cauj cilindram b\u016bt gar\u0101kam g\u0101jiena garumam, neaiz\u0146emot p\u0101rm\u0113r\u012bgu vietu, padarot to ide\u0101li piem\u0113rotu transportl\u012bdzek\u013ciem ar ierobe\u017eotu mont\u0101\u017eas vietu.<\/li>\n<li><strong>Uzlabota stabilit\u0101te:<\/strong> Teleskopisk\u0101 konstrukcija nodro\u0161ina uzlabotu stabilit\u0101ti un iztur\u012bbu pret s\u0101nu slodz\u0113m, garant\u0113jot vienm\u0113r\u012bgu un prec\u012bzu darb\u012bbu.<\/li>\n<li><strong>Iztur\u012bgs un uzticams:<\/strong> \u0160is cilindrs ir izgatavots ar profesion\u0101lu meistar\u012bbu, lai iztur\u0113tu skarbus apst\u0101k\u013cus un intens\u012bvu lieto\u0161anu, nodro\u0161inot ilgsto\u0161u veiktsp\u0113ju.<\/li>\n<\/ul>\n<p>Papildus pa\u0161izg\u0101z\u0113jiem apgrieztais teleskopiskais cilindrs tiek izmantots ar\u012b da\u017e\u0101dos citos r\u016bpnieciskos pielietojumos, tostarp materi\u0101lu apstr\u0101des iek\u0101rt\u0101s, lauksaimniec\u012bbas ma\u0161\u012bn\u0101s un celtniec\u012bbas iek\u0101rt\u0101s.<\/p>\n<p>Nosl\u0113gum\u0101 j\u0101saka, ka apgrieztais teleskopiskais cilindrs ir daudzpus\u012bga un efekt\u012bva hidraulisk\u0101s sist\u0113mas sast\u0101vda\u013ca, kas pied\u0101v\u0101 uzlabotu veiktsp\u0113ju un iztur\u012bbu. T\u0101 unik\u0101lais dizains un funkcionalit\u0101te padara to par lielisku izv\u0113li pa\u0161izg\u0101z\u0113ju oper\u0101cij\u0101m un citiem smagiem darbiem. Pateicoties profesion\u0101lai meistar\u012bbai un piel\u0101gotai pieejai, \u0161is cilindrs nodro\u0161ina optim\u0101lu veiktsp\u0113ju un uzticam\u012bbu sare\u017e\u0123\u012btos apst\u0101k\u013cos.<\/p>\n<h3>Par FMP \u2013 hidraulisko cilindru<\/h3>\n<p>Uz\u0146\u0113mum\u0101 FMP m\u0113s specializ\u0113jamies augstas kvalit\u0101tes celtniec\u012bbas tehnikas deta\u013cu un nokomplekt\u0113tu iek\u0101rtu p\u0101rdo\u0161an\u0101 un apkalpo\u0161an\u0101. M\u016bsu hidrauliskais cilindrs ir viens no m\u016bsu popul\u0101r\u0101kajiem produktiem, un tam ir labs iemesls. \u0160eit ir pieci iemesli, k\u0101p\u0113c FMP hidrauliskais cilindrs ir lab\u0101k\u0101 izv\u0113le j\u016bsu celtniec\u012bbas tehnikas vajadz\u012bb\u0101m:<\/p>\n<p>1. <strong>Augst\u0101k\u0101s kvalit\u0101tes materi\u0101li<\/strong>M\u016bsu hidrauliskais cilindrs ir izgatavots no iztur\u012bgiem un uzticamiem materi\u0101liem, nodro\u0161inot ilgsto\u0161u darb\u012bbu un minim\u0101las apkopes pras\u012bbas.<\/p>\n<p>2. <strong>Piel\u0101gojamas opcijas<\/strong>M\u0113s pied\u0101v\u0101jam regul\u0113jamus skavu tipa cilindrus, k\u0101 ar\u012b citas piel\u0101gojamas iesp\u0113jas, lai apmierin\u0101tu j\u016bsu \u012bpa\u0161\u0101s vajadz\u012bbas. Pateicoties m\u016bsu pieredzei celtniec\u012bbas tehnikas deta\u013cu jom\u0101, m\u0113s varam sadarboties ar jums, lai atrastu lab\u0101ko risin\u0101jumu j\u016bsu apr\u012bkojumam.<\/p>\n<p>3. <strong>Ekspertu komanda<\/strong>M\u016bsu pieredz\u0113ju\u0161\u0101 un prasm\u012bg\u0101 p\u0101rdo\u0161anas komanda p\u0101rzina jaun\u0101k\u0101s nozares tendences un klientu vajadz\u012bbas b\u016bvniec\u012bbas tehnikas nozar\u0113. Vi\u0146i var sniegt profesion\u0101las produktu konsult\u0101cijas un p\u0101rdom\u0101tus pirk\u0161anas ieteikumus, lai pal\u012bdz\u0113tu jums pie\u0146emt vislab\u0101ko l\u0113mumu j\u016bsu uz\u0146\u0113mumam.<\/p>\n<p>4. <strong>Efekt\u012bva lo\u0123istika<\/strong>Mums ir efekt\u012bva lo\u0123istikas izplat\u012b\u0161anas sist\u0113ma, lai nodro\u0161in\u0101tu, ka klienti savlaic\u012bgi un prec\u012bzi sa\u0146em nepiecie\u0161am\u0101s deta\u013cas. Tas noz\u012bm\u0113 minim\u0101lu d\u012bkst\u0101vi j\u016bsu celtniec\u012bbas tehnikai un netrauc\u0113tu j\u016bsu uz\u0146\u0113muma darb\u012bbu.<\/p>\n<p>5. <strong>Stingra kvalit\u0101tes kontrole<\/strong>M\u0113s veidojam ilgtermi\u0146a un stabilas sadarb\u012bbas attiec\u012bbas ar daudziem augstas kvalit\u0101tes pieg\u0101d\u0101t\u0101jiem gan m\u0101j\u0101s, gan \u0101rzem\u0113s, nodro\u0161inot, ka visas pieg\u0101d\u0101t\u0101s deta\u013cas, tostarp m\u016bsu hidrauliskais cilindrs, atbilst stingriem kvalit\u0101tes standartiem.<\/p>\n<p>Izmantojot FMP hidraulisko cilindru, j\u016bs varat b\u016bt p\u0101rliecin\u0101ti par savu celtniec\u012bbas ma\u0161\u012bnu kvalit\u0101ti un uzticam\u012bbu. Sazinieties ar mums jau \u0161odien, lai uzzin\u0101tu vair\u0101k par m\u016bsu produktiem un to, k\u0101 m\u0113s varam pal\u012bdz\u0113t jums atrast lab\u0101kos risin\u0101jumus j\u016bsu uz\u0146\u0113muma vajadz\u012bb\u0101m.<\/p>\n<p><img decoding=\"async\" class=\"aligncenter\" src=\"https:\/\/fmp-components.com\/wp-content\/uploads\/2024\/12\/Adjustable-Clevis-Type-Cylinders-6.webp\" alt=\"Regul\u0113jams skavu tipa cilindrs\" width=\"853\" title=\"\"><br \/>\nAutors: CX<\/p>","protected":false},"excerpt":{"rendered":"<p>Professional Craftsmanship Customized Mini Hydraulic Cylinder for Dump Trucks Introducing our top-of-the-line Professional Craftsmanship Customized Mini Hydraulic Cylinder for Dump Trucks. This new and innovatively designed hydraulic cylinder is ideal for various industries including manufacturing plants, machinery repair shops, farms, energy and mining, machinery manufacturing, and machinery factories. The equipment weighs approximately 43 KG and [&hellip;]<\/p>","protected":false},"featured_media":1710,"comment_status":"closed","ping_status":"closed","template":"","meta":{"_et_pb_use_builder":"","_et_pb_old_content":"","_et_gb_content_width":""},"product_brand":[],"product_cat":[45],"product_tag":[34,48],"class_list":{"0":"post-1709","1":"product","2":"type-product","3":"status-publish","4":"has-post-thumbnail","6":"product_cat-inverted-telescopic-cylinder","7":"product_tag-hydraulic-cylinder","8":"product_tag-inverted-telescopic-cylinder","10":"first","11":"instock","12":"product-type-simple"},"_links":{"self":[{"href":"https:\/\/fmp-components.com\/lv\/wp-json\/wp\/v2\/product\/1709","targetHints":{"allow":["GET"]}}],"collection":[{"href":"https:\/\/fmp-components.com\/lv\/wp-json\/wp\/v2\/product"}],"about":[{"href":"https:\/\/fmp-components.com\/lv\/wp-json\/wp\/v2\/types\/product"}],"replies":[{"embeddable":true,"href":"https:\/\/fmp-components.com\/lv\/wp-json\/wp\/v2\/comments?post=1709"}],"wp:featuredmedia":[{"embeddable":true,"href":"https:\/\/fmp-components.com\/lv\/wp-json\/wp\/v2\/media\/1710"}],"wp:attachment":[{"href":"https:\/\/fmp-components.com\/lv\/wp-json\/wp\/v2\/media?parent=1709"}],"wp:term":[{"taxonomy":"product_brand","embeddable":true,"href":"https:\/\/fmp-components.com\/lv\/wp-json\/wp\/v2\/product_brand?post=1709"},{"taxonomy":"product_cat","embeddable":true,"href":"https:\/\/fmp-components.com\/lv\/wp-json\/wp\/v2\/product_cat?post=1709"},{"taxonomy":"product_tag","embeddable":true,"href":"https:\/\/fmp-components.com\/lv\/wp-json\/wp\/v2\/product_tag?post=1709"}],"curies":[{"name":"wp","href":"https:\/\/api.w.org\/{rel}","templated":true}]}}