{"id":1707,"date":"2024-12-23T07:01:59","date_gmt":"2024-12-23T07:01:59","guid":{"rendered":"https:\/\/fmp-components.com\/product\/professional-small-telescopic-double-acting-dump-truck-hydraulic-ram-cylinder\/"},"modified":"2025-03-11T06:02:23","modified_gmt":"2025-03-11T06:02:23","slug":"professional-small-telescopic-double-acting-dump-truck-hydraulic-ram-cylinder","status":"publish","type":"product","link":"https:\/\/fmp-components.com\/lv\/product\/professional-small-telescopic-double-acting-dump-truck-hydraulic-ram-cylinder\/","title":{"rendered":"Profesion\u0101ls mazs teleskopiskais divk\u0101r\u0161as darb\u012bbas pa\u0161izg\u0101z\u0113ja hidrauliskais cilindrs"},"content":{"rendered":"<p>Profesion\u0101lais mazais teleskopiskais divk\u0101r\u0161as darb\u012bbas pa\u0161izg\u0101z\u0113ja hidrauliskais cilindrs ir augstas kvalit\u0101tes produkts, kas paredz\u0113ts efekt\u012bvai un uzticamai darb\u012bbai. \u0160is hidrauliskais cilindrs ir \u012bpa\u0161i izstr\u0101d\u0101ts pa\u0161izg\u0101z\u0113jiem, un tam ir divk\u0101r\u0161as darb\u012bbas konstrukcija, kas nodro\u0161ina vienm\u0113r\u012bgu un past\u0101v\u012bgu darb\u012bbu.<\/p>\n<p>\u0160is hidrauliskais cilindrs ir izgatavots no iztur\u012bgiem materi\u0101liem un ir paredz\u0113ts intens\u012bvai lieto\u0161anai. T\u0101 teleskopisk\u0101 konstrukcija \u013cauj to vienm\u0113r\u012bgi izstiept un ievilkt, savuk\u0101rt divk\u0101r\u0161\u0101s darb\u012bbas funkcija nodro\u0161ina efekt\u012bvu darb\u012bbu abos virzienos.<\/p>\n<table style=\"width: 100%;\" border=\"1\" width=\"100%\" cellspacing=\"0\" cellpadding=\"0\">\n<tbody>\n<tr>\n<th>Produkta nosaukums<\/th>\n<td>Profesion\u0101ls mazs teleskopiskais divk\u0101r\u0161as darb\u012bbas pa\u0161izg\u0101z\u0113ja hidrauliskais cilindrs<\/td>\n<\/tr>\n<tr>\n<th>St\u0101voklis<\/th>\n<td>Jauns<\/td>\n<\/tr>\n<tr>\n<th>Garantija<\/th>\n<td>1 gads<\/td>\n<\/tr>\n<tr>\n<th>Svars (kg)<\/th>\n<td>48<\/td>\n<\/tr>\n<tr>\n<th>Tips<\/th>\n<td>Teleskopiska divk\u0101r\u0161as darb\u012bbas<\/td>\n<\/tr>\n<tr>\n<th>Baro\u0161anas avots<\/th>\n<td>Hidraulisk\u0101<\/td>\n<\/tr>\n<tr>\n<th>Materi\u0101ls<\/th>\n<td>T\u0113rauds<\/td>\n<\/tr>\n<tr>\n<th>Dizains<\/th>\n<td>Standarta specifik\u0101cijas ar virzu\u013ccilindra konstrukciju<\/td>\n<\/tr>\n<tr>\n<th>Iztur\u012bba<\/th>\n<td>Lieliska iztur\u012bba un uzticam\u012bba<\/td>\n<\/tr>\n<tr>\n<th>Piem\u0113rojam\u0101s nozares<\/th>\n<td>Ra\u017eo\u0161anas r\u016bpn\u012bcas, Ma\u0161\u012bnu remonta darbn\u012bcas, Lauksaimniec\u012bbas saimniec\u012bbas, Ener\u0123\u0113tika un ieguves r\u016bpniec\u012bba, Ma\u0161\u012bnu ra\u017eo\u0161ana<\/td>\n<\/tr>\n<tr>\n<th>Veiktsp\u0113ja<\/th>\n<td>Augsta veiktsp\u0113ja vienm\u0113r\u012bgai darb\u012bbai<\/td>\n<\/tr>\n<\/tbody>\n<\/table>\n<h2>Profesion\u0101l\u0101 maz\u0101 teleskopisk\u0101 divk\u0101r\u0161\u0101s darb\u012bbas pa\u0161izg\u0101z\u0113ja hidraulisk\u0101 cilindra \u012bpa\u0161\u012bbas<\/h2>\n<p>Profesion\u0101lajam mazajam teleskopiskajam divk\u0101r\u0161as darb\u012bbas pa\u0161izg\u0101z\u0113ja hidrauliskajam cilindram ir vair\u0101kas at\u0161\u0137ir\u012bgas iez\u012bmes:<\/p>\n<p><img decoding=\"async\" src=\"https:\/\/hzpt.com\/wp-content\/uploads\/2023\/11\/Inverted-Telescopic-Cylinder-7.webp\" alt=\"\" title=\"\"><\/p>\n<ul>\n<li>T\u0101 maksim\u0101l\u0101 vilce ir 3000 tonnu un maksim\u0101l\u0101 vilkmes jauda ir 20 tonnas.<\/li>\n<li>Cilindra tips ir apgriezts teleskopiskais cilindrs.<\/li>\n<li>T\u0101 urbuma izm\u0113rs ir no 2 l\u012bdz 6 coll\u0101m, stie\u0146a izm\u0113rs no 1,125 l\u012bdz 4 coll\u0101m, g\u0101jiena izm\u0113rs no 6 l\u012bdz 48 coll\u0101m un tapas izm\u0113rs no 0,5 l\u012bdz 2 coll\u0101m.<\/li>\n<li>T\u0101 korpusa materi\u0101ls ir izgatavots no iztur\u012bga t\u0113rauda, \u200b\u200bkas nodro\u0161ina iztur\u012bbu, un tas ir pieejams elegant\u0101 meln\u0101 kr\u0101s\u0101.<\/li>\n<li>Tam ir ISO9001:2000 sertifik\u0101ts, kas apliecina t\u0101 kvalit\u0101ti un uzticam\u012bbu.<\/li>\n<\/ul>\n<h2>Profesion\u0101l\u0101 maz\u0101 teleskopisk\u0101 divk\u0101r\u0161\u0101s darb\u012bbas pa\u0161izg\u0101z\u0113ja hidraulisk\u0101 cilindra pielietojums<\/h2>\n<p>Profesion\u0101lajam mazajam teleskopiskajam divk\u0101r\u0161as darb\u012bbas pa\u0161izg\u0101z\u0113ja hidrauliskajam cilindram ir pla\u0161s pielietojumu kl\u0101sts:<\/p>\n<ul>\n<li>Ra\u017eo\u0161anas iek\u0101rtas: To var pielietot da\u017e\u0101dos ra\u017eo\u0161anas procesos, kuriem nepiecie\u0161ama augsta precizit\u0101te un jauda.<\/li>\n<li>Ma\u0161\u012bnu remonta darbn\u012bcas: Tas ir \u013coti noder\u012bgi lieljaudas tehnikas remont\u0101 un apkop\u0113.<\/li>\n<li>Fermas: To var izmantot lieljaudas lauksaimniec\u012bbas ma\u0161\u012bn\u0101s da\u017e\u0101diem lauksaimniec\u012bbas procesiem.<\/li>\n<li>Ener\u0123\u0113tika un kalnr\u016bpniec\u012bba: Tas ir piem\u0113rojams ma\u0161\u012bn\u0101m, ko izmanto ener\u0123\u0113tikas un kalnr\u016bpniec\u012bbas nozar\u0113s.<\/li>\n<li>Ma\u0161\u012bnu ra\u017eo\u0161ana: To pla\u0161i izmanto da\u017e\u0101du veidu ma\u0161\u012bnu ra\u017eo\u0161an\u0101.<\/li>\n<\/ul>\n<p><img decoding=\"async\" src=\"https:\/\/hzpt.com\/wp-content\/uploads\/2023\/11\/Inverted-Telescopic-Cylinder-Applications.webp\" alt=\"Apgrieztu teleskopisko cilindru pielietojumi\" title=\"\"><\/p>\n<h2>Profesion\u0101l\u0101 maz\u0101 teleskopisk\u0101 divk\u0101r\u0161\u0101s darb\u012bbas pa\u0161izg\u0101z\u0113ja hidraulisk\u0101 cilindra darb\u012bbas princips un apkope<\/h2>\n<p>Profesion\u0101lais mazais teleskopiskais divk\u0101r\u0161as darb\u012bbas pa\u0161izg\u0101z\u0113ja hidrauliskais cilindrs darbojas p\u0113c hidraulisk\u0101s jaudas principa. Hidrauliskais \u0161\u0137idrums tiek ies\u016bkn\u0113ts cilindr\u0101, kas, nospie\u017eot virzuli, pagarina stieni. P\u0113c tam \u0161\u0137idrums tiek izvad\u012bts no cilindra, izraisot stie\u0146a ievilk\u0161anos atpaka\u013c cilindr\u0101. \u0160\u012b darb\u012bbas metode nodro\u0161ina lielu jaudu un prec\u012bzu vad\u012bbu.<\/p>\n<p>\u0160\u012b hidraulisk\u0101 cilindra apkope ietver vair\u0101kus so\u013cus:<\/p>\n<ul>\n<li>\n<ul>\n<li>Regul\u0101ra p\u0101rbaude: Balons regul\u0101ri j\u0101p\u0101rbauda, \u200b\u200bvai nav nodiluma, nopl\u016bdes vai boj\u0101jumu paz\u012bmju.<\/li>\n<li>T\u012br\u012b\u0161ana: Balona \u0101rpuse ir regul\u0101ri j\u0101t\u012bra, lai nov\u0113rstu net\u012brumu un gru\u017eu uzkr\u0101\u0161anos, kas var\u0113tu ietekm\u0113t t\u0101 darb\u012bbu.<\/li>\n<\/ul>\n<\/li>\n<\/ul>\n<ul>\n<li>E\u013c\u013co\u0161ana: Cilindra kust\u012bg\u0101s da\u013cas regul\u0101ri j\u0101iee\u013c\u013co, lai nodro\u0161in\u0101tu vienm\u0113r\u012bgu darb\u012bbu un nov\u0113rstu nodilumu.<\/li>\n<li>Regul\u0101ras p\u0101rbaudes un remonts: Visas p\u0101rbaudes laik\u0101 konstat\u0113t\u0101s probl\u0113mas nekav\u0113joties j\u0101nov\u0113r\u0161, lai nov\u0113rstu turpm\u0101kus boj\u0101jumus.<\/li>\n<li>Bl\u012bv\u0113juma nomai\u0146a: Lai nodro\u0161in\u0101tu pareizu darb\u012bbu un nov\u0113rstu nopl\u016bdi, cilindra bl\u012bv\u0113jumas periodiski j\u0101nomaina.<\/li>\n<\/ul>\n<p><img decoding=\"async\" src=\"https:\/\/hzpt.com\/wp-content\/uploads\/2023\/11\/Inverted-Telescopic-Cylinder-11.webp\" alt=\"\" title=\"\"><\/p>\n<h2>Apgriezts teleskopiskais cilindrs<\/h2>\n<p>Profesion\u0101ls mazs teleskopiskais divk\u0101r\u0161as darb\u012bbas pa\u0161izg\u0101z\u0113ja hidrauliskais cilindrs<\/p>\n<p>Apgriezts teleskopiskais cilindrs, kas paz\u012bstams ar\u012b k\u0101 mazs teleskopiskais divk\u0101r\u0161as darb\u012bbas pa\u0161izg\u0101z\u0113ja hidrauliskais cilindrs, ir hidrauliska sast\u0101vda\u013ca, ko izmanto da\u017e\u0101d\u0101s nozar\u0113s, jo \u012bpa\u0161i pa\u0161izg\u0101z\u0113jos. \u0160is specializ\u0113tais cilindrs ir paredz\u0113ts, lai nodro\u0161in\u0101tu uzticamas un efekt\u012bvas cel\u0161anas un izg\u0101\u0161anas iesp\u0113jas, garant\u0113jot vienm\u0113r\u012bgu darb\u012bbu un palielin\u0101tu produktivit\u0101ti. \u0160aj\u0101 rakst\u0101 m\u0113s detaliz\u0113ti izp\u0113t\u012bsim apgriezt\u0101 teleskopisk\u0101 cilindra funkcijas, priek\u0161roc\u012bbas un pielietojumu.<\/p>\n<h3>Funkcijas:<\/h3>\n<p>1. Vair\u0101ki posmi: Apgrieztais teleskopiskais cilindrs sast\u0101v no vair\u0101kiem posmiem, kas ievietoti viens otr\u0101. \u0160\u012b konstrukcija nodro\u0161ina kompaktu ievilktu garumu, vienlaikus nodro\u0161inot pagarin\u0101tu g\u0101jiena garumu, maksim\u0101li palielinot cilindra celtsp\u0113ju.<\/p>\n<p>2. Divk\u0101r\u0161a darb\u012bba: Cilindrs ir divk\u0101r\u0161as darb\u012bbas, kas noz\u012bm\u0113, ka tas var rad\u012bt sp\u0113ku abos virzienos. \u0160\u012b funkcija \u013cauj cilindram viegli pacelt un nolaist smagas kravas, uzlabojot pa\u0161izg\u0101z\u0113ja darb\u012bbas efektivit\u0101ti.<\/p>\n<p>3. Hidraulisk\u0101 vad\u012bba: Apgriezto teleskopisko cilindru darbina hidrauliskais \u0161\u0137idrums, kas tiek pak\u013cauts spiedienam, lai rad\u012btu nepiecie\u0161amo sp\u0113ku pacel\u0161anai un izg\u0101\u0161anai. Hidraulisk\u0101 vad\u012bbas sist\u0113ma nodro\u0161ina prec\u012bzas un kontrol\u0113tas kust\u012bbas, uzlabojot dro\u0161\u012bbu un samazinot negad\u012bjumu risku.<\/p>\n<p>4. Iztur\u012bga konstrukcija: \u0160ie cilindri ir izgatavoti, lai iztur\u0113tu augstspiediena vidi un lielas slodzes. Tie parasti ir izgatavoti no augstas kvalit\u0101tes materi\u0101liem, piem\u0113ram, t\u0113rauda, \u200b\u200bnodro\u0161inot ilgsto\u0161u veiktsp\u0113ju un iztur\u012bbu pret nodilumu.<\/p>\n<h3>Ieguvumi:<\/h3>\n<p>1. Palielin\u0101ta celtsp\u0113ja: Apgriezt\u0101 teleskopisk\u0101 cilindra ligzdot\u0101s pak\u0101pes nodro\u0161ina liel\u0101ku celtsp\u0113ju sal\u012bdzin\u0101jum\u0101 ar tradicion\u0101lajiem cilindriem. Tas noz\u012bm\u0113, ka ar \u0161iem cilindriem apr\u012bkoti pa\u0161izg\u0101z\u0113ji var apstr\u0101d\u0101t liel\u0101kas kravas, uzlabojot produktivit\u0101ti un samazinot nepiecie\u0161amo braucienu skaitu.<\/p>\n<p>2. Uzlabota stabilit\u0101te: Apgriezt\u0101 teleskopisk\u0101 cilindra konstrukcija nodro\u0161ina uzlabotu stabilit\u0101ti cel\u0161anas un izg\u0101\u0161anas laik\u0101. Ligzdot\u0101s platformas nodro\u0161ina atbalstu un nov\u0113r\u0161 p\u0101rm\u0113r\u012bgu \u0161\u016bpo\u0161anos vai sasv\u0113r\u0161anos, nodro\u0161inot dro\u0161u un aizsarg\u0101tu kravas apstr\u0101di.<\/p>\n<p>3. Vietas taup\u012b\u0161ana: kompaktais cilindra ievilktais garums padara to ide\u0101li piem\u0113rotu lietojumiem ar ierobe\u017eotu vietu. \u0160\u012b funkcija nodro\u0161ina liel\u0101ku elast\u012bbu transportl\u012bdzek\u013ca konstrukcij\u0101 un samazina pa\u0161izg\u0101z\u0113ja kop\u0113jo nospiedumu.<\/p>\n<p>4. Daudzpus\u012bgs pielietojums: Papildus pa\u0161izg\u0101z\u0113jiem apgriezto teleskopisko cilindru var izmantot ar\u012b da\u017e\u0101dos citos pielietojumos, piem\u0113ram, materi\u0101lu apstr\u0101des iek\u0101rt\u0101s, lauksaimniec\u012bbas ma\u0161\u012bn\u0101s un celtniec\u012bbas transportl\u012bdzek\u013cos. T\u0101 daudzpus\u012bba padara to par v\u0113rt\u012bgu komponentu da\u017e\u0101d\u0101s nozar\u0113s.<\/p>\n<h3>Lietojumi:<\/h3>\n<p>1. Pa\u0161izg\u0101z\u0113ji: Apgrieztais teleskopiskais cilindrs parasti tiek izmantots pa\u0161izg\u0101z\u0113jos da\u017e\u0101du materi\u0101lu, piem\u0113ram, smil\u0161u, grants un b\u016bvgru\u017eu, cel\u0161anai un izg\u0101\u0161anai. T\u0101 uzticam\u0101 veiktsp\u0113ja un efekt\u012bv\u0101 darb\u012bba padara to par b\u016btisku sast\u0101vda\u013cu b\u016bvniec\u012bbas un kalnr\u016bpniec\u012bbas nozar\u0113s.<\/p>\n<p>2. Materi\u0101lu apstr\u0101des iek\u0101rtas: \u0160\u0101da veida cilindrs tiek izmantots ar\u012b materi\u0101lu apstr\u0101des iek\u0101rt\u0101s, piem\u0113ram, iekr\u0101v\u0113jos un celt\u0146os, lai nodro\u0161in\u0101tu smagu kravu pacel\u0161anas iesp\u0113jas. Divk\u0101r\u0161\u0101s darb\u012bbas funkcija un kompaktais dizains padara to piem\u0113rotu lietojumiem ierobe\u017eot\u0101 telp\u0101.<\/p>\n<p>3. Lauksaimniec\u012bbas tehnika: Lauksaimniec\u012bbas nozar\u0113 apgrieztais teleskopiskais cilindrs ir atrodams t\u0101d\u0101s iek\u0101rt\u0101s k\u0101 graudu piekabes un iekr\u0101v\u0113ji. T\u0101 sp\u0113ja iztur\u0113t smagas kravas un skarbus ekspluat\u0101cijas apst\u0101k\u013cus padara to neaizst\u0101jamu lauksaimniec\u012bbas darb\u012bb\u0101s.<\/p>\n<p>4. B\u016bvniec\u012bbas transportl\u012bdzek\u013ci: No betona mais\u012bt\u0101jiem l\u012bdz pace\u013camaj\u0101m darba platform\u0101m apgrieztais teleskopiskais cilindrs tiek pla\u0161i izmantots da\u017e\u0101dos b\u016bvniec\u012bbas transportl\u012bdzek\u013cos. T\u0101 iztur\u012bg\u0101 konstrukcija un efekt\u012bv\u0101 cel\u0161anas veiktsp\u0113ja veicina b\u016bvniec\u012bbas projektu vienm\u0113r\u012bgu izpildi.<\/p>\n<p>Nosl\u0113gum\u0101 j\u0101saka, ka apgrieztais teleskopiskais cilindrs, kas paz\u012bstams ar\u012b k\u0101 mazs teleskopiskais divk\u0101r\u0161as darb\u012bbas pa\u0161izg\u0101z\u0113ja hidrauliskais cilindrs, ir b\u016btiska sast\u0101vda\u013ca pa\u0161izg\u0101z\u0113jos un da\u017e\u0101d\u0101s cit\u0101s nozar\u0113s. T\u0101 unik\u0101lais dizains, efekt\u012bv\u0101 darb\u012bba un daudzpus\u012bgais pielietojums padara to par b\u016btisku instrumentu smagu kravu cel\u0161anai un izg\u0101\u0161anai. Neatkar\u012bgi no t\u0101, vai tas tiek izmantots b\u016bvniec\u012bb\u0101, ieguves r\u016bpniec\u012bb\u0101 vai materi\u0101lu apstr\u0101d\u0113, \u0161im cilindram ir iz\u0161\u0137iro\u0161a noz\u012bme produktivit\u0101tes uzlabo\u0161an\u0101 un dro\u0161as un uzticamas darb\u012bbas nodro\u0161in\u0101\u0161an\u0101.<\/p>\n<h3>Par FMP \u2013 hidraulisko cilindru<\/h3>\n<p>Uz\u0146\u0113mum\u0101 FMP m\u0113s specializ\u0113jamies augstas kvalit\u0101tes celtniec\u012bbas tehnikas deta\u013cu un nokomplekt\u0113tu iek\u0101rtu p\u0101rdo\u0161an\u0101 un apkalpo\u0161an\u0101. M\u016bsu hidrauliskais cilindrs ir viens no m\u016bsu popul\u0101r\u0101kajiem produktiem, un tam ir labs iemesls. \u0160eit ir pieci iemesli, k\u0101p\u0113c FMP hidrauliskais cilindrs ir lab\u0101k\u0101 izv\u0113le j\u016bsu celtniec\u012bbas tehnikas vajadz\u012bb\u0101m:<\/p>\n<p>1. <strong>Augst\u0101k\u0101s kvalit\u0101tes materi\u0101li<\/strong>M\u016bsu hidrauliskais cilindrs ir izgatavots no iztur\u012bgiem un uzticamiem materi\u0101liem, nodro\u0161inot ilgsto\u0161u darb\u012bbu un minim\u0101las apkopes pras\u012bbas.<\/p>\n<p>2. <strong>Piel\u0101gojamas opcijas<\/strong>M\u0113s pied\u0101v\u0101jam regul\u0113jamus skavu tipa cilindrus, k\u0101 ar\u012b citas piel\u0101gojamas iesp\u0113jas, lai apmierin\u0101tu j\u016bsu \u012bpa\u0161\u0101s vajadz\u012bbas. Pateicoties m\u016bsu pieredzei celtniec\u012bbas tehnikas deta\u013cu jom\u0101, m\u0113s varam sadarboties ar jums, lai atrastu lab\u0101ko risin\u0101jumu j\u016bsu apr\u012bkojumam.<\/p>\n<p>3. <strong>Ekspertu komanda<\/strong>M\u016bsu pieredz\u0113ju\u0161\u0101 un prasm\u012bg\u0101 p\u0101rdo\u0161anas komanda p\u0101rzina jaun\u0101k\u0101s nozares tendences un klientu vajadz\u012bbas b\u016bvniec\u012bbas tehnikas nozar\u0113. Vi\u0146i var sniegt profesion\u0101las produktu konsult\u0101cijas un p\u0101rdom\u0101tus pirk\u0161anas ieteikumus, lai pal\u012bdz\u0113tu jums pie\u0146emt vislab\u0101ko l\u0113mumu j\u016bsu uz\u0146\u0113mumam.<\/p>\n<p>4. <strong>Efekt\u012bva lo\u0123istika<\/strong>Mums ir efekt\u012bva lo\u0123istikas izplat\u012b\u0161anas sist\u0113ma, lai nodro\u0161in\u0101tu, ka klienti savlaic\u012bgi un prec\u012bzi sa\u0146em nepiecie\u0161am\u0101s deta\u013cas. Tas noz\u012bm\u0113 minim\u0101lu d\u012bkst\u0101vi j\u016bsu celtniec\u012bbas tehnikai un netrauc\u0113tu j\u016bsu uz\u0146\u0113muma darb\u012bbu.<\/p>\n<p>5. <strong>Stingra kvalit\u0101tes kontrole<\/strong>M\u0113s veidojam ilgtermi\u0146a un stabilas sadarb\u012bbas attiec\u012bbas ar daudziem augstas kvalit\u0101tes pieg\u0101d\u0101t\u0101jiem gan m\u0101j\u0101s, gan \u0101rzem\u0113s, nodro\u0161inot, ka visas pieg\u0101d\u0101t\u0101s deta\u013cas, tostarp m\u016bsu hidrauliskais cilindrs, atbilst stingriem kvalit\u0101tes standartiem.<\/p>\n<p>Izmantojot FMP hidraulisko cilindru, j\u016bs varat b\u016bt p\u0101rliecin\u0101ti par savu celtniec\u012bbas ma\u0161\u012bnu kvalit\u0101ti un uzticam\u012bbu. Sazinieties ar mums jau \u0161odien, lai uzzin\u0101tu vair\u0101k par m\u016bsu produktiem un to, k\u0101 m\u0113s varam pal\u012bdz\u0113t jums atrast lab\u0101kos risin\u0101jumus j\u016bsu uz\u0146\u0113muma vajadz\u012bb\u0101m.<\/p>\n<p><img decoding=\"async\" src=\"https:\/\/fmp-components.com\/wp-content\/uploads\/2024\/12\/Adjustable-Clevis-Type-Cylinders-6.webp\" alt=\"Regul\u0113jams skavu tipa cilindrs\" width=\"853\" title=\"\"><br \/>\nAutors: CX<\/p>","protected":false},"excerpt":{"rendered":"<p>The Professional Small Telescopic Double Acting Dump Truck Hydraulic Ram Cylinder is a high-quality product designed for efficient and reliable performance. This hydraulic cylinder is specifically designed for dump trucks and features a double-acting design that ensures smooth and consistent operation. Constructed from durable materials, this hydraulic ram cylinder is built to withstand the demands [&hellip;]<\/p>","protected":false},"featured_media":1708,"comment_status":"closed","ping_status":"closed","template":"","meta":{"_et_pb_use_builder":"","_et_pb_old_content":"","_et_gb_content_width":""},"product_brand":[],"product_cat":[45],"product_tag":[34,48],"class_list":{"0":"post-1707","1":"product","2":"type-product","3":"status-publish","4":"has-post-thumbnail","6":"product_cat-inverted-telescopic-cylinder","7":"product_tag-hydraulic-cylinder","8":"product_tag-inverted-telescopic-cylinder","10":"first","11":"instock","12":"product-type-simple"},"_links":{"self":[{"href":"https:\/\/fmp-components.com\/lv\/wp-json\/wp\/v2\/product\/1707","targetHints":{"allow":["GET"]}}],"collection":[{"href":"https:\/\/fmp-components.com\/lv\/wp-json\/wp\/v2\/product"}],"about":[{"href":"https:\/\/fmp-components.com\/lv\/wp-json\/wp\/v2\/types\/product"}],"replies":[{"embeddable":true,"href":"https:\/\/fmp-components.com\/lv\/wp-json\/wp\/v2\/comments?post=1707"}],"wp:featuredmedia":[{"embeddable":true,"href":"https:\/\/fmp-components.com\/lv\/wp-json\/wp\/v2\/media\/1708"}],"wp:attachment":[{"href":"https:\/\/fmp-components.com\/lv\/wp-json\/wp\/v2\/media?parent=1707"}],"wp:term":[{"taxonomy":"product_brand","embeddable":true,"href":"https:\/\/fmp-components.com\/lv\/wp-json\/wp\/v2\/product_brand?post=1707"},{"taxonomy":"product_cat","embeddable":true,"href":"https:\/\/fmp-components.com\/lv\/wp-json\/wp\/v2\/product_cat?post=1707"},{"taxonomy":"product_tag","embeddable":true,"href":"https:\/\/fmp-components.com\/lv\/wp-json\/wp\/v2\/product_tag?post=1707"}],"curies":[{"name":"wp","href":"https:\/\/api.w.org\/{rel}","templated":true}]}}