{"id":1705,"date":"2024-12-23T07:01:59","date_gmt":"2024-12-23T07:01:59","guid":{"rendered":"https:\/\/fmp-components.com\/product\/hot-sale-10-ton-dump-truck-telescope-hydraulic-cylinder\/"},"modified":"2024-12-23T07:53:10","modified_gmt":"2024-12-23T07:53:10","slug":"hot-sale-10-ton-dump-truck-telescope-hydraulic-cylinder","status":"publish","type":"product","link":"https:\/\/fmp-components.com\/lv\/product\/hot-sale-10-ton-dump-truck-telescope-hydraulic-cylinder\/","title":{"rendered":"Karst\u0101 p\u0101rdo\u0161ana 10 tonnu pa\u0161izg\u0101z\u0113ja teleskopisk\u0101 hidraulisk\u0101 cilindra"},"content":{"rendered":"<p>Karst\u0101s p\u0101rdo\u0161anas 10 tonnu pa\u0161izg\u0101z\u0113ja teleskopiskais hidrauliskais cilindrs ir augstas kvalit\u0101tes un uzticams produkts, kas ir b\u016btisks pa\u0161izg\u0101z\u0113jiem. Ar savu izcilo dizainu un progres\u012bvo tehnolo\u0123iju \u0161is hidrauliskais cilindrs pied\u0101v\u0101 izcilu veiktsp\u0113ju un iztur\u012bbu.<\/p>\n<p>\u0160is teleskopiskais hidrauliskais cilindrs, kas \u012bpa\u0161i izstr\u0101d\u0101ts pa\u0161izg\u0101z\u0113jiem, sp\u0113j pacelt smagas kravas l\u012bdz 10 tonn\u0101m. T\u0101 iztur\u012bg\u0101 konstrukcija nodro\u0161ina ilgsto\u0161u funkcionalit\u0101ti pat vissare\u017e\u0123\u012bt\u0101kajos darba apst\u0101k\u013cos. Cilindrs ir izgatavots no augstas kvalit\u0101tes materi\u0101liem, kas nodro\u0161ina izcilu iztur\u012bbu pret koroziju un nodilumu, nodro\u0161inot, ka tas ilgsto\u0161i saglab\u0101sies optim\u0101l\u0101 st\u0101vokl\u012b.<\/p>\n<p>Viena no \u0161\u012b hidraulisk\u0101 cilindra galvenaj\u0101m iez\u012bm\u0113m ir t\u0101 teleskopisk\u0101 konstrukcija, kas \u013cauj viegli un efekt\u012bvi pacelt un izg\u0101zt materi\u0101lus. Cilindrs sast\u0101v no vair\u0101kiem posmiem, kurus var izstiept un ievilkt p\u0113c nepiecie\u0161am\u012bbas, nodro\u0161inot nepiecie\u0161amo sp\u0113ku, lai vienm\u0113r\u012bgi un dro\u0161i paceltu un nolaistu pa\u0161izg\u0101z\u0113ja kravas kasti.<\/p>\n<p>Karst\u0101s p\u0101rdo\u0161anas 10 tonnu pa\u0161izg\u0101z\u0113ja teleskopiskais hidrauliskais cilindrs ir apr\u012bkots ar\u012b ar uzticamu hidraulisko sist\u0113mu, kas nodro\u0161ina vienm\u0113r\u012bgu darb\u012bbu un prec\u012bzu vad\u012bbu. Hidraulisk\u0101 sist\u0113ma nodro\u0161ina cilindra vienm\u0113r\u012bgu kust\u012bbu, \u013caujot prec\u012bzi pozicion\u0113t un efekt\u012bvi izg\u0101zt materi\u0101lus.<\/p>\n<p>Papildus izcilajai veiktsp\u0113jai \u0161o hidraulisko cilindru ir ar\u012b viegli uzst\u0101d\u012bt un uztur\u0113t. Tas ir pieg\u0101d\u0101ts kop\u0101 ar vis\u0101m nepiecie\u0161amaj\u0101m sast\u0101vda\u013c\u0101m un uzst\u0101d\u012b\u0161anas instrukcij\u0101m, padarot procesu \u0101tru un bez probl\u0113m\u0101m. Regul\u0101ra cilindra apkope nodro\u0161in\u0101s t\u0101 ilgm\u016b\u017e\u012bbu un optim\u0101lu veiktsp\u0113ju.<\/p>\n<table style=\"width: 100%;\" border=\"1\" width=\"100%\" cellspacing=\"0\" cellpadding=\"0\">\n<tbody>\n<tr>\n<th>Produkta nosaukums<\/th>\n<td>Karst\u0101 p\u0101rdo\u0161ana 10 tonnu pa\u0161izg\u0101z\u0113ja teleskopisk\u0101 hidraulisk\u0101 cilindra<\/td>\n<\/tr>\n<tr>\n<th>St\u0101voklis<\/th>\n<td>Pavisam jauns<\/td>\n<\/tr>\n<tr>\n<th>Garantija<\/th>\n<td>1 gads<\/td>\n<\/tr>\n<tr>\n<th>Celtsp\u0113ja<\/th>\n<td>10 tonnas<\/td>\n<\/tr>\n<tr>\n<th>Dizains<\/th>\n<td>Teleskopisks<\/td>\n<\/tr>\n<tr>\n<th>Iztur\u012bba<\/th>\n<td>Iztur\u012bga konstrukcija<\/td>\n<\/tr>\n<tr>\n<th>Piem\u0113rojam\u0101s nozares<\/th>\n<td>B\u016bvniec\u012bba, kalnr\u016bpniec\u012bba, transports, ra\u017eo\u0161anas r\u016bpn\u012bcas, ma\u0161\u012bnu remonta darbn\u012bcas, saimniec\u012bbas, ener\u0123\u0113tika un kalnr\u016bpniec\u012bba<\/td>\n<\/tr>\n<tr>\n<th>Kvalit\u0101tes nodro\u0161in\u0101\u0161ana<\/th>\n<td>Video izejo\u0161\u0101s p\u0101rbaudes un ma\u0161\u012bnu testa zi\u0146ojums<\/td>\n<\/tr>\n<tr>\n<th>Veiktsp\u0113ja<\/th>\n<td>Izcila veiktsp\u0113ja un paaugstin\u0101ta produktivit\u0101te<\/td>\n<\/tr>\n<\/tbody>\n<\/table>\n<h2>10 tonnu pa\u0161izg\u0101z\u0113ja teleskopisk\u0101 hidraulisk\u0101 cilindra \u012bpa\u0161\u012bbas<\/h2>\n<p><img decoding=\"async\" src=\"https:\/\/hzpt.com\/wp-content\/uploads\/2023\/11\/Inverted-Telescopic-Cylinder-9.webp\" alt=\"\" title=\"\"><\/p>\n<ol>\n<li>Standarta un nestandarta: Tas ir pieejams standarta konstrukcij\u0101, padarot to sader\u012bgu ar da\u017e\u0101d\u0101m iek\u0101rtu konfigur\u0101cij\u0101m.<\/li>\n<li>Jaud\u012bga veiktsp\u0113ja: Hidrauliskais cilindrs darbojas ar hidraulisko jaudu, nodro\u0161inot efekt\u012bvu un jaud\u012bgu veiktsp\u0113ju.<\/li>\n<li>Iztur\u012bgs korpusa materi\u0101ls: Cilindrs ir izgatavots no t\u0113rauda, \u200b\u200bkas nodro\u0161ina iztur\u012bbu un iztur\u012bbu pret nodilumu.<\/li>\n<li>Piel\u0101gojams: Cilindrs ir pieejams da\u017e\u0101dos urbuma izm\u0113ros, stie\u0146a izm\u0113ros, g\u0101jiena izm\u0113ros un tapu izm\u0113ros, \u013caujot lietot\u0101jiem piel\u0101got to atbilsto\u0161i sav\u0101m pras\u012bb\u0101m.<\/li>\n<li>Sertific\u0113ts: Hidrauliskais cilindrs ir sertific\u0113ts saska\u0146\u0101 ar ISO9001:2000, kas nodro\u0161ina t\u0101 kvalit\u0101ti un uzticam\u012bbu.<\/li>\n<\/ol>\n<h2>10 tonnu pa\u0161izg\u0101z\u0113ja teleskopisk\u0101 hidraulisk\u0101 cilindra pielietojums<\/h2>\n<ol>\n<li>Ra\u017eo\u0161anas r\u016bpn\u012bca: Izmanto da\u017e\u0101d\u0101m darb\u012bb\u0101m un uzdevumiem ra\u017eo\u0161anas r\u016bpn\u012bc\u0101.<\/li>\n<li>Ma\u0161\u012bnu remonta darbn\u012bcas: nepiecie\u0161amas ma\u0161\u012bnu remontam un nomai\u0146ai.<\/li>\n<li>Fermas: Izmanto lieljaudas lauksaimniec\u012bbas ma\u0161\u012bn\u0101s da\u017e\u0101diem lauksaimniec\u012bbas uzdevumiem.<\/li>\n<li>Ener\u0123\u0113tika un kalnr\u016bpniec\u012bba: izmanto kalnr\u016bpniec\u012bbas iek\u0101rt\u0101s un ener\u0123ijas ra\u017eo\u0161anas ma\u0161\u012bn\u0101s.<\/li>\n<li>Ma\u0161\u012bnu ra\u017eo\u0161ana: neat\u0146emama da\u017e\u0101du ma\u0161\u012bnu ra\u017eo\u0161anas procesu sast\u0101vda\u013ca.<\/li>\n<\/ol>\n<p><img decoding=\"async\" src=\"https:\/\/hzpt.com\/wp-content\/uploads\/2023\/11\/Inverted-Telescopic-Cylinder-Applications.webp\" alt=\"10 tonnu pa\u0161izg\u0101z\u0113ja teleskopisk\u0101 hidraulisk\u0101 cilindra pielietojums\" title=\"\"><\/p>\n<h2>10 tonnu pa\u0161izg\u0101z\u0113ja teleskopisk\u0101 hidraulisk\u0101 cilindra darb\u012bbas princips un apkope<\/h2>\n<ol>\n<li>Konfigur\u0101cija: Hidrauliskais cilindrs sast\u0101v no galvenaj\u0101m sast\u0101vda\u013c\u0101m, tostarp gult\u0146iem un virzu\u013ca cilindriem.<\/li>\n<li>Hidraulisk\u0101 \u0161\u0137idruma padeve: Cilindrs darbojas ar hidraulisko jaudu, kur \u0161\u0137idrums ir galvenais elements, kas darbina sist\u0113mu.<\/li>\n<li>Izejas sp\u0113ks: Cilindrs \u0123ener\u0113 maksim\u0101lo vilces sp\u0113ku 3000 tonnu un maksim\u0101lo vilk\u0161anas sp\u0113ku 20 tonnas, padarot to par jaud\u012bgu sast\u0101vda\u013cu jebkur\u0101 meh\u0101nism\u0101.<\/li>\n<li>Apkope: Regul\u0101ras p\u0101rbaudes un t\u012br\u012b\u0161ana ir \u013coti svar\u012bgas cilindra efekt\u012bvai darb\u012bbai. T\u0101pat ir nepiecie\u0161ama pareiza e\u013c\u013co\u0161ana, lai komponenti darbotos nevainojami.<\/li>\n<li>Bl\u012bv\u0113jumu nomai\u0146a: Laika gait\u0101 cilindra bl\u012bv\u0113jumi var nolietoties. Regul\u0101ra bl\u012bv\u0113jumu nomai\u0146a var nodro\u0161in\u0101t ilg\u0101ku cilindra kalpo\u0161anas laiku un lab\u0101ku veiktsp\u0113ju.<\/li>\n<\/ol>\n<h2>Apgriezts teleskopiskais cilindrs<\/h2>\n<p>Hidraulisko sist\u0113mu jom\u0101 apgrieztais teleskopiskais cilindrs ir unik\u0101ls un inovat\u012bvs dizains, kas pied\u0101v\u0101 daudzas priek\u0161roc\u012bbas sal\u012bdzin\u0101jum\u0101 ar tradicion\u0101lajiem hidrauliskajiem cilindriem. To pla\u0161i izmanto da\u017e\u0101d\u0101s nozar\u0113s, tostarp b\u016bvniec\u012bb\u0101, ieguves r\u016bpniec\u012bb\u0101 un transport\u0101. Izp\u0113t\u012bsim \u0161\u012b iev\u0113rojam\u0101 hidraulisk\u0101 komponenta \u012bpa\u0161\u012bbas un priek\u0161roc\u012bbas:<\/p>\n<h3>1. Strukt\u016bra un darb\u012bbas princips<\/h3>\n<p>Apgrieztais teleskopiskais cilindrs sast\u0101v no virknes ligzdotu cilindrisku cauru\u013cu, kas izstiepjas un ievelkas viena otr\u0101. \u0100r\u0113j\u0101 caurule ir visliel\u0101k\u0101, un taj\u0101 atrodas maz\u0101k\u0101s caurules. \u0160\u012b konstrukcija nodro\u0161ina kompaktu un vietu taupo\u0161u hidraulisko sist\u0113mu.<\/p>\n<p>Kad tiek pielikts hidrauliskais spiediens, iek\u0161\u0113j\u0101 caurule izstiepjas, izspie\u017eot blakus eso\u0161o cauruli uz \u0101ru. \u0160is process turpin\u0101s, l\u012bdz tiek sasniegts v\u0113lamais pagarin\u0101jums. Ievilk\u0161an\u0101s process ir pret\u0113js, katrai caurulei ievelkot n\u0101kamo liel\u0101ko cauruli, l\u012bdz t\u0101 ir piln\u012bb\u0101 ievilkta.<\/p>\n<p>\u0160is unik\u0101lais teleskopiskais izk\u0101rtojums nodro\u0161ina liel\u0101ku g\u0101jiena garumu sal\u012bdzin\u0101jum\u0101 ar tradicion\u0101lajiem cilindriem, padarot to ide\u0101li piem\u0113rotu lietojumiem, kuriem nepiecie\u0161ama liel\u0101ka sniedzam\u012bba un celtsp\u0113ja.<\/p>\n<h3>2. Uzlabota nestsp\u0113ja<\/h3>\n<p>Apgrieztais teleskopiskais cilindrs lepojas ar izcil\u0101m nestsp\u0113jas sp\u0113j\u0101m, padarot to piem\u0113rotu lieljaudas lietojumiem, piem\u0113ram, pa\u0161izg\u0101z\u0113jiem, celt\u0146iem un materi\u0101lu apstr\u0101des iek\u0101rt\u0101m. T\u0101 konstrukcija nodro\u0161ina liel\u0101ku stabilit\u0101ti un svara sadal\u012bjumu, nodro\u0161inot uzticamu un efekt\u012bvu veiktsp\u0113ju pat ekstrem\u0101lu slod\u017eu gad\u012bjum\u0101.<\/p>\n<p>Piem\u0113ram, ar karsti nop\u0113rkamu 10 tonnu pa\u0161izg\u0101z\u0113ja teleskopisko hidraulisko cilindru apgrieztais teleskopiskais dizains \u013cauj cilindram iztur\u0113t milz\u012bgo kravas spiedienu un svaru, nodro\u0161inot vienm\u0113r\u012bgas un uzticamas cel\u0161anas un izg\u0101\u0161anas darb\u012bbas.<\/p>\n<h3>3. Uzlabota iztur\u012bba un bl\u012bv\u0113juma integrit\u0101te<\/h3>\n<p>Viena no apgriezt\u0101 teleskopisk\u0101 cilindra galvenaj\u0101m priek\u0161roc\u012bb\u0101m ir t\u0101 izcil\u0101 bl\u012bv\u0113juma integrit\u0101te. Ligzdoto cauru\u013cu strukt\u016bra samazina bl\u012bv\u0113jumu pak\u013cau\u0161anu \u0101r\u0113jiem pies\u0101r\u0146ot\u0101jiem, piem\u0113ram, putek\u013ciem, net\u012brumiem un mitrumam. Tas uzlabo cilindra iztur\u012bbu un ilgm\u016b\u017e\u012bbu, samazinot bl\u012bv\u0113juma atteices un hidraulisk\u0101 \u0161\u0137idruma nopl\u016bdes risku.<\/p>\n<p>Apgriezt\u0101 teleskopisk\u0101 cilindra ilgsto\u0161\u0101 bl\u012bv\u0113juma integrit\u0101te nodro\u0161ina minim\u0101las apkopes pras\u012bbas un samazina d\u012bkst\u0101ves laiku un ar to saist\u012bt\u0101s izmaksas.<\/p>\n<h3>4. Kompakts dizains un telpas efektivit\u0101te<\/h3>\n<p>Apgriezt\u0101 teleskopisk\u0101 cilindra kompaktais dizains padara to \u013coti efekt\u012bvu telpas izmanto\u0161anas zi\u0146\u0101. T\u0101 ligzdot\u0101 cauru\u013cu strukt\u016bra nodro\u0161ina \u012bs\u0101ku ievilktu garumu sal\u012bdzin\u0101jum\u0101 ar tradicion\u0101lajiem cilindriem, padarot to par ide\u0101lu izv\u0113li lietojumiem ar ierobe\u017eotu uzst\u0101d\u012b\u0161anas vietu.<\/p>\n<p>Piem\u0113ram, celt\u0146os vai cel\u0161anas iek\u0101rt\u0101s, kur telpa ir ierobe\u017eota, apgrieztais teleskopiskais cilindrs \u013cauj iek\u0101rt\u0101m darboties sl\u0113gt\u0101s telp\u0101s, neapdraudot veiktsp\u0113ju vai celtsp\u0113ju.<\/p>\n<h3>5. Uzlabota kontrole un stabilit\u0101te<\/h3>\n<p>Apgrieztais teleskopiskais cilindrs nodro\u0161ina izcilu kontroli un stabilit\u0101ti darb\u012bbas laik\u0101. Ligzdoto cauru\u013cu konstrukcija samazina deform\u0101cijas vai saliek\u0161an\u0101s risku, nodro\u0161inot vienm\u0113r\u012bgas un prec\u012bzas kust\u012bbas pat pie liel\u0101m slodz\u0113m.<\/p>\n<p>Turkl\u0101t apgriezt\u0101 teleskopisk\u0101 cilindra unik\u0101lais dizains samazina s\u0101nu slod\u017eu ietekmi, t\u0101d\u0113j\u0101di uzlabojot stabilit\u0101ti un dro\u0161\u012bbu ekspluat\u0101cijas laik\u0101.<\/p>\n<p>Nosl\u0113gum\u0101 j\u0101saka, ka apgrieztais teleskopiskais cilindrs ir revolucion\u0101ra hidrauliska sast\u0101vda\u013ca, kas pied\u0101v\u0101 daudzas priek\u0161roc\u012bbas sal\u012bdzin\u0101jum\u0101 ar tradicion\u0101lajiem cilindriem. Pateicoties t\u0101 kompaktajam dizainam, uzlabotajai nestsp\u0113jai, iztur\u012bbai, telpas efektivit\u0101tei un uzlabotajai vad\u012bbai, tas ir iecien\u012bta izv\u0113le da\u017e\u0101d\u0101m nozar\u0113m, kur\u0101m nepiecie\u0161amas augstas veiktsp\u0113jas hidraulisk\u0101s sist\u0113mas.<\/p>\n<h3>Par FMP \u2013 hidraulisko cilindru<\/h3>\n<p>Uz\u0146\u0113mum\u0101 FMP m\u0113s specializ\u0113jamies augstas kvalit\u0101tes celtniec\u012bbas tehnikas deta\u013cu un nokomplekt\u0113tu iek\u0101rtu p\u0101rdo\u0161an\u0101 un apkalpo\u0161an\u0101. M\u016bsu hidrauliskais cilindrs ir viens no m\u016bsu popul\u0101r\u0101kajiem produktiem, un tam ir labs iemesls. \u0160eit ir pieci iemesli, k\u0101p\u0113c FMP hidrauliskais cilindrs ir lab\u0101k\u0101 izv\u0113le j\u016bsu celtniec\u012bbas tehnikas vajadz\u012bb\u0101m:<\/p>\n<p>1. <strong>Augst\u0101k\u0101s kvalit\u0101tes materi\u0101li<\/strong>M\u016bsu hidrauliskais cilindrs ir izgatavots no iztur\u012bgiem un uzticamiem materi\u0101liem, nodro\u0161inot ilgsto\u0161u darb\u012bbu un minim\u0101las apkopes pras\u012bbas.<\/p>\n<p>2. <strong>Piel\u0101gojamas opcijas<\/strong>M\u0113s pied\u0101v\u0101jam regul\u0113jamus skavu tipa cilindrus, k\u0101 ar\u012b citas piel\u0101gojamas iesp\u0113jas, lai apmierin\u0101tu j\u016bsu \u012bpa\u0161\u0101s vajadz\u012bbas. Pateicoties m\u016bsu pieredzei celtniec\u012bbas tehnikas deta\u013cu jom\u0101, m\u0113s varam sadarboties ar jums, lai atrastu lab\u0101ko risin\u0101jumu j\u016bsu apr\u012bkojumam.<\/p>\n<p>3. <strong>Ekspertu komanda<\/strong>M\u016bsu pieredz\u0113ju\u0161\u0101 un prasm\u012bg\u0101 p\u0101rdo\u0161anas komanda p\u0101rzina jaun\u0101k\u0101s nozares tendences un klientu vajadz\u012bbas b\u016bvniec\u012bbas tehnikas nozar\u0113. Vi\u0146i var sniegt profesion\u0101las produktu konsult\u0101cijas un p\u0101rdom\u0101tus pirk\u0161anas ieteikumus, lai pal\u012bdz\u0113tu jums pie\u0146emt vislab\u0101ko l\u0113mumu j\u016bsu uz\u0146\u0113mumam.<\/p>\n<p>4. <strong>Efekt\u012bva lo\u0123istika<\/strong>Mums ir efekt\u012bva lo\u0123istikas izplat\u012b\u0161anas sist\u0113ma, lai nodro\u0161in\u0101tu, ka klienti savlaic\u012bgi un prec\u012bzi sa\u0146em nepiecie\u0161am\u0101s deta\u013cas. Tas noz\u012bm\u0113 minim\u0101lu d\u012bkst\u0101vi j\u016bsu celtniec\u012bbas tehnikai un netrauc\u0113tu j\u016bsu uz\u0146\u0113muma darb\u012bbu.<\/p>\n<p>5. <strong>Stingra kvalit\u0101tes kontrole<\/strong>M\u0113s veidojam ilgtermi\u0146a un stabilas sadarb\u012bbas attiec\u012bbas ar daudziem augstas kvalit\u0101tes pieg\u0101d\u0101t\u0101jiem gan m\u0101j\u0101s, gan \u0101rzem\u0113s, nodro\u0161inot, ka visas pieg\u0101d\u0101t\u0101s deta\u013cas, tostarp m\u016bsu hidrauliskais cilindrs, atbilst stingriem kvalit\u0101tes standartiem.<\/p>\n<p>Izmantojot FMP hidraulisko cilindru, j\u016bs varat b\u016bt p\u0101rliecin\u0101ti par savu celtniec\u012bbas ma\u0161\u012bnu kvalit\u0101ti un uzticam\u012bbu. Sazinieties ar mums jau \u0161odien, lai uzzin\u0101tu vair\u0101k par m\u016bsu produktiem un to, k\u0101 m\u0113s varam pal\u012bdz\u0113t jums atrast lab\u0101kos risin\u0101jumus j\u016bsu uz\u0146\u0113muma vajadz\u012bb\u0101m.<\/p>\n<p><img decoding=\"async\" src=\"https:\/\/fmp-components.com\/wp-content\/uploads\/2024\/12\/Adjustable-Clevis-Type-Cylinders-6.webp\" alt=\"Regul\u0113jams skavu tipa cilindrs\" width=\"853\" title=\"\"><br \/>\nAutors: CX<\/p>","protected":false},"excerpt":{"rendered":"<p>The Hot Sale 10 Ton Dump Truck Telescope Hydraulic Cylinder is a high-quality and reliable product that is essential for dump trucks. With its superior design and advanced technology, this hydraulic cylinder offers exceptional performance and durability. Designed specifically for dump trucks, this telescopic hydraulic cylinder is capable of lifting heavy loads up to 10 [&hellip;]<\/p>","protected":false},"featured_media":1706,"comment_status":"closed","ping_status":"closed","template":"","meta":{"_et_pb_use_builder":"","_et_pb_old_content":"","_et_gb_content_width":""},"product_brand":[],"product_cat":[15],"product_tag":[34,48],"class_list":{"0":"post-1705","1":"product","2":"type-product","3":"status-publish","4":"has-post-thumbnail","6":"product_cat-uncategorized","7":"product_tag-hydraulic-cylinder","8":"product_tag-inverted-telescopic-cylinder","10":"first","11":"instock","12":"product-type-simple"},"_links":{"self":[{"href":"https:\/\/fmp-components.com\/lv\/wp-json\/wp\/v2\/product\/1705","targetHints":{"allow":["GET"]}}],"collection":[{"href":"https:\/\/fmp-components.com\/lv\/wp-json\/wp\/v2\/product"}],"about":[{"href":"https:\/\/fmp-components.com\/lv\/wp-json\/wp\/v2\/types\/product"}],"replies":[{"embeddable":true,"href":"https:\/\/fmp-components.com\/lv\/wp-json\/wp\/v2\/comments?post=1705"}],"wp:featuredmedia":[{"embeddable":true,"href":"https:\/\/fmp-components.com\/lv\/wp-json\/wp\/v2\/media\/1706"}],"wp:attachment":[{"href":"https:\/\/fmp-components.com\/lv\/wp-json\/wp\/v2\/media?parent=1705"}],"wp:term":[{"taxonomy":"product_brand","embeddable":true,"href":"https:\/\/fmp-components.com\/lv\/wp-json\/wp\/v2\/product_brand?post=1705"},{"taxonomy":"product_cat","embeddable":true,"href":"https:\/\/fmp-components.com\/lv\/wp-json\/wp\/v2\/product_cat?post=1705"},{"taxonomy":"product_tag","embeddable":true,"href":"https:\/\/fmp-components.com\/lv\/wp-json\/wp\/v2\/product_tag?post=1705"}],"curies":[{"name":"wp","href":"https:\/\/api.w.org\/{rel}","templated":true}]}}