{"id":1703,"date":"2024-12-23T07:01:59","date_gmt":"2024-12-23T07:01:59","guid":{"rendered":"https:\/\/fmp-components.com\/product\/superior-quality-dump-truck-4-stage-hydraulic-telescopic-cylinder\/"},"modified":"2025-03-18T01:50:46","modified_gmt":"2025-03-18T01:50:46","slug":"superior-quality-dump-truck-4-stage-hydraulic-telescopic-cylinder","status":"publish","type":"product","link":"https:\/\/fmp-components.com\/lv\/product\/superior-quality-dump-truck-4-stage-hydraulic-telescopic-cylinder\/","title":{"rendered":"Augst\u0101k\u0101s kvalit\u0101tes pa\u0161izg\u0101z\u0113ja 4 pak\u0101pju hidrauliskais teleskopiskais cilindrs"},"content":{"rendered":"<p>Augst\u0101k\u0101s kvalit\u0101tes pa\u0161izg\u0101z\u0113ja 4 pak\u0101pju hidrauliskais teleskopiskais cilindrs ir ide\u0101ls risin\u0101jums tiem, kam nepiecie\u0161ams jaud\u012bgs un uzticams hidrauliskais cilindrs. Pateicoties inovat\u012bvajam dizainam un augst\u0101k\u0101s klases materi\u0101liem, \u0161is cilindrs var viegli tikt gal\u0101 ar vissare\u017e\u0123\u012bt\u0101kajiem darbiem.<\/p>\n<p>Ar \u010detrpak\u0101pju teleskopisko konstrukciju \u0161is cilindrs nodro\u0161ina maksim\u0101lu jaudu un efektivit\u0101ti, vienlaikus samazinot nepiecie\u0161amo vietu. Hidraulisk\u0101 sist\u0113ma ir izstr\u0101d\u0101ta, lai nodro\u0161in\u0101tu vienm\u0113r\u012bgu un past\u0101v\u012bgu darb\u012bbu, garant\u0113jot uzticamu veiktsp\u0113ju pat vissare\u017e\u0123\u012bt\u0101kajos apst\u0101k\u013cos.<\/p>\n<p>Izgatavots no augstas kvalit\u0101tes materi\u0101liem, \u0161is augst\u0101k\u0101s kvalit\u0101tes pa\u0161izg\u0101z\u0113ja 4 pak\u0101pju hidrauliskais teleskopiskais cilindrs ir paredz\u0113ts vissmag\u0101kajiem vides apst\u0101k\u013ciem un darba apst\u0101k\u013ciem. Pateicoties t\u0101 uzlabotaj\u0101m funkcij\u0101m un augst\u0101k\u0101s kvalit\u0101tes konstrukcijai, \u0161is cilindrs ir ide\u0101la izv\u0113le tiem, kam nepiecie\u0161ams iztur\u012bgs un uzticams hidrauliskais risin\u0101jums.<\/p>\n<p>T\u0101tad, ja mekl\u0113jat augst\u0101k\u0101s kvalit\u0101tes pa\u0161izg\u0101z\u0113ja hidraulisko cilindru, kas nodro\u0161ina izcilu veiktsp\u0113ju, tad augst\u0101k\u0101s kvalit\u0101tes pa\u0161izg\u0101z\u0113ja 4 pak\u0101pju hidrauliskais teleskopiskais cilindrs ir \u012bst\u0101 izv\u0113le.<\/p>\n<p><img decoding=\"async\" src=\"https:\/\/hzpt.com\/wp-content\/uploads\/2023\/11\/Inverted-Telescopic-Cylinder-15.webp\" alt=\"\" title=\"\"><\/p>\n<h2>Lepojoties ar izcilu kvalit\u0101ti, \u0161is \u010detrpak\u0101pju hidrauliskais teleskopiskais cilindrs ir paredz\u0113ts pa\u0161izg\u0101z\u0113jiem.<\/h2>\n<p>Jaunais 2025. gada produkts ar viena gada garantiju ir piem\u0113rots lieto\u0161anai da\u017e\u0101d\u0101s nozar\u0113s, tostarp ra\u017eo\u0161anas r\u016bpn\u012bc\u0101s, ma\u0161\u012bnb\u016bves remonta darbn\u012bc\u0101s, saimniec\u012bb\u0101s, ener\u0123\u0113tikas un ieguves r\u016bpniec\u012bb\u0101, k\u0101 ar\u012b ma\u0161\u012bnb\u016bves r\u016bpn\u012bc\u0101s.<\/p>\n<p>Tas sver 43 kg un ir konstru\u0113ts standarta konstrukcij\u0101 ar virzu\u013ccilindru. Hidraulisk\u0101 jauda un t\u0113rauda korpusa materi\u0101ls nodro\u0161ina stabilu veiktsp\u0113ju. Tas sp\u0113j sasniegt maksim\u0101lo vilces sp\u0113ku 3000 un ir apgriezta teleskopisk\u0101 cilindra tipa.<\/p>\n<h2>\u010cetrpak\u0101pju hidraulisk\u0101 teleskopisk\u0101 cilindra galven\u0101s iez\u012bmes<\/h2>\n<p><img decoding=\"async\" src=\"https:\/\/hzpt.com\/wp-content\/uploads\/2023\/11\/Inverted-Telescopic-Cylinder-13.webp\" alt=\"\" title=\"\"><\/p>\n<ol>\n<li><strong>Augst\u0101k\u0101 kvalit\u0101te:<\/strong> Izgatavots no t\u0113rauda, \u200b\u200btas nodro\u0161ina iztur\u012bbu un augstu veiktsp\u0113ju.<\/li>\n<li><strong>Jaud\u012bgs:<\/strong> Ar maksim\u0101lo vilces sp\u0113ku 3000 tonnu un maksim\u0101lo vilk\u0161anas sp\u0113ku 20 tonnu, tas pied\u0101v\u0101 stabilu veiktsp\u0113ju.<\/li>\n<li><strong>Standarta strukt\u016bra:<\/strong> Standarta virzu\u013ccilindra strukt\u016bra efekt\u012bvai darb\u012bbai.<\/li>\n<li><strong>Galven\u0101s sast\u0101vda\u013cas:<\/strong> Komplekt\u0101 ietilpst gultnis un virzu\u013ca cilindrs uzticamai darb\u012bbai.<\/li>\n<li><strong>Daudzpus\u012bgs:<\/strong> Piem\u0113rots da\u017e\u0101d\u0101m nozar\u0113m, s\u0101kot no ra\u017eo\u0161anas l\u012bdz ener\u0123\u0113tikai un ieguves r\u016bpniec\u012bbai.<\/li>\n<\/ol>\n<h2>4 pak\u0101pju hidraulisk\u0101 teleskopisk\u0101 cilindra pielietojums<\/h2>\n<ol>\n<li>Ra\u017eo\u0161anas r\u016bpn\u012bcas: Noder\u012bgas smago ma\u0161\u012bnu un instrumentu ekspluat\u0101cij\u0101.<\/li>\n<li>Ma\u0161\u012bnu remonta darbn\u012bcas: nepiecie\u0161amas remonta un apkopes darbiem.<\/li>\n<li>Fermas: Pal\u012bdz vad\u012bt lauksaimniec\u012bbas tehniku \u200b\u200bun apr\u012bkojumu.<\/li>\n<li>Ener\u0123\u0113tikas un kalnr\u016bpniec\u012bbas r\u016bpniec\u012bba: vit\u0101li svar\u012bga lieljaudas kalnr\u016bpniec\u012bbas iek\u0101rtu ekspluat\u0101cijai.<\/li>\n<li>Ma\u0161\u012bnu r\u016bpn\u012bcas: nepiecie\u0161amas da\u017e\u0101du ma\u0161\u012bnu ra\u017eo\u0161anas procesam.<\/li>\n<\/ol>\n<p><img decoding=\"async\" src=\"https:\/\/hzpt.com\/wp-content\/uploads\/2023\/11\/Inverted-Telescopic-Cylinder-Applications.webp\" alt=\"\" title=\"\"><\/p>\n<h2>4 pak\u0101pju hidraulisk\u0101 teleskopisk\u0101 cilindra darb\u012bbas princips un apkope<\/h2>\n<p>Hidrauliskais teleskopiskais cilindrs darbojas, p\u0101rveidojot hidraulisk\u0101 \u0161\u0137idruma jaudu sp\u0113k\u0101. Hidrauliskais \u0161\u0137idrums tiek ies\u016bkn\u0113ts cilindr\u0101 ar augstu spiedienu, izraisot virzu\u013ca kust\u012bbu un radot izejas sp\u0113ku. \u0160is sp\u0113ks tiek izmantots da\u017e\u0101du uzdevumu veik\u0161anai.<\/p>\n<p>\u0160eit ir da\u017ei cilindra apkopes padomi:<\/p>\n<ol>\n<li><strong>Regul\u0101ra p\u0101rbaude:<\/strong> Regul\u0101ri p\u0101rbaudiet cilindru, vai nav nodiluma vai boj\u0101jumu paz\u012bmju.<\/li>\n<li><strong>T\u012br\u012b\u0161ana:<\/strong> Lai nodro\u0161in\u0101tu efekt\u012bvu darb\u012bbu, uzturiet cilindru t\u012bru.<\/li>\n<li><strong>E\u013c\u013co\u0161ana:<\/strong> Regul\u0101ri iee\u013c\u013cojiet cilindru, lai samazin\u0101tu berzi un nodilumu.<\/li>\n<li><strong>Bl\u012bv\u0113juma nomai\u0146a:<\/strong> Nomainiet bl\u012bves p\u0113c nepiecie\u0161am\u012bbas, lai nov\u0113rstu nopl\u016bdes.<\/li>\n<li><strong>Izpildiet lietot\u0101ja rokasgr\u0101matu:<\/strong> Lai nodro\u0161in\u0101tu dro\u0161u un efekt\u012bvu darb\u012bbu, vienm\u0113r iev\u0113rojiet lietot\u0101ja rokasgr\u0101matu.<\/li>\n<\/ol>\n<h2>Apgriezts teleskopiskais cilindrs<\/h2>\n<p>Apgrieztais teleskopiskais cilindrs, kas paz\u012bstams ar\u012b k\u0101 vienas darb\u012bbas teleskopiskais cilindrs, ir hidrauliskais cilindrs ar unik\u0101lu dizainu, kas pied\u0101v\u0101 da\u017e\u0101das priek\u0161roc\u012bbas r\u016bpnieciskos pielietojumos. \u0160\u0101da veida cilindrs sast\u0101v no vair\u0101kiem posmiem, kas sabr\u016bk viens otr\u0101, nodro\u0161inot kompaktu un efekt\u012bvu risin\u0101jumu sp\u0113ku izstiep\u0161anai un ievilk\u0161anai. \u0160aj\u0101 rakst\u0101 m\u0113s izp\u0113t\u012bsim apgriezt\u0101 teleskopisk\u0101 cilindra \u012bpa\u0161\u012bbas, priek\u0161roc\u012bbas un pielietojumu, koncentr\u0113joties uz t\u0101 lomu pa\u0161izg\u0101z\u0113ju jom\u0101 un augst\u0101k\u0101s kvalit\u0101tes pa\u0161izg\u0101z\u0113ju 4 pak\u0101pju hidraulisko teleskopisko cilindru.<\/p>\n<h3>1. Apgriezt\u0101 teleskopisk\u0101 cilindra \u012bpa\u0161\u012bbas<\/h3>\n<p>Apgrieztajam teleskopiskajam cilindram ir rakstur\u012bgs t\u0101 at\u0161\u0137ir\u012bgais dizains, kas ietver:<\/p>\n<ul>\n<li><strong>Vair\u0101ki posmi:<\/strong> \u0160is cilindrs sast\u0101v no vair\u0101kiem, parasti \u010detriem, posmiem, kas ievilkt\u0101 veid\u0101 ievietojas viens otr\u0101, k\u0101 rezult\u0101t\u0101 kop\u0113jais garums ir samazin\u0101ts sal\u012bdzin\u0101jum\u0101 ar parastajiem cilindriem.<\/li>\n<li><strong>Vienvirziena darb\u012bbas:<\/strong> Apgrieztais teleskopiskais cilindrs darbojas vien\u0101 virzien\u0101, kas noz\u012bm\u0113, ka tas sp\u0113j rad\u012bt sp\u0113ku vien\u0101 virzien\u0101, parasti izstiepjoties. Ievilk\u0161anu parasti pan\u0101k ar \u0101r\u0113jiem sp\u0113kiem, piem\u0113ram, gravit\u0101ciju vai slodzes spiedienu.<\/li>\n<li><strong>Kompaktums:<\/strong> Pateicoties ligzdotajam dizainam, apgrieztais teleskopiskais cilindrs pied\u0101v\u0101 lieliskas vietas taup\u012b\u0161anas iesp\u0113jas, padarot to ide\u0101li piem\u0113rotu lietojumiem ar ierobe\u017eotu uzst\u0101d\u012b\u0161anas vietu.<\/li>\n<li><strong>Augsta iztur\u012bba:<\/strong> \u0160ie cilindri ir izgatavoti no iztur\u012bgiem materi\u0101liem, kas nodro\u0161ina izcilu iztur\u012bbu un iztur\u012bbu pret liel\u0101m slodz\u0113m un skarbiem ekspluat\u0101cijas apst\u0101k\u013ciem.<\/li>\n<\/ul>\n<h3>2. Apgriezt\u0101 teleskopisk\u0101 cilindra priek\u0161roc\u012bbas<\/h3>\n<p>Apgrieztais teleskopiskais cilindrs sniedz vair\u0101kas priek\u0161roc\u012bbas da\u017e\u0101dos r\u016bpnieciskos pielietojumos:<\/p>\n<ul>\n<li><strong>Samazin\u0101ts kop\u0113jais garums:<\/strong> Apgriezt\u0101 teleskopisk\u0101 cilindra ligzdot\u0101 konstrukcija \u013cauj iev\u0113rojami samazin\u0101t kop\u0113jo garumu ievilkt\u0101 st\u0101vokl\u012b, t\u0101d\u0113j\u0101di efekt\u012bvi izmantojot telpu \u0161aur\u0101s instal\u0101cij\u0101s.<\/li>\n<li><strong>Palielin\u0101ts g\u0101jiena garums:<\/strong> Ar vair\u0101kiem posmiem \u0161\u0101da veida cilindrs pied\u0101v\u0101 pagarin\u0101tu g\u0101jiena garumu, nodro\u0161inot liel\u0101ku pozicion\u0113\u0161anas un kust\u012bbas elast\u012bbu.<\/li>\n<li><strong>Uzlabota stabilit\u0101te:<\/strong> Cilindra ligzdotie posmi nodro\u0161ina paaugstin\u0101tu stabilit\u0101ti un iztur\u012bbu pret s\u0101nu sp\u0113kiem, garant\u0113jot vienm\u0113r\u012bgu un uzticamu darb\u012bbu.<\/li>\n<li><strong>Uzlabots svara sadal\u012bjums:<\/strong> Apgriezt\u0101 teleskopisk\u0101 cilindra kompaktais dizains nodro\u0161ina lab\u0101ku svara sadal\u012bjumu, t\u0101d\u0113j\u0101di uzlabojot kravas apstr\u0101des iesp\u0113jas un kop\u0113jo transportl\u012bdzek\u013ca veiktsp\u0113ju.<\/li>\n<\/ul>\n<h3>3. Apgriezt\u0101 teleskopisk\u0101 cilindra pielietojums pa\u0161izg\u0101z\u0113jos<\/h3>\n<p>Apgrieztais teleskopiskais cilindrs tiek pla\u0161i izmantots pa\u0161izg\u0101z\u0113jos, \u012bpa\u0161i hidrauliskaj\u0101s sist\u0113m\u0101s, kas atbild par kravas automa\u0161\u012bnas kravas kastes pacel\u0161anu un nolai\u0161anu. Augstas kvalit\u0101tes pa\u0161izg\u0101z\u0113ju 4 pak\u0101pju hidrauliskais teleskopiskais cilindrs pied\u0101v\u0101 \u0161\u0101das priek\u0161roc\u012bbas:<\/p>\n<ul>\n<li><strong>Optimiz\u0113ta celtsp\u0113ja:<\/strong> Hidraulisk\u0101 teleskopisk\u0101 cilindra daudzpak\u0101pju konstrukcija uzlabo pa\u0161izg\u0101z\u0113ju celtsp\u0113ju, \u013caujot efekt\u012bvi iekraut un izkraut smagus materi\u0101lus.<\/li>\n<li><strong>Paaugstin\u0101ta stabilit\u0101te:<\/strong> Ar ligzdotaj\u0101m pak\u0101p\u0113m cilindrs nodro\u0161ina izcilu stabilit\u0101ti izg\u0101\u0161anas proces\u0101, samazinot apg\u0101\u0161an\u0101s risku un garant\u0113jot dro\u0161u darb\u012bbu.<\/li>\n<li><strong>Papla\u0161in\u0101ta sasniedzam\u012bba:<\/strong> \u010cetrpak\u0101pju hidraulisk\u0101 teleskopisk\u0101 cilindra pagarin\u0101tais g\u0101jiena garums \u013cauj pa\u0161izg\u0101z\u0113jiem sasniegt augst\u0101ku izg\u0101\u0161anas le\u0146\u0137i, veicinot materi\u0101lu piln\u012bgu izg\u0101\u0161anu.<\/li>\n<li><strong>Uzticama veiktsp\u0113ja:<\/strong> Hidrauliskais teleskopiskais cilindrs, kas izgatavots no augst\u0101k\u0101s kvalit\u0101tes materi\u0101liem un prec\u012bzas in\u017eenierijas, nodro\u0161ina uzticamu un iztur\u012bgu veiktsp\u0113ju pat sare\u017e\u0123\u012btos darba apst\u0101k\u013cos.<\/li>\n<\/ul>\n<p>Nosl\u0113gum\u0101 j\u0101saka, ka apgrieztais teleskopiskais cilindrs ir specializ\u0113ts hidrauliskais cilindrs, kas pied\u0101v\u0101 unik\u0101las priek\u0161roc\u012bbas r\u016bpnieciskos pielietojumos. Ar savu vair\u0101ku pak\u0101pju, kompakto dizainu un izcilo veiktsp\u0113ju tam ir iz\u0161\u0137iro\u0161a noz\u012bme pa\u0161izg\u0101z\u0113ju funkcionalit\u0101tes un efektivit\u0101tes uzlabo\u0161an\u0101. Augst\u0101k\u0101s kvalit\u0101tes pa\u0161izg\u0101z\u0113ju \u010detrpak\u0101pju hidrauliskais teleskopiskais cilindrs nodro\u0161ina optimiz\u0113tu celtsp\u0113ju, palielin\u0101tu stabilit\u0101ti, palielin\u0101tu sniedzam\u012bbu un uzticamu veiktsp\u0113ju, padarot to par ide\u0101lu izv\u0113li pa\u0161izg\u0101z\u0113ju ra\u017eot\u0101jiem un operatoriem.<\/p>\n<h3>Par FMP \u2013 hidraulisko cilindru<\/h3>\n<p>Uz\u0146\u0113mum\u0101 FMP m\u0113s specializ\u0113jamies augstas kvalit\u0101tes celtniec\u012bbas tehnikas deta\u013cu un nokomplekt\u0113tu iek\u0101rtu p\u0101rdo\u0161an\u0101 un apkalpo\u0161an\u0101. M\u016bsu hidrauliskais cilindrs ir viens no m\u016bsu popul\u0101r\u0101kajiem produktiem, un tam ir labs iemesls. \u0160eit ir pieci iemesli, k\u0101p\u0113c FMP hidrauliskais cilindrs ir lab\u0101k\u0101 izv\u0113le j\u016bsu celtniec\u012bbas tehnikas vajadz\u012bb\u0101m:<\/p>\n<p>1. <strong>Augst\u0101k\u0101s kvalit\u0101tes materi\u0101li<\/strong>M\u016bsu hidrauliskais cilindrs ir izgatavots no iztur\u012bgiem un uzticamiem materi\u0101liem, nodro\u0161inot ilgsto\u0161u darb\u012bbu un minim\u0101las apkopes pras\u012bbas.<\/p>\n<p>2. <strong>Piel\u0101gojamas opcijas<\/strong>M\u0113s pied\u0101v\u0101jam regul\u0113jamus skavu tipa cilindrus, k\u0101 ar\u012b citas piel\u0101gojamas iesp\u0113jas, lai apmierin\u0101tu j\u016bsu \u012bpa\u0161\u0101s vajadz\u012bbas. Pateicoties m\u016bsu pieredzei celtniec\u012bbas tehnikas deta\u013cu jom\u0101, m\u0113s varam sadarboties ar jums, lai atrastu lab\u0101ko risin\u0101jumu j\u016bsu apr\u012bkojumam.<\/p>\n<p>3. <strong>Ekspertu komanda<\/strong>M\u016bsu pieredz\u0113ju\u0161\u0101 un prasm\u012bg\u0101 p\u0101rdo\u0161anas komanda p\u0101rzina jaun\u0101k\u0101s nozares tendences un klientu vajadz\u012bbas b\u016bvniec\u012bbas tehnikas nozar\u0113. Vi\u0146i var sniegt profesion\u0101las produktu konsult\u0101cijas un p\u0101rdom\u0101tus pirk\u0161anas ieteikumus, lai pal\u012bdz\u0113tu jums pie\u0146emt vislab\u0101ko l\u0113mumu j\u016bsu uz\u0146\u0113mumam.<\/p>\n<p>4. <strong>Efekt\u012bva lo\u0123istika<\/strong>Mums ir efekt\u012bva lo\u0123istikas izplat\u012b\u0161anas sist\u0113ma, lai nodro\u0161in\u0101tu, ka klienti savlaic\u012bgi un prec\u012bzi sa\u0146em nepiecie\u0161am\u0101s deta\u013cas. Tas noz\u012bm\u0113 minim\u0101lu d\u012bkst\u0101vi j\u016bsu celtniec\u012bbas tehnikai un netrauc\u0113tu j\u016bsu uz\u0146\u0113muma darb\u012bbu.<\/p>\n<p>5. <strong>Stingra kvalit\u0101tes kontrole<\/strong>M\u0113s veidojam ilgtermi\u0146a un stabilas sadarb\u012bbas attiec\u012bbas ar daudziem augstas kvalit\u0101tes pieg\u0101d\u0101t\u0101jiem gan m\u0101j\u0101s, gan \u0101rzem\u0113s, nodro\u0161inot, ka visas pieg\u0101d\u0101t\u0101s deta\u013cas, tostarp m\u016bsu hidrauliskais cilindrs, atbilst stingriem kvalit\u0101tes standartiem.<\/p>\n<p>Izmantojot FMP hidraulisko cilindru, j\u016bs varat b\u016bt p\u0101rliecin\u0101ti par savu celtniec\u012bbas ma\u0161\u012bnu kvalit\u0101ti un uzticam\u012bbu. Sazinieties ar mums jau \u0161odien, lai uzzin\u0101tu vair\u0101k par m\u016bsu produktiem un to, k\u0101 m\u0113s varam pal\u012bdz\u0113t jums atrast lab\u0101kos risin\u0101jumus j\u016bsu uz\u0146\u0113muma vajadz\u012bb\u0101m.<\/p>\n<p><img decoding=\"async\" src=\"https:\/\/fmp-components.com\/wp-content\/uploads\/2024\/12\/Adjustable-Clevis-Type-Cylinders-6.webp\" alt=\"Regul\u0113jams skavu tipa cilindrs\" width=\"853\" title=\"\"><br \/>\nAutors: CX<\/p>","protected":false},"excerpt":{"rendered":"<p>The Superior Quality Dump Truck 4 Stage Hydraulic Telescopic Cylinder is the perfect solution for those in need of a powerful and reliable hydraulic cylinder. With its innovative design and top-of-the-line materials, this cylinder can handle the toughest jobs with ease. Featuring a four-stage telescopic design, this cylinder provides maximum power and efficiency while minimizing [&hellip;]<\/p>","protected":false},"featured_media":1704,"comment_status":"closed","ping_status":"closed","template":"","meta":{"_et_pb_use_builder":"","_et_pb_old_content":"","_et_gb_content_width":""},"product_brand":[],"product_cat":[45],"product_tag":[34,48],"class_list":{"0":"post-1703","1":"product","2":"type-product","3":"status-publish","4":"has-post-thumbnail","6":"product_cat-inverted-telescopic-cylinder","7":"product_tag-hydraulic-cylinder","8":"product_tag-inverted-telescopic-cylinder","10":"first","11":"instock","12":"product-type-simple"},"_links":{"self":[{"href":"https:\/\/fmp-components.com\/lv\/wp-json\/wp\/v2\/product\/1703","targetHints":{"allow":["GET"]}}],"collection":[{"href":"https:\/\/fmp-components.com\/lv\/wp-json\/wp\/v2\/product"}],"about":[{"href":"https:\/\/fmp-components.com\/lv\/wp-json\/wp\/v2\/types\/product"}],"replies":[{"embeddable":true,"href":"https:\/\/fmp-components.com\/lv\/wp-json\/wp\/v2\/comments?post=1703"}],"wp:featuredmedia":[{"embeddable":true,"href":"https:\/\/fmp-components.com\/lv\/wp-json\/wp\/v2\/media\/1704"}],"wp:attachment":[{"href":"https:\/\/fmp-components.com\/lv\/wp-json\/wp\/v2\/media?parent=1703"}],"wp:term":[{"taxonomy":"product_brand","embeddable":true,"href":"https:\/\/fmp-components.com\/lv\/wp-json\/wp\/v2\/product_brand?post=1703"},{"taxonomy":"product_cat","embeddable":true,"href":"https:\/\/fmp-components.com\/lv\/wp-json\/wp\/v2\/product_cat?post=1703"},{"taxonomy":"product_tag","embeddable":true,"href":"https:\/\/fmp-components.com\/lv\/wp-json\/wp\/v2\/product_tag?post=1703"}],"curies":[{"name":"wp","href":"https:\/\/api.w.org\/{rel}","templated":true}]}}