{"id":1701,"date":"2024-12-23T07:01:59","date_gmt":"2024-12-23T07:01:59","guid":{"rendered":"https:\/\/fmp-components.com\/product\/factory-customized-trailer-hydraulic-cylinder-for-dump-truck\/"},"modified":"2025-03-11T06:06:40","modified_gmt":"2025-03-11T06:06:40","slug":"factory-customized-trailer-hydraulic-cylinder-for-dump-truck","status":"publish","type":"product","link":"https:\/\/fmp-components.com\/lv\/product\/factory-customized-trailer-hydraulic-cylinder-for-dump-truck\/","title":{"rendered":"R\u016bpn\u012bcas piel\u0101gots piekabes hidrauliskais cilindrs pa\u0161izg\u0101z\u0113jam"},"content":{"rendered":"<h2>Iepaz\u012bstin\u0101m ar r\u016bpn\u012bc\u0101 piel\u0101gotu piekabes hidraulisko cilindru pa\u0161izg\u0101z\u0113jam:<\/h2>\n<p>R\u016bpn\u012bc\u0101 piel\u0101gotais piekabes hidrauliskais cilindrs pa\u0161izg\u0101z\u0113jam ir augstas kvalit\u0101tes un efekt\u012bvs hidrauliskais komponents, kas \u012bpa\u0161i izstr\u0101d\u0101ts pa\u0161izg\u0101z\u0113jiem. Ar sav\u0101m uzlabotaj\u0101m funkcij\u0101m un iztur\u012bgo konstrukciju \u0161im hidrauliskajam cilindram ir b\u016btiska loma pa\u0161izg\u0101z\u0113ju vienm\u0113r\u012bg\u0101 darb\u012bb\u0101 izkrau\u0161anas proces\u0101.<\/p>\n<p>Galven\u0101s iez\u012bmes:<br \/>\n1. Piel\u0101go\u0161ana: r\u016bpn\u012bc\u0101 piel\u0101goto piekabes hidraulisko cilindru var piel\u0101got da\u017e\u0101du pa\u0161izg\u0101z\u0113ju mode\u013cu un izm\u0113ru \u012bpa\u0161aj\u0101m pras\u012bb\u0101m. Tas nodro\u0161ina perfektu atbilst\u012bbu un optim\u0101lu veiktsp\u0113ju.<br \/>\n2. Iztur\u012bba: \u0160is hidrauliskais cilindrs ir izgatavots no prec\u012bzas in\u017eenierijas un augstas kvalit\u0101tes materi\u0101liem, lai iztur\u0113tu lielas slodzes, skarbu vidi un ilgsto\u0161u lieto\u0161anu.<br \/>\n3. Jauda un efektivit\u0101te: Hidrauliskais cilindrs nodro\u0161ina izcilu celtsp\u0113ju, \u013caujot pa\u0161izg\u0101z\u0113jiem bez piep\u016bles pacelt un noliekt smagas kravas efekt\u012bvai izkrau\u0161anai. Tas uzlabo produktivit\u0101ti un samazina d\u012bkst\u0101ves laiku.<br \/>\n4. Dro\u0161\u012bba: Hidrauliskais cilindrs ir apr\u012bkots ar uzticamiem dro\u0161\u012bbas meh\u0101nismiem, piem\u0113ram, spiediena samazin\u0101\u0161anas v\u0101rstiem un p\u0101rslodzes aizsardz\u012bbu, kas nodro\u0161ina gan operatoru, gan apk\u0101rt\u0113j\u0101s vides dro\u0161\u012bbu darb\u012bbas laik\u0101.<br \/>\n5. Vienk\u0101r\u0161a apkope: r\u016bpn\u012bc\u0101 piel\u0101gotais piekabes hidrauliskais cilindrs ir paredz\u0113ts vienk\u0101r\u0161ai apkopei un apkalpo\u0161anai, samazinot d\u012bkst\u0101ves laiku un ekspluat\u0101cijas izmaksas.<\/p>\n<p>Neatkar\u012bgi no t\u0101, vai to izmanto b\u016bvniec\u012bb\u0101, ieguves r\u016bpniec\u012bb\u0101 vai cit\u0101s nozar\u0113s, kur\u0101s nepiecie\u0161ama bie\u017ea materi\u0101lu izkrau\u0161ana, r\u016bpn\u012bc\u0101 piel\u0101gotais piekabes hidrauliskais cilindrs pa\u0161izg\u0101z\u0113jam ir uzticama un neaizst\u0101jama sast\u0101vda\u013ca. Tas uzlabo pa\u0161izg\u0101z\u0113ju veiktsp\u0113ju un produktivit\u0101ti, padarot tos par b\u016btisku instrumentu jebkurai smagai darb\u012bbai.<\/p>\n<p>Izv\u0113lieties r\u016bpn\u012bc\u0101 piel\u0101gotu piekabes hidraulisko cilindru pa\u0161izg\u0101z\u0113jam un izbaudiet t\u0101 nevainojamas veiktsp\u0113jas, iztur\u012bbas un efektivit\u0101tes priek\u0161roc\u012bbas.<\/p>\n<h2>R\u016bpn\u012bcas piel\u0101gots piekabes hidrauliskais cilindrs pa\u0161izg\u0101z\u0113jam<\/h2>\n<p>Iepaz\u012bstin\u0101m ar r\u016bpn\u012bc\u0101 piel\u0101gotu piekabes hidraulisko cilindru pa\u0161izg\u0101z\u0113jam. \u0160is pavisam jaunais produkts ir \u012bpa\u0161i izgatavots j\u016bsu ra\u017eo\u0161anas, remonta, lauksaimniec\u012bbas, ener\u0123\u0113tikas un kalnr\u016bpniec\u012bbas tehnikas vajadz\u012bb\u0101m. Ar 1 gada garantiju j\u016bs varat b\u016bt dro\u0161i, ka \u0161is hidrauliskais cilindrs nodro\u0161in\u0101s izcilu veiktsp\u0113ju. \u0160\u012b produkta galvenaj\u0101m sast\u0101vda\u013c\u0101m, piem\u0113ram, gult\u0146iem un virzu\u013ca cilindram, ar\u012b ir 1 gada garantija. \u0160is iztur\u012bgais hidrauliskais cilindrs, kas izgatavots no t\u0113rauda, \u200b\u200bir izstr\u0101d\u0101ts k\u0101 standarta virzu\u013ca cilindra tips un izmanto hidraulisko sp\u0113ku. Tas ir apr\u012bkots ar apgrieztiem teleskopiskiem cilindriem un var nodro\u0161in\u0101t maksim\u0101lo vilci 3000 un maksim\u0101lo vilkmi 20 tonnas. Sertific\u0113ts saska\u0146\u0101 ar ISO9001:2000, \u0161is hidrauliskais cilindrs ir piel\u0101gojams urbuma izm\u0113ram, stie\u0146a izm\u0113ram, g\u0101jiena izm\u0113ram, tapas izm\u0113ram un kr\u0101sai.<\/p>\n<h2>Piel\u0101got\u0101 piekabes hidraulisk\u0101 cilindra \u012bpa\u0161\u012bbas<\/h2>\n<p><img decoding=\"async\" src=\"https:\/\/hzpt.com\/wp-content\/uploads\/2023\/11\/Inverted-Telescopic-Cylinder-4.webp\" alt=\"\" title=\"\"><\/p>\n<ol>\n<li>Hidraulisk\u0101 jauda: \u0160is hidrauliskais cilindrs izmanto hidraulisko jaudu, nodro\u0161inot uzticamu veiktsp\u0113ju un konsekvenci.<\/li>\n<li>T\u0113rauda korpusa materi\u0101ls: Korpusa materi\u0101ls ir t\u0113rauds, kas nodro\u0161ina iztur\u012bbu un stingr\u012bbu.<\/li>\n<li>Maksim\u0101l\u0101 vilce un vilkme: Tas var nodro\u0161in\u0101t maksim\u0101lo vilci 3000 tonnu un maksim\u0101lo vilkmi 20 tonnu, nodro\u0161inot pietiekamu jaudu oper\u0101cij\u0101m.<\/li>\n<li>ISO9001:2000 sertifik\u0101cija: \u0160is produkts ir sertific\u0113ts saska\u0146\u0101 ar ISO9001:2000, kas klientiem garant\u0113 t\u0101 kvalit\u0101ti un uzticam\u012bbu.<\/li>\n<li>Piel\u0101gojams: \u0160o hidraulisko cilindru var piel\u0101got urbuma izm\u0113ram, stie\u0146a izm\u0113ram, g\u0101jiena izm\u0113ram, tapas izm\u0113ram un kr\u0101sai, lai atbilstu \u012bpa\u0161aj\u0101m pras\u012bb\u0101m.<\/li>\n<\/ol>\n<h2>Piel\u0101got\u0101 piekabes hidraulisk\u0101 cilindra pielietojums<\/h2>\n<ol>\n<li>Ra\u017eo\u0161anas r\u016bpn\u012bca: \u0160is hidrauliskais cilindrs ir piem\u0113rots izmanto\u0161anai ra\u017eo\u0161anas r\u016bpn\u012bc\u0101s.<\/li>\n<li>Ma\u0161\u012bnu remonta darbn\u012bcas: To var izmantot ma\u0161\u012bnu remonta darbn\u012bc\u0101s da\u017e\u0101diem remonta un apkopes darbiem.<\/li>\n<li>Fermas: \u0160o hidraulisko cilindru var izmantot ferm\u0101s da\u017e\u0101d\u0101m lauksaimniec\u012bbas darb\u012bb\u0101m.<\/li>\n<li>Ener\u0123\u0113tika un kalnr\u016bpniec\u012bba: To var izmantot ener\u0123\u0113tikas un kalnr\u016bpniec\u012bbas nozar\u0113 da\u017e\u0101d\u0101m smag\u0101m darb\u012bb\u0101m.<\/li>\n<li>Ma\u0161\u012bnu ra\u017eo\u0161ana: \u0160is hidrauliskais cilindrs ir ide\u0101li piem\u0113rots ar\u012b izmanto\u0161anai ma\u0161\u012bnu ra\u017eo\u0161an\u0101.<\/li>\n<\/ol>\n<p><img decoding=\"async\" src=\"https:\/\/hzpt.com\/wp-content\/uploads\/2023\/11\/Inverted-Telescopic-Cylinder-Applications.webp\" alt=\"Hidraulisko cilindru pielietojumi\" title=\"\"><\/p>\n<h2>Piel\u0101got\u0101 piekabes hidraulisk\u0101 cilindra darb\u012bbas princips<\/h2>\n<ol>\n<li>Konfigur\u0101cija: Hidrauliskais cilindrs ir konfigur\u0113ts ar virzuli un cilindru, kas ir piepild\u012bti ar hidraulisko \u0161\u0137idrumu.<\/li>\n<li>Hidraulisk\u0101 \u0161\u0137idruma padeve: Hidraulisko \u0161\u0137idrumu ar s\u016bkni p\u0101rvieto cilindr\u0101, kas rada spiedienu un spie\u017e virzuli kust\u0113ties.<\/li>\n<li>Izejas sp\u0113ks: \u0160\u012b virzu\u013ca kust\u012bba nodro\u0161ina izejas sp\u0113ku, kas tiek izmantots v\u0113lam\u0101s darb\u012bbas veik\u0161anai.<\/li>\n<li>Apkopes metodes: Regul\u0101ra p\u0101rbaude, t\u012br\u012b\u0161ana, e\u013c\u013co\u0161ana, regul\u0101ras p\u0101rbaudes un remonts, bl\u012bv\u0113juma nomai\u0146a, iev\u0113rojot lietot\u0101ja rokasgr\u0101matu, ir galven\u0101s \u0161\u012b hidraulisk\u0101 cilindra apkopes metodes.<\/li>\n<\/ol>\n<p><img decoding=\"async\" src=\"https:\/\/hzpt.com\/wp-content\/uploads\/2023\/11\/Inverted-Telescopic-Cylinder-22.webp\" alt=\"\" title=\"\"><\/p>\n<h2>Apgriezts teleskopiskais cilindrs<\/h2>\n<p>R\u016bpn\u012bc\u0101 piel\u0101gots piekabes hidrauliskais cilindrs pa\u0161izg\u0101z\u0113jam ir apgriezta teleskopisk\u0101 cilindra veids, kas ir \u012bpa\u0161i izstr\u0101d\u0101ts izmanto\u0161anai pa\u0161izg\u0101z\u0113jos. \u0160is inovat\u012bvais hidrauliskais cilindrs tiek pla\u0161i izmantots b\u016bvniec\u012bbas nozar\u0113, nodro\u0161inot izcilu celtsp\u0113ju un stabilit\u0101ti smag\u0101m krav\u0101m. \u0160aj\u0101 rakst\u0101 m\u0113s izp\u0113t\u012bsim \u0161\u012b iev\u0113rojam\u0101 hidraulisk\u0101 cilindra \u012bpa\u0161\u012bbas un darb\u012bbas principus.<\/p>\n<h3>Funkcijas:<\/h3>\n<p>1. Daudzpak\u0101pju dizains:<\/p>\n<p>R\u016bpn\u012bc\u0101 piel\u0101gotajam piekabes hidrauliskajam cilindram pa\u0161izg\u0101z\u0113jam ir daudzpak\u0101pju konstrukcija, kas \u013cauj palielin\u0101t celtsp\u0113ju un g\u0101jiena garumu. \u0160is cilindrs sast\u0101v no vair\u0101kiem teleskopiskiem posmiem, kas izstiepjas un savelkas, lai nodro\u0161in\u0101tu optim\u0101lu cel\u0161anas veiktsp\u0113ju. Katrs posms ir r\u016bp\u012bgi izstr\u0101d\u0101ts, lai iztur\u0113tu lielas slodzes un nodro\u0161in\u0101tu vienm\u0113r\u012bgu darb\u012bbu.<\/p>\n<p>2. Apgriezt\u0101 konfigur\u0101cija:<\/p>\n<p>At\u0161\u0137ir\u012bb\u0101 no tradicion\u0101lajiem hidrauliskajiem cilindriem, apgrieztais teleskopiskais cilindrs ir konstru\u0113ts ar virzu\u013ca stieni, kas stiepjas uz leju. \u0160\u012b apgriezt\u0101 konfigur\u0101cija pied\u0101v\u0101 vair\u0101kas priek\u0161roc\u012bbas, tostarp uzlabotu stabilit\u0101ti, samazin\u0101tu apkopes nepiecie\u0161am\u012bbu un uzlabotu dro\u0161\u012bbu. Novietojot virzu\u013ca stieni apak\u0161\u0101, cilindrs var lab\u0101k iztur\u0113t s\u0101nu slodzes un sp\u0113kus, kas rodas izg\u0101\u0161anas proces\u0101.<\/p>\n<p>3. R\u016bpn\u012bcas piel\u0101go\u0161ana:<\/p>\n<p>R\u016bpn\u012bc\u0101 piel\u0101gotais piekabes hidrauliskais cilindrs pa\u0161izg\u0101z\u0113jam ir piel\u0101gots, lai atbilstu \u012bpa\u0161\u0101m pa\u0161izg\u0101z\u0113ju pielietojumu pras\u012bb\u0101m. Cilindru var piel\u0101got izm\u0113ru, mont\u0101\u017eas iesp\u0113ju un materi\u0101lu zi\u0146\u0101, lai nodro\u0161in\u0101tu neman\u0101mu integr\u0101ciju ar kravas automa\u0161\u012bnas hidraulisko sist\u0113mu. \u0160\u012b piel\u0101go\u0161anas iesp\u0113ja nodro\u0161ina optim\u0101lu cilindra veiktsp\u0113ju un ilgm\u016b\u017e\u012bbu pa\u0161izg\u0101z\u0113ju sare\u017e\u0123\u012btos ekspluat\u0101cijas apst\u0101k\u013cos.<\/p>\n<h3>Darb\u012bbas principi:<\/h3>\n<p>Kad pa\u0161izg\u0101z\u0113jam ir j\u0101izkrauj krava, hidraulisk\u0101 sist\u0113ma aktiviz\u0113 r\u016bpn\u012bc\u0101 piel\u0101goto piekabes hidraulisko cilindru. \u0160eit ir soli pa solim aprakst\u012bts cilindra darb\u012bbas princips:<\/p>\n<p>1. Pagarin\u0101\u0161anas posms:<\/p>\n<p>Kad hidrauliskais \u0161\u0137idrums tiek ies\u016bkn\u0113ts cilindr\u0101, tas vispirms non\u0101k maz\u0101k\u0101s pak\u0101pes kamer\u0101. Spiediens palielin\u0101s, izraisot virzu\u013ca kust\u012bbu uz \u0101ru. \u0160\u012b pagarin\u0101juma pak\u0101pe \u013cauj cilindram pak\u0101peniski palielin\u0101t savu garumu, nodro\u0161inot s\u0101kotn\u0113jo celtsp\u0113ju.<\/p>\n<p>2. Sec\u012bgi posmi:<\/p>\n<p>Kad maz\u0101k\u0101 pak\u0101pe ir piln\u012bb\u0101 izstiepta, hidrauliskais \u0161\u0137idrums turpina pl\u016bst n\u0101kamaj\u0101 liel\u0101kaj\u0101 pak\u0101p\u0113. \u0160is sec\u012bgais process atk\u0101rtojas katr\u0101 cilindra pak\u0101p\u0113, \u0161\u0137idrumam pak\u0101peniski piepildot katru kameru un v\u0113l vair\u0101k izstiepjot virzuli. Apgriezt\u0101 teleskopisk\u0101 cilindra sec\u012bgie posmi \u013cauj iev\u0113rojami palielin\u0101t celtsp\u0113ju, vienlaikus saglab\u0101jot kompaktu konstrukciju.<\/p>\n<p>3. Atvilk\u0161anas posms:<\/p>\n<p>Kad pien\u0101k laiks cilindru ievilkt, hidraulisk\u0101 sist\u0113ma maina \u0161\u0137idruma pl\u016bsmas virzienu. T\u0101 s\u0101k ievilkties no liel\u0101k\u0101s pak\u0101pes, pak\u0101peniski iztuk\u0161ojot kameras un \u013caujot virzulim ievilkties. Pak\u0101pju sec\u012bg\u0101 ievilk\u0161ana nodro\u0161ina kontrol\u0113tu un vienm\u0113r\u012bgu pa\u0161izg\u0101z\u0113ja kravas kastes nolai\u0161anos.<\/p>\n<p>R\u016bpn\u012bc\u0101 piel\u0101gots pa\u0161izg\u0101z\u0113ja piekabes hidrauliskais cilindrs ir b\u016btiska sast\u0101vda\u013ca, kas nodro\u0161ina efekt\u012bvas izg\u0101\u0161anas oper\u0101cijas lieljaudas kravas automa\u0161\u012bn\u0101s. T\u0101 inovat\u012bvais dizains apvienojum\u0101 ar r\u016bpn\u012bcas piel\u0101go\u0161anu nodro\u0161ina optim\u0101lu veiktsp\u0113ju un iztur\u012bbu. Neatkar\u012bgi no t\u0101, vai t\u0101 ir neliela b\u016bvlaukums vai liela m\u0113roga ieguves oper\u0101cija, \u0161is hidrauliskais cilindrs nodro\u0161ina jaudu un uzticam\u012bbu, kas nepiecie\u0161ama, lai apstr\u0101d\u0101tu pras\u012bgas slodzes.<\/p>\n<h3>Par FMP<\/h3>\n<p>FMP ir uz\u0146\u0113mums, kas specializ\u0113jas hidraulisko cilindru ra\u017eo\u0161an\u0101 un p\u0101rdo\u0161an\u0101. M\u016bsu galven\u0101 m\u012btne atrodas It\u0101lij\u0101, un mums ir daudzu gadu pieredze celtniec\u012bbas tehnikas nozar\u0113, k\u0101 ar\u012b \u012bpa\u0161a profesion\u0101\u013cu komanda. M\u0113s pied\u0101v\u0101jam augstas kvalit\u0101tes un uzticamus hidrauliskos cilindrus, k\u0101 ar\u012b pla\u0161u celtniec\u012bbas tehnikas deta\u013cu kl\u0101stu un piln\u012bgus ma\u0161\u012bnu risin\u0101jumus.<\/p>\n<p>\u0160eit ir 5 iemesli, k\u0101p\u0113c jums vajadz\u0113tu izv\u0113l\u0113ties FMP:<\/p>\n<ol>\n<li>Pla\u0161s produktu kl\u0101sts: M\u0113s pied\u0101v\u0101jam da\u017e\u0101du veidu hidrauliskos cilindrus, tostarp regul\u0113jamus skavu tipa cilindrus, teleskopiskos cilindrus, metin\u0101tus cilindrus un citus. M\u016bsu daudzveid\u012bgais produktu kl\u0101sts nodro\u0161ina, ka varam apmierin\u0101t m\u016bsu klientu \u012bpa\u0161\u0101s vajadz\u012bbas.<\/li>\n<li>Augst\u0101k\u0101s kvalit\u0101tes komponenti: Visi m\u016bsu hidrauliskie cilindri ir izgatavoti, izmantojot augst\u0101k\u0101s kvalit\u0101tes komponentus, lai nodro\u0161in\u0101tu iztur\u012bbu un veiktsp\u0113ju. M\u0113s cie\u0161i sadarbojamies ar augstas kvalit\u0101tes pieg\u0101d\u0101t\u0101jiem, lai uztur\u0113tu stingrus kvalit\u0101tes standartus.<\/li>\n<li>P\u0101rdo\u0161anas ekspertu komanda: M\u016bsu pieredz\u0113ju\u0161\u0101 p\u0101rdo\u0161anas komanda labi p\u0101rzina celtniec\u012bbas tehnikas nozari un izprot m\u016bsu klientu main\u012bg\u0101s vajadz\u012bbas. Vi\u0146i var sniegt profesion\u0101las konsult\u0101cijas par produktiem un pied\u0101v\u0101t p\u0101rdom\u0101tus pirk\u0161anas ieteikumus.<\/li>\n<li>Efekt\u012bva lo\u0123istika: Mums ir efekt\u012bva lo\u0123istikas izplat\u012b\u0161anas sist\u0113ma, lai nodro\u0161in\u0101tu nepiecie\u0161amo deta\u013cu savlaic\u012bgu un prec\u012bzu pieg\u0101di m\u016bsu klientiem. J\u016bs varat pa\u013cauties uz mums, ka m\u0113s iev\u0113rosim j\u016bsu projekta termi\u0146us.<\/li>\n<li>Ap\u0146em\u0161an\u0101s nodro\u0161in\u0101t klientu apmierin\u0101t\u012bbu: Uz\u0146\u0113mum\u0101 FMP klientu apmierin\u0101t\u012bba ir m\u016bsu galven\u0101 priorit\u0101te. M\u0113s cen\u0161amies nodro\u0161in\u0101t izcilu servisu katr\u0101 sol\u012b, s\u0101kot no produktu izv\u0113les l\u012bdz pat p\u0113cp\u0101rdo\u0161anas atbalstam. J\u016bsu pan\u0101kumi ir m\u016bsu pan\u0101kumi.<\/li>\n<\/ol>\n<p><img decoding=\"async\" src=\"https:\/\/fmp-components.com\/wp-content\/uploads\/2024\/12\/Adjustable-Clevis-Type-Cylinders-6.webp\" alt=\"Regul\u0113jams skavu tipa cilindrs\" width=\"852\" title=\"\"><\/p>\n<p>Autors: CX<\/p>","protected":false},"excerpt":{"rendered":"<p>Introducing the Factory Customized Trailer Hydraulic Cylinder for Dump Truck: The Factory Customized Trailer Hydraulic Cylinder for Dump Truck is a high-quality and efficient hydraulic component specially designed for dump trucks. With its advanced features and robust construction, this hydraulic cylinder plays a vital role in the smooth operation of dump trucks during the unloading [&hellip;]<\/p>","protected":false},"featured_media":1702,"comment_status":"closed","ping_status":"closed","template":"","meta":{"_et_pb_use_builder":"","_et_pb_old_content":"","_et_gb_content_width":""},"product_brand":[],"product_cat":[45],"product_tag":[34,48],"class_list":{"0":"post-1701","1":"product","2":"type-product","3":"status-publish","4":"has-post-thumbnail","6":"product_cat-inverted-telescopic-cylinder","7":"product_tag-hydraulic-cylinder","8":"product_tag-inverted-telescopic-cylinder","10":"first","11":"instock","12":"product-type-simple"},"_links":{"self":[{"href":"https:\/\/fmp-components.com\/lv\/wp-json\/wp\/v2\/product\/1701","targetHints":{"allow":["GET"]}}],"collection":[{"href":"https:\/\/fmp-components.com\/lv\/wp-json\/wp\/v2\/product"}],"about":[{"href":"https:\/\/fmp-components.com\/lv\/wp-json\/wp\/v2\/types\/product"}],"replies":[{"embeddable":true,"href":"https:\/\/fmp-components.com\/lv\/wp-json\/wp\/v2\/comments?post=1701"}],"wp:featuredmedia":[{"embeddable":true,"href":"https:\/\/fmp-components.com\/lv\/wp-json\/wp\/v2\/media\/1702"}],"wp:attachment":[{"href":"https:\/\/fmp-components.com\/lv\/wp-json\/wp\/v2\/media?parent=1701"}],"wp:term":[{"taxonomy":"product_brand","embeddable":true,"href":"https:\/\/fmp-components.com\/lv\/wp-json\/wp\/v2\/product_brand?post=1701"},{"taxonomy":"product_cat","embeddable":true,"href":"https:\/\/fmp-components.com\/lv\/wp-json\/wp\/v2\/product_cat?post=1701"},{"taxonomy":"product_tag","embeddable":true,"href":"https:\/\/fmp-components.com\/lv\/wp-json\/wp\/v2\/product_tag?post=1701"}],"curies":[{"name":"wp","href":"https:\/\/api.w.org\/{rel}","templated":true}]}}