{"id":1699,"date":"2024-12-23T07:01:59","date_gmt":"2024-12-23T07:01:59","guid":{"rendered":"https:\/\/fmp-components.com\/product\/durable-5-ton-hydraulic-telescopic-cylinder-for-dump-truck\/"},"modified":"2025-03-11T05:47:41","modified_gmt":"2025-03-11T05:47:41","slug":"durable-5-ton-hydraulic-telescopic-cylinder-for-dump-truck","status":"publish","type":"product","link":"https:\/\/fmp-components.com\/lv\/product\/durable-5-ton-hydraulic-telescopic-cylinder-for-dump-truck\/","title":{"rendered":"Iztur\u012bgs 5 tonnu hidrauliskais teleskopiskais cilindrs pa\u0161izg\u0101z\u0113jam"},"content":{"rendered":"<h2>Produkta ievads:<\/h2>\n<p>Iztur\u012bgais 5 tonnu hidrauliskais teleskopiskais cilindrs pa\u0161izg\u0101z\u0113jam ir jaud\u012bgs un uzticams instruments, kas paredz\u0113ts izcilai veiktsp\u0113jai pa\u0161izg\u0101z\u0113ja darbos. \u0160is hidrauliskais cilindrs ir izgatavots no augstas kvalit\u0101tes materi\u0101liem, kas nodro\u0161ina iztur\u012bbu un ilgsto\u0161u veiktsp\u0113ju.<\/p>\n<p>Iztur\u012bgais 5 tonnu hidrauliskais teleskopiskais cilindrs ir izstr\u0101d\u0101ts, lai nodro\u0161in\u0101tu izcilu iztur\u012bbu un jaudu ar maksim\u0101lo celtsp\u0113ju 5 tonnas. Tas padara to par ide\u0101lu izv\u0113li lieljaudas lietojumiem, piem\u0113ram, b\u016bvmateri\u0101lu, zemes darbu un citu smagu kravu p\u0101rvad\u0101\u0161anai.<\/p>\n<p><img decoding=\"async\" src=\"https:\/\/hzpt.com\/wp-content\/uploads\/2023\/11\/Inverted-Telescopic-Cylinder-2.webp\" alt=\"\" title=\"\"><\/p>\n<p>Viena no \u0161\u012b hidraulisk\u0101 cilindra izcil\u0101kaj\u0101m iez\u012bm\u0113m ir t\u0101 teleskopisk\u0101 konstrukcija. Cilindrs sast\u0101v no vair\u0101kiem posmiem, kurus var pagarin\u0101t, lai nodro\u0161in\u0101tu liel\u0101ku pacel\u0161anas augstumu un sniedzam\u012bbu. Tas padara to par neticami daudzpus\u012bgu instrumentu, ko var izmantot da\u017e\u0101dos pielietojumos.<\/p>\n<p>Iztur\u012bgais 5 tonnu hidrauliskais teleskopiskais cilindrs pa\u0161izg\u0101z\u0113jam ir ar\u012b neticami viegli uzst\u0101d\u0101ms un lietojams. Tas ir apr\u012bkots ar visu nepiecie\u0161amo stiprin\u0101juma apr\u012bkojumu un to var viegli piestiprin\u0101t pa\u0161izg\u0101z\u0113ja hidrauliskajai sist\u0113mai.<\/p>\n<table style=\"width: 100%;\" border=\"1\" width=\"100%\" cellspacing=\"0\" cellpadding=\"0\">\n<tbody>\n<tr>\n<th>Produkta nosaukums<\/th>\n<td>Iztur\u012bgs 5 tonnu hidrauliskais teleskopiskais cilindrs<\/td>\n<\/tr>\n<tr>\n<th>St\u0101voklis<\/th>\n<td>Jauns<\/td>\n<\/tr>\n<tr>\n<th>Tips<\/th>\n<td>Teleskopiskais hidrauliskais cilindrs<\/td>\n<\/tr>\n<tr>\n<th>Svars (kg)<\/th>\n<td>43<\/td>\n<\/tr>\n<tr>\n<th>Maksim\u0101l\u0101 slodzes iztur\u012bba<\/th>\n<td>5 tonnas<\/td>\n<\/tr>\n<tr>\n<th>Garantija<\/th>\n<td>1 gads<\/td>\n<\/tr>\n<tr>\n<th>Piem\u0113rojam\u0101s nozares<\/th>\n<td>Ra\u017eo\u0161anas r\u016bpn\u012bcas, Ma\u0161\u012bnu remonta darbn\u012bcas, Lauksaimniec\u012bbas saimniec\u012bbas, Ener\u0123\u0113tika un ieguves r\u016bpniec\u012bba, Ma\u0161\u012bnu ra\u017eo\u0161ana, Ma\u0161\u012bnu r\u016bpn\u012bcas<\/td>\n<\/tr>\n<tr>\n<th>Dizains<\/th>\n<td>Teleskopiska<\/td>\n<\/tr>\n<tr>\n<th>Veiktsp\u0113ja<\/th>\n<td>Izcila iztur\u012bba un ilgm\u016b\u017e\u012bba<\/td>\n<\/tr>\n<tr>\n<th>Uzst\u0101d\u012b\u0161ana<\/th>\n<td>Vienk\u0101r\u0161a uzst\u0101d\u012b\u0161ana<\/td>\n<\/tr>\n<\/tbody>\n<\/table>\n<h2>Hidraulisk\u0101 teleskopisk\u0101 cilindra \u012bpa\u0161\u012bbas<\/h2>\n<ul>\n<li style=\"list-style-type: none;\">\n<ul>\n<li>Augsta iztur\u012bba: Izgatavots no t\u0113rauda maksim\u0101lai iztur\u012bbai un ilgm\u016b\u017e\u012bbai.<\/li>\n<li>Efekt\u012bva funkcionalit\u0101te: \u0160is cilindrs darbojas ar hidraulisko jaudu, nodro\u0161inot vienm\u0113r\u012bgu un efekt\u012bvu darb\u012bbu.<\/li>\n<\/ul>\n<\/li>\n<\/ul>\n<ul>\n<li>Augsta ietilp\u012bba: Ar maksim\u0101lo vilci 3000 tonnu un maksim\u0101lo vilk\u0161anas sp\u0113ku 20 tonnu \u0161\u012b ma\u0161\u012bna var tikt gal\u0101 ar smag\u0101m oper\u0101cij\u0101m.<\/li>\n<li>Standarta konstrukcija: \u0160is virzu\u013ccilindrs atbilst standarta specifik\u0101cij\u0101m, padarot to par daudzpus\u012bgu papildin\u0101jumu jebkurai tehnikai.<\/li>\n<li>Sertific\u0113ta kvalit\u0101te: ISO9001:2000 sertifik\u0101ts, kas garant\u0113 produkta kvalit\u0101ti un dro\u0161\u012bbu.<\/li>\n<\/ul>\n<h2>Hidraulisk\u0101 teleskopisk\u0101 cilindra pielietojums<\/h2>\n<ul>\n<li>Ra\u017eo\u0161anas iek\u0101rtas: \u0160o cilindru var izmantot da\u017e\u0101dos ra\u017eo\u0161anas procesos, uzlabojot efektivit\u0101ti un produktivit\u0101ti.<\/li>\n<li>Ma\u0161\u012bnu remonta darbn\u012bcas: t\u0101 ir b\u016btiska smago ma\u0161\u012bnu remonta sast\u0101vda\u013ca.<\/li>\n<li>Fermas: Hidraulisko teleskopisko cilindru var izmantot da\u017e\u0101d\u0101s lauksaimniec\u012bbas tehnik\u0101.<\/li>\n<li>Ener\u0123\u0113tika un ieguves r\u016bpniec\u012bba: Tai ir iz\u0161\u0137iro\u0161a noz\u012bme lieljaudas ieguves iek\u0101rtu darb\u012bb\u0101.<\/li>\n<li>Ma\u0161\u012bnu ra\u017eo\u0161ana: t\u0101 ir neat\u0146emama ma\u0161\u012bnu ra\u017eo\u0161anas procesu sast\u0101vda\u013ca.<\/li>\n<\/ul>\n<p><img decoding=\"async\" src=\"https:\/\/hzpt.com\/wp-content\/uploads\/2023\/11\/Inverted-Telescopic-Cylinder-Applications.webp\" alt=\"Hidraulisko teleskopisko cilindru pielietojumi\" title=\"\"><\/p>\n<h2>Hidraulisk\u0101 teleskopisk\u0101 cilindra darb\u012bbas princips un apkope<\/h2>\n<p>Ar savu konfigur\u0101ciju, hidraulisk\u0101 \u0161\u0137idruma ievadi un izejas sp\u0113ku hidrauliskais teleskopiskais cilindrs darbojas efekt\u012bvi. \u0160eit ir detaliz\u0113ts t\u0101 darb\u012bbas principa apraksts:<\/p>\n<ul>\n<li>Konfigur\u0101cija: Cilindrs sast\u0101v no t\u0113rauda korpusa, gult\u0146a un virzu\u013ca cilindra, kas ir galven\u0101s sast\u0101vda\u013cas.<\/li>\n<li>Hidraulisk\u0101 \u0161\u0137idruma padeve: Hidrauliskais \u0161\u0137idrums tiek ievad\u012bts cilindr\u0101, kas p\u0101rvieto virzuli un rada sp\u0113ku.<\/li>\n<li>Izejas sp\u0113ks: Rad\u012btais sp\u0113ks tiek izmantots ma\u0161\u012bnas vad\u012b\u0161anai.<\/li>\n<\/ul>\n<p>Regul\u0101ra apkope ietver:<\/p>\n<ul>\n<li>Regul\u0101ra p\u0101rbaude: Regul\u0101ri p\u0101rbaudiet cilindru, lai p\u0101rliecin\u0101tos, ka tas ir lab\u0101 darba k\u0101rt\u012bb\u0101.<\/li>\n<li>T\u012br\u012b\u0161ana: Regul\u0101ri t\u012briet cilindru, lai nov\u0113rstu putek\u013cu un gru\u017eu ietekmi uz t\u0101 darb\u012bbu.<\/li>\n<li>E\u013c\u013co\u0161ana: Regul\u0101ri iee\u013c\u013cojiet kust\u012bg\u0101s da\u013cas, lai samazin\u0101tu berzi un nodro\u0161in\u0101tu vienm\u0113r\u012bgu darb\u012bbu.<\/li>\n<li>Bl\u012bvju nomai\u0146a: nomainiet bl\u012bves p\u0113c nepiecie\u0161am\u012bbas, lai nov\u0113rstu nopl\u016bdes.<\/li>\n<li>Lietot\u0101ja rokasgr\u0101matas iev\u0113ro\u0161ana: Vienm\u0113r iev\u0113rojiet lietot\u0101ja rokasgr\u0101mat\u0101 sniegtos lieto\u0161anas un apkopes nor\u0101d\u012bjumus.<\/li>\n<\/ul>\n<p><img decoding=\"async\" src=\"https:\/\/hzpt.com\/wp-content\/uploads\/2023\/11\/Inverted-Telescopic-Cylinder-18.webp\" alt=\"\" title=\"\"><\/p>\n<h2>Apgriezts teleskopiskais cilindrs<\/h2>\n<p>Hidrauliskais cilindrs ir meh\u0101niska ier\u012bce, ko pla\u0161i izmanto in\u017eenierzin\u0101tn\u0113s un r\u016bpniec\u012bb\u0101. Tas ir line\u0101rs izpildmeh\u0101nisms, kas rada sp\u0113ku, izmantojot spiediena hidraulisko \u0161\u0137idrumu. Apgriezts teleskopiskais cilindrs ir hidraulisk\u0101 cilindra veids, kam ir unik\u0101ls dizains, kas nodro\u0161ina liel\u0101ku iztur\u012bbu un stipr\u012bbu. \u0160\u0101da veida cilindru parasti izmanto pa\u0161izg\u0101z\u0113jos un cit\u0101s lieljaudas iek\u0101rt\u0101s, kur ir ikdieni\u0161\u0137as lielas slodzes un sare\u017e\u0123\u012bti darba apst\u0101k\u013ci.<\/p>\n<h3>Projekt\u0113\u0161ana un b\u016bvniec\u012bba<\/h3>\n<p>Apgriezts teleskopiskais cilindrs sast\u0101v no vair\u0101kiem posmiem, kas ir savienoti kop\u0101 teleskopisk\u0101 konfigur\u0101cij\u0101. \u0100r\u0113jais posms ir liel\u0101kais, bet iek\u0161\u0113jais posms ir maz\u0101kais. Posmi ir savienoti ar virkni hidraulisko cauru\u013cu, kas \u013cauj spiediena \u0161\u0137idrumam pl\u016bst no viena posma uz n\u0101kamo. Cilindrs parasti tiek uzst\u0101d\u012bts otr\u0101di, un hidrauliskais \u0161\u0137idrums iepl\u016bst no cilindra apak\u0161as.<\/p>\n<p>Balona iztur\u012bba ir saist\u012bta ar t\u0101 dizainu un konstrukciju. Balona sienas ir izgatavotas no augstas stipr\u012bbas t\u0113rauda, \u200b\u200bkas sp\u0113j iztur\u0113t lielas slodzes un skarbus darba apst\u0101k\u013cus. Ar\u012b iek\u0161\u0113j\u0101s deta\u013cas ir izgatavotas no augstas kvalit\u0101tes materi\u0101liem, kas ir paredz\u0113ti, lai iztur\u0113tu augstu spiedienu un nodilumu laika gait\u0101.<\/p>\n<h3>Apgriezt\u0101 teleskopisk\u0101 cilindra priek\u0161roc\u012bbas<\/h3>\n<p>Viena no apgriezt\u0101 teleskopisk\u0101 cilindra galvenaj\u0101m priek\u0161roc\u012bb\u0101m ir t\u0101 iztur\u012bba. Cilindrs ir paredz\u0113ts, lai iztur\u0113tu lielas slodzes un sare\u017e\u0123\u012btus darba apst\u0101k\u013cus, padarot to ide\u0101li piem\u0113rotu izmanto\u0161anai pa\u0161izg\u0101z\u0113jos un cit\u0101 smagaj\u0101 apr\u012bkojum\u0101. Augstas kvalit\u0101tes materi\u0101lu un konstrukcijas meto\u017eu izmanto\u0161ana nodro\u0161ina, ka cilindrs kalpos daudzus gadus bez nepiecie\u0161am\u012bbas to nomain\u012bt vai remont\u0113t.<\/p>\n<p>V\u0113l viena apgriezt\u0101 teleskopisk\u0101 cilindra priek\u0161roc\u012bba ir t\u0101 efektivit\u0101te. Cilindrs ir paredz\u0113ts darb\u012bbai ar minim\u0101lu berzi, kas noz\u012bm\u0113, ka t\u0101 darb\u012bbai nepiecie\u0161ams maz\u0101k ener\u0123ijas nek\u0101 cita veida cilindriem. Tas samazina ekspluat\u0101cijas izmaksas un palielina produktivit\u0101ti.<\/p>\n<p>Apgrieztais teleskopiskais cilindrs ir ar\u012b \u013coti daudzpus\u012bgs, kas padara to piem\u0113rotu izmanto\u0161anai pla\u0161\u0101 pielietojumu kl\u0101st\u0101. Cilindru var piel\u0101got da\u017e\u0101du nozaru un pielietojumu \u012bpa\u0161aj\u0101m vajadz\u012bb\u0101m, kas padara to par \u013coti piel\u0101gojamu un noder\u012bgu apr\u012bkojumu.<\/p>\n<h3>Iztur\u012bgs 5 tonnu hidrauliskais teleskopiskais cilindrs pa\u0161izg\u0101z\u0113jam<\/h3>\n<p>Iztur\u012bgais 5 tonnu hidrauliskais teleskopiskais cilindrs ir specializ\u0113ta veida apgriezts teleskopiskais cilindrs, kas \u012bpa\u0161i paredz\u0113ts izmanto\u0161anai pa\u0161izg\u0101z\u0113jos. \u0160is cilindrs sp\u0113j pacelt smagas kravas un ir \u013coti iztur\u012bgs, padarot to ide\u0101li piem\u0113rotu lieto\u0161anai skarbos darba apst\u0101k\u013cos.<\/p>\n<p>Cilindrs ir izgatavots no augstas stipr\u012bbas t\u0113rauda un tam ir daudzpak\u0101pju konstrukcija, kas \u013cauj tam viegli pacelt smagas kravas. Hidrauliskais \u0161\u0137idrums ir paaugstin\u0101ts spiedien\u0101, lai nodro\u0161in\u0101tu nepiecie\u0161amo sp\u0113ku, un cilindrs ir konstru\u0113ts efekt\u012bvai darb\u012bbai ar minim\u0101liem ener\u0123ijas zudumiem.<\/p>\n<p>Iztur\u012bgais 5 tonnu hidrauliskais teleskopiskais cilindrs pa\u0161izg\u0101z\u0113jiem ir uzticams un efekt\u012bvs apr\u012bkojums, kas var pal\u012bdz\u0113t palielin\u0101t produktivit\u0101ti un samazin\u0101t ekspluat\u0101cijas izmaksas. T\u0101 iztur\u012bba, efektivit\u0101te un daudzpus\u012bba padara to par ide\u0101lu izv\u0113li pla\u0161am nozaru un pielietojumu kl\u0101stam.<\/p>\n<h3>Par FMP hidraulisko cilindru<\/h3>\n<p><img decoding=\"async\" src=\"https:\/\/fmp-components.com\/wp-content\/uploads\/2024\/12\/Adjustable-Clevis-Type-Cylinders-6.webp\" alt=\"Regul\u0113jams skavu tipa cilindrs\" width=\"851\" title=\"\"><\/p>\n<p>FMP ir vado\u0161ais augstas kvalit\u0101tes hidraulisko cilindru pieg\u0101d\u0101t\u0101js celtniec\u012bbas tehnikai. Pateicoties m\u016bsu pla\u0161ajai pieredzei nozar\u0113 un \u012bpa\u0161ajai komandai, m\u0113s pied\u0101v\u0101jam pla\u0161u hidraulisko cilindru kl\u0101stu, kas ir izstr\u0101d\u0101ts, lai apmierin\u0101tu m\u016bsu klientu da\u017e\u0101d\u0101s vajadz\u012bbas.<\/p>\n<p>\u0160eit ir piecas galven\u0101s priek\u0161roc\u012bbas, izv\u0113loties FMP hidraulisko cilindru:<\/p>\n<ol>\n<li>Izcila kvalit\u0101te: M\u016bsu hidrauliskie cilindri tiek ra\u017eoti, izmantojot lab\u0101kos materi\u0101lus, un tiem tiek piem\u0113roti stingri kvalit\u0101tes kontroles pas\u0101kumi, lai nodro\u0161in\u0101tu iztur\u012bbu un uzticam\u012bbu vissare\u017e\u0123\u012bt\u0101kaj\u0101s b\u016bvniec\u012bbas vid\u0113s.<\/li>\n<li>Pla\u0161s iesp\u0113ju kl\u0101sts: M\u0113s pied\u0101v\u0101jam pla\u0161u hidraulisko cilindru kl\u0101stu, tostarp regul\u0113jamus skavu tipa cilindrus, \u0161arn\u012brsavienojuma stie\u0146u cilindrus, metin\u0101tus cilindrus, teleskopiskos cilindrus un citus. Tas \u013cauj jums atrast perfektu risin\u0101jumu, kas atbilst j\u016bsu \u012bpa\u0161aj\u0101m pras\u012bb\u0101m.<\/li>\n<li>Ekspertu konsult\u0101cijas: M\u016bsu pieredz\u0113ju\u0161\u0101 p\u0101rdo\u0161anas komanda labi p\u0101rzina jaun\u0101kos sasniegumus un klientu vajadz\u012bbas b\u016bvniec\u012bbas tehnikas nozar\u0113. Vi\u0146i var sniegt profesion\u0101las konsult\u0101cijas par produktiem, lai pal\u012bdz\u0113tu jums pie\u0146emt p\u0101rdom\u0101tus l\u0113mumus.<\/li>\n<li>Gudri pirk\u0161anas ieteikumi: M\u0113s saprotam, ka katrs projekts ir unik\u0101ls, un m\u016bsu komanda var pied\u0101v\u0101t piel\u0101gotus ieteikumus, lai nodro\u0161in\u0101tu, ka izv\u0113laties pareizo hidraulisko cilindru savam pielietojumam. Tas pal\u012bdz optimiz\u0113t efektivit\u0101ti un samazin\u0101t d\u012bkst\u0101ves laiku.<\/li>\n<li>Efekt\u012bva lo\u0123istika: FMP m\u0113s priorit\u0101ti pie\u0161\u0137iram savlaic\u012bgai un prec\u012bzai pieg\u0101dei. M\u016bsu efekt\u012bv\u0101 lo\u0123istikas izplat\u012b\u0161anas sist\u0113ma nodro\u0161ina, ka j\u016bs savlaic\u012bgi sa\u0146emat nepiecie\u0161amos hidrauliskos cilindrus, \u013caujot jums iev\u0113rot grafiku un projekta termi\u0146us.<\/li>\n<\/ol>\n<p>Izv\u0113lieties FMP hidraulisko cilindru, lai nodro\u0161in\u0101tu uzticamu veiktsp\u0113ju, izcilu kvalit\u0101ti un nep\u0101rsp\u0113jamu klientu apkalpo\u0161anu. Sazinieties ar mums jau \u0161odien, lai p\u0101rrun\u0101tu savas hidraulisk\u0101 cilindra vajadz\u012bbas un izbaud\u012btu FMP at\u0161\u0137ir\u012bbu.<\/p>\n<p>Autors: CX<\/p>","protected":false},"excerpt":{"rendered":"<p>Product Introduction: The Durable 5 Ton Hydraulic Telescopic Cylinder For Dump Truck is a powerful and reliable tool that is designed to provide exceptional performance for dump truck applications. This hydraulic cylinder is built to last and is made from high-quality materials that ensure durability and long-lasting performance. The Durable 5 Ton Hydraulic Telescopic Cylinder [&hellip;]<\/p>","protected":false},"featured_media":1700,"comment_status":"closed","ping_status":"closed","template":"","meta":{"_et_pb_use_builder":"","_et_pb_old_content":"","_et_gb_content_width":""},"product_brand":[],"product_cat":[45],"product_tag":[34,48],"class_list":{"0":"post-1699","1":"product","2":"type-product","3":"status-publish","4":"has-post-thumbnail","6":"product_cat-inverted-telescopic-cylinder","7":"product_tag-hydraulic-cylinder","8":"product_tag-inverted-telescopic-cylinder","10":"first","11":"instock","12":"product-type-simple"},"_links":{"self":[{"href":"https:\/\/fmp-components.com\/lv\/wp-json\/wp\/v2\/product\/1699","targetHints":{"allow":["GET"]}}],"collection":[{"href":"https:\/\/fmp-components.com\/lv\/wp-json\/wp\/v2\/product"}],"about":[{"href":"https:\/\/fmp-components.com\/lv\/wp-json\/wp\/v2\/types\/product"}],"replies":[{"embeddable":true,"href":"https:\/\/fmp-components.com\/lv\/wp-json\/wp\/v2\/comments?post=1699"}],"wp:featuredmedia":[{"embeddable":true,"href":"https:\/\/fmp-components.com\/lv\/wp-json\/wp\/v2\/media\/1700"}],"wp:attachment":[{"href":"https:\/\/fmp-components.com\/lv\/wp-json\/wp\/v2\/media?parent=1699"}],"wp:term":[{"taxonomy":"product_brand","embeddable":true,"href":"https:\/\/fmp-components.com\/lv\/wp-json\/wp\/v2\/product_brand?post=1699"},{"taxonomy":"product_cat","embeddable":true,"href":"https:\/\/fmp-components.com\/lv\/wp-json\/wp\/v2\/product_cat?post=1699"},{"taxonomy":"product_tag","embeddable":true,"href":"https:\/\/fmp-components.com\/lv\/wp-json\/wp\/v2\/product_tag?post=1699"}],"curies":[{"name":"wp","href":"https:\/\/api.w.org\/{rel}","templated":true}]}}