{"id":1697,"date":"2024-12-23T07:01:59","date_gmt":"2024-12-23T07:01:59","guid":{"rendered":"https:\/\/fmp-components.com\/product\/cost-effective-small-double-acting-hydraulic-cylinder-telescopic-hydraulic-cylinder\/"},"modified":"2025-03-11T05:47:18","modified_gmt":"2025-03-11T05:47:18","slug":"cost-effective-small-double-acting-hydraulic-cylinder-telescopic-hydraulic-cylinder","status":"publish","type":"product","link":"https:\/\/fmp-components.com\/lv\/product\/cost-effective-small-double-acting-hydraulic-cylinder-telescopic-hydraulic-cylinder\/","title":{"rendered":"Rentabls mazs divk\u0101r\u0161as darb\u012bbas hidrauliskais cilindrs Teleskopisks hidrauliskais cilindrs"},"content":{"rendered":"<h2>Iepaz\u012bstin\u0101m ar rentablu mazo divk\u0101r\u0161as darb\u012bbas hidraulisko cilindru:<\/h2>\n<p>Rentabls mazs divk\u0101r\u0161as darb\u012bbas hidrauliskais cilindrs Teleskopiskais hidrauliskais cilindrs ir daudzpus\u012bgs un uzticams hidrauliskais cilindrs, kas paredz\u0113ts da\u017e\u0101du nozaru vajadz\u012bb\u0101m.<\/p>\n<p>\u0160im hidrauliskajam cilindram ir kompakts izm\u0113rs, kas padara to piem\u0113rotu lietojumiem ar ierobe\u017eotu vietu. Tas sp\u0113j gan stumt, gan vilkt, nodro\u0161inot efekt\u012bvu un lietder\u012bgu darb\u012bbu.<\/p>\n<p>Pateicoties teleskopiskajai konstrukcijai, \u0161is hidrauliskais cilindrs pied\u0101v\u0101 liel\u0101ku sniedzam\u012bbu un palielin\u0101tu g\u0101jiena garumu, padarot to ide\u0101li piem\u0113rotu lietojumiem, kuriem nepiecie\u0161ams liel\u0101ks kust\u012bbas diapazons.<\/p>\n<p>Izmaksu zi\u0146\u0101 efekt\u012bvais mazais divk\u0101r\u0161as darb\u012bbas hidrauliskais cilindrs, teleskopiskais hidrauliskais cilindrs, ir izstr\u0101d\u0101ts, lai iztur\u0113tu augstu spiedienu un lielas slodzes, nodro\u0161inot iztur\u012bbu un ilgm\u016b\u017e\u012bbu.<\/p>\n<p>\u0160is hidrauliskais cilindrs, kas apr\u012bkots ar modernu bl\u012bv\u0113\u0161anas tehnolo\u0123iju, nodro\u0161ina herm\u0113tisku un uzticamu bl\u012bv\u0113jumu, samazinot nopl\u016bdes risku un nodro\u0161inot optim\u0101lu veiktsp\u0113ju.<\/p>\n<p>Turkl\u0101t \u0161is hidrauliskais cilindrs ir izstr\u0101d\u0101ts, \u0146emot v\u0113r\u0101 izmaksu efektivit\u0101ti, nodro\u0161inot augstu funkcionalit\u0101tes l\u012bmeni par pie\u0146emamu cenu.<\/p>\n<table style=\"width: 100%;\" border=\"1\" width=\"100%\" cellspacing=\"0\" cellpadding=\"0\">\n<tbody>\n<tr>\n<th>Produkta nosaukums<\/th>\n<td>Rentabls mazs divk\u0101r\u0161as darb\u012bbas teleskopiskais hidrauliskais cilindrs<\/td>\n<\/tr>\n<tr>\n<th>St\u0101voklis<\/th>\n<td>\u00a0Jauns<\/td>\n<\/tr>\n<tr>\n<th>Garantija<\/th>\n<td>1 gads<\/td>\n<\/tr>\n<tr>\n<th>Maksim\u0101l\u0101 vilce<\/th>\n<td>3000<\/td>\n<\/tr>\n<tr>\n<th>Tips<\/th>\n<td>Divk\u0101r\u0161as darb\u012bbas teleskopiskais<\/td>\n<\/tr>\n<tr>\n<th>Baro\u0161anas avots<\/th>\n<td>Hidraulisk\u0101<\/td>\n<\/tr>\n<tr>\n<th>Materi\u0101ls<\/th>\n<td>T\u0113rauds<\/td>\n<\/tr>\n<tr>\n<th>Galven\u0101s sast\u0101vda\u013cas<\/th>\n<td>Gultnis, virzu\u013ca cilindrs<\/td>\n<\/tr>\n<tr>\n<th>Piem\u0113rojam\u0101s nozares<\/th>\n<td>B\u016bvniec\u012bba, lauksaimniec\u012bba, ra\u017eo\u0161anas uz\u0146\u0113mumi, ma\u0161\u012bnu remonta darbn\u012bcas, saimniec\u012bbas, ener\u0123\u0113tika un ieguves r\u016bpniec\u012bba, ma\u0161\u012bnu ra\u017eo\u0161ana, ma\u0161\u012bnu r\u016bpn\u012bcas<\/td>\n<\/tr>\n<tr>\n<th>Dizains<\/th>\n<td>Standarta apgriezts teleskopiskais cilindrs<\/td>\n<\/tr>\n<tr>\n<th>Veiktsp\u0113ja<\/th>\n<td>Uzticams un efekt\u012bvs<\/td>\n<\/tr>\n<\/tbody>\n<\/table>\n<h2>Divk\u0101r\u0161as darb\u012bbas hidraulisk\u0101 cilindra teleskopisk\u0101 hidraulisk\u0101 cilindra \u012bpa\u0161\u012bbas<\/h2>\n<p><img decoding=\"async\" src=\"https:\/\/hzpt.com\/wp-content\/uploads\/2023\/11\/Inverted-Telescopic-Cylinder-24.webp\" alt=\"\" title=\"\"><\/p>\n<p>\u0160im produktam ir vair\u0101kas b\u016btiskas \u012bpa\u0161\u012bbas, kas to at\u0161\u0137ir hidraulisko cilindru tirg\u016b.<\/p>\n<ul>\n<li>M\u016bsdien\u012bgas galven\u0101s sast\u0101vda\u013cas: Ar gultni un virzu\u013ca cilindru tiek garant\u0113ta iztur\u012bba un veiktsp\u0113ja.<\/li>\n<li>Hidraulisk\u0101 jauda: Hidraulisk\u0101 jauda nodro\u0161ina vienm\u0113r\u012bgu un efekt\u012bvu darb\u012bbu.<\/li>\n<li>T\u0113rauda korpusa materi\u0101ls: Iztur\u012bgais t\u0113rauda korpuss garant\u0113 ilgm\u016b\u017e\u012bbu un iztur\u012bbu pret nodilumu.<\/li>\n<li>Augsta maksim\u0101l\u0101 vilce: Ar maksim\u0101lo vilci 3000 \u0161is cilindrs nodro\u0161ina jaud\u012bgu veiktsp\u0113ju.<\/li>\n<li>Standarta apgrieztais teleskopiskais cilindrs: standarta apgrieztais dizains nodro\u0161ina elast\u012bbu un daudzpus\u012bbu da\u017e\u0101dos pielietojumos.<\/li>\n<\/ul>\n<h2>Divk\u0101r\u0161as darb\u012bbas hidraulisk\u0101 cilindra teleskopisk\u0101 hidraulisk\u0101 cilindra pielietojums<\/h2>\n<p>\u0160is hidrauliskais cilindrs tiek izmantots daudz\u0101s nozar\u0113s un pielietojumos.<\/p>\n<ul>\n<li style=\"list-style-type: none;\">\n<ul>\n<li>Ra\u017eo\u0161anas iek\u0101rtas: \u0160is cilindrs ir ide\u0101li piem\u0113rots izmanto\u0161anai da\u017e\u0101dos ra\u017eo\u0161anas procesos.<\/li>\n<li>Ma\u0161\u012bnu remonta darbn\u012bcas: To var izmantot ma\u0161\u012bnu remonta darbn\u012bc\u0101s da\u017e\u0101du veidu ma\u0161\u012bnu remontam.<\/li>\n<li>Fermas: \u0160o hidraulisko cilindru var izmantot lauksaimniec\u012bbas apr\u012bkojum\u0101 da\u017e\u0101diem lauksaimniec\u012bbas procesiem.<\/li>\n<li>Ener\u0123\u0113tika un kalnr\u016bpniec\u012bba: To var izmantot ener\u0123\u0113tikas un kalnr\u016bpniec\u012bbas nozar\u0113s da\u017e\u0101diem lieljaudas lietojumiem.<\/li>\n<\/ul>\n<\/li>\n<\/ul>\n<ul>\n<li>Ma\u0161\u012bnu ra\u017eo\u0161ana: \u0160o hidraulisko cilindru var izmantot da\u017e\u0101du veidu ma\u0161\u012bnu ra\u017eo\u0161an\u0101.<\/li>\n<\/ul>\n<p><img decoding=\"async\" src=\"https:\/\/hzpt.com\/wp-content\/uploads\/2023\/11\/Inverted-Telescopic-Cylinder-Applications.webp\" alt=\"Apgrieztu teleskopisko cilindru pielietojumi\" title=\"\"><\/p>\n<h2>Divk\u0101r\u0161as darb\u012bbas hidraulisk\u0101 cilindra teleskopisk\u0101 hidraulisk\u0101 cilindra darb\u012bbas princips un apkope<\/h2>\n<p>\u0160\u012b hidraulisk\u0101 cilindra darb\u012bbas princips ietver konfigur\u0101ciju, hidraulisk\u0101 \u0161\u0137idruma ievadi un izejas sp\u0113ku. Regul\u0101ras apkopes metodes ietver p\u0101rbaudi, t\u012br\u012b\u0161anu, e\u013c\u013co\u0161anu, regul\u0101ras p\u0101rbaudes un remontu, bl\u012bv\u0113juma nomai\u0146u un lietot\u0101ja rokasgr\u0101matas iev\u0113ro\u0161anu.<\/p>\n<ul>\n<li>Konfigur\u0101cija: Hidrauliskais cilindrs sast\u0101v no cilindra korpusa, virzu\u013ca un virzu\u013ca stie\u0146a. Cilindra korpus\u0101 atrodas hidrauliskais \u0161\u0137idrums.<\/li>\n<li>Hidraulisk\u0101 \u0161\u0137idruma padeve: Hidrauliskais \u0161\u0137idrums tiek ies\u016bkn\u0113ts cilindra korpus\u0101, kas nospie\u017e virzuli, radot sp\u0113ku uz virzu\u013ca stieni.<\/li>\n<li>Izejas sp\u0113ks: \u0160is sp\u0113ks tiek p\u0101rnests uz ma\u0161\u012bnas komponentu, kas veic darbu.<\/li>\n<li>P\u0101rbaude: Regul\u0101ri j\u0101veic p\u0101rbaudes, lai p\u0101rliecin\u0101tos, ka cilindrs darbojas pareizi.<\/li>\n<li>T\u012br\u012b\u0161ana: Hidrauliskais cilindrs regul\u0101ri j\u0101t\u012bra, lai nov\u0113rstu net\u012brumu un gru\u017eu uzkr\u0101\u0161anos.<\/li>\n<li>E\u013c\u013co\u0161ana: Regul\u0101ra e\u013c\u013co\u0161ana ir nepiecie\u0161ama, lai nodro\u0161in\u0101tu vienm\u0113r\u012bgu darb\u012bbu un nov\u0113rstu nodilumu.<\/li>\n<li>Bl\u012bvju nomai\u0146a: Bl\u012bves regul\u0101ri j\u0101nomaina, lai nov\u0113rstu hidraulisk\u0101 \u0161\u0137idruma nopl\u016bdi.<\/li>\n<li>Iev\u0113rojiet lietot\u0101ja rokasgr\u0101matu: Vienm\u0113r iev\u0113rojiet lietot\u0101ja rokasgr\u0101mat\u0101 sniegtos apkopes proced\u016bras un dro\u0161\u012bbas nor\u0101d\u012bjumus.<img decoding=\"async\" src=\"https:\/\/hzpt.com\/wp-content\/uploads\/2023\/11\/Inverted-Telescopic-Cylinder-12.webp\" alt=\"\" title=\"\"><\/li>\n<\/ul>\n<h2>Apgriezts teleskopiskais cilindrs<\/h2>\n<p>Apgrieztais teleskopiskais cilindrs, kas paz\u012bstams ar\u012b k\u0101 mazais divk\u0101r\u0161as darb\u012bbas hidrauliskais cilindrs vai teleskopiskais hidrauliskais cilindrs, ir \u013coti rentabla un efekt\u012bva hidraulisko sist\u0113mu sast\u0101vda\u013ca, kam ir iz\u0161\u0137iro\u0161a noz\u012bme da\u017e\u0101d\u0101s nozar\u0113s. \u0160\u012b raksta m\u0113r\u0137is ir iedzi\u013cin\u0101ties \u0161\u012bs ier\u012bces sare\u017e\u0123\u012bt\u012bb\u0101, izce\u013cot t\u0101s unik\u0101l\u0101s \u012bpa\u0161\u012bbas un priek\u0161roc\u012bbas.<\/p>\n<h3>1. Defin\u012bcija un funkcija<\/h3>\n<p>Apgrieztais teleskopiskais cilindrs ir hidrauliska izpildmeh\u0101nisms, kas darbojas abos virzienos, \u013caujot tam veikt stum\u0161anas un vilk\u0161anas darb\u012bbas. T\u0101 galven\u0101 funkcija ir p\u0101rveidot \u0161\u0137idruma ener\u0123iju line\u0101r\u0101 meh\u0101nisk\u0101 sp\u0113k\u0101, ko izmanto, lai p\u0101rvietotu vai vad\u012btu ma\u0161\u012bnas, iek\u0101rtas un smagas kravas. \u0160is daudzpus\u012bgais cilindrs ir konstru\u0113ts ar vair\u0101kiem posmiem vai sekcij\u0101m, kuras var izstiept un ievilkt, nodro\u0161inot pla\u0161u g\u0101jiena garumu diapazonu.<\/p>\n<h3>2. Strukt\u016bra un dizains<\/h3>\n<p>Apgrieztais teleskopiskais cilindrs sast\u0101v no vair\u0101k\u0101m ligzdot\u0101m cilindrisk\u0101m caurul\u0113m, katrai no kur\u0101m ir pak\u0101peniski maz\u0101ks diametrs. \u0160\u012bs caurules, kas paz\u012bstamas k\u0101 pak\u0101pieni, ir savstarp\u0113ji savienotas ar virzu\u013ca stie\u0146iem un bl\u012bv\u0113jumiem, veidojot teleskopisku konstrukciju. \u0100r\u0113jais pak\u0101piens ir piestiprin\u0101ts pie ma\u0161\u012bnas vai kravas, savuk\u0101rt iek\u0161\u0113j\u0101 pak\u0101pien\u0101 atrodas virzulis, un tas ir savienots ar hidraulisko sist\u0113mu.<\/p>\n<p>\u0160\u012b cilindra unik\u0101lais apgrieztais dizains novieto liel\u0101ku diametru apak\u0161\u0101, nodro\u0161inot stabilit\u0101ti un iztur\u012bbu pret deform\u0101cijas sp\u0113kiem. Maz\u0101k\u0101s pak\u0101pes iederas liel\u0101ko pak\u0101pienu iek\u0161pus\u0113, k\u0101 rezult\u0101t\u0101 konstrukcija ir kompakta un vietu taupo\u0161a. Turkl\u0101t bl\u012bv\u0113jumi starp pak\u0101p\u0113m nov\u0113r\u0161 nopl\u016bdes un nodro\u0161ina optim\u0101lu veiktsp\u0113ju.<\/p>\n<h3>3. Ieguvumi un pielietojums<\/h3>\n<p>Apgrieztajam teleskopiskajam cilindram ir vair\u0101kas priek\u0161roc\u012bbas, kas padara to piem\u0113rotu da\u017e\u0101diem pielietojumiem:<\/p>\n<ul>\n<li>1. <strong>Izmaksu efektivit\u0101te:<\/strong> Pateicoties efekt\u012bvajam dizainam, \u0161im cilindram ir nepiecie\u0161amas maz\u0101kas materi\u0101lu un ra\u017eo\u0161anas izmaksas sal\u012bdzin\u0101jum\u0101 ar citiem hidrauliskajiem izpildmeh\u0101nismiem. Tas pied\u0101v\u0101 augstu sp\u0113ka un izm\u0113ra attiec\u012bbu, padarot to par ekonomisku izv\u0113li lietojumiem ar ierobe\u017eotu vietu un bud\u017eeta ierobe\u017eojumiem.<\/li>\n<li>2. <strong>Maza divk\u0101r\u0161a darb\u012bba:<\/strong> \u0160is cilindrs ir divk\u0101r\u0161as darb\u012bbas, kas noz\u012bm\u0113, ka tas var rad\u012bt sp\u0113ku abos virzienos. Tas nodro\u0161ina vien\u0101du jaudu pak\u0101pienu izb\u012bd\u012b\u0161anai un ievilk\u0161anai, t\u0101d\u0113j\u0101di nodro\u0161inot l\u012bdzsvarotu kust\u012bbu un prec\u012bzu vad\u012bbu. Cilindra mazais izm\u0113rs \u013cauj to ievietot \u0161aur\u0101s viet\u0101s, kur liel\u0101ki izpildmeh\u0101nismi var neb\u016bt iesp\u0113jami.<\/li>\n<li>3. <strong>Teleskopisk\u0101 funkcionalit\u0101te:<\/strong> Pateicoties teleskopiskajai konstrukcijai, \u0161is cilindrs var sasniegt pagarin\u0101tu g\u0101jiena garumu, vienlaikus saglab\u0101jot kompaktu ievilktu garumu. \u0160\u012b funkcija ir \u012bpa\u0161i noder\u012bga lietojumprogramm\u0101s, kur\u0101m nepiecie\u0161ams liels sniedzam\u012bbas att\u0101lums vai main\u0101ma pozicion\u0113\u0161ana, piem\u0113ram, celt\u0146iem, iekr\u0101v\u0113jiem un pa\u0161izg\u0101z\u0113ju kravas kast\u0113m.<\/li>\n<\/ul>\n<p>Apgrieztais teleskopiskais cilindrs tiek pla\u0161i izmantots t\u0101d\u0101s nozar\u0113s k\u0101 b\u016bvniec\u012bba, materi\u0101lu apstr\u0101de, lauksaimniec\u012bba un transports. To parasti izmanto pac\u0113l\u0101ju, teleskopisko str\u0113les, \u0161\u0137\u0113rveida pac\u0113l\u0101ju, pa\u0161izg\u0101z\u0113ju piekabju hidrauliskaj\u0101s sist\u0113m\u0101s un daudz\u0101s cit\u0101s lietojumprogramm\u0101s, kur\u0101m nepiecie\u0161ama uzticama un efekt\u012bva line\u0101ras kust\u012bbas vad\u012bba.<\/p>\n<p>Nosl\u0113gum\u0101 j\u0101saka, ka apgrieztais teleskopiskais cilindrs, kas paz\u012bstams ar\u012b k\u0101 mazais divk\u0101r\u0161as darb\u012bbas hidrauliskais cilindrs vai teleskopiskais hidrauliskais cilindrs, ir rentabla un daudzpus\u012bga sast\u0101vda\u013ca, ko izmanto da\u017e\u0101d\u0101s nozar\u0113s. T\u0101 unik\u0101lais apgrieztais dizains, mazais izm\u0113rs un teleskopisk\u0101 funkcionalit\u0101te padara to par ide\u0101lu izv\u0113li lietojumiem, kuros telpa, bud\u017eets un prec\u012bza vad\u012bba ir \u0101rk\u0101rt\u012bgi svar\u012bga. Izmantojot hidraulisk\u0101 \u0161\u0137idruma jaudu, \u0161is cilindrs atvieglo smago ma\u0161\u012bnu un iek\u0101rtu vienm\u0113r\u012bgu un efekt\u012bvu darb\u012bbu.<\/p>\n<h3>Par FMP<\/h3>\n<p>FMP ir cien\u012bjams uz\u0146\u0113mums, kas specializ\u0113jas hidraulisko cilindru ra\u017eo\u0161an\u0101 un p\u0101rdo\u0161an\u0101. M\u0113s esam ap\u0146\u0113mu\u0161ies nodro\u0161in\u0101t m\u016bsu klientus ar augstas kvalit\u0101tes un uzticamiem hidrauliskajiem cilindriem celtniec\u012bbas tehnikai. Ar daudzu gadu pieredzi nozar\u0113 un profesion\u0101lu komandu FMP ir j\u016bsu uzticamais partneris vis\u0101m j\u016bsu hidraulisko cilindru vajadz\u012bb\u0101m.<\/p>\n<p><img decoding=\"async\" src=\"https:\/\/fmp-components.com\/wp-content\/uploads\/2024\/12\/Adjustable-Clevis-Type-Cylinders-6.webp\" alt=\"Regul\u0113jams skavu tipa cilindrs\" width=\"850\" title=\"\"><\/p>\n<p>\u0160eit ir 5 iemesli, k\u0101p\u0113c jums vajadz\u0113tu izv\u0113l\u0113ties FMP hidraulisko cilindru vajadz\u012bb\u0101m:<\/p>\n<p>1. Pla\u0161s produktu kl\u0101sts: FMP pied\u0101v\u0101 pla\u0161u hidraulisko cilindru kl\u0101stu, kas atbilst da\u017e\u0101d\u0101m celtniec\u012bbas tehnikas vajadz\u012bb\u0101m. S\u0101kot no standarta cilindriem l\u012bdz piel\u0101gotiem risin\u0101jumiem, mums ir \u012bstais produkts, kas atbilst j\u016bsu \u012bpa\u0161aj\u0101m pras\u012bb\u0101m.<\/p>\n<p>2. Izcila kvalit\u0101te: Vis\u0101, ko dar\u0101m, m\u0113s pie\u0161\u0137iram priorit\u0101ti kvalit\u0101tei. Visi m\u016bsu hidrauliskie cilindri ir izgatavoti, izmantojot augst\u0101k\u0101s kvalit\u0101tes materi\u0101lus, un atbilst stingriem kvalit\u0101tes standartiem. Tas nodro\u0161ina, ka m\u016bsu produkti ir iztur\u012bgi, uzticami un optim\u0101li darbojas pat sare\u017e\u0123\u012btos apst\u0101k\u013cos.<\/p>\n<p>3. Kompetence un pieredze: Pateicoties m\u016bsu pla\u0161aj\u0101m nozares zin\u0101\u0161an\u0101m un pieredzei, m\u0113s izprotam celtniec\u012bbas tehnikas sektora unik\u0101los izaicin\u0101jumus un pras\u012bbas. M\u016bsu ekspertu komanda ir labi apr\u012bkota, lai sniegtu profesion\u0101lu pal\u012bdz\u012bbu un piel\u0101gotus risin\u0101jumus, kas atbilst j\u016bsu \u012bpa\u0161aj\u0101m vajadz\u012bb\u0101m.<\/p>\n<p>4. Sp\u0113c\u012bgas attiec\u012bbas ar pieg\u0101d\u0101t\u0101jiem: FMP ir izveidojis ilgtermi\u0146a un stabilas partnerattiec\u012bbas ar cien\u012bjamiem pieg\u0101d\u0101t\u0101jiem gan viet\u0113j\u0101, gan starptautisk\u0101 m\u0113rog\u0101. Tas \u013cauj mums ieg\u016bt augstas kvalit\u0101tes komponentus un materi\u0101lus, garant\u0113jot m\u016bsu hidraulisko cilindru uzticam\u012bbu un veiktsp\u0113ju.<\/p>\n<p>5. Efekt\u012bva lo\u0123istika un savlaic\u012bga pieg\u0101de: M\u0113s atz\u012bstam savlaic\u012bgas pieg\u0101des noz\u012bmi, lai j\u016bsu projekti norit\u0113tu nevainojami. FMP ir ieviesusi efekt\u012bvu lo\u0123istikas izplat\u012b\u0161anas sist\u0113mu, lai nodro\u0161in\u0101tu, ka j\u016bs savlaic\u012bgi un prec\u012bzi sa\u0146emat nepiecie\u0161amos hidrauliskos cilindrus, samazinot d\u012bkst\u0101ves laiku un palielinot produktivit\u0101ti.<\/p>\n<p>Izv\u0113lieties FMP sav\u0101m hidraulisko cilindru vajadz\u012bb\u0101m un izbaudiet at\u0161\u0137ir\u012bbu kvalit\u0101t\u0113, uzticam\u012bb\u0101 un klientu apmierin\u0101t\u012bb\u0101. Sadarbojieties ar mums jau \u0161odien, lai nodro\u0161in\u0101tu nevainojamu pieredzi ar celtniec\u012bbas ma\u0161\u012bn\u0101m.<\/p>\n<p>Autors: CX<\/p>","protected":false},"excerpt":{"rendered":"<p>Introducing Cost Effective Small Double Acting Hydraulic Cylinder Telescopic Hydraulic Cylinder: The Cost Effective Small Double Acting Hydraulic Cylinder Telescopic Hydraulic Cylinder is a versatile and reliable hydraulic cylinder designed to meet the needs of various industries. This hydraulic cylinder features a compact size, making it suitable for applications where space is limited. It is [&hellip;]<\/p>","protected":false},"featured_media":1698,"comment_status":"closed","ping_status":"closed","template":"","meta":{"_et_pb_use_builder":"","_et_pb_old_content":"","_et_gb_content_width":""},"product_brand":[],"product_cat":[45],"product_tag":[34,48],"class_list":{"0":"post-1697","1":"product","2":"type-product","3":"status-publish","4":"has-post-thumbnail","6":"product_cat-inverted-telescopic-cylinder","7":"product_tag-hydraulic-cylinder","8":"product_tag-inverted-telescopic-cylinder","10":"first","11":"instock","12":"product-type-simple"},"_links":{"self":[{"href":"https:\/\/fmp-components.com\/lv\/wp-json\/wp\/v2\/product\/1697","targetHints":{"allow":["GET"]}}],"collection":[{"href":"https:\/\/fmp-components.com\/lv\/wp-json\/wp\/v2\/product"}],"about":[{"href":"https:\/\/fmp-components.com\/lv\/wp-json\/wp\/v2\/types\/product"}],"replies":[{"embeddable":true,"href":"https:\/\/fmp-components.com\/lv\/wp-json\/wp\/v2\/comments?post=1697"}],"wp:featuredmedia":[{"embeddable":true,"href":"https:\/\/fmp-components.com\/lv\/wp-json\/wp\/v2\/media\/1698"}],"wp:attachment":[{"href":"https:\/\/fmp-components.com\/lv\/wp-json\/wp\/v2\/media?parent=1697"}],"wp:term":[{"taxonomy":"product_brand","embeddable":true,"href":"https:\/\/fmp-components.com\/lv\/wp-json\/wp\/v2\/product_brand?post=1697"},{"taxonomy":"product_cat","embeddable":true,"href":"https:\/\/fmp-components.com\/lv\/wp-json\/wp\/v2\/product_cat?post=1697"},{"taxonomy":"product_tag","embeddable":true,"href":"https:\/\/fmp-components.com\/lv\/wp-json\/wp\/v2\/product_tag?post=1697"}],"curies":[{"name":"wp","href":"https:\/\/api.w.org\/{rel}","templated":true}]}}