{"id":1695,"date":"2024-12-23T07:01:59","date_gmt":"2024-12-23T07:01:59","guid":{"rendered":"https:\/\/fmp-components.com\/product\/factory-direct-sale-10-ton-dump-truck-hydraulic-cylinder-double-acting-hydraulic-cylinder\/"},"modified":"2025-03-11T06:06:28","modified_gmt":"2025-03-11T06:06:28","slug":"factory-direct-sale-10-ton-dump-truck-hydraulic-cylinder-double-acting-hydraulic-cylinder","status":"publish","type":"product","link":"https:\/\/fmp-components.com\/lv\/product\/factory-direct-sale-10-ton-dump-truck-hydraulic-cylinder-double-acting-hydraulic-cylinder\/","title":{"rendered":"R\u016bpn\u012bcas tie\u0161\u0101 p\u0101rdo\u0161ana 10 tonnu pa\u0161izg\u0101z\u0113ja hidrauliskais cilindrs ar divk\u0101r\u0161u darb\u012bbu"},"content":{"rendered":"<p>R\u016bpn\u012bcas tie\u0161\u0101s p\u0101rdo\u0161anas 10 tonnu pa\u0161izg\u0101z\u0113ja hidrauliskais cilindrs. Divk\u0101r\u0161as darb\u012bbas hidrauliskais cilindrs ir augst\u0101k\u0101s klases hidrauliskais cilindrs, kas paredz\u0113ts izmanto\u0161anai pa\u0161izg\u0101z\u0113jos. Pateicoties divk\u0101r\u0161as darb\u012bbas konstrukcijai, \u0161o cilindru var izmantot da\u017e\u0101dos pielietojumos, tostarp smagu kravu cel\u0161an\u0101 un nolai\u0161an\u0101, nodro\u0161inot vienm\u0113r\u012bgu un prec\u012bzu vad\u012bbu abos virzienos.<\/p>\n<p><img decoding=\"async\" src=\"https:\/\/hzpt.com\/wp-content\/uploads\/2023\/11\/Inverted-Telescopic-Cylinder-4.webp\" alt=\"\" title=\"\"><\/p>\n<p>\u0160is hidrauliskais cilindrs ir izgatavots prec\u012bzi un r\u016bp\u012bgi, un tam ir izcila iztur\u012bba un ilgm\u016b\u017e\u012bba, padarot to par uzticamu izv\u0113li lieljaudas lietojumiem. Cilindram ir augstas stipr\u012bbas t\u0113rauda konstrukcija, un tas ir paredz\u0113ts iztur\u0113t ekstrem\u0101las temperat\u016bras un skarbus darba apst\u0101k\u013cus, nodro\u0161inot optim\u0101lu veiktsp\u0113ju un ilgm\u016b\u017e\u012bbu.<\/p>\n<p>Cilindra uzlabotaj\u0101 konstrukcij\u0101 ir iek\u013cauta ar\u012b virkne inovat\u012bvu funkciju, piem\u0113ram, prec\u012bzi apstr\u0101d\u0101ti virzu\u013ca stie\u0146i, augstas kvalit\u0101tes bl\u012bv\u0113jumi un uzlabotas hidraulisk\u0101s sist\u0113mas, kas visas kop\u0101 nodro\u0161ina izcilu veiktsp\u0113ju, efektivit\u0101ti un uzticam\u012bbu.<\/p>\n<table style=\"width: 100%;\" border=\"1\" width=\"100%\" cellspacing=\"0\" cellpadding=\"0\">\n<tbody>\n<tr>\n<th>Produkta nosaukums<\/th>\n<td>10 tonnu pa\u0161izg\u0101z\u0113ja hidrauliskais cilindrs<\/td>\n<\/tr>\n<tr>\n<th>St\u0101voklis<\/th>\n<td>Jauns<\/td>\n<\/tr>\n<tr>\n<th>Tips<\/th>\n<td>Divk\u0101r\u0161as darb\u012bbas hidrauliskais cilindrs<\/td>\n<\/tr>\n<tr>\n<th>Strukt\u016bra<\/th>\n<td>Standarta virzu\u013ccilindrs<\/td>\n<\/tr>\n<tr>\n<th>Baro\u0161anas avots<\/th>\n<td>Hidrauliskais \u0161\u0137idrums<\/td>\n<\/tr>\n<tr>\n<th>Dizains<\/th>\n<td>Apgriezts teleskopiskais<\/td>\n<\/tr>\n<tr>\n<th>Materi\u0101ls<\/th>\n<td>Iztur\u012bgs t\u0113rauds<\/td>\n<\/tr>\n<tr>\n<th>Maksim\u0101l\u0101 vilce<\/th>\n<td>3000<\/td>\n<\/tr>\n<tr>\n<th>Maksim\u0101lais vilk\u0161anas sp\u0113ks<\/th>\n<td>20 tonnas<\/td>\n<\/tr>\n<tr>\n<th>Urbuma izm\u0113rs<\/th>\n<td>2\u20136 collas<\/td>\n<\/tr>\n<tr>\n<th>Stie\u0146a izm\u0113rs<\/th>\n<td>1,125\u20134 collas<\/td>\n<\/tr>\n<tr>\n<th>Trieciena izm\u0113rs<\/th>\n<td>6\u201348 collas<\/td>\n<\/tr>\n<tr>\n<th>Tapas izm\u0113rs<\/th>\n<td>0,5\u20132 collas<\/td>\n<\/tr>\n<tr>\n<th>Sertifik\u0101cija<\/th>\n<td>ISO 9001:2000<\/td>\n<\/tr>\n<tr>\n<th>Kr\u0101sa<\/th>\n<td>Elegants melns<\/td>\n<\/tr>\n<tr>\n<th>Garantija<\/th>\n<td>1 gads<\/td>\n<\/tr>\n<tr>\n<th>Galven\u0101s sast\u0101vda\u013cas<\/th>\n<td>Gultnis, virzu\u013ca cilindrs<\/td>\n<\/tr>\n<\/tbody>\n<\/table>\n<h2>10 tonnu pa\u0161izg\u0101z\u0113ja hidraulisk\u0101 cilindra \u012bpa\u0161\u012bbas<\/h2>\n<p>\u0160im hidrauliskajam cilindram ir vair\u0101kas iespaid\u012bgas \u012bpa\u0161\u012bbas:<\/p>\n<ol>\n<li>Divk\u0101r\u0161a darb\u012bba: Tas noz\u012bm\u0113, ka t\u0101 var veikt hidrauliskas darb\u012bbas divos virzienos, nodro\u0161inot liel\u0101ku elast\u012bbu un efektivit\u0101ti.<\/li>\n<li>Apgriezts teleskopiskais dizains: \u0161is dizains nodro\u0161ina pagarin\u0101tu g\u0101jiena garumu, kas palielina cilindra kop\u0113jo efektivit\u0101ti un daudzpus\u012bbu.<\/li>\n<li>Augsta maksim\u0101l\u0101 vilces un vilkmes jauda: Ar maksim\u0101lo vilces sp\u0113ku 3000 tonnu un maksim\u0101lo vilkmes sp\u0113ku 20 tonnu \u0161is cilindrs sp\u0113j viegli tikt gal\u0101 ar smag\u0101m krav\u0101m.<\/li>\n<li>Iztur\u012bgs materi\u0101ls: Izgatavots no t\u0113rauda, \u200b\u200b\u0161is cilindrs ir iztur\u012bgs un paredz\u0113ts ilgam kalpo\u0161anas laikam, nodro\u0161inot ilgtermi\u0146a uzticam\u012bbu un veiktsp\u0113ju.<\/li>\n<li>Viena gada garantija: \u0160im produktam ir viena gada garantija, kas nodro\u0161ina sirdsmieru un aizsardz\u012bbu j\u016bsu ieguld\u012bjumam.<\/li>\n<\/ol>\n<h2>10 tonnu pa\u0161izg\u0101z\u0113ja hidraulisk\u0101 cilindra pielietojums<\/h2>\n<p>Pateicoties t\u0101 iztur\u012bgajai konstrukcijai un daudzpus\u012bbai, \u0161is hidrauliskais cilindrs ir piem\u0113rots pla\u0161am pielietojumu kl\u0101stam:<\/p>\n<ol>\n<li>Ra\u017eo\u0161anas iek\u0101rtas: Izmanto smago ma\u0161\u012bnu darb\u012bbai un materi\u0101lu p\u0101rvieto\u0161anai.<\/li>\n<li>Ma\u0161\u012bnu remonta darbn\u012bcas: nepiecie\u0161amas remonta un apkopes darbiem, kuros nepiecie\u0161ama smago ma\u0161\u012bnu deta\u013cu cel\u0161ana vai p\u0101rvieto\u0161ana.<\/li>\n<li>Fermas: Izmanto da\u017e\u0101d\u0101s lauksaimniec\u012bbas ma\u0161\u012bn\u0101s t\u0101diem uzdevumiem k\u0101 cel\u0161ana, stum\u0161ana un vilk\u0161ana.<\/li>\n<li>Ener\u0123\u0113tika un ieguves r\u016bpniec\u012bba: Izmanto iek\u0101rt\u0101s rak\u0161anai, urb\u0161anai un resursu ieguvei.<\/li>\n<li>Ma\u0161\u012bnu ra\u017eo\u0161ana: neat\u0146emama lielu ma\u0161\u012bnu un iek\u0101rtu mont\u0101\u017eas un demont\u0101\u017eas sast\u0101vda\u013ca.<\/li>\n<\/ol>\n<p><img decoding=\"async\" src=\"https:\/\/hzpt.com\/wp-content\/uploads\/2023\/11\/Inverted-Telescopic-Cylinder-Applications.webp\" alt=\"Apgrieztu teleskopisko cilindru pielietojumi\" title=\"\"><\/p>\n<h2>Darb\u012bbas princips un apkopes metodes<\/h2>\n<p>Hidrauliskais cilindrs darbojas p\u0113c vienk\u0101r\u0161a, bet efekt\u012bva principa. Hidrauliskais \u0161\u0137idrums tiek ies\u016bkn\u0113ts cilindr\u0101, radot spiedienu. \u0160is spiediens iedarbojas uz virzuli, liekot tam kust\u0113ties un \u0123ener\u0113jot izejas sp\u0113ku. Divk\u0101r\u0161\u0101s darb\u012bbas konstrukcija noz\u012bm\u0113, ka \u0161\u0137idrumu var s\u016bkn\u0113t abos virzienos, \u013caujot virzulim kust\u0113ties uz priek\u0161u un atpaka\u013c.<\/p>\n<p>Run\u0101jot par apkopi, ir svar\u012bgi:<\/p>\n<ol>\n<li style=\"list-style-type: none;\">\n<ol>\n<li>Regul\u0101ri p\u0101rbaudiet cilindru, vai nav nodiluma, boj\u0101jumu vai nopl\u016b\u017eu paz\u012bmju.<\/li>\n<li>Regul\u0101ri t\u012briet cilindru, lai nov\u0113rstu net\u012brumu un gru\u017eu uzkr\u0101\u0161anos.<\/li>\n<li>Iee\u013c\u013cojiet kust\u012bg\u0101s da\u013cas, lai samazin\u0101tu berzi un nodilumu.<\/li>\n<li>Veiciet regul\u0101ras p\u0101rbaudes un remontdarbus, lai laikus paman\u012btu un nov\u0113rstu probl\u0113mas.<\/li>\n<li>Nomainiet bl\u012bves p\u0113c nepiecie\u0161am\u012bbas, lai nov\u0113rstu nopl\u016bdes un saglab\u0101tu optim\u0101lu veiktsp\u0113ju.<\/li>\n<li>Iev\u0113rojiet lietot\u0101ja rokasgr\u0101mat\u0101 sniegtos \u012bpa\u0161os apkopes nor\u0101d\u012bjumus un grafikus.<\/li>\n<\/ol>\n<\/li>\n<\/ol>\n<p><img decoding=\"async\" src=\"https:\/\/hzpt.com\/wp-content\/uploads\/2023\/11\/Inverted-Telescopic-Cylinder-8.webp\" alt=\"\" title=\"\"><\/p>\n<h2>Apgriezts teleskopiskais cilindrs<\/h2>\n<p>Apgriezts teleskopiskais cilindrs, kas paz\u012bstams ar\u012b k\u0101 vienas darb\u012bbas teleskopiskais cilindrs, ir hidrauliska izpildmeh\u0101nisma, kas sast\u0101v no vair\u0101kiem ligzdotiem posmiem, kur katrs posms ir ievilkts liel\u0101kaj\u0101. \u0160os cilindrus parasti izmanto da\u017e\u0101d\u0101s lieljaudas lietojumprogramm\u0101s, piem\u0113ram, pa\u0161izg\u0101z\u0113jos, celt\u0146os un ekskavatoros.<\/p>\n<h3>Apgriezt\u0101 teleskopisk\u0101 cilindra \u012bpa\u0161\u012bbas<\/h3>\n<p>\u0160\u012bs ir da\u017eas no apgriezto teleskopisko cilindru galvenaj\u0101m iez\u012bm\u0113m:<\/p>\n<ul>\n<li>Lieli triepieni ar maz\u0101ku ievilk\u0161anas garumu<\/li>\n<li>\u013boti efekt\u012bva telpas izmanto\u0161ana, padarot t\u0101s ide\u0101li piem\u0113rotas iek\u0101rt\u0101m ar ierobe\u017eotu telpu<\/li>\n<li>Augsta iztur\u012bba un ilgm\u016b\u017e\u012bba, pateicoties augstas kvalit\u0101tes materi\u0101lu, piem\u0113ram, hrom\u0113ta t\u0113rauda, \u200b\u200bizmanto\u0161anai<\/li>\n<li>Var iztur\u0113t lielas slodzes un nodro\u0161in\u0101t nemain\u012bgu veiktsp\u0113ju pat skarbos apst\u0101k\u013cos<\/li>\n<\/ul>\n<h3>Apgriezt\u0101 teleskopisk\u0101 cilindra darb\u012bbas princips<\/h3>\n<p>Kad uz virzu\u013ca stieni tiek pielikts spiediens, tas izstiepjas no cilindra, izraisot ar\u012b ligzdoto posmu izstiep\u0161anos. \u0160\u012b izstiep\u0161an\u0101s turpin\u0101s, l\u012bdz virzu\u013ca stienis sasniedz sava g\u0101jiena beigas. Cilindrs ievelkas, kad spiediens tiek atbr\u012bvots, un ligzdotie posmi ievelkas atpaka\u013c liel\u0101kaj\u0101 cilindr\u0101.<\/p>\n<p>Apgriezta teleskopisk\u0101 cilindra virzu\u013ca stienis parasti ir piestiprin\u0101ts pie maz\u0101k\u0101s pak\u0101pes gala. Virzulis atrodas liel\u0101k\u0101s pak\u0101pes iek\u0161pus\u0113, un hidrauliskais \u0161\u0137idrums parasti tiek padots caur atveri cilindra pamatn\u0113.<\/p>\n<h3>Apgriezt\u0101 teleskopisk\u0101 cilindra pielietojumi<\/h3>\n<p>Apgriezti teleskopiskie cilindri parasti tiek izmantoti pa\u0161izg\u0101z\u0113jos, kuriem nepiecie\u0161ami hidrauliskie cilindri, lai paceltu un noliektu kravas automa\u0161\u012bnas kravas kasti izkrau\u0161anai. \u0160ie cilindri tiek izmantoti ar\u012b celtniec\u012bbas iek\u0101rt\u0101s, piem\u0113ram, ekskavatoros, lai kontrol\u0113tu str\u0113les un sviras kust\u012bbu.<\/p>\n<p>Divk\u0101r\u0161\u0101s darb\u012bbas hidrauliskais cilindrs ir v\u0113l viens hidraulisk\u0101 cilindra veids, ko var izmantot da\u017e\u0101dos lieljaudas pielietojumos. R\u016bpn\u012bcas tie\u0161\u0101s p\u0101rdo\u0161anas 10 tonnu pa\u0161izg\u0101z\u0113ja hidrauliskais cilindrs Divk\u0101r\u0161\u0101s darb\u012bbas hidrauliskais cilindrs ir ide\u0101ls risin\u0101jums, ja izpildmeh\u0101nismam ir j\u0101p\u0101rvietojas uz priek\u0161u un atpaka\u013c, piem\u0113ram, hidraulisk\u0101s preses vai pac\u0113l\u0101ja gad\u012bjum\u0101. \u0160ie cilindri sast\u0101v no virzu\u013ca, kas var kust\u0113ties abos virzienos, un hidrauliskais \u0161\u0137idrums tiek padots uz ab\u0101m virzu\u013ca pus\u0113m, lai kontrol\u0113tu t\u0101 kust\u012bbu.<\/p>\n<p>Apgrieztais teleskopiskais cilindrs ir b\u016btiska sast\u0101vda\u013ca da\u017e\u0101d\u0101s lieljaudas lietojumprogramm\u0101s, tostarp pa\u0161izg\u0101z\u0113jos un celtniec\u012bbas apr\u012bkojum\u0101. \u0160ie cilindri pied\u0101v\u0101 uzticamu un efekt\u012bvu veidu, k\u0101 kontrol\u0113t smago ma\u0161\u012bnu kust\u012bbu, nodro\u0161inot nemain\u012bgu veiktsp\u0113ju pat skarbos apst\u0101k\u013cos. Izprotot, k\u0101 \u0161ie cilindri darbojas un k\u0101di ir to pielietojumi, ra\u017eot\u0101ji var pie\u0146emt pamatotus l\u0113mumus par to, k\u0101da veida hidraulisko piedzi\u0146u izmantot sav\u0101m \u012bpa\u0161aj\u0101m vajadz\u012bb\u0101m.<\/p>\n<p><img decoding=\"async\" src=\"https:\/\/hzpt.com\/wp-content\/uploads\/2023\/11\/Inverted-Telescopic-Cylinder-Manufacturers.webp\" alt=\"HZPT hidraulisko ma\u0161\u012bnu ra\u017eo\u0161anas r\u016bpn\u012bca\" title=\"\"><\/p>\n<h3>Par FMP<\/h3>\n<p>FMP ir uz\u0146\u0113mums, kas specializ\u0113jas hidraulisko cilindru ra\u017eo\u0161an\u0101 un p\u0101rdo\u0161an\u0101. Koncentr\u0113joties uz augstas kvalit\u0101tes celtniec\u012bbas tehnikas deta\u013cu un piln\u012bgu ma\u0161\u012bnu risin\u0101jumu pieg\u0101di, m\u0113s esam k\u013cuvu\u0161i par uzticamu partneri nozar\u0113. M\u016bsu daudzu gadu pieredze un profesion\u0101l\u0101 komanda atrodas It\u0101lij\u0101, un m\u0113s garant\u0113jam, ka klientiem pied\u0101v\u0101jam augst\u0101k\u0101s klases produktus un pakalpojumus.<\/p>\n<p><strong>M\u016bsu produktu kl\u0101sts:<\/strong><\/p>\n<ol>\n<li><strong>Lauksaimniec\u012bbas tehnikas p\u0101rnesumk\u0101rbas:<\/strong> M\u0113s pied\u0101v\u0101jam pla\u0161u p\u0101rnesumk\u0101rbu kl\u0101stu, kas \u012bpa\u0161i paredz\u0113tas lauksaimniec\u012bbas tehnikai. \u0160\u012bs p\u0101rnesumk\u0101rbas ir iztur\u012bgas un efekt\u012bvas, nodro\u0161inot vienm\u0113r\u012bgu un uzticamu darb\u012bbu.<\/li>\n<li><strong>Hidrauliskie cilindri:<\/strong> M\u016bsu hidrauliskie cilindri ir ra\u017eoti atbilsto\u0161i augst\u0101kajiem standartiem, lai nodro\u0161in\u0101tu izcilu veiktsp\u0113ju un iztur\u012bbu. Tie ir izstr\u0101d\u0101ti, lai iztur\u0113tu lielas slodzes un skarbus ekspluat\u0101cijas apst\u0101k\u013cus, garant\u0113jot optim\u0101lu efektivit\u0101ti un uzticam\u012bbu.<\/li>\n<li><strong>Plan\u0113tu p\u0101rnesumk\u0101rbas:<\/strong> M\u0113s pied\u0101v\u0101jam plan\u0113tu p\u0101rnesumk\u0101rbas, kas ir konstru\u0113tas prec\u012bzai un iztur\u012bgai lieto\u0161anai. \u0160\u012bs p\u0101rnesumk\u0101rbas pied\u0101v\u0101 augstu griezes momenta jaudu un vienm\u0113r\u012bgu darb\u012bbu, padarot t\u0101s ide\u0101li piem\u0113rotas da\u017e\u0101diem pielietojumiem b\u016bvniec\u012bbas tehnikas nozar\u0113.<\/li>\n<li><strong>R\u016bpniecisk\u0101s p\u0101rnesumk\u0101rbas:<\/strong> M\u016bsu r\u016bpniecisko p\u0101rnesumk\u0101rbu kl\u0101sts ir izstr\u0101d\u0101ts, lai apmierin\u0101tu da\u017e\u0101du nozaru da\u017e\u0101d\u0101s vajadz\u012bbas. \u0160\u012bs p\u0101rnesumk\u0101rbas ir paz\u012bstamas ar savu uzticam\u012bbu, efektivit\u0101ti un ilgu kalpo\u0161anas laiku.<\/li>\n<li><strong>Lauksaimniec\u012bbas tehnikas deta\u013cas un piederumi:<\/strong> Papildus p\u0101rnesumk\u0101rb\u0101m un hidrauliskajiem cilindriem m\u0113s pied\u0101v\u0101jam ar\u012b pla\u0161u lauksaimniec\u012bbas tehnikas deta\u013cu un piederumu kl\u0101stu. \u0160\u012bs sast\u0101vda\u013cas ir r\u016bp\u012bgi atlas\u012btas, lai nodro\u0161in\u0101tu sader\u012bbu un optim\u0101lu veiktsp\u0113ju.<\/li>\n<\/ol>\n<p><strong>M\u016bsu uz\u0146\u0113muma priek\u0161roc\u012bbas:<\/strong><\/p>\n<ol>\n<li><strong>Stingri kvalit\u0101tes standarti:<\/strong> Mums ir izveidoju\u0161\u0101s ilgtermi\u0146a un stabilas attiec\u012bbas ar augstas kvalit\u0101tes pieg\u0101d\u0101t\u0101jiem gan viet\u0113j\u0101, gan starptautisk\u0101 m\u0113rog\u0101. Tas \u013cauj mums nodro\u0161in\u0101t, ka visas m\u016bsu pieg\u0101d\u0101t\u0101s deta\u013cas atbilst stingriem kvalit\u0101tes standartiem.<\/li>\n<li><strong>Pieredz\u0113jusi p\u0101rdo\u0161anas komanda:<\/strong> M\u016bsu p\u0101rdo\u0161anas komanda ir \u013coti labi inform\u0113ta par att\u012bst\u012bbas tendenc\u0113m un klientu vajadz\u012bb\u0101m b\u016bvniec\u012bbas tehnikas nozar\u0113. Vi\u0146i sniedz profesion\u0101las produktu konsult\u0101cijas un p\u0101rdom\u0101tus pirk\u0161anas ieteikumus, lai pal\u012bdz\u0113tu klientiem pie\u0146emt p\u0101rdom\u0101tus l\u0113mumus.<\/li>\n<li><strong>Efekt\u012bva lo\u0123istikas izplat\u012b\u0161ana:<\/strong> Mums ir efekt\u012bva lo\u0123istikas izplat\u012b\u0161anas sist\u0113ma, kas nodro\u0161ina, ka klienti savlaic\u012bgi un prec\u012bzi sa\u0146em nepiecie\u0161am\u0101s deta\u013cas. Tas \u013cauj samazin\u0101t d\u012bkst\u0101ves laiku un sasniegt maksim\u0101lu produktivit\u0101ti.<\/li>\n<li><strong>Uzticams serviss:<\/strong> M\u0113s priorit\u0101ri izvirz\u0101m klientu apmierin\u0101t\u012bbu un vienm\u0113r cen\u0161amies nodro\u0161in\u0101t izcilu apkalpo\u0161anu. M\u016bsu \u012bpa\u0161i izveidot\u0101 komanda vienm\u0113r ir gatava atbild\u0113t uz visiem jaut\u0101jumiem vai ba\u017e\u0101m, nodro\u0161inot m\u016bsu klientiem netrauc\u0113tu un bezr\u016bp\u012bgu pieredzi.<\/li>\n<li><strong>Nep\u0101rtraukta uzlabo\u0161ana:<\/strong> M\u0113s esam ap\u0146\u0113mu\u0161ies nep\u0101rtraukti pilnveidoties un sekot l\u012bdzi jaun\u0101kajiem sasniegumiem nozar\u0113. Tas \u013cauj mums pied\u0101v\u0101t inovat\u012bvus risin\u0101jumus un saglab\u0101t savu poz\u012bciju k\u0101 uzticams celtniec\u012bbas tehnikas deta\u013cu un pilnu iek\u0101rtu pieg\u0101d\u0101t\u0101js.<\/li>\n<\/ol>\n<p><img decoding=\"async\" src=\"https:\/\/fmp-components.com\/wp-content\/uploads\/2024\/12\/Adjustable-Clevis-Type-Cylinders-6.webp\" alt=\"Regul\u0113jams skavu tipa cilindrs\" width=\"849\" title=\"\"><br \/>\nAutors: CX<\/p>","protected":false},"excerpt":{"rendered":"<p>R\u016bpn\u012bcas tie\u0161\u0101s p\u0101rdo\u0161anas 10 tonnu pa\u0161izg\u0101z\u0113ja hidrauliskais cilindrs. Divk\u0101r\u0161as darb\u012bbas hidrauliskais cilindrs ir augst\u0101k\u0101s klases hidrauliskais cilindrs, kas paredz\u0113ts izmanto\u0161anai pa\u0161izg\u0101z\u0113jos. Pateicoties divk\u0101r\u0161as darb\u012bbas konstrukcijai, \u0161o cilindru var izmantot da\u017e\u0101dos pielietojumos, tostarp smagu kravu cel\u0161an\u0101 un nolai\u0161an\u0101, nodro\u0161inot vienm\u0113r\u012bgu un prec\u012bzu vad\u012bbu abos virzienos. Izgatavots ar precizit\u0101ti [\u2026]<\/p>","protected":false},"featured_media":1696,"comment_status":"closed","ping_status":"closed","template":"","meta":{"_et_pb_use_builder":"","_et_pb_old_content":"","_et_gb_content_width":""},"product_brand":[],"product_cat":[45],"product_tag":[34,48],"class_list":{"0":"post-1695","1":"product","2":"type-product","3":"status-publish","4":"has-post-thumbnail","6":"product_cat-inverted-telescopic-cylinder","7":"product_tag-hydraulic-cylinder","8":"product_tag-inverted-telescopic-cylinder","10":"first","11":"instock","12":"product-type-simple"},"_links":{"self":[{"href":"https:\/\/fmp-components.com\/lv\/wp-json\/wp\/v2\/product\/1695","targetHints":{"allow":["GET"]}}],"collection":[{"href":"https:\/\/fmp-components.com\/lv\/wp-json\/wp\/v2\/product"}],"about":[{"href":"https:\/\/fmp-components.com\/lv\/wp-json\/wp\/v2\/types\/product"}],"replies":[{"embeddable":true,"href":"https:\/\/fmp-components.com\/lv\/wp-json\/wp\/v2\/comments?post=1695"}],"wp:featuredmedia":[{"embeddable":true,"href":"https:\/\/fmp-components.com\/lv\/wp-json\/wp\/v2\/media\/1696"}],"wp:attachment":[{"href":"https:\/\/fmp-components.com\/lv\/wp-json\/wp\/v2\/media?parent=1695"}],"wp:term":[{"taxonomy":"product_brand","embeddable":true,"href":"https:\/\/fmp-components.com\/lv\/wp-json\/wp\/v2\/product_brand?post=1695"},{"taxonomy":"product_cat","embeddable":true,"href":"https:\/\/fmp-components.com\/lv\/wp-json\/wp\/v2\/product_cat?post=1695"},{"taxonomy":"product_tag","embeddable":true,"href":"https:\/\/fmp-components.com\/lv\/wp-json\/wp\/v2\/product_tag?post=1695"}],"curies":[{"name":"wp","href":"https:\/\/api.w.org\/{rel}","templated":true}]}}