{"id":1693,"date":"2024-12-23T07:01:59","date_gmt":"2024-12-23T07:01:59","guid":{"rendered":"https:\/\/fmp-components.com\/product\/premium-quality-stainless-steel-long-stroke-hydraulic-cylinder-for-dump-truck\/"},"modified":"2025-03-11T06:06:18","modified_gmt":"2025-03-11T06:06:18","slug":"premium-quality-stainless-steel-long-stroke-hydraulic-cylinder-for-dump-truck","status":"publish","type":"product","link":"https:\/\/fmp-components.com\/lv\/product\/premium-quality-stainless-steel-long-stroke-hydraulic-cylinder-for-dump-truck\/","title":{"rendered":"Augst\u0101k\u0101s kvalit\u0101tes ner\u016bs\u0113jo\u0161\u0101 t\u0113rauda gar\u0101 g\u0101jiena hidrauliskais cilindrs pa\u0161izg\u0101z\u0113jam"},"content":{"rendered":"<h2>Iepaz\u012bstin\u0101m ar augst\u0101k\u0101s kvalit\u0101tes ner\u016bs\u0113jo\u0161\u0101 t\u0113rauda gar\u0101 g\u0101jiena hidraulisko cilindru pa\u0161izg\u0101z\u0113jam:<\/h2>\n<p>\u0160is hidrauliskais cilindrs ir \u012bpa\u0161i izstr\u0101d\u0101ts pa\u0161izg\u0101z\u0113jiem, nodro\u0161inot izcilu veiktsp\u0113ju un iztur\u012bbu. Tas ir izgatavots no augstas kvalit\u0101tes ner\u016bs\u0113jo\u0161\u0101 t\u0113rauda, \u200b\u200bkas nodro\u0161ina t\u0101 iztur\u012bbu pret koroziju un nodilumu pat skarbos darba apst\u0101k\u013cos. \u0160\u012b cilindra gar\u0101 g\u0101jiena konstrukcija nodro\u0161ina liel\u0101ku kust\u012bbas diapazonu, \u013caujot efekt\u012bvi pacelt un izg\u0101zt smagas kravas.<\/p>\n<p>Pateicoties augst\u0101k\u0101s kvalit\u0101tes konstrukcijai, \u0161is hidrauliskais cilindrs pied\u0101v\u0101 izcilu iztur\u012bbu un stabilit\u0101ti. Tas ir izstr\u0101d\u0101ts, lai iztur\u0113tu lielas slodzes pielietojumu pras\u012bbas, nodro\u0161inot uzticamu un nemain\u012bgu veiktsp\u0113ju. Ner\u016bs\u0113jo\u0161\u0101 t\u0113rauda materi\u0101ls uzlabo t\u0101 ilgm\u016b\u017e\u012bbu, samazinot nepiecie\u0161am\u012bbu p\u0113c bie\u017eas apkopes un nomai\u0146as.<\/p>\n<p>\u0160is cilindrs, kas apr\u012bkots ar modernu hidraulisko tehnolo\u0123iju, nodro\u0161ina vienm\u0113r\u012bgu un prec\u012bzu darb\u012bbu. Tam ir iztur\u012bga virzu\u013cu un cilindru sist\u0113ma, kas nodro\u0161ina efekt\u012bvu jaudas p\u0101rnesi un efekt\u012bvu kravas apstr\u0101di. Augstspiediena bl\u012bv\u0113jumi nov\u0113r\u0161 nopl\u016bdes, nodro\u0161inot optim\u0101lu veiktsp\u0113ju un samazinot d\u012bkst\u0101ves laiku.<\/p>\n<p><img decoding=\"async\" src=\"https:\/\/hzpt.com\/wp-content\/uploads\/2023\/11\/Inverted-Telescopic-Cylinder-23.webp\" alt=\"\" title=\"\"><\/p>\n<p>Turkl\u0101t \u0161is hidrauliskais cilindrs ir izstr\u0101d\u0101ts vienk\u0101r\u0161ai uzst\u0101d\u012b\u0161anai un sader\u012bbai ar da\u017e\u0101du marku un mode\u013cu pa\u0161izg\u0101z\u0113jiem. Tas ir prec\u012bzi konstru\u0113ts, lai atbilstu pa\u0161izg\u0101z\u0113ju pielietojumu \u012bpa\u0161aj\u0101m pras\u012bb\u0101m, garant\u0113jot neman\u0101mu integr\u0101ciju un optim\u0101lu veiktsp\u0113ju.<\/p>\n<p>Rezum\u0113jot, augst\u0101k\u0101s kvalit\u0101tes ner\u016bs\u0113jo\u0161\u0101 t\u0113rauda gar\u0101 g\u0101jiena hidrauliskais cilindrs pa\u0161izg\u0101z\u0113jam ir uzticama un augstas veiktsp\u0113jas sast\u0101vda\u013ca, kas uzlabo pa\u0161izg\u0101z\u0113ju efektivit\u0101ti un produktivit\u0101ti. T\u0101 iztur\u012bg\u0101 konstrukcija, modern\u0101 hidraulisk\u0101 tehnolo\u0123ija un vienk\u0101r\u0161\u0101 uzst\u0101d\u012b\u0161ana padara to par v\u0113rt\u012bgu resursu jebkuram pa\u0161izg\u0101z\u0113ja darbam. Izbaudiet precizit\u0101tes jaudu ar m\u016bsu ner\u016bs\u0113jo\u0161\u0101 t\u0113rauda gar\u0101 g\u0101jiena hidraulisko cilindru pa\u0161izg\u0101z\u0113jiem. \u0160is ir augst\u0101k\u0101s kvalit\u0101tes produkts, kas \u012bpa\u0161i izstr\u0101d\u0101ts, lai nodro\u0161in\u0101tu augstu veiktsp\u0113ju vissmag\u0101kajos apst\u0101k\u013cos. Ra\u017eots no augst\u0101k\u0101s kvalit\u0101tes ner\u016bs\u0113jo\u0161\u0101 t\u0113rauda, \u200b\u200btas ir iztur\u012bgs, ilgm\u016b\u017e\u012bgs un paredz\u0113ts ilgsto\u0161ai lieto\u0161anai. Ar jauna st\u0101vok\u013ca birku un viena gada garantiju \u0161is hidrauliskais cilindrs garant\u0113 uzticam\u012bbu un lielisku servisu. Tas ir standarta produkts, kas piel\u0101gots, lai neman\u0101mi ietilptu j\u016bsu pa\u0161izg\u0101z\u0113j\u0101 un nodro\u0161in\u0101tu izcilu veiktsp\u0113ju.<\/p>\n<h2>Ner\u016bs\u0113jo\u0161\u0101 t\u0113rauda gar\u0101 g\u0101jiena hidraulisk\u0101 cilindra \u012bpa\u0161\u012bbas<\/h2>\n<ul>\n<li><strong>Augst\u0101k\u0101 kvalit\u0101te:<\/strong> Izgatavots no augstas kvalit\u0101tes ner\u016bs\u0113jo\u0161\u0101 t\u0113rauda, \u200b\u200bhidrauliskais cilindrs garant\u0113 iztur\u012bbu un stabilu veiktsp\u0113ju.<\/li>\n<li><strong>Gar\u0101 g\u0101jiena dizains:<\/strong> Pagarin\u0101tais g\u0101jiena garums nodro\u0161ina maksim\u0101lu jaudu, uzlabojot pa\u0161izg\u0101z\u0113ja darb\u012bbas efektivit\u0101ti.<\/li>\n<li><strong>Vienu gadu garantija:<\/strong> M\u0113s pied\u0101v\u0101jam viena gada garantiju galvenaj\u0101m sast\u0101vda\u013c\u0101m, tostarp gultnim un virzu\u013ca cilindram, nodro\u0161inot jums sirdsmieru.<\/li>\n<li><strong>ISO sertific\u0113ts:<\/strong> \u0160is produkts ir sertific\u0113ts saska\u0146\u0101 ar ISO9001:2000, kas apliecina t\u0101 atbilst\u012bbu starptautiskajiem kvalit\u0101tes standartiem.<\/li>\n<li><strong>Jaud\u012bga veiktsp\u0113ja:<\/strong> Ar maksim\u0101lo vilces sp\u0113ku 3000 tonnu un maksim\u0101lo vilk\u0161anas sp\u0113ku 20 tonnu, \u0161is hidrauliskais cilindrs nodro\u0161ina jaud\u012bgu veiktsp\u0113ju.<\/li>\n<\/ul>\n<h2>Ner\u016bs\u0113jo\u0161\u0101 t\u0113rauda gar\u0101 g\u0101jiena hidraulisk\u0101 cilindra pielietojums<\/h2>\n<ul>\n<li><strong>Pa\u0161izg\u0101z\u0113ji:<\/strong> \u0160is hidrauliskais cilindrs ir \u012bpa\u0161i izstr\u0101d\u0101ts pa\u0161izg\u0101z\u0113jiem, uzlabojot to iekrau\u0161anas un izkrau\u0161anas efektivit\u0101ti.<\/li>\n<li><strong>Ra\u017eo\u0161anas r\u016bpn\u012bcas:<\/strong> To var izmantot da\u017e\u0101d\u0101s ra\u017eo\u0161anas r\u016bpn\u012bc\u0101s lieljaudas ma\u0161\u012bnu un iek\u0101rtu oper\u0101cij\u0101m.<\/li>\n<li><strong>Ma\u0161\u012bnu remonta darbn\u012bcas:<\/strong> \u0160o produktu izmanto ar\u012b ma\u0161\u012bnb\u016bves remonta darbn\u012bc\u0101s, lai nomain\u012btu vecus vai nolietotus hidrauliskos cilindrus.<\/li>\n<li><strong>Kalnr\u016bpniec\u012bbas nozare:<\/strong> Tas tiek izmantots kalnr\u016bpniec\u012bbas nozar\u0113, da\u017e\u0101d\u0101s smago ma\u0161\u012bnu oper\u0101cij\u0101s.<\/li>\n<li><strong>Lauksaimniec\u012bbas tehnika:<\/strong> Hidraulisko cilindru var izmantot ar\u012b lauksaimniec\u012bbas ma\u0161\u012bn\u0101s da\u017e\u0101diem uzdevumiem.<\/li>\n<\/ul>\n<p><img decoding=\"async\" src=\"https:\/\/hzpt.com\/wp-content\/uploads\/2023\/11\/Inverted-Telescopic-Cylinder-Applications.webp\" alt=\"Apgrieztu teleskopisko cilindru pielietojumi\" title=\"\"><\/p>\n<h2>Hidraulisk\u0101 cilindra darb\u012bbas princips un apkope<\/h2>\n<p>Hidrauliskais cilindrs darbojas p\u0113c hidraulisk\u0101 \u0161\u0137idruma ievades un izejas sp\u0113ka principa. Tas sast\u0101v no virzu\u013ca un cilindra, kur\u0101 tiek ievad\u012bts hidrauliskais \u0161\u0137idrums. Spiedienam pak\u013caujoties, \u0161\u0137idrums rada izejas sp\u0113ku, kas p\u0101rvieto virzuli. \u0160\u012b virzu\u013ca kust\u012bba p\u0113c tam tiek izmantota meh\u0101niska darba veik\u0161anai.<\/p>\n<p>Hidraulisk\u0101 cilindra apkope ietver:<\/p>\n<ul>\n<li style=\"list-style-type: none;\">\n<ul>\n<li><strong>Regul\u0101ra p\u0101rbaude:<\/strong> Regul\u0101ri p\u0101rbaudiet cilindru, vai nav nodiluma paz\u012bmju, un p\u0101rliecinieties, ka tas ir lab\u0101 darba k\u0101rt\u012bb\u0101.<\/li>\n<li><strong>T\u012br\u012b\u0161ana:<\/strong> Uzturiet cilindru t\u012bru, lai nov\u0113rstu putek\u013cu vai net\u012brumu iek\u013c\u016b\u0161anu cilindr\u0101 un boj\u0101jumus.<\/li>\n<li><strong>E\u013c\u013co\u0161ana:<\/strong> Regul\u0101ri iee\u013c\u013cojiet cilindra kust\u012bg\u0101s da\u013cas, lai nodro\u0161in\u0101tu vienm\u0113r\u012bgu darb\u012bbu.<\/li>\n<li><strong>Bl\u012bv\u0113juma nomai\u0146a:<\/strong> Lai nov\u0113rstu hidraulisk\u0101 \u0161\u0137idruma nopl\u016bdi, periodiski j\u0101nomaina cilindra bl\u012bves.<\/li>\n<li><strong>Sekojiet lietot\u0101ja rokasgr\u0101matai:<\/strong> Lai nodro\u0161in\u0101tu pareizu hidraulisk\u0101 cilindra darb\u012bbu un apkopi, vienm\u0113r iev\u0113rojiet lietot\u0101ja rokasgr\u0101matu.<img decoding=\"async\" src=\"https:\/\/hzpt.com\/wp-content\/uploads\/2023\/11\/Inverted-Telescopic-Cylinder-21.webp\" alt=\"\" title=\"\"><\/li>\n<\/ul>\n<\/li>\n<\/ul>\n<h2>Apgriezts teleskopiskais cilindrs<\/h2>\n<p>Apgrieztais teleskopiskais cilindrs ir augst\u0101k\u0101s kvalit\u0101tes ner\u016bs\u0113jo\u0161\u0101 t\u0113rauda gar\u0101 g\u0101jiena hidrauliskais cilindrs pa\u0161izg\u0101z\u0113jiem. Tas ir unik\u0101ls hidraulisk\u0101 cilindra veids, kura virzu\u013ca stienis ir piestiprin\u0101ts pie nekust\u012bgas pamatnes, bet pats cilindrs p\u0101rvietojas pa stieni. \u0160\u012b konstrukcija nodro\u0161ina gar\u0101ku g\u0101jiena garumu un \u012bs\u0101ku ievilk\u0161anas garumu, padarot to ide\u0101li piem\u0113rotu pa\u0161izg\u0101z\u0113jiem un citiem smagiem darbiem.<\/p>\n<h3>Apgriezt\u0101 teleskopisk\u0101 cilindra \u012bpa\u0161\u012bbas<\/h3>\n<ul>\n<li><strong>Augstspiediena bl\u012bv\u0113jumi:<\/strong> Apgrieztais teleskopiskais cilindrs ir apr\u012bkots ar augstas kvalit\u0101tes bl\u012bv\u0113m, kas sp\u0113j iztur\u0113t augstu spiedienu. Tas nodro\u0161ina cilindra vienm\u0113r\u012bgu darb\u012bbu bez jebk\u0101d\u0101m nopl\u016bd\u0113m.<\/li>\n<li><strong>Gar\u0161 g\u0101jiena garums:<\/strong> Apgriezt\u0101 teleskopisk\u0101 cilindra konstrukcija nodro\u0161ina gar\u0101ku g\u0101jiena garumu nek\u0101 tradicion\u0101lajiem hidrauliskajiem cilindriem, padarot to ide\u0101li piem\u0113rotu pa\u0161izg\u0101z\u0113jiem un citiem smagiem darbiem.<\/li>\n<li><strong>Mazs ievilkts garums:<\/strong> Apgriezt\u0101 teleskopisk\u0101 cilindra maz\u0101kais ievilktais garums nodro\u0161ina vair\u0101k vietas pa\u0161izg\u0101z\u0113ja \u0161asij\u0101, t\u0101d\u0113j\u0101di atvieglojot t\u0101 uzst\u0101d\u012b\u0161anu un ekspluat\u0101ciju.<\/li>\n<li><strong>Vienm\u0113r\u012bga darb\u012bba:<\/strong> Apgrieztais teleskopiskais cilindrs darbojas vienm\u0113r\u012bgi un prec\u012bzi, nodro\u0161inot prec\u012bzu un efekt\u012bvu smagu kravu pacel\u0161anu un izg\u0101\u0161anu.<\/li>\n<li><strong>Vienk\u0101r\u0161a apkope:<\/strong> Apgriezt\u0101 teleskopisk\u0101 cilindra konstrukcija atvieglo t\u0101 apkopi un remontu, samazinot d\u012bkst\u0101ves laiku un palielinot produktivit\u0101ti.<\/li>\n<\/ul>\n<h3>Apgriezt\u0101 teleskopisk\u0101 cilindra sast\u0101vda\u013cas<\/h3>\n<p>Apgrieztais teleskopiskais cilindrs sast\u0101v no vair\u0101k\u0101m sast\u0101vda\u013c\u0101m, kas darbojas kop\u0101, lai nodro\u0161in\u0101tu vienm\u0113r\u012bgu un efekt\u012bvu darb\u012bbu. \u0160\u012bs sast\u0101vda\u013cas ietver:<\/p>\n<ul>\n<li><strong>Virzulis:<\/strong> Virzulis ir cilindra sast\u0101vda\u013ca, kas p\u0101rvietojas pa stieni, radot sp\u0113ku, kas nepiecie\u0161ams smagu kravu pacel\u0161anai un izg\u0101\u0161anai.<\/li>\n<li><strong>Cilindrs:<\/strong> Cilindrs ir cilindra \u0101r\u0113jais apvalks, kas p\u0101rvietojas pa virzu\u013ca stieni.<\/li>\n<li><strong>Bl\u012bves:<\/strong> Bl\u012bv\u0113jumi ir sast\u0101vda\u013cas, kas nov\u0113r\u0161 nopl\u016bdi un \u013cauj cilindram darboties nevainojami.<\/li>\n<li><strong>B\u0101ze:<\/strong> Pamatne ir cilindra nekust\u012bg\u0101 sast\u0101vda\u013ca, pie kuras ir piestiprin\u0101ts virzu\u013ca stienis.<\/li>\n<li><strong>Stienis:<\/strong> Stienis ir sast\u0101vda\u013ca, kas savieno virzuli ar pamatni un \u013cauj p\u0101rnest sp\u0113ku.<\/li>\n<\/ul>\n<h3>Apgriezt\u0101 teleskopisk\u0101 cilindra pielietojumi<\/h3>\n<p>Apgrieztais teleskopiskais cilindrs ir daudzpus\u012bgs hidrauliskais cilindrs, ko var izmantot da\u017e\u0101dos lieljaudas cel\u0161anas un izg\u0101\u0161anas darbos. Da\u017ei no apgriezt\u0101 teleskopisk\u0101 cilindra izplat\u012bt\u0101kajiem pielietojumiem ir \u0161\u0101di:<\/p>\n<ul>\n<li><strong>Pa\u0161izg\u0101z\u0113ji:<\/strong> Apgrieztais teleskopiskais cilindrs ir ide\u0101li piem\u0113rots pa\u0161izg\u0101z\u0113jiem, pateicoties t\u0101 garajam g\u0101jiena garumam un nelielajam ievilktajam garumam.<\/li>\n<li><strong>Smag\u0101 tehnika:<\/strong> Apgriezto teleskopisko cilindru var izmantot ar\u012b smagaj\u0101s ma\u0161\u012bn\u0101s, piem\u0113ram, celt\u0146os un ekskavatoros.<\/li>\n<li><strong>Lauksaimniec\u012bba:<\/strong> Apgriezto teleskopisko cilindru var izmantot lauksaimniec\u012bbas darbos, piem\u0113ram, lab\u012bbas un citu materi\u0101lu cel\u0161an\u0101 un izg\u0101\u0161an\u0101.<\/li>\n<li><strong>Kalnr\u016bpniec\u012bba:<\/strong> Apgrieztais teleskopiskais cilindrs tiek izmantots kalnr\u016bpniec\u012bbas darbos smagu kravu cel\u0161anai un izg\u0101\u0161anai.<\/li>\n<\/ul>\n<p>Nosl\u0113gum\u0101 j\u0101saka, ka apgrieztais teleskopiskais cilindrs ir unik\u0101ls hidraulisk\u0101 cilindra veids, kam ir vair\u0101kas priek\u0161roc\u012bbas sal\u012bdzin\u0101jum\u0101 ar tradicion\u0101lajiem cilindriem. Pateicoties augstspiediena bl\u012bv\u0113jumiem, garajam g\u0101jiena garumam, \u012bsajam ievilk\u0161anas garumam, vienm\u0113r\u012bgai darb\u012bbai un vieglai apkopei, tas ir ide\u0101la izv\u0113le lieljaudas cel\u0161anas un izg\u0101\u0161anas darbiem. T\u0101 daudzpus\u012bba padara to piem\u0113rotu pla\u0161am nozaru kl\u0101stam, s\u0101kot no pa\u0161izg\u0101z\u0113jiem un smag\u0101s tehnikas l\u012bdz lauksaimniec\u012bbai un kalnr\u016bpniec\u012bbai.<\/p>\n<h3>Par FMP \u2013 hidraulisko cilindru<\/h3>\n<p>Ja mekl\u0113jat uzticamus un augstas kvalit\u0101tes hidrauliskos cilindrus, esat non\u0101cis \u012bstaj\u0101 viet\u0101. FMP ir cien\u012bjams uz\u0146\u0113mums, kas specializ\u0113jas celtniec\u012bbas tehnikas deta\u013cu un pilnu iek\u0101rtu p\u0101rdo\u0161an\u0101 un apkalpo\u0161an\u0101. Ar daudzu gadu pieredzi nozar\u0113 un profesion\u0101lu komandu m\u0113s nodro\u0161in\u0101m saviem klientiem augst\u0101k\u0101 l\u012bme\u0146a hidrauliskos cilindrus, kas ir izstr\u0101d\u0101ti, lai atbilstu vi\u0146u \u012bpa\u0161aj\u0101m vajadz\u012bb\u0101m.<\/p>\n<p>\u0160eit ir pieci iemesli, k\u0101p\u0113c jums vajadz\u0113tu izv\u0113l\u0113ties FMP hidraulisko cilindru vajadz\u012bb\u0101m:<\/p>\n<p>1. Pla\u0161s produktu kl\u0101sts: FMP pied\u0101v\u0101 pla\u0161u hidraulisko cilindru kl\u0101stu, tostarp regul\u0113jamus cilindrus ar skavu, metin\u0101tus cilindrus ar skavu un daudzus citus. M\u016bsu produkti ir piem\u0113roti da\u017e\u0101du veidu celtniec\u012bbas tehnikai, tostarp lauksaimniec\u012bbas tehnikai, r\u016bpniec\u012bbas tehnikai un citai.<\/p>\n<p>2. Augst\u0101k\u0101s kvalit\u0101tes materi\u0101li: M\u016bsu produktos izmantojam tikai augst\u0101k\u0101s kvalit\u0101tes materi\u0101lus, nodro\u0161inot to atbilst\u012bbu stingriem kvalit\u0101tes standartiem. M\u016bsu hidrauliskie cilindri ir izgatavoti no augstas kvalit\u0101tes t\u0113rauda, \u200b\u200bkas nodro\u0161ina iztur\u012bbu un ilgsto\u0161u darb\u012bbu.<\/p>\n<p>3. Profesion\u0101la konsult\u0101cija: M\u016bsu pieredz\u0113ju\u0161\u0101 p\u0101rdo\u0161anas komanda vienm\u0113r ir gatava sniegt profesion\u0101las konsult\u0101cijas un padomus. M\u0113s izprotam b\u016bvniec\u012bbas tehnikas nozares att\u012bst\u012bbas tendences un klientu vajadz\u012bbas, un varam pal\u012bdz\u0113t jums izv\u0113l\u0113ties pareizo hidraulisko cilindru atbilsto\u0161i j\u016bsu vajadz\u012bb\u0101m.<\/p>\n<p>4. Efekt\u012bva lo\u0123istikas izplat\u012b\u0161anas sist\u0113ma: Mums ir efekt\u012bva lo\u0123istikas izplat\u012b\u0161anas sist\u0113ma, kas nodro\u0161ina, ka m\u016bsu klienti savlaic\u012bgi un prec\u012bzi sa\u0146em nepiecie\u0161am\u0101s deta\u013cas. Tas noz\u012bm\u0113, ka varat pa\u013cauties uz mums, ka pieg\u0101d\u0101sim j\u016bsu hidraulisko cilindru, kad tas jums b\u016bs nepiecie\u0161ams.<\/p>\n<p>5. Konkur\u0113tsp\u0113j\u012bgas cenas: FMP m\u0113s pied\u0101v\u0101jam savus produktus par konkur\u0113tsp\u0113j\u012bg\u0101m cen\u0101m, neapdraudot kvalit\u0101ti. M\u0113s uzskat\u0101m, ka ikvienam vajadz\u0113tu b\u016bt piek\u013cuvei augst\u0101k\u0101s kvalit\u0101tes hidrauliskajiem cilindriem par pie\u0146emamu cenu.<\/p>\n<p>T\u0101tad, ja mekl\u0113jat uzticamu un profesion\u0101lu hidraulisko cilindru pieg\u0101d\u0101t\u0101ju, FMP ir \u012bst\u0101 izv\u0113le. Sazinieties ar mums jau \u0161odien, lai uzzin\u0101tu vair\u0101k par m\u016bsu produktiem un pakalpojumiem.<\/p>\n<p><img decoding=\"async\" src=\"https:\/\/fmp-components.com\/wp-content\/uploads\/2024\/12\/Adjustable-Clevis-Type-Cylinders-6.webp\" alt=\"Regul\u0113jams skavu tipa cilindrs\" width=\"848\" title=\"\"><br \/>\nAutors: CX<\/p>","protected":false},"excerpt":{"rendered":"<p>Introducing the Premium Quality Stainless Steel Long Stroke Hydraulic Cylinder for Dump Truck: This hydraulic cylinder is specifically designed for dump trucks, providing exceptional performance and durability. It is made from high-grade stainless steel, ensuring its resistance to corrosion and wear, even in harsh working conditions. The long stroke design of this cylinder allows for [&hellip;]<\/p>","protected":false},"featured_media":1694,"comment_status":"closed","ping_status":"closed","template":"","meta":{"_et_pb_use_builder":"","_et_pb_old_content":"","_et_gb_content_width":""},"product_brand":[],"product_cat":[45],"product_tag":[34,48],"class_list":{"0":"post-1693","1":"product","2":"type-product","3":"status-publish","4":"has-post-thumbnail","6":"product_cat-inverted-telescopic-cylinder","7":"product_tag-hydraulic-cylinder","8":"product_tag-inverted-telescopic-cylinder","10":"first","11":"instock","12":"product-type-simple"},"_links":{"self":[{"href":"https:\/\/fmp-components.com\/lv\/wp-json\/wp\/v2\/product\/1693","targetHints":{"allow":["GET"]}}],"collection":[{"href":"https:\/\/fmp-components.com\/lv\/wp-json\/wp\/v2\/product"}],"about":[{"href":"https:\/\/fmp-components.com\/lv\/wp-json\/wp\/v2\/types\/product"}],"replies":[{"embeddable":true,"href":"https:\/\/fmp-components.com\/lv\/wp-json\/wp\/v2\/comments?post=1693"}],"wp:featuredmedia":[{"embeddable":true,"href":"https:\/\/fmp-components.com\/lv\/wp-json\/wp\/v2\/media\/1694"}],"wp:attachment":[{"href":"https:\/\/fmp-components.com\/lv\/wp-json\/wp\/v2\/media?parent=1693"}],"wp:term":[{"taxonomy":"product_brand","embeddable":true,"href":"https:\/\/fmp-components.com\/lv\/wp-json\/wp\/v2\/product_brand?post=1693"},{"taxonomy":"product_cat","embeddable":true,"href":"https:\/\/fmp-components.com\/lv\/wp-json\/wp\/v2\/product_cat?post=1693"},{"taxonomy":"product_tag","embeddable":true,"href":"https:\/\/fmp-components.com\/lv\/wp-json\/wp\/v2\/product_tag?post=1693"}],"curies":[{"name":"wp","href":"https:\/\/api.w.org\/{rel}","templated":true}]}}