{"id":1691,"date":"2024-12-23T07:01:59","date_gmt":"2024-12-23T07:01:59","guid":{"rendered":"https:\/\/fmp-components.com\/product\/chinese-factory-dump-truck-4-stage-long-stroke-hydraulic-cylinder\/"},"modified":"2025-03-18T02:15:29","modified_gmt":"2025-03-18T02:15:29","slug":"italy-factory-dump-truck-4-stage-long-stroke-hydraulic-cylinder","status":"publish","type":"product","link":"https:\/\/fmp-components.com\/lv\/product\/italy-factory-dump-truck-4-stage-long-stroke-hydraulic-cylinder\/","title":{"rendered":"It\u0101lijas r\u016bpn\u012bcas pa\u0161izg\u0101z\u0113ja 4 posmu gar\u0101 g\u0101jiena hidrauliskais cilindrs"},"content":{"rendered":"<h2>Iepaz\u012bstin\u0101m ar It\u0101lijas r\u016bpn\u012bcas pa\u0161izg\u0101z\u0113ja 4 pak\u0101pju gar\u0101 g\u0101jiena hidraulisko cilindru:<\/h2>\n<p>It\u0101\u013cu r\u016bpn\u012bcas pa\u0161izg\u0101z\u0113ja 4 pak\u0101pju gar\u0101 g\u0101jiena hidrauliskais cilindrs ir \u013coti daudzpus\u012bgs un iztur\u012bgs hidrauliskais cilindrs, kas \u012bpa\u0161i paredz\u0113ts pa\u0161izg\u0101z\u0113jiem. Pateicoties progres\u012bvajai tehnolo\u0123ijai un prec\u012bzajai in\u017eenierijai, \u0161is hidrauliskais cilindrs pied\u0101v\u0101 izcilu veiktsp\u0113ju un uzticam\u012bbu da\u017e\u0101diem pielietojumiem.<\/p>\n<p>\u0160is hidrauliskais cilindrs ar 4 pak\u0101pju gar\u0101 g\u0101jiena konstrukciju nodro\u0161ina liel\u0101ku sniedzam\u012bbu un celtsp\u0113ju, padarot to ide\u0101li piem\u0113rotu lieljaudas pa\u0161izg\u0101z\u0113jiem. T\u0101 iztur\u012bg\u0101 konstrukcija nodro\u0161ina izcilu iztur\u012bbu un iztur\u012bbu pret nodilumu, \u013caujot efekt\u012bvi un dro\u0161i darboties pat sare\u017e\u0123\u012btos darba apst\u0101k\u013cos.<\/p>\n<p>\u0160is cilindrs, kas apr\u012bkots ar modern\u0101kaj\u0101m hidrauliskaj\u0101m sast\u0101vda\u013c\u0101m, nodro\u0161ina vienm\u0113r\u012bgas un prec\u012bzas kust\u012bbas, garant\u0113jot prec\u012bzu izg\u0101\u0161anas procesa kontroli. T\u0101 augstspiediena iesp\u0113jas \u013cauj \u0101tri un efekt\u012bvi pacelt un izg\u0101zt materi\u0101lus, palielinot produktivit\u0101ti un samazinot d\u012bkst\u0101ves laiku.<\/p>\n<p>It\u0101\u013cu r\u016bpn\u012bcas pa\u0161izg\u0101z\u0113ja 4 pak\u0101pju gar\u0101 g\u0101jiena hidrauliskais cilindrs ir ra\u017eots, izmantojot augstas kvalit\u0101tes materi\u0101lus un stingrus kvalit\u0101tes kontroles pas\u0101kumus, garant\u0113jot izcilu veiktsp\u0113ju un ilgm\u016b\u017e\u012bbu. Tas tiek r\u016bp\u012bgi p\u0101rbaud\u012bts, lai nodro\u0161in\u0101tu atbilst\u012bbu nozares standartiem un to p\u0101rsnieg\u0161anu, padarot to par uzticamu izv\u0113li pa\u0161izg\u0101z\u0113ju operatoriem.<\/p>\n<p>Nosl\u0113gum\u0101 j\u0101saka, ka It\u0101lijas r\u016bpn\u012bcas pa\u0161izg\u0101z\u0113ja 4 pak\u0101pju gar\u0101 g\u0101jiena hidrauliskais cilindrs ir augst\u0101k\u0101s klases hidrauliskais cilindrs, kas apvieno iztur\u012bbu, efektivit\u0101ti un precizit\u0101ti. Pateicoties izcilajai veiktsp\u0113jai un uzticam\u012bbai, tas ir b\u016btiska pa\u0161izg\u0101z\u0113ju sast\u0101vda\u013ca, kas nodro\u0161ina vienm\u0113r\u012bgu un efekt\u012bvu izg\u0101\u0161anas darb\u012bbu da\u017e\u0101d\u0101s nozar\u0113s.<\/p>\n<h2>Iepaz\u012bstin\u0101m ar \u010detrpak\u0101pju gar\u0101 g\u0101jiena hidraulisko cilindru pa\u0161izg\u0101z\u0113jiem<\/h2>\n<p>It\u0101lijas r\u016bpn\u012bca nesen ir laidusi klaj\u0101 pavisam jaunu hidraulisko cilindru, kas piem\u0113rots da\u017e\u0101d\u0101m nozar\u0113m, tostarp ra\u017eo\u0161anas r\u016bpn\u012bc\u0101m, ma\u0161\u012bnb\u016bves remonta darbn\u012bc\u0101m, lauksaimniec\u012bbas zem\u0113m, ener\u0123\u0113tikas un ieguves r\u016bpniec\u012bbai, ma\u0161\u012bnb\u016bves ra\u017eo\u0161anai un ma\u0161\u012bnb\u016bves r\u016bpn\u012bc\u0101m. \u0160im hidrauliskajam cilindram ir viena gada garantija un tehnikas testa zi\u0146ojums, kas apliecina t\u0101 kvalit\u0101ti. Galven\u0101s sast\u0101vda\u013cas, tostarp gultnis un virzu\u013ca cilindrs, ir standarta un izgatavotas no t\u0113rauda, \u200b\u200bpadarot to iztur\u012bgu un ilgm\u016b\u017e\u012bgu. Hidraulisk\u0101 cilindra svars ir 43 kg, un tam ir video izejo\u0161\u0101 p\u0101rbaude.<\/p>\n<h2>4 pak\u0101pju gar\u0101 g\u0101jiena hidraulisk\u0101 cilindra \u012bpa\u0161\u012bbas<\/h2>\n<p>\u0160im hidrauliskajam cilindram ir vair\u0101kas izcilas \u012bpa\u0161\u012bbas, tostarp:<\/p>\n<ol>\n<li>Korpusa materi\u0101ls ir t\u0113rauds, kas nodro\u0161ina iztur\u012bbu un ilgm\u016b\u017e\u012bbu.<\/li>\n<li>Tas ir standarta virzu\u013ccilindrs ar hidraulisko jaudu, kas pied\u0101v\u0101 uzticamu funkcionalit\u0101ti.<\/li>\n<li>Hidraulisk\u0101 cilindra maksim\u0101l\u0101 vilces jauda ir 3000, un tas var pavilkt l\u012bdz 20 tonn\u0101m.<\/li>\n<li>Cilindram ir apgriezti teleskopiskie cilindri, kas nodro\u0161ina t\u0101 kompakto dizainu un augsto efektivit\u0101ti.<\/li>\n<li>Cilindrs ir meln\u0101 kr\u0101s\u0101 un ir sertific\u0113ts atbilsto\u0161i ISO9001:2000 standartam, kas apliecina t\u0101 kvalit\u0101ti.<\/li>\n<\/ol>\n<p><img decoding=\"async\" src=\"https:\/\/hzpt.com\/wp-content\/uploads\/2023\/11\/Inverted-Telescopic-Cylinder-5.webp\" alt=\"\" title=\"\"><\/p>\n<h2>4 pak\u0101pju gar\u0101 g\u0101jiena hidraulisk\u0101 cilindra pielietojums<\/h2>\n<p>\u0160o hidraulisko cilindru izmanto da\u017e\u0101dos pielietojumos, tostarp:<\/p>\n<ol>\n<li>Ra\u017eo\u0161anas r\u016bpn\u012bcas: izmanto da\u017e\u0101d\u0101s ma\u0161\u012bn\u0101s un iek\u0101rt\u0101s.<\/li>\n<li>Ma\u0161\u012bnu remonta darbn\u012bcas: b\u016btiskas ma\u0161\u012bnu apkopei un remontam.<\/li>\n<li>Fermas: Izmanto smagaj\u0101 lauksaimniec\u012bbas ma\u0161\u012bn\u0101s un apr\u012bkojum\u0101.<\/li>\n<li>Ener\u0123\u0113tika un kalnr\u016bpniec\u012bba: izmanto lieljaudas kalnr\u016bpniec\u012bbas iek\u0101rt\u0101s un ener\u0123ijas ra\u017eo\u0161anas ma\u0161\u012bn\u0101s.<\/li>\n<li>Ma\u0161\u012bnu r\u016bpn\u012bcas: Neat\u0146emama ma\u0161\u012bnu ra\u017eo\u0161anas un ekspluat\u0101cijas sast\u0101vda\u013ca.<\/li>\n<\/ol>\n<p><img decoding=\"async\" src=\"https:\/\/hzpt.com\/wp-content\/uploads\/2023\/11\/Inverted-Telescopic-Cylinder-Applications.webp\" alt=\"Apgrieztu teleskopisko cilindru pielietojumi\" title=\"\"><\/p>\n<h2>4 pak\u0101pju gar\u0101 g\u0101jiena hidraulisk\u0101 cilindra darb\u012bbas princips un apkope<\/h2>\n<p>\u0160is hidrauliskais cilindrs darbojas, pamatojoties uz hidraulisk\u0101s ener\u0123ijas principiem, iesaistot virzuli un cilindru, kas piepild\u012bts ar hidraulisko \u0161\u0137idrumu, radot izejas sp\u0113ku, kad \u0161\u0137idrums tiek ies\u016bkn\u0113ts cilindr\u0101. Regul\u0101ra apkope ietver p\u0101rbaudi, t\u012br\u012b\u0161anu, e\u013c\u013co\u0161anu, regul\u0101ras p\u0101rbaudes un remontu, bl\u012bvju nomai\u0146u un lietot\u0101ja rokasgr\u0101matas iev\u0113ro\u0161anu.<br \/>\n<img decoding=\"async\" src=\"https:\/\/hzpt.com\/wp-content\/uploads\/2023\/11\/Inverted-Telescopic-Cylinder-17.webp\" alt=\"\" title=\"\"><\/p>\n<h2>Apgriezts teleskopiskais cilindrs<\/h2>\n<h3>Ievads<\/h3>\n<p>Apgrieztais teleskopiskais cilindrs, kas paz\u012bstams ar\u012b k\u0101 \u201cvienas darb\u012bbas teleskopiskais cilindrs\u201d vai \u201capgriezt\u0101s darb\u012bbas teleskopiskais cilindrs\u201d, parasti tiek izmantots pa\u0161izg\u0101z\u0113ju pielietojumos. Tas ir hidrauliskais izpildmeh\u0101nisms, kas nodro\u0161ina line\u0101ru kust\u012bbu un sp\u0113ku, izmantojot hidraulisko \u0161\u0137idrumu. Cilindram ir rakstur\u012bgs unik\u0101ls dizains, kas sast\u0101v no virknes ligzdotu cauru\u013cu, kas stiepjas viena no otras, lai nodro\u0161in\u0101tu maksim\u0101lu g\u0101jiena garumu.<\/p>\n<h3>Projekt\u0113\u0161ana un b\u016bvniec\u012bba<\/h3>\n<p>Apgrieztais teleskopiskais cilindrs ir paredz\u0113ts, lai iztur\u0113tu lielas slodzes un skarbus ekspluat\u0101cijas apst\u0101k\u013cus. Tas parasti sast\u0101v no pamatcaurules, kas ir piestiprin\u0101ta pie kravas automa\u0161\u012bnas \u0161asijas, un vair\u0101k\u0101m papildu caurul\u0113m, kas ir ievietotas pamatcaurules iek\u0161pus\u0113. Caurules ir konstru\u0113tas ar da\u017e\u0101diem diametriem, lai t\u0101s var\u0113tu teleskopiski ievietot viena otr\u0101, t\u0101d\u0113j\u0101di nodro\u0161inot maksim\u0101li iesp\u0113jamo g\u0101jiena garumu.<\/p>\n<p>Cilindru darbina hidrauliskais \u0161\u0137idrums, kas tiek ies\u016bkn\u0113ts pamatcaurul\u0113 caur hidraulisko l\u012bniju. \u0160\u0137idruma spiediens liek caurul\u0113m izstiepties vienai no otras, t\u0101d\u0113j\u0101di nodro\u0161inot line\u0101ru kust\u012bbu un sp\u0113ku, kas nepiecie\u0161ams smagu kravu pacel\u0161anai un izg\u0101\u0161anai. Cilindrs parasti ir nosl\u0113gts ar O veida gredzeniem vai l\u016bpu bl\u012bv\u0113jumiem, lai nov\u0113rstu jebk\u0101das nopl\u016bdes.<\/p>\n<h3>Priek\u0161roc\u012bbas<\/h3>\n<p>Apgrieztajam teleskopiskajam cilindram ir vair\u0101kas priek\u0161roc\u012bbas sal\u012bdzin\u0101jum\u0101 ar cita veida hidrauliskajiem cilindriem. Pirmk\u0101rt, tas nodro\u0161ina gar\u0101ku g\u0101jiena garumu nek\u0101 citi l\u012bdz\u012bga izm\u0113ra cilindri. Tas padara to ide\u0101li piem\u0113rotu lietojumiem, kuros nepiecie\u0161ams maksim\u0101ls pacel\u0161anas augstums. Otrk\u0101rt, cilindrs ir paredz\u0113ts, lai iztur\u0113tu lielas slodzes un skarbus ekspluat\u0101cijas apst\u0101k\u013cus, padarot to iztur\u012bgu un uzticamu. Tre\u0161k\u0101rt, cilindra unik\u0101l\u0101 ligzdot\u0101s caurules konstrukcija \u013cauj tam b\u016bt kompakt\u0101kam nek\u0101 cita veida cilindriem, kas ir svar\u012bgi lietojumos, kuros ir ierobe\u017eota telpa.<\/p>\n<h3>Pieteikumi<\/h3>\n<p>Apgrieztais teleskopiskais cilindrs parasti tiek izmantots pa\u0161izg\u0101z\u0113ju lietojumos, kur to izmanto smagu materi\u0101lu kravu pacel\u0161anai un izg\u0101\u0161anai. To izmanto ar\u012b cit\u0101s lieljaudas lietojumprogramm\u0101s, piem\u0113ram, celtniec\u012bbas iek\u0101rt\u0101s, kur to izmanto, lai nodro\u0161in\u0101tu line\u0101ru kust\u012bbu un sp\u0113ku, kas nepiecie\u0161ams smagu kravu p\u0101rvieto\u0161anai.<\/p>\n<p>Apgrieztais teleskopiskais cilindrs ir augsti specializ\u0113ts hidrauliskais izpildmeh\u0101nisms, kas nodro\u0161ina maksim\u0101lu g\u0101jiena garumu un celtsp\u0113ju pa\u0161izg\u0101z\u0113jos un cit\u0101s lieljaudas lietojumprogramm\u0101s. T\u0101 unik\u0101lais dizains un konstrukcija padara to iztur\u012bgu, uzticamu un efekt\u012bvu. K\u0101 It\u0101lijas r\u016bpn\u012bca, kas specializ\u0113jas hidraulisko cilindru ra\u017eo\u0161an\u0101, m\u0113s pied\u0101v\u0101jam augstas kvalit\u0101tes 4 pak\u0101pju gar\u0101 g\u0101jiena hidraulisko cilindru da\u017e\u0101diem lieljaudas lietojumiem, tostarp pa\u0161izg\u0101z\u0113jiem. Ja mekl\u0113jat uzticamu un efekt\u012bvu hidraulisko cilindru lieljaudas lietojumiem, sazinieties ar mums jau \u0161odien.<\/p>\n<h3>Par FMP<\/h3>\n<p>FMP ir uz\u0146\u0113mums, kas specializ\u0113jas hidraulisko cilindru ra\u017eo\u0161an\u0101 un p\u0101rdo\u0161an\u0101. K\u0101 uzticams un pieredz\u0113jis celtniec\u012bbas tehnikas deta\u013cu un piln\u012bgu ma\u0161\u012bnu risin\u0101jumu pieg\u0101d\u0101t\u0101js, m\u0113s esam ap\u0146\u0113mu\u0161ies pied\u0101v\u0101t saviem klientiem augstas kvalit\u0101tes produktus un lielisku servisu.<\/p>\n<p><img decoding=\"async\" src=\"https:\/\/fmp-components.com\/wp-content\/uploads\/2024\/12\/Adjustable-Clevis-Type-Cylinders-6.webp\" alt=\"Regul\u0113jams skavu tipa cilindrs\" width=\"847\" title=\"\"><\/p>\n<h4>1. Pla\u0161s produktu kl\u0101sts<\/h4>\n<p>FMP pied\u0101v\u0101 pla\u0161u hidraulisko cilindru kl\u0101stu, kas piem\u0113rots da\u017e\u0101diem pielietojumiem b\u016bvniec\u012bbas tehnikas nozar\u0113. M\u016bsu produktu kl\u0101st\u0101 ietilpst regul\u0113jami cilindri ar skavu, teleskopiskie cilindri, metin\u0101tie cilindri un citi. Lai k\u0101das b\u016btu j\u016bsu \u012bpa\u0161\u0101s vajadz\u012bbas, mums ir piem\u0113rots hidrauliskais cilindrs, kas t\u0101s apmierin\u0101s.<\/p>\n<h4>2. Augst\u0101k\u0101 kvalit\u0101te<\/h4>\n<p>M\u0113s saprotam uzticamu un iztur\u012bgu celtniec\u012bbas tehnikas deta\u013cu noz\u012bmi. T\u0101p\u0113c visi m\u016bsu hidrauliskie cilindri tiek ra\u017eoti, izmantojot augstas kvalit\u0101tes materi\u0101lus, un tiem tiek piem\u0113rota stingra kvalit\u0101tes kontrole. Tas nodro\u0161ina, ka m\u016bsu produkti iztur sare\u017e\u0123\u012btus b\u016bvlaukumu apst\u0101k\u013cus un nodro\u0161ina ilgsto\u0161u veiktsp\u0113ju.<\/p>\n<h4>3. Piel\u0101go\u0161anas opcijas<\/h4>\n<p>M\u0113s apzin\u0101mies, ka da\u017e\u0101diem projektiem var b\u016bt nepiecie\u0161amas unik\u0101las hidraulisko cilindru specifik\u0101cijas. T\u0101p\u0113c m\u0113s pied\u0101v\u0101jam piel\u0101go\u0161anas iesp\u0113jas, lai piel\u0101gotu m\u016bsu produktus j\u016bsu \u012bpa\u0161aj\u0101m pras\u012bb\u0101m. M\u016bsu pieredz\u0113jus\u012b komanda cie\u0161i sadarbosies ar jums, lai izstr\u0101d\u0101tu un ra\u017eotu hidrauliskos cilindrus, kas lieliski atbilst j\u016bsu vajadz\u012bb\u0101m.<\/p>\n<h4>4. Zino\u0161a p\u0101rdo\u0161anas komanda<\/h4>\n<p>M\u016bsu p\u0101rdo\u0161anas komandu veido profesion\u0101\u013ci, kuri labi p\u0101rzina celtniec\u012bbas tehnikas nozari. Vi\u0146iem ir dzi\u013ca izpratne par jaun\u0101kaj\u0101m tendenc\u0113m un klientu vajadz\u012bb\u0101m tirg\u016b. Izv\u0113loties FMP, j\u016bs varat sagaid\u012bt ekspertu konsult\u0101cijas par produktiem un p\u0101rdom\u0101tus pirk\u0161anas ieteikumus, kas pal\u012bdz\u0113s jums pie\u0146emt p\u0101rdom\u0101tus l\u0113mumus.<\/p>\n<h4>5. Efekt\u012bva lo\u0123istikas izplat\u012b\u0161ana<\/h4>\n<p>Savlaic\u012bga pieg\u0101de ir \u013coti svar\u012bga b\u016bvniec\u012bbas tehnikas nozar\u0113, un m\u0113s pie\u0161\u0137iram priorit\u0101ti efekt\u012bvai lo\u0123istikas izplat\u012b\u0161anai. Izmantojot m\u016bsu labi izveidoto sist\u0113mu, m\u0113s nodro\u0161in\u0101m, ka j\u016bsu nepiecie\u0161amie hidrauliskie cilindri tiek pieg\u0101d\u0101ti jums \u0101tri un prec\u012bzi. Tas \u013cauj jums samazin\u0101t d\u012bkst\u0101ves laiku un nodro\u0161in\u0101t projektu netrauc\u0113tu norisi.<\/p>\n<p>Autors: CX<\/p>","protected":false},"excerpt":{"rendered":"<p>Introducing the Italian Factory Dump Truck 4 Stage Long Stroke Hydraulic Cylinder: The Italian Factory Dump Truck 4 Stage Long Stroke Hydraulic Cylinder is a highly versatile and durable hydraulic cylinder designed specifically for dump trucks. With its advanced technology and precision engineering, this hydraulic cylinder offers exceptional performance and reliability for various applications. Featuring [&hellip;]<\/p>","protected":false},"featured_media":1692,"comment_status":"closed","ping_status":"closed","template":"","meta":{"_et_pb_use_builder":"","_et_pb_old_content":"","_et_gb_content_width":""},"product_brand":[],"product_cat":[45],"product_tag":[34,48],"class_list":{"0":"post-1691","1":"product","2":"type-product","3":"status-publish","4":"has-post-thumbnail","6":"product_cat-inverted-telescopic-cylinder","7":"product_tag-hydraulic-cylinder","8":"product_tag-inverted-telescopic-cylinder","10":"first","11":"instock","12":"product-type-simple"},"_links":{"self":[{"href":"https:\/\/fmp-components.com\/lv\/wp-json\/wp\/v2\/product\/1691","targetHints":{"allow":["GET"]}}],"collection":[{"href":"https:\/\/fmp-components.com\/lv\/wp-json\/wp\/v2\/product"}],"about":[{"href":"https:\/\/fmp-components.com\/lv\/wp-json\/wp\/v2\/types\/product"}],"replies":[{"embeddable":true,"href":"https:\/\/fmp-components.com\/lv\/wp-json\/wp\/v2\/comments?post=1691"}],"wp:featuredmedia":[{"embeddable":true,"href":"https:\/\/fmp-components.com\/lv\/wp-json\/wp\/v2\/media\/1692"}],"wp:attachment":[{"href":"https:\/\/fmp-components.com\/lv\/wp-json\/wp\/v2\/media?parent=1691"}],"wp:term":[{"taxonomy":"product_brand","embeddable":true,"href":"https:\/\/fmp-components.com\/lv\/wp-json\/wp\/v2\/product_brand?post=1691"},{"taxonomy":"product_cat","embeddable":true,"href":"https:\/\/fmp-components.com\/lv\/wp-json\/wp\/v2\/product_cat?post=1691"},{"taxonomy":"product_tag","embeddable":true,"href":"https:\/\/fmp-components.com\/lv\/wp-json\/wp\/v2\/product_tag?post=1691"}],"curies":[{"name":"wp","href":"https:\/\/api.w.org\/{rel}","templated":true}]}}