{"id":1685,"date":"2024-12-23T07:01:59","date_gmt":"2024-12-23T07:01:59","guid":{"rendered":"https:\/\/fmp-components.com\/product\/hot-sale-dump-truck-hydraulic-cylinder-customized-hydraulic-cylinder\/"},"modified":"2025-03-11T06:05:38","modified_gmt":"2025-03-11T06:05:38","slug":"hot-sale-dump-truck-hydraulic-cylinder-customized-hydraulic-cylinder","status":"publish","type":"product","link":"https:\/\/fmp-components.com\/lv\/product\/hot-sale-dump-truck-hydraulic-cylinder-customized-hydraulic-cylinder\/","title":{"rendered":"Karst\u0101 p\u0101rdo\u0161anas pa\u0161izg\u0101z\u0113ja hidrauliskais cilindrs Piel\u0101gots hidrauliskais cilindrs"},"content":{"rendered":"<h2>Iepaz\u012bstin\u0101m ar karst\u0101s p\u0101rdo\u0161anas pa\u0161izg\u0101z\u0113ja hidraulisko cilindru, kas piel\u0101gots hidrauliskajam cilindram:<\/h2>\n<p>Karst\u0101s p\u0101rdo\u0161anas pa\u0161izg\u0101z\u0113ju hidrauliskais cilindrs ir \u013coti uzticams un efekt\u012bvs hidrauliskais cilindrs, kas \u012bpa\u0161i izstr\u0101d\u0101ts pa\u0161izg\u0101z\u0113jiem. Ar piel\u0101gotaj\u0101m funkcij\u0101m un izcilo veiktsp\u0113ju tas ir ide\u0101ls risin\u0101jums vis\u0101m j\u016bsu hidrauliskaj\u0101m vajadz\u012bb\u0101m.<\/p>\n<p>\u0160is hidrauliskais cilindrs ir r\u016bp\u012bgi izgatavots, izmantojot augst\u0101k\u0101s kvalit\u0101tes materi\u0101lus un progres\u012bvas tehnolo\u0123ijas, nodro\u0161inot iztur\u012bbu un ilgm\u016b\u017e\u012bbu. Tas ir izstr\u0101d\u0101ts, lai iztur\u0113tu lielas slodzes un skarbus darba apst\u0101k\u013cus, padarot to par ide\u0101lu izv\u0113li pa\u0161izg\u0101z\u0113jiem, ko izmanto celtniec\u012bbas, kalnr\u016bpniec\u012bbas un transporta nozar\u0113s.<\/p>\n<p>Karst\u0101s p\u0101rdo\u0161anas pa\u0161izg\u0101z\u0113ja hidrauliskais cilindrs pied\u0101v\u0101 izcilu celtsp\u0113ju, \u013caujot bez piep\u016bles izg\u0101zt materi\u0101lus. T\u0101 prec\u012bz\u0101 vad\u012bbas sist\u0113ma nodro\u0161ina vienm\u0113r\u012bgas un prec\u012bzas kust\u012bbas, uzlabojot pa\u0161izg\u0101z\u0113ja kop\u0113jo darb\u012bbas efektivit\u0101ti.<\/p>\n<p><img decoding=\"async\" src=\"https:\/\/hzpt.com\/wp-content\/uploads\/2023\/11\/Inverted-Telescopic-Cylinder-2.webp\" alt=\"\" title=\"\"><\/p>\n<p>Viena no \u0161\u012b hidraulisk\u0101 cilindra izcil\u0101kaj\u0101m iez\u012bm\u0113m ir t\u0101 piel\u0101go\u0161anas iesp\u0113jas. To var piel\u0101got j\u016bsu pa\u0161izg\u0101z\u0113ja \u012bpa\u0161aj\u0101m pras\u012bb\u0101m, nodro\u0161inot perfektu atbilst\u012bbu un optim\u0101lu veiktsp\u0113ju. Neatkar\u012bgi no t\u0101, vai jums ir nepiecie\u0161ams noteikts g\u0101jiena garums, mont\u0101\u017eas stils vai spiediena v\u0113rt\u0113jums, \u0161o hidraulisko cilindru var attiec\u012bgi piel\u0101got.<\/p>\n<p>Turkl\u0101t karst\u0101s p\u0101rdo\u0161anas pa\u0161izg\u0101z\u0113ja hidraulisko cilindru ir viegli uzst\u0101d\u012bt un uztur\u0113t. Tam ir pievienotas lietot\u0101jam draudz\u012bgas instrukcijas, un t\u0101 apkopei nepiecie\u0161ams minim\u0101ls d\u012bkst\u0101ves laiks, t\u0101d\u0113j\u0101di palielinot produktivit\u0101ti un samazinot ekspluat\u0101cijas izmaksas.<\/p>\n<table style=\"width: 100%;\" border=\"1\" width=\"100%\" cellspacing=\"0\" cellpadding=\"0\">\n<tbody>\n<tr>\n<th>Produkta nosaukums<\/th>\n<td>Karst\u0101 p\u0101rdo\u0161anas pa\u0161izg\u0101z\u0113ja hidrauliskais cilindrs<\/td>\n<\/tr>\n<tr>\n<th>St\u0101voklis<\/th>\n<td>Jauns<\/td>\n<\/tr>\n<tr>\n<th>Garantija<\/th>\n<td>1 gads<\/td>\n<\/tr>\n<tr>\n<th>Svars (kg)<\/th>\n<td>48<\/td>\n<\/tr>\n<tr>\n<th>Maksim\u0101l\u0101 vilce<\/th>\n<td>3000<\/td>\n<\/tr>\n<tr>\n<th>Maksim\u0101lais vilk\u0161anas sp\u0113ks<\/th>\n<td>20 tonnas<\/td>\n<\/tr>\n<tr>\n<th>Urbuma izm\u0113rs<\/th>\n<td>2\u20136 collas<\/td>\n<\/tr>\n<tr>\n<th>Stie\u0146a izm\u0113rs<\/th>\n<td>1,125\u20134 collas<\/td>\n<\/tr>\n<tr>\n<th>Trieciena izm\u0113rs<\/th>\n<td>6\u201348 collas<\/td>\n<\/tr>\n<tr>\n<th>Tapas izm\u0113rs<\/th>\n<td>0,5\u20132 collas<\/td>\n<\/tr>\n<tr>\n<th>Materi\u0101ls<\/th>\n<td>T\u0113rauds<\/td>\n<\/tr>\n<tr>\n<th>Dizains<\/th>\n<td>Standarta strukt\u016bra<\/td>\n<\/tr>\n<tr>\n<th>Sertifik\u0101cija<\/th>\n<td>ISO 9001:2000<\/td>\n<\/tr>\n<tr>\n<th>Kr\u0101sa<\/th>\n<td>Elegants melns<\/td>\n<\/tr>\n<tr>\n<th>Piem\u0113rojam\u0101s nozares<\/th>\n<td>Ra\u017eo\u0161anas r\u016bpn\u012bca, Ma\u0161\u012bnu remonta darbn\u012bcas, Lauksaimniec\u012bbas saimniec\u012bbas, Ener\u0123\u0113tika un ieguves r\u016bpniec\u012bba, Ma\u0161\u012bnu ra\u017eo\u0161ana, Ma\u0161\u012bnu r\u016bpn\u012bca<\/td>\n<\/tr>\n<\/tbody>\n<\/table>\n<h2>Hidraulisk\u0101 cilindra \u012bpa\u0161\u012bbas<\/h2>\n<p>\u0160im hidrauliskajam cilindram ir vair\u0101kas papildu funkcijas:<\/p>\n<ol>\n<li>Standarta virzu\u013ccilindra konstrukcija: nodro\u0161ina stabilu un uzticamu hidraulisko jaudu.<\/li>\n<li>T\u0113rauda korpusa materi\u0101ls: nodro\u0161ina iztur\u012bbu un iztur\u012bbu.<\/li>\n<li>Apgriezti teleskopiskie cilindri: pied\u0101v\u0101 liel\u0101ku daudzpus\u012bbu un efektivit\u0101ti.<\/li>\n<li>ISO9001:2000 sertifik\u0101cija: Garant\u0113 kvalit\u0101ti un uzticam\u012bbu.<\/li>\n<li>Piel\u0101gojamas priek\u0161roc\u012bbas: G\/SAE\/NPT\/M piesl\u0113gvietas ir pieejamas piel\u0101go\u0161anai.<\/li>\n<\/ol>\n<h2>Hidraulisk\u0101 cilindra pielietojums<\/h2>\n<p>\u0160im hidrauliskajam cilindram ir vair\u0101ki pielietojumi:<\/p>\n<ol>\n<li>Ra\u017eo\u0161anas r\u016bpn\u012bcas: veicina efekt\u012bvu iek\u0101rtu darb\u012bbu.<\/li>\n<li>Ma\u0161\u012bnu remonta darbn\u012bcas: Pal\u012bdz smago ma\u0161\u012bnu remont\u0101.<\/li>\n<li>Fermas: Izmanto lauksaimniec\u012bbas ma\u0161\u012bn\u0101s da\u017e\u0101d\u0101m darb\u012bb\u0101m.<\/li>\n<li>Ener\u0123\u0113tika un ieguves r\u016bpniec\u012bba: b\u016btiska lieljaudas ieguves iek\u0101rt\u0101m.<\/li>\n<li>Ma\u0161\u012bnu r\u016bpn\u012bcas: atbalsta darb\u012bbas efektivit\u0101ti ma\u0161\u012bnb\u016bves nozar\u0113.<\/li>\n<\/ol>\n<p><img decoding=\"async\" src=\"https:\/\/hzpt.com\/wp-content\/uploads\/2023\/11\/Inverted-Telescopic-Cylinder-Applications.webp\" alt=\"Apgrieztu teleskopisko cilindru pielietojumi\" title=\"\"><\/p>\n<h2>Hidraulisk\u0101 cilindra darb\u012bbas princips un apkope<\/h2>\n<p>Hidrauliskais cilindrs darbojas p\u0113c vienk\u0101r\u0161a principa, kur hidraulisk\u0101 \u0161\u0137idruma padeve rada izejas sp\u0113ku. Regul\u0101ra apkope ietver bl\u012bv\u0113jumu p\u0101rbaudi, t\u012br\u012b\u0161anu, e\u013c\u013co\u0161anu un nomai\u0146u. Regul\u0101ras p\u0101rbaudes un remonts j\u0101veic saska\u0146\u0101 ar lietot\u0101ja rokasgr\u0101matu.<\/p>\n<p><img decoding=\"async\" src=\"https:\/\/hzpt.com\/wp-content\/uploads\/2023\/11\/Inverted-Telescopic-Cylinder-8.webp\" alt=\"\" title=\"\"><\/p>\n<h2>Apgriezts teleskopiskais cilindrs<\/h2>\n<p>Apgriezts teleskopiskais cilindrs ir hidraulisk\u0101 cilindra veids, ko parasti izmanto pa\u0161izg\u0101z\u0113jos un cit\u0101s smag\u0101s ma\u0161\u012bn\u0101s. Tas ir paredz\u0113ts, lai nodro\u0161in\u0101tu augstu celtsp\u0113ju un stabilit\u0101ti, padarot to ide\u0101li piem\u0113rotu smagu kravu apstr\u0101dei da\u017e\u0101dos pielietojumos. \u0160\u0101da veida cilindrs sast\u0101v no vair\u0101kiem posmiem, kas izstiepjas un savelkas, lai nodro\u0161in\u0101tu nepiecie\u0161amo celtsp\u0113ju.<\/p>\n<p>\u0160eit ir da\u017eas apgriezt\u0101 teleskopisk\u0101 cilindra galven\u0101s iez\u012bmes un priek\u0161roc\u012bbas:<\/p>\n<ol>\n<li>Augsta celtsp\u0113ja: Apgrieztais teleskopiskais cilindrs ir paz\u012bstams ar savu izcilo celtsp\u0113ju. Tas ir paredz\u0113ts smagu kravu cel\u0161anai, neapdraudot veiktsp\u0113ju vai stabilit\u0101ti.<\/li>\n<li>Kompakts dizains: Neskatoties uz augsto celtsp\u0113ju, apgrieztajam teleskopiskajam cilindram ir kompakts dizains, kas \u013cauj to viegli uzst\u0101d\u012bt un integr\u0113t da\u017e\u0101da veida ma\u0161\u012bn\u0101s.<\/li>\n<li>Vienm\u0113r\u012bga darb\u012bba: \u0160\u0101da veida cilindrs nodro\u0161ina vienm\u0113r\u012bgu un prec\u012bzu darb\u012bbu, nodro\u0161inot efekt\u012bvu kravu pacel\u0161anu un nolai\u0161anu. Tas ir izstr\u0101d\u0101ts, lai samazin\u0101tu vibr\u0101cijas un saraust\u012bta kust\u012bbas, nodro\u0161inot uzlabotu kontroli un dro\u0161\u012bbu.<\/li>\n<li>Iztur\u012bga konstrukcija: Apgrieztie teleskopiskie cilindri ir izgatavoti, lai iztur\u0113tu skarbus darba apst\u0101k\u013cus. Tie parasti ir izgatavoti no augstas kvalit\u0101tes materi\u0101liem, piem\u0113ram, r\u016bd\u012bta t\u0113rauda, \u200b\u200bkas nodro\u0161ina iztur\u012bbu un ilgsto\u0161u veiktsp\u0113ju.<\/li>\n<li>Piel\u0101gojam\u012bba: Apgriezto teleskopisko cilindru var piel\u0101got \u012bpa\u0161\u0101m pras\u012bb\u0101m. To var piel\u0101got g\u0101jiena garuma, mont\u0101\u017eas iesp\u0113ju un citu parametru zi\u0146\u0101, lai tas atbilstu da\u017e\u0101diem pielietojumiem.<\/li>\n<li>Karst\u0101s p\u0101rdo\u0161anas pa\u0161izg\u0101z\u0113ju hidrauliskais cilindrs: m\u016bsu uz\u0146\u0113mums specializ\u0113jas augstas kvalit\u0101tes pa\u0161izg\u0101z\u0113ju hidraulisko cilindru, tostarp apgriezto teleskopisko cilindru, ra\u017eo\u0161an\u0101 un pieg\u0101d\u0113. M\u016bsu cilindri ir paz\u012bstami ar savu uzticam\u012bbu, veiktsp\u0113ju un konkur\u0113tsp\u0113j\u012bg\u0101m cen\u0101m. M\u0113s pied\u0101v\u0101jam da\u017e\u0101das iesp\u0113jas, lai apmierin\u0101tu da\u017e\u0101das klientu vajadz\u012bbas.<\/li>\n<li>Piel\u0101gots hidrauliskais cilindrs: M\u0113s saprotam, ka da\u017e\u0101diem lietojumiem var b\u016bt nepiecie\u0161ami unik\u0101li hidraulisko cilindru risin\u0101jumi. T\u0101p\u0113c m\u0113s pied\u0101v\u0101jam piel\u0101gotus hidrauliskos cilindrus, lai apmierin\u0101tu \u012bpa\u0161as pras\u012bbas. M\u016bsu ekspertu komanda var cie\u0161i sadarboties ar klientiem, lai izstr\u0101d\u0101tu un ra\u017eotu cilindrus, kas prec\u012bzi atbilst vi\u0146u vajadz\u012bb\u0101m.<\/li>\n<\/ol>\n<p>Nosl\u0113gum\u0101 j\u0101saka, ka apgrieztais teleskopiskais cilindrs ir daudzpus\u012bgs un uzticams hidrauliskais cilindrs, kas pied\u0101v\u0101 izcilu celtsp\u0113ju, vienm\u0113r\u012bgu darb\u012bbu un iztur\u012bbu. Neatkar\u012bgi no t\u0101, vai jums ir nepiecie\u0161ams standarta pa\u0161izg\u0101z\u0113ja hidrauliskais cilindrs vai piel\u0101gots risin\u0101jums, mums ir zin\u0101\u0161anas un resursi, lai apmierin\u0101tu j\u016bsu pras\u012bbas. Sazinieties ar mums jau \u0161odien, lai uzzin\u0101tu vair\u0101k par m\u016bsu produktiem un pakalpojumiem.<\/p>\n<h3>Par FMP \u2013 j\u016bsu profesion\u0101lo hidraulisko cilindru pieg\u0101d\u0101t\u0101ju<\/h3>\n<p>Uz\u0146\u0113mum\u0101 FMP m\u0113s specializ\u0113jamies celtniec\u012bbas tehnikas deta\u013cu un pilnu iek\u0101rtu p\u0101rdo\u0161an\u0101 un apkalpo\u0161an\u0101, un m\u0113s lepojamies ar to, ka esam vado\u0161ais augstas kvalit\u0101tes un uzticamu hidraulisko cilindru pieg\u0101d\u0101t\u0101js. \u0160eit ir tikai da\u017ei iemesli, k\u0101p\u0113c m\u0113s uzskat\u0101m, ka m\u016bsu hidrauliskie cilindri ir lab\u0101kie tirg\u016b:<\/p>\n<p>1. Prec\u012bza in\u017eenierija \u2013 M\u016bsu hidrauliskie cilindri ir izstr\u0101d\u0101ti, izmantojot prec\u012bzu in\u017eenieriju, nodro\u0161inot to iztur\u012bbu un uzticam\u012bbu pat vissmag\u0101kajos apst\u0101k\u013cos.<\/p>\n<p>2. Pla\u0161s pielietojumu kl\u0101sts \u2013 m\u016bsu hidrauliskos cilindrus var izmantot pla\u0161\u0101 pielietojumu kl\u0101st\u0101, tostarp lauksaimniec\u012bbas ma\u0161\u012bn\u0101s, r\u016bpniec\u012bbas iek\u0101rt\u0101s un celtniec\u012bbas ma\u0161\u012bn\u0101s.<\/p>\n<p>3. Piel\u0101gots dizains \u2014 m\u0113s varam piel\u0101got m\u016bsu hidraulisko cilindru dizainu, lai apmierin\u0101tu m\u016bsu klientu \u012bpa\u0161\u0101s vajadz\u012bbas, nodro\u0161inot, ka vi\u0146i no m\u016bsu produktiem ieg\u016bst vislab\u0101ko iesp\u0113jamo veiktsp\u0113ju.<\/p>\n<p>4. Augstas kvalit\u0101tes materi\u0101li \u2013 M\u016bsu hidraulisko cilindru ra\u017eo\u0161an\u0101 m\u0113s izmantojam tikai augst\u0101k\u0101s kvalit\u0101tes materi\u0101lus, nodro\u0161inot, ka tie laika gait\u0101 iztur\u0113s nodilumu.<\/p>\n<p>5. Lielisks klientu atbalsts \u2014 FMP m\u0113s lepojamies ar to, ka visiem m\u016bsu klientiem sniedzam izcilu klientu atbalstu. S\u0101kot ar produktu konsult\u0101cij\u0101m un beidzot ar gudriem pirk\u0161anas ieteikumiem, m\u016bsu pieredz\u0113ju\u0161\u0101 p\u0101rdo\u0161anas komanda vienm\u0113r ir gatava pal\u012bdz\u0113t.<\/p>\n<p>T\u0101tad, ja mekl\u0113jat uzticamu un iztur\u012bgu hidraulisko cilindru pieg\u0101d\u0101t\u0101ju, FMP ir \u012bst\u0101 izv\u0113le. Sazinieties ar mums jau \u0161odien, lai uzzin\u0101tu vair\u0101k par m\u016bsu produktiem un pakalpojumiem, k\u0101 ar\u012b to, k\u0101 m\u0113s varam pal\u012bdz\u0113t jums apmierin\u0101t j\u016bsu celtniec\u012bbas tehnikas vajadz\u012bbas!<\/p>\n<p><img decoding=\"async\" src=\"https:\/\/fmp-components.com\/wp-content\/uploads\/2024\/12\/Adjustable-Clevis-Type-Cylinders-6.webp\" alt=\"Regul\u0113jams skavu tipa cilindrs\" width=\"844\" title=\"\"><br \/>\nAutors: CX<\/p>","protected":false},"excerpt":{"rendered":"<p>Introducing Hot Sale Dump Truck Hydraulic Cylinder Customized Hydraulic Cylinder: Hot Sale Dump Truck Hydraulic Cylinder is a highly reliable and efficient hydraulic cylinder designed specifically for dump trucks. With its customized features and exceptional performance, it is the perfect solution for all your hydraulic needs. This hydraulic cylinder is meticulously crafted using top-quality materials [&hellip;]<\/p>","protected":false},"featured_media":1686,"comment_status":"closed","ping_status":"closed","template":"","meta":{"_et_pb_use_builder":"","_et_pb_old_content":"","_et_gb_content_width":""},"product_brand":[],"product_cat":[45],"product_tag":[34,48],"class_list":{"0":"post-1685","1":"product","2":"type-product","3":"status-publish","4":"has-post-thumbnail","6":"product_cat-inverted-telescopic-cylinder","7":"product_tag-hydraulic-cylinder","8":"product_tag-inverted-telescopic-cylinder","10":"first","11":"instock","12":"product-type-simple"},"_links":{"self":[{"href":"https:\/\/fmp-components.com\/lv\/wp-json\/wp\/v2\/product\/1685","targetHints":{"allow":["GET"]}}],"collection":[{"href":"https:\/\/fmp-components.com\/lv\/wp-json\/wp\/v2\/product"}],"about":[{"href":"https:\/\/fmp-components.com\/lv\/wp-json\/wp\/v2\/types\/product"}],"replies":[{"embeddable":true,"href":"https:\/\/fmp-components.com\/lv\/wp-json\/wp\/v2\/comments?post=1685"}],"wp:featuredmedia":[{"embeddable":true,"href":"https:\/\/fmp-components.com\/lv\/wp-json\/wp\/v2\/media\/1686"}],"wp:attachment":[{"href":"https:\/\/fmp-components.com\/lv\/wp-json\/wp\/v2\/media?parent=1685"}],"wp:term":[{"taxonomy":"product_brand","embeddable":true,"href":"https:\/\/fmp-components.com\/lv\/wp-json\/wp\/v2\/product_brand?post=1685"},{"taxonomy":"product_cat","embeddable":true,"href":"https:\/\/fmp-components.com\/lv\/wp-json\/wp\/v2\/product_cat?post=1685"},{"taxonomy":"product_tag","embeddable":true,"href":"https:\/\/fmp-components.com\/lv\/wp-json\/wp\/v2\/product_tag?post=1685"}],"curies":[{"name":"wp","href":"https:\/\/api.w.org\/{rel}","templated":true}]}}