{"id":1683,"date":"2024-12-23T07:01:59","date_gmt":"2024-12-23T07:01:59","guid":{"rendered":"https:\/\/fmp-components.com\/product\/factory-direct-sale-10-ton-hydraulic-cylinder-telescopic-hydraulic-cylinder-for-dump-truck\/"},"modified":"2025-03-11T06:03:41","modified_gmt":"2025-03-11T06:03:41","slug":"factory-direct-sale-10-ton-hydraulic-cylinder-telescopic-hydraulic-cylinder-for-dump-truck","status":"publish","type":"product","link":"https:\/\/fmp-components.com\/lv\/product\/factory-direct-sale-10-ton-hydraulic-cylinder-telescopic-hydraulic-cylinder-for-dump-truck\/","title":{"rendered":"R\u016bpn\u012bcas tie\u0161\u0101 p\u0101rdo\u0161ana 10 tonnu hidrauliskais cilindrs Teleskopiskais hidrauliskais cilindrs pa\u0161izg\u0101z\u0113jam"},"content":{"rendered":"<h2>R\u016bpn\u012bcas tie\u0161\u0101 p\u0101rdo\u0161ana 10 tonnu hidrauliskais cilindrs Teleskopiskais hidrauliskais cilindrs pa\u0161izg\u0101z\u0113jam<\/h2>\n<p>R\u016bpn\u012bcas tie\u0161\u0101s p\u0101rdo\u0161anas 10 tonnu hidrauliskais cilindrs pa\u0161izg\u0101z\u0113jam ir augstas kvalit\u0101tes hidrauliskais cilindrs, kas paredz\u0113ts lielu slod\u017eu un skarbu ekspluat\u0101cijas apst\u0101k\u013cu iztur\u0113\u0161anai. Tas ir \u012bpa\u0161i izstr\u0101d\u0101ts pa\u0161izg\u0101z\u0113jiem un citiem smagiem darbiem.<\/p>\n<p>\u0160im hidrauliskajam cilindram ir teleskopiska konstrukcija, kas \u013cauj to vienm\u0113r\u012bgi un kontrol\u0113ti izstiept un ievilkt, nodro\u0161inot lielisku cel\u0161anas un notur\u0113\u0161anas sp\u0113ku. Tas ir ar\u012b izgatavots ilgam kalpo\u0161anas laikam, izmantojot iztur\u012bgus materi\u0101lus un augstas kvalit\u0101tes konstrukciju, kas nodro\u0161ina, ka tas var tikt gal\u0101 pat ar vissare\u017e\u0123\u012bt\u0101kajiem darbiem.<\/p>\n<p><img decoding=\"async\" src=\"https:\/\/hzpt.com\/wp-content\/uploads\/2023\/11\/Inverted-Telescopic-Cylinder-22.webp\" alt=\"\" title=\"\"><\/p>\n<p>Neatkar\u012bgi no t\u0101, vai v\u0113laties uzlabot savu eso\u0161o pa\u0161izg\u0101z\u0113ju vai ar\u012b jums ir nepiecie\u0161ams uzticams hidrauliskais cilindrs jaunai b\u016bvniec\u012bbai, r\u016bpn\u012bcas tie\u0161\u0101s p\u0101rdo\u0161anas 10 tonnu hidraulisk\u0101 cilindra teleskopiskais hidrauliskais cilindrs pa\u0161izg\u0101z\u0113jam ir lieliska izv\u0113le. Ar savu izcilo veiktsp\u0113ju, iztur\u012bbu un ilgm\u016b\u017e\u012bbu \u0161is hidrauliskais cilindrs noteikti nodro\u0161in\u0101s daudzu gadu uzticamu kalpo\u0161anu pat vispras\u012bg\u0101kajos pielietojumos.<\/p>\n<div>\n<p>Mekl\u0113jat lab\u0101ko hidraulisko iek\u0101rtu? M\u016bsu r\u016bpn\u012bcas tie\u0161\u0101s p\u0101rdo\u0161anas 10 tonnu hidrauliskais cilindrs ir tie\u0161i tas, kas jums nepiecie\u0161ams!<\/p>\n<table style=\"width: 100%;\" border=\"1\" width=\"100%\" cellspacing=\"0\" cellpadding=\"0\">\n<tbody>\n<tr>\n<th>Produkta nosaukums<\/th>\n<td>M\u016bsdien\u012bgs hidrauliskais cilindrs pa\u0161izg\u0101z\u0113jiem<\/td>\n<\/tr>\n<tr>\n<th>St\u0101voklis<\/th>\n<td>Jauns<\/td>\n<\/tr>\n<tr>\n<th>Garantija<\/th>\n<td>1 gads<\/td>\n<\/tr>\n<tr>\n<th>Svars (kg)<\/th>\n<td>48<\/td>\n<\/tr>\n<tr>\n<th>Dizains<\/th>\n<td>Piel\u0101gots pa\u0161izg\u0101z\u0113jiem<\/td>\n<\/tr>\n<tr>\n<th>Kvalit\u0101tes nodro\u0161in\u0101\u0161ana<\/th>\n<td>Video izejo\u0161\u0101s p\u0101rbaudes un ma\u0161\u012bnu testa zi\u0146ojums<\/td>\n<\/tr>\n<tr>\n<th>Piem\u0113rojam\u0101s nozares<\/th>\n<td>Ra\u017eo\u0161anas r\u016bpn\u012bcas, ma\u0161\u012bnu remonta darbn\u012bcas, fermas, ener\u0123\u0113tika un ieguves r\u016bpniec\u012bba un citas<\/td>\n<\/tr>\n<tr>\n<th>Veiktsp\u0113ja<\/th>\n<td>Viegls un \u0113rti lietojams<\/td>\n<\/tr>\n<\/tbody>\n<\/table>\n<h2>Hidraulisk\u0101 cilindra \u012bpa\u0161\u012bbas<\/h2>\n<p>M\u016bsu hidrauliskais cilindrs pied\u0101v\u0101 daudzas iespaid\u012bgas funkcijas, tostarp:<\/p>\n<ul>\n<li>T\u0113rauda korpusa materi\u0101ls iztur\u012bbai un ilgsto\u0161ai darb\u012bbai.<\/li>\n<li>Maksim\u0101l\u0101 vilces jauda 3000 tonnu un maksim\u0101l\u0101 vilk\u0161anas jauda 20 tonnas, nodro\u0161inot jaud\u012bgu darb\u012bbu.<\/li>\n<li>Apgriezta teleskopisk\u0101 cilindra tips, piem\u0113rots da\u017e\u0101diem pielietojumiem.<\/li>\n<li>Vair\u0101kas piesl\u0113gvietas (G\/SAE\/NPT\/M) daudzpus\u012bgai savienojam\u012bbai.<\/li>\n<li>Sertific\u0113ts saska\u0146\u0101 ar ISO9001:2000, kas nodro\u0161ina augstus kvalit\u0101tes standartus.<\/li>\n<\/ul>\n<h2>Hidraulisk\u0101 cilindra pielietojums<\/h2>\n<p>\u0160o hidraulisko cilindru var pielietot daudz\u0101s jom\u0101s, tostarp:<\/p>\n<ul>\n<li>Ra\u017eo\u0161anas r\u016bpn\u012bcas lieljaudas ma\u0161\u012bnu ekspluat\u0101cijai.<\/li>\n<li>Ma\u0161\u012bnu remonta darbn\u012bcas iek\u0101rtu apkopei un kapit\u0101lajam remontam.<\/li>\n<li>Lauksaimniec\u012bbas saimniec\u012bbas smag\u0101s lauksaimniec\u012bbas tehnikas p\u0101rvald\u012b\u0161anai.<\/li>\n<li>Ener\u0123\u0113tikas un kalnr\u016bpniec\u012bbas nozares augstspiediena darb\u012bbu p\u0101rvald\u012bbai.<\/li>\n<li>Visp\u0101r\u0113jo ma\u0161\u012bnu ra\u017eo\u0161ana un r\u016bpn\u012bcas da\u017e\u0101diem pielietojumiem.<\/li>\n<\/ul>\n<p><img decoding=\"async\" src=\"https:\/\/hzpt.com\/wp-content\/uploads\/2023\/11\/Inverted-Telescopic-Cylinder-Applications.webp\" alt=\"Apgrieztu teleskopisko cilindru pielietojumi\" title=\"\"><\/p>\n<h2>Hidraulisk\u0101 cilindra darb\u012bbas princips un apkope<\/h2>\n<p>Hidrauliskais cilindrs darbojas ar hidraulisk\u0101 \u0161\u0137idruma ieejas un izejas sp\u0113ku. Regul\u0101ra p\u0101rbaude, t\u012br\u012b\u0161ana, e\u013c\u013co\u0161ana un bl\u012bv\u0113juma nomai\u0146a ir b\u016btiskas apkopes metodes, k\u0101 ar\u012b lietot\u0101ja rokasgr\u0101matas iev\u0113ro\u0161ana. Regul\u0101ras p\u0101rbaudes un remonts pal\u012bdz nodro\u0161in\u0101t cilindra optim\u0101lu st\u0101vokli.<\/p>\n<p><img decoding=\"async\" src=\"https:\/\/hzpt.com\/wp-content\/uploads\/2023\/11\/Inverted-Telescopic-Cylinder-6.webp\" alt=\"\" title=\"\"><\/p>\n<\/div>\n<h2>Apgriezts teleskopiskais cilindrs<\/h2>\n<ul>\n<li style=\"list-style-type: none;\">\n<ul>\n<li>Ievads<\/li>\n<\/ul>\n<\/li>\n<\/ul>\n<p>Apgriezts teleskopiskais cilindrs ir hidraulisk\u0101 cilindra veids, ko parasti izmanto pa\u0161izg\u0101z\u0113jos un cit\u0101s smag\u0101s ma\u0161\u012bn\u0101s. T\u0101 unik\u0101lais dizains nodro\u0161ina kompaktu un efekt\u012bvu darb\u012bbu, padarot to par popul\u0101ru izv\u0113li da\u017e\u0101d\u0101s nozar\u0113s. R\u016bpn\u012bcas tie\u0161\u0101s p\u0101rdo\u0161anas 10 tonnu hidrauliskais cilindrs. Teleskopiskais hidrauliskais cilindrs pa\u0161izg\u0101z\u0113jam ir viena no popul\u0101r\u0101kaj\u0101m iesp\u0113j\u0101m tirg\u016b m\u016bsdien\u0101s.<\/p>\n<ul>\n<li style=\"list-style-type: none;\">\n<ul>\n<li>Strukt\u016bra un dizains<\/li>\n<\/ul>\n<\/li>\n<\/ul>\n<p>Apgriezt\u0101 teleskopisk\u0101 cilindra strukt\u016bru veido virkne ligzdotu cauru\u013cu, kur liel\u0101k\u0101 caurule atrodas apak\u0161\u0101 un maz\u0101k\u0101 caurule aug\u0161pus\u0113. Cilindrs darbojas, teleskopiski pagarinot un ievelkot \u0161\u012bs caurules. \u0100r\u0113j\u0101 caurule ir savienota ar kravas automa\u0161\u012bnas r\u0101mi, bet iek\u0161\u0113j\u0101 caurule ir savienota ar pa\u0161izg\u0101z\u0113ja platformu, \u013caujot platformu pacelt un nolaist p\u0113c nepiecie\u0161am\u012bbas.<\/p>\n<p>Viena no apgriezt\u0101 teleskopisk\u0101 cilindra unik\u0101laj\u0101m iez\u012bm\u0113m ir t\u0101 sp\u0113ja ievilkties sev\u012b, padarot to daudz kompakt\u0101ku un efekt\u012bv\u0101ku nek\u0101 cita veida hidrauliskie cilindri. \u0160\u012b konstrukcija nodro\u0161ina ar\u012b liel\u0101ku celtsp\u0113ju, jo kravas svars ir vienm\u0113r\u012bgi sadal\u012bts vis\u0101 cilindra garum\u0101.<\/p>\n<ul>\n<li style=\"list-style-type: none;\">\n<ul>\n<li>Darb\u012bbas princips<\/li>\n<\/ul>\n<\/li>\n<\/ul>\n<p>Apgriezt\u0101 teleskopisk\u0101 cilindra darb\u012bbas princips ir balst\u012bts uz Pask\u0101la spiediena p\u0101rvades likumu. Kad hidrauliskais \u0161\u0137idrums tiek ies\u016bkn\u0113ts cilindr\u0101, tas rada spiedienu, kas liek caurul\u0113m izstiepties un pacelt atkritumu konteineru. Kad \u0161\u0137idrums tiek izlaists, spiediens samazin\u0101s un caurules savelkas, nolai\u017eot atkritumu konteineru atpaka\u013c s\u0101kotn\u0113j\u0101 st\u0101vokl\u012b.<\/p>\n<ul>\n<li style=\"list-style-type: none;\">\n<ul>\n<li>Priek\u0161roc\u012bbas<\/li>\n<\/ul>\n<\/li>\n<\/ul>\n<p>Viena no apgriezt\u0101 teleskopisk\u0101 cilindra galvenaj\u0101m priek\u0161roc\u012bb\u0101m ir t\u0101 kompaktais dizains, kas \u013cauj to viegli uzst\u0101d\u012bt un ietaup\u012bt vietu. Turkl\u0101t vienm\u0113r\u012bgais svara sadal\u012bjums vis\u0101 cilindra garum\u0101 nodro\u0161ina liel\u0101ku celtsp\u0113ju un efekt\u012bv\u0101ku darb\u012bbu. R\u016bpn\u012bcas tie\u0161\u0101s p\u0101rdo\u0161anas 10 tonnu hidrauliskais cilindrs Teleskopiskais hidrauliskais cilindrs pa\u0161izg\u0101z\u0113jam ir lieliska iesp\u0113ja tiem, kas mekl\u0113 uzticamu un efekt\u012bvu hidraulisko cilindru.<\/p>\n<ul>\n<li style=\"list-style-type: none;\">\n<ul>\n<li>Pieteikumi<\/li>\n<\/ul>\n<\/li>\n<\/ul>\n<p>Apgriezts teleskopiskais cilindrs parasti tiek izmantots pa\u0161izg\u0101z\u0113jos un cit\u0101s smag\u0101s ma\u0161\u012bn\u0101s, kur nepiecie\u0161ams kompakts un efekt\u012bvs pacel\u0161anas meh\u0101nisms. To izmanto ar\u012b da\u017e\u0101d\u0101s cit\u0101s lietojumprogramm\u0101s, piem\u0113ram, lauksaimniec\u012bbas ma\u0161\u012bn\u0101s, celtniec\u012bbas iek\u0101rt\u0101s un kalnr\u016bpniec\u012bbas ma\u0161\u012bn\u0101s.<\/p>\n<h3>Par FMP<\/h3>\n<p>FMP ir uz\u0146\u0113mums, kas specializ\u0113jas hidraulisko cilindru ra\u017eo\u0161an\u0101 un p\u0101rdo\u0161an\u0101. Ar daudzu gadu pieredzi nozar\u0113 un profesion\u0101lu komandu m\u0113s nodro\u0161in\u0101m klientus ar augstas kvalit\u0101tes un uzticamiem hidrauliskajiem cilindriem celtniec\u012bbas tehnikai.<\/p>\n<p><img decoding=\"async\" src=\"https:\/\/fmp-components.com\/wp-content\/uploads\/2024\/12\/Adjustable-Clevis-Type-Cylinders-6.webp\" alt=\"Regul\u0113jams skavu tipa cilindrs\" width=\"843\" title=\"\"><\/p>\n<p>\u0160eit ir pieci iemesli, k\u0101p\u0113c jums vajadz\u0113tu izv\u0113l\u0113ties m\u016bsu hidrauliskos cilindrus:<\/p>\n<ol>\n<li><strong>Da\u017e\u0101du produktu kl\u0101sts:<\/strong> M\u0113s pied\u0101v\u0101jam pla\u0161u hidraulisko cilindru kl\u0101stu, kas apmierina da\u017e\u0101das b\u016bvniec\u012bbas tehnikas nozares vajadz\u012bbas. M\u016bsu kl\u0101st\u0101 ietilpst regul\u0113jami cilindri ar skavu, metin\u0101ti cilindri, cilindri ar stie\u0146iem un citi.<\/li>\n<li><strong>Augst\u0101k\u0101 kvalit\u0101te:<\/strong> M\u0113s nodro\u0161in\u0101m, ka visi m\u016bsu hidrauliskie cilindri atbilst stingriem kvalit\u0101tes standartiem. Katrs cilindrs ir izgatavots ar precizit\u0101ti un uzman\u012bbu deta\u013c\u0101m, garant\u0113jot izcilu veiktsp\u0113ju un iztur\u012bbu.<\/li>\n<li><strong>Uzticama veiktsp\u0113ja:<\/strong> M\u016bsu hidrauliskie cilindri ir izstr\u0101d\u0101ti, lai nodro\u0161in\u0101tu past\u0101v\u012bgu un uzticamu veiktsp\u0113ju pat sare\u017e\u0123\u012btos darba apst\u0101k\u013cos. Tie ir veidoti, lai iztur\u0113tu lielas slodzes un nodro\u0161in\u0101tu vienm\u0113r\u012bgu darb\u012bbu.<\/li>\n<li><strong>P\u0101rdo\u0161anas ekspertu komanda:<\/strong> M\u016bsu pieredz\u0113ju\u0161\u0101 p\u0101rdo\u0161anas komanda labi p\u0101rzina celtniec\u012bbas tehnikas nozari un izprot klientu vajadz\u012bbas. Vi\u0146i var sniegt profesion\u0101las konsult\u0101cijas par produktiem, atbild\u0113t uz visiem j\u016bsu jaut\u0101jumiem un pied\u0101v\u0101t p\u0101rdom\u0101tus pirk\u0161anas ieteikumus.<\/li>\n<li><strong>Efekt\u012bva lo\u0123istika:<\/strong> Mums ir efekt\u012bva lo\u0123istikas izplat\u012b\u0161anas sist\u0113ma, lai nodro\u0161in\u0101tu, ka j\u016bs savlaic\u012bgi un prec\u012bzi sa\u0146emat nepiecie\u0161amos hidrauliskos cilindrus. M\u0113s saprotam d\u012bkst\u0101ves laika samazin\u0101\u0161anas noz\u012bmi un cen\u0161amies nodro\u0161in\u0101t \u0101tru pieg\u0101di.<\/li>\n<\/ol>\n<p>Izv\u0113lieties FMP, lai ieg\u0101d\u0101tos augst\u0101k\u0101s kvalit\u0101tes hidrauliskos cilindrus, kas atbild\u012bs j\u016bsu celtniec\u012bbas tehnikas vajadz\u012bb\u0101m. Sazinieties ar mums jau \u0161odien, lai p\u0101rrun\u0101tu savas pras\u012bbas, un \u013caujiet m\u016bsu komandai pal\u012bdz\u0113t jums atrast perfektu hidraulisko cilindru risin\u0101jumu.<\/p>\n<p>Autors: CX<\/p>","protected":false},"excerpt":{"rendered":"<p>Factory Direct Sale 10 Ton Hydraulic Cylinder Telescopic Hydraulic Cylinder For Dump Truck The Factory Direct Sale 10 Ton Hydraulic Cylinder Telescopic Hydraulic Cylinder For Dump Truck is a high-quality hydraulic cylinder designed to withstand heavy loads and harsh operating conditions. It is specifically engineered for dump trucks and other heavy-duty applications. This hydraulic cylinder [&hellip;]<\/p>","protected":false},"featured_media":1684,"comment_status":"closed","ping_status":"closed","template":"","meta":{"_et_pb_use_builder":"","_et_pb_old_content":"","_et_gb_content_width":""},"product_brand":[],"product_cat":[45],"product_tag":[34,48],"class_list":{"0":"post-1683","1":"product","2":"type-product","3":"status-publish","4":"has-post-thumbnail","6":"product_cat-inverted-telescopic-cylinder","7":"product_tag-hydraulic-cylinder","8":"product_tag-inverted-telescopic-cylinder","10":"first","11":"instock","12":"product-type-simple"},"_links":{"self":[{"href":"https:\/\/fmp-components.com\/lv\/wp-json\/wp\/v2\/product\/1683","targetHints":{"allow":["GET"]}}],"collection":[{"href":"https:\/\/fmp-components.com\/lv\/wp-json\/wp\/v2\/product"}],"about":[{"href":"https:\/\/fmp-components.com\/lv\/wp-json\/wp\/v2\/types\/product"}],"replies":[{"embeddable":true,"href":"https:\/\/fmp-components.com\/lv\/wp-json\/wp\/v2\/comments?post=1683"}],"wp:featuredmedia":[{"embeddable":true,"href":"https:\/\/fmp-components.com\/lv\/wp-json\/wp\/v2\/media\/1684"}],"wp:attachment":[{"href":"https:\/\/fmp-components.com\/lv\/wp-json\/wp\/v2\/media?parent=1683"}],"wp:term":[{"taxonomy":"product_brand","embeddable":true,"href":"https:\/\/fmp-components.com\/lv\/wp-json\/wp\/v2\/product_brand?post=1683"},{"taxonomy":"product_cat","embeddable":true,"href":"https:\/\/fmp-components.com\/lv\/wp-json\/wp\/v2\/product_cat?post=1683"},{"taxonomy":"product_tag","embeddable":true,"href":"https:\/\/fmp-components.com\/lv\/wp-json\/wp\/v2\/product_tag?post=1683"}],"curies":[{"name":"wp","href":"https:\/\/api.w.org\/{rel}","templated":true}]}}