{"id":1679,"date":"2024-12-23T07:01:59","date_gmt":"2024-12-23T07:01:59","guid":{"rendered":"https:\/\/fmp-components.com\/product\/the-latest-design-long-stroke-10-ton-hydraulic-cylinder-hydraulic-ram-cylinder-for-dump-truck\/"},"modified":"2025-03-11T06:03:13","modified_gmt":"2025-03-11T06:03:13","slug":"the-latest-design-long-stroke-10-ton-hydraulic-cylinder-hydraulic-ram-cylinder-for-dump-truck","status":"publish","type":"product","link":"https:\/\/fmp-components.com\/lv\/product\/the-latest-design-long-stroke-10-ton-hydraulic-cylinder-hydraulic-ram-cylinder-for-dump-truck\/","title":{"rendered":"Jaun\u0101k\u0101 dizaina gar\u0101 g\u0101jiena 10 tonnu hidraulisk\u0101 cilindra hidraulisk\u0101 cilindra pa\u0161izg\u0101z\u0113js"},"content":{"rendered":"<h2>Iepaz\u012bstin\u0101m ar jaun\u0101ko dizainu - 10 tonnu hidraulisk\u0101 cilindra hidraulisk\u0101 cilindra garo g\u0101jienu pa\u0161izg\u0101z\u0113jam<\/h2>\n<p>Jaun\u0101k\u0101 dizaina gar\u0101 g\u0101jiena 10 tonnu hidrauliskais cilindrs pa\u0161izg\u0101z\u0113jam ir augstas kvalit\u0101tes un efekt\u012bvs hidrauliskais cilindrs, kas \u012bpa\u0161i paredz\u0113ts pa\u0161izg\u0101z\u0113jiem. Ar sav\u0101m uzlabotaj\u0101m funkcij\u0101m un izcilo veiktsp\u0113ju \u0161is produkts ir uzticams risin\u0101jums da\u017e\u0101diem pielietojumiem b\u016bvniec\u012bbas un kalnr\u016bpniec\u012bbas nozar\u0113s.<\/p>\n<p><img decoding=\"async\" src=\"https:\/\/hzpt.com\/wp-content\/uploads\/2023\/11\/Inverted-Telescopic-Cylinder-7.webp\" alt=\"\" title=\"\"><\/p>\n<p>Galven\u0101s iez\u012bmes:<br \/>\n1. Augsta kravnes\u012bba: Hidrauliskais cilindrs sp\u0113j iztur\u0113t maksim\u0101lo slodzi 10 tonnas, padarot to piem\u0113rotu lieljaudas oper\u0101cij\u0101m.<br \/>\n2. Gar\u0101 g\u0101jiena konstrukcija: Pateicoties gar\u0101 g\u0101jiena konstrukcijai, \u0161is cilindrs pied\u0101v\u0101 uzlabotu elast\u012bbu un efektivit\u0101ti cel\u0161anas un izg\u0101\u0161anas oper\u0101cij\u0101s.<br \/>\n3. Iztur\u012bga konstrukcija: Izgatavots no augst\u0101k\u0101s kvalit\u0101tes materi\u0101liem, \u0161is hidrauliskais cilindrs ir paredz\u0113ts, lai iztur\u0113tu skarbus apst\u0101k\u013cus un nodro\u0161in\u0101tu ilgsto\u0161u darb\u012bbu.<br \/>\n4. Hidraulisk\u0101 jauda: Cilindrs izmanto hidraulisko jaudu, lai nodro\u0161in\u0101tu vienm\u0113r\u012bgas un prec\u012bzas kust\u012bbas, t\u0101d\u0113j\u0101di garant\u0113jot optim\u0101lu efektivit\u0101ti un kontroli.<br \/>\n5. Vienk\u0101r\u0161a uzst\u0101d\u012b\u0161ana: Pateicoties lietot\u0101jam draudz\u012bgajam dizainam, \u0161o hidraulisko cilindru var viegli uzst\u0101d\u012bt pa\u0161izg\u0101z\u0113jos, samazinot d\u012bkst\u0101ves laiku un palielinot produktivit\u0101ti.<\/p>\n<p>Ieguvumi:<br \/>\n1. Paaugstin\u0101ta produktivit\u0101te: jaun\u0101k\u0101s konstrukcijas gar\u0101 g\u0101jiena 10 tonnu hidrauliskais cilindrs nodro\u0161ina \u0101tr\u0101ku un efekt\u012bv\u0101ku materi\u0101lu izg\u0101\u0161anu, t\u0101d\u0113j\u0101di uzlabojot produktivit\u0101ti darba viet\u0101s.<br \/>\n2. Paaugstin\u0101ta dro\u0161\u012bba: Pateicoties uzticamajai hidrauliskajai sist\u0113mai, \u0161is cilindrs nodro\u0161ina dro\u0161as un kontrol\u0113tas cel\u0161anas un izg\u0101\u0161anas darb\u012bbas, samazinot negad\u012bjumu risku.<br \/>\n3. Izmaksu zi\u0146\u0101 efekt\u012bvs risin\u0101jums: optimiz\u0113jot izg\u0101\u0161anas procesu, \u0161is hidrauliskais cilindrs pal\u012bdz ietaup\u012bt laiku un samazin\u0101t degvielas pat\u0113ri\u0146u, k\u0101 rezult\u0101t\u0101 operatoriem tiek ietaup\u012btas izmaksas.<br \/>\n4. Daudzpus\u012bgs pielietojums: Hidraulisko cilindru var izmantot da\u017e\u0101dos pa\u0161izg\u0101z\u0113ju mode\u013cos, padarot to par daudzpus\u012bgu risin\u0101jumu da\u017e\u0101diem projektiem.<\/p>\n<p>Nosl\u0113gum\u0101 j\u0101saka, ka jaun\u0101k\u0101s konstrukcijas gar\u0101 g\u0101jiena 10 tonnu hidraulisk\u0101 cilindra hidraulisk\u0101 st\u016bm\u0113ja cilindrs pa\u0161izg\u0101z\u0113jam ir lieliska izv\u0113le pa\u0161izg\u0101z\u0113ju operatoriem, kas mekl\u0113 uzticamu un efekt\u012bvu hidraulisko cilindru. Pateicoties t\u0101 uzlabotaj\u0101m funkcij\u0101m, iztur\u012bbai un daudzpus\u012bbai, \u0161is produkts pied\u0101v\u0101 uzlabotu produktivit\u0101ti, dro\u0161\u012bbu un rentabilit\u0101ti pa\u0161izg\u0101z\u0113ju darb\u012bb\u0101s.<\/p>\n<div>\n<h2>Hidraulisk\u0101 cilindra \u012bpa\u0161\u012bbas<\/h2>\n<ul>\n<li>Urbuma izm\u0113rs no 2 l\u012bdz 6 coll\u0101m<\/li>\n<li>Stie\u0146a izm\u0113rs no 1,125 l\u012bdz 4 coll\u0101m<\/li>\n<li>G\u0101jiena izm\u0113rs no 6 l\u012bdz 48 coll\u0101m<\/li>\n<li>Tapas izm\u0113rs no 0,5 l\u012bdz 2 coll\u0101m<\/li>\n<li>Da\u017e\u0101das piesl\u0113gvietu iesp\u0113jas: G\/SAE\/NPT\/M<\/li>\n<\/ul>\n<h2>Hidraulisk\u0101 cilindra pielietojums<\/h2>\n<p>Hidrauliskais cilindrs ir b\u016btiska sast\u0101vda\u013ca pla\u0161\u0101 r\u016bpniecisko pielietojumu kl\u0101st\u0101, tostarp:<\/p>\n<ul>\n<li>Smag\u0101s pa\u0161izg\u0101z\u0113ji<\/li>\n<li>Ma\u0161\u012bnas ra\u017eo\u0161anas r\u016bpn\u012bc\u0101s<\/li>\n<li>Lauksaimniec\u012bbas tehnika<\/li>\n<li>Kalnr\u016bpniec\u012bbas iek\u0101rtas<\/li>\n<li>Celtniec\u012bbas tehnika<\/li>\n<\/ul>\n<p><img decoding=\"async\" src=\"https:\/\/hzpt.com\/wp-content\/uploads\/2023\/11\/Inverted-Telescopic-Cylinder-Applications.webp\" alt=\"Hidraulisk\u0101 cilindra pielietojums\" title=\"\"><\/p>\n<h2>Hidraulisk\u0101 cilindra darb\u012bbas princips un apkope<\/h2>\n<p>Hidrauliskais cilindrs darbojas p\u0113c hidraulisk\u0101 \u0161\u0137idruma ieejas un izejas sp\u0113ka principa. Tas sast\u0101v no cilindra korpusa, virzu\u013ca un virzu\u013ca stie\u0146a. Virzulis sadala cilindra iek\u0161pusi div\u0101s kamer\u0101s. Kad hidrauliskais \u0161\u0137idrums tiek ies\u016bkn\u0113ts vien\u0101 kamer\u0101, tas rada sp\u0113ku, kas p\u0101rvieto virzuli, iedarbojoties uz virzu\u013ca stieni un p\u0101rvietojot slodzi. Regul\u0101ra apkope ir b\u016btiska, lai nodro\u0161in\u0101tu hidraulisk\u0101 cilindra optim\u0101lu veiktsp\u0113ju un ilgm\u016b\u017e\u012bbu. Tas ietver regul\u0101ras p\u0101rbaudes, t\u012br\u012b\u0161anu, e\u013c\u013co\u0161anu, bl\u012bv\u0113jumu nomai\u0146u un lietot\u0101ja rokasgr\u0101matas iev\u0113ro\u0161anu.<\/p>\n<p><img decoding=\"async\" src=\"https:\/\/hzpt.com\/wp-content\/uploads\/2023\/11\/Inverted-Telescopic-Cylinder-16.webp\" alt=\"\" title=\"\"><\/p>\n<\/div>\n<h2>Apgriezts teleskopiskais cilindrs<\/h2>\n<p>Apgrieztais teleskopiskais cilindrs ir unik\u0101la hidraulisk\u0101 cilindra konstrukcija, kas pied\u0101v\u0101 izcilu veiktsp\u0113ju un daudzpus\u012bbu da\u017e\u0101dos pielietojumos. Ar savu jaun\u0101ko dizainu \u2014 gar\u0101 g\u0101jiena 10 tonnu hidraulisko cilindru pa\u0161izg\u0101z\u0113jiem \u2014 tas ir revolucioniz\u0113jis nozari, nodro\u0161inot uzlabotas funkcijas un uzlabotu efektivit\u0101ti.<\/p>\n<p>1. Uzlabota nestsp\u0113ja un stabilit\u0101te:<\/p>\n<p>Jaun\u0101k\u0101 dizaina gar\u0101 g\u0101jiena 10 tonnu hidrauliskais cilindrs pa\u0161izg\u0101z\u0113jam ir \u012bpa\u0161i izstr\u0101d\u0101ts, lai iztur\u0113tu lielas slodzes un nodro\u0161in\u0101tu uzticamu stabilit\u0101ti. Pateicoties t\u0101 modernajai konstrukcijai un materi\u0101liem, tas var viegli tikt gal\u0101 ar vissare\u017e\u0123\u012bt\u0101kajiem uzdevumiem. Cilindra konstrukcija nodro\u0161ina maksim\u0101lu nestsp\u0113ju, padarot to ide\u0101li piem\u0113rotu lieljaudas lietojumiem, piem\u0113ram, pa\u0161izg\u0101z\u0113jiem.<\/p>\n<p>2. Pagarin\u0101ts g\u0101jiena garums:<\/p>\n<p>Viena no apgriezt\u0101 teleskopisk\u0101 cilindra galvenaj\u0101m iez\u012bm\u0113m ir t\u0101 ilgais g\u0101jiena garums. Jaun\u0101k\u0101 dizaina 10 tonnu hidraulisk\u0101 cilindra hidraulisk\u0101 hidraulisk\u0101 trie\u010da cilindrs pa\u0161izg\u0101z\u0113jam pied\u0101v\u0101 pagarin\u0101tu g\u0101jiena garumu, kas nodro\u0161ina lab\u0101ku kontroli un precizit\u0101ti da\u017e\u0101d\u0101s darb\u012bb\u0101s. \u0160is palielin\u0101tais g\u0101jiena garums \u013cauj efekt\u012bvi izg\u0101zt materi\u0101lus, samazinot katram ciklam nepiecie\u0161amo laiku un p\u016bles.<\/p>\n<p>3. Uzlabota bl\u012bv\u0113\u0161anas tehnolo\u0123ija:<\/p>\n<p>Apgrieztais teleskopiskais cilindrs ietver sev\u012b jaun\u0101k\u0101s bl\u012bv\u0113\u0161anas tehnolo\u0123ijas, lai nodro\u0161in\u0101tu optim\u0101lu veiktsp\u0113ju un iztur\u012bbu. Jaun\u0101k\u0101 dizaina gar\u0101 g\u0101jiena 10 tonnu hidraulisk\u0101 cilindra hidraulisk\u0101 hidraulisk\u0101 trie\u010da cilindrs pa\u0161izg\u0101z\u0113jam izmanto uzlabotus bl\u012bv\u0113\u0161anas materi\u0101lus un metodes, lai nov\u0113rstu nopl\u016bdes un uztur\u0113tu nemain\u012bgu hidraulisko spiedienu. \u0160\u012b uzlabot\u0101 bl\u012bv\u0113\u0161anas tehnolo\u0123ija samazina apkopes pras\u012bbas un pagarina cilindra kalpo\u0161anas laiku, t\u0101d\u0113j\u0101di ietaupot izmaksas gala lietot\u0101jam.<\/p>\n<p>4. Prec\u012bz\u0101 in\u017eenierija un ra\u017eo\u0161ana:<\/p>\n<p>Jaun\u0101k\u0101 dizaina gar\u0101 g\u0101jiena 10 tonnu hidrauliskais cilindrs pa\u0161izg\u0101z\u0113jam ir r\u016bp\u012bgi izstr\u0101d\u0101ts un ra\u017eots atbilsto\u0161i augst\u0101kajiem standartiem. Cilindrs tiek pak\u013cauts stingr\u0101m kvalit\u0101tes kontroles proced\u016br\u0101m, lai nodro\u0161in\u0101tu izcilu veiktsp\u0113ju un uzticam\u012bbu. Katra deta\u013ca ir prec\u012bzi apstr\u0101d\u0101ta un salikta, piev\u0113r\u0161ot visliel\u0101ko uzman\u012bbu deta\u013c\u0101m, garant\u0113jot vienm\u0113r\u012bgu darb\u012bbu un ilgsto\u0161u veiktsp\u0113ju.<\/p>\n<p>5. Daudzpus\u012bgas lietojumprogrammas:<\/p>\n<p>Apgrieztais teleskopiskais cilindrs tiek izmantots pla\u0161\u0101 nozaru un ma\u0161\u012bnu kl\u0101st\u0101. T\u0101 piel\u0101gojam\u012bba un veiktsp\u0113ja padara to piem\u0113rotu pa\u0161izg\u0101z\u0113jiem, celt\u0146iem, lauksaimniec\u012bbas tehnikai un da\u017e\u0101d\u0101m cit\u0101m smagaj\u0101m ma\u0161\u012bn\u0101m. Jaun\u0101k\u0101 dizaina gar\u0101 g\u0101jiena 10 tonnu hidrauliskais cilindrs pa\u0161izg\u0101z\u0113jam pied\u0101v\u0101 nep\u0101rsp\u0113jamu daudzpus\u012bbu, \u013caujot tam apmierin\u0101t da\u017e\u0101du pielietojumu pras\u012bbas.<\/p>\n<p>Kopum\u0101 apgrieztais teleskopiskais cilindrs, \u012bpa\u0161i jaun\u0101k\u0101s konstrukcijas gar\u0101 g\u0101jiena 10 tonnu hidraulisk\u0101 cilindra hidrauliskais hidrauliskais st\u016bmnis pa\u0161izg\u0101z\u0113jiem, ir apliecin\u0101jums hidraulisko cilindru tehnolo\u0123ijas att\u012bst\u012bbai. T\u0101 inovat\u012bv\u0101s funkcijas, uzlabot\u0101 nestsp\u0113ja, pagarin\u0101tais g\u0101jiena garums, uzlabot\u0101 bl\u012bv\u0113\u0161anas tehnolo\u0123ija, prec\u012bz\u0101 in\u017eenierija un daudzpus\u012bgais pielietojums padara to par ide\u0101lu izv\u0113li nozar\u0113m, kas mekl\u0113 augstas veiktsp\u0113jas hidrauliskos risin\u0101jumus.<\/p>\n<h3>Par FMP<\/h3>\n<p>FMP ir uz\u0146\u0113mums, kas specializ\u0113jas hidraulisko cilindru ra\u017eo\u0161an\u0101 un p\u0101rdo\u0161an\u0101. Atrodamies It\u0101lij\u0101, mums ir daudzu gadu pieredze nozar\u0113 un profesion\u0101la komanda, kas ir ap\u0146\u0113musies nodro\u0161in\u0101t m\u016bsu klientus ar augstas kvalit\u0101tes un uzticamiem hidrauliskajiem cilindriem.<\/p>\n<p><img decoding=\"async\" src=\"https:\/\/fmp-components.com\/wp-content\/uploads\/2024\/12\/Adjustable-Clevis-Type-Cylinders-6.webp\" alt=\"Regul\u0113jams skavu tipa cilindrs\" width=\"841\" title=\"\"><\/p>\n<p>\u0160eit ir pieci iemesli, k\u0101p\u0113c jums vajadz\u0113tu izv\u0113l\u0113ties m\u016bsu hidrauliskos cilindrus:<\/p>\n<ol>\n<li>Pla\u0161s iesp\u0113ju kl\u0101sts: M\u0113s pied\u0101v\u0101jam pla\u0161u hidraulisko cilindru kl\u0101stu, tostarp regul\u0113jamus skavu tipa cilindrus, kas nodro\u0161ina elast\u012bbu da\u017e\u0101dos pielietojumos.<\/li>\n<li>Izcila kvalit\u0101te: Visi m\u016bsu hidrauliskie cilindri ir ra\u017eoti atbilsto\u0161i stingriem kvalit\u0101tes standartiem, nodro\u0161inot to iztur\u012bbu un veiktsp\u0113ju.<\/li>\n<li>Ekspertu konsult\u0101cijas: M\u016bsu pieredz\u0113ju\u0161\u0101 p\u0101rdo\u0161anas komanda p\u0101rzina celtniec\u012bbas tehnikas nozari un var sniegt profesion\u0101las produktu konsult\u0101cijas, lai apmierin\u0101tu j\u016bsu \u012bpa\u0161\u0101s vajadz\u012bbas.<\/li>\n<li>Viedi pirk\u0161anas ieteikumi: M\u0113s izprotam klientu vajadz\u012bbas un sniedzam viedus pirk\u0161anas ieteikumus, lai pal\u012bdz\u0113tu jums pie\u0146emt p\u0101rdom\u0101tus l\u0113mumus.<\/li>\n<li>Efekt\u012bva lo\u0123istika: Ar m\u016bsu efekt\u012bvo lo\u0123istikas izplat\u012b\u0161anas sist\u0113mu m\u0113s nodro\u0161in\u0101m, ka j\u016bs savlaic\u012bgi un prec\u012bzi sa\u0146emsiet nepiecie\u0161amos hidrauliskos cilindrus.<\/li>\n<\/ol>\n<p>FMP m\u0113s cen\u0161amies p\u0101rsniegt klientu cer\u012bbas ar m\u016bsu augst\u0101k\u0101s kvalit\u0101tes hidrauliskajiem cilindriem un izcilu servisu. Sazinieties ar mums jau \u0161odien, lai sa\u0146emtu visu nepiecie\u0161amo inform\u0101ciju par hidrauliskajiem cilindriem!<\/p>\n<p>Autors: CX<\/p>","protected":false},"excerpt":{"rendered":"<p>Introducing the Latest Design Long Stroke 10 Ton Hydraulic Cylinder Hydraulic Ram Cylinder For Dump Truck The Latest Design Long Stroke 10 Ton Hydraulic Cylinder Hydraulic Ram Cylinder For Dump Truck is a high-quality and efficient hydraulic cylinder specifically designed for dump trucks. With its advanced features and superior performance, this product is a reliable [&hellip;]<\/p>","protected":false},"featured_media":1680,"comment_status":"closed","ping_status":"closed","template":"","meta":{"_et_pb_use_builder":"","_et_pb_old_content":"","_et_gb_content_width":""},"product_brand":[],"product_cat":[45],"product_tag":[34,48],"class_list":{"0":"post-1679","1":"product","2":"type-product","3":"status-publish","4":"has-post-thumbnail","6":"product_cat-inverted-telescopic-cylinder","7":"product_tag-hydraulic-cylinder","8":"product_tag-inverted-telescopic-cylinder","10":"first","11":"instock","12":"product-type-simple"},"_links":{"self":[{"href":"https:\/\/fmp-components.com\/lv\/wp-json\/wp\/v2\/product\/1679","targetHints":{"allow":["GET"]}}],"collection":[{"href":"https:\/\/fmp-components.com\/lv\/wp-json\/wp\/v2\/product"}],"about":[{"href":"https:\/\/fmp-components.com\/lv\/wp-json\/wp\/v2\/types\/product"}],"replies":[{"embeddable":true,"href":"https:\/\/fmp-components.com\/lv\/wp-json\/wp\/v2\/comments?post=1679"}],"wp:featuredmedia":[{"embeddable":true,"href":"https:\/\/fmp-components.com\/lv\/wp-json\/wp\/v2\/media\/1680"}],"wp:attachment":[{"href":"https:\/\/fmp-components.com\/lv\/wp-json\/wp\/v2\/media?parent=1679"}],"wp:term":[{"taxonomy":"product_brand","embeddable":true,"href":"https:\/\/fmp-components.com\/lv\/wp-json\/wp\/v2\/product_brand?post=1679"},{"taxonomy":"product_cat","embeddable":true,"href":"https:\/\/fmp-components.com\/lv\/wp-json\/wp\/v2\/product_cat?post=1679"},{"taxonomy":"product_tag","embeddable":true,"href":"https:\/\/fmp-components.com\/lv\/wp-json\/wp\/v2\/product_tag?post=1679"}],"curies":[{"name":"wp","href":"https:\/\/api.w.org\/{rel}","templated":true}]}}