{"id":1675,"date":"2024-12-23T07:00:44","date_gmt":"2024-12-23T07:00:44","guid":{"rendered":"https:\/\/fmp-components.com\/product\/guaranteed-quality-10-ton-long-stroke-telescopic-hydraulic-cylinder\/"},"modified":"2025-03-11T06:09:53","modified_gmt":"2025-03-11T06:09:53","slug":"guaranteed-quality-10-ton-long-stroke-telescopic-hydraulic-cylinder","status":"publish","type":"product","link":"https:\/\/fmp-components.com\/lv\/product\/guaranteed-quality-10-ton-long-stroke-telescopic-hydraulic-cylinder\/","title":{"rendered":"Garant\u0113ta kvalit\u0101te 10 tonnu gar\u0101 g\u0101jiena teleskopiskais hidrauliskais cilindrs"},"content":{"rendered":"<h2>Iepaz\u012bstin\u0101m ar garant\u0113tas kvalit\u0101tes 10 tonnu gar\u0101 g\u0101jiena teleskopisko hidraulisko cilindru<\/h2>\n<p>Garant\u0113t\u0101s kvalit\u0101tes 10 tonnu teleskopiskais hidrauliskais cilindrs ar garu g\u0101jienu ir augstas kvalit\u0101tes produkts, kas paredz\u0113ts da\u017e\u0101diem r\u016bpnieciskiem pielietojumiem. Ar iespaid\u012bgo 10 tonnu celtsp\u0113ju tas pied\u0101v\u0101 izcilu iztur\u012bbu un veiktsp\u0113ju.<\/p>\n<p>\u0160im hidrauliskajam cilindram ir gara g\u0101jiena konstrukcija, kas \u013cauj to izstiept un ievilkt liel\u0101k\u0101 att\u0101lum\u0101 sal\u012bdzin\u0101jum\u0101 ar tradicion\u0101lajiem cilindriem. Tas nodro\u0161ina liel\u0101ku elast\u012bbu un daudzpus\u012bbu da\u017e\u0101dos cel\u0161anas un stum\u0161anas uzdevumos.<\/p>\n<p>Izstr\u0101d\u0101ts, izmantojot prec\u012bzu in\u017eenieriju un progres\u012bvas tehnolo\u0123ijas, garant\u0113t\u0101s kvalit\u0101tes 10 tonnu gar\u0101 g\u0101jiena teleskopiskais hidrauliskais cilindrs nodro\u0161ina vienm\u0113r\u012bgu un efekt\u012bvu darb\u012bbu. Tas ir izstr\u0101d\u0101ts, lai iztur\u0113tu lielas slodzes un ekstrem\u0101lus darba apst\u0101k\u013cus, padarot to \u013coti uzticamu un iztur\u012bgu.<\/p>\n<p>\u0160\u012b hidraulisk\u0101 cilindra teleskopisk\u0101 konstrukcija \u013cauj to pagarin\u0101t vair\u0101kos posmos, nodro\u0161inot uzlabotu daudzpus\u012bbu da\u017e\u0101dos pielietojumos. Tas pied\u0101v\u0101 kompaktu un vietu taupo\u0161u risin\u0101jumu, padarot to ide\u0101li piem\u0113rotu situ\u0101cij\u0101m, kad ir ierobe\u017eota vieta.<\/p>\n<p>Dro\u0161\u012bba ir galven\u0101 priorit\u0101te, lietojot garant\u0113tas kvalit\u0101tes 10 tonnu gar\u0101 g\u0101jiena teleskopisko hidraulisko cilindru. Tas ir apr\u012bkots ar iztur\u012bg\u0101m dro\u0161\u012bbas funkcij\u0101m, tostarp spiediena samazin\u0101\u0161anas v\u0101rstiem un bl\u012bv\u0113m, lai nov\u0113rstu iesp\u0113jamus negad\u012bjumus vai boj\u0101jumus.<\/p>\n<p>\u0160\u012b hidraulisk\u0101 cilindra galven\u0101s iez\u012bmes ir vienk\u0101r\u0161a uzst\u0101d\u012b\u0161ana un apkope. Tas ir paredz\u0113ts \u0113rtai mont\u0101\u017eai un demont\u0101\u017eai, samazinot d\u012bkst\u0101ves laiku un palielinot produktivit\u0101ti. Regul\u0101ra apkope un p\u0101rbaudes ir vienk\u0101r\u0161i uzdevumi, kas nodro\u0161ina optim\u0101lu veiktsp\u0113ju un ilgm\u016b\u017e\u012bbu.<\/p>\n<p>Nosl\u0113gum\u0101 j\u0101saka, ka garant\u0113t\u0101s kvalit\u0101tes 10 tonnu teleskopiskais hidrauliskais cilindrs ar garu g\u0101jienu ir uzticams, augstas veiktsp\u0113jas produkts, kas pied\u0101v\u0101 izcilu iztur\u012bbu un daudzpus\u012bbu. T\u0101 ir ide\u0101la izv\u0113le da\u017e\u0101diem r\u016bpnieciskiem lietojumiem, kur nepiecie\u0161ams iztur\u012bgs un efekt\u012bvs hidrauliskais cilindrs.<\/p>\n<table style=\"width: 100%;\" border=\"1\" width=\"100%\" cellspacing=\"0\" cellpadding=\"0\">\n<tbody>\n<tr>\n<th>Produkta nosaukums<\/th>\n<td>10 tonnu gara g\u0101jiena teleskopiskais hidrauliskais cilindrs<\/td>\n<\/tr>\n<tr>\n<th>St\u0101voklis<\/th>\n<td>Jauns<\/td>\n<\/tr>\n<tr>\n<th>Garantija<\/th>\n<td>1 gads<\/td>\n<\/tr>\n<tr>\n<th>Svars (kg)<\/th>\n<td>43<\/td>\n<\/tr>\n<tr>\n<th>Maksim\u0101l\u0101 vilce<\/th>\n<td>3000<\/td>\n<\/tr>\n<tr>\n<th>Maksim\u0101lais vilk\u0161anas sp\u0113ks<\/th>\n<td>20 tonnas<\/td>\n<\/tr>\n<tr>\n<th>Kr\u0101sa<\/th>\n<td>Elegants melns<\/td>\n<\/tr>\n<tr>\n<th>Iepakojuma iesp\u0113jas<\/th>\n<td>Dzelzs korpuss, sapl\u0101k\u0161\u0146a korpuss, kartona kaste<\/td>\n<\/tr>\n<tr>\n<th>Piem\u0113rojam\u0101s nozares<\/th>\n<td>Ra\u017eo\u0161anas r\u016bpn\u012bcas, Ma\u0161\u012bnu remonta darbn\u012bcas, Lauksaimniec\u012bbas saimniec\u012bbas, Ener\u0123\u0113tika un ieguves r\u016bpniec\u012bba, Ma\u0161\u012bnu r\u016bpn\u012bcas<\/td>\n<\/tr>\n<\/tbody>\n<\/table>\n<h2>10 tonnu gar\u0101 g\u0101jiena teleskopisk\u0101 hidraulisk\u0101 cilindra \u012bpa\u0161\u012bbas<\/h2>\n<p>Pied\u0101v\u0101jot izcilu veiktsp\u0113ju un uzticam\u012bbu, 10 tonnu gar\u0101 g\u0101jiena teleskopiskais hidrauliskais cilindrs ir apr\u012bkots ar \u0161\u0101d\u0101m \u012bpa\u0161\u012bb\u0101m:<\/p>\n<p><img decoding=\"async\" src=\"https:\/\/hzpt.com\/wp-content\/uploads\/2023\/11\/Inverted-Telescopic-Cylinder-10.webp\" alt=\"\" title=\"\"><\/p>\n<ul>\n<li>Standarta virzu\u013ccilindra strukt\u016bra: Nodro\u0161ina iztur\u012bbu un efekt\u012bvu darb\u012bbu.<\/li>\n<li>Hidraulisk\u0101 jauda: Nodro\u0161ina efekt\u012bvu un jaud\u012bgu veiktsp\u0113ju.<\/li>\n<li>T\u0113rauda korpusa materi\u0101ls: nodro\u0161ina iztur\u012bbu un ilgm\u016b\u017e\u012bbu.<\/li>\n<li>Apgriezti teleskopiskie cilindri: pied\u0101v\u0101 uzlabotu funkcionalit\u0101ti, lai apmierin\u0101tu da\u017e\u0101das vajadz\u012bbas.<\/li>\n<li>ISO9001:2000 sertifik\u0101cija: Garant\u0113 kvalit\u0101ti un dro\u0161\u012bbu.<\/li>\n<\/ul>\n<h2>10 tonnu gar\u0101 g\u0101jiena teleskopisk\u0101 hidraulisk\u0101 cilindra pielietojums<\/h2>\n<p>10 tonnu gar\u0101 g\u0101jiena teleskopiskais hidrauliskais cilindrs ir daudzpus\u012bgs un tiek izmantots daudz\u0101s lietojumprogramm\u0101s:<\/p>\n<ul>\n<li>Ra\u017eo\u0161anas r\u016bpn\u012bcas: Lai efekt\u012bvi veiktu lieljaudas uzdevumus.<\/li>\n<li>Ma\u0161\u012bnu remonta darbn\u012bcas: atvieglo un \u0101tru smago ma\u0161\u012bnu remontu.<\/li>\n<li>Fermas: Noder\u012bgas da\u017e\u0101d\u0101m lauksaimniecisk\u0101m darb\u012bb\u0101m.<\/li>\n<li>Ener\u0123\u0113tika un ieguves r\u016bpniec\u012bba: Efekt\u012bva augstspiediena ieguves uzdevumu veik\u0161an\u0101.<\/li>\n<li>Ma\u0161\u012bnu r\u016bpn\u012bcas: b\u016btiskas smago ma\u0161\u012bnu deta\u013cu ra\u017eo\u0161anai un mont\u0101\u017eai.<\/li>\n<\/ul>\n<p><img decoding=\"async\" src=\"https:\/\/hzpt.com\/wp-content\/uploads\/2023\/11\/Inverted-Telescopic-Cylinder-Applications.webp\" alt=\"Apgrieztu teleskopisko cilindru pielietojumi\" title=\"\"><\/p>\n<h2>10 tonnu gar\u0101 g\u0101jiena teleskopisk\u0101 hidraulisk\u0101 cilindra darb\u012bbas princips un apkope<\/h2>\n<p>Hidrauliskais cilindrs darbojas p\u0113c principa, ka hidraulisk\u0101 \u0161\u0137idruma spiediens tiek p\u0101rveidots meh\u0101nisk\u0101 sp\u0113k\u0101. \u0160eit ir da\u017ei galvenie punkti par t\u0101 darb\u012bbu un apkopi:<\/p>\n<ul>\n<li>Konfigur\u0101cija: Cilindrs ir konfigur\u0113ts ar virzuli, cilindra korpusu un bl\u012bv\u0113m.<\/li>\n<li>Hidraulisk\u0101 \u0161\u0137idruma padeve: \u0160\u0137idrums tiek ies\u016bkn\u0113ts cilindr\u0101, izraisot virzu\u013ca kust\u012bbu un radot izejas sp\u0113ku.<\/li>\n<li>Izejas sp\u0113ks: Darba veik\u0161anai tiek izmantots hidraulisk\u0101 \u0161\u0137idruma spiediena rad\u012btais sp\u0113ks.<\/li>\n<li>Regul\u0101ra p\u0101rbaude: Balons regul\u0101ri j\u0101p\u0101rbauda, \u200b\u200bvai nav nodiluma paz\u012bmju.<\/li>\n<li>Bl\u012bvju nomai\u0146a: Bl\u012bves periodiski j\u0101nomaina, lai nov\u0113rstu hidraulisk\u0101 \u0161\u0137idruma nopl\u016bdi.<img decoding=\"async\" src=\"https:\/\/hzpt.com\/wp-content\/uploads\/2023\/11\/Inverted-Telescopic-Cylinder-15.webp\" alt=\"\" title=\"\"><\/li>\n<\/ul>\n<h2>Apgriezts teleskopiskais cilindrs<\/h2>\n<p>Garant\u0113tas kvalit\u0101tes 10 tonnu teleskopiskais hidrauliskais cilindrs ar garu g\u0101jienu ir inovat\u012bva hidraulisk\u0101 sast\u0101vda\u013ca, ko izmanto da\u017e\u0101dos r\u016bpnieciskos pielietojumos. \u0160\u0101da veida cilindrs darbojas p\u0113c hidraulisk\u0101 sp\u0113ka principa un ir paredz\u0113ts, lai nodro\u0161in\u0101tu uzlabotas cel\u0161anas un stum\u0161anas sp\u0113jas. \u0160aj\u0101 rakst\u0101 m\u0113s izp\u0113t\u012bsim apgriezt\u0101 teleskopisk\u0101 cilindra \u012bpa\u0161\u012bbas un priek\u0161roc\u012bbas, iedzi\u013cinoties t\u0101 unik\u0101laj\u0101 dizain\u0101 un funkcionalit\u0101t\u0113s.<\/p>\n<h3>1. B\u016bvniec\u012bba un dizains<\/h3>\n<p>Apgrieztais teleskopiskais cilindrs ir r\u016bp\u012bgi izstr\u0101d\u0101ts ar precizit\u0101ti un uzman\u012bbu deta\u013c\u0101m. Tas sast\u0101v no vair\u0101kiem posmiem vai sekcij\u0101m, kas saliecas un izstiepjas teleskopisk\u0101 veid\u0101, nodro\u0161inot pagarin\u0101tu g\u0101jiena garumu. Katrs posms ir ievietots iepriek\u0161\u0113j\u0101, radot kompaktu dizainu ievilkt\u0101 veid\u0101 un iev\u0113rojamu garumu izvilkt\u0101 veid\u0101.<\/p>\n<p>\u0160\u0101da veida cilindrs ir paz\u012bstams ar savu apgriezto konfigur\u0101ciju, kur liel\u0101k\u0101 platforma ir novietota apak\u0161\u0101, bet maz\u0101k\u0101s platformas ir sakrautas aug\u0161pus\u0113. Apgriezt\u0101 konstrukcija nodro\u0161ina paaugstin\u0101tu stabilit\u0101ti un iztur\u012bbu pret lieces sp\u0113kiem, padarot to piem\u0113rotu lieljaudas lietojumiem.<\/p>\n<h3>2. Uzlabota celtsp\u0113ja<\/h3>\n<p>Apgrieztais teleskopiskais cilindrs pied\u0101v\u0101 izcilu celtsp\u0113ju, pateicoties t\u0101 unik\u0101lajam dizainam. Vair\u0101ki l\u012bme\u0146i nodro\u0161ina iev\u0113rojamu kop\u0113j\u0101s virsmas laukuma palielin\u0101jumu, t\u0101d\u0113j\u0101di radot liel\u0101ku sp\u0113ku. \u0160\u012b konstrukcija \u013cauj cilindram viegli tikt gal\u0101 ar smag\u0101m krav\u0101m, padarot to ide\u0101li piem\u0113rotu lietojumiem, kuros nepiecie\u0161ams pacelt iev\u0113rojamu svaru.<\/p>\n<p>Turkl\u0101t cilindra teleskopisk\u0101 daba \u013cauj pagarin\u0101t g\u0101jiena garumu, neapdraudot t\u0101 kompaktumu. Sp\u0113ja sasniegt gar\u0101ku g\u0101jienu padara to daudzpus\u012bgu da\u017e\u0101d\u0101m cel\u0161anas pras\u012bb\u0101m.<\/p>\n<h3>3. Gar\u0161 g\u0101jiena garums<\/h3>\n<p>Garant\u0113tas kvalit\u0101tes 10 tonnu gar\u0101 g\u0101jiena teleskopiskais hidrauliskais cilindrs ir \u012bpa\u0161i izstr\u0101d\u0101ts, lai nodro\u0161in\u0101tu pagarin\u0101tu g\u0101jiena garumu. Ligzdot\u0101s pak\u0101pes \u013cauj cilindram sasniegt iev\u0113rojami gar\u0101ku g\u0101jiena garumu nek\u0101 t\u0101 ievilkts garums. \u0160\u012b funkcija ir priek\u0161roc\u012bba lietojumos, kur nepiecie\u0161ams liel\u0101ks sniedzam\u012bbas att\u0101lums vai g\u0101jiens.<\/p>\n<p>Neatkar\u012bgi no t\u0101, vai tas ir b\u016bvniec\u012bb\u0101, ra\u017eo\u0161an\u0101 vai cit\u0101s r\u016bpniec\u012bbas nozar\u0113s, apgriezt\u0101 teleskopisk\u0101 cilindra lielais g\u0101jiena garums nodro\u0161ina prec\u012bzu pozicion\u0113\u0161anu un efekt\u012bvu darb\u012bbu. Tas nov\u0113r\u0161 nepiecie\u0161am\u012bbu p\u0113c papildu hidraulisk\u0101m komponent\u0113m, samazinot sare\u017e\u0123\u012bt\u012bbu un izmaksas.<\/p>\n<h3>4. Iztur\u012bba un uzticam\u012bba<\/h3>\n<p>Garant\u0113ta kvalit\u0101te ir \u0161\u012b 10 tonnu gar\u0101 g\u0101jiena teleskopisk\u0101 hidraulisk\u0101 cilindra galven\u0101 iez\u012bme. Cilindrs ir izgatavots, izmantojot augstas kvalit\u0101tes materi\u0101lus, kas nodro\u0161ina iztur\u012bbu un ilgm\u016b\u017e\u012bbu. Tas ir paredz\u0113ts, lai iztur\u0113tu lielas slodzes, skarbu vidi un atk\u0101rtotu lieto\u0161anu, padarot to par iztur\u012bgu un uzticamu izv\u0113li r\u016bpnieciskiem lietojumiem.<\/p>\n<p>Turkl\u0101t cilindra apgriezt\u0101 konfigur\u0101cija uzlabo t\u0101 stabilit\u0101ti un iztur\u012bbu pret \u0101r\u0113jiem sp\u0113kiem. \u0160\u012b konstrukcijas \u012bpa\u0161\u012bba veicina t\u0101 ilgm\u016b\u017e\u012bbu un samazina boj\u0101jumu risku, garant\u0113jot uzticamu darb\u012bbu ilg\u0101k\u0101 laika period\u0101.<\/p>\n<h3>Secin\u0101jums<\/h3>\n<p>Rezum\u0113jot, apgrieztais teleskopiskais cilindrs ir iev\u0113rojama hidraulisk\u0101 sast\u0101vda\u013ca, kas pied\u0101v\u0101 uzlabotu celtsp\u0113ju, lielu g\u0101jiena garumu un garant\u0113tu kvalit\u0101ti. T\u0101 unik\u0101lais dizains un izcil\u0101s funkcijas padara to piem\u0113rotu pla\u0161am r\u016bpniecisko pielietojumu kl\u0101stam.<\/p>\n<p>Neatkar\u012bgi no t\u0101, vai jums nepiecie\u0161ama prec\u012bza cel\u0161ana, palielin\u0101ts sniedzam\u012bbas att\u0101lums vai iztur\u012bgs hidrauliskais risin\u0101jums, apgrieztais teleskopiskais cilindrs ar garant\u0113tu kvalit\u0101ti un 10 tonnu garu g\u0101jienu ir uzticama izv\u0113le. T\u0101 inovat\u012bvais dizains un izcil\u0101 veiktsp\u0113ja neap\u0161aub\u0101mi atbild\u012bs un p\u0101rsniegs j\u016bsu hidraulisk\u0101s sist\u0113mas pras\u012bbas.<\/p>\n<h3>Par FMP \u2013 hidraulisko cilindru<\/h3>\n<p>FMP ir vado\u0161ais uz\u0146\u0113mums, kas specializ\u0113jas celtniec\u012bbas tehnikas deta\u013cu un pilnu iek\u0101rtu ra\u017eo\u0161an\u0101 un p\u0101rdo\u0161an\u0101. Ar daudzu gadu pieredzi nozar\u0113 un profesion\u0101lu komandu m\u0113s nodro\u0161in\u0101m klientiem augstas kvalit\u0101tes un uzticamus celtniec\u012bbas tehnikas risin\u0101jumus. FMP m\u0113s pied\u0101v\u0101jam pla\u0161u produktu kl\u0101stu, tostarp hidrauliskos cilindrus, lauksaimniec\u012bbas tehnikas p\u0101rnesumk\u0101rbas, planet\u0101r\u0101s p\u0101rnesumk\u0101rbas, r\u016bpniecisk\u0101s p\u0101rnesumk\u0101rbas, lauksaimniec\u012bbas tehnikas deta\u013cas un virkni augst\u0101k\u0101 l\u012bme\u0146a piederumu, kas tiem atbilst.<\/p>\n<p>\u0160eit ir da\u017ei iemesli, k\u0101p\u0113c jums vajadz\u0113tu izv\u0113l\u0113ties m\u016bsu pied\u0101v\u0101tos hidraulisko cilindru produktus:<\/p>\n<p>1. Augsta kvalit\u0101te: M\u0113s sadarbojamies ar augstas kvalit\u0101tes pieg\u0101d\u0101t\u0101jiem gan viet\u0113j\u0101, gan starptautisk\u0101 m\u0113rog\u0101, lai nodro\u0161in\u0101tu, ka pieg\u0101d\u0101jam tikai deta\u013cas, kas atbilst stingriem kvalit\u0101tes standartiem. M\u016bsu hidrauliskie cilindri ir iztur\u012bgi, uzticami un izstr\u0101d\u0101ti, lai nodro\u0161in\u0101tu optim\u0101lu veiktsp\u0113ju vissare\u017e\u0123\u012bt\u0101kajos apst\u0101k\u013cos.<\/p>\n<p>2. Profesion\u0101la p\u0101rdo\u0161anas komanda: M\u016bsu p\u0101rdo\u0161anas komandu veido pieredz\u0113ju\u0161i un prasm\u012bgi speci\u0101listi ar padzi\u013cin\u0101t\u0101m zin\u0101\u0161an\u0101m b\u016bvniec\u012bbas tehnikas nozar\u0113. Vi\u0146i vienm\u0113r ir gatavi sniegt klientiem profesion\u0101las konsult\u0101cijas par produktiem un p\u0101rdom\u0101tus pirk\u0161anas ieteikumus.<\/p>\n<p>3. Efekt\u012bva lo\u0123istikas izplat\u012b\u0161ana: Mums ir efekt\u012bva lo\u0123istikas izplat\u012b\u0161anas sist\u0113ma, kas nodro\u0161ina, ka klienti savlaic\u012bgi un prec\u012bzi sa\u0146em nepiecie\u0161am\u0101s deta\u013cas. Kad veiksiet pas\u016bt\u012bjumu pie mums, m\u0113s nodro\u0161in\u0101sim, ka tas tiks pieg\u0101d\u0101ts jums p\u0113c iesp\u0113jas \u0101tr\u0101k.<\/p>\n<p>4. Piel\u0101gojami: m\u016bsu hidrauliskie cilindri ir \u013coti piel\u0101gojami, un m\u0113s varam tos piel\u0101got atbilsto\u0161i m\u016bsu klientu \u012bpa\u0161aj\u0101m vajadz\u012bb\u0101m un pras\u012bb\u0101m. M\u0113s pied\u0101v\u0101jam da\u017e\u0101das iesp\u0113jas, piem\u0113ram, regul\u0113jamus cilindrus ar skavu, cilindrus ar \u0161arn\u012brsavienojumu, metin\u0101tus cilindrus un citus.<\/p>\n<p>5. Konkur\u0113tsp\u0113j\u012bgas cenas: FMP m\u0113s pied\u0101v\u0101jam savus produktus par konkur\u0113tsp\u0113j\u012bg\u0101m cen\u0101m. M\u0113s uzskat\u0101m, ka augstas kvalit\u0101tes produktiem nevajadz\u0113tu b\u016bt p\u0101rsp\u012bl\u0113ti augst\u0101m cen\u0101m. M\u016bsu m\u0113r\u0137is ir nodro\u0161in\u0101t m\u016bsu klientiem vislab\u0101ko cenas un v\u0113rt\u012bbas attiec\u012bbu.<\/p>\n<p>Nosl\u0113gum\u0101 j\u0101saka, ka, ja mekl\u0113jat uzticamus un augstas kvalit\u0101tes hidrauliskos cilindrus, FMP ir j\u016bsu lab\u0101k\u0101 izv\u0113le. M\u016bsu produkti ir iztur\u012bgi, uzticami un izstr\u0101d\u0101ti, lai nodro\u0161in\u0101tu optim\u0101lu veiktsp\u0113ju vissare\u017e\u0123\u012bt\u0101kajos apst\u0101k\u013cos. Sazinieties ar mums jau \u0161odien, lai uzzin\u0101tu vair\u0101k par m\u016bsu produktiem un pakalpojumiem.<\/p>\n<p><img decoding=\"async\" src=\"https:\/\/fmp-components.com\/wp-content\/uploads\/2024\/12\/Adjustable-Clevis-Type-Cylinders-6.webp\" alt=\"Regul\u0113jams skavu tipa cilindrs\" width=\"839\" title=\"\"><br \/>\nAutors: CX<\/p>","protected":false},"excerpt":{"rendered":"<p>Introducing the Guaranteed Quality 10 Ton Long Stroke Telescopic Hydraulic Cylinder The Guaranteed Quality 10 Ton Long Stroke Telescopic Hydraulic Cylinder is a high-quality product designed for various industrial applications. With its impressive lifting capacity of 10 tons, it offers exceptional strength and performance. This hydraulic cylinder features a long stroke design, enabling it to [&hellip;]<\/p>","protected":false},"featured_media":1676,"comment_status":"closed","ping_status":"closed","template":"","meta":{"_et_pb_use_builder":"","_et_pb_old_content":"","_et_gb_content_width":""},"product_brand":[],"product_cat":[45],"product_tag":[34,48],"class_list":{"0":"post-1675","1":"product","2":"type-product","3":"status-publish","4":"has-post-thumbnail","6":"product_cat-inverted-telescopic-cylinder","7":"product_tag-hydraulic-cylinder","8":"product_tag-inverted-telescopic-cylinder","10":"first","11":"instock","12":"product-type-simple"},"_links":{"self":[{"href":"https:\/\/fmp-components.com\/lv\/wp-json\/wp\/v2\/product\/1675","targetHints":{"allow":["GET"]}}],"collection":[{"href":"https:\/\/fmp-components.com\/lv\/wp-json\/wp\/v2\/product"}],"about":[{"href":"https:\/\/fmp-components.com\/lv\/wp-json\/wp\/v2\/types\/product"}],"replies":[{"embeddable":true,"href":"https:\/\/fmp-components.com\/lv\/wp-json\/wp\/v2\/comments?post=1675"}],"wp:featuredmedia":[{"embeddable":true,"href":"https:\/\/fmp-components.com\/lv\/wp-json\/wp\/v2\/media\/1676"}],"wp:attachment":[{"href":"https:\/\/fmp-components.com\/lv\/wp-json\/wp\/v2\/media?parent=1675"}],"wp:term":[{"taxonomy":"product_brand","embeddable":true,"href":"https:\/\/fmp-components.com\/lv\/wp-json\/wp\/v2\/product_brand?post=1675"},{"taxonomy":"product_cat","embeddable":true,"href":"https:\/\/fmp-components.com\/lv\/wp-json\/wp\/v2\/product_cat?post=1675"},{"taxonomy":"product_tag","embeddable":true,"href":"https:\/\/fmp-components.com\/lv\/wp-json\/wp\/v2\/product_tag?post=1675"}],"curies":[{"name":"wp","href":"https:\/\/api.w.org\/{rel}","templated":true}]}}