{"id":1671,"date":"2024-12-23T07:00:44","date_gmt":"2024-12-23T07:00:44","guid":{"rendered":"https:\/\/fmp-components.com\/product\/cost-effective-double-acting-hydraulic-cylinder-dump-truck-telescopic-hydraulic-cylinder\/"},"modified":"2025-03-11T05:47:09","modified_gmt":"2025-03-11T05:47:09","slug":"cost-effective-double-acting-hydraulic-cylinder-dump-truck-telescopic-hydraulic-cylinder","status":"publish","type":"product","link":"https:\/\/fmp-components.com\/lv\/product\/cost-effective-double-acting-hydraulic-cylinder-dump-truck-telescopic-hydraulic-cylinder\/","title":{"rendered":"Rentabls divk\u0101r\u0161as darb\u012bbas hidrauliskais cilindrs pa\u0161izg\u0101z\u0113ja teleskopiskajam hidrauliskajam cilindram"},"content":{"rendered":"<h2>Iepaz\u012bstin\u0101m ar rentablu divk\u0101r\u0161as darb\u012bbas hidraulisko cilindru pa\u0161izg\u0101z\u0113jiem<\/h2>\n<p>Izmaksu zi\u0146\u0101 efekt\u012bvais divk\u0101r\u0161\u0101s darb\u012bbas hidrauliskais cilindrs ir augstas kvalit\u0101tes un uzticams hidrauliskais komponents, kas \u012bpa\u0161i izstr\u0101d\u0101ts pa\u0161izg\u0101z\u0113jiem. \u0160is inovat\u012bvais produkts pied\u0101v\u0101 izcilu veiktsp\u0113ju un efektivit\u0101ti, padarot to par ide\u0101lu izv\u0113li da\u017e\u0101diem r\u016bpnieciskiem lietojumiem.<\/p>\n<p>Pateicoties progres\u012bvajai tehnolo\u0123ijai un iztur\u012bgajai konstrukcijai, izmaksu zi\u0146\u0101 efekt\u012bvais divk\u0101r\u0161\u0101s darb\u012bbas hidrauliskais cilindrs nodro\u0161ina vienm\u0113r\u012bgu un prec\u012bzu darb\u012bbu. Tas ir izstr\u0101d\u0101ts, lai iztur\u0113tu lielas slodzes un ekstrem\u0101lus apst\u0101k\u013cus, nodro\u0161inot ilgsto\u0161u iztur\u012bbu un uzticam\u012bbu.<\/p>\n<p>Viena no \u0161\u012b hidraulisk\u0101 cilindra galvenaj\u0101m iez\u012bm\u0113m ir t\u0101 divk\u0101r\u0161\u0101s darb\u012bbas konstrukcija. Tas noz\u012bm\u0113, ka tas var rad\u012bt sp\u0113ku abos virzienos, nodro\u0161inot efekt\u012bvu un \u0101tru darb\u012bbu. Neatkar\u012bgi no t\u0101, vai tas tiek izb\u012bd\u012bts vai ievilkts, \u0161is hidrauliskais cilindrs nodro\u0161ina nemain\u012bgu jaudu un veiktsp\u0113ju.<\/p>\n<p>Izmaksu zi\u0146\u0101 efekt\u012bvais divk\u0101r\u0161as darb\u012bbas hidrauliskais cilindrs lepojas ar\u012b ar teleskopisku konstrukciju, kas nodro\u0161ina regul\u0113jamu g\u0101jiena garumu. \u0160\u012b funkcija \u013cauj pa\u0161izg\u0101z\u0113ju operatoriem optimiz\u0113t cilindra veiktsp\u0113ju atbilsto\u0161i sav\u0101m \u012bpa\u0161aj\u0101m vajadz\u012bb\u0101m. Tas nodro\u0161ina uzlabotu kontroli p\u0101r izg\u0101\u0161anas procesu, k\u0101 rezult\u0101t\u0101 uzlabojas produktivit\u0101te un efektivit\u0101te.<\/p>\n<p>V\u0113l viena \u0161\u012b hidraulisk\u0101 cilindra priek\u0161roc\u012bba ir t\u0101 izmaksu efektivit\u0101te. Tas pied\u0101v\u0101 izcilu cenas un v\u0113rt\u012bbas attiec\u012bbu, neapdraudot kvalit\u0101ti. Iztur\u012bgie materi\u0101li un prec\u012bz\u0101 konstrukcija nodro\u0161ina minim\u0101las apkopes pras\u012bbas, samazinot d\u012bkst\u0101ves laiku un kop\u0113j\u0101s ekspluat\u0101cijas izmaksas.<\/p>\n<table style=\"width: 100%;\" border=\"1\" width=\"100%\" cellspacing=\"0\" cellpadding=\"0\">\n<tbody>\n<tr>\n<th>Produkta nosaukums<\/th>\n<td>Rentabls divk\u0101r\u0161as darb\u012bbas hidrauliskais cilindrs<\/td>\n<\/tr>\n<tr>\n<th>St\u0101voklis<\/th>\n<td>Jauns<\/td>\n<\/tr>\n<tr>\n<th>Dizains<\/th>\n<td>Divk\u0101r\u0161as darb\u012bbas ar teleskopisk\u0101m funkcij\u0101m<\/td>\n<\/tr>\n<tr>\n<th>Pieteikums<\/th>\n<td>Pa\u0161izg\u0101z\u0113ji<\/td>\n<\/tr>\n<tr>\n<th>Veiktsp\u0113ja<\/th>\n<td>Uzticams un efekt\u012bvs<\/td>\n<\/tr>\n<tr>\n<th>Daudzpus\u012bba<\/th>\n<td>Piem\u0113rots da\u017e\u0101diem pielietojumiem<\/td>\n<\/tr>\n<tr>\n<th>Invest\u012bciju v\u0113rt\u012bba<\/th>\n<td>Izmaksu zi\u0146\u0101 efekt\u012bvs pa\u0161izg\u0101z\u0113ju \u012bpa\u0161niekiem<\/td>\n<\/tr>\n<tr>\n<th>Funkcijas<\/th>\n<td>Progres\u012bvas tehnolo\u0123ijas un augsta veiktsp\u0113ja<\/td>\n<\/tr>\n<\/tbody>\n<\/table>\n<h2>Hidraulisk\u0101 cilindra \u012bpa\u0161\u012bbas<\/h2>\n<p>Apr\u012bkots ar neskait\u0101m\u0101m iespaid\u012bg\u0101m funkcij\u0101m, \u0161is hidrauliskais cilindrs izce\u013cas tirg\u016b. T\u0101l\u0101k ir nor\u0101d\u012btas galven\u0101s iez\u012bmes:<\/p>\n<ol>\n<li>Galven\u0101s sast\u0101vda\u013cas: gultnis, virzu\u013ca cilindrs, nodro\u0161ina stabilit\u0101ti un iztur\u012bbu.<\/li>\n<li>Maksim\u0101l\u0101 vilce 3000, kas nodro\u0161ina augstu jaudu un efektivit\u0101ti.<\/li>\n<li>Izgatavots no \u012bpa\u0161i iztur\u012bga t\u0113rauda, \u200b\u200bnodro\u0161inot iztur\u012bbu un ilgm\u016b\u017e\u012bbu.<\/li>\n<li>Atbilst ISO9001:2000 sertifik\u0101cijai, kas garant\u0113 kvalit\u0101ti un dro\u0161\u012bbu.<\/li>\n<li>N\u0101k ar 1 gada garantiju, kas klientiem sniedz sirdsmieru.<\/li>\n<\/ol>\n<p><img decoding=\"async\" src=\"https:\/\/hzpt.com\/wp-content\/uploads\/2023\/11\/Inverted-Telescopic-Cylinder-7.webp\" alt=\"\" title=\"\"><\/p>\n<h2>Hidraulisk\u0101 cilindra pielietojums<\/h2>\n<p>Hidrauliskais cilindrs ir neaizst\u0101jams vair\u0101k\u0101s nozar\u0113s. \u0160eit ir da\u017ei no t\u0101 galvenajiem pielietojumiem:<\/p>\n<ol>\n<li>Ra\u017eo\u0161anas r\u016bpn\u012bcas: Lieljaudas ma\u0161\u012bnu darb\u012bbai un ra\u017eo\u0161anas procesiem.<\/li>\n<li>Ma\u0161\u012bnu remonta darbn\u012bcas: Noder\u012bgas remonta un apkopes darbiem.<\/li>\n<li>Fermas: Izmanto da\u017e\u0101d\u0101s lauksaimniec\u012bbas tehnik\u0101 efekt\u012bv\u0101m lauksaimniec\u012bbas darb\u012bb\u0101m.<\/li>\n<li>Ener\u0123\u0113tika un ieguves r\u016bpniec\u012bba: neat\u0146emama sast\u0101vda\u013ca smago kravu cel\u0161anai un citiem ieguves procesiem.<\/li>\n<li>Ma\u0161\u012bnu r\u016bpn\u012bca: b\u016btiska ma\u0161\u012bnu deta\u013cu ra\u017eo\u0161anai un mont\u0101\u017eai.<\/li>\n<\/ol>\n<p><img decoding=\"async\" src=\"https:\/\/hzpt.com\/wp-content\/uploads\/2023\/11\/Inverted-Telescopic-Cylinder-Applications.webp\" alt=\"Hidraulisko cilindru pielietojumi\" title=\"\"><\/p>\n<h2>Hidraulisk\u0101 cilindra darb\u012bbas princips un apkope<\/h2>\n<p>Hidrauliskais cilindrs darbojas, pamatojoties uz vienk\u0101r\u0161u, bet efekt\u012bvu meh\u0101nismu. L\u016bk, k\u0101 tas darbojas un k\u0101 to uztur\u0113t:<\/p>\n<ol>\n<li style=\"list-style-type: none;\">\n<ol>\n<li>Konfigur\u0101cija: Cilindrs sast\u0101v no virzu\u013ca un gult\u0146a, lai nodro\u0161in\u0101tu vienm\u0113r\u012bgu darb\u012bbu.<\/li>\n<li>Hidraulisk\u0101 \u0161\u0137idruma padeve: \u0160\u0137idrums tiek ies\u016bkn\u0113ts cilindr\u0101, izraisot t\u0101 izstiep\u0161anos vai ievilk\u0161anos.<\/li>\n<li>Izejas sp\u0113ks: \u0160\u0137idruma rad\u012btais spiediens rada sp\u0113ku, kas \u013cauj cilindram pacelt smagas kravas.<\/li>\n<li>Regul\u0101ra p\u0101rbaude: Regul\u0101ras p\u0101rbaudes nodro\u0161ina, ka sast\u0101vda\u013cas darbojas pareizi.<\/li>\n<li>T\u012br\u012b\u0161ana un e\u013c\u013co\u0161ana: Regul\u0101ra t\u012br\u012b\u0161ana un e\u013c\u013co\u0161ana nov\u0113r\u0161 nodilumu, pagarinot cilindra kalpo\u0161anas laiku.<\/li>\n<\/ol>\n<\/li>\n<\/ol>\n<p><img decoding=\"async\" src=\"https:\/\/hzpt.com\/wp-content\/uploads\/2023\/11\/Inverted-Telescopic-Cylinder-4.webp\" alt=\"\" title=\"\"><\/p>\n<h2>Apgriezts teleskopiskais cilindrs<\/h2>\n<p>Izmaksu zi\u0146\u0101 efekt\u012bvs divk\u0101r\u0161as darb\u012bbas hidrauliskais cilindrs ir b\u016btiska pa\u0161izg\u0101z\u0113ja hidraulisk\u0101s sist\u0113mas sast\u0101vda\u013ca. \u0160\u0101da veida cilindrs, kas paz\u012bstams k\u0101 apgrieztais teleskopiskais cilindrs, ir \u012bpa\u0161i izstr\u0101d\u0101ts, lai nodro\u0161in\u0101tu nepiecie\u0161amo sp\u0113ku un stabilit\u0101ti, kas nepiecie\u0161ama pa\u0161izg\u0101z\u0113ja efekt\u012bvai darb\u012bbai. \u0160aj\u0101 rakst\u0101 m\u0113s detaliz\u0113ti izp\u0113t\u012bsim apgriezt\u0101 teleskopisk\u0101 cilindra funkcijas un priek\u0161roc\u012bbas, izce\u013cot t\u0101 izmaksu efektivit\u0101ti un izcilo veiktsp\u0113ju.<\/p>\n<h3>1. Izmaksu efektivit\u0101te<\/h3>\n<p>Apgrieztais teleskopiskais cilindrs pied\u0101v\u0101 izmaksu zi\u0146\u0101 efekt\u012bvu risin\u0101jumu pa\u0161izg\u0101z\u0113ju ra\u017eot\u0101jiem un operatoriem. Izmantojot teleskopisko konstrukciju, \u0161is cilindrs aiz\u0146em maz\u0101ku vietu sal\u012bdzin\u0101jum\u0101 ar tradicion\u0101lajiem vienpak\u0101pes cilindriem. Tas ne tikai samazina ra\u017eo\u0161anas izmaksas, bet ar\u012b ietaupa vietu un svaru uz pa\u0161izg\u0101z\u0113ja \u0161asijas. Turkl\u0101t augstas kvalit\u0101tes materi\u0101lu izmanto\u0161ana un prec\u012bza in\u017eenierija nodro\u0161ina iztur\u012bbu un ilgtermi\u0146a izmaksu ietaup\u012bjumus, samazinot apkopes un nomai\u0146as izmaksas.<\/p>\n<h3>2. Divk\u0101r\u0161as darb\u012bbas funkcionalit\u0101te<\/h3>\n<p>Apgriezt\u0101 teleskopisk\u0101 cilindra divk\u0101r\u0161\u0101s darb\u012bbas funkcionalit\u0101te ir v\u0113l viena b\u016btiska priek\u0161roc\u012bba. At\u0161\u0137ir\u012bb\u0101 no vienk\u0101r\u0161\u0101s darb\u012bbas cilindriem, kas iedarbojas uz sp\u0113ku tikai vien\u0101 virzien\u0101, divk\u0101r\u0161\u0101s darb\u012bbas cilindri var iedarboties uz sp\u0113ku gan izstiep\u0161anas, gan ievilk\u0161anas g\u0101jien\u0101. Tas \u013cauj uzlabot pa\u0161izg\u0101z\u0113ja hidraulisk\u0101s sist\u0113mas darb\u012bbas kontroli un efektivit\u0101ti. Nodro\u0161inot prec\u012bzu izg\u0101\u0161anas un ievilk\u0161anas kust\u012bbu kontroli, divk\u0101r\u0161\u0101s darb\u012bbas apgrieztais teleskopiskais cilindrs nodro\u0161ina vienm\u0113r\u012bgu un efekt\u012bvu materi\u0101lu izg\u0101\u0161anu, palielinot produktivit\u0101ti un samazinot cikla laiku.<\/p>\n<h3>3. Izcila hidraulisk\u0101 veiktsp\u0113ja<\/h3>\n<p>Apgrieztais teleskopiskais cilindrs ir izstr\u0101d\u0101ts, lai nodro\u0161in\u0101tu izcilu hidraulisko veiktsp\u0113ju, nodro\u0161inot nepiecie\u0161amo sp\u0113ku smagu kravu vieglai pacel\u0161anai. T\u0101 uzlabotaj\u0101 konstrukcij\u0101 ir iek\u013cauti vair\u0101ki posmi, katrs posms ir ievietots iepriek\u0161\u0113j\u0101. \u0160is izk\u0101rtojums nodro\u0161ina gar\u0101ku g\u0101jiena garumu, vienlaikus saglab\u0101jot kompaktu izm\u0113ru. T\u0101 rezult\u0101t\u0101 cilindrs var rad\u012bt liel\u0101ku sp\u0113ku un pacelt smag\u0101kas kravas, padarot to ide\u0101li piem\u0113rotu pa\u0161izg\u0101z\u0113jiem, kas iesaist\u012bti lieljaudas darbos.<\/p>\n<h3>4. Pa\u0161izg\u0101z\u0113ja pielietojums<\/h3>\n<p>Apgrieztais teleskopiskais cilindrs ir \u012bpa\u0161i izstr\u0101d\u0101ts pa\u0161izg\u0101z\u0113ju vajadz\u012bb\u0101m, kur tam ir iz\u0161\u0137iro\u0161a noz\u012bme hidraulisk\u0101s sist\u0113mas pareiz\u0101 darb\u012bb\u0101. Tas galvenok\u0101rt ir atbild\u012bgs par pa\u0161izg\u0101z\u0113ja platformas pacel\u0161anu un nolai\u0161anu, nodro\u0161inot efekt\u012bvu materi\u0101lu izkrau\u0161anu. Cilindra iztur\u012bg\u0101 konstrukcija un augstspiediena sp\u0113jas padara to labi piem\u0113rotu, lai iztur\u0113tu sare\u017e\u0123\u012btos apst\u0101k\u013cus b\u016bvniec\u012bbas, kalnr\u016bpniec\u012bbas un atkritumu apsaimnieko\u0161anas nozar\u0113s.<\/p>\n<h3>5. Teleskopiskais hidrauliskais cilindrs<\/h3>\n<p>Teleskopiskais hidrauliskais cilindrs ir hidrauliskais cilindrs ar vair\u0101k\u0101m pak\u0101p\u0113m vai sekcij\u0101m, kas saliecas vai izstiepjas k\u0101 teleskops. Apgrieztais teleskopiskais cilindrs ietilpst \u0161aj\u0101 kategorij\u0101, nodro\u0161inot iepriek\u0161 min\u0113t\u0101s priek\u0161roc\u012bbas. \u0160\u0101da veida cilindru parasti izmanto da\u017e\u0101dos pielietojumos, kur nepiecie\u0161ams liels g\u0101jiena garums, neapdraudot vietas ierobe\u017eojumus. T\u0101 teleskopisk\u0101 konstrukcija nodro\u0161ina liel\u0101ku sniedzam\u012bbu, vienlaikus saglab\u0101jot kompaktu izm\u0113ru, padarot to \u013coti daudzpus\u012bgu un efekt\u012bvu.<\/p>\n<p>Nosl\u0113gum\u0101 j\u0101saka, ka apgrieztais teleskopiskais cilindrs ir rentabls, divk\u0101r\u0161as darb\u012bbas hidrauliskais cilindrs, kas pied\u0101v\u0101 izcilu veiktsp\u0113ju pa\u0161izg\u0101z\u0113ju lietojumos. T\u0101 kompaktais izm\u0113rs, prec\u012bz\u0101 vad\u012bba un sp\u0113ja apstr\u0101d\u0101t smagas kravas padara to par v\u0113rt\u012bgu komponentu pa\u0161izg\u0101z\u0113ju efekt\u012bv\u0101 darb\u012bb\u0101 da\u017e\u0101d\u0101s nozar\u0113s. Izv\u0113loties \u0161o inovat\u012bvo cilindra konstrukciju, pa\u0161izg\u0101z\u0113ju ra\u017eot\u0101ji un operatori var g\u016bt labumu no paaugstin\u0101tas produktivit\u0101tes, samazin\u0101t\u0101m izmaks\u0101m un uzlabotas kop\u0113j\u0101s veiktsp\u0113jas.<\/p>\n<h3>Par FMP<\/h3>\n<p>FMP ir vado\u0161ais uz\u0146\u0113mums, kas specializ\u0113jas hidraulisko cilindru ra\u017eo\u0161an\u0101 un p\u0101rdo\u0161an\u0101. Ar m\u016bsu daudzu gadu pieredzi nozar\u0113 un profesion\u0101lu komandu m\u0113s esam ap\u0146\u0113mu\u0161ies nodro\u0161in\u0101t klientus ar augstas kvalit\u0101tes un uzticamiem hidrauliskajiem cilindriem un pilnv\u0113rt\u012bgiem ma\u0161\u012bnu risin\u0101jumiem.<\/p>\n<p><img decoding=\"async\" src=\"https:\/\/fmp-components.com\/wp-content\/uploads\/2024\/12\/Adjustable-Clevis-Type-Cylinders-6.webp\" alt=\"Regul\u0113jams skavu tipa cilindrs\" width=\"837\" title=\"\"><\/p>\n<p>\u0160eit ir piecas galven\u0101s m\u016bsu produktu un uz\u0146\u0113muma priek\u0161roc\u012bbas:<\/p>\n<ol>\n<li>Pla\u0161s iesp\u0113ju kl\u0101sts: M\u0113s pied\u0101v\u0101jam pla\u0161u hidraulisko cilindru kl\u0101stu, kas piem\u0113rots da\u017e\u0101diem pielietojumiem b\u016bvniec\u012bbas tehnikas nozar\u0113. S\u0101kot ar regul\u0113jamiem cilindriem ar skavu un beidzot ar citiem specializ\u0113tiem tipiem, mums ir ide\u0101ls risin\u0101jums, lai apmierin\u0101tu j\u016bsu \u012bpa\u0161\u0101s pras\u012bbas.<\/li>\n<li>Izcila kvalit\u0101te: FMP m\u0113s pie\u0161\u0137iram priorit\u0101ti kvalit\u0101tei un nodro\u0161in\u0101m, lai visi m\u016bsu hidrauliskie cilindri atbilstu stingriem kvalit\u0101tes standartiem. M\u016bsu produkti tiek ra\u017eoti, izmantojot augst\u0101k\u0101s kvalit\u0101tes materi\u0101lus, un tiek r\u016bp\u012bgi p\u0101rbaud\u012bti, lai garant\u0113tu to iztur\u012bbu un veiktsp\u0113ju.<\/li>\n<li>P\u0101rdo\u0161anas ekspertu komanda: M\u016bsu pieredz\u0113ju\u0161ajai p\u0101rdo\u0161anas komandai ir padzi\u013cin\u0101tas zin\u0101\u0161anas par celtniec\u012bbas tehnikas nozari, vi\u0146i seko l\u012bdzi jaun\u0101kaj\u0101m tendenc\u0113m un izprot klientu vajadz\u012bbas. Vi\u0146i ir gatavi sniegt profesion\u0101las konsult\u0101cijas par produktiem un pied\u0101v\u0101t p\u0101rdom\u0101tus pirk\u0161anas ieteikumus, lai pal\u012bdz\u0113tu jums pie\u0146emt p\u0101rdom\u0101tus l\u0113mumus.<\/li>\n<li>Efekt\u012bva lo\u0123istika: M\u0113s saprotam savlaic\u012bgas pieg\u0101des noz\u012bmi, t\u0101p\u0113c esam izveidoju\u0161i efekt\u012bvu lo\u0123istikas izplat\u012b\u0161anas sist\u0113mu. Tas nodro\u0161ina, ka klienti nepiecie\u0161amos hidrauliskos cilindrus sa\u0146em \u0101tri un prec\u012bzi, samazinot jebk\u0101dus iesp\u0113jamos kav\u0113jumus vai trauc\u0113jumus.<\/li>\n<li>Sp\u0113c\u012bgas pieg\u0101d\u0101t\u0101ju attiec\u012bbas: Pateicoties ilgtermi\u0146a un stabil\u0101m sadarb\u012bbas attiec\u012bb\u0101m ar augstas kvalit\u0101tes pieg\u0101d\u0101t\u0101jiem gan viet\u0113j\u0101, gan starptautisk\u0101 m\u0113rog\u0101, m\u0113s varam ieg\u016bt lab\u0101k\u0101s sast\u0101vda\u013cas un materi\u0101lus m\u016bsu hidrauliskajiem cilindriem. Tas \u013cauj mums uztur\u0113t nemain\u012bgu kvalit\u0101ti un veiktsp\u0113ju vis\u0101 m\u016bsu produktu kl\u0101st\u0101.<\/li>\n<\/ol>\n<p>Izv\u0113lieties FMP sav\u0101m hidraulisko cilindru vajadz\u012bb\u0101m un izbaudiet m\u016bsu nodro\u0161in\u0101to uzticam\u012bbu un izcil\u012bbu. Sazinieties ar mums jau \u0161odien, lai p\u0101rrun\u0101tu savas pras\u012bbas un uzs\u0101ktu veiksm\u012bgu sadarb\u012bbu.<\/p>\n<p>Autors: CX<\/p>","protected":false},"excerpt":{"rendered":"<p>Introducing the Cost Effective Double Acting Hydraulic Cylinder for Dump Trucks The Cost Effective Double Acting Hydraulic Cylinder is a high-quality and reliable hydraulic component specifically designed for dump trucks. This innovative product offers exceptional performance and efficiency, making it an ideal choice for various industrial applications. With its advanced technology and robust construction, the [&hellip;]<\/p>","protected":false},"featured_media":1672,"comment_status":"closed","ping_status":"closed","template":"","meta":{"_et_pb_use_builder":"","_et_pb_old_content":"","_et_gb_content_width":""},"product_brand":[],"product_cat":[45],"product_tag":[34,48],"class_list":{"0":"post-1671","1":"product","2":"type-product","3":"status-publish","4":"has-post-thumbnail","6":"product_cat-inverted-telescopic-cylinder","7":"product_tag-hydraulic-cylinder","8":"product_tag-inverted-telescopic-cylinder","10":"first","11":"instock","12":"product-type-simple"},"_links":{"self":[{"href":"https:\/\/fmp-components.com\/lv\/wp-json\/wp\/v2\/product\/1671","targetHints":{"allow":["GET"]}}],"collection":[{"href":"https:\/\/fmp-components.com\/lv\/wp-json\/wp\/v2\/product"}],"about":[{"href":"https:\/\/fmp-components.com\/lv\/wp-json\/wp\/v2\/types\/product"}],"replies":[{"embeddable":true,"href":"https:\/\/fmp-components.com\/lv\/wp-json\/wp\/v2\/comments?post=1671"}],"wp:featuredmedia":[{"embeddable":true,"href":"https:\/\/fmp-components.com\/lv\/wp-json\/wp\/v2\/media\/1672"}],"wp:attachment":[{"href":"https:\/\/fmp-components.com\/lv\/wp-json\/wp\/v2\/media?parent=1671"}],"wp:term":[{"taxonomy":"product_brand","embeddable":true,"href":"https:\/\/fmp-components.com\/lv\/wp-json\/wp\/v2\/product_brand?post=1671"},{"taxonomy":"product_cat","embeddable":true,"href":"https:\/\/fmp-components.com\/lv\/wp-json\/wp\/v2\/product_cat?post=1671"},{"taxonomy":"product_tag","embeddable":true,"href":"https:\/\/fmp-components.com\/lv\/wp-json\/wp\/v2\/product_tag?post=1671"}],"curies":[{"name":"wp","href":"https:\/\/api.w.org\/{rel}","templated":true}]}}