{"id":1667,"date":"2024-12-23T07:00:44","date_gmt":"2024-12-23T07:00:44","guid":{"rendered":"https:\/\/fmp-components.com\/product\/industrial-truck-hydraulic-cylinder-small-dump-truck-hydraulic-cylinder-for-sale\/"},"modified":"2025-03-11T06:09:30","modified_gmt":"2025-03-11T06:09:30","slug":"industrial-truck-hydraulic-cylinder-small-dump-truck-hydraulic-cylinder-for-sale","status":"publish","type":"product","link":"https:\/\/fmp-components.com\/lv\/product\/industrial-truck-hydraulic-cylinder-small-dump-truck-hydraulic-cylinder-for-sale\/","title":{"rendered":"R\u016bpniecisk\u0101s kravas automa\u0161\u012bnas hidrauliskais cilindrs Mazs pa\u0161izg\u0101z\u0113ja hidrauliskais cilindrs p\u0101rdo\u0161anai"},"content":{"rendered":"<h2>Iepaz\u012bstin\u0101m ar r\u016bpniecisko kravas automa\u0161\u012bnu hidraulisko cilindru \u2013 mazo pa\u0161izg\u0101z\u0113ju hidraulisko cilindru p\u0101rdo\u0161anai:<\/h2>\n<p>R\u016bpniecisko kravas automa\u0161\u012bnu hidrauliskais cilindrs \u2013 mazo pa\u0161izg\u0101z\u0113ju hidrauliskais cilindrs p\u0101rdo\u0161an\u0101 ir augstas kvalit\u0101tes, uzticams un iztur\u012bgs hidrauliskais cilindrs, kas \u012bpa\u0161i paredz\u0113ts maziem pa\u0161izg\u0101z\u0113jiem. \u0160is hidrauliskais cilindrs ir izstr\u0101d\u0101ts, lai iztur\u0113tu lielas slodzes un sare\u017e\u0123\u012btus darba apst\u0101k\u013cus, padarot to par ide\u0101lu izv\u0113li da\u017e\u0101diem r\u016bpnieciskiem pielietojumiem.<\/p>\n<p>R\u016bpniecisk\u0101s kravas automa\u0161\u012bnas hidrauliskais cilindrs \u2013 maza izm\u0113ra pa\u0161izg\u0101z\u0113ja hidrauliskais cilindrs p\u0101rdo\u0161anai lepojas ar izcilu veiktsp\u0113ju un efektivit\u0101ti. Pateicoties t\u0101 modernajai hidrauliskajai sist\u0113mai, tas nodro\u0161ina vienm\u0113r\u012bgu un prec\u012bzu darb\u012bbu, \u013caujot neman\u0101mi pacelt un izg\u0101zt kravas. Cilindra iztur\u012bg\u0101 konstrukcija nodro\u0161ina ilgsto\u0161u iztur\u012bbu, samazinot apkopes izmaksas un palielinot kop\u0113jo produktivit\u0101ti.<\/p>\n<p>Pateicoties uzlabotajai bl\u012bv\u0113\u0161anas tehnolo\u0123ijai, r\u016bpniecisko kravas automa\u0161\u012bnu hidrauliskais cilindrs \u2013 mazo pa\u0161izg\u0101z\u0113ju hidrauliskais cilindrs p\u0101rdo\u0161an\u0101 nodro\u0161ina izcilu iztur\u012bbu pret nopl\u016bd\u0113m un pies\u0101r\u0146ojumu. Tas nodro\u0161ina optim\u0101lu veiktsp\u0113ju un pagarina cilindra kalpo\u0161anas laiku, samazinot d\u012bkst\u0101ves laiku un palielinot efektivit\u0101ti.<\/p>\n<p>R\u016bpniecisk\u0101s kravas automa\u0161\u012bnas hidrauliskais cilindrs \u2013 maza izm\u0113ra pa\u0161izg\u0101z\u0113ja hidrauliskais cilindrs p\u0101rdo\u0161anai ir paredz\u0113ts vienk\u0101r\u0161ai uzst\u0101d\u012b\u0161anai un sader\u012bbai ar da\u017e\u0101diem pa\u0161izg\u0101z\u0113ju mode\u013ciem. T\u0101 kompaktais izm\u0113rs un viegl\u0101 konstrukcija padara to piem\u0113rotu maziem pa\u0161izg\u0101z\u0113jiem, neapdraudot veiktsp\u0113ju.<\/p>\n<p>Ar savu izcilo kvalit\u0101ti, uzticam\u012bbu un veiktsp\u0113ju r\u016bpniecisko kravas automa\u0161\u012bnu hidrauliskais cilindrs \u2013 mazo pa\u0161izg\u0101z\u0113ju hidrauliskais cilindrs p\u0101rdo\u0161an\u0101 ir lielisks ieguld\u012bjums uz\u0146\u0113mumiem, kuriem nepiecie\u0161ams uzticams hidrauliskais cilindrs mazajiem pa\u0161izg\u0101z\u0113jiem. Neatkar\u012bgi no t\u0101, vai to izmanto b\u016bvniec\u012bb\u0101, ieguves r\u016bpniec\u012bb\u0101 vai transporta nozar\u0113, \u0161is hidrauliskais cilindrs ir izstr\u0101d\u0101ts, lai nodro\u0161in\u0101tu izcilus rezult\u0101tus un p\u0101rsniegtu cer\u012bbas.<\/p>\n<p>Izv\u0113lieties r\u016bpniecisko kravas automa\u0161\u012bnu hidraulisko cilindru \u2013 mazo pa\u0161izg\u0101z\u0113ju hidraulisko cilindru p\u0101rdo\u0161anai, lai nodro\u0161in\u0101tu izcilu veiktsp\u0113ju, iztur\u012bbu un efektivit\u0101ti. Izbaudiet nevainojamu darb\u012bbu un paaugstin\u0101tu produktivit\u0101ti ar \u0161o augst\u0101k\u0101s klases hidraulisko cilindru.<\/p>\n<div>\n<h2>Iepaz\u012bstin\u0101m ar mazo pa\u0161izg\u0101z\u0113ja hidraulisko cilindru<\/h2>\n<table style=\"width: 100%;\" border=\"1\" width=\"100%\" cellspacing=\"0\" cellpadding=\"0\">\n<tbody>\n<tr>\n<th>Produkta nosaukums<\/th>\n<td>Maza pa\u0161izg\u0101z\u0113ja hidrauliskais cilindrs<\/td>\n<\/tr>\n<tr>\n<th>St\u0101voklis<\/th>\n<td>Pavisam jauns<\/td>\n<\/tr>\n<tr>\n<th>Garantija<\/th>\n<td>1 gads<\/td>\n<\/tr>\n<tr>\n<th>Svars (kg)<\/th>\n<td>48<\/td>\n<\/tr>\n<tr>\n<th>Galven\u0101s sast\u0101vda\u013cas<\/th>\n<td>Gultnis un virzu\u013ca cilindrs<\/td>\n<\/tr>\n<tr>\n<th>Dizains<\/th>\n<td>Standarta virzu\u013ccilindrs<\/td>\n<\/tr>\n<tr>\n<th>Baro\u0161anas avots<\/th>\n<td>Hidraulisk\u0101<\/td>\n<\/tr>\n<tr>\n<th>Korpusa materi\u0101ls<\/th>\n<td>T\u0113rauds<\/td>\n<\/tr>\n<tr>\n<th>P\u0101rbaude<\/th>\n<td>Izejo\u0161\u0101 p\u0101rbaude ar video pier\u0101d\u012bjumiem<\/td>\n<\/tr>\n<tr>\n<th>Piem\u0113rojam\u0101s nozares<\/th>\n<td>Ra\u017eo\u0161anas r\u016bpn\u012bcas, Ma\u0161\u012bnu remonta darbn\u012bcas, Lauksaimniec\u012bbas saimniec\u012bbas, Ener\u0123\u0113tika un ieguves r\u016bpniec\u012bba, Ma\u0161\u012bnu ra\u017eo\u0161ana, Ma\u0161\u012bnu r\u016bpn\u012bcas<\/td>\n<\/tr>\n<\/tbody>\n<\/table>\n<p><img decoding=\"async\" src=\"https:\/\/hzpt.com\/wp-content\/uploads\/2023\/11\/Inverted-Telescopic-Cylinder-1.webp\" alt=\"\" title=\"\"><\/p>\n<h2>Maz\u0101 pa\u0161izg\u0101z\u0113ja hidraulisk\u0101 cilindra \u012bpa\u0161\u012bbas<\/h2>\n<ul>\n<li><strong>Tips:<\/strong> \u0160is ir standarta virzu\u013ccilindrs, kas konstru\u0113ts k\u0101 apgriezts teleskopiskais cilindrs.<\/li>\n<li><strong>Materi\u0101ls:<\/strong> \u0160\u012b hidraulisk\u0101 cilindra korpusa materi\u0101ls ir izgatavots no iztur\u012bga t\u0113rauda, \u200b\u200bkas nodro\u0161ina iztur\u012bbu.<\/li>\n<li><strong>Ietilp\u012bba:<\/strong> Ar maksim\u0101lo vilci 3000 tonnu un maksim\u0101lo vilk\u0161anas sp\u0113ku 20 tonnu, tas pied\u0101v\u0101 jaud\u012bgu sniegumu.<\/li>\n<li><strong>Standarts:<\/strong> \u0160is produkts ir ieguvis ISO9001:2000 sertifik\u0101tu, kas garant\u0113 t\u0101 kvalit\u0101ti.<\/li>\n<li><strong>Dizains:<\/strong> Tas ir pieejams elegant\u0101 meln\u0101 kr\u0101s\u0101, kas pie\u0161\u0137ir tam profesion\u0101lu pievilc\u012bbu.<\/li>\n<\/ul>\n<h2>Maz\u0101 pa\u0161izg\u0101z\u0113ja hidraulisk\u0101 cilindra pielietojums<\/h2>\n<ul>\n<li>Ra\u017eo\u0161anas r\u016bpn\u012bcas<\/li>\n<li>Ma\u0161\u012bnu remonta darbn\u012bcas<\/li>\n<li>Fermas<\/li>\n<li>Ener\u0123\u0113tikas un kalnr\u016bpniec\u012bbas nozares<\/li>\n<li>Ma\u0161\u012bnu ra\u017eo\u0161ana<\/li>\n<\/ul>\n<p><img decoding=\"async\" src=\"https:\/\/hzpt.com\/wp-content\/uploads\/2023\/11\/Inverted-Telescopic-Cylinder-Applications.webp\" alt=\"Apgrieztu teleskopisko cilindru pielietojumi\" title=\"\"><\/p>\n<h2>Maz\u0101 pa\u0161izg\u0101z\u0113ja hidraulisk\u0101 cilindra darb\u012bbas princips un apkope<\/h2>\n<p>Hidrauliskais cilindrs darbojas, pamatojoties uz hidraulisk\u0101 \u0161\u0137idruma padevi, k\u0101 rezult\u0101t\u0101 rodas izejas sp\u0113ks. Sist\u0113mas konfigur\u0101cija \u013cauj tai sasniegt maksim\u0101lu efektivit\u0101ti. Run\u0101jot par apkopi, regul\u0101ra p\u0101rbaude, t\u012br\u012b\u0161ana un e\u013c\u013co\u0161ana ir \u013coti svar\u012bga. Turkl\u0101t regul\u0101ras p\u0101rbaudes un remonts, bl\u012bv\u0113jumu nomai\u0146a un lietot\u0101ja rokasgr\u0101matas iev\u0113ro\u0161ana nodro\u0161ina ar\u012b produkta ilgm\u016b\u017e\u012bbu.<\/p>\n<p><img decoding=\"async\" src=\"https:\/\/hzpt.com\/wp-content\/uploads\/2023\/11\/Inverted-Telescopic-Cylinder-9.webp\" alt=\"\" title=\"\"><\/p>\n<\/div>\n<h2>Apgriezts teleskopiskais cilindrs<\/h2>\n<p>Apgriezts teleskopiskais cilindrs, kas paz\u012bstams ar\u012b k\u0101 bezstie\u0146a cilindrs, ir hidraulisk\u0101 cilindra veids, ko parasti izmanto r\u016bpnieciskajos kravas automobi\u013cos, piem\u0113ram, mazos pa\u0161izg\u0101z\u0113jos, da\u017e\u0101diem pielietojumiem. \u0160\u0101da veida cilindrs ir paredz\u0113ts, lai nodro\u0161in\u0101tu jaud\u012bgu un uzticamu smagu kravu pacel\u0161anu un nolai\u0161anu, un tas ir b\u016btiska sast\u0101vda\u013ca daudz\u0101s r\u016bpniec\u012bbas un b\u016bvniec\u012bbas oper\u0101cij\u0101s.<\/p>\n<h3>Dizains un komponenti<\/h3>\n<p>Apgrieztais teleskopiskais cilindrs sast\u0101v no vair\u0101k\u0101m ligzdot\u0101m caurul\u0113m, un virzu\u013ca stienis atrodas cilindra \u0101rpus\u0113. \u0100r\u0113jo cauruli sauc par stobru, un taj\u0101 atrodas virzu\u013ca stienis, savuk\u0101rt iek\u0161\u0113j\u0101s caurules sauc par pak\u0101pieniem. Pak\u0101pieni ir savienoti ar stobru ar bl\u012bv\u0113m, kas nov\u0113r\u0161 \u0161\u0137idruma nopl\u016bdi un uztur spiedienu cilindra iek\u0161pus\u0113.<\/p>\n<p>Cilindrs parasti ir izgatavots no augstas stipr\u012bbas t\u0113rauda, \u200b\u200bkas tiek prec\u012bzi apstr\u0101d\u0101ts ar stingr\u0101m pielaid\u0113m, lai nodro\u0161in\u0101tu vienm\u0113r\u012bgu darb\u012bbu un ilgm\u016b\u017e\u012bbu. Virzu\u013ca stienis ir izgatavots ar\u012b no iztur\u012bgiem materi\u0101liem, piem\u0113ram, hrom\u0113ta t\u0113rauda, \u200b\u200blai b\u016btu iztur\u012bgs pret nodilumu un koroziju.<\/p>\n<h3>Funkcija un darb\u012bba<\/h3>\n<p>Apgrieztais teleskopiskais cilindrs ir paredz\u0113ts, lai p\u0101rveidotu hidraulisko spiedienu line\u0101r\u0101 kust\u012bb\u0101, ko izmanto smagu kravu pacel\u0161anai un nolai\u0161anai. Kad hidrauliskais \u0161\u0137idrums tiek ies\u016bkn\u0113ts cilindr\u0101, tas spie\u017eas pret virzuli, kas savuk\u0101rt pagarina virzu\u013ca stieni un pace\u013c kravu. Lai nolaistu kravu, hidrauliskais \u0161\u0137idrums tiek izlaists no cilindra, izraisot kravas svara spiedienu pret virzuli un virzu\u013ca stie\u0146a ievilk\u0161anu.<\/p>\n<p>Apgriezt\u0101 teleskopisk\u0101 cilindra konstrukcija nodro\u0161ina liel\u0101ku g\u0101jiena garumu nek\u0101 cita veida hidrauliskajiem cilindriem, kas noz\u012bm\u0113, ka tas var pacelt smag\u0101kas kravas liel\u0101k\u0101 augstum\u0101. Tas padara to par ide\u0101lu izv\u0113li izmanto\u0161anai mazos pa\u0161izg\u0101z\u0113jos un citos r\u016bpnieciskajos kravas automobi\u013cos, kuriem nepiecie\u0161amas lielas celtsp\u0113jas.<\/p>\n<h3>Pieteikumi<\/h3>\n<p>Apgrieztais teleskopiskais cilindrs tiek izmantots da\u017e\u0101dos pielietojumos, tostarp:<\/p>\n<ul>\n<li>Mazie pa\u0161izg\u0101z\u0113ji: Apgrieztais teleskopiskais cilindrs parasti tiek izmantots mazos pa\u0161izg\u0101z\u0113jos, lai paceltu un nolaistu pa\u0161izg\u0101z\u0113ja virsb\u016bvi.<\/li>\n<li>R\u016bpnieciskie kravas automobi\u013ci: Cilindru izmanto ar\u012b cita veida r\u016bpnieciskajos kravas automobi\u013cos, piem\u0113ram, iekr\u0101v\u0113jos un pale\u0161u domkratos, smagu kravu cel\u0161anai un p\u0101rvieto\u0161anai.<\/li>\n<li>Celtniec\u012bbas iek\u0101rtas: Apgriezti teleskopiskie cilindri tiek izmantoti da\u017e\u0101d\u0101s celtniec\u012bbas iek\u0101rt\u0101s, tostarp celt\u0146os, ekskavatoros un buldozeros, materi\u0101lu cel\u0161anai un p\u0101rvieto\u0161anai.<\/li>\n<\/ul>\n<p>Nosl\u0113gum\u0101 j\u0101saka, ka apgrieztais teleskopiskais cilindrs ir jaud\u012bgs un uzticams hidrauliskais cilindrs, ko pla\u0161i izmanto r\u016bpniec\u012bb\u0101 un b\u016bvniec\u012bb\u0101. T\u0101 unik\u0101lais dizains un konstrukcija padara to par b\u016btisku sast\u0101vda\u013cu daudzu veidu iek\u0101rt\u0101s, un t\u0101 sp\u0113ja pacelt smagas kravas liel\u0101k\u0101 augstum\u0101 padara to par ide\u0101lu izv\u0113li izmanto\u0161anai mazos pa\u0161izg\u0101z\u0113jos un citos r\u016bpnieciskajos kravas automobi\u013cos.<\/p>\n<p>Atsl\u0113gv\u0101rdi: R\u016bpniecisk\u0101s kravas automa\u0161\u012bnas hidrauliskais cilindrs, P\u0101rdo\u0161an\u0101 mazs pa\u0161izg\u0101z\u0113ja hidrauliskais cilindrs<\/p>\n<h3>Par FMP<\/h3>\n<p>FMP ir vado\u0161ais uz\u0146\u0113mums, kas specializ\u0113jas hidraulisko cilindru ra\u017eo\u0161an\u0101 un p\u0101rdo\u0161an\u0101. Pateicoties m\u016bsu pla\u0161ajai pieredzei nozar\u0113 un profesion\u0101lajai komandai, m\u0113s esam ap\u0146\u0113mu\u0161ies nodro\u0161in\u0101t klientus ar augstas kvalit\u0101tes un uzticamiem hidrauliskajiem cilindriem da\u017e\u0101diem celtniec\u012bbas tehnikas pielietojumiem.<\/p>\n<p><img decoding=\"async\" src=\"https:\/\/fmp-components.com\/wp-content\/uploads\/2024\/12\/Adjustable-Clevis-Type-Cylinders-6.webp\" alt=\"Regul\u0113jams skavu tipa cilindrs\" width=\"835\" title=\"\"><\/p>\n<p>\u0160eit ir pieci iemesli, k\u0101p\u0113c FMP izv\u0113le j\u016bsu hidraulisko cilindru vajadz\u012bb\u0101m ir pareizais l\u0113mums:<\/p>\n<ol>\n<li><strong>Pla\u0161s produktu kl\u0101sts:<\/strong> M\u0113s pied\u0101v\u0101jam pla\u0161u hidraulisko cilindru kl\u0101stu, kas piem\u0113rots da\u017e\u0101diem pielietojumiem b\u016bvniec\u012bbas tehnikas nozar\u0113. Neatkar\u012bgi no t\u0101, vai jums nepiecie\u0161ami cilindri lauksaimniec\u012bbas tehnikai, r\u016bpnieciskaj\u0101m p\u0101rnesumk\u0101rb\u0101m vai planet\u0101raj\u0101m p\u0101rnesumk\u0101rb\u0101m, m\u0113s par\u016bp\u0113simies par visu.<\/li>\n<li><strong>Stingri kvalit\u0101tes standarti:<\/strong> FMP m\u0113s pie\u0161\u0137iram priorit\u0101ti kvalit\u0101tei un nodro\u0161in\u0101m, lai visi m\u016bsu pieg\u0101d\u0101tie hidrauliskie cilindri atbilstu stingriem kvalit\u0101tes standartiem. Pateicoties ilgtermi\u0146a un stabil\u0101m partnerattiec\u012bb\u0101m ar augstas kvalit\u0101tes pieg\u0101d\u0101t\u0101jiem, m\u0113s garant\u0113jam m\u016bsu produktu uzticam\u012bbu un iztur\u012bbu.<\/li>\n<li><strong>Pieredz\u0113jusi p\u0101rdo\u0161anas komanda:<\/strong> M\u016bsu zino\u0161\u0101 p\u0101rdo\u0161anas komanda labi p\u0101rzina jaun\u0101k\u0101s tendences un klientu piepras\u012bjumu b\u016bvniec\u012bbas tehnikas nozar\u0113. Vi\u0146i var sniegt jums profesion\u0101las konsult\u0101cijas par produktiem, pal\u012bdzot pie\u0146emt p\u0101rdom\u0101tus l\u0113mumus un atrast j\u016bsu \u012bpa\u0161aj\u0101m pras\u012bb\u0101m piem\u0113rot\u0101ko hidraulisko cilindru.<\/li>\n<li><strong>Efekt\u012bva lo\u0123istikas izplat\u012b\u0161ana:<\/strong> M\u0113s saprotam savlaic\u012bgas pieg\u0101des noz\u012bmi. M\u016bsu efekt\u012bv\u0101 lo\u0123istikas izplat\u012b\u0161anas sist\u0113ma nodro\u0161ina, ka j\u016bs \u0101tri un prec\u012bzi sa\u0146emsiet nepiecie\u0161amos hidrauliskos cilindrus, samazinot d\u012bkst\u0101ves laiku un nodro\u0161inot j\u016bsu darb\u012bbas netrauc\u0113tu norisi.<\/li>\n<li><strong>Visaptvero\u0161s p\u0113cp\u0101rdo\u0161anas atbalsts:<\/strong> FMP m\u0113s augstu v\u0113rt\u0113jam klientu apmierin\u0101t\u012bbu. M\u016bsu \u012bpa\u0161i atlas\u012bt\u0101 atbalsta komanda vienm\u0113r ir gatava pal\u012bdz\u0113t ar visiem j\u016bsu jaut\u0101jumiem vai ba\u017e\u0101m, sniedzot visaptvero\u0161u p\u0113cp\u0101rdo\u0161anas atbalstu, lai nodro\u0161in\u0101tu j\u016bsu maksim\u0101lu apmierin\u0101t\u012bbu ar m\u016bsu hidrauliskajiem cilindriem.<\/li>\n<\/ol>\n<p>Sadarbojieties ar FMP jau \u0161odien un izbaudiet m\u016bsu hidraulisko cilindru kvalit\u0101ti, uzticam\u012bbu un izcilo veiktsp\u0113ju. Sazinieties ar mums t\u016bl\u012bt, lai apspriestu savas \u012bpa\u0161\u0101s vajadz\u012bbas un uzs\u0101ktu augl\u012bgu sadarb\u012bbu.<\/p>\n<p>Autors: CX<\/p>","protected":false},"excerpt":{"rendered":"<p>Introducing the Industrial Truck Hydraulic Cylinder &#8211; Small Dump Truck Hydraulic Cylinder For Sale: Industrial Truck Hydraulic Cylinder &#8211; Small Dump Truck Hydraulic Cylinder For Sale is a high-quality, reliable and durable hydraulic cylinder specifically designed for small dump trucks. This hydraulic cylinder is built to withstand heavy loads and demanding working conditions, making it [&hellip;]<\/p>","protected":false},"featured_media":1668,"comment_status":"closed","ping_status":"closed","template":"","meta":{"_et_pb_use_builder":"","_et_pb_old_content":"","_et_gb_content_width":""},"product_brand":[],"product_cat":[45],"product_tag":[34,48],"class_list":{"0":"post-1667","1":"product","2":"type-product","3":"status-publish","4":"has-post-thumbnail","6":"product_cat-inverted-telescopic-cylinder","7":"product_tag-hydraulic-cylinder","8":"product_tag-inverted-telescopic-cylinder","10":"first","11":"instock","12":"product-type-simple"},"_links":{"self":[{"href":"https:\/\/fmp-components.com\/lv\/wp-json\/wp\/v2\/product\/1667","targetHints":{"allow":["GET"]}}],"collection":[{"href":"https:\/\/fmp-components.com\/lv\/wp-json\/wp\/v2\/product"}],"about":[{"href":"https:\/\/fmp-components.com\/lv\/wp-json\/wp\/v2\/types\/product"}],"replies":[{"embeddable":true,"href":"https:\/\/fmp-components.com\/lv\/wp-json\/wp\/v2\/comments?post=1667"}],"wp:featuredmedia":[{"embeddable":true,"href":"https:\/\/fmp-components.com\/lv\/wp-json\/wp\/v2\/media\/1668"}],"wp:attachment":[{"href":"https:\/\/fmp-components.com\/lv\/wp-json\/wp\/v2\/media?parent=1667"}],"wp:term":[{"taxonomy":"product_brand","embeddable":true,"href":"https:\/\/fmp-components.com\/lv\/wp-json\/wp\/v2\/product_brand?post=1667"},{"taxonomy":"product_cat","embeddable":true,"href":"https:\/\/fmp-components.com\/lv\/wp-json\/wp\/v2\/product_cat?post=1667"},{"taxonomy":"product_tag","embeddable":true,"href":"https:\/\/fmp-components.com\/lv\/wp-json\/wp\/v2\/product_tag?post=1667"}],"curies":[{"name":"wp","href":"https:\/\/api.w.org\/{rel}","templated":true}]}}