{"id":1665,"date":"2024-12-23T07:00:44","date_gmt":"2024-12-23T07:00:44","guid":{"rendered":"https:\/\/fmp-components.com\/product\/excellent-quality-10-ton-hydraulic-cylinder-telescopic-hydraulic-cylinder-for-dump-truck\/"},"modified":"2025-03-11T05:48:02","modified_gmt":"2025-03-11T05:48:02","slug":"excellent-quality-10-ton-hydraulic-cylinder-telescopic-hydraulic-cylinder-for-dump-truck","status":"publish","type":"product","link":"https:\/\/fmp-components.com\/lv\/product\/excellent-quality-10-ton-hydraulic-cylinder-telescopic-hydraulic-cylinder-for-dump-truck\/","title":{"rendered":"Lieliskas kvalit\u0101tes 10 tonnu hidrauliskais cilindrs Teleskopiskais hidrauliskais cilindrs pa\u0161izg\u0101z\u0113jam"},"content":{"rendered":"<h2>Iepaz\u012bstin\u0101m ar izcilas kvalit\u0101tes 10 tonnu hidraulisko cilindru - teleskopisko hidraulisko cilindru pa\u0161izg\u0101z\u0113jam<\/h2>\n<p>Izcilas kvalit\u0101tes 10 tonnu hidrauliskais cilindrs pa\u0161izg\u0101z\u0113jam ir augstas veiktsp\u0113jas un iztur\u012bgs hidrauliskais cilindrs, kas \u012bpa\u0161i paredz\u0113ts pa\u0161izg\u0101z\u0113jiem. Pateicoties t\u0101 uzlabotajai teleskopiskajai konstrukcijai, \u0161is hidrauliskais cilindrs nodro\u0161ina vienm\u0113r\u012bgu un efekt\u012bvu smagu kravu pacel\u0161anu un izg\u0101\u0161anu.<\/p>\n<p>\u0160is hidrauliskais cilindrs ir izgatavots ar precizit\u0101ti un uzman\u012bbu deta\u013c\u0101m, nodro\u0161inot izcilu kvalit\u0101ti un uzticam\u012bbu. Tas ir izgatavots, izmantojot augstas kvalit\u0101tes materi\u0101lus, kas var iztur\u0113t lielas slodzes un skarbus darba apst\u0101k\u013cus, padarot to ide\u0101li piem\u0113rotu lieto\u0161anai da\u017e\u0101dos pa\u0161izg\u0101z\u0113ju pielietojumos.<\/p>\n<p>\u0160\u012b hidraulisk\u0101 cilindra teleskopisk\u0101 konstrukcija nodro\u0161ina papla\u0161in\u0101tas sniedzam\u012bbas un palielin\u0101tas celtsp\u0113jas priek\u0161roc\u012bbas. Tas sast\u0101v no vair\u0101kiem posmiem, kurus var izvilkt vai ievilkt, nodro\u0161inot liel\u0101ku elast\u012bbu un piel\u0101go\u0161an\u0101s sp\u0113ju da\u017e\u0101dos iekrau\u0161anas un izkrau\u0161anas scen\u0101rijos.<\/p>\n<p>\u0160is cilindrs, kas apr\u012bkots ar modernu hidraulisko tehnolo\u0123iju, nodro\u0161ina izcilu kontroli un stabilit\u0101ti darb\u012bbas laik\u0101. Tam ir uzticama hidraulisk\u0101 sist\u0113ma, kas nodro\u0161ina prec\u012bzu un vienm\u0113r\u012bgu veiktsp\u0113ju, k\u0101 rezult\u0101t\u0101 pa\u0161izg\u0101z\u0113ja darb\u012bba ir efekt\u012bva un dro\u0161a.<\/p>\n<p>Izcilas kvalit\u0101tes 10 tonnu hidrauliskais cilindrs pa\u0161izg\u0101z\u0113jam ir paredz\u0113ts ne tikai izcilai veiktsp\u0113jai, bet ar\u012b vienk\u0101r\u0161ai uzst\u0101d\u012b\u0161anai un apkopei. Tas ir izstr\u0101d\u0101ts ar lietot\u0101jam draudz\u012bg\u0101m funkcij\u0101m, kas vienk\u0101r\u0161o uzst\u0101d\u012b\u0161anas procesu, ietaupot laiku un p\u016bles. Turkl\u0101t \u0161im hidrauliskajam cilindram nepiecie\u0161ama minim\u0101la apkope, samazinot d\u012bkst\u0101ves laiku un palielinot produktivit\u0101ti.<\/p>\n<table style=\"width: 100%;\" border=\"1\" width=\"100%\" cellspacing=\"0\" cellpadding=\"0\">\n<tbody>\n<tr>\n<th>Produkta nosaukums<\/th>\n<td>Lieliskas kvalit\u0101tes 10 tonnu hidrauliskais cilindrs Teleskopiskais hidrauliskais cilindrs pa\u0161izg\u0101z\u0113jam<\/td>\n<\/tr>\n<tr>\n<th>St\u0101voklis<\/th>\n<td>Jauns<\/td>\n<\/tr>\n<tr>\n<th>Garantija<\/th>\n<td>1 gads<\/td>\n<\/tr>\n<tr>\n<th>Svars (kg)<\/th>\n<td>48<\/td>\n<\/tr>\n<tr>\n<th>Maksim\u0101l\u0101 vilce<\/th>\n<td>3000<\/td>\n<\/tr>\n<tr>\n<th>Korpusa materi\u0101ls<\/th>\n<td>Iztur\u012bgs t\u0113rauds<\/td>\n<\/tr>\n<tr>\n<th>Dizains<\/th>\n<td>Teleskopiska ar virzu\u013ccilindra konstrukciju<\/td>\n<\/tr>\n<tr>\n<th>Baro\u0161anas avots<\/th>\n<td>Hidraulisk\u0101<\/td>\n<\/tr>\n<tr>\n<th>Sertifik\u0101cija<\/th>\n<td>ISO9001:2000<\/td>\n<\/tr>\n<tr>\n<th>Veiktsp\u0113ja<\/th>\n<td>Izcila veiktsp\u0113ja un uzticam\u012bba<\/td>\n<\/tr>\n<tr>\n<th>Piem\u0113rojam\u0101s nozares<\/th>\n<td>Ra\u017eo\u0161anas r\u016bpn\u012bcas, Ma\u0161\u012bnu remonta darbn\u012bcas, Lauksaimniec\u012bbas saimniec\u012bbas, Ener\u0123\u0113tika un ieguves r\u016bpniec\u012bba, Ma\u0161\u012bnu ra\u017eo\u0161ana<\/td>\n<\/tr>\n<\/tbody>\n<\/table>\n<h2>10 tonnu hidraulisk\u0101 cilindra teleskopisk\u0101 hidraulisk\u0101 cilindra \u012bpa\u0161\u012bbas<\/h2>\n<p><img decoding=\"async\" src=\"https:\/\/hzpt.com\/wp-content\/uploads\/2023\/11\/Inverted-Telescopic-Cylinder-8.webp\" alt=\"\" title=\"\"><\/p>\n<p>Hidrauliskais cilindrs ir apr\u012bkots ar daudz\u0101m funkcij\u0101m, kas to izce\u013c sav\u0101 kategorij\u0101. \u0160eit ir da\u017eas iev\u0113rojamas no t\u0101m:<\/p>\n<ol>\n<li>Standarta virzu\u013ccilindra strukt\u016bra: nodro\u0161ina efekt\u012bvu darb\u012bbu un iztur\u012bbu.<\/li>\n<li>Hidrauliskais baro\u0161anas avots: Nodro\u0161ina jaud\u012bgu sp\u0113ku smagu kravu cel\u0161anai.<\/li>\n<li>T\u0113rauda korpusa materi\u0101ls: garant\u0113 ilgm\u016b\u017e\u012bbu un iztur\u012bbu pret nodilumu.<\/li>\n<li>Maksim\u0101l\u0101 vilce 3000: Nodro\u0161ina optim\u0101lu veiktsp\u0113ju intens\u012bvas slodzes apst\u0101k\u013cos.<\/li>\n<li>Viena gada garantija: sniedz sirdsmieru ar katru pirkumu.<\/li>\n<\/ol>\n<h2>10 tonnu hidraulisk\u0101 cilindra teleskopisk\u0101 hidraulisk\u0101 cilindra pielietojums<\/h2>\n<p>\u0160\u012b hidraulisk\u0101 cilindra daudzpus\u012bba \u013cauj to izmantot da\u017e\u0101dos pielietojumos. \u0160eit ir da\u017ei no tiem:<\/p>\n<ol>\n<li>Pa\u0161izg\u0101z\u0113ji: ide\u0101li piem\u0113roti smagu kravu cel\u0161anai.<\/li>\n<li>Ra\u017eo\u0161anas r\u016bpn\u012bca: Noder\u012bga smagaj\u0101m ma\u0161\u012bn\u0101m un iek\u0101rt\u0101m.<\/li>\n<li>Ma\u0161\u012bnu remonta darbn\u012bcas: ide\u0101li piem\u0113rotas lieljaudas remontam un apkopei.<\/li>\n<li>Fermas: Pal\u012bdz pacelt smago lauksaimniec\u012bbas tehniku \u200b\u200bun tehniku.<\/li>\n<li>Ener\u0123\u0113tika un kalnr\u016bpniec\u012bba: Piem\u0113rots sare\u017e\u0123\u012bt\u0101m kalnr\u016bpniec\u012bbas darb\u012bb\u0101m.<\/li>\n<\/ol>\n<p><img decoding=\"async\" src=\"https:\/\/hzpt.com\/wp-content\/uploads\/2023\/11\/Inverted-Telescopic-Cylinder-Applications.webp\" alt=\"Apgrieztu teleskopisko cilindru pielietojumi\" title=\"\"><\/p>\n<h2>10 tonnu hidraulisk\u0101 cilindra teleskopisk\u0101 hidraulisk\u0101 cilindra darb\u012bbas princips un apkope<\/h2>\n<p>Hidrauliskais cilindrs darbojas p\u0113c vienk\u0101r\u0161a principa: hidrauliskais \u0161\u0137idrums tiek ies\u016bkn\u0113ts cilindr\u0101, kas iespie\u017e virzuli, radot sp\u0113ku, kas p\u0101rvieto kravu. \u0160\u012b produkta apkope ietver regul\u0101ras p\u0101rbaudes, t\u012br\u012b\u0161anu, e\u013c\u013co\u0161anu un bl\u012bv\u0113juma nomai\u0146u saska\u0146\u0101 ar lietot\u0101ja rokasgr\u0101matu. Regul\u0101ras p\u0101rbaudes un remonts nodro\u0161ina cilindra ilgm\u016b\u017e\u012bbu un optim\u0101lu veiktsp\u0113ju.<\/p>\n<p><img decoding=\"async\" src=\"https:\/\/hzpt.com\/wp-content\/uploads\/2023\/11\/Inverted-Telescopic-Cylinder-2.webp\" alt=\"\" title=\"\"><\/p>\n<h2>Apgriezts teleskopiskais cilindrs<\/h2>\n<p>Apgrieztais teleskopiskais cilindrs, kas paz\u012bstams ar\u012b k\u0101 reversais teleskopiskais cilindrs, ir hidraulisk\u0101 cilindra veids, ko parasti izmanto pa\u0161izg\u0101z\u0113jos un cit\u0101s lieljaudas iek\u0101rt\u0101s. Tas ir paredz\u0113ts, lai nodro\u0161in\u0101tu izcilu kvalit\u0101ti un uzticamu veiktsp\u0113ju, \u012bpa\u0161i lietojumos, kuriem nepiecie\u0161ama liela celtsp\u0113ja un iztur\u012bba.<\/p>\n<p>\u0160eit ir da\u017eas izcilas kvalit\u0101tes 10 tonnu hidraulisk\u0101 cilindra teleskopisk\u0101 hidraulisk\u0101 cilindra pa\u0161izg\u0101z\u0113jam galven\u0101s iez\u012bmes un priek\u0161roc\u012bbas:<\/p>\n<ol>\n<li><strong>Teleskopiskais dizains:<\/strong> Apgrieztais teleskopiskais cilindrs sast\u0101v no vair\u0101kiem posmiem vai sekcij\u0101m, kas var saloc\u012bties un izplesties, nodro\u0161inot liel\u0101ku kust\u012bbu diapazonu un elast\u012bbu. \u0160\u012b konstrukcija \u013cauj cilindram sasniegt gar\u0101ku g\u0101jienu, vienlaikus saglab\u0101jot kompaktu izm\u0113ru.<\/li>\n<li><strong>Augsta celtsp\u0113ja:<\/strong> Pateicoties t\u0101 iztur\u012bgajai konstrukcijai un progres\u012bvajai in\u017eenierijai, \u0161\u012b hidraulisk\u0101 cilindra celtsp\u0113ja ir 10 tonnas, kas padara to ide\u0101li piem\u0113rotu smagu kravu apstr\u0101dei pa\u0161izg\u0101z\u0113jos. Tas nodro\u0161ina uzticamu un efekt\u012bvu cel\u0161anas veiktsp\u0113ju, garant\u0113jot vienm\u0113r\u012bgu un kontrol\u0113tu materi\u0101lu izg\u0101\u0161anu.<\/li>\n<li><strong>Uzlabota stabilit\u0101te:<\/strong> Apgrieztais teleskopiskais cilindrs ir izstr\u0101d\u0101ts, lai nodro\u0161in\u0101tu izcilu stabilit\u0101ti cel\u0161anas un izg\u0101\u0161anas laik\u0101. Tam ir iztur\u012bgs virzu\u013ca stienis un cilindra korpuss, k\u0101 ar\u012b augstas kvalit\u0101tes bl\u012bv\u0113jumi, lai nov\u0113rstu nopl\u016bdes un uztur\u0113tu vienm\u0113r\u012bgu spiedienu vis\u0101 cilindr\u0101.<\/li>\n<li><strong>Ilgs kalpo\u0161anas laiks:<\/strong> \u0160is hidrauliskais cilindrs, kas izgatavots no iztur\u012bgiem materi\u0101liem un prec\u012bz\u0101m ra\u017eo\u0161anas metod\u0113m, pied\u0101v\u0101 izcilu ilgm\u016b\u017e\u012bbu un uzticam\u012bbu. Tas var iztur\u0113t skarbus darba apst\u0101k\u013cus, tostarp lielas slodzes, augstu spiedienu un bie\u017eu lieto\u0161anu, neapdraudot t\u0101 veiktsp\u0113ju vai konstrukcijas integrit\u0101ti.<\/li>\n<li><strong>Vienk\u0101r\u0161a apkope:<\/strong> Izcilas kvalit\u0101tes 10 tonnu hidrauliskais cilindrs pa\u0161izg\u0101z\u0113jam ir paredz\u0113ts vienk\u0101r\u0161ai apkopei. Tas ietver pieejamas sast\u0101vda\u013cas un vienk\u0101r\u0161as apkopes proced\u016bras, kas \u013cauj \u0101tri p\u0101rbaud\u012bt, remont\u0113t un nepiecie\u0161am\u012bbas gad\u012bjum\u0101 nomain\u012bt.<\/li>\n<\/ol>\n<p>Nosl\u0113gum\u0101 j\u0101saka, ka apgrieztais teleskopiskais cilindrs ir b\u016btiska pa\u0161izg\u0101z\u0113ju sast\u0101vda\u013ca, kas nodro\u0161ina uzticamas cel\u0161anas un izg\u0101\u0161anas iesp\u0113jas. Pateicoties t\u0101 teleskopiskajam dizainam, augstajai celtsp\u0113jai, stabilit\u0101tei, iztur\u012bbai un vieglajai apkopei, tas pied\u0101v\u0101 izcilu kvalit\u0101ti un veiktsp\u0113ju da\u017e\u0101diem lieljaudas lietojumiem. Ieguldiet izcilas kvalit\u0101tes 10 tonnu hidrauliskaj\u0101 cilindr\u0101 - teleskopiskaj\u0101 hidrauliskaj\u0101 cilindr\u0101 pa\u0161izg\u0101z\u0113jam, lai nodro\u0161in\u0101tu efekt\u012bvu un uzticamu sava apr\u012bkojuma darb\u012bbu.<\/p>\n<h3>Par FMP<\/h3>\n<p>FMP ir vado\u0161ais uz\u0146\u0113mums It\u0101lij\u0101, kas specializ\u0113jas celtniec\u012bbas tehnikas deta\u013cu un pilnu iek\u0101rtu p\u0101rdo\u0161an\u0101 un apkalpo\u0161an\u0101. Ar daudzu gadu pieredzi nozar\u0113 un profesion\u0101\u013cu komandu m\u0113s pied\u0101v\u0101jam saviem klientiem augstas kvalit\u0101tes un uzticamus risin\u0101jumus.<\/p>\n<h3>Hidrauliskais cilindrs<\/h3>\n<p>Viens no m\u016bsu galvenajiem produktiem ir hidrauliskais cilindrs. M\u016bsu cilindri ir izgatavoti no augstas kvalit\u0101tes materi\u0101liem un ir paredz\u0113ti, lai iztur\u0113tu \u0101rk\u0101rt\u0113ju spiedienu un lielas slodzes. \u0160eit ir pieci iemesli, k\u0101p\u0113c jums vajadz\u0113tu izv\u0113l\u0113ties FMP hidraulisko cilindru:<\/p>\n<ol>\n<li><strong>Augstas kvalit\u0101tes materi\u0101li:<\/strong> M\u016bsu hidrauliskie cilindri ir izgatavoti no augstas kvalit\u0101tes materi\u0101liem, kas nodro\u0161ina iztur\u012bbu un ilgsto\u0161u veiktsp\u0113ju. M\u0113s izmantojam tikai lab\u0101kos materi\u0101lus, lai nodro\u0161in\u0101tu, ka m\u016bsu cilindri var iztur\u0113t vissmag\u0101kos apst\u0101k\u013cus.<\/li>\n<li><strong>Piel\u0101gojams:<\/strong> M\u0113s pied\u0101v\u0101jam pla\u0161u hidraulisko cilindru kl\u0101stu, ko var piel\u0101got j\u016bsu \u012bpa\u0161aj\u0101m vajadz\u012bb\u0101m. M\u016bsu cilindri ir pieejami da\u017e\u0101dos izm\u0113ros, form\u0101s un dizainos, un m\u0113s varam pal\u012bdz\u0113t jums izv\u0113l\u0113ties j\u016bsu vajadz\u012bb\u0101m vispiem\u0113rot\u0101ko.<\/li>\n<li><strong>Uzticam\u012bba:<\/strong> M\u016bsu hidrauliskie cilindri ir izstr\u0101d\u0101ti, lai nodro\u0161in\u0101tu uzticamu darb\u012bbu pat vissmag\u0101kajos apst\u0101k\u013cos. M\u0113s saprotam uzticam\u012bbas noz\u012bmi un veicam visus nepiecie\u0161amos pas\u0101kumus, lai nodro\u0161in\u0101tu, ka m\u016bsu cilindri atbilst uzdevumam.<\/li>\n<li><strong>Eksperta konsult\u0101cija:<\/strong> M\u016bsu p\u0101rdo\u0161anas komandu veido celtniec\u012bbas tehnikas nozares eksperti. Vi\u0146i p\u0101rzina jaun\u0101k\u0101s tendences un var sniegt profesion\u0101lus padomus par to, kur\u0161 hidrauliskais cilindrs ir piem\u0113rots tie\u0161i Jums.<\/li>\n<li><strong>Efekt\u012bva lo\u0123istika:<\/strong> Mums ir efekt\u012bva lo\u0123istikas izplat\u012b\u0161anas sist\u0113ma, kas nodro\u0161ina, ka j\u016bs savu hidraulisko cilindru sa\u0146emat savlaic\u012bgi un prec\u012bzi. M\u0113s saprotam savlaic\u012bgas pieg\u0101des noz\u012bmi un veicam visus nepiecie\u0161amos pas\u0101kumus, lai nodro\u0161in\u0101tu, ka j\u016bsu pas\u016bt\u012bjums tiek pieg\u0101d\u0101ts laik\u0101.<\/li>\n<\/ol>\n<p>Ja mekl\u0113jat uzticamu un augstas kvalit\u0101tes hidraulisko cilindru, FMP ir \u012bst\u0101 izv\u0113le. Mums ir pieredze un zin\u0101\u0161anas, lai sniegtu jums perfektu risin\u0101jumu j\u016bsu vajadz\u012bb\u0101m.<\/p>\n<p><img decoding=\"async\" src=\"https:\/\/fmp-components.com\/wp-content\/uploads\/2024\/12\/Adjustable-Clevis-Type-Cylinders-6.webp\" alt=\"Regul\u0113jams skavu tipa cilindrs\" width=\"834\" title=\"\"><br \/>\nAutors: CX<\/p>","protected":false},"excerpt":{"rendered":"<p>Introducing the Excellent Quality 10 Ton Hydraulic Cylinder Telescopic Hydraulic Cylinder for Dump Truck The Excellent Quality 10 Ton Hydraulic Cylinder Telescopic Hydraulic Cylinder for Dump Truck is a high-performance and durable hydraulic cylinder designed specifically for dump trucks. With its advanced telescopic design, this hydraulic cylinder allows for smooth and efficient lifting and dumping [&hellip;]<\/p>","protected":false},"featured_media":1666,"comment_status":"closed","ping_status":"closed","template":"","meta":{"_et_pb_use_builder":"","_et_pb_old_content":"","_et_gb_content_width":""},"product_brand":[],"product_cat":[45],"product_tag":[34,48],"class_list":{"0":"post-1665","1":"product","2":"type-product","3":"status-publish","4":"has-post-thumbnail","6":"product_cat-inverted-telescopic-cylinder","7":"product_tag-hydraulic-cylinder","8":"product_tag-inverted-telescopic-cylinder","10":"first","11":"instock","12":"product-type-simple"},"_links":{"self":[{"href":"https:\/\/fmp-components.com\/lv\/wp-json\/wp\/v2\/product\/1665","targetHints":{"allow":["GET"]}}],"collection":[{"href":"https:\/\/fmp-components.com\/lv\/wp-json\/wp\/v2\/product"}],"about":[{"href":"https:\/\/fmp-components.com\/lv\/wp-json\/wp\/v2\/types\/product"}],"replies":[{"embeddable":true,"href":"https:\/\/fmp-components.com\/lv\/wp-json\/wp\/v2\/comments?post=1665"}],"wp:featuredmedia":[{"embeddable":true,"href":"https:\/\/fmp-components.com\/lv\/wp-json\/wp\/v2\/media\/1666"}],"wp:attachment":[{"href":"https:\/\/fmp-components.com\/lv\/wp-json\/wp\/v2\/media?parent=1665"}],"wp:term":[{"taxonomy":"product_brand","embeddable":true,"href":"https:\/\/fmp-components.com\/lv\/wp-json\/wp\/v2\/product_brand?post=1665"},{"taxonomy":"product_cat","embeddable":true,"href":"https:\/\/fmp-components.com\/lv\/wp-json\/wp\/v2\/product_cat?post=1665"},{"taxonomy":"product_tag","embeddable":true,"href":"https:\/\/fmp-components.com\/lv\/wp-json\/wp\/v2\/product_tag?post=1665"}],"curies":[{"name":"wp","href":"https:\/\/api.w.org\/{rel}","templated":true}]}}