{"id":1663,"date":"2024-12-23T07:00:44","date_gmt":"2024-12-23T07:00:44","guid":{"rendered":"https:\/\/fmp-components.com\/product\/hot-sale-hydraulic-telescopic-cylinder-dump-trailer-hydraulic-cylinder\/"},"modified":"2025-03-11T06:07:26","modified_gmt":"2025-03-11T06:07:26","slug":"hot-sale-hydraulic-telescopic-cylinder-dump-trailer-hydraulic-cylinder","status":"publish","type":"product","link":"https:\/\/fmp-components.com\/lv\/product\/hot-sale-hydraulic-telescopic-cylinder-dump-trailer-hydraulic-cylinder\/","title":{"rendered":"Karst\u0101s p\u0101rdo\u0161anas hidrauliskais teleskopiskais cilindrs pa\u0161izg\u0101z\u0113ja piekabei"},"content":{"rendered":"<p>Karst\u0101s p\u0101rdo\u0161anas hidrauliskais teleskopiskais cilindrs pa\u0161izg\u0101z\u0113ja piekabei Hidrauliskais cilindrs ir augstas kvalit\u0101tes hidrauliskais cilindrs, kas paredz\u0113ts pa\u0161izg\u0101z\u0113ju piekab\u0113m. Tas ir izgatavots no augstas iztur\u012bbas materi\u0101liem un sp\u0113j iztur\u0113t lielas slodzes un skarbus darba apst\u0101k\u013cus. \u0160is hidrauliskais cilindrs ir konstru\u0113ts, izmantojot progres\u012bvas tehnolo\u0123ijas, nodro\u0161inot uzticamu veiktsp\u0113ju un ilgu kalpo\u0161anas laiku.<\/p>\n<p>Karst\u0101s p\u0101rdo\u0161anas hidraulisk\u0101 teleskopisk\u0101 cilindra pa\u0161izg\u0101z\u0113ja piekabes hidrauliskajam cilindram ir teleskopiska konstrukcija, kas nodro\u0161ina gar\u0101ku g\u0101jienu un maz\u0101ku ievilktu garumu, padarot to par ide\u0101lu izv\u0113li pa\u0161izg\u0101z\u0113ju piekab\u0113m ar ierobe\u017eotu vietu. Tas ir apr\u012bkots ar\u012b ar augstspiediena bl\u012bv\u0113jumu, kas nov\u0113r\u0161 e\u013c\u013cas nopl\u016bdes un nodro\u0161ina vienm\u0113r\u012bgu darb\u012bbu.<\/p>\n<p>\u0160o hidraulisko cilindru ir viegli uzst\u0101d\u012bt un uztur\u0113t, padarot to par rentablu risin\u0101jumu pa\u0161izg\u0101z\u0113ju piekabju \u012bpa\u0161niekiem, kuri v\u0113las uzlabot sava apr\u012bkojuma veiktsp\u0113ju. Tas ir pieejams da\u017e\u0101dos izm\u0113ros, lai atbilstu da\u017e\u0101d\u0101m pras\u012bb\u0101m, un to var piel\u0101got konkr\u0113t\u0101m vajadz\u012bb\u0101m.<\/p>\n<p>Kopum\u0101 karst\u0101s p\u0101rdo\u0161anas hidraulisk\u0101 teleskopisk\u0101 cilindra pa\u0161izg\u0101z\u0113ja piekabes hidrauliskais cilindrs ir uzticams un efekt\u012bvs hidrauliskais cilindrs, kas var pal\u012bdz\u0113t uzlabot pa\u0161izg\u0101z\u0113ju piekabju veiktsp\u0113ju. Tas ir lielisks ieguld\u012bjums ikvienam, kur\u0161 v\u0113las uzlabot savu pa\u0161izg\u0101z\u0113ju piekabju darb\u012bbu funkcionalit\u0101ti un produktivit\u0101ti.<\/p>\n<div>\n<h2>Augst\u0101k\u0101s klases hidrauliskais teleskopiskais cilindrs pa\u0161izg\u0101z\u0113ja piekabei<\/h2>\n<table style=\"width: 100%;\" border=\"1\" width=\"100%\" cellspacing=\"0\" cellpadding=\"0\">\n<tbody>\n<tr>\n<th>Produkta nosaukums<\/th>\n<td>Hidrauliskais teleskopiskais cilindrs pa\u0161izg\u0101z\u0113ja piekabei<\/td>\n<\/tr>\n<tr>\n<th>St\u0101voklis<\/th>\n<td>Jauns<\/td>\n<\/tr>\n<tr>\n<th>Materi\u0101ls<\/th>\n<td>Iztur\u012bgs t\u0113rauds<\/td>\n<\/tr>\n<tr>\n<th>Maksim\u0101l\u0101 vilce<\/th>\n<td>3000<\/td>\n<\/tr>\n<tr>\n<th>Maksim\u0101lais vilk\u0161anas sp\u0113ks<\/th>\n<td>20 tonnas<\/td>\n<\/tr>\n<tr>\n<th>Sertifik\u0101cija<\/th>\n<td>ISO9001:2000<\/td>\n<\/tr>\n<tr>\n<th>Urbuma izm\u0113rs<\/th>\n<td>2\u20136 collas<\/td>\n<\/tr>\n<tr>\n<th>Stie\u0146a izm\u0113rs<\/th>\n<td>1,125\u20134 collas<\/td>\n<\/tr>\n<tr>\n<th>Trieciena izm\u0113rs<\/th>\n<td>6\u201348 collas<\/td>\n<\/tr>\n<tr>\n<th>Tapas izm\u0113rs<\/th>\n<td>0,5\u20132 collas<\/td>\n<\/tr>\n<tr>\n<th>Kr\u0101sa<\/th>\n<td>Elegants melns<\/td>\n<\/tr>\n<tr>\n<th>Piem\u0113rojam\u0101s nozares<\/th>\n<td>Ra\u017eo\u0161anas r\u016bpn\u012bcas, Ma\u0161\u012bnu remonta darbn\u012bcas, Lauksaimniec\u012bbas saimniec\u012bbas, Ener\u0123\u0113tika un ieguves r\u016bpniec\u012bba, Ma\u0161\u012bnu r\u016bpn\u012bcas<\/td>\n<\/tr>\n<\/tbody>\n<\/table>\n<h2>M\u016bsu hidraulisk\u0101 teleskopisk\u0101 cilindra galven\u0101s iez\u012bmes<\/h2>\n<ul>\n<li>\u013boti daudzpus\u012bgs ar pielietojumu daudz\u0101s nozar\u0113s<\/li>\n<li>Izcila nestsp\u0113ja ar maksim\u0101lo vilci 3000 tonnu un maksim\u0101lo vilkmi 20 tonnas<\/li>\n<li>Standarta konstrukcija un hidraulisk\u0101 jauda optim\u0101lai veiktsp\u0113jai<\/li>\n<li>Izgatavots no iztur\u012bga t\u0113rauda, \u200b\u200blai nodro\u0161in\u0101tu iztur\u012bbu un ilgm\u016b\u017e\u012bbu<\/li>\n<li>ISO9001:2000 sertifik\u0101ts, kas nodro\u0161ina kvalit\u0101ti un atbilst\u012bbu starptautiskajiem standartiem<\/li>\n<\/ul>\n<p><img decoding=\"async\" src=\"https:\/\/hzpt.com\/wp-content\/uploads\/2023\/11\/Inverted-Telescopic-Cylinder-15.webp\" alt=\"\" title=\"\"><\/p>\n<h2>Hidraulisk\u0101 teleskopisk\u0101 cilindra pa\u0161izg\u0101z\u0113ja hidraulisk\u0101 cilindra pielietojums<\/h2>\n<ul>\n<li>Ma\u0161\u012bnu ra\u017eo\u0161anas un mont\u0101\u017eas r\u016bpn\u012bcas<\/li>\n<li>Ma\u0161\u012bnu remonta darbn\u012bcas iek\u0101rtu apkopei un kapit\u0101lajam remontam<\/li>\n<li>Lauksaimniec\u012bbas tehnikas saimniec\u012bbas, kas paredz\u0113tas smag\u0101s lauksaimniec\u012bbas tehnikas ra\u017eo\u0161anai<\/li>\n<li>Ener\u0123\u0113tikas un kalnr\u016bpniec\u012bbas nozares rak\u0161anas un urb\u0161anas iek\u0101rt\u0101m<\/li>\n<li>Ma\u0161\u012bnu r\u016bpn\u012bcas augstas klases r\u016bpniecisko iek\u0101rtu ra\u017eo\u0161anai<\/li>\n<\/ul>\n<p><img decoding=\"async\" src=\"https:\/\/hzpt.com\/wp-content\/uploads\/2023\/11\/Inverted-Telescopic-Cylinder-Applications.webp\" alt=\"Apgrieztu teleskopisko cilindru pielietojumi\" title=\"\"><\/p>\n<h2>Darb\u012bbas princips un apkope<\/h2>\n<p>Hidrauliskais teleskopiskais cilindrs darbojas, pamatojoties uz vienk\u0101r\u0161u \u0161\u0137idruma saspie\u0161anas principu. Kad hidrauliskais \u0161\u0137idrums tiek ievad\u012bts cilindr\u0101 caur atveri, rodas spiediens, kas pagarina virzu\u013ca stieni un \u0123ener\u0113 izejas sp\u0113ku. \u0160o sp\u0113c\u012bgo sp\u0113ku var izmantot da\u017e\u0101diem pielietojumiem, s\u0101kot no smagu kravu cel\u0161anas l\u012bdz sare\u017e\u0123\u012btu ma\u0161\u012bnu vad\u012b\u0161anai.<\/p>\n<p>Regul\u0101ra apkope ir \u013coti svar\u012bga optim\u0101lai veiktsp\u0113jai un ilgm\u016b\u017e\u012bbai. Tas ietver regul\u0101ras p\u0101rbaudes, lai atkl\u0101tu jebk\u0101das nodiluma vai boj\u0101jumu paz\u012bmes, t\u012br\u012b\u0161anu, lai no\u0146emtu putek\u013cus un gru\u017eus, e\u013c\u013co\u0161anu, lai samazin\u0101tu berzi un nov\u0113rstu nodilumu, k\u0101 ar\u012b regul\u0101ru bl\u012bvju nomai\u0146u. Konkr\u0113tus apkopes nor\u0101d\u012bjumus vienm\u0113r skatiet lietot\u0101ja rokasgr\u0101mat\u0101.<\/p>\n<p><img decoding=\"async\" src=\"https:\/\/hzpt.com\/wp-content\/uploads\/2023\/11\/Inverted-Telescopic-Cylinder-3.webp\" alt=\"\" title=\"\"><\/p>\n<\/div>\n<h2>Apgriezts teleskopiskais cilindrs<\/h2>\n<p>Apgriezts teleskopiskais cilindrs, kas paz\u012bstams ar\u012b k\u0101 hidrauliskais teleskopiskais cilindrs, ir hidraulisk\u0101 izpildmeh\u0101nisma veids, ko parasti izmanto da\u017e\u0101d\u0101s nozar\u0113s. Tas sast\u0101v no virknes ligzdotu cilindrisku sekciju, kas izstiepjas un ievelkas, lai nodro\u0161in\u0101tu line\u0101ru kust\u012bbu. \u0160ie cilindri tiek pla\u0161i izmantoti lietojumos, kur nepiecie\u0161ama kompakta un efekt\u012bva hidraulisk\u0101 sist\u0113ma.<\/p>\n<p>Apgrieztu teleskopisko cilindru izmanto\u0161anai ir vair\u0101kas galven\u0101s iez\u012bmes un priek\u0161roc\u012bbas:<\/p>\n<ol>\n<li style=\"list-style-type: none;\">\n<ol>\n<li>Efekt\u012bva konstrukcija: Ligzdoto cilindru konstrukcija nodro\u0161ina maz\u0101ku salikt\u0101 garuma pak\u0101pi sal\u012bdzin\u0101jum\u0101 ar cita veida hidrauliskajiem cilindriem. \u0160\u012b kompakt\u0101 konstrukcija ir \u012bpa\u0161i noder\u012bga telp\u0101s ar ierobe\u017eotu vietu.<\/li>\n<\/ol>\n<\/li>\n<\/ol>\n<p>Karst\u0101s p\u0101rdo\u0161anas hidrauliskais teleskopiskais cilindrs<\/p>\n<ol>\n<li style=\"list-style-type: none;\">\n<ol>\n<li>Izcila iztur\u012bba: Apgrieztie teleskopiskie cilindri ir paredz\u0113ti, lai iztur\u0113tu lielas slodzes un augstu spiedienu. Augstas kvalit\u0101tes materi\u0101lu un prec\u012bzu ra\u017eo\u0161anas meto\u017eu izmanto\u0161ana nodro\u0161ina to iztur\u012bbu un uzticam\u012bbu.<\/li>\n<li>Uzlabota stabilit\u0101te: Cilindra ligzdot\u0101s da\u013cas nodro\u0161ina paaugstin\u0101tu stabilit\u0101ti darb\u012bbas laik\u0101. \u0160\u012b funkcija ir \u013coti svar\u012bga lietojumos, kuros nepiecie\u0161amas prec\u012bzas un kontrol\u0113tas kust\u012bbas.<\/li>\n<li>Vienm\u0113r\u012bga darb\u012bba: Apgrieztie teleskopiskie cilindri izstiep\u0161anai un ievilk\u0161anai izmanto hidraulisko \u0161\u0137idrumu, nodro\u0161inot vienm\u0113r\u012bgu un vienm\u0113r\u012bgu kust\u012bbu. Tas nodro\u0161ina prec\u012bzu pozicion\u0113\u0161anu un samazina sist\u0113mas nodilumu.<\/li>\n<li>Main\u0101ms g\u0101jiena garums: \u0160ie cilindri pied\u0101v\u0101 iesp\u0113ju piel\u0101got g\u0101jiena garumu atbilsto\u0161i konkr\u0113t\u0101m pielietojuma pras\u012bb\u0101m. \u0160\u012b regul\u0113jam\u012bba \u013cauj piel\u0101got risin\u0101jumus un uzlabot efektivit\u0101ti.<\/li>\n<li>Da\u017e\u0101di pielietojumi: Apgrieztie teleskopiskie cilindri tiek izmantoti da\u017e\u0101d\u0101s nozar\u0113s, tostarp b\u016bvniec\u012bb\u0101, lauksaimniec\u012bb\u0101, materi\u0101lu apstr\u0101d\u0113 un transport\u0101. Tos parasti izmanto pa\u0161izg\u0101z\u0113ju piekab\u0113s, hidrauliskaj\u0101s pres\u0113s un cel\u0161anas iek\u0101rt\u0101s.<\/li>\n<\/ol>\n<\/li>\n<\/ol>\n<p>Pa\u0161izg\u0101z\u0113ja piekabes hidrauliskais cilindrs<\/p>\n<ol>\n<li>Vienk\u0101r\u0161a apkope: Apgriezto teleskopisko cilindru konstrukcija vienk\u0101r\u0161o apkopes proced\u016bras. Ligzdot\u0101s sekcijas var viegli izjaukt p\u0101rbaudei, remontam vai deta\u013cu nomai\u0146ai, t\u0101d\u0113j\u0101di samazinot d\u012bkst\u0101ves laiku.<\/li>\n<\/ol>\n<p>Kopum\u0101 apgrieztais teleskopiskais cilindrs ir daudzpus\u012bgs un efekt\u012bvs hidrauliskais izpildmeh\u0101nisms, kas pied\u0101v\u0101 daudzas priek\u0161roc\u012bbas da\u017e\u0101dos pielietojumos. T\u0101 kompaktais dizains, izcil\u0101 iztur\u012bba un vienm\u0113r\u012bg\u0101 darb\u012bba padara to par popul\u0101ru izv\u0113li nozar\u0113s, kur\u0101s nepiecie\u0161ama prec\u012bza line\u0101ra kust\u012bba. Neatkar\u012bgi no t\u0101, vai tas ir pa\u0161izg\u0101z\u0113ja piekabes hidrauliskais cilindrs vai jebkur\u0161 cits pielietojums, \u0161ie cilindri nodro\u0161ina uzticamu veiktsp\u0113ju un veicina hidraulisko sist\u0113mu kop\u0113jo produktivit\u0101ti.<\/p>\n<h3>Par FMP \u2013 profesion\u0101lu hidraulisko cilindru ra\u017eot\u0101ju un p\u0101rdev\u0113ju<\/h3>\n<p>Mekl\u0113jat uzticamu un augstas kvalit\u0101tes hidraulisko cilindru savai celtniec\u012bbas tehnikai? FMP ir \u012bst\u0101 izv\u0113le! K\u0101 profesion\u0101ls celtniec\u012bbas tehnikas deta\u013cu un nokomplekt\u0113tu iek\u0101rtu ra\u017eot\u0101js un p\u0101rdev\u0113js, m\u0113s pied\u0101v\u0101jam pla\u0161u hidraulisko cilindru kl\u0101stu, kas paredz\u0113ts da\u017e\u0101du pielietojumu vajadz\u012bb\u0101m.<\/p>\n<p>\u0160eit ir da\u017ei iemesli, k\u0101p\u0113c jums vajadz\u0113tu izv\u0113l\u0113ties FMP hidrauliskos cilindrus:<\/p>\n<p>1. Augstas kvalit\u0101tes materi\u0101li \u2013 M\u016bsu hidrauliskie cilindri ir izgatavoti no augst\u0101k\u0101s kvalit\u0101tes materi\u0101liem, lai nodro\u0161in\u0101tu iztur\u012bbu, uzticam\u012bbu un ilgu kalpo\u0161anas laiku. M\u0113s ieg\u016bstam materi\u0101lus no augstas kvalit\u0101tes pieg\u0101d\u0101t\u0101jiem gan m\u0101j\u0101s, gan \u0101rzem\u0113s un pak\u013caujam tos stingriem kvalit\u0101tes kontroles standartiem.<\/p>\n<p>2. Piel\u0101gojami dizaini \u2014 m\u0113s pied\u0101v\u0101jam pla\u0161u hidraulisko cilindru dizainu kl\u0101stu un varam ar\u012b piel\u0101got dizainus atbilsto\u0161i klientu vajadz\u012bb\u0101m un specifik\u0101cij\u0101m. Neatkar\u012bgi no t\u0101, vai jums ir nepiecie\u0161ams standarta cilindrs vai piel\u0101gots risin\u0101jums, m\u0113s varam pal\u012bdz\u0113t jums atrast pareizo produktu.<\/p>\n<p>3. Pla\u0161s pielietojuma kl\u0101sts \u2014 m\u016bsu hidrauliskie cilindri ir piem\u0113roti da\u017e\u0101d\u0101m celtniec\u012bbas ma\u0161\u012bn\u0101m, tostarp lauksaimniec\u012bbas ma\u0161\u012bn\u0101m, r\u016bpniec\u012bbas iek\u0101rt\u0101m un cit\u0101m. S\u0101kot no st\u0101d\u012b\u0161anas ma\u0161\u012bnu cilindriem l\u012bdz ekskavatoru cilindriem, mums ir piem\u0113rots produkts j\u016bsu vajadz\u012bb\u0101m.<\/p>\n<p>4. Profesion\u0101las konsult\u0101cijas \u2013 m\u016bsu pieredz\u0113ju\u0161\u0101 p\u0101rdo\u0161anas komanda vienm\u0113r ir pieejama, lai sniegtu profesion\u0101las konsult\u0101cijas par produktiem un p\u0101rdom\u0101tus pirk\u0161anas ieteikumus. M\u0113s sekojam l\u012bdzi jaun\u0101kaj\u0101m tendenc\u0113m un klientu vajadz\u012bb\u0101m b\u016bvniec\u012bbas tehnikas nozar\u0113, lai nodro\u0161in\u0101tu vislab\u0101ko servisu m\u016bsu klientiem.<\/p>\n<p>5. Efekt\u012bva lo\u0123istika \u2014 mums ir efekt\u012bva lo\u0123istikas izplat\u012b\u0161anas sist\u0113ma, lai nodro\u0161in\u0101tu, ka klienti savlaic\u012bgi un prec\u012bzi sa\u0146em nepiecie\u0161am\u0101s deta\u013cas. M\u0113s saprotam, cik svar\u012bgi ir samazin\u0101t d\u012bkst\u0101ves laiku un nodro\u0161in\u0101t j\u016bsu iek\u0101rtu nevainojamu darb\u012bbu.<\/p>\n<p>Izmantojot FMP hidrauliskos cilindrus, j\u016bs varat b\u016bt p\u0101rliecin\u0101ti par savu celtniec\u012bbas ma\u0161\u012bnu kvalit\u0101ti un uzticam\u012bbu. Sazinieties ar mums jau \u0161odien, lai uzzin\u0101tu vair\u0101k par m\u016bsu produktiem un to, k\u0101 m\u0113s varam pal\u012bdz\u0113t jums atrast pareizo risin\u0101jumu j\u016bsu vajadz\u012bb\u0101m.<\/p>\n<p><img decoding=\"async\" src=\"https:\/\/fmp-components.com\/wp-content\/uploads\/2024\/12\/Adjustable-Clevis-Type-Cylinders-6.webp\" alt=\"Regul\u0113jams skavu tipa cilindrs\" width=\"833\" title=\"\"><br \/>\nAutors: CX<\/p>","protected":false},"excerpt":{"rendered":"<p>Hot Sale Hydraulic Telescopic Cylinder Dump Trailer Hydraulic Cylinder is a high-quality hydraulic cylinder designed for dump trailers. It is made of high-strength materials and is capable of withstanding heavy loads and harsh working conditions. This hydraulic cylinder is engineered with advanced technology, ensuring a reliable performance and long service life. The Hot Sale Hydraulic [&hellip;]<\/p>","protected":false},"featured_media":1664,"comment_status":"closed","ping_status":"closed","template":"","meta":{"_et_pb_use_builder":"","_et_pb_old_content":"","_et_gb_content_width":""},"product_brand":[],"product_cat":[45],"product_tag":[34,48],"class_list":{"0":"post-1663","1":"product","2":"type-product","3":"status-publish","4":"has-post-thumbnail","6":"product_cat-inverted-telescopic-cylinder","7":"product_tag-hydraulic-cylinder","8":"product_tag-inverted-telescopic-cylinder","10":"first","11":"instock","12":"product-type-simple"},"_links":{"self":[{"href":"https:\/\/fmp-components.com\/lv\/wp-json\/wp\/v2\/product\/1663","targetHints":{"allow":["GET"]}}],"collection":[{"href":"https:\/\/fmp-components.com\/lv\/wp-json\/wp\/v2\/product"}],"about":[{"href":"https:\/\/fmp-components.com\/lv\/wp-json\/wp\/v2\/types\/product"}],"replies":[{"embeddable":true,"href":"https:\/\/fmp-components.com\/lv\/wp-json\/wp\/v2\/comments?post=1663"}],"wp:featuredmedia":[{"embeddable":true,"href":"https:\/\/fmp-components.com\/lv\/wp-json\/wp\/v2\/media\/1664"}],"wp:attachment":[{"href":"https:\/\/fmp-components.com\/lv\/wp-json\/wp\/v2\/media?parent=1663"}],"wp:term":[{"taxonomy":"product_brand","embeddable":true,"href":"https:\/\/fmp-components.com\/lv\/wp-json\/wp\/v2\/product_brand?post=1663"},{"taxonomy":"product_cat","embeddable":true,"href":"https:\/\/fmp-components.com\/lv\/wp-json\/wp\/v2\/product_cat?post=1663"},{"taxonomy":"product_tag","embeddable":true,"href":"https:\/\/fmp-components.com\/lv\/wp-json\/wp\/v2\/product_tag?post=1663"}],"curies":[{"name":"wp","href":"https:\/\/api.w.org\/{rel}","templated":true}]}}