{"id":1659,"date":"2024-12-23T07:00:44","date_gmt":"2024-12-23T07:00:44","guid":{"rendered":"https:\/\/fmp-components.com\/product\/professional-5-ton-dump-trailer-cylinders-hydraulic\/"},"modified":"2025-03-11T06:07:13","modified_gmt":"2025-03-11T06:07:13","slug":"professional-5-ton-dump-trailer-cylinders-hydraulic","status":"publish","type":"product","link":"https:\/\/fmp-components.com\/lv\/product\/professional-5-ton-dump-trailer-cylinders-hydraulic\/","title":{"rendered":"Profesion\u0101li 5 tonnu pa\u0161izg\u0101z\u0113ja piekabes cilindri hidrauliski"},"content":{"rendered":"<p>Profesion\u0101l\u0101 5 tonnu pa\u0161izg\u0101z\u0113ja piekabe ar hidrauliskajiem cilindriem ir augst\u0101k\u0101s klases produkts, kas paredz\u0113ts lieljaudas p\u0101rvad\u0101\u0161anai un izg\u0101\u0161anai. \u0160\u012b pa\u0161izg\u0101z\u0113ja piekabe ir ide\u0101li piem\u0113rota komerci\u0101lai lieto\u0161anai un pied\u0101v\u0101 izcilu funkcionalit\u0101ti, kas nav sal\u012bdzin\u0101ma ar cit\u0101m piekab\u0113m \u0161aj\u0101 klas\u0113.<\/p>\n<p>Viena no \u0161\u012bs pa\u0161izg\u0101z\u0113ja piekabes izcil\u0101kaj\u0101m iez\u012bm\u0113m ir t\u0101s hidrauliskie cilindri, kas nodro\u0161ina vienm\u0113r\u012bgu un uzticamu pacel\u0161anas un izg\u0101\u0161anas sp\u0113ju. Piekabes hidraulisko sist\u0113mu darbina augstas kvalit\u0101tes s\u016bknis, un t\u0101 ir apr\u012bkota ar uzticamu akumulatoru \u0113rtai darb\u012bbai.<\/p>\n<p>\u0160\u012b pa\u0161izg\u0101z\u0113ja piekabe, kas izgatavota no iztur\u012bga t\u0113rauda, \u200b\u200bir rad\u012bta ilgam kalpo\u0161anas laikam. Tai ir liela platforma ar augst\u0101m mal\u0101m, kas padara to ide\u0101li piem\u0113rotu lielu zemes, akme\u0146u un citu smagu materi\u0101lu p\u0101rvad\u0101\u0161anai. Piekabei ir ar\u012b iztur\u012bgs \u0101\u0137is dro\u0161ai piestiprin\u0101\u0161anai pie kravas automa\u0161\u012bnas vai cita transportl\u012bdzek\u013ca.<\/p>\n<table style=\"width: 100%;\" border=\"1\" width=\"100%\" cellspacing=\"0\" cellpadding=\"0\">\n<tbody>\n<tr>\n<th>Produkta nosaukums<\/th>\n<td>Profesion\u0101la 5 tonnu pa\u0161izg\u0101z\u0113ja piekabe ar hidrauliskajiem cilindriem<\/td>\n<\/tr>\n<tr>\n<th>St\u0101voklis<\/th>\n<td>Jauns<\/td>\n<\/tr>\n<tr>\n<th>Garantija<\/th>\n<td>1 gads<\/td>\n<\/tr>\n<tr>\n<th>Svars (kg)<\/th>\n<td>63<\/td>\n<\/tr>\n<tr>\n<th>Korpusa materi\u0101ls<\/th>\n<td>Iztur\u012bgs t\u0113rauds<\/td>\n<\/tr>\n<tr>\n<th>Maksim\u0101l\u0101 vilce<\/th>\n<td>3000<\/td>\n<\/tr>\n<tr>\n<th>Kr\u0101sa<\/th>\n<td>Elegants melns<\/td>\n<\/tr>\n<tr>\n<th>Dizains<\/th>\n<td>Virzu\u013ca cilindra struktur\u0113t\u0101 hidraulisk\u0101 sist\u0113ma<\/td>\n<\/tr>\n<tr>\n<th>Veiktsp\u0113ja<\/th>\n<td>Iztur\u012bgs un uzticams lieljaudas p\u0101rvad\u0101\u0161anai un izg\u0101\u0161anai<\/td>\n<\/tr>\n<tr>\n<th>Piem\u0113rojam\u0101s nozares<\/th>\n<td>Ra\u017eo\u0161anas r\u016bpn\u012bcas, Ma\u0161\u012bnu remonta darbn\u012bcas, Lauksaimniec\u012bbas saimniec\u012bbas, Ener\u0123\u0113tika un ieguves r\u016bpniec\u012bba, Ma\u0161\u012bnu ra\u017eo\u0161ana, Ma\u0161\u012bnu r\u016bpn\u012bcas<\/td>\n<\/tr>\n<\/tbody>\n<\/table>\n<h2>5 tonnu pa\u0161izg\u0101z\u0113ja piekabes cilindru hidraulisko izcil\u0101s \u012bpa\u0161\u012bbas<\/h2>\n<p><img decoding=\"async\" src=\"https:\/\/hzpt.com\/wp-content\/uploads\/2023\/11\/Inverted-Telescopic-Cylinder-21.webp\" alt=\"\" title=\"\"><\/p>\n<ul>\n<li><strong>Standarta strukt\u016bra:<\/strong> Standarta konstrukcijas virzu\u013ccilindrs nodro\u0161ina produkta funkcionalit\u0101ti un efektivit\u0101ti.<\/li>\n<li><strong>Augsta jauda:<\/strong> \u0160\u012b produkta hidraulisk\u0101 jauda nodro\u0161ina vienm\u0113r\u012bgu darb\u012bbu un augstu veiktsp\u0113ju.<\/li>\n<li><strong>Iztur\u012bgs materi\u0101ls:<\/strong> Izgatavots no t\u0113rauda, \u200b\u200bprodukts sola iztur\u012bbu un ilgm\u016b\u017e\u012bbu.<\/li>\n<li><strong>Augsta vilce un vilkme:<\/strong> Ar maksim\u0101lo vilces sp\u0113ku 3000 tonnu un maksim\u0101lo vilk\u0161anas sp\u0113ku 20 tonnu, \u0161is produkts garant\u0113 augstu veiktsp\u0113ju jebkuros apst\u0101k\u013cos.<\/li>\n<li><strong>ISO sertific\u0113ts:<\/strong> Produktam ir ISO9001:2000 sertifik\u0101ts, kas apliecina t\u0101 kvalit\u0101ti un uzticam\u012bbu.<\/li>\n<\/ul>\n<h2>5 tonnu pa\u0161izg\u0101z\u0113ja piekabes cilindru hidraulisko pielietojumu<\/h2>\n<ul>\n<li style=\"list-style-type: none;\">\n<ul>\n<li><strong>Ra\u017eo\u0161anas r\u016bpn\u012bcas:<\/strong> \u0160o produktu var izmantot ra\u017eo\u0161anas r\u016bpn\u012bc\u0101s, kur\u0101s tiek veikti smagie darbi.<\/li>\n<\/ul>\n<\/li>\n<\/ul>\n<ul>\n<li><strong>Ma\u0161\u012bnu remonta darbn\u012bcas:<\/strong> To var izmantot ma\u0161\u012bnu remonta darbn\u012bc\u0101s remontam un apkopei.<\/li>\n<li><strong>Fermas:<\/strong> Produkts ir piem\u0113rots da\u017e\u0101diem lauksaimniec\u012bbas darbiem, kas prasa smagu kravu cel\u0161anu un izg\u0101\u0161anu.<\/li>\n<li><strong>Ener\u0123\u0113tika un ieguves r\u016bpniec\u012bba:<\/strong> Produktu var izmantot ener\u0123\u0113tikas un kalnr\u016bpniec\u012bbas nozar\u0113s rak\u0161anas darbiem un citiem smagiem darbiem.<\/li>\n<li><strong>Ma\u0161\u012bnu ra\u017eo\u0161ana:<\/strong> \u0160o produktu var izmantot ma\u0161\u012bnb\u016bv\u0113 smago ma\u0161\u012bnu ra\u017eo\u0161anai.<\/li>\n<\/ul>\n<p><img decoding=\"async\" src=\"https:\/\/hzpt.com\/wp-content\/uploads\/2023\/11\/Inverted-Telescopic-Cylinder-Applications.webp\" alt=\"Apgrieztu teleskopisko cilindru pielietojumi\" title=\"\"><\/p>\n<h2>5 tonnu pa\u0161izg\u0101z\u0113ja piekabes cilindru hidraulisk\u0101 darba princips un apkope<\/h2>\n<ul>\n<li><strong>Konfigur\u0101cija:<\/strong> Produkta virzu\u013ccilindra strukt\u016bra nodro\u0161ina vienm\u0113r\u012bgu darb\u012bbu.<\/li>\n<li><strong>Hidraulisk\u0101 \u0161\u0137idruma ievade:<\/strong> Produkta hidraulisk\u0101 jauda nodro\u0161ina optim\u0101lu veiktsp\u0113ju un efektivit\u0101ti.<\/li>\n<li><strong>Izejas sp\u0113ks:<\/strong> Ar maksim\u0101lo vilces sp\u0113ku 3000 tonnu un maksim\u0101lo vilk\u0161anas sp\u0113ku 20 tonnu, \u0161is produkts garant\u0113 augstu veiktsp\u0113ju jebkuros apst\u0101k\u013cos.<\/li>\n<li><strong>Regul\u0101ra p\u0101rbaude:<\/strong> Produkts ir regul\u0101ri j\u0101p\u0101rbauda, \u200b\u200blai nodro\u0161in\u0101tu t\u0101 ilgm\u016b\u017e\u012bbu un efektivit\u0101ti.<\/li>\n<li><strong>T\u012br\u012b\u0161ana un e\u013c\u013co\u0161ana:<\/strong> Lai nodro\u0161in\u0101tu produkta netrauc\u0113tu darb\u012bbu, nepiecie\u0161ama regul\u0101ra t\u012br\u012b\u0161ana un e\u013c\u013co\u0161ana.<\/li>\n<\/ul>\n<p><img decoding=\"async\" src=\"https:\/\/hzpt.com\/wp-content\/uploads\/2023\/11\/Inverted-Telescopic-Cylinder-25.webp\" alt=\"\" title=\"\"><\/p>\n<h2>Apgriezts teleskopiskais cilindrs<\/h2>\n<p>Profesion\u0101lie 5 tonnu pa\u0161izg\u0101z\u0113ju piekabes hidrauliskie cilindri ir izstr\u0101d\u0101ti, lai nodro\u0161in\u0101tu uzlabotu veiktsp\u0113ju un uzticam\u012bbu da\u017e\u0101diem hidrauliskiem pielietojumiem. Viens no visizplat\u012bt\u0101kajiem hidraulisko cilindru veidiem ir apgrieztais teleskopiskais cilindrs, ko pla\u0161i izmanto b\u016bvniec\u012bbas, transporta un lauksaimniec\u012bbas nozar\u0113s.<\/p>\n<h3>Dizains un funkcionalit\u0101te<\/h3>\n<p>Apgrieztais teleskopiskais cilindrs ir hidraulisk\u0101 cilindra veids ar unik\u0101lu dizainu, kur\u0101 virzu\u013ca stienis atrodas cilindra apak\u0161\u0101, bet cilindra korpuss - aug\u0161pus\u0113. \u0160\u012b konstrukcija \u013cauj cilindram nodro\u0161in\u0101t gar\u0101ku g\u0101jiena garumu, vienlaikus aiz\u0146emot maz\u0101k vietas, padarot to ide\u0101li piem\u0113rotu lietojumiem ar ierobe\u017eotu vietu.<\/p>\n<p>Cilindrs sast\u0101v no div\u0101m pak\u0101p\u0113m, no kur\u0101m katra satur virzu\u013ca un cilindra mezglu. Liel\u0101k\u0101 diametra pak\u0101pe atrodas aug\u0161pus\u0113, bet maz\u0101k\u0101 diametra pak\u0101pe - apak\u0161\u0101. Kad tiek pielikts hidrauliskais spiediens, maz\u0101k\u0101s pak\u0101pes virzulis izstiepjas, spie\u017eot liel\u0101k\u0101s pak\u0101pes virzuli uz aug\u0161u, kas savuk\u0101rt izstiepj virzu\u013ca stieni.<\/p>\n<h3>Priek\u0161roc\u012bbas<\/h3>\n<p>Apgrieztajam teleskopiskajam cilindram ir vair\u0101kas priek\u0161roc\u012bbas sal\u012bdzin\u0101jum\u0101 ar cita veida hidrauliskajiem cilindriem, tostarp:<\/p>\n<ul>\n<li><strong>Kompakts dizains:<\/strong> Apgriezt\u0101 teleskopisk\u0101 cilindra unik\u0101lais dizains \u013cauj tam aiz\u0146emt maz\u0101k vietas, vienlaikus nodro\u0161inot gar\u0101ku g\u0101jiena garumu, padarot to ide\u0101li piem\u0113rotu lietojumiem ar ierobe\u017eotu vietu.<\/li>\n<li><strong>Paaugstin\u0101ta efektivit\u0101te:<\/strong> Balona divpak\u0101pju konstrukcija \u013cauj tam nodro\u0161in\u0101t liel\u0101ku efektivit\u0101ti nek\u0101 cita veida cilindriem, jo \u200b\u200btas samazina virzu\u013ca stie\u0146a pagarin\u0101\u0161anai nepiecie\u0161amo \u0161\u0137idruma daudzumu.<\/li>\n<li><strong>Uzlabota stabilit\u0101te:<\/strong> Apgrieztais teleskopiskais cilindrs nodro\u0161ina uzlabotu stabilit\u0101ti un kontroli sal\u012bdzin\u0101jum\u0101 ar cita veida cilindriem, pateicoties t\u0101 zemajam smaguma centram un uzlabotajam svara sadal\u012bjumam.<\/li>\n<li><strong>Zem\u0101ka apkope:<\/strong> Cilindra konstrukcija samazina kust\u012bgo deta\u013cu skaitu, kas samazina atteices iesp\u0113jam\u012bbu un samazina apkopes izmaksas.<\/li>\n<\/ul>\n<h3>Pieteikumi<\/h3>\n<p>Apgrieztais teleskopiskais cilindrs tiek pla\u0161i izmantots da\u017e\u0101dos pielietojumos, tostarp:<\/p>\n<ul>\n<li><strong>B\u016bvniec\u012bba:<\/strong> Apgriezti teleskopiskie cilindri tiek izmantoti celtniec\u012bbas iek\u0101rt\u0101s, piem\u0113ram, ekskavatoros, ekskavatoros un celt\u0146os, lai nodro\u0161in\u0101tu prec\u012bzu kontroli p\u0101r smag\u0101m krav\u0101m un stiprin\u0101jumiem.<\/li>\n<li><strong>Transports:<\/strong> Cilindru izmanto transporta apr\u012bkojum\u0101, piem\u0113ram, pa\u0161izg\u0101z\u0113jos, piekab\u0113s un puspiekab\u0113s, lai nodro\u0161in\u0101tu nepiecie\u0161amo jaudu smagu kravu p\u0101rvieto\u0161anai.<\/li>\n<li><strong>Lauksaimniec\u012bba:<\/strong> Apgriezti teleskopiskie cilindri tiek izmantoti lauksaimniec\u012bbas tehnik\u0101, piem\u0113ram, traktoros, lai nodro\u0161in\u0101tu nepiecie\u0161amo jaudu smagu kravu un piekabju p\u0101rvieto\u0161anai.<\/li>\n<\/ul>\n<p>Kopum\u0101 apgrieztais teleskopiskais cilindrs ir \u013coti efekt\u012bvs un uzticams hidrauliskais cilindrs, kas pied\u0101v\u0101 daudzas priek\u0161roc\u012bbas sal\u012bdzin\u0101jum\u0101 ar cita veida cilindriem. T\u0101 unik\u0101lais dizains apvienojum\u0101 ar uzlaboto veiktsp\u0113ju un uzticam\u012bbu padara to par ide\u0101lu izv\u0113li pla\u0161am hidraulisko pielietojumu kl\u0101stam.<\/p>\n<h3>Par FMP hidraulisko cilindru<\/h3>\n<p>FMP ir ap\u0146\u0113mies nodro\u0161in\u0101t augstas kvalit\u0101tes un uzticamas celtniec\u012bbas tehnikas deta\u013cas un piln\u012bgus ma\u0161\u012bnu risin\u0101jumus. M\u016bsu hidrauliskais cilindrs ir viens no popul\u0101r\u0101kajiem produktiem m\u016bsu kl\u0101st\u0101. \u0160eit ir pieci iemesli, k\u0101p\u0113c jums vajadz\u0113tu izv\u0113l\u0113ties FMP hidraulisko cilindru:<\/p>\n<ol>\n<li><strong>Augst\u0101k\u0101 kvalit\u0101te:<\/strong> M\u016bsu hidrauliskais cilindrs ir izgatavots no augstas kvalit\u0101tes materi\u0101liem, kas nodro\u0161ina t\u0101 iztur\u012bbu un ilgu kalpo\u0161anas laiku. Tas ir prec\u012bzi projekt\u0113ts un izgatavots, lai atbilstu stingriem kvalit\u0101tes standartiem, nodro\u0161inot, ka tas var iztur\u0113t skarbus darba apst\u0101k\u013cus.<\/li>\n<li><strong>Piel\u0101gojams:<\/strong> M\u016bsu hidraulisko cilindru var piel\u0101got j\u016bsu \u012bpa\u0161aj\u0101m pras\u012bb\u0101m. M\u0113s pied\u0101v\u0101jam pla\u0161u iesp\u0113ju kl\u0101stu, tostarp urbuma izm\u0113rus, g\u0101jiena garumus un mont\u0101\u017eas stilus. M\u016bsu ekspertu komanda var sniegt profesion\u0101las konsult\u0101cijas par produktiem un p\u0101rdom\u0101tus pirk\u0161anas ieteikumus, lai pal\u012bdz\u0113tu jums izv\u0113l\u0113ties pareizo hidraulisko cilindru atbilsto\u0161i j\u016bsu vajadz\u012bb\u0101m.<\/li>\n<li><strong>Vienk\u0101r\u0161a uzst\u0101d\u012b\u0161ana:<\/strong> M\u016bsu hidrauliskais cilindrs ir izstr\u0101d\u0101ts t\u0101, lai to b\u016btu viegli uzst\u0101d\u012bt, samazinot d\u012bkst\u0101ves laiku un palielinot produktivit\u0101ti. Tas ir apr\u012bkots ar pla\u0161u mont\u0101\u017eas iesp\u0113ju kl\u0101stu, ko var viegli uzst\u0101d\u012bt uz j\u016bsu apr\u012bkojuma.<\/li>\n<li><strong>Konkur\u0113tsp\u0113j\u012bga cena:<\/strong> M\u0113s pied\u0101v\u0101jam konkur\u0113tsp\u0113j\u012bgas cenas, neupur\u0113jot kvalit\u0101ti. Izveidojot ilgtermi\u0146a un stabilas sadarb\u012bbas attiec\u012bbas ar daudziem augstas kvalit\u0101tes pieg\u0101d\u0101t\u0101jiem gan m\u0101j\u0101s, gan \u0101rzem\u0113s, m\u0113s nodro\u0161in\u0101m, ka visas pieg\u0101d\u0101t\u0101s deta\u013cas atbilst stingriem kvalit\u0101tes standartiem.<\/li>\n<li><strong>Efekt\u012bva lo\u0123istikas izplat\u012b\u0161anas sist\u0113ma:<\/strong> Mums ir efekt\u012bva lo\u0123istikas izplat\u012b\u0161anas sist\u0113ma, lai nodro\u0161in\u0101tu, ka klienti savlaic\u012bgi un prec\u012bzi sa\u0146em nepiecie\u0161am\u0101s deta\u013cas. M\u0113s cie\u0161i sadarbojamies ar saviem lo\u0123istikas partneriem, lai nodro\u0161in\u0101tu \u0101trus un uzticamus pieg\u0101des pakalpojumus klientiem vis\u0101 pasaul\u0113.<\/li>\n<\/ol>\n<p><img decoding=\"async\" src=\"https:\/\/fmp-components.com\/wp-content\/uploads\/2024\/12\/Adjustable-Clevis-Type-Cylinders-6.webp\" alt=\"Regul\u0113jams skavu tipa cilindrs\" width=\"831\" title=\"\"><\/p>\n<p>Izmantojot FMP hidraulisko cilindru, j\u016bs varat b\u016bt p\u0101rliecin\u0101ti par augst\u0101ko kvalit\u0101ti, piel\u0101go\u0161anas iesp\u0113j\u0101m, vienk\u0101r\u0161u uzst\u0101d\u012b\u0161anu, konkur\u0113tsp\u0113j\u012bg\u0101m cen\u0101m un efekt\u012bvu lo\u0123istikas izplat\u012b\u0161anu. Sazinieties ar mums jau \u0161odien, lai uzzin\u0101tu vair\u0101k par m\u016bsu produktiem un pakalpojumiem, un \u013caujiet mums pal\u012bdz\u0113t jums atrast pareizo hidraulisko cilindru atbilsto\u0161i j\u016bsu vajadz\u012bb\u0101m.<\/p>\n<p>Autors: CX<\/p>","protected":false},"excerpt":{"rendered":"<p>The Professional 5 Ton Dump Trailer with Hydraulic Cylinders is a top-of-the-line product designed for heavy-duty hauling and dumping needs. This dump trailer is perfect for commercial use and offers superior functionality that is unmatched by other trailers in its class. One of the standout features of this dump trailer is its hydraulic cylinders, which [&hellip;]<\/p>","protected":false},"featured_media":1660,"comment_status":"closed","ping_status":"closed","template":"","meta":{"_et_pb_use_builder":"","_et_pb_old_content":"","_et_gb_content_width":""},"product_brand":[],"product_cat":[45],"product_tag":[34,48],"class_list":{"0":"post-1659","1":"product","2":"type-product","3":"status-publish","4":"has-post-thumbnail","6":"product_cat-inverted-telescopic-cylinder","7":"product_tag-hydraulic-cylinder","8":"product_tag-inverted-telescopic-cylinder","10":"first","11":"instock","12":"product-type-simple"},"_links":{"self":[{"href":"https:\/\/fmp-components.com\/lv\/wp-json\/wp\/v2\/product\/1659","targetHints":{"allow":["GET"]}}],"collection":[{"href":"https:\/\/fmp-components.com\/lv\/wp-json\/wp\/v2\/product"}],"about":[{"href":"https:\/\/fmp-components.com\/lv\/wp-json\/wp\/v2\/types\/product"}],"replies":[{"embeddable":true,"href":"https:\/\/fmp-components.com\/lv\/wp-json\/wp\/v2\/comments?post=1659"}],"wp:featuredmedia":[{"embeddable":true,"href":"https:\/\/fmp-components.com\/lv\/wp-json\/wp\/v2\/media\/1660"}],"wp:attachment":[{"href":"https:\/\/fmp-components.com\/lv\/wp-json\/wp\/v2\/media?parent=1659"}],"wp:term":[{"taxonomy":"product_brand","embeddable":true,"href":"https:\/\/fmp-components.com\/lv\/wp-json\/wp\/v2\/product_brand?post=1659"},{"taxonomy":"product_cat","embeddable":true,"href":"https:\/\/fmp-components.com\/lv\/wp-json\/wp\/v2\/product_cat?post=1659"},{"taxonomy":"product_tag","embeddable":true,"href":"https:\/\/fmp-components.com\/lv\/wp-json\/wp\/v2\/product_tag?post=1659"}],"curies":[{"name":"wp","href":"https:\/\/api.w.org\/{rel}","templated":true}]}}