{"id":1655,"date":"2024-12-23T07:00:44","date_gmt":"2024-12-23T07:00:44","guid":{"rendered":"https:\/\/fmp-components.com\/product\/hot-sale-telescopic-double-acting-truck-hydraulic-cylinder\/"},"modified":"2025-03-11T06:11:18","modified_gmt":"2025-03-11T06:11:18","slug":"hot-sale-telescopic-double-acting-truck-hydraulic-cylinder","status":"publish","type":"product","link":"https:\/\/fmp-components.com\/lv\/product\/hot-sale-telescopic-double-acting-truck-hydraulic-cylinder\/","title":{"rendered":"Karst\u0101 p\u0101rdo\u0161ana teleskopisk\u0101 divk\u0101r\u0161as darb\u012bbas kravas automa\u0161\u012bnas hidraulisk\u0101 cilindra"},"content":{"rendered":"<h2>Iepaz\u012bstin\u0101m ar karst\u0101s p\u0101rdo\u0161anas teleskopisko divk\u0101r\u0161\u0101s darb\u012bbas kravas automa\u0161\u012bnas hidraulisko cilindru:<\/h2>\n<p>Karst\u0101s p\u0101rdo\u0161anas teleskopiskais divk\u0101r\u0161\u0101s darb\u012bbas kravas automa\u0161\u012bnas hidrauliskais cilindrs ir augstas kvalit\u0101tes un daudzpus\u012bgs produkts, kas \u012bpa\u0161i izstr\u0101d\u0101ts kravas automa\u0161\u012bn\u0101m. Ar savu teleskopisko konstrukciju un divk\u0101r\u0161\u0101s darb\u012bbas funkcionalit\u0101ti \u0161is hidrauliskais cilindrs pied\u0101v\u0101 izcilu veiktsp\u0113ju un uzticam\u012bbu.<\/p>\n<p>Viena no \u0161\u012b hidraulisk\u0101 cilindra galvenaj\u0101m iez\u012bm\u0113m ir t\u0101 teleskopisk\u0101 konstrukcija, kas \u013cauj to viegli izvilkt un ievilkt. Tas padara to ide\u0101li piem\u0113rotu da\u017e\u0101diem pielietojumiem kravas automa\u0161\u012bnu nozar\u0113, tostarp pa\u0161izg\u0101z\u0113jiem, evakuatoriem un citiem lieljaudas transportl\u012bdzek\u013ciem. Neatkar\u012bgi no t\u0101, vai jums ir j\u0101pace\u013c, stumj vai j\u0101velk smagas kravas, \u0161is hidrauliskais cilindrs jums noder\u0113s.<\/p>\n<p>\u0160\u012b hidraulisk\u0101 cilindra divk\u0101r\u0161\u0101s darb\u012bbas funkcionalit\u0101te nodro\u0161ina efekt\u012bvu darb\u012bbu un palielin\u0101tu produktivit\u0101ti. T\u0101 \u013cauj cilindram rad\u012bt sp\u0113ku abos virzienos, nodro\u0161inot prec\u012bzu vad\u012bbu un vienm\u0113r\u012bgu kust\u012bbu. Tas padara to ide\u0101li piem\u0113rotu lietojumiem, kuriem nepiecie\u0161ama prec\u012bza pozicion\u0113\u0161ana un smagu kravu apstr\u0101de.<\/p>\n<p>Papildus izcilajai veiktsp\u0113jai, Hot Sale teleskopiskais divk\u0101r\u0161\u0101s darb\u012bbas kravas automa\u0161\u012bnas hidrauliskais cilindrs ir rad\u012bts ilgam kalpo\u0161anas laikam. Tas ir izgatavots no iztur\u012bgiem materi\u0101liem un tiek r\u016bp\u012bgi p\u0101rbaud\u012bts, lai nodro\u0161in\u0101tu ilgsto\u0161u iztur\u012bbu un uzticam\u012bbu. Tas noz\u012bm\u0113, ka varat pa\u013cauties uz \u0161o hidraulisko cilindru, kas darbosies vienm\u0113r\u012bgi pat vissare\u017e\u0123\u012bt\u0101kajos apst\u0101k\u013cos.<\/p>\n<p>Turkl\u0101t \u0161is hidrauliskais cilindrs ir izstr\u0101d\u0101ts, \u0146emot v\u0113r\u0101 vienk\u0101r\u0161u uzst\u0101d\u012b\u0161anu un apkopi. Tam ir lietot\u0101jam draudz\u012bgs dizains un visaptvero\u0161as instrukcijas, kas padara uzst\u0101d\u012b\u0161anas procesu \u0101tru un bez probl\u0113m\u0101m. Turkl\u0101t regul\u0101ra apkope ir vienk\u0101r\u0161a, \u013caujot uztur\u0113t cilindru optim\u0101l\u0101 darba st\u0101vokl\u012b ar minim\u0101lu piep\u016bli.<\/p>\n<table style=\"width: 100%;\" border=\"1\" width=\"100%\" cellspacing=\"0\" cellpadding=\"0\">\n<tbody>\n<tr>\n<th>Produkta nosaukums<\/th>\n<td>Karst\u0101 p\u0101rdo\u0161ana teleskopisk\u0101 divk\u0101r\u0161as darb\u012bbas kravas automa\u0161\u012bnas hidraulisk\u0101 cilindra<\/td>\n<\/tr>\n<tr>\n<th>St\u0101voklis<\/th>\n<td>Jauns<\/td>\n<\/tr>\n<tr>\n<th>Svars (kg)<\/th>\n<td>45<\/td>\n<\/tr>\n<tr>\n<th>Dizains<\/th>\n<td>Teleskopiska divk\u0101r\u0161as darb\u012bbas<\/td>\n<\/tr>\n<tr>\n<th>Funkcionalit\u0101te<\/th>\n<td>Izcila veiktsp\u0113ja un uzticam\u012bba<\/td>\n<\/tr>\n<tr>\n<th>Materi\u0101ls<\/th>\n<td>T\u0113rauds<\/td>\n<\/tr>\n<tr>\n<th>Uzst\u0101d\u012b\u0161ana<\/th>\n<td>Vienk\u0101r\u0161a uzst\u0101d\u012b\u0161ana<\/td>\n<\/tr>\n<tr>\n<th>Piem\u0113rojam\u0101s nozares<\/th>\n<td>Ra\u017eo\u0161anas r\u016bpn\u012bcas, Ma\u0161\u012bnu remonta darbn\u012bcas, Lauksaimniec\u012bbas saimniec\u012bbas, Ener\u0123\u0113tika un ieguves r\u016bpniec\u012bba, Ma\u0161\u012bnu r\u016bpn\u012bcas<\/td>\n<\/tr>\n<\/tbody>\n<\/table>\n<h2>Teleskopisk\u0101 divk\u0101r\u0161\u0101s darb\u012bbas kravas automa\u0161\u012bnas hidraulisk\u0101 cilindra \u012bpa\u0161\u012bbas<\/h2>\n<p>M\u016bsu divk\u0101r\u0161\u0101s darb\u012bbas hidrauliskais cilindrs lepojas ar virkni iespaid\u012bgu funkciju:<\/p>\n<ul>\n<li style=\"list-style-type: none;\">\n<ul>\n<li>St\u0101voklis: Piln\u012bgi jauns ar 1 gada garantiju.<\/li>\n<li>Galven\u0101s sast\u0101vda\u013cas: gultnis, virzu\u013ca cilindrs.<\/li>\n<li>Standarta konstrukcija: virzu\u013ccilindrs, ko darbina hidrauliskais sp\u0113ks.<\/li>\n<\/ul>\n<\/li>\n<\/ul>\n<p><img decoding=\"async\" src=\"https:\/\/hzpt.com\/wp-content\/uploads\/2023\/11\/Inverted-Telescopic-Cylinder-5.webp\" alt=\"\" title=\"\"><\/p>\n<ul>\n<li>Maksim\u0101l\u0101 vilce: 3000.<\/li>\n<li>Tips: Apgriezti teleskopiskie cilindri.<\/li>\n<\/ul>\n<h2>Teleskopisk\u0101 divk\u0101r\u0161\u0101s darb\u012bbas kravas automa\u0161\u012bnas hidraulisk\u0101 cilindra pielietojums<\/h2>\n<p>M\u016bsu teleskopisk\u0101 divk\u0101r\u0161\u0101s darb\u012bbas kravas automa\u0161\u012bnas hidraulisk\u0101 cilindra daudzpus\u012bba \u013cauj to izmantot da\u017e\u0101dos veidos:<\/p>\n<ul>\n<li>Ra\u017eo\u0161anas iek\u0101rtas: ide\u0101li piem\u0113rotas smago ma\u0161\u012bnu ekspluat\u0101cijai.<\/li>\n<li>Ma\u0161\u012bnu remonta darbn\u012bcas: pied\u0101v\u0101 uzticamu veiktsp\u0113ju remonta un apkopes uzdevumiem.<\/li>\n<li>Fermas: Piem\u0113rots da\u017e\u0101d\u0101m lauksaimniec\u012bbas ma\u0161\u012bn\u0101m un apr\u012bkojumam.<\/li>\n<li>Ener\u0123\u0113tika un ieguves r\u016bpniec\u012bba: ide\u0101li piem\u0113rota pras\u012bg\u0101m ieguves darb\u012bb\u0101m.<\/li>\n<li>Ma\u0161\u012bnu r\u016bpn\u012bcas: paredz\u0113tas efekt\u012bvai darb\u012bbai ma\u0161\u012bnu ra\u017eo\u0161an\u0101.<\/li>\n<\/ul>\n<p><img decoding=\"async\" src=\"https:\/\/hzpt.com\/wp-content\/uploads\/2023\/11\/Inverted-Telescopic-Cylinder-Applications.webp\" alt=\"Apgrieztu teleskopisko cilindru pielietojumi\" title=\"\"><\/p>\n<h2>Teleskopisk\u0101 divk\u0101r\u0161\u0101s darb\u012bbas kravas automa\u0161\u012bnas hidraulisk\u0101 cilindra darb\u012bbas princips un apkope<\/h2>\n<p>Hidrauliskais cilindrs darbojas, p\u0101rveidojot hidraulisk\u0101 \u0161\u0137idruma jaudu line\u0101r\u0101 meh\u0101nisk\u0101 sp\u0113k\u0101. Cilindra konfigur\u0101cija, hidraulisk\u0101 \u0161\u0137idruma ievade un izejas sp\u0113ks veicina t\u0101 efekt\u012bvu darb\u012bbu. Apkopes zi\u0146\u0101 ir svar\u012bgi regul\u0101ri p\u0101rbaud\u012bt, t\u012br\u012bt un e\u013c\u013cot. Ir svar\u012bgi ar\u012b veikt regul\u0101ras p\u0101rbaudes un remontdarbus, nepiecie\u0161am\u012bbas gad\u012bjum\u0101 nomain\u012bt bl\u012bves un vienm\u0113r iev\u0113rot lietot\u0101ja rokasgr\u0101matu, lai sasniegtu lab\u0101kos rezult\u0101tus.<\/p>\n<p><img decoding=\"async\" src=\"https:\/\/hzpt.com\/wp-content\/uploads\/2023\/11\/Inverted-Telescopic-Cylinder-22.webp\" alt=\"\" title=\"\"><\/p>\n<h2>Apgriezts teleskopiskais cilindrs<\/h2>\n<p>Apgriezts teleskopiskais cilindrs, kas paz\u012bstams ar\u012b k\u0101 vienas darb\u012bbas teleskopiskais cilindrs, ir hidraulisk\u0101 cilindra veids, ko parasti izmanto da\u017e\u0101dos r\u016bpnieciskos pielietojumos. Tas ir paredz\u0113ts, lai nodro\u0161in\u0101tu jaud\u012bgu un uzticamu virzu\u013ca stie\u0146a pagarin\u0101\u0161anas un ievilk\u0161anas metodi.<\/p>\n<h3>Apgriezt\u0101 teleskopisk\u0101 cilindra darb\u012bbas princips<\/h3>\n<p>Apgrieztais teleskopiskais cilindrs darbojas, izmantojot hidraulisko \u0161\u0137idrumu, lai rad\u012btu spiedienu, kas piespie\u017e virzuli kust\u0113ties. \u0160o spiedienu \u0123ener\u0113 vai nu iek\u0161\u0113js, vai \u0101r\u0113js s\u016bknis atkar\u012bb\u0101 no konkr\u0113t\u0101 pielietojuma. Virzulis p\u0101rvietojas, un tas spie\u017e hidraulisko \u0161\u0137idrumu caur cilindru hidrauliskaj\u0101 sist\u0113m\u0101, kas p\u0113c tam rada nepiecie\u0161amo sp\u0113ku kravas p\u0101rvieto\u0161anai.<\/p>\n<h3>Apgriezt\u0101 teleskopisk\u0101 cilindra strukt\u016bra<\/h3>\n<p>Apgrieztais teleskopiskais cilindrs sast\u0101v no virzu\u013ca, virzu\u013ca stie\u0146a, cilindra korpusa un gala v\u0101ci\u0146a. Virzulis atrodas cilindra korpusa iek\u0161pus\u0113 un ir piestiprin\u0101ts pie virzu\u013ca stie\u0146a. Gala v\u0101ci\u0146\u0161 atrodas cilindra korpusa vien\u0101 gal\u0101 un kalpo k\u0101 cilindra stiprin\u0101juma punkts. Hidrauliskais \u0161\u0137idrums atrodas cilindra korpus\u0101, un t\u0101 kust\u012bbu kontrol\u0113 virzulis un virzu\u013ca stienis.<\/p>\n<h3>Apgriezt\u0101 teleskopisk\u0101 cilindra \u012bpa\u0161\u012bbas<\/h3>\n<ul>\n<li>Kompakts dizains<\/li>\n<li>\u013boti efekt\u012bvs<\/li>\n<li>Viegli kopjams<\/li>\n<li>Ilgs kalpo\u0161anas laiks<\/li>\n<\/ul>\n<h3>Apgriezt\u0101 teleskopisk\u0101 cilindra pielietojumi<\/h3>\n<p>Apgrieztais teleskopiskais cilindrs parasti tiek izmantots da\u017e\u0101dos r\u016bpnieciskos pielietojumos, piem\u0113ram, celtniec\u012bbas ma\u0161\u012bn\u0101s, lauksaimniec\u012bbas ma\u0161\u012bn\u0101s un kalnr\u016bpniec\u012bbas iek\u0101rt\u0101s. To izmanto ar\u012b autob\u016bves nozar\u0113 kravas automa\u0161\u012bnu, piekabju un citu transportl\u012bdzek\u013cu ra\u017eo\u0161an\u0101. Karst\u0101s p\u0101rdo\u0161anas teleskopiskais divk\u0101r\u0161\u0101s darb\u012bbas kravas automa\u0161\u012bnas hidrauliskais cilindrs ir viens no apgriezt\u0101 teleskopisk\u0101 cilindra piem\u0113riem, ko parasti izmanto lieljaudas kravas automa\u0161\u012bnu ra\u017eo\u0161an\u0101.<\/p>\n<h3>Apgriezt\u0101 teleskopisk\u0101 cilindra apkope<\/h3>\n<p>Apgriezt\u0101 teleskopisk\u0101 cilindra apkope ir \u013coti svar\u012bga, lai nodro\u0161in\u0101tu t\u0101 ilgu kalpo\u0161anas laiku. Regul\u0101ra apkope ietver hidraulisk\u0101 \u0161\u0137idruma l\u012bme\u0146a p\u0101rbaudi, cilindra p\u0101rbaudi, vai nav nopl\u016b\u017eu, un nolietotu vai boj\u0101tu deta\u013cu nomai\u0146u. Ir svar\u012bgi iev\u0113rot ra\u017eot\u0101ja ieteikto apkopes grafiku, lai nodro\u0161in\u0101tu cilindra maksim\u0101lu efektivit\u0101ti.<\/p>\n<p>Apgrieztais teleskopiskais cilindrs ir daudzpus\u012bgs un uzticams hidrauliskais cilindrs, ko parasti izmanto da\u017e\u0101dos r\u016bpnieciskos pielietojumos. T\u0101 kompaktais dizains, augst\u0101 efektivit\u0101te un vienk\u0101r\u0161\u0101 apkope padara to par ide\u0101lu izv\u0113li daudz\u0101m nozar\u0113m. Karst\u0101s p\u0101rdo\u0161anas teleskopisk\u0101 divk\u0101r\u0161\u0101s darb\u012bbas kravas automa\u0161\u012bnu hidraulisk\u0101 cilindra izmanto\u0161ana lieljaudas kravas automa\u0161\u012bnu ra\u017eo\u0161an\u0101 liecina par apgriezt\u0101 teleskopisk\u0101 cilindra efektivit\u0101ti un uzticam\u012bbu.<\/p>\n<h3>Par FMP hidraulisko cilindru<\/h3>\n<p>FMP ir uz\u0146\u0113mums, kas klientiem nodro\u0161ina augstas kvalit\u0101tes un uzticamus hidrauliskos cilindrus un piln\u012bgus ma\u0161\u012bnu risin\u0101jumus. M\u016bsu hidrauliskos cilindrus pla\u0161i izmanto da\u017e\u0101da veida celtniec\u012bbas ma\u0161\u012bn\u0101s, tostarp lauksaimniec\u012bbas tehnikas p\u0101rnesumk\u0101rb\u0101s, planet\u0101raj\u0101s p\u0101rnesumk\u0101rb\u0101s, r\u016bpnieciskaj\u0101s p\u0101rnesumk\u0101rb\u0101s un lauksaimniec\u012bbas tehnikas deta\u013c\u0101s. \u0160eit ir 5 iemesli, k\u0101p\u0113c jums vajadz\u0113tu izv\u0113l\u0113ties FMP:<\/p>\n<p>1. Augsti kvalit\u0101tes standarti: FMP m\u0113s veidojam ilgtermi\u0146a un stabilas sadarb\u012bbas attiec\u012bbas ar daudziem augstas kvalit\u0101tes pieg\u0101d\u0101t\u0101jiem gan m\u0101j\u0101s, gan \u0101rzem\u0113s, nodro\u0161inot, ka visi pieg\u0101d\u0101tie hidrauliskie cilindri atbilst stingriem kvalit\u0101tes standartiem. M\u016bsu hidrauliskie cilindri ir iztur\u012bgi, efekt\u012bvi un tiem ir ilgs kalpo\u0161anas laiks, kas var ietaup\u012bt klientu apkopes un remonta izmaksas.<\/p>\n<p>2. Profesion\u0101la komanda: FMP ir pieredz\u0113jusi un prasm\u012bga p\u0101rdo\u0161anas komanda, kas p\u0101rzina celtniec\u012bbas tehnikas nozares att\u012bst\u012bbas tendences un klientu vajadz\u012bbas. Vi\u0146i var sniegt profesion\u0101las produktu konsult\u0101cijas un p\u0101rdom\u0101tus pirk\u0161anas ieteikumus, pal\u012bdzot klientiem izv\u0113l\u0113ties sav\u0101m ma\u0161\u012bn\u0101m vispiem\u0113rot\u0101kos hidrauliskos cilindrus.<\/p>\n<p>3. Pla\u0161s produktu kl\u0101sts: FMP produktu kl\u0101sts ir pla\u0161s, ietverot da\u017e\u0101du veidu hidrauliskos cilindrus, piem\u0113ram, regul\u0113jamus cilindrus ar skavu, teleskopiskos cilindrus un metin\u0101tus hidrauliskos cilindrus. M\u0113s pied\u0101v\u0101jam ar\u012b virkni augst\u0101k\u0101 l\u012bme\u0146a piederumu, kas tiem atbilst, piem\u0113ram, hidrauliskos s\u016bk\u0146us, v\u0101rstus un filtrus, lai apmierin\u0101tu klientu da\u017e\u0101d\u0101s vajadz\u012bbas.<\/p>\n<p>4. Efekt\u012bva lo\u0123istikas sadale: FMP ir efekt\u012bva lo\u0123istikas sadales sist\u0113ma, kas nodro\u0161ina, ka klienti savlaic\u012bgi un prec\u012bzi sa\u0146em nepiecie\u0161amos hidrauliskos cilindrus. M\u0113s nodro\u0161in\u0101m \u0101trus un uzticamus transporta pakalpojumus, lai ietaup\u012btu klientu laiku un izvair\u012btos no zaud\u0113jumiem, ko rada kav\u0113\u0161an\u0101s.<\/p>\n<p>5. Profesion\u0101ls p\u0113cp\u0101rdo\u0161anas serviss: FMP ir ap\u0146\u0113mies nodro\u0161in\u0101t klientiem profesion\u0101lu p\u0113cp\u0101rdo\u0161anas servisu. Ja klientiem rodas k\u0101di jaut\u0101jumi vai probl\u0113mas m\u016bsu hidraulisko cilindru lieto\u0161anas laik\u0101, m\u016bsu p\u0113cp\u0101rdo\u0161anas komanda sniegs savlaic\u012bgus un efekt\u012bvus risin\u0101jumus, lai nodro\u0161in\u0101tu klientu iek\u0101rtu nevainojamu darb\u012bbu.<\/p>\n<p><img decoding=\"async\" src=\"https:\/\/fmp-components.com\/wp-content\/uploads\/2024\/12\/Adjustable-Clevis-Type-Cylinders-6.webp\" alt=\"Regul\u0113jams skavu tipa cilindrs\" width=\"829\" title=\"\"><\/p>\n<p>Izv\u0113lieties FMP, izv\u0113lieties augstas kvalit\u0101tes un uzticamus hidrauliskos cilindrus sav\u0101m celtniec\u012bbas ma\u0161\u012bn\u0101m.<br \/>\nAutors: CX<\/p>","protected":false},"excerpt":{"rendered":"<p>Introducing the Hot Sale Telescopic Double Acting Truck Hydraulic Cylinder: The Hot Sale Telescopic Double Acting Truck Hydraulic Cylinder is a high-quality and versatile product designed specifically for trucks. With its telescopic design and double-acting functionality, this hydraulic cylinder offers exceptional performance and reliability. One of the key features of this hydraulic cylinder is its [&hellip;]<\/p>","protected":false},"featured_media":1656,"comment_status":"closed","ping_status":"closed","template":"","meta":{"_et_pb_use_builder":"","_et_pb_old_content":"","_et_gb_content_width":""},"product_brand":[],"product_cat":[45],"product_tag":[34,48],"class_list":{"0":"post-1655","1":"product","2":"type-product","3":"status-publish","4":"has-post-thumbnail","6":"product_cat-inverted-telescopic-cylinder","7":"product_tag-hydraulic-cylinder","8":"product_tag-inverted-telescopic-cylinder","10":"first","11":"instock","12":"product-type-simple"},"_links":{"self":[{"href":"https:\/\/fmp-components.com\/lv\/wp-json\/wp\/v2\/product\/1655","targetHints":{"allow":["GET"]}}],"collection":[{"href":"https:\/\/fmp-components.com\/lv\/wp-json\/wp\/v2\/product"}],"about":[{"href":"https:\/\/fmp-components.com\/lv\/wp-json\/wp\/v2\/types\/product"}],"replies":[{"embeddable":true,"href":"https:\/\/fmp-components.com\/lv\/wp-json\/wp\/v2\/comments?post=1655"}],"wp:featuredmedia":[{"embeddable":true,"href":"https:\/\/fmp-components.com\/lv\/wp-json\/wp\/v2\/media\/1656"}],"wp:attachment":[{"href":"https:\/\/fmp-components.com\/lv\/wp-json\/wp\/v2\/media?parent=1655"}],"wp:term":[{"taxonomy":"product_brand","embeddable":true,"href":"https:\/\/fmp-components.com\/lv\/wp-json\/wp\/v2\/product_brand?post=1655"},{"taxonomy":"product_cat","embeddable":true,"href":"https:\/\/fmp-components.com\/lv\/wp-json\/wp\/v2\/product_cat?post=1655"},{"taxonomy":"product_tag","embeddable":true,"href":"https:\/\/fmp-components.com\/lv\/wp-json\/wp\/v2\/product_tag?post=1655"}],"curies":[{"name":"wp","href":"https:\/\/api.w.org\/{rel}","templated":true}]}}