{"id":1653,"date":"2024-12-23T07:00:44","date_gmt":"2024-12-23T07:00:44","guid":{"rendered":"https:\/\/fmp-components.com\/product\/factory-direct-supply-4-stage-hydraulic-telescopic-ram-cylinder-for-trailer\/"},"modified":"2025-03-11T06:11:06","modified_gmt":"2025-03-11T06:11:06","slug":"factory-direct-supply-4-stage-hydraulic-telescopic-ram-cylinder-for-trailer","status":"publish","type":"product","link":"https:\/\/fmp-components.com\/lv\/product\/factory-direct-supply-4-stage-hydraulic-telescopic-ram-cylinder-for-trailer\/","title":{"rendered":"R\u016bpn\u012bcas tie\u0161\u0101s pieg\u0101des 4 pak\u0101pju hidrauliskais teleskopiskais cilindrs piekabei"},"content":{"rendered":"<p>Factory Direct Supply pied\u0101v\u0101 augst\u0101k\u0101s klases \u010detrpak\u0101pju hidraulisko teleskopisko stie\u0146a cilindru piekabei, kas ir uzticams un iztur\u012bgs risin\u0101jums lieljaudas lietojumiem. \u0160is cilindrs ir paredz\u0113ts vienm\u0113r\u012bgai un efekt\u012bvai darb\u012bbai, nodro\u0161inot nemain\u012bgu veiktsp\u0113ju pat augsta spiediena apst\u0101k\u013cos.<\/p>\n<p>Izgatavots no augstas kvalit\u0101tes materi\u0101liem, 4 pak\u0101pju hidrauliskais teleskopiskais stie\u0146a cilindrs piekabei ir paredz\u0113ts ekstrem\u0101liem apst\u0101k\u013ciem un intens\u012bvai lieto\u0161anai. Cilindram ir prec\u012bzi konstru\u0113ta konstrukcija, kas nodro\u0161ina maksim\u0101lu iztur\u012bbu un stabilit\u0101ti, padarot to ide\u0101li piem\u0113rotu lieto\u0161anai sare\u017e\u0123\u012btos r\u016bpnieciskos apst\u0101k\u013cos.<\/p>\n<table style=\"width: 100%;\" border=\"1\" width=\"100%\" cellspacing=\"0\" cellpadding=\"0\">\n<tbody>\n<tr>\n<th>Produkta nosaukums<\/th>\n<td>4 posmu hidrauliskais teleskopiskais cilindrs piekabei<\/td>\n<\/tr>\n<tr>\n<th>St\u0101voklis<\/th>\n<td>Jauns<\/td>\n<\/tr>\n<tr>\n<th>Garantija<\/th>\n<td>1 gads<\/td>\n<\/tr>\n<tr>\n<th>Svars (kg)<\/th>\n<td>45<\/td>\n<\/tr>\n<tr>\n<th>Maksim\u0101l\u0101 vilce<\/th>\n<td>3000<\/td>\n<\/tr>\n<tr>\n<th>Maksim\u0101lais vilk\u0161anas sp\u0113ks<\/th>\n<td>20 tonnas<\/td>\n<\/tr>\n<tr>\n<th>Korpusa materi\u0101ls<\/th>\n<td>T\u0113rauds<\/td>\n<\/tr>\n<tr>\n<th>Baro\u0161anas avots<\/th>\n<td>Hidraulisk\u0101<\/td>\n<\/tr>\n<tr>\n<th>Dizains<\/th>\n<td>4 posmu ar standarta virzu\u013ccilindra strukt\u016bru<\/td>\n<\/tr>\n<tr>\n<th>Galven\u0101s sast\u0101vda\u013cas<\/th>\n<td>Gultnis, virzu\u013ca cilindrs<\/td>\n<\/tr>\n<tr>\n<th>Sertifik\u0101cija<\/th>\n<td>ISO9001:2000<\/td>\n<\/tr>\n<tr>\n<th>Kr\u0101sa<\/th>\n<td>Melns<\/td>\n<\/tr>\n<tr>\n<th>Piem\u0113rojam\u0101s nozares<\/th>\n<td>B\u016bvniec\u012bba, lauksaimniec\u012bba, ra\u017eo\u0161anas uz\u0146\u0113mumi, ma\u0161\u012bnu remonta darbn\u012bcas, saimniec\u012bbas, ener\u0123\u0113tika un ieguves r\u016bpniec\u012bba, ma\u0161\u012bnu ra\u017eo\u0161ana, ma\u0161\u012bnu r\u016bpn\u012bcas<\/td>\n<\/tr>\n<tr>\n<th>Veiktsp\u0113ja<\/th>\n<td>Uzticama veiktsp\u0113ja un ilgsto\u0161a iztur\u012bba<\/td>\n<\/tr>\n<\/tbody>\n<\/table>\n<h2>Hidraulisk\u0101 teleskopisk\u0101 cilindra \u012bpa\u0161\u012bbas<\/h2>\n<p><img decoding=\"async\" src=\"https:\/\/hzpt.com\/wp-content\/uploads\/2023\/11\/Inverted-Telescopic-Cylinder-1.webp\" alt=\"\" title=\"\"><\/p>\n<p>1. <b>Standarta funkcijas:<\/b> Hidrauliskajam cilindram ir t\u0101das standarta funkcijas k\u0101 virzu\u013ccilindra strukt\u016bra, hidraulisk\u0101 jauda un korpusa materi\u0101ls ir izgatavots no t\u0113rauda.<\/p>\n<p>2. <b>Maksim\u0101l\u0101 vilce:<\/b> Hidraulisk\u0101 cilindra maksim\u0101l\u0101 vilces jauda ir 3000.<\/p>\n<p>3. <b>Maksim\u0101l\u0101 vilkme:<\/b> Hidrauliskais cilindrs sp\u0113j iztur\u0113t maksim\u0101lo vilk\u0161anas sp\u0113ku 20 tonnas.<\/p>\n<p>4. <b>Sertifik\u0101cija:<\/b> Produktam ir ISO9001:2000 sertifik\u0101ts, kas apliecina t\u0101 kvalit\u0101ti un dro\u0161\u012bbu.<\/p>\n<p>5. <b>Kr\u0101sa:<\/b> Produkts ir pieejams elegant\u0101 un profesion\u0101l\u0101 meln\u0101 kr\u0101s\u0101.<\/p>\n<h2>Hidraulisk\u0101 teleskopisk\u0101 cilindra pielietojums<\/h2>\n<p>1. <b>Ra\u017eo\u0161anas r\u016bpn\u012bcas:<\/b> Hidrauliskais cilindrs ir piem\u0113rots izmanto\u0161anai ra\u017eo\u0161anas uz\u0146\u0113mumos.<\/p>\n<p>2. <b>Ma\u0161\u012bnu remonta darbn\u012bcas:<\/b> To var izmantot ar\u012b ma\u0161\u012bnu remonta darbn\u012bc\u0101s.<\/p>\n<p>3. <b>Fermas:<\/b> Hidrauliskais cilindrs ir piem\u0113rots saimniec\u012bb\u0101m.<\/p>\n<p>4. <b>Ener\u0123\u0113tika un ieguves r\u016bpniec\u012bba:<\/b> To var izmantot ener\u0123\u0113tikas un kalnr\u016bpniec\u012bbas darb\u012bb\u0101s.<\/p>\n<p>5. <b>Ma\u0161\u012bnu ra\u017eo\u0161ana:<\/b> Hidrauliskais cilindrs ir piem\u0113rots ar\u012b ma\u0161\u012bnu ra\u017eo\u0161anai.<\/p>\n<p><img decoding=\"async\" src=\"https:\/\/hzpt.com\/wp-content\/uploads\/2023\/11\/Inverted-Telescopic-Cylinder-Applications.webp\" alt=\"\" title=\"\"><\/p>\n<h2>Hidraulisk\u0101 teleskopisk\u0101 cilindra darb\u012bbas princips un apkope<\/h2>\n<h3>Darb\u012bbas princips<\/h3>\n<p>1. <b>Konfigur\u0101cija:<\/b> Hidrauliskais cilindrs ir konfigur\u0113ts ar virzu\u013ccilindra strukt\u016bru.<\/p>\n<p>2. <b>Hidraulisk\u0101 \u0161\u0137idruma ievade:<\/b> Cilindra darb\u012bbu regul\u0113 hidrauliskais baro\u0161anas avots.<\/p>\n<p>3. <b>Izejas sp\u0113ks:<\/b> Hidraulisk\u0101 cilindra maksim\u0101l\u0101 vilces un vilk\u0161anas jauda ir attiec\u012bgi 3000 un 20 tonnas.<\/p>\n<h3>Apkopes metodes<\/h3>\n<p>1. <b>Regul\u0101ra p\u0101rbaude:<\/b> Lai nodro\u0161in\u0101tu cilindra efekt\u012bvu darb\u012bbu, ir nepiecie\u0161amas regul\u0101ras p\u0101rbaudes.<\/p>\n<p>2. <b>T\u012br\u012b\u0161ana:<\/b> Hidrauliskais cilindrs regul\u0101ri j\u0101t\u012bra, lai izvair\u012btos no net\u012brumu un atlikumu uzkr\u0101\u0161an\u0101s.<\/p>\n<p>3. <b>E\u013c\u013co\u0161ana:<\/b> Regul\u0101ra cilindra e\u013c\u013co\u0161ana nodro\u0161ina vienm\u0113r\u012bgu darb\u012bbu.<\/p>\n<p>4. <b>Regul\u0101ras p\u0101rbaudes un remonts:<\/b> Regul\u0101ras p\u0101rbaudes un nepiecie\u0161am\u012bbas gad\u012bjum\u0101 veikts remonts nodro\u0161ina produkta ilgm\u016b\u017e\u012bbu.<\/p>\n<p>5. <b>Bl\u012bv\u0113juma nomai\u0146a:<\/b> Lai nodro\u0161in\u0101tu optim\u0101lu veiktsp\u0113ju, cilindra bl\u012bv\u0113jums j\u0101nomaina, k\u0101 nor\u0101d\u012bts lietot\u0101ja rokasgr\u0101mat\u0101.<\/p>\n<p><img decoding=\"async\" src=\"https:\/\/hzpt.com\/wp-content\/uploads\/2023\/11\/Inverted-Telescopic-Cylinder-20.webp\" alt=\"\" title=\"\"><\/p>\n<h2>Apgriezts teleskopiskais cilindrs<\/h2>\n<p>Hidrauliskais cilindrs ir meh\u0101nisks izpildmeh\u0101nisms, kas nodro\u0161ina vienvirziena sp\u0113ku, veicot vienvirziena g\u0101jienu. Apgrieztais teleskopiskais cilindrs, kas paz\u012bstams ar\u012b k\u0101 apgrieztais hidrauliskais cilindrs, ir hidraulisk\u0101 cilindra veids, kam ir virzu\u013ca un stie\u0146a mezgls, kas ir uzst\u0101d\u012bts otr\u0101di. Tas noz\u012bm\u0113, ka stienis ir piestiprin\u0101ts pie virzu\u013ca un stiepjas uz leju no cilindra korpusa, nevis uz aug\u0161u taj\u0101.<\/p>\n<h3>R\u016bpn\u012bcas tie\u0161\u0101s pieg\u0101des 4 pak\u0101pju hidrauliskais teleskopiskais cilindrs piekabei<\/h3>\n<p>Apgrieztais teleskopiskais cilindrs tiek pla\u0161i izmantots da\u017e\u0101d\u0101s nozar\u0113s, tostarp b\u016bvniec\u012bb\u0101, lauksaimniec\u012bb\u0101, ieguves r\u016bpniec\u012bb\u0101 un transport\u0101. Viens no popul\u0101r\u0101kajiem \u0161\u0101da veida cilindru pielietojumiem ir piekabju r\u016bpniec\u012bba. R\u016bpn\u012bcas tie\u0161\u0101s pieg\u0101des 4 pak\u0101pju hidrauliskais teleskopiskais stie\u0146a cilindrs piekabei ir lielisks piem\u0113rs tam, k\u0101 \u0161\u012b tehnolo\u0123ija tiek ieviesta re\u0101laj\u0101 pasaul\u0113. \u0160eit ir da\u017eas no \u0161\u012b hidraulisk\u0101 cilindra galvenaj\u0101m \u012bpa\u0161\u012bb\u0101m un priek\u0161roc\u012bb\u0101m:<\/p>\n<h4>1. \u010cetru posmu konstrukcija maksim\u0101lai pagarin\u0101\u0161anai<\/h4>\n<p>\u0160\u012b hidraulisk\u0101 cilindra \u010detrpak\u0101pju konstrukcija nodro\u0161ina maksim\u0101lu pagarin\u0101jumu, kas ir b\u016btiski daudzos piekabju pielietojumos. \u0160\u012b konstrukcija nodro\u0161ina ar\u012b kompaktu un efekt\u012bvu risin\u0101jumu, kas ir ide\u0101li piem\u0113rots ierobe\u017eotas vietas uzst\u0101d\u012b\u0161anai. Cilindra pak\u0101pes ir izstr\u0101d\u0101tas t\u0101, lai t\u0101s neman\u0101mi darbotos kop\u0101, nodro\u0161inot vienm\u0113r\u012bgu un vienm\u0113r\u012bgu darb\u012bbu.<\/p>\n<h4>2. Augstas kvalit\u0101tes materi\u0101li iztur\u012bbai<\/h4>\n<p>R\u016bpn\u012bcas tie\u0161\u0101s pieg\u0101des 4 pak\u0101pju hidrauliskais teleskopiskais cilindrs piekabei ir izgatavots no augstas kvalit\u0101tes materi\u0101liem, tostarp t\u0113rauda un hrom\u0113tiem stie\u0146iem. Tas nodro\u0161ina cilindra iztur\u012bbu un ilgm\u016b\u017e\u012bbu pat skarbos darba apst\u0101k\u013cos. Hrom\u0113tie stie\u0146i nodro\u0161ina ar\u012b aizsardz\u012bbu pret koroziju un nodilumu, kas ir svar\u012bgi cilindra veiktsp\u0113jas saglab\u0101\u0161anai laika gait\u0101.<\/p>\n<h4>3. Prec\u012bza in\u017eenierija uzticamai veiktsp\u0113jai<\/h4>\n<p>\u0160is hidrauliskais cilindrs ir prec\u012bzi konstru\u0113ts, lai nodro\u0161in\u0101tu uzticamu un nemain\u012bgu veiktsp\u0113ju. Virzu\u013ca un stie\u0146a mezgls ir apstr\u0101d\u0101ts ar stingr\u0101m pielaid\u0113m, nodro\u0161inot to perfektu sader\u012bbu un vienm\u0113r\u012bgu darb\u012bbu. Bl\u012bv\u0113jumi un gult\u0146i ir ar\u012b izstr\u0101d\u0101ti, lai nodro\u0161in\u0101tu ilgsto\u0161u veiktsp\u0113ju pat pie liel\u0101m slodz\u0113m un bie\u017eas lieto\u0161anas.<\/p>\n<h4>4. Viegli uzst\u0101d\u012bt un uztur\u0113t<\/h4>\n<p>R\u016bpn\u012bcas tie\u0161\u0101s pieg\u0101des 4 pak\u0101pju hidrauliskais teleskopiskais stie\u0146a cilindrs piekabei ir izstr\u0101d\u0101ts t\u0101, lai to b\u016btu viegli uzst\u0101d\u012bt un uztur\u0113t. Cilindram ir visi nepiecie\u0161amie stiprin\u0101juma elementi, un uzst\u0101d\u012b\u0161anas process ir vienk\u0101r\u0161s un vienk\u0101r\u0161s. Cilindru ir ar\u012b viegli uztur\u0113t, galven\u0101s pras\u012bbas ir regul\u0101ras p\u0101rbaudes un e\u013c\u013co\u0161ana.<\/p>\n<p>Kopum\u0101 apgrieztais teleskopiskais cilindrs ir \u013coti efekt\u012bva un daudzpus\u012bga tehnolo\u0123ija, ko izmanto pla\u0161\u0101 pielietojumu kl\u0101st\u0101. R\u016bpn\u012bcas tie\u0161\u0101s pieg\u0101des 4 pak\u0101pju hidrauliskais teleskopiskais stie\u0146a cilindrs piekabei ir lielisks piem\u0113rs tam, k\u0101 \u0161o tehnolo\u0123iju var ieviest re\u0101laj\u0101 pasaul\u0113, lai nodro\u0161in\u0101tu efekt\u012bvu un uzticamu veiktsp\u0113ju.<\/p>\n<h3>Par FMP \u2013 hidraulisko cilindru profesion\u0101la p\u0101rdo\u0161ana un apkope<\/h3>\n<p>FMP ir labi paz\u012bstams uz\u0146\u0113mums, kas atrodas It\u0101lij\u0101 un specializ\u0113jas celtniec\u012bbas tehnikas deta\u013cu un pilnu iek\u0101rtu p\u0101rdo\u0161an\u0101 un apkalpo\u0161an\u0101. Ar daudzu gadu pieredzi nozar\u0113 un kvalific\u0113tu speci\u0101listu komandu m\u0113s saviem klientiem pied\u0101v\u0101jam augstas kvalit\u0101tes un uzticamus hidrauliskos cilindrus un pilnus iek\u0101rtu risin\u0101jumus.<\/p>\n<p>\u0160eit ir pieci iemesli, k\u0101p\u0113c jums vajadz\u0113tu izv\u0113l\u0113ties FMP hidraulisko cilindru vajadz\u012bb\u0101m:<\/p>\n<p>1. Pla\u0161s produktu kl\u0101sts: FMP pied\u0101v\u0101 pla\u0161u hidraulisko cilindru kl\u0101stu, tostarp regul\u0113jamus skavu tipa cilindrus, piem\u0113ram, <img decoding=\"async\" src=\"https:\/\/fmp-components.com\/wp-content\/uploads\/2024\/12\/Adjustable-Clevis-Type-Cylinders-6.webp\" alt=\"Regul\u0113jams skavu tipa cilindrs\" width=\"828\" title=\"\">, k\u0101 ar\u012b \u0161\u0137\u0113rsstie\u0146us un metin\u0101tus cilindrus. M\u0113s pied\u0101v\u0101jam ar\u012b piel\u0101go\u0161anas pakalpojumus, lai apmierin\u0101tu \u012bpa\u0161as klientu vajadz\u012bbas.<\/p>\n<p>2. Augst\u0101k\u0101s kvalit\u0101tes deta\u013cas: M\u0113s esam izveidoju\u0161i ilgtermi\u0146a un stabilas sadarb\u012bbas attiec\u012bbas ar daudziem augstas kvalit\u0101tes pieg\u0101d\u0101t\u0101jiem gan viet\u0113j\u0101, gan starptautisk\u0101 m\u0113rog\u0101, nodro\u0161inot, ka visas pieg\u0101d\u0101t\u0101s deta\u013cas atbilst stingriem kvalit\u0101tes standartiem.<\/p>\n<p>3. Pieredz\u0113jusi p\u0101rdo\u0161anas komanda: M\u016bsu p\u0101rdo\u0161anas komanda p\u0101rzina b\u016bvniec\u012bbas tehnikas nozares att\u012bst\u012bbas tendences un klientu vajadz\u012bbas. Vi\u0146i var sniegt profesion\u0101las produktu konsult\u0101cijas un p\u0101rdom\u0101tus pirk\u0161anas ieteikumus, lai pal\u012bdz\u0113tu jums izdar\u012bt lab\u0101ko izv\u0113li.<\/p>\n<p>4. Efekt\u012bva lo\u0123istikas izplat\u012b\u0161ana: Mums ir efekt\u012bva lo\u0123istikas izplat\u012b\u0161anas sist\u0113ma, kas nodro\u0161ina, ka klienti savlaic\u012bgi un prec\u012bzi sa\u0146em nepiecie\u0161am\u0101s deta\u013cas.<\/p>\n<p>5. Profesion\u0101ls p\u0113cp\u0101rdo\u0161anas serviss: FMP nodro\u0161ina profesion\u0101lu p\u0113cp\u0101rdo\u0161anas servisu, lai nodro\u0161in\u0101tu, ka m\u016bsu klientiem ir bezr\u016bp\u012bga pieredze ar m\u016bsu produktiem.<\/p>\n<p>Izv\u0113loties FMP par savu hidraulisko cilindru pieg\u0101d\u0101t\u0101ju, j\u016bs varat b\u016bt p\u0101rliecin\u0101ti par kvalitat\u012bviem produktiem, profesion\u0101lu apkalpo\u0161anu un uzticamu partneri j\u016bsu pan\u0101kumos. Sazinieties ar mums jau \u0161odien, lai uzzin\u0101tu vair\u0101k par to, k\u0101 m\u0113s varam pal\u012bdz\u0113t apmierin\u0101t j\u016bsu hidraulisko cilindru vajadz\u012bbas.<\/p>\n<p>Autors: CX<\/p>","protected":false},"excerpt":{"rendered":"<p>Factory Direct Supply offers a top-of-the-line 4 Stage Hydraulic Telescopic Ram Cylinder for Trailer that is a reliable and durable solution for heavy-duty applications. This cylinder is designed to operate smoothly and efficiently, providing consistent performance even under high pressure. Constructed from high-quality materials, the 4 Stage Hydraulic Telescopic Ram Cylinder for Trailer is built [&hellip;]<\/p>","protected":false},"featured_media":1654,"comment_status":"closed","ping_status":"closed","template":"","meta":{"_et_pb_use_builder":"","_et_pb_old_content":"","_et_gb_content_width":""},"product_brand":[],"product_cat":[45],"product_tag":[34,48],"class_list":{"0":"post-1653","1":"product","2":"type-product","3":"status-publish","4":"has-post-thumbnail","6":"product_cat-inverted-telescopic-cylinder","7":"product_tag-hydraulic-cylinder","8":"product_tag-inverted-telescopic-cylinder","10":"first","11":"instock","12":"product-type-simple"},"_links":{"self":[{"href":"https:\/\/fmp-components.com\/lv\/wp-json\/wp\/v2\/product\/1653","targetHints":{"allow":["GET"]}}],"collection":[{"href":"https:\/\/fmp-components.com\/lv\/wp-json\/wp\/v2\/product"}],"about":[{"href":"https:\/\/fmp-components.com\/lv\/wp-json\/wp\/v2\/types\/product"}],"replies":[{"embeddable":true,"href":"https:\/\/fmp-components.com\/lv\/wp-json\/wp\/v2\/comments?post=1653"}],"wp:featuredmedia":[{"embeddable":true,"href":"https:\/\/fmp-components.com\/lv\/wp-json\/wp\/v2\/media\/1654"}],"wp:attachment":[{"href":"https:\/\/fmp-components.com\/lv\/wp-json\/wp\/v2\/media?parent=1653"}],"wp:term":[{"taxonomy":"product_brand","embeddable":true,"href":"https:\/\/fmp-components.com\/lv\/wp-json\/wp\/v2\/product_brand?post=1653"},{"taxonomy":"product_cat","embeddable":true,"href":"https:\/\/fmp-components.com\/lv\/wp-json\/wp\/v2\/product_cat?post=1653"},{"taxonomy":"product_tag","embeddable":true,"href":"https:\/\/fmp-components.com\/lv\/wp-json\/wp\/v2\/product_tag?post=1653"}],"curies":[{"name":"wp","href":"https:\/\/api.w.org\/{rel}","templated":true}]}}