{"id":1641,"date":"2024-12-23T07:00:44","date_gmt":"2024-12-23T07:00:44","guid":{"rendered":"https:\/\/fmp-components.com\/product\/cost-effective-trailer-telescopic-cylinder-hydraulic\/"},"modified":"2025-03-11T05:47:29","modified_gmt":"2025-03-11T05:47:29","slug":"cost-effective-trailer-telescopic-cylinder-hydraulic","status":"publish","type":"product","link":"https:\/\/fmp-components.com\/lv\/product\/cost-effective-trailer-telescopic-cylinder-hydraulic\/","title":{"rendered":"Rentabls piekabes teleskopiskais hidrauliskais cilindrs"},"content":{"rendered":"<p>Izmaksu zi\u0146\u0101 efekt\u012bvs piekabes teleskopiskais hidrauliskais cilindrs ir augstas kvalit\u0101tes hidrauliskais cilindrs, kas galvenok\u0101rt paredz\u0113ts piekabju nozares vajadz\u012bbu apmierin\u0101\u0161anai. \u0160is produkts ir ra\u017eots, izmantojot jaun\u0101k\u0101s tehnolo\u0123ijas un augstas kvalit\u0101tes materi\u0101lus, padarot to iztur\u012bgu, efekt\u012bvu un uzticamu.<\/p>\n<p>Hidrauliskais cilindrs ir labi piem\u0113rots da\u017e\u0101diem pielietojumiem, tostarp pa\u0161izg\u0101z\u0113ju piekab\u0113m, atkritumu sav\u0101k\u0161anas iek\u0101rt\u0101m un piekab\u0113m ar sl\u012bdo\u0161o gr\u012bdu. Tam ir teleskopiska konstrukcija, kas \u013cauj to izmantot gan pagarin\u0101t\u0101s, gan ievilkt\u0101s poz\u012bcij\u0101s, kas uzlabo t\u0101 daudzpus\u012bbu un efektivit\u0101ti.<\/p>\n<p>Viena no \u0161\u012b produkta unik\u0101laj\u0101m iez\u012bm\u0113m ir t\u0101 izmaksu efektivit\u0101te. Neskatoties uz to, ka tas ir augstas kvalit\u0101tes hidrauliskais cilindrs, tas ir pieejams par pie\u0146emamu cenu, padarot to pieejamu da\u017e\u0101diem uz\u0146\u0113mumiem un priv\u0101tperson\u0101m, kur\u0101m nepiecie\u0161ami t\u0101 pakalpojumi.<\/p>\n<table style=\"width: 100%;\" border=\"1\" width=\"100%\" cellspacing=\"0\" cellpadding=\"0\">\n<tbody>\n<tr>\n<th>Produkta nosaukums<\/th>\n<td>Rentabls piekabes teleskopiskais hidrauliskais cilindrs<\/td>\n<\/tr>\n<tr>\n<th>St\u0101voklis<\/th>\n<td>Jauns<\/td>\n<\/tr>\n<tr>\n<th>Garantija<\/th>\n<td>1 gads<\/td>\n<\/tr>\n<tr>\n<th>Dizains<\/th>\n<td>Teleskopisks ar modernu tehnolo\u0123iju<\/td>\n<\/tr>\n<tr>\n<th>Materi\u0101li<\/th>\n<td>Augstas kvalit\u0101tes materi\u0101li<\/td>\n<\/tr>\n<tr>\n<th>Veiktsp\u0113ja<\/th>\n<td>Uzticams un efekt\u012bvs<\/td>\n<\/tr>\n<tr>\n<th>Pieejam\u012bba<\/th>\n<td>Izmaksu zi\u0146\u0101 efekt\u012bvs risin\u0101jums<\/td>\n<\/tr>\n<tr>\n<th>Piem\u0113rojam\u0101s nozares<\/th>\n<td>Ra\u017eo\u0161anas r\u016bpn\u012bcas, Ma\u0161\u012bnu remonta darbn\u012bcas, Lauksaimniec\u012bbas saimniec\u012bbas, Ener\u0123\u0113tika un ieguves r\u016bpniec\u012bba, Ma\u0161\u012bnu ra\u017eo\u0161ana, Ma\u0161\u012bnu r\u016bpn\u012bcas<\/td>\n<\/tr>\n<tr>\n<th>Inov\u0101cija<\/th>\n<td>Jauns standarts hidraulisko cilindru tehnolo\u0123ij\u0101<\/td>\n<\/tr>\n<\/tbody>\n<\/table>\n<p><img decoding=\"async\" src=\"https:\/\/hzpt.com\/wp-content\/uploads\/2023\/11\/Inverted-Telescopic-Cylinder-18.webp\" alt=\"\" title=\"\"><\/p>\n<h2>Piekabes teleskopisk\u0101 cilindra hidraulisk\u0101 raksturojums<\/h2>\n<p>1. <strong>Standarta strukt\u016bra:<\/strong> \u0160im hidrauliskajam cilindram ir standarta virzu\u013ca strukt\u016bra, kas nodro\u0161ina sader\u012bbu un \u0113rtu uzst\u0101d\u012b\u0161anu da\u017e\u0101d\u0101s ma\u0161\u012bn\u0101s.<\/p>\n<p>2. <strong>Augsta jauda:<\/strong> Tas darbojas ar hidraulisko jaudu, nodro\u0161inot stabilu un uzticamu darb\u012bbu.<\/p>\n<p>3. <strong>Iztur\u012bgs materi\u0101ls:<\/strong> Cilindra korpuss ir izgatavots no t\u0113rauda, \u200b\u200bkas nodro\u0161ina iztur\u012bbu un ilgsto\u0161u darb\u012bbu.<\/p>\n<p>4. <strong>Augsta vilce un vilkme:<\/strong> Ar maksim\u0101lo vilces sp\u0113ku 3000 tonnu un maksim\u0101lo vilk\u0161anas sp\u0113ku 20 tonnu, tas pied\u0101v\u0101 jaud\u012bgu darb\u012bbu.<\/p>\n<p>5. <strong>ISO sertific\u0113ts:<\/strong> Tas ir sertific\u0113ts saska\u0146\u0101 ar ISO9001:2000, kas apliecina t\u0101 kvalit\u0101ti un veiktsp\u0113ju.<\/p>\n<h2>Piekabes teleskopisk\u0101 cilindra hidraulisk\u0101 pielietojums<\/h2>\n<p>1. <strong>Ra\u017eo\u0161anas r\u016bpn\u012bca:<\/strong> To var izmantot da\u017e\u0101d\u0101s ra\u017eo\u0161anas iek\u0101rtu ma\u0161\u012bn\u0101s.<\/p>\n<p>2. <strong>Ma\u0161\u012bnu remonta darbn\u012bcas:<\/strong> Tas ir ide\u0101li piem\u0113rots tehnikas remontam un moderniz\u0101cijai.<\/p>\n<p>3. <strong>Fermas:<\/strong> To var izmantot lauksaimniec\u012bbas ma\u0161\u012bn\u0101s.<\/p>\n<p>4. <strong>Ener\u0123\u0113tika un ieguves r\u016bpniec\u012bba:<\/strong> To var pielietot ener\u0123\u0113tikas un kalnr\u016bpniec\u012bbas ma\u0161\u012bn\u0101s.<\/p>\n<p>5. <strong>Ma\u0161\u012bnu ra\u017eo\u0161ana:<\/strong> Tas ir lieliski piem\u0113rots izmanto\u0161anai ma\u0161\u012bnu ra\u017eo\u0161anas procesos.<\/p>\n<p><img decoding=\"async\" src=\"https:\/\/hzpt.com\/wp-content\/uploads\/2023\/11\/Inverted-Telescopic-Cylinder-Applications.webp\" alt=\"Apgrieztu teleskopisko cilindru pielietojumi\" title=\"\"><\/p>\n<h2>Piekabes teleskopisk\u0101 cilindra hidraulisk\u0101 darb\u012bbas princips un apkope<\/h2>\n<p>\u0160\u012b hidraulisk\u0101 cilindra darb\u012bbas princips ietver standarta hidraulisk\u0101 \u0161\u0137idruma ieejas un izejas sp\u0113ka konfigur\u0101ciju. Run\u0101jot par apkopi, tam ir nepiecie\u0161ams:<\/p>\n<p>1. <strong>Regul\u0101ra p\u0101rbaude:<\/strong> Regul\u0101ra p\u0101rbaude pal\u012bdz laikus atkl\u0101t visas iesp\u0113jam\u0101s probl\u0113mas.<\/p>\n<p>2. <strong>T\u012br\u012b\u0161ana:<\/strong> Cilindra t\u012br\u012bba nodro\u0161ina t\u0101 nevainojamu darb\u012bbu.<\/p>\n<p>3. <strong>E\u013c\u013co\u0161ana:<\/strong> Regul\u0101ra e\u013c\u013co\u0161ana samazina berzi un pagarina cilindra kalpo\u0161anas laiku.<\/p>\n<p>4. <strong>Bl\u012bv\u0113juma nomai\u0146a:<\/strong> Bl\u012bvju nomai\u0146a, kad t\u0101m par\u0101d\u0101s nodiluma paz\u012bmes, var nov\u0113rst nopl\u016bdes.<\/p>\n<p>5. <strong>Iev\u0113rojot lietot\u0101ja rokasgr\u0101matu:<\/strong> Lai nodro\u0161in\u0101tu dro\u0161u un efekt\u012bvu darb\u012bbu, vienm\u0113r iev\u0113rojiet lietot\u0101ja rokasgr\u0101matu.<\/p>\n<p><img decoding=\"async\" src=\"https:\/\/hzpt.com\/wp-content\/uploads\/2023\/11\/Inverted-Telescopic-Cylinder-4.webp\" alt=\"\" title=\"\"><\/p>\n<h2>Apgriezts teleskopiskais cilindrs<\/h2>\n<p>Apgrieztais teleskopiskais cilindrs ir hidraulisk\u0101 cilindra veids, ko parasti izmanto da\u017e\u0101d\u0101s nozar\u0113s da\u017e\u0101diem pielietojumiem. Tas ir paredz\u0113ts, lai nodro\u0161in\u0101tu rentablu risin\u0101jumu konkr\u0113t\u0101m hidrauliskaj\u0101m sist\u0113m\u0101m, jo \u200b\u200b\u012bpa\u0161i piekabju ra\u017eo\u0161anas jom\u0101. \u0160aj\u0101 rakst\u0101 tiks s\u012bk\u0101k apl\u016bkotas apgriezt\u0101 teleskopisk\u0101 cilindra \u012bpa\u0161\u012bbas, priek\u0161roc\u012bbas un pielietojums, izce\u013cot t\u0101 rentabilit\u0101ti un hidraulisk\u0101s iesp\u0113jas.<\/p>\n<h3>Funkcijas<\/h3>\n<p>Apgrieztais teleskopiskais cilindrs sast\u0101v no vair\u0101kiem posmiem jeb sekcij\u0101m, kur katra sekcija ir ievietota iepriek\u0161\u0113j\u0101s sekcijas iek\u0161pus\u0113. \u0160is unik\u0101lais dizains nodro\u0161ina kompaktu uzglab\u0101\u0161anu un efekt\u012bvu telpas izmanto\u0161anu. Cilindru pagarina, pielietojot hidraulisko spiedienu, k\u0101 rezult\u0101t\u0101 sekcijas teleskopiski izstiepjas uz \u0101ru, palielinot cilindra kop\u0113jo garumu.<\/p>\n<p>Hidrauliskais \u0161\u0137idrums, parasti e\u013c\u013ca, atrodas cilindr\u0101 un ir atbild\u012bgs par sp\u0113ka p\u0101rvadi, kas pagarina vai ievelk cilindra sekcijas. \u0160\u012b hidraulisk\u0101 sist\u0113ma nodro\u0161ina prec\u012bzu cilindra vad\u012bbu un vienm\u0113r\u012bgu darb\u012bbu, padarot to piem\u0113rotu da\u017e\u0101diem slodzi neso\u0161iem pielietojumiem.<\/p>\n<h3>Ieguvumi<\/h3>\n<p>1. <strong>Izmaksu efektivit\u0101te:<\/strong> Apgrieztais teleskopiskais cilindrs pied\u0101v\u0101 izmaksu zi\u0146\u0101 efekt\u012bvu risin\u0101jumu, pateicoties t\u0101 dizainam un funkcionalit\u0101tei. Ligzdot\u0101s sekcijas samazina materi\u0101lu un ra\u017eo\u0161anas izmaksas, vienlaikus saglab\u0101jot konstrukcijas integrit\u0101ti. Turkl\u0101t hidraulisk\u0101s sist\u0113mas efektivit\u0101te nodro\u0161ina optim\u0101lu ener\u0123ijas pat\u0113ri\u0146u, laika gait\u0101 v\u0113l vair\u0101k samazinot ekspluat\u0101cijas izmaksas.<\/p>\n<p>2. <strong>Kompakts dizains:<\/strong> Cilindra teleskopiskais raksturs nodro\u0161ina kompaktu dizainu, padarot to ide\u0101li piem\u0113rotu lietojumiem ierobe\u017eot\u0101 telp\u0101. Kad tas netiek lietots, tas saloc\u0101s, t\u0101d\u0113j\u0101di samazinot kop\u0113jo aiz\u0146emto vietu un nodro\u0161inot uzst\u0101d\u012b\u0161anas elast\u012bbu.<\/p>\n<p>3. <strong>Augsta nestsp\u0113ja:<\/strong> Apgrieztais teleskopiskais cilindrs ir paredz\u0113ts smagu kravu cel\u0161anai. Vair\u0101ki l\u012bme\u0146i nodro\u0161ina paaugstin\u0101tu stabilit\u0101ti un nestsp\u0113ju, padarot to piem\u0113rotu sare\u017e\u0123\u012btiem lietojumiem, piem\u0113ram, piekabju cel\u0161anai un izl\u012bdzin\u0101\u0161anai.<\/p>\n<p>4. <strong>Vienm\u0113r\u012bga darb\u012bba:<\/strong> Apgriezt\u0101 teleskopisk\u0101 cilindra hidraulisk\u0101 sist\u0113ma nodro\u0161ina vienm\u0113r\u012bgu un prec\u012bzu darb\u012bbu. Cilindra sekciju kontrol\u0113t\u0101 izstiep\u0161ana un ievilk\u0161ana \u013cauj prec\u012bzi pozicion\u0113t un efekt\u012bvi p\u0101rvald\u012bt slodzi, t\u0101d\u0113j\u0101di uzlabojot kop\u0113jo produktivit\u0101ti un dro\u0161\u012bbu.<\/p>\n<h3>Pieteikumi<\/h3>\n<p>Apgrieztais teleskopiskais cilindrs tiek izmantots da\u017e\u0101d\u0101s nozar\u0113s, \u012bpa\u0161i piekabju ra\u017eo\u0161anas nozar\u0113. Da\u017ei galvenie pielietojumi ir \u0161\u0101di:<\/p>\n<p>1. <strong>Piekabes pacel\u0161ana:<\/strong> Apgrieztais teleskopiskais cilindrs tiek pla\u0161i izmantots piekabju pacel\u0161anas meh\u0101nismos. T\u0101 izmaksu zi\u0146\u0101 efekt\u012bvais dizains un augst\u0101 nestsp\u0113ja padara to par ide\u0101lu izv\u0113li piekabju ra\u017eot\u0101jiem, kuri v\u0113las optimiz\u0113t savas pacel\u0161anas sist\u0113mas.<\/p>\n<p>2. <strong>Piekabes izl\u012bdzin\u0101\u0161ana:<\/strong> Apgriezti teleskopiskie cilindri tiek izmantoti ar\u012b piekabju l\u012bme\u0146o\u0161anas sist\u0113m\u0101s. To prec\u012bz\u0101 vad\u012bba un vienm\u0113r\u012bg\u0101 darb\u012bba \u013cauj prec\u012bzi regul\u0113t piekabes augstumu un stabilit\u0101ti, nodro\u0161inot dro\u0161us un efekt\u012bvus iekrau\u0161anas un izkrau\u0161anas procesus.<\/p>\n<p>3. <strong>Materi\u0101lu apstr\u0101des iek\u0101rtas:<\/strong> Apgriezt\u0101 teleskopisk\u0101 cilindra izmaksu zi\u0146\u0101 efekt\u012bvais raksturs padara to piem\u0113rotu da\u017e\u0101d\u0101m materi\u0101lu apstr\u0101des iek\u0101rt\u0101m, piem\u0113ram, iekr\u0101v\u0113jiem un celt\u0146iem. T\u0101 kompaktais dizains un uzticam\u0101 veiktsp\u0113ja veicina uzlabotu produktivit\u0101ti un darb\u012bbas efektivit\u0101ti.<\/p>\n<p>Kopum\u0101 apgrieztais teleskopiskais cilindrs pied\u0101v\u0101 rentablu un uzticamu risin\u0101jumu hidrauliskaj\u0101m sist\u0113m\u0101m piekabju ra\u017eo\u0161anas nozar\u0113 un \u0101rpus t\u0101s. T\u0101 unik\u0101lais dizains apvienojum\u0101 ar hidrauliskaj\u0101m iesp\u0113j\u0101m padara to par daudzpus\u012bgu komponentu da\u017e\u0101diem slodzi neso\u0161iem pielietojumiem. Neatkar\u012bgi no t\u0101, vai t\u0101 ir piekabes cel\u0161ana, izl\u012bdzin\u0101\u0161ana vai materi\u0101lu apstr\u0101de, apgrieztais teleskopiskais cilindrs izr\u0101d\u0101s v\u0113rt\u012bgs l\u012bdzeklis efekt\u012bvas un rentablas darb\u012bbas nodro\u0161in\u0101\u0161an\u0101.<\/p>\n<h3>Par FMP hidraulisko cilindru<\/h3>\n<p>FMP ir vado\u0161ais augstas kvalit\u0101tes hidraulisko cilindru pieg\u0101d\u0101t\u0101js celtniec\u012bbas tehnikai. M\u016bsu produkti ir paz\u012bstami ar savu iztur\u012bbu, uzticam\u012bbu un izcilo veiktsp\u0113ju. \u0160eit ir da\u017ei iemesli, k\u0101p\u0113c jums vajadz\u0113tu izv\u0113l\u0113ties FMP hidraulisko cilindru sav\u0101m celtniec\u012bbas tehnikas vajadz\u012bb\u0101m:<\/p>\n<p>1. Kvalit\u0101te: M\u016bsu hidrauliskie cilindri ir izgatavoti no augstas kvalit\u0101tes materi\u0101liem, kas nodro\u0161ina to ilgsto\u0161u iztur\u012bbu un izcilu veiktsp\u0113ju.<\/p>\n<p>2. Pla\u0161s produktu kl\u0101sts: FMP pied\u0101v\u0101 da\u017e\u0101dus hidrauliskos cilindrus da\u017e\u0101du veidu celtniec\u012bbas ma\u0161\u012bn\u0101m, tostarp regul\u0113jamus skavu tipa cilindrus (skatiet att\u0113lu zem\u0101k), st\u016bres stie\u0146a tipa cilindrus, metin\u0101ta tipa cilindrus un daudzus citus.<\/p>\n<p><img decoding=\"async\" src=\"https:\/\/fmp-components.com\/wp-content\/uploads\/2024\/12\/Adjustable-Clevis-Type-Cylinders-6.webp\" alt=\"Regul\u0113jams skavu tipa cilindrs\" width=\"822\" title=\"\"><\/p>\n<p>3. Konkur\u0113tsp\u0113j\u012bgas cenas: FMP pied\u0101v\u0101 savus produktus par \u013coti konkur\u0113tsp\u0113j\u012bg\u0101m cen\u0101m, padarot tos pieejamus pla\u0161am klientu lokam.<\/p>\n<p>4. Profesion\u0101la komanda: m\u016bsu pieredz\u0113ju\u0161\u0101 p\u0101rdo\u0161anas komanda p\u0101rzina celtniec\u012bbas tehnikas nozari un var sniegt klientiem ekspertu padomus un atbalstu.<\/p>\n<p>5. Efekt\u012bva lo\u0123istika: Mums ir labi izveidota lo\u0123istikas izplat\u012b\u0161anas sist\u0113ma, kas nodro\u0161ina savlaic\u012bgu un prec\u012bzu produktu pieg\u0101di klientiem.<\/p>\n<p>Rezum\u0113jot, FMP hidrauliskais cilindrs ir uzticama un cien\u012bjama izv\u0113le vis\u0101m j\u016bsu celtniec\u012bbas tehnikas vajadz\u012bb\u0101m. Sazinieties ar mums jau \u0161odien, lai uzzin\u0101tu vair\u0101k par m\u016bsu produktiem un pakalpojumiem.<\/p>\n<p>Autors: CX<\/p>","protected":false},"excerpt":{"rendered":"<p>Cost Effective Trailer Telescopic Cylinder Hydraulic is a top-quality hydraulic cylinder that is primarily designed to meet the needs of the trailer industry. This product is manufactured using the latest technology and high-quality materials, making it durable, efficient, and reliable. The hydraulic cylinder is well-suited for various applications, including dump trailers, refuse equipment, and live [&hellip;]<\/p>","protected":false},"featured_media":1642,"comment_status":"closed","ping_status":"closed","template":"","meta":{"_et_pb_use_builder":"","_et_pb_old_content":"","_et_gb_content_width":""},"product_brand":[],"product_cat":[45],"product_tag":[34,48],"class_list":{"0":"post-1641","1":"product","2":"type-product","3":"status-publish","4":"has-post-thumbnail","6":"product_cat-inverted-telescopic-cylinder","7":"product_tag-hydraulic-cylinder","8":"product_tag-inverted-telescopic-cylinder","10":"first","11":"instock","12":"product-type-simple"},"_links":{"self":[{"href":"https:\/\/fmp-components.com\/lv\/wp-json\/wp\/v2\/product\/1641","targetHints":{"allow":["GET"]}}],"collection":[{"href":"https:\/\/fmp-components.com\/lv\/wp-json\/wp\/v2\/product"}],"about":[{"href":"https:\/\/fmp-components.com\/lv\/wp-json\/wp\/v2\/types\/product"}],"replies":[{"embeddable":true,"href":"https:\/\/fmp-components.com\/lv\/wp-json\/wp\/v2\/comments?post=1641"}],"wp:featuredmedia":[{"embeddable":true,"href":"https:\/\/fmp-components.com\/lv\/wp-json\/wp\/v2\/media\/1642"}],"wp:attachment":[{"href":"https:\/\/fmp-components.com\/lv\/wp-json\/wp\/v2\/media?parent=1641"}],"wp:term":[{"taxonomy":"product_brand","embeddable":true,"href":"https:\/\/fmp-components.com\/lv\/wp-json\/wp\/v2\/product_brand?post=1641"},{"taxonomy":"product_cat","embeddable":true,"href":"https:\/\/fmp-components.com\/lv\/wp-json\/wp\/v2\/product_cat?post=1641"},{"taxonomy":"product_tag","embeddable":true,"href":"https:\/\/fmp-components.com\/lv\/wp-json\/wp\/v2\/product_tag?post=1641"}],"curies":[{"name":"wp","href":"https:\/\/api.w.org\/{rel}","templated":true}]}}