{"id":1639,"date":"2024-12-23T07:00:44","date_gmt":"2024-12-23T07:00:44","guid":{"rendered":"https:\/\/fmp-components.com\/product\/premium-quality-customized-telescopic-hydraulic-cylinder-for-dump-truck\/"},"modified":"2025-03-11T06:10:04","modified_gmt":"2025-03-11T06:10:04","slug":"premium-quality-customized-telescopic-hydraulic-cylinder-for-dump-truck","status":"publish","type":"product","link":"https:\/\/fmp-components.com\/lv\/product\/premium-quality-customized-telescopic-hydraulic-cylinder-for-dump-truck\/","title":{"rendered":"Augst\u0101k\u0101s kvalit\u0101tes piel\u0101gots teleskopiskais hidrauliskais cilindrs pa\u0161izg\u0101z\u0113jam"},"content":{"rendered":"<h2>Iepaz\u012bstin\u0101m ar augst\u0101k\u0101s kvalit\u0101tes piel\u0101gotu teleskopisko hidraulisko cilindru pa\u0161izg\u0101z\u0113jam.<\/h2>\n<p>Hidrauliskajam cilindram ir iz\u0161\u0137iro\u0161a noz\u012bme pa\u0161izg\u0101z\u0113ja efekt\u012bv\u0101 darb\u012bb\u0101. Augst\u0101k\u0101s kvalit\u0101tes piel\u0101gotais teleskopiskais hidrauliskais cilindrs ir moderns produkts, kas paredz\u0113ts pa\u0161izg\u0101z\u0113ju veiktsp\u0113jas un produktivit\u0101tes uzlabo\u0161anai.<\/p>\n<p>Ar savu moderno teleskopisko konstrukciju \u0161is hidrauliskais cilindrs pied\u0101v\u0101 izcilu jaudu un iztur\u012bbu. Tas ir \u012bpa\u0161i piel\u0101gots, lai atbilstu pa\u0161izg\u0101z\u0113ju unik\u0101laj\u0101m pras\u012bb\u0101m, nodro\u0161inot nevainojamu darb\u012bbu pat vissare\u017e\u0123\u012bt\u0101kajos apst\u0101k\u013cos.<\/p>\n<p>Augst\u0101k\u0101s kvalit\u0101tes piel\u0101gotais teleskopiskais hidrauliskais cilindrs ir izstr\u0101d\u0101ts ar precizit\u0101ti un uzman\u012bbu deta\u013c\u0101m. Tas ir izgatavots, izmantojot augstas kvalit\u0101tes materi\u0101lus, kas garant\u0113 ilgm\u016b\u017e\u012bbu un uzticam\u012bbu. Tas nodro\u0161ina minim\u0101lu apkopi un maksim\u0101lu produktivit\u0101ti pa\u0161izg\u0101z\u0113ju operatoriem.<\/p>\n<p>\u0160\u012b hidraulisk\u0101 cilindra teleskopisk\u0101 funkcija nodro\u0161ina liel\u0101ku kust\u012bbas diapazonu, padarot to ide\u0101li piem\u0113rotu pa\u0161izg\u0101z\u0113jiem, kas apstr\u0101d\u0101 smagas kravas. Tas nodro\u0161ina vienm\u0113r\u012bgu un kontrol\u0113tu kust\u012bbu, \u013caujot efekt\u012bvi izg\u0101zt materi\u0101lus, neapdraudot dro\u0161\u012bbu vai stabilit\u0101ti.<\/p>\n<p>Viena no \u0161\u012b hidraulisk\u0101 cilindra galvenaj\u0101m priek\u0161roc\u012bb\u0101m ir t\u0101 sp\u0113ja iztur\u0113t \u0101rk\u0101rt\u0113ju spiedienu un lielas slodzes. Tas ir paredz\u0113ts intens\u012bvu hidraulisko sp\u0113ku apstr\u0101dei, \u013caujot pa\u0161izg\u0101z\u0113jiem darboties ar optim\u0101lu efektivit\u0101ti un lietder\u012bbu.<\/p>\n<p>Turkl\u0101t augst\u0101k\u0101s kvalit\u0101tes piel\u0101gotais teleskopiskais hidrauliskais cilindrs ir ra\u017eots atbilsto\u0161i augst\u0101kajiem nozares standartiem. Tas tiek stingri p\u0101rbaud\u012bts un tiek kontrol\u0113tas kvalit\u0101tes, lai nodro\u0161in\u0101tu izcilu veiktsp\u0113ju un uzticam\u012bbu. Tas garant\u0113, ka pa\u0161izg\u0101z\u0113ju operatori var pa\u013cauties uz \u0161o produktu vienm\u0113r\u012bgai un bezprobl\u0113mu darb\u012bbai.<\/p>\n<p>Nosl\u0113gum\u0101 j\u0101saka, ka pa\u0161izg\u0101z\u0113jam paredz\u0113tais augst\u0101k\u0101s kvalit\u0101tes piel\u0101gotais teleskopiskais hidrauliskais cilindrs ir modern\u0101kais produkts, kas pied\u0101v\u0101 izcilu veiktsp\u0113ju un iztur\u012bbu. T\u0101 piel\u0101gotais dizains, uzlabot\u0101s funkcijas un augstas kvalit\u0101tes konstrukcija padara to par ide\u0101lu izv\u0113li pa\u0161izg\u0101z\u0113ju operatoriem, kuri v\u0113las uzlabot produktivit\u0101ti un efektivit\u0101ti.<\/p>\n<h2>Iepaz\u012bstin\u0101m ar m\u016bsu augst\u0101k\u0101s klases teleskopisko hidraulisko cilindru, kas paredz\u0113ts pa\u0161izg\u0101z\u0113jiem<\/h2>\n<p>M\u016bsu jaunais teleskopiskais hidrauliskais cilindrs ir ide\u0101ls risin\u0101jums pa\u0161izg\u0101z\u0113jiem. Tas ir piel\u0101gots j\u016bsu \u012bpa\u0161aj\u0101m vajadz\u012bb\u0101m un tam ir viena gada garantija. Ar maksim\u0101lo vilces sp\u0113ku 3000 un svaru 78 kg, \u0161im hidrauliskajam cilindram ir t\u0113rauda korpuss, kas ir paredz\u0113ts ilgam kalpo\u0161anas laikam.<\/p>\n<h3>M\u016bsu teleskopisk\u0101 hidraulisk\u0101 cilindra \u012bpa\u0161\u012bbas<\/h3>\n<p>M\u016bsu cilindram ir vair\u0101kas galven\u0101s iez\u012bmes, tostarp:<\/p>\n<ul>\n<li>Standarta konstrukcija un hidraulisk\u0101 jauda<\/li>\n<li>Apgriezts teleskopiskais cilindrs<\/li>\n<li>Maksim\u0101l\u0101 vilk\u0161anas jauda 20 tonnas<\/li>\n<li>ISO9001:2000 sertifik\u0101cija<\/li>\n<li>Eleganta melna kr\u0101sa profesion\u0101lam izskatam<\/li>\n<\/ul>\n<h3>M\u016bsu teleskopisk\u0101 hidraulisk\u0101 cilindra pielietojums<\/h3>\n<p>M\u016bsu hidrauliskais cilindrs ir lieliski piem\u0113rots da\u017e\u0101diem pielietojumiem, tostarp:<\/p>\n<ul>\n<li>Ra\u017eo\u0161anas r\u016bpn\u012bcas<\/li>\n<li>Ma\u0161\u012bnu remonta darbn\u012bcas<\/li>\n<li>Fermas<\/li>\n<li>Ener\u0123\u0113tikas un ieguves r\u016bpniec\u012bbas nozares<\/li>\n<li>Ma\u0161\u012bnu r\u016bpn\u012bcas<\/li>\n<\/ul>\n<p><img decoding=\"async\" src=\"https:\/\/hzpt.com\/wp-content\/uploads\/2023\/11\/Inverted-Telescopic-Cylinder-Applications.webp\" alt=\"Apgrieztu teleskopisko cilindru pielietojumi\" title=\"\"><\/p>\n<h3>M\u016bsu teleskopisk\u0101 hidraulisk\u0101 cilindra darb\u012bbas princips un apkope<\/h3>\n<p>M\u016bsu hidrauliskais cilindrs darbojas ar hidraulisk\u0101 \u0161\u0137idruma ieejas un izejas sp\u0113ku. Tam nepiecie\u0161ama regul\u0101ra p\u0101rbaude, t\u012br\u012b\u0161ana un e\u013c\u013co\u0161ana. Regul\u0101ras p\u0101rbaudes un remonts, bl\u012bv\u0113jumu nomai\u0146a un lietot\u0101ja rokasgr\u0101matas iev\u0113ro\u0161ana ir b\u016btiska cilindra ilgm\u016b\u017e\u012bbai un optim\u0101lai veiktsp\u0113jai.<\/p>\n<p><img decoding=\"async\" src=\"https:\/\/hzpt.com\/wp-content\/uploads\/2023\/11\/Inverted-Telescopic-Cylinder-24.webp\" alt=\"Apgriezts teleskopiskais cilindrs 24\" title=\"\"><\/p>\n<h2>Apgriezts teleskopiskais cilindrs<\/h2>\n<p>Teleskopiskais hidrauliskais cilindrs, kas paz\u012bstams ar\u012b k\u0101 daudzpak\u0101pju vai teleskopiskais cilindrs, ir hidraulisk\u0101 cilindra veids, kas sast\u0101v no vair\u0101kiem posmiem vai sekcij\u0101m, kas atrodas viena otr\u0101. \u0160aj\u0101 rakst\u0101 m\u0113s piev\u0113rs\u012bsimies vienam konkr\u0113tam teleskopisk\u0101 cilindra veidam \u2013 apgrieztajam teleskopiskajam cilindram.<\/p>\n<h3>P\u0101rskats<\/h3>\n<p>Apgrieztais teleskopiskais cilindrs ir specializ\u0113ts teleskopisk\u0101 cilindra veids, ko parasti izmanto pa\u0161izg\u0101z\u0113jos. Tas ir paredz\u0113ts, lai nodro\u0161in\u0101tu cel\u0161anas un apg\u0101\u0161an\u0101s sp\u0113ku, kas nepiecie\u0161ams materi\u0101lu izkrau\u0161anai no kravas automa\u0161\u012bnas kravas kastes. \u0160\u0101da veida cilindram ir unik\u0101la konfigur\u0101cija, kur maz\u0101k\u0101s pak\u0101pes atrodas liel\u0101ko pak\u0101pienu iek\u0161pus\u0113, pie\u0161\u0137irot tam at\u0161\u0137ir\u012bgu izskatu.<\/p>\n<h3>B\u016bvniec\u012bba<\/h3>\n<p>Apgriezt\u0101 teleskopisk\u0101 cilindra konstrukcija ietver vair\u0101kas galven\u0101s sast\u0101vda\u013cas:<\/p>\n<ul>\n<li>\u0100r\u0113jais cilindrs: \u0100r\u0113jais cilindrs ir cilindra liel\u0101k\u0101 pak\u0101pe un nodro\u0161ina konstrukcijas atbalstu. Tas parasti ir izgatavots no augstas stipr\u012bbas t\u0113rauda, \u200b\u200blai iztur\u0113tu lielas slodzes un skarbus ekspluat\u0101cijas apst\u0101k\u013cus.<\/li>\n<li>Iek\u0161\u0113jie virzu\u013ci: \u0100r\u0113j\u0101 cilindra iek\u0161pus\u0113 ir vair\u0101ki maz\u0101ki posmi, katrs no tiem satur virzuli. \u0160ie virzu\u013ci ir savienoti ar kravas automa\u0161\u012bnas kravas kasti un p\u0101rvietojas sinhroni, lai nodro\u0161in\u0101tu nepiecie\u0161amo celtsp\u0113ju.<\/li>\n<li>Bl\u012bv\u0113jumi: Bl\u012bv\u0113jumi tiek izmantoti, lai nov\u0113rstu hidraulisk\u0101 \u0161\u0137idruma nopl\u016bdi starp pak\u0101p\u0113m. Tie ir \u013coti svar\u012bgi cilindra efektivit\u0101tes un uzticam\u012bbas uztur\u0113\u0161anai.<\/li>\n<li>Hidrauliskais \u0161\u0137idrums: Apgrieztais teleskopiskais cilindrs darbojas, izmantojot hidraulisko \u0161\u0137idrumu, kas tiek pak\u013cauts spiedienam, lai pagarin\u0101tu vai ievilktu cilindra posmus.<\/li>\n<\/ul>\n<h3>Funkcionalit\u0101te<\/h3>\n<p>Apgrieztajam teleskopiskajam cilindram ir b\u016btiska loma pa\u0161izg\u0101z\u0113ja darb\u012bb\u0101. Kad kravas automa\u0161\u012bnai ir j\u0101izkrauj krava, hidraulisk\u0101 sist\u0113ma pieliek spiedienu hidrauliskajam \u0161\u0137idrumam, kas savuk\u0101rt pagarina cilindra atsevi\u0161\u0137\u0101s pak\u0101pes. Pak\u0101p\u0113m pagarinoties, t\u0101s pace\u013c kravas automa\u0161\u012bnas kravas kasti, \u013caujot izkraut materi\u0101lus.<\/p>\n<h3>Augst\u0101k\u0101s kvalit\u0101tes piel\u0101gots teleskopiskais hidrauliskais cilindrs pa\u0161izg\u0101z\u0113jam<\/h3>\n<p>Izv\u0113loties teleskopisko hidraulisko cilindru pa\u0161izg\u0101z\u0113jam, ir svar\u012bgi izv\u0113l\u0113ties augst\u0101k\u0101s kvalit\u0101tes piel\u0101gotu cilindru. Augst\u0101k\u0101s kvalit\u0101tes cilindrs nodro\u0161ina iztur\u012bbu, uzticam\u012bbu un optim\u0101lu veiktsp\u0113ju sare\u017e\u0123\u012btos pielietojumos.<\/p>\n<p>M\u016bsu uz\u0146\u0113mum\u0101 m\u0113s specializ\u0113jamies augstas kvalit\u0101tes piel\u0101gotu teleskopisko hidraulisko cilindru ra\u017eo\u0161an\u0101, kas \u012bpa\u0161i paredz\u0113ti pa\u0161izg\u0101z\u0113jiem. M\u016bsu cilindri ir izstr\u0101d\u0101ti, lai atbilstu katra klienta unik\u0101laj\u0101m pras\u012bb\u0101m, nodro\u0161inot perfektu atbilst\u012bbu un maksim\u0101lu efektivit\u0101ti.<\/p>\n<p>Pateicoties m\u016bsu modern\u0101kaj\u0101m ra\u017eo\u0161anas iek\u0101rt\u0101m un pieredz\u0113ju\u0161ajai in\u017eenieru komandai, m\u0113s sp\u0113jam pieg\u0101d\u0101t cilindrus, kas p\u0101rsniedz nozares standartus. M\u016bsu ap\u0146em\u0161an\u0101s izmantot augstas kvalit\u0101tes materi\u0101lus, progres\u012bvas ra\u017eo\u0161anas metodes un stingrus kvalit\u0101tes kontroles procesus nodro\u0161ina, ka m\u016bsu klienti sa\u0146em teleskopisko cilindru, kas ir rad\u012bts ilgam kalpo\u0161anas laikam.<\/p>\n<p>Nosl\u0113gum\u0101 j\u0101saka, ka apgrieztais teleskopiskais cilindrs ir b\u016btiska pa\u0161izg\u0101z\u0113ju sast\u0101vda\u013ca, kas nodro\u0161ina materi\u0101lu izkrau\u0161anai nepiecie\u0161amo cel\u0161anas un apg\u0101\u0161an\u0101s sp\u0113ku. T\u0101 unik\u0101l\u0101 konstrukcija un funkcionalit\u0101te padara to par b\u016btisku hidraulisk\u0101s sist\u0113mas sast\u0101vda\u013cu. Izv\u0113loties teleskopisko cilindru savam pa\u0161izg\u0101z\u0113jam, augst\u0101k\u0101s kvalit\u0101tes piel\u0101gota cilindra izv\u0113le nodro\u0161ina optim\u0101lu veiktsp\u0113ju un ilgm\u016b\u017e\u012bbu. Uzticieties m\u016bsu uz\u0146\u0113mumam, lai pieg\u0101d\u0101tu augst\u0101k\u0101s kvalit\u0101tes teleskopiskos hidrauliskos cilindrus, kas atbilst j\u016bsu \u012bpa\u0161aj\u0101m pras\u012bb\u0101m attiec\u012bb\u0101 uz j\u016bsu pa\u0161izg\u0101z\u0113ju.<\/p>\n<h3>Par FMP<\/h3>\n<p>FMP ir j\u016bsu uzticamais augstas kvalit\u0101tes hidraulisko cilindru avots celtniec\u012bbas tehnikas nozar\u0113. Ar daudzu gadu pieredzi nozar\u0113 un profesion\u0101lu komandu m\u0113s esam ap\u0146\u0113mu\u0161ies nodro\u0161in\u0101t augst\u0101k\u0101s klases celtniec\u012bbas tehnikas deta\u013cas un piln\u012bgus ma\u0161\u012bnu risin\u0101jumus m\u016bsu v\u0113rt\u012bgajiem klientiem.<\/p>\n<p>\u0160eit ir pieci iemesli, k\u0101p\u0113c jums vajadz\u0113tu izv\u0113l\u0113ties FMP hidraulisko cilindru vajadz\u012bb\u0101m:<\/p>\n<ol>\n<li><strong>Pla\u0161s iesp\u0113ju kl\u0101sts:<\/strong> M\u016bsu produktu kl\u0101st\u0101 ir da\u017e\u0101di hidrauliskie cilindri, kas piem\u0113roti da\u017e\u0101du veidu celtniec\u012bbas tehnikai. Neatkar\u012bgi no t\u0101, vai jums nepiecie\u0161ami vienk\u0101r\u0161\u0101s vai divk\u0101r\u0161\u0101s darb\u012bbas cilindri, teleskopiskie vai \u0161arn\u012brsavienojuma stie\u0146u cilindri, mums ir piem\u0113rots risin\u0101jums j\u016bsu pras\u012bb\u0101m.<\/li>\n<li><strong>Augst\u0101k\u0101 kvalit\u0101te:<\/strong> Mums ir izveidoju\u0161\u0101s ilgtermi\u0146a un stabilas attiec\u012bbas ar augstas kvalit\u0101tes pieg\u0101d\u0101t\u0101jiem gan viet\u0113j\u0101, gan starptautisk\u0101 m\u0113rog\u0101. Tas nodro\u0161ina, ka visi m\u016bsu hidrauliskie cilindri atbilst stingriem kvalit\u0101tes standartiem, nodro\u0161inot j\u016bs ar uzticam\u0101m un iztur\u012bg\u0101m deta\u013c\u0101m, kas iztur\u0113s j\u016bsu projektu pras\u012bbas.<\/li>\n<li><strong>P\u0101rdo\u0161anas ekspertu komanda:<\/strong> M\u016bsu pieredz\u0113ju\u0161\u0101 un zino\u0161\u0101 p\u0101rdo\u0161anas komanda labi p\u0101rzina jaun\u0101k\u0101s tendences un klientu vajadz\u012bbas b\u016bvniec\u012bbas tehnikas nozar\u0113. Vi\u0146i ir gatavi sniegt jums profesion\u0101las konsult\u0101cijas par produktiem un p\u0101rdom\u0101tus pirk\u0161anas ieteikumus, pal\u012bdzot jums pie\u0146emt p\u0101rdom\u0101tus l\u0113mumus.<\/li>\n<li><strong>Efekt\u012bva lo\u0123istika:<\/strong> M\u0113s saprotam savlaic\u012bgas pieg\u0101des noz\u012bmi. Ar m\u016bsu efekt\u012bvo lo\u0123istikas izplat\u012b\u0161anas sist\u0113mu m\u0113s nodro\u0161in\u0101m, ka j\u016bs savlaic\u012bgi un prec\u012bzi sa\u0146emsiet nepiecie\u0161amos hidrauliskos cilindrus. J\u016bs varat pa\u013cauties uz mums, lai j\u016bsu projekti tiktu \u012bstenoti laik\u0101.<\/li>\n<li><strong>Izcila klientu apkalpo\u0161ana:<\/strong> Uz\u0146\u0113mum\u0101 FMP m\u0113s augstu v\u0113rt\u0113jam savus klientus un cen\u0161amies nodro\u0161in\u0101t izcilu apkalpo\u0161anu. M\u016bsu \u012bpa\u0161\u0101 komanda ir ap\u0146\u0113musies nekav\u0113joties atbild\u0113t uz j\u016bsu jaut\u0101jumiem un ba\u017e\u0101m, nodro\u0161inot netrauc\u0113tu un apmierino\u0161u pieredzi visas sadarb\u012bbas laik\u0101 ar mums.<\/li>\n<\/ol>\n<p>Apskatiet m\u016bsu regul\u0113jamo skavu tipa cilindru tuv\u0101k zem\u0101k:<\/p>\n<p><img decoding=\"async\" src=\"https:\/\/fmp-components.com\/wp-content\/uploads\/2024\/12\/Adjustable-Clevis-Type-Cylinders-6.webp\" alt=\"Regul\u0113jams skavu tipa cilindrs\" width=\"821\" title=\"\"><br \/>\nAutors: CX<\/p>","protected":false},"excerpt":{"rendered":"<p>Introducing the Premium Quality Customized Telescopic Hydraulic Cylinder for Dump Truck. A hydraulic cylinder plays a crucial role in the efficient functioning of a dump truck. The Premium Quality Customized Telescopic Hydraulic Cylinder is a state-of-the-art product designed to enhance the performance and productivity of dump trucks. With its advanced telescopic design, this hydraulic cylinder [&hellip;]<\/p>","protected":false},"featured_media":1640,"comment_status":"closed","ping_status":"closed","template":"","meta":{"_et_pb_use_builder":"","_et_pb_old_content":"","_et_gb_content_width":""},"product_brand":[],"product_cat":[45],"product_tag":[34,48],"class_list":{"0":"post-1639","1":"product","2":"type-product","3":"status-publish","4":"has-post-thumbnail","6":"product_cat-inverted-telescopic-cylinder","7":"product_tag-hydraulic-cylinder","8":"product_tag-inverted-telescopic-cylinder","10":"first","11":"instock","12":"product-type-simple"},"_links":{"self":[{"href":"https:\/\/fmp-components.com\/lv\/wp-json\/wp\/v2\/product\/1639","targetHints":{"allow":["GET"]}}],"collection":[{"href":"https:\/\/fmp-components.com\/lv\/wp-json\/wp\/v2\/product"}],"about":[{"href":"https:\/\/fmp-components.com\/lv\/wp-json\/wp\/v2\/types\/product"}],"replies":[{"embeddable":true,"href":"https:\/\/fmp-components.com\/lv\/wp-json\/wp\/v2\/comments?post=1639"}],"wp:featuredmedia":[{"embeddable":true,"href":"https:\/\/fmp-components.com\/lv\/wp-json\/wp\/v2\/media\/1640"}],"wp:attachment":[{"href":"https:\/\/fmp-components.com\/lv\/wp-json\/wp\/v2\/media?parent=1639"}],"wp:term":[{"taxonomy":"product_brand","embeddable":true,"href":"https:\/\/fmp-components.com\/lv\/wp-json\/wp\/v2\/product_brand?post=1639"},{"taxonomy":"product_cat","embeddable":true,"href":"https:\/\/fmp-components.com\/lv\/wp-json\/wp\/v2\/product_cat?post=1639"},{"taxonomy":"product_tag","embeddable":true,"href":"https:\/\/fmp-components.com\/lv\/wp-json\/wp\/v2\/product_tag?post=1639"}],"curies":[{"name":"wp","href":"https:\/\/api.w.org\/{rel}","templated":true}]}}