{"id":1637,"date":"2024-12-23T07:00:44","date_gmt":"2024-12-23T07:00:44","guid":{"rendered":"https:\/\/fmp-components.com\/product\/excellent-quality-dump-truck-4-stage-hydraulic-cylinder-for-trailer\/"},"modified":"2025-05-10T13:01:20","modified_gmt":"2025-05-10T13:01:20","slug":"excellent-quality-dump-truck-4-stage-hydraulic-cylinder-for-trailer","status":"publish","type":"product","link":"https:\/\/fmp-components.com\/lv\/product\/excellent-quality-dump-truck-4-stage-hydraulic-cylinder-for-trailer\/","title":{"rendered":"Lieliskas kvalit\u0101tes pa\u0161izg\u0101z\u0113ja 4 pak\u0101pju hidrauliskais cilindrs piekabei"},"content":{"rendered":"<h2>Iepaz\u012bstin\u0101m ar inovat\u012bvo \u010detrpak\u0101pju hidraulisko cilindru lieljaudas ma\u0161\u012bn\u0101m<\/h2>\n<p>M\u016bsu augst\u0101k\u0101s kvalit\u0101tes \u010detrpak\u0101pju hidrauliskais cilindrs ir \u012bpa\u0161i izstr\u0101d\u0101ts pa\u0161izg\u0101z\u0113jiem un piekab\u0113m, un tam ir garant\u0113ta izcila veiktsp\u0113ja da\u017e\u0101d\u0101s nozar\u0113s, tostarp ra\u017eo\u0161anas r\u016bpn\u012bc\u0101s, ma\u0161\u012bnb\u016bves remonta darbn\u012bc\u0101s, ferm\u0101s, ener\u0123\u0113tikas un ieguves r\u016bpniec\u012bb\u0101, k\u0101 ar\u012b ma\u0161\u012bnb\u016bves r\u016bpn\u012bc\u0101s. \u0160is jaunais un uzlabotais hidrauliskais cilindrs, pateicoties t\u0101 iztur\u012bgajam t\u0113rauda korpusam un maksim\u0101lajai vilces jaudai 3000, ir revolucion\u0101rs lieljaudas ma\u0161\u012bnb\u016bves nozar\u0113.<\/p>\n<h2>\u010cetrpak\u0101pju hidraulisk\u0101 cilindra \u012bpa\u0161\u012bbas<\/h2>\n<p>\u010cetrpak\u0101pju hidrauliskais cilindrs izce\u013cas starp konkurentiem, pateicoties t\u0101 funkcij\u0101m, kas nodro\u0161ina vislab\u0101ko veiktsp\u0113ju jebkur\u0101 vid\u0113:<\/p>\n<p><img decoding=\"async\" src=\"https:\/\/hzpt.com\/wp-content\/uploads\/2023\/11\/Inverted-Telescopic-Cylinder-16.webp\" alt=\"\" title=\"\"><\/p>\n<ol>\n<li><b>Iztur\u012bba:<\/b> \u0160is hidrauliskais cilindrs ir izgatavots no iztur\u012bga t\u0113rauda korpusa, lai iztur\u0113tu intens\u012bvu lieto\u0161anu.<\/li>\n<li><b>Augsta veiktsp\u0113ja:<\/b> Ar maksim\u0101lo vilces sp\u0113ku 3000 tonnu un maksim\u0101lo vilk\u0161anas sp\u0113ku 20 tonnu, tas sp\u0113j efekt\u012bvi tikt gal\u0101 ar smagiem uzdevumiem.<\/li>\n<li><b>Piel\u0101gojams:<\/b> Ar urbuma izm\u0113riem no 2 l\u012bdz 6 coll\u0101m, stie\u0146a izm\u0113riem no 1,125 l\u012bdz 4 coll\u0101m un g\u0101jiena izm\u0113riem no 6 l\u012bdz 48 coll\u0101m, \u0161o cilindru var piel\u0101got \u012bpa\u0161\u0101m pras\u012bb\u0101m.<\/li>\n<li><b>Kvalit\u0101tes nodro\u0161in\u0101\u0161ana:<\/b> Produktam ir 1 gada garantija galvenaj\u0101m sast\u0101vda\u013c\u0101m, un tas ir sertific\u0113ts saska\u0146\u0101 ar ISO9001:2000, kas nodro\u0161ina t\u0101 augstos kvalit\u0101tes standartus.<\/li>\n<li><b>Inovat\u012bvs dizains:<\/b> Apgriezt\u0101 teleskopisk\u0101 cilindra konstrukcija \u013cauj efekt\u012bv\u0101k izmantot telpu un palielina cilindra g\u0101jiena garumu.<\/li>\n<\/ol>\n<h2>4 pak\u0101pju hidraulisk\u0101 cilindra pielietojums<\/h2>\n<p>\u010cetrpak\u0101pju hidrauliskajam cilindram ir pla\u0161s pielietojums:<\/p>\n<ol>\n<li><b>Ra\u017eo\u0161anas r\u016bpn\u012bcas:<\/b> To var izmantot da\u017e\u0101d\u0101s ra\u017eo\u0161anas ma\u0161\u012bn\u0101s.<\/li>\n<li><b>Ma\u0161\u012bnu remonta darbn\u012bcas:<\/b> Tas ir neaizst\u0101jams instruments smago ma\u0161\u012bnu remontam.<\/li>\n<li><b>Fermas:<\/b> To var izmantot lauksaimniec\u012bbas tehnik\u0101 efekt\u012bvai darb\u012bbai.<\/li>\n<li><b>Ener\u0123\u0113tika un ieguves r\u016bpniec\u012bba:<\/b> Cilindrs ir ide\u0101li piem\u0113rots smagiem uzdevumiem ener\u0123\u0113tikas un kalnr\u016bpniec\u012bbas nozar\u0113.<\/li>\n<li><b>Ma\u0161\u012bnu ra\u017eo\u0161ana:<\/b> T\u0101 ir neat\u0146emama smago ma\u0161\u012bnu ra\u017eo\u0161anas sast\u0101vda\u013ca.<\/li>\n<\/ol>\n<p><img decoding=\"async\" src=\"https:\/\/hzpt.com\/wp-content\/uploads\/2023\/11\/Inverted-Telescopic-Cylinder-Applications.webp\" alt=\"\" title=\"\"><\/p>\n<h2>4 pak\u0101pju hidraulisk\u0101 cilindra darb\u012bbas princips un apkope<\/h2>\n<p>\u010cetrpak\u0101pju hidrauliskais cilindrs darbojas p\u0113c \u0161\u0137idrumu meh\u0101nikas principa. Hidrauliskais \u0161\u0137idrums tiek ies\u016bkn\u0113ts cilindr\u0101, kas rada sp\u0113ku, kur\u0161 kustina virzuli. Rad\u012btais sp\u0113ks p\u0113c tam tiek izmantots, lai darbin\u0101tu meh\u0101nismu. Cilindra apkope ietver:<\/p>\n<ol>\n<li><b>Regul\u0101ras p\u0101rbaudes:<\/b> Ir svar\u012bgi periodiski p\u0101rbaud\u012bt cilindru, vai nav paz\u012bmju, kas saist\u012btas ar nodilumu.<\/li>\n<li><b>T\u012br\u012b\u0161ana:<\/b> Pareiza cilindra t\u012br\u012b\u0161ana pagarina t\u0101 kalpo\u0161anas laiku un nodro\u0161ina efekt\u012bvu darb\u012bbu.<\/li>\n<li><b>E\u013c\u013co\u0161ana:<\/b> Regul\u0101ra e\u013c\u013co\u0161ana samazina berzi un nov\u0113r\u0161 cilindra boj\u0101jumus.<\/li>\n<li><b>Bl\u012bv\u0113juma nomai\u0146a:<\/b> Ir svar\u012bgi periodiski nomain\u012bt bl\u012bves, lai nov\u0113rstu hidraulisk\u0101 \u0161\u0137idruma nopl\u016bdi.<\/li>\n<li><b>Iev\u0113rojot lietot\u0101ja rokasgr\u0101matu:<\/b> Lietot\u0101ja rokasgr\u0101mat\u0101 ir sniegti detaliz\u0113ti nor\u0101d\u012bjumi par cilindra darb\u012bbu un apkopi.<\/li>\n<\/ol>\n<p><img decoding=\"async\" class=\"aligncenter\" src=\"https:\/\/hzpt.com\/wp-content\/uploads\/2023\/11\/Inverted-Telescopic-Cylinder-19.webp\" alt=\"\" title=\"\"><\/p>\n<h2>Apgriezts teleskopiskais cilindrs<\/h2>\n<p>Apgrieztais teleskopiskais cilindrs ir specializ\u0113ts hidrauliskais cilindrs, ko parasti izmanto b\u016bvniec\u012bbas nozar\u0113, \u012bpa\u0161i pa\u0161izg\u0101z\u0113jos un piekab\u0113s. Tas ir paredz\u0113ts, lai nodro\u0161in\u0101tu izcilu kvalit\u0101ti un veiktsp\u0113ju, garant\u0113jot vienm\u0113r\u012bgu un efekt\u012bvu darb\u012bbu lieljaudas lietojumos. \u0160aj\u0101 rakst\u0101 tiks detaliz\u0113ti apl\u016bkotas izcilas kvalit\u0101tes pa\u0161izg\u0101z\u0113ja 4 pak\u0101pju hidraulisk\u0101 cilindra piekabei \u012bpa\u0161\u012bbas, funkcionalit\u0101te un priek\u0161roc\u012bbas.<\/p>\n<h3>1. B\u016bvniec\u012bba un dizains<\/h3>\n<p>Izcilas kvalit\u0101tes pa\u0161izg\u0101z\u0113ja 4 pak\u0101pju hidrauliskais cilindrs piekabei ir r\u016bp\u012bgi konstru\u0113ts, lai iztur\u0113tu smag\u0101s cel\u0161anas un izg\u0101\u0161anas oper\u0101ciju stingr\u0101s pras\u012bbas. Tas sast\u0101v no \u010detriem atsevi\u0161\u0137iem posmiem, katram ar savu virzu\u013ca un stie\u0146a mezglu. \u0160\u012b konstrukcija \u013cauj pagarin\u0101t g\u0101jiena garumu, vienlaikus saglab\u0101jot kompaktu izm\u0113ru. Cilindrs ir izgatavots no augstas kvalit\u0101tes materi\u0101liem, piem\u0113ram, r\u016bd\u012bta t\u0113rauda, \u200b\u200bnodro\u0161inot iztur\u012bbu un ilgm\u016b\u017e\u012bbu.<\/p>\n<h3>2. Funkcionalit\u0101te un darb\u012bba<\/h3>\n<p>Run\u0101jot par funkcionalit\u0101ti, apgrieztais teleskopiskais cilindrs izce\u013cas. Tas darbojas p\u0113c hidraulisk\u0101 spiediena principa, izmantojot hidraulisko \u0161\u0137idrumu sp\u0113ka \u0123ener\u0113\u0161anai. Cilindrs izstiepjas un ievelkas teleskopisk\u0101 veid\u0101, katram posmam p\u0101rvietojoties sinhroni, lai nodro\u0161in\u0101tu vienm\u0113r\u012bgu un kontrol\u0113tu kust\u012bbu. \u0160\u012b konstrukcija nodro\u0161ina prec\u012bzu cel\u0161anas un izg\u0101\u0161anas procesa kontroli, \u013caujot operatoriem viegli apstr\u0101d\u0101t smagas kravas.<\/p>\n<h3>3. Priek\u0161roc\u012bbas un ieguvumi<\/h3>\n<p>Izcilas kvalit\u0101tes pa\u0161izg\u0101z\u0113ja \u010detrpak\u0101pju hidrauliskais cilindrs piekabei pied\u0101v\u0101 vair\u0101kas priek\u0161roc\u012bbas sal\u012bdzin\u0101jum\u0101 ar tradicion\u0101lajiem hidrauliskajiem cilindriem. Pirmk\u0101rt, t\u0101 apgrieztais dizains samazina boj\u0101jumu risku, ko rada \u0101r\u0113ji elementi, piem\u0113ram, net\u012brumi, gru\u017ei un mitrums. Tas nodro\u0161ina ilg\u0101ku kalpo\u0161anas laiku un samazina apkopes pras\u012bbas. Turkl\u0101t \u010detrpak\u0101pju konfigur\u0101cija nodro\u0161ina liel\u0101ku kust\u012bbas diapazonu, padarot to ide\u0101li piem\u0113rotu lietojumiem, kuriem nepiecie\u0161ams liel\u0101ks g\u0101jiena garums.<\/p>\n<p>Turkl\u0101t \u0161\u012b hidraulisk\u0101 cilindra izcil\u0101 kvalit\u0101te garant\u0113 uzticamu darb\u012bbu pat sare\u017e\u0123\u012btos apst\u0101k\u013cos. T\u0101 iztur\u012bg\u0101 konstrukcija un prec\u012bz\u0101 in\u017eenierija veicina uzlabotu dro\u0161\u012bbu un efektivit\u0101ti darba viet\u0101. Neatkar\u012bgi no t\u0101, vai j\u0101ce\u013c smagas kravas vai j\u0101izg\u0101\u017e materi\u0101li, 4 pak\u0101pju hidrauliskais cilindrs nodro\u0161ina optim\u0101lu jaudu un kontroli.<\/p>\n<p>Nosl\u0113gum\u0101 j\u0101saka, ka izcilas kvalit\u0101tes pa\u0161izg\u0101z\u0113ja 4 pak\u0101pju hidrauliskais cilindrs piekabei ir augst\u0101k\u0101s klases hidrauliskais komponents, kas izce\u013cas b\u016bvniec\u012bbas nozar\u0113. T\u0101 apgrieztais teleskopiskais dizains kop\u0101 ar augstas kvalit\u0101tes materi\u0101lu izmanto\u0161anu nodro\u0161ina iztur\u012bbu, efektivit\u0101ti un dro\u0161\u012bbu. Ar uzticamu veiktsp\u0113ju un pagarin\u0101tu g\u0101jiena garumu \u0161is hidrauliskais cilindrs ir v\u0113rt\u012bgs ieguvums jebkuram pa\u0161izg\u0101z\u0113jam vai piekabei. Uzticieties izcilas kvalit\u0101tes pa\u0161izg\u0101z\u0113ja 4 pak\u0101pju hidrauliskajam cilindram piekabei, lai paveiktu darbu prec\u012bzi un izcili.<\/p>\n<h3>Par FMP \u2013 hidraulisko cilindru<\/h3>\n<p>FMP ir vado\u0161ais uz\u0146\u0113mums, kas specializ\u0113jas celtniec\u012bbas tehnikas deta\u013cu un pilnu ma\u0161\u012bnu p\u0101rdo\u0161an\u0101 un apkalpo\u0161an\u0101. M\u0113s pied\u0101v\u0101jam augstas kvalit\u0101tes un uzticamas celtniec\u012bbas tehnikas deta\u013cas un pilnus ma\u0161\u012bnu risin\u0101jumus ar daudzu gadu pieredzi nozar\u0113 un profesion\u0101lu komandu, kas atrodas It\u0101lij\u0101. M\u016bsu uz\u0146\u0113mums pied\u0101v\u0101 pla\u0161u produktu kl\u0101stu, tostarp lauksaimniec\u012bbas tehnikas p\u0101rnesumk\u0101rbas, planet\u0101r\u0101s p\u0101rnesumk\u0101rbas, r\u016bpniecisk\u0101s p\u0101rnesumk\u0101rbas un da\u017e\u0101du veidu celtniec\u012bbas tehnikas deta\u013cas.<\/p>\n<p>\u0160eit ir da\u017eas m\u016bsu hidraulisk\u0101 cilindra priek\u0161roc\u012bbas un \u012bpa\u0161\u012bbas:<\/p>\n<p>1. Augstas kvalit\u0101tes materi\u0101li: M\u016bsu hidrauliskie cilindri ir izgatavoti no augstas kvalit\u0101tes materi\u0101liem, kas ir iztur\u012bgi, ilgm\u016b\u017e\u012bgi un kalpo ilgi. M\u0113s nodro\u0161in\u0101m, ka m\u016bsu produkti atbilst stingriem kvalit\u0101tes standartiem, un tie ir izstr\u0101d\u0101ti, lai nodro\u0161in\u0101tu klientiem optim\u0101lu veiktsp\u0113ju.<\/p>\n<p>2. Piel\u0101gojami: M\u0113s pied\u0101v\u0101jam piel\u0101gojamus hidrauliskos cilindrus, kurus var piel\u0101got m\u016bsu klientu \u012bpa\u0161aj\u0101m vajadz\u012bb\u0101m. J\u016bs varat izv\u0113l\u0113ties savam pielietojumam atbilsto\u0161u izm\u0113ru, g\u0101jienu un urbuma diametru.<\/p>\n<p>3. Pla\u0161s pielietojumu kl\u0101sts: M\u016bsu hidraulisko cilindru var izmantot da\u017e\u0101dos pielietojumos, tostarp lauksaimniec\u012bbas ma\u0161\u012bn\u0101s, celtniec\u012bbas ma\u0161\u012bn\u0101s un r\u016bpniec\u012bbas ma\u0161\u012bn\u0101s.<\/p>\n<p>4. Gudri pirk\u0161anas ieteikumi: M\u016bsu pieredz\u0113ju\u0161\u0101 p\u0101rdo\u0161anas komanda p\u0101rzina celtniec\u012bbas tehnikas nozares att\u012bst\u012bbas tendences un klientu vajadz\u012bbas. Vi\u0146i var sniegt profesion\u0101las produktu konsult\u0101cijas un viedus pirk\u0161anas ieteikumus.<\/p>\n<p>5. Efekt\u012bva lo\u0123istika: Mums ir efekt\u012bva lo\u0123istikas izplat\u012b\u0161anas sist\u0113ma, lai nodro\u0161in\u0101tu, ka klienti savlaic\u012bgi un prec\u012bzi sa\u0146em nepiecie\u0161am\u0101s deta\u013cas.<\/p>\n<p>Uz\u0146\u0113mum\u0101 FMP m\u0113s esam ap\u0146\u0113mu\u0161ies nodro\u0161in\u0101t augstas kvalit\u0101tes, uzticamus un piel\u0101gotus hidrauliskos cilindrus, kas atbilst m\u016bsu klientu \u012bpa\u0161aj\u0101m vajadz\u012bb\u0101m. M\u016bsu komanda vienm\u0113r ir gatava sniegt jums profesion\u0101lus un efekt\u012bvus pakalpojumus. Izv\u0113lieties FMP k\u0101 savu hidraulisko cilindru pieg\u0101d\u0101t\u0101ju, un m\u0113s nodro\u0161in\u0101sim jums lab\u0101kos produktus un pakalpojumus.<\/p>\n<p><img decoding=\"async\" class=\"aligncenter\" src=\"https:\/\/fmp-components.com\/wp-content\/uploads\/2024\/12\/Adjustable-Clevis-Type-Cylinders-6.webp\" alt=\"Regul\u0113jams skavu tipa cilindrs\" width=\"820\" title=\"\"><br \/>\nAutors: CX<\/p>","protected":false},"excerpt":{"rendered":"<p>Introducing the Innovative 4-Stage Hydraulic Cylinder for Heavy-Duty Machinery Our superior quality, 4-stage hydraulic cylinder is designed explicitly for dump trucks and trailers and is guaranteed to provide exceptional performance in various industries, including manufacturing plants, machinery repair shops, farms, energy &amp; mining, and machinery factories. This new and improved hydraulic cylinder is a game-changer [&hellip;]<\/p>","protected":false},"featured_media":1638,"comment_status":"closed","ping_status":"closed","template":"","meta":{"_et_pb_use_builder":"","_et_pb_old_content":"","_et_gb_content_width":""},"product_brand":[],"product_cat":[45],"product_tag":[34,48],"class_list":{"0":"post-1637","1":"product","2":"type-product","3":"status-publish","4":"has-post-thumbnail","6":"product_cat-inverted-telescopic-cylinder","7":"product_tag-hydraulic-cylinder","8":"product_tag-inverted-telescopic-cylinder","10":"first","11":"instock","12":"product-type-simple"},"_links":{"self":[{"href":"https:\/\/fmp-components.com\/lv\/wp-json\/wp\/v2\/product\/1637","targetHints":{"allow":["GET"]}}],"collection":[{"href":"https:\/\/fmp-components.com\/lv\/wp-json\/wp\/v2\/product"}],"about":[{"href":"https:\/\/fmp-components.com\/lv\/wp-json\/wp\/v2\/types\/product"}],"replies":[{"embeddable":true,"href":"https:\/\/fmp-components.com\/lv\/wp-json\/wp\/v2\/comments?post=1637"}],"wp:featuredmedia":[{"embeddable":true,"href":"https:\/\/fmp-components.com\/lv\/wp-json\/wp\/v2\/media\/1638"}],"wp:attachment":[{"href":"https:\/\/fmp-components.com\/lv\/wp-json\/wp\/v2\/media?parent=1637"}],"wp:term":[{"taxonomy":"product_brand","embeddable":true,"href":"https:\/\/fmp-components.com\/lv\/wp-json\/wp\/v2\/product_brand?post=1637"},{"taxonomy":"product_cat","embeddable":true,"href":"https:\/\/fmp-components.com\/lv\/wp-json\/wp\/v2\/product_cat?post=1637"},{"taxonomy":"product_tag","embeddable":true,"href":"https:\/\/fmp-components.com\/lv\/wp-json\/wp\/v2\/product_tag?post=1637"}],"curies":[{"name":"wp","href":"https:\/\/api.w.org\/{rel}","templated":true}]}}