{"id":1635,"date":"2024-12-23T06:59:20","date_gmt":"2024-12-23T06:59:20","guid":{"rendered":"https:\/\/fmp-components.com\/product\/professional-double-acting-dump-trailer-telescopic-hydraulic-cylinder\/"},"modified":"2024-12-23T08:40:15","modified_gmt":"2024-12-23T08:40:15","slug":"professional-double-acting-dump-trailer-telescopic-hydraulic-cylinder","status":"publish","type":"product","link":"https:\/\/fmp-components.com\/lv\/product\/professional-double-acting-dump-trailer-telescopic-hydraulic-cylinder\/","title":{"rendered":"Profesion\u0101ls divk\u0101r\u0161as darb\u012bbas pa\u0161izg\u0101z\u0113ja piekabes teleskopiskais hidrauliskais cilindrs"},"content":{"rendered":"<p>Profesion\u0101lais divk\u0101r\u0161\u0101s darb\u012bbas pa\u0161izg\u0101z\u0113ja piekabes teleskopiskais hidrauliskais cilindrs ir augstas kvalit\u0101tes hidrauliskais cilindrs, kas \u012bpa\u0161i izstr\u0101d\u0101ts pa\u0161izg\u0101z\u0113ju piekab\u0113m. Pateicoties t\u0101 progres\u012bvajai in\u017eenierijai un iztur\u012bgajai konstrukcijai, \u0161is hidrauliskais cilindrs nodro\u0161ina uzticamu un efekt\u012bvu darb\u012bbu da\u017e\u0101d\u0101m hidrauliskaj\u0101m sist\u0113m\u0101m.<\/p>\n<p>Viena no \u0161\u012b produkta galvenaj\u0101m iez\u012bm\u0113m ir t\u0101 divk\u0101r\u0161\u0101s darb\u012bbas konstrukcija. Tas noz\u012bm\u0113, ka tas var rad\u012bt sp\u0113ku abos virzienos, nodro\u0161inot vienm\u0113r\u012bgu un kontrol\u0113tu kust\u012bbu, izvelkot un ievelkot cilindru. \u0160\u012b funkcija ir \u012bpa\u0161i noder\u012bga pa\u0161izg\u0101z\u0113ju piekab\u0113m, jo \u200b\u200bt\u0101 \u013cauj t\u0101m viegli pacelt un nolaist smagas kravas.<\/p>\n<p>\u0160\u012b hidraulisk\u0101 cilindra teleskopisk\u0101 konstrukcija v\u0113l vair\u0101k uzlabo t\u0101 funkcionalit\u0101ti. Ar vair\u0101kiem posmiem vai sekcij\u0101m cilindru var izstiept un savilkt da\u017e\u0101dos garumos, nodro\u0161inot daudzpus\u012bgas cel\u0161anas iesp\u0113jas. Tas padara to piem\u0113rotu pla\u0161am pielietojumu kl\u0101stam, tostarp da\u017e\u0101da izm\u0113ra un ietilp\u012bbas pa\u0161izg\u0101z\u0113ju piekab\u0113m.<\/p>\n<p>Profesion\u0101lais divk\u0101r\u0161\u0101s darb\u012bbas pa\u0161izg\u0101z\u0113ja piekabes teleskopiskais hidrauliskais cilindrs ir rad\u012bts, lai iztur\u0113tu sare\u017e\u0123\u012btus apst\u0101k\u013cus. Izgatavots no augstas kvalit\u0101tes materi\u0101liem, tas pied\u0101v\u0101 izcilu iztur\u012bbu pret koroziju, nodilumu un triecieniem. Tas nodro\u0161ina t\u0101 ilgm\u016b\u017e\u012bbu un uzticamu darb\u012bbu pat skarbos apst\u0101k\u013cos.<\/p>\n<p>\u0160\u012b hidraulisk\u0101 cilindra uzst\u0101d\u012b\u0161ana un apkope ir vienk\u0101r\u0161a. Tam ir pievienotas viegli izpild\u0101mas instrukcijas, kas \u013cauj to \u0101tri un efekt\u012bvi uzst\u0101d\u012bt. Regul\u0101ra apkope, piem\u0113ram, e\u013c\u013co\u0161ana un p\u0101rbaude, pal\u012bdz\u0113s nodro\u0161in\u0101t t\u0101 optim\u0101lu darb\u012bbu un pagarin\u0101t t\u0101 kalpo\u0161anas laiku.<\/p>\n<p>Rezum\u0113jot, profesion\u0101lais divk\u0101r\u0161\u0101s darb\u012bbas pa\u0161izg\u0101z\u0113ja piekabes teleskopiskais hidrauliskais cilindrs ir uzticams un efekt\u012bvs risin\u0101jums pa\u0161izg\u0101z\u0113ju piekab\u0113m. Pateicoties t\u0101 divk\u0101r\u0161\u0101s darb\u012bbas konstrukcijai, teleskopiskajai funkcionalit\u0101tei un iztur\u012bgajai konstrukcijai, tas nodro\u0161ina vienm\u0113r\u012bgas un kontrol\u0113tas pacel\u0161anas un nolai\u0161anas darb\u012bbas. Neatkar\u012bgi no t\u0101, vai tas paredz\u0113ts komerci\u0101lai vai person\u012bgai lieto\u0161anai, \u0161is hidrauliskais cilindrs pied\u0101v\u0101 veiktsp\u0113ju un iztur\u012bbu, kas nepiecie\u0161ama da\u017e\u0101d\u0101m hidrauliskaj\u0101m sist\u0113m\u0101m.<\/p>\n<h2>Iepaz\u012bstin\u0101m ar m\u016bsu augst\u0101k\u0101s klases profesion\u0101lo divk\u0101r\u0161as darb\u012bbas pa\u0161izg\u0101z\u0113ja piekabes teleskopisko hidraulisko cilindru<\/h2>\n<p>\u0160is pavisam jaunais produkts ir prec\u012bzi izstr\u0101d\u0101ts un paredz\u0113ts pla\u0161am nozaru kl\u0101stam. Ar 78 kg svaru un galvenaj\u0101m sast\u0101vda\u013c\u0101m, tostarp gult\u0146a un virzu\u013ca cilindru, \u0161is produkts nodro\u0161ina izcilu veiktsp\u0113ju. \u0160is hidrauliskais cilindrs ir standarta apgriezts teleskopiskais cilindrs ar t\u0113rauda korpusu un jaud\u012bgu hidraulisko sist\u0113mu. Tas pied\u0101v\u0101 maksim\u0101lo vilces sp\u0113ku 3000 un maksim\u0101lo vilk\u0161anas sp\u0113ku 20 tonnas, padarot to par uzticamu izv\u0113li lieljaudas lietojumiem.<\/p>\n<h2>Teleskopisk\u0101 hidraulisk\u0101 cilindra \u012bpa\u0161\u012bbas<\/h2>\n<ul>\n<li>1 gada garantija galvenaj\u0101m sast\u0101vda\u013c\u0101m<\/li>\n<li>ISO9001:2000 sertifik\u0101cija<\/li>\n<li>T\u0113rauda korpusa materi\u0101ls iztur\u012bbai<\/li>\n<li>Maksim\u0101l\u0101 vilce 3000 un maksim\u0101l\u0101 vilkme 20 tonnas<\/li>\n<li>Urbuma diametra diapazons no 2 l\u012bdz 6 coll\u0101m un stie\u0146a izm\u0113rs no 1,125 l\u012bdz 4 coll\u0101m<\/li>\n<\/ul>\n<p><img decoding=\"async\" src=\"https:\/\/hzpt.com\/wp-content\/uploads\/2023\/11\/Inverted-Telescopic-Cylinder-7.webp\" alt=\"\" title=\"\"><\/p>\n<h2>Teleskopisk\u0101 hidraulisk\u0101 cilindra pielietojums<\/h2>\n<ul>\n<li>Ra\u017eo\u0161anas r\u016bpn\u012bcas<\/li>\n<li>Ma\u0161\u012bnu remonta darbn\u012bcas<\/li>\n<li>Fermas<\/li>\n<li>Ener\u0123\u0113tikas un kalnr\u016bpniec\u012bbas uz\u0146\u0113mumi<\/li>\n<li>Ma\u0161\u012bnu ra\u017eo\u0161ana un ma\u0161\u012bnb\u016bves r\u016bpn\u012bcas<\/li>\n<\/ul>\n<p><img decoding=\"async\" src=\"https:\/\/hzpt.com\/wp-content\/uploads\/2023\/11\/Inverted-Telescopic-Cylinder-Applications.webp\" alt=\"Apgriezt\u0101 teleskopisk\u0101 cilindra pielietojumi\" title=\"\"><\/p>\n<h2>Hidraulisk\u0101 cilindra darb\u012bbas princips un apkope<\/h2>\n<p>Hidrauliskais cilindrs darbojas p\u0113c sp\u0113ka reizin\u0101\u0161anas principa, izmantojot hidraulisk\u0101 \u0161\u0137idruma spiedienu. Hidrauliskais \u0161\u0137idrums tiek ievad\u012bts, k\u0101 rezult\u0101t\u0101 rodas izejas sp\u0113ks. Apkopei nepiecie\u0161ama regul\u0101ra p\u0101rbaude, t\u012br\u012b\u0161ana un e\u013c\u013co\u0161ana. Regul\u0101ras p\u0101rbaudes un remonts nodro\u0161ina produkta ilgm\u016b\u017e\u012bbu, savuk\u0101rt bl\u012bv\u0113jumu nomai\u0146a nodro\u0161ina sist\u0113mas integrit\u0101ti. Lietot\u0101ja rokasgr\u0101matas iev\u0113ro\u0161ana ir \u013coti svar\u012bga, lai saglab\u0101tu produkta veiktsp\u0113ju un ilgm\u016b\u017e\u012bbu.<\/p>\n<p><img decoding=\"async\" src=\"https:\/\/hzpt.com\/wp-content\/uploads\/2023\/11\/Inverted-Telescopic-Cylinder-24.webp\" alt=\"\" title=\"\"><\/p>\n<h2>Apgriezts teleskopiskais cilindrs<\/h2>\n<p>Hidrauliskais cilindrs ir meh\u0101nisks izpildmeh\u0101nisms, ko izmanto, lai nodro\u0161in\u0101tu line\u0101ru sp\u0113ku, izmantojot hidraulisko \u0161\u0137idrumu. Viens no hidraulisk\u0101 cilindra veidiem ir apgrieztais teleskopiskais cilindrs, ko parasti izmanto t\u0101d\u0101s lietojumprogramm\u0101s k\u0101 pa\u0161izg\u0101z\u0113ju piekabes. \u0160aj\u0101 emu\u0101ra ierakst\u0101 m\u0113s izp\u0113t\u012bsim apgriezt\u0101 teleskopisk\u0101 cilindra \u012bpa\u0161\u012bbas un funkcijas, k\u0101 ar\u012b detaliz\u0113ti apspried\u012bsim t\u0101 priek\u0161roc\u012bbas un pielietojumu.<\/p>\n<p><strong>Funkcijas:<\/strong><\/p>\n<ul>\n<li>Apgrieztais teleskopiskais cilindrs, kas paz\u012bstams ar\u012b k\u0101 divk\u0101r\u0161as darb\u012bbas pa\u0161izg\u0101z\u0113ja piekabes teleskopiskais hidrauliskais cilindrs, sast\u0101v no vair\u0101kiem posmiem vai sekcij\u0101m, kas sl\u012bd viena otr\u0101.<\/li>\n<li>Katru cilindra da\u013cu sauc par pak\u0101pienu, un tie parasti ir izgatavoti no augstas kvalit\u0101tes t\u0113rauda, \u200b\u200blai nodro\u0161in\u0101tu iztur\u012bbu un ilgm\u016b\u017e\u012bbu.<\/li>\n<li>Cilindrs ir paredz\u0113ts ievilk\u0161anai sev\u012b, kas nodro\u0161ina kompaktu un vietu taupo\u0161u dizainu.<\/li>\n<li>Tas sp\u0113j gan stumt, gan vilkt kravas, padarot to par daudzpus\u012bgu risin\u0101jumu da\u017e\u0101diem pielietojumiem.<\/li>\n<\/ul>\n<p><strong>Funkcijas:<\/strong><\/p>\n<p>Apgrieztais teleskopiskais cilindrs darbojas, izmantojot hidraulisko spiedienu, lai izstieptu un ievilktu pak\u0101pienus. Kad hidrauliskais \u0161\u0137idrums tiek ies\u016bkn\u0113ts cilindr\u0101, tas rada spiedienu, kas spie\u017eas pret virzuli, izraisot pak\u0101pienu izstiep\u0161anos. Savuk\u0101rt, kad \u0161\u0137idrums tiek izlaists vai ies\u016bkn\u0113ts pret\u0113j\u0101 virzien\u0101, pak\u0101pieni ievelkas atpaka\u013c cilindr\u0101. \u0160\u012b virzu\u013ckust\u012bba nodro\u0161ina prec\u012bzu cilindra vad\u012bbu un vienm\u0113r\u012bgu darb\u012bbu.<\/p>\n<p><strong>Ieguvumi:<\/strong><\/p>\n<ul>\n<li>Apgrieztais teleskopiskais cilindrs pied\u0101v\u0101 augstu jaudas un svara attiec\u012bbu, padarot to ide\u0101li piem\u0113rotu lietojumiem, kur svars un vieta ir ierobe\u017eoti.<\/li>\n<li>Tas nodro\u0161ina lieliskas nestsp\u0113jas, \u013caujot efekt\u012bvi pacelt un nolaist smagas kravas.<\/li>\n<li>Pateicoties kompaktajam dizainam, to var viegli uzst\u0101d\u012bt un integr\u0113t da\u017e\u0101d\u0101s sist\u0113m\u0101s vai iek\u0101rt\u0101s.<\/li>\n<li>Cilindra divk\u0101r\u0161\u0101s darb\u012bbas funkcija \u013cauj tam veikt uzdevumus abos virzienos, palielinot t\u0101 kop\u0113jo efektivit\u0101ti un produktivit\u0101ti.<\/li>\n<\/ul>\n<p><strong>Lietojumi:<\/strong><\/p>\n<p>Apgrieztais teleskopiskais cilindrs tiek pla\u0161i izmantots pa\u0161izg\u0101z\u0113ju piekab\u0113s, kur tas ir atbild\u012bgs par piekabes kravas kastes pacel\u0161anu un nolai\u0161anu materi\u0101lu izkrau\u0161anai. T\u0101 sp\u0113ja rad\u012bt lielu sp\u0113ku un iztur\u0113t smagas slodzes padara to par ide\u0101lu izv\u0113li \u0161im pielietojumam. Turkl\u0101t to izmanto ar\u012b da\u017e\u0101d\u0101s cit\u0101s nozar\u0113s, tostarp b\u016bvniec\u012bb\u0101, lauksaimniec\u012bb\u0101 un atkritumu apsaimnieko\u0161an\u0101, kur nepiecie\u0161ami cel\u0161anas un pozicion\u0113\u0161anas uzdevumi.<\/p>\n<p>Nosl\u0113gum\u0101 j\u0101saka, ka apgrieztais teleskopiskais cilindrs, kas paz\u012bstams ar\u012b k\u0101 divk\u0101r\u0161as darb\u012bbas pa\u0161izg\u0101z\u0113ja piekabes teleskopiskais hidrauliskais cilindrs, pied\u0101v\u0101 kompaktu dizainu, lieliskas nestsp\u0113jas un daudzpus\u012bgu funkcionalit\u0101ti. T\u0101 pielietojums pa\u0161izg\u0101z\u0113jos un cit\u0101s nozar\u0113s demonstr\u0113 t\u0101 efektivit\u0101ti un uzticam\u012bbu. Neatkar\u012bgi no t\u0101, vai tiek celtas smagas kravas vai nodro\u0161in\u0101ta prec\u012bza vad\u012bba, \u0161is hidrauliskais cilindrs kalpo k\u0101 b\u016btiska sast\u0101vda\u013ca da\u017e\u0101d\u0101s hidrauliskaj\u0101s sist\u0113m\u0101s.<\/p>\n<h3>Par FMP<\/h3>\n<p><img decoding=\"async\" src=\"https:\/\/fmp-components.com\/wp-content\/uploads\/2024\/12\/Adjustable-Clevis-Type-Cylinders-6.webp\" alt=\"Regul\u0113jams skavu tipa cilindrs\" width=\"819\" title=\"\"><\/p>\n<p>FMP ir vado\u0161ais uz\u0146\u0113mums, kas specializ\u0113jas hidraulisko cilindru ra\u017eo\u0161an\u0101 un p\u0101rdo\u0161an\u0101. Pateicoties m\u016bsu pla\u0161ajai pieredzei nozar\u0113 un profesion\u0101lajai komandai, m\u0113s esam ap\u0146\u0113mu\u0161ies nodro\u0161in\u0101t m\u016bsu klientus ar augstas kvalit\u0101tes un uzticamiem hidrauliskajiem cilindriem da\u017e\u0101diem celtniec\u012bbas tehnikas pielietojumiem.<\/p>\n<p>1. Pla\u0161s produktu kl\u0101sts:<br \/>\nM\u0113s pied\u0101v\u0101jam pla\u0161u hidraulisko cilindru kl\u0101stu, kas atbilst da\u017e\u0101d\u0101m celtniec\u012bbas tehnikas vajadz\u012bb\u0101m. M\u016bsu produktu kl\u0101st\u0101 ietilpst regul\u0113jami cilindri ar skavu, metin\u0101ti cilindri, teleskopiskie cilindri un citi. \u0160is pla\u0161ais kl\u0101sts nodro\u0161ina, ka mums ir piem\u0113rots hidrauliskais cilindrs j\u016bsu \u012bpa\u0161aj\u0101m pras\u012bb\u0101m.<\/p>\n<p>2. Augst\u0101k\u0101 kvalit\u0101te:<br \/>\nFMP m\u0113s pie\u0161\u0137iram priorit\u0101ti kvalit\u0101tei un nodro\u0161in\u0101m, lai visi m\u016bsu hidrauliskie cilindri atbilstu stingriem kvalit\u0101tes standartiem. M\u0113s esam izveidoju\u0161i ilgtermi\u0146a un stabilas attiec\u012bbas ar augstas kvalit\u0101tes pieg\u0101d\u0101t\u0101jiem gan viet\u0113j\u0101, gan starptautisk\u0101 m\u0113rog\u0101. Tas \u013cauj mums ieg\u016bt lab\u0101kos materi\u0101lus un komponentus, k\u0101 rezult\u0101t\u0101 tiek ra\u017eoti iztur\u012bgi, efekt\u012bvi un uzticami hidrauliskie cilindri.<\/p>\n<p>3. Profesion\u0101la p\u0101rdo\u0161anas komanda:<br \/>\nM\u016bsu pieredz\u0113ju\u0161ajai un prasm\u012bgajai p\u0101rdo\u0161anas komandai ir padzi\u013cin\u0101tas zin\u0101\u0161anas par celtniec\u012bbas tehnikas nozari. Vi\u0146i ir lietas kurs\u0101 par jaun\u0101kaj\u0101m nozares tendenc\u0113m un izprot m\u016bsu klientu \u012bpa\u0161\u0101s vajadz\u012bbas. Izmantojot savu pieredzi, vi\u0146i sniedz profesion\u0101las produktu konsult\u0101cijas, pal\u012bdzot jums atrast hidraulisko cilindru, kas vislab\u0101k atbilst j\u016bsu pras\u012bb\u0101m.<\/p>\n<p>4. Viedie pirkumu ieteikumi:<br \/>\nSaprotot, ka katram klientam ir unik\u0101las vajadz\u012bbas, m\u016bsu p\u0101rdo\u0161anas komanda dara visu iesp\u0113jamo, lai sniegtu p\u0101rdom\u0101tus pirk\u0161anas ieteikumus. Vi\u0146i \u0146em v\u0113r\u0101 t\u0101dus faktorus k\u0101 pielietojuma pras\u012bbas, bud\u017eeta ierobe\u017eojumi un projekta pras\u012bbas, lai ieteiktu vispiem\u0113rot\u0101ko hidraulisko cilindru. \u0160\u012b personaliz\u0113t\u0101 pieeja nodro\u0161ina, ka j\u016bs pie\u0146emat p\u0101rdom\u0101tu l\u0113mumu un atrodat pareizo hidraulisk\u0101 cilindra risin\u0101jumu.<\/p>\n<p>5. Efekt\u012bva lo\u0123istikas izplat\u012b\u0161ana:<br \/>\nM\u0113s lepojamies ar savu efekt\u012bvo lo\u0123istikas izplat\u012b\u0161anas sist\u0113mu, kas nodro\u0161ina savlaic\u012bgu un prec\u012bzu hidraulisko cilindru pieg\u0101di m\u016bsu klientiem. Ar m\u016bsu labi organiz\u0113to pieg\u0101des \u0137\u0113di m\u0113s garant\u0113jam, ka j\u016bs sa\u0146emsiet nepiecie\u0161amos hidrauliskos cilindrus nekav\u0113joties, samazinot jebk\u0101das kav\u0113\u0161an\u0101s vai trauc\u0113jumus j\u016bsu b\u016bvniec\u012bbas projektos.<\/p>\n<p>Sadarbojieties ar FMP, lai ieg\u016btu augst\u0101k\u0101s kvalit\u0101tes hidrauliskos cilindrus, kuru pamat\u0101 ir nozares zin\u0101\u0161anas, izcila kvalit\u0101te un efekt\u012bvs serviss. Sazinieties ar mums jau \u0161odien, lai p\u0101rrun\u0101tu savas celtniec\u012bbas tehnikas pras\u012bbas un izbaud\u012btu FMP at\u0161\u0137ir\u012bbu.<\/p>\n<p>Autors: CX<\/p>","protected":false},"excerpt":{"rendered":"<p>The Professional Double Acting Dump Trailer Telescopic Hydraulic Cylinder is a high-quality hydraulic cylinder designed specifically for dump trailers. With its advanced engineering and durable construction, this hydraulic cylinder provides reliable and efficient operation for various hydraulic systems. One of the key features of this product is its double-acting design. This means that it can [&hellip;]<\/p>","protected":false},"featured_media":1636,"comment_status":"closed","ping_status":"closed","template":"","meta":{"_et_pb_use_builder":"","_et_pb_old_content":"","_et_gb_content_width":""},"product_brand":[],"product_cat":[45],"product_tag":[34,48],"class_list":{"0":"post-1635","1":"product","2":"type-product","3":"status-publish","4":"has-post-thumbnail","6":"product_cat-inverted-telescopic-cylinder","7":"product_tag-hydraulic-cylinder","8":"product_tag-inverted-telescopic-cylinder","10":"first","11":"instock","12":"product-type-simple"},"_links":{"self":[{"href":"https:\/\/fmp-components.com\/lv\/wp-json\/wp\/v2\/product\/1635","targetHints":{"allow":["GET"]}}],"collection":[{"href":"https:\/\/fmp-components.com\/lv\/wp-json\/wp\/v2\/product"}],"about":[{"href":"https:\/\/fmp-components.com\/lv\/wp-json\/wp\/v2\/types\/product"}],"replies":[{"embeddable":true,"href":"https:\/\/fmp-components.com\/lv\/wp-json\/wp\/v2\/comments?post=1635"}],"wp:featuredmedia":[{"embeddable":true,"href":"https:\/\/fmp-components.com\/lv\/wp-json\/wp\/v2\/media\/1636"}],"wp:attachment":[{"href":"https:\/\/fmp-components.com\/lv\/wp-json\/wp\/v2\/media?parent=1635"}],"wp:term":[{"taxonomy":"product_brand","embeddable":true,"href":"https:\/\/fmp-components.com\/lv\/wp-json\/wp\/v2\/product_brand?post=1635"},{"taxonomy":"product_cat","embeddable":true,"href":"https:\/\/fmp-components.com\/lv\/wp-json\/wp\/v2\/product_cat?post=1635"},{"taxonomy":"product_tag","embeddable":true,"href":"https:\/\/fmp-components.com\/lv\/wp-json\/wp\/v2\/product_tag?post=1635"}],"curies":[{"name":"wp","href":"https:\/\/api.w.org\/{rel}","templated":true}]}}