{"id":1631,"date":"2024-12-23T06:59:20","date_gmt":"2024-12-23T06:59:20","guid":{"rendered":"https:\/\/fmp-components.com\/product\/durable-10-ton-hydraulic-telescopic-cylinder-for-trailer\/"},"modified":"2024-12-23T08:38:42","modified_gmt":"2024-12-23T08:38:42","slug":"durable-10-ton-hydraulic-telescopic-cylinder-for-trailer","status":"publish","type":"product","link":"https:\/\/fmp-components.com\/lv\/product\/durable-10-ton-hydraulic-telescopic-cylinder-for-trailer\/","title":{"rendered":"Iztur\u012bgs 10 tonnu hidrauliskais teleskopiskais cilindrs piekabei"},"content":{"rendered":"<h2>Iepaz\u012bstin\u0101m ar iztur\u012bgo 10 tonnu hidraulisko teleskopisko cilindru piekabei:<\/h2>\n<p>Iztur\u012bgais 10 tonnu hidrauliskais teleskopiskais cilindrs piekabei ir augstas kvalit\u0101tes un uzticams produkts, kas paredz\u0113ts, lai nodro\u0161in\u0101tu izcilu veiktsp\u0113ju da\u017e\u0101dos piekabju pielietojumos. Pateicoties t\u0101 iztur\u012bgajai konstrukcijai un progres\u012bvajai hidrauliskajai tehnolo\u0123ijai, \u0161is cilindrs pied\u0101v\u0101 izcilu celtsp\u0113ju un stabilit\u0101ti.<\/p>\n<p>Galven\u0101s iez\u012bmes:<br \/>\n1. Izcila iztur\u012bba: Cilindrs ir konstru\u0113ts, lai iztur\u0113tu lielas slodzes ar maksim\u0101lo celtsp\u0113ju 10 tonnas. Tas garant\u0113 optim\u0101lu veiktsp\u0113ju pat sare\u017e\u0123\u012btos darba apst\u0101k\u013cos.<\/p>\n<p>2. Teleskopisk\u0101 konstrukcija: Teleskopisk\u0101 funkcija \u013cauj viegli piel\u0101got cilindra garumu, nodro\u0161inot elast\u012bbu un piel\u0101go\u0161an\u0101s sp\u0113ju da\u017e\u0101diem piekabes augstumiem un slodzes pras\u012bb\u0101m.<\/p>\n<p>3. Prec\u012bza in\u017eenierija: Cilindrs ir prec\u012bzi konstru\u0113ts, lai nodro\u0161in\u0101tu vienm\u0113r\u012bgas un kontrol\u0113tas kust\u012bbas. Tas pied\u0101v\u0101 prec\u012bzu pozicion\u0113\u0161anu un kontrol\u0113tu pacel\u0161anu, uzlabojot kop\u0113jo darb\u012bbas efektivit\u0101ti.<\/p>\n<p>4. Iztur\u012bga konstrukcija: Izgatavots no augstas kvalit\u0101tes materi\u0101liem, cilindrs ir paredz\u0113ts intens\u012bvai un nep\u0101rtrauktai lieto\u0161anai. Tas ir iztur\u012bgs pret koroziju, nodilumu un pl\u012bsumiem, nodro\u0161inot ilgsto\u0161u kalpo\u0161anas laiku.<\/p>\n<p>5. Vienk\u0101r\u0161a uzst\u0101d\u012b\u0161ana: Cilindrs ir izstr\u0101d\u0101ts vienk\u0101r\u0161ai uzst\u0101d\u012b\u0161anai, kas prasa minim\u0101lu laiku un p\u016bles. Tam ir pievienoti visi nepiecie\u0161amie mont\u0101\u017eas piederumi un skaidras instrukcijas \u0113rtai uzst\u0101d\u012b\u0161anai.<\/p>\n<p>6. Daudzpus\u012bgs pielietojums: Cilindrs ir piem\u0113rots da\u017e\u0101diem piekabju veidiem, tostarp platformas, pa\u0161izg\u0101z\u0113ja un komun\u0101lo pakalpojumu piekab\u0113m, un tas ir paredz\u0113ts da\u017e\u0101d\u0101m cel\u0161anas un p\u0101rvad\u0101\u0161anas vajadz\u012bb\u0101m t\u0101d\u0101s nozar\u0113s k\u0101 b\u016bvniec\u012bba, lauksaimniec\u012bba un transports.<\/p>\n<p>7. Dro\u0161\u012bbas pas\u0101kumi: Cilindrs ir apr\u012bkots ar dro\u0161\u012bbas funkcij\u0101m, lai nodro\u0161in\u0101tu dro\u0161u un uzticamu darb\u012bbu. Tas ietver aizsardz\u012bbu pret p\u0101rslodzi, herm\u0113tiskus bl\u012bv\u0113jumus un ieb\u016bv\u0113tu dro\u0161\u012bbas blo\u0137\u0113\u0161anas sist\u0113mu papildu sirdsmieram.<\/p>\n<table style=\"width: 100%;\" border=\"1\" width=\"100%\" cellspacing=\"0\" cellpadding=\"0\">\n<tbody>\n<tr>\n<th>Produkta nosaukums<\/th>\n<td>Iztur\u012bgs 10 tonnu hidrauliskais teleskopiskais cilindrs piekabei<\/td>\n<\/tr>\n<tr>\n<th>St\u0101voklis<\/th>\n<td>Jauns<\/td>\n<\/tr>\n<tr>\n<th>Garantija<\/th>\n<td>1 gads<\/td>\n<\/tr>\n<tr>\n<th>Svars (kg)<\/th>\n<td>78<\/td>\n<\/tr>\n<tr>\n<th>Maksim\u0101l\u0101 vilce<\/th>\n<td>3000<\/td>\n<\/tr>\n<tr>\n<th>Maksim\u0101lais vilk\u0161anas sp\u0113ks<\/th>\n<td>20 tonnas<\/td>\n<\/tr>\n<tr>\n<th>Veiktsp\u0113ja<\/th>\n<td>Izcila veiktsp\u0113ja un iztur\u012bba<\/td>\n<\/tr>\n<tr>\n<th>Daudzpus\u012bba<\/th>\n<td>Ide\u0101li piem\u0113rots lieljaudas lietojumiem<\/td>\n<\/tr>\n<tr>\n<th>Piem\u0113rojam\u0101s nozares<\/th>\n<td>Ra\u017eo\u0161anas r\u016bpn\u012bcas, Ma\u0161\u012bnu remonta darbn\u012bcas, Lauksaimniec\u012bbas saimniec\u012bbas, Ener\u0123\u0113tika un ieguves r\u016bpniec\u012bba, Ma\u0161\u012bnu ra\u017eo\u0161ana, Ma\u0161\u012bnu r\u016bpn\u012bcas<\/td>\n<\/tr>\n<\/tbody>\n<\/table>\n<h2>Hidraulisk\u0101 teleskopisk\u0101 cilindra galven\u0101s iez\u012bmes<\/h2>\n<p><img decoding=\"async\" src=\"https:\/\/hzpt.com\/wp-content\/uploads\/2023\/11\/Inverted-Telescopic-Cylinder-23.webp\" alt=\"\" title=\"\"><\/p>\n<ul>\n<li>Standarta virzu\u013ccilindra konstrukcija ar hidraulisko piedzi\u0146u.<\/li>\n<li>Izgatavots no augstas kvalit\u0101tes t\u0113rauda korpusa, lai palielin\u0101tu iztur\u012bbu.<\/li>\n<li>Apz\u012bm\u0113ti apgriezti teleskopiskie cilindri.<\/li>\n<li>Nodro\u0161ina maksim\u0101lo vilk\u0161anas sp\u0113ku 20 tonnas un maksim\u0101lo vilces sp\u0113ku 3000 tonnu.<\/li>\n<li>ISO9001:2000 sertifik\u0101ts, kas garant\u0113 kvalit\u0101ti un uzticam\u012bbu.<\/li>\n<\/ul>\n<h2>Hidraulisk\u0101 teleskopisk\u0101 cilindra pielietojums<\/h2>\n<ul>\n<li>Lieliski piem\u0113rots lieto\u0161anai ra\u017eo\u0161anas uz\u0146\u0113mumos un ma\u0161\u012bnb\u016bves r\u016bpn\u012bc\u0101s.<\/li>\n<li>Var izmantot ma\u0161\u012bnb\u016bves remonta darbn\u012bc\u0101s lieljaudas remontam.<\/li>\n<li>Pielietojams saimniec\u012bb\u0101s da\u017e\u0101d\u0101m lauksaimniec\u012bbas ma\u0161\u012bn\u0101m.<\/li>\n<li>Piem\u0113rots ener\u0123\u0113tikas un kalnr\u016bpniec\u012bbas nozar\u0113m.<\/li>\n<li>Var izmantot ma\u0161\u012bnu ra\u017eo\u0161an\u0101 da\u017e\u0101diem pielietojumiem.<\/li>\n<\/ul>\n<p><img decoding=\"async\" src=\"https:\/\/hzpt.com\/wp-content\/uploads\/2023\/11\/Inverted-Telescopic-Cylinder-Applications.webp\" alt=\"Teleskopisk\u0101 cilindra pielietojums\" title=\"\"><\/p>\n<h2>Hidraulisk\u0101 teleskopisk\u0101 cilindra darb\u012bbas princips un apkope<\/h2>\n<p>Hidrauliskais teleskopiskais cilindrs darbojas p\u0113c vienk\u0101r\u0161a principa. Cilindr\u0101 tiek ies\u016bkn\u0113ts hidrauliskais \u0161\u0137idrums, kas spie\u017eas pret virzuli, radot sp\u0113ku cilindra izej\u0101. \u0160o sp\u0113ku var izmantot da\u017e\u0101du uzdevumu veik\u0161anai, piem\u0113ram, smagu kravu cel\u0161anai vai meh\u0101nismu apkalpo\u0161anai.<\/p>\n<ul>\n<li>Konfigur\u0101cija: Cilindrs ir konfigur\u0113ts ar standarta virzu\u013ca strukt\u016bru, ko darbina hidrauliskais \u0161\u0137idrums.<\/li>\n<li>Hidraulisk\u0101 \u0161\u0137idruma ievade: Cilindrs darbojas, s\u016bkn\u0113jot hidraulisko \u0161\u0137idrumu virzu\u013ca kamer\u0101.<\/li>\n<li>Izejas sp\u0113ks: Hidrauliskais \u0161\u0137idrums \u0123ener\u0113 sp\u0113ku, ko var izmantot da\u017e\u0101du uzdevumu veik\u0161anai.<\/li>\n<li>Apkope: Regul\u0101ra hidraulisk\u0101 cilindra p\u0101rbaude, t\u012br\u012b\u0161ana un e\u013c\u013co\u0161ana ir \u013coti svar\u012bga t\u0101 optim\u0101lai darb\u012bbai un ilgm\u016b\u017e\u012bbai.<\/li>\n<li>Bl\u012bv\u0113juma nomai\u0146a: Laika gait\u0101 cilindra bl\u012bves var nolietoties, un t\u0101s ir j\u0101nomaina, lai nov\u0113rstu nopl\u016bdes un saglab\u0101tu efektivit\u0101ti.<\/li>\n<\/ul>\n<p><img decoding=\"async\" src=\"https:\/\/hzpt.com\/wp-content\/uploads\/2023\/11\/Inverted-Telescopic-Cylinder-18.webp\" alt=\"\" title=\"\"><\/p>\n<h2>Apgriezts teleskopiskais cilindrs<\/h2>\n<p>Iztur\u012bgs 10 tonnu hidrauliskais teleskopiskais cilindrs piekab\u0113m ir kritiski svar\u012bga sast\u0101vda\u013ca, kas atbild par smagu kravu cel\u0161anu un nolai\u0161anu. Apgrieztais teleskopiskais cilindrs ir inovat\u012bvs teleskopisko cilindru dizains, kas nodro\u0161ina izcilu veiktsp\u0113ju un iztur\u012bbu sal\u012bdzin\u0101jum\u0101 ar citiem dizainiem. \u0160aj\u0101 rakst\u0101 m\u0113s izp\u0113t\u012bsim apgriezt\u0101 teleskopisk\u0101 cilindra dizainu un funkcijas.<\/p>\n<h3>Dizaina iez\u012bmes<\/h3>\n<p>Apgrieztajam teleskopiskajam cilindram ir unik\u0101ls dizains, kas ietver virzu\u013ca stieni, kas ir piestiprin\u0101ts pie cilindra pamatnes. Cilindra pamatne ir piestiprin\u0101ta pie piekabes, un virzu\u013ca stienis stiepjas uz aug\u0161u cilindr\u0101. Virzu\u013ca stienis ir savienots ar virzuli, kas p\u0101rvietojas cilindra iek\u0161pus\u0113. Cilindrs sast\u0101v no vair\u0101kiem posmiem, kas \u013cauj cilindram izstiepties un savilkties da\u017e\u0101dos garumos. Posmi ir savienoti ar nosl\u0113gtiem savienojumiem, kas nov\u0113r\u0161 \u0161\u0137idruma nopl\u016bdes un uztur spiedienu.<\/p>\n<p>Viena no apgriezt\u0101 teleskopisk\u0101 cilindra galvenaj\u0101m konstrukcijas iez\u012bm\u0113m ir vienk\u0101r\u0161as darb\u012bbas hidraulisk\u0101s sist\u0113mas izmanto\u0161ana. \u0160\u012b sist\u0113ma cilindra pagarin\u0101\u0161anai izmanto \u0161\u0137idruma spiedienu, bet cilindra ievilk\u0161anai t\u0101 pa\u013caujas uz gravit\u0101ciju. \u0160\u012b konstrukcija nov\u0113r\u0161 nepiecie\u0161am\u012bbu p\u0113c atgriezes l\u012bnijas, kas vienk\u0101r\u0161o hidraulisko sist\u0113mu un samazina nopl\u016b\u017eu risku. Turkl\u0101t cilindra apgriezt\u0101 konstrukcija nodro\u0161ina izcilu stabilit\u0101ti un samazina apg\u0101\u0161an\u0101s risku, kas ir \u013coti svar\u012bgi, ce\u013cot smagas kravas.<\/p>\n<h3>Veiktsp\u0113jas ieguvumi<\/h3>\n<p>Apgrieztais teleskopiskais cilindrs nodro\u0161ina vair\u0101kas veiktsp\u0113jas priek\u0161roc\u012bbas sal\u012bdzin\u0101jum\u0101 ar citiem dizainiem. Vienk\u0101r\u0161as darb\u012bbas hidraulisk\u0101s sist\u0113mas izmanto\u0161ana samazina nopl\u016b\u017eu risku un vienk\u0101r\u0161o sist\u0113mu, kas uzlabo uzticam\u012bbu un samazina apkopes izmaksas. Cilindra apgriezt\u0101 konstrukcija nodro\u0161ina izcilu stabilit\u0101ti un samazina apg\u0101\u0161an\u0101s risku, kas ir kritiski svar\u012bgi, ce\u013cot smagas kravas. Turkl\u0101t vair\u0101ku pak\u0101pju izmanto\u0161ana \u013cauj cilindram izstiepties un savilkt da\u017e\u0101dos garumos, kas nodro\u0161ina elast\u012bbu kravu cel\u0161an\u0101 un transport\u0113\u0161an\u0101.<\/p>\n<p>Cilindra nosl\u0113gtie savienojumi nov\u0113r\u0161 \u0161\u0137idruma nopl\u016bdes un uztur spiedienu, kas uzlabo hidraulisk\u0101s sist\u0113mas kop\u0113jo efektivit\u0101ti. Augstas kvalit\u0101tes materi\u0101lu un prec\u012bzu ra\u017eo\u0161anas meto\u017eu izmanto\u0161ana nodro\u0161ina cilindra iztur\u012bbu un sp\u0113ju iztur\u0113t intens\u012bvu lieto\u0161anu ilgsto\u0161\u0101 laika period\u0101. Apgrieztais teleskopiskais cilindrs ir izstr\u0101d\u0101ts, lai nodro\u0161in\u0101tu uzticamu darb\u012bbu skarbos apst\u0101k\u013cos, kas padara to ide\u0101li piem\u0113rotu izmanto\u0161anai b\u016bvniec\u012bbas, kalnr\u016bpniec\u012bbas un transporta nozar\u0113s.<\/p>\n<p>Apgrieztais teleskopiskais cilindrs ir inovat\u012bvs teleskopisko cilindru dizains, kas nodro\u0161ina izcilu veiktsp\u0113ju un iztur\u012bbu sal\u012bdzin\u0101jum\u0101 ar citiem dizainiem. Vienreiz\u0113jas darb\u012bbas hidraulisk\u0101s sist\u0113mas, nosl\u0113gtu savienojumu un prec\u012bzu ra\u017eo\u0161anas meto\u017eu izmanto\u0161ana nodro\u0161ina cilindra uzticam\u012bbu un iztur\u012bbu. Turkl\u0101t cilindra apgrieztais dizains nodro\u0161ina izcilu stabilit\u0101ti un samazina apg\u0101\u0161an\u0101s risku, kas ir \u013coti svar\u012bgi, ce\u013cot smagas kravas. Apgrieztais teleskopiskais cilindrs ir ide\u0101la izv\u0113le ikvienam, kam nepiecie\u0161ams iztur\u012bgs un uzticams hidrauliskais cilindrs smagu kravu cel\u0161anai un transport\u0113\u0161anai.<\/p>\n<h3>Par FMP<\/h3>\n<p>FMP ir uz\u0146\u0113mums, kas specializ\u0113jas hidraulisko cilindru ra\u017eo\u0161an\u0101 un p\u0101rdo\u0161an\u0101. Atrodamies It\u0101lij\u0101, m\u0113s pied\u0101v\u0101jam augstas kvalit\u0101tes un uzticamus hidrauliskos cilindrus, pateicoties m\u016bsu daudzu gadu pieredzei nozar\u0113 un profesion\u0101lajai komandai.<\/p>\n<p><img decoding=\"async\" src=\"https:\/\/fmp-components.com\/wp-content\/uploads\/2024\/12\/Adjustable-Clevis-Type-Cylinders-6.webp\" alt=\"Regul\u0113jams skavu tipa cilindrs\" width=\"817\" title=\"\"><\/p>\n<ol>\n<li>Pla\u0161s produktu kl\u0101sts: M\u0113s pied\u0101v\u0101jam daudzveid\u012bgu hidraulisko cilindru kl\u0101stu, kas piem\u0113rots da\u017e\u0101diem pielietojumiem celtniec\u012bbas tehnikas nozar\u0113.<\/li>\n<li>Augst\u0101k\u0101 kvalit\u0101te: Visi m\u016bsu hidrauliskie cilindri ir izgatavoti, izmantojot augst\u0101k\u0101s kvalit\u0101tes materi\u0101lus, un tiem tiek veiktas stingras kvalit\u0101tes kontroles p\u0101rbaudes, lai nodro\u0161in\u0101tu to iztur\u012bbu un veiktsp\u0113ju.<\/li>\n<li>Piel\u0101go\u0161anas iesp\u0113jas: M\u0113s pied\u0101v\u0101jam piel\u0101go\u0161anas pakalpojumus, lai apmierin\u0101tu m\u016bsu klientu \u012bpa\u0161\u0101s pras\u012bbas, nodro\u0161inot piel\u0101gotus risin\u0101jumus vi\u0146u celtniec\u012bbas tehnikas vajadz\u012bb\u0101m.<\/li>\n<li>Pieredz\u0113jusi p\u0101rdo\u0161anas komanda: M\u016bsu pieredz\u0113ju\u0161ajai p\u0101rdo\u0161anas komandai ir padzi\u013cin\u0101tas zin\u0101\u0161anas par celtniec\u012bbas tehnikas nozari un t\u0101 var sniegt profesion\u0101las konsult\u0101cijas par produktiem, lai pal\u012bdz\u0113tu klientiem pie\u0146emt p\u0101rdom\u0101tus l\u0113mumus par pirkumiem.<\/li>\n<li>Efekt\u012bva lo\u0123istika: Ar m\u016bsu efekt\u012bvo lo\u0123istikas izplat\u012b\u0161anas sist\u0113mu m\u0113s garant\u0113jam savlaic\u012bgu un prec\u012bzu hidraulisko cilindru pieg\u0101di m\u016bsu klientiem, nodro\u0161inot, ka vi\u0146u projekti var norit\u0113t gludi un bez kav\u0113\u0161an\u0101s.<\/li>\n<\/ol>\n<p>Sadarbojieties ar FMP visu savu hidraulisko cilindru vajadz\u012bbu apmierin\u0101\u0161anai un izbaudiet uzticam\u012bbu, kvalit\u0101ti un profesionalit\u0101ti, kas m\u016bs at\u0161\u0137ir celtniec\u012bbas tehnikas nozar\u0113.<\/p>\n<p>Autors: CX<\/p>","protected":false},"excerpt":{"rendered":"<p>Introducing the Durable 10 Ton Hydraulic Telescopic Cylinder for Trailer: The Durable 10 Ton Hydraulic Telescopic Cylinder for Trailer is a high-quality and reliable product designed to provide superior performance in various trailer applications. With its sturdy construction and advanced hydraulic technology, this cylinder offers exceptional lifting capacity and stability. Key Features: 1. Superior Strength: [&hellip;]<\/p>","protected":false},"featured_media":1632,"comment_status":"closed","ping_status":"closed","template":"","meta":{"_et_pb_use_builder":"","_et_pb_old_content":"","_et_gb_content_width":""},"product_brand":[],"product_cat":[45],"product_tag":[34,48],"class_list":{"0":"post-1631","1":"product","2":"type-product","3":"status-publish","4":"has-post-thumbnail","6":"product_cat-inverted-telescopic-cylinder","7":"product_tag-hydraulic-cylinder","8":"product_tag-inverted-telescopic-cylinder","10":"first","11":"instock","12":"product-type-simple"},"_links":{"self":[{"href":"https:\/\/fmp-components.com\/lv\/wp-json\/wp\/v2\/product\/1631","targetHints":{"allow":["GET"]}}],"collection":[{"href":"https:\/\/fmp-components.com\/lv\/wp-json\/wp\/v2\/product"}],"about":[{"href":"https:\/\/fmp-components.com\/lv\/wp-json\/wp\/v2\/types\/product"}],"replies":[{"embeddable":true,"href":"https:\/\/fmp-components.com\/lv\/wp-json\/wp\/v2\/comments?post=1631"}],"wp:featuredmedia":[{"embeddable":true,"href":"https:\/\/fmp-components.com\/lv\/wp-json\/wp\/v2\/media\/1632"}],"wp:attachment":[{"href":"https:\/\/fmp-components.com\/lv\/wp-json\/wp\/v2\/media?parent=1631"}],"wp:term":[{"taxonomy":"product_brand","embeddable":true,"href":"https:\/\/fmp-components.com\/lv\/wp-json\/wp\/v2\/product_brand?post=1631"},{"taxonomy":"product_cat","embeddable":true,"href":"https:\/\/fmp-components.com\/lv\/wp-json\/wp\/v2\/product_cat?post=1631"},{"taxonomy":"product_tag","embeddable":true,"href":"https:\/\/fmp-components.com\/lv\/wp-json\/wp\/v2\/product_tag?post=1631"}],"curies":[{"name":"wp","href":"https:\/\/api.w.org\/{rel}","templated":true}]}}