{"id":1629,"date":"2024-12-23T06:59:20","date_gmt":"2024-12-23T06:59:20","guid":{"rendered":"https:\/\/fmp-components.com\/product\/factory-provide-long-stroke-tow-truck-dump-truck-4-stage-hydraulic-cylinder\/"},"modified":"2025-05-10T12:32:36","modified_gmt":"2025-05-10T12:32:36","slug":"factory-provide-long-stroke-tow-truck-dump-truck-4-stage-hydraulic-cylinder","status":"publish","type":"product","link":"https:\/\/fmp-components.com\/lv\/product\/factory-provide-long-stroke-tow-truck-dump-truck-4-stage-hydraulic-cylinder\/","title":{"rendered":"R\u016bpn\u012bca nodro\u0161ina garo g\u0101jienu evakuatora pa\u0161izg\u0101z\u0113ja 4 pak\u0101pju hidraulisko cilindru"},"content":{"rendered":"<h2>R\u016bpn\u012bca nodro\u0161ina garas g\u0101jiena evakuatora pa\u0161izg\u0101z\u0113ja 4 pak\u0101pju hidraulisko cilindru<\/h2>\n<p>R\u016bpn\u012bcas pieg\u0101d\u0101tais garas g\u0101jiena evakuatora pa\u0161izg\u0101z\u0113ja 4 pak\u0101pju hidrauliskais cilindrs ir jaunizlaists produkts, kas paredz\u0113ts izmanto\u0161anai da\u017e\u0101d\u0101s nozar\u0113s, tostarp ra\u017eo\u0161anas r\u016bpn\u012bc\u0101s, ma\u0161\u012bnb\u016bves remonta darbn\u012bc\u0101s, saimniec\u012bb\u0101s, k\u0101 ar\u012b ener\u0123\u0113tikas un kalnr\u016bpniec\u012bbas nozar\u0113s. \u0160im apgrieztajam teleskopiskajam cilindram ir iztur\u012bgs t\u0113rauda korpuss, un tas sver 56 kg. T\u0101 maksim\u0101l\u0101 vilce ir 3000 un maksim\u0101l\u0101 vilkmes slodze ir 20 tonnas. Galven\u0101s sast\u0101vda\u013cas ir gultnis un virzu\u013ca cilindrs.<\/p>\n<h2>\u010cetrpak\u0101pju hidraulisk\u0101 cilindra \u012bpa\u0161\u012bbas<\/h2>\n<p><img decoding=\"async\" src=\"https:\/\/hzpt.com\/wp-content\/uploads\/2023\/11\/Inverted-Telescopic-Cylinder-11.webp\" alt=\"\" title=\"\"><\/p>\n<p>Cilindram ir \u0161\u0101das \u012bpa\u0161\u012bbas:<\/p>\n<ul>\n<li>Urbuma izm\u0113rs no 2 l\u012bdz 6 coll\u0101m<\/li>\n<li>Stie\u0146a izm\u0113rs no 1,125 l\u012bdz 4 coll\u0101m<\/li>\n<li>G\u0101jiena izm\u0113rs no 6 l\u012bdz 48 coll\u0101m<\/li>\n<li>Tapas izm\u0113rs no 0,5 l\u012bdz 2 coll\u0101m<\/li>\n<li>Pieejams standarta meln\u0101 kr\u0101s\u0101<\/li>\n<\/ul>\n<h2>4 pak\u0101pju hidraulisk\u0101 cilindra pielietojums<\/h2>\n<p>\u010cetrpak\u0101pju hidrauliskajam cilindram ir pla\u0161s pielietojumu kl\u0101sts, tostarp:<\/p>\n<ul>\n<li>Ra\u017eo\u0161anas r\u016bpn\u012bcas: smago ma\u0161\u012bnu un instrumentu ekspluat\u0101cijai.<\/li>\n<li>Ma\u0161\u012bnu remonta darbn\u012bcas: Izmanto da\u017e\u0101du veidu ma\u0161\u012bnu apkopei un remontam.<\/li>\n<li>Fermas: Noder\u012bgi smag\u0101s lauksaimniec\u012bbas tehnik\u0101 efekt\u012bv\u0101m lauksaimniec\u012bbas darb\u012bb\u0101m.<\/li>\n<li>Ener\u0123\u0113tika un ieguves r\u016bpniec\u012bba: b\u016btiska ieguves iek\u0101rt\u0101m un ener\u0123ijas ra\u017eo\u0161anas ma\u0161\u012bn\u0101m.<\/li>\n<li>Ma\u0161\u012bnu r\u016bpn\u012bca: Neat\u0146emama jaunu iek\u0101rtu ra\u017eo\u0161anas un mont\u0101\u017eas sast\u0101vda\u013ca.<\/li>\n<\/ul>\n<p><img decoding=\"async\" src=\"https:\/\/hzpt.com\/wp-content\/uploads\/2023\/11\/Inverted-Telescopic-Cylinder-Applications.webp\" alt=\"Hidraulisko cilindru pielietojumi\" title=\"\"><\/p>\n<h2>4 pak\u0101pju hidraulisk\u0101 cilindra darb\u012bbas princips un apkope<\/h2>\n<p>\u010cetrpak\u0101pju hidrauliskais cilindrs darbojas p\u0113c hidraulisk\u0101s jaudas principa, kur hidrauliskais \u0161\u0137idrums tiek izmantots sp\u0113ka \u0123ener\u0113\u0161anai. Regul\u0101ra apkope ir cilindra efekt\u012bvas darb\u012bbas atsl\u0113ga. Tas ietver regul\u0101ras p\u0101rbaudes, lai atkl\u0101tu jebk\u0101das nodiluma paz\u012bmes, t\u012br\u012b\u0161anu, lai p\u0101rliecin\u0101tos, ka putek\u013ci vai gru\u017ei netrauc\u0113 darb\u012bbu, e\u013c\u013co\u0161anu, lai samazin\u0101tu berzi, un bl\u012bv\u0113juma nomai\u0146u p\u0113c nepiecie\u0161am\u012bbas.<\/p>\n<p><img decoding=\"async\" src=\"https:\/\/hzpt.com\/wp-content\/uploads\/2023\/11\/Inverted-Telescopic-Cylinder-24.webp\" alt=\"\" title=\"\"><\/p>\n<h2>Apgriezts teleskopiskais cilindrs<\/h2>\n<p>Hidrauliskie cilindri ir b\u016btiskas sast\u0101vda\u013cas da\u017e\u0101d\u0101s lietojumprogramm\u0101s, piem\u0113ram, celtniec\u012bbas iek\u0101rt\u0101s, r\u016bpnieciskaj\u0101s iek\u0101rt\u0101s un komerci\u0101lajos transportl\u012bdzek\u013cos. Viens no hidraulisko cilindru veidiem, kas p\u0113d\u0113jos gados ir ieguvis popularit\u0101ti, ir apgrieztais teleskopiskais cilindrs. \u0160\u0101da veida cilindrus parasti izmanto pa\u0161izg\u0101z\u0113jos, evakuatoros un citos smagajos transportl\u012bdzek\u013cos.<\/p>\n<h3>P\u0101rskats<\/h3>\n<p>Apgrieztais teleskopiskais cilindrs ir konstru\u0113ts t\u0101, ka virzu\u013ca stienis atrodas cilindra apak\u0161\u0101, bet virzulis - aug\u0161pus\u0113. \u0160is izk\u0101rtojums \u013cauj pan\u0101kt gar\u0101ku g\u0101jienu maz\u0101k\u0101 telp\u0101, padarot to ide\u0101li piem\u0113rotu lietojumiem ar ierobe\u017eotu vietu. Cilindrs sast\u0101v no vair\u0101kiem posmiem, kas ievelkot sabr\u016bk viens otr\u0101, liel\u0101kajam posmam esot \u0101r\u0113jam, bet maz\u0101kajam - vist\u0101l\u0101kajam.<\/p>\n<h3>B\u016bvniec\u012bba<\/h3>\n<p>Apgrieztais teleskopiskais cilindrs parasti ir izgatavots no augstas stipr\u012bbas t\u0113rauda, \u200b\u200bkas var iztur\u0113t lielas slodzes un ekstrem\u0101las temperat\u016bras. Cilindrs sast\u0101v no vair\u0101kiem posmiem, katram posmam ir savs virzulis un stienis. Posmi ir savienoti viens ar otru ar v\u012bt\u0146otiem apkakl\u0113m, kas \u013cauj tos viegli salikt un demont\u0113t.<\/p>\n<p>Cilindra pamatn\u0113 ir mont\u0101\u017eas pl\u0101ksne, kas piestiprina cilindru pie transportl\u012bdzek\u013ca. Virzu\u013ca stienis gal\u0101 ir savienots ar skavu vai cilpu, kas nodro\u0161ina dro\u0161u savienojumu ar kravu vai transportl\u012bdzekli.<\/p>\n<h3>Funkcija<\/h3>\n<p>Apgrieztais teleskopiskais cilindrs darbojas, izmantojot hidraulisko \u0161\u0137idrumu, lai rad\u012btu spiedienu, kas p\u0113c tam spie\u017e virzuli uz aug\u0161u un uz leju. Virzu\u013ca stienis izstiepjas un ievelkas, pak\u0101p\u0113m sabr\u016bkot viena otr\u0101. Cilindrs var nodro\u0161in\u0101t garu g\u0101jienu, kas ir svar\u012bgi lietojumos, kur nepiecie\u0161ams liels kust\u012bbas diapazons.<\/p>\n<p>Apgrieztais teleskopiskais cilindrs parasti tiek izmantots pa\u0161izg\u0101z\u0113jos un evakuatoros. Pa\u0161izg\u0101z\u0113jos cilindrs tiek izmantots, lai paceltu kravas kasti un izb\u0113rtu kravu no kravas automa\u0161\u012bnas. Evakuatoros cilindrs tiek izmantots, lai izstieptu str\u0113li un paceltu velkamo transportl\u012bdzekli.<\/p>\n<h3>R\u016bpn\u012bca nodro\u0161ina garo g\u0101jienu evakuatora pa\u0161izg\u0101z\u0113ja 4 pak\u0101pju hidraulisko cilindru<\/h3>\n<p>R\u016bpn\u012bcas pieg\u0101d\u0101tais gar\u0101 g\u0101jiena evakuatora pa\u0161izg\u0101z\u0113ja 4 pak\u0101pju hidrauliskais cilindrs ir \u012bpa\u0161a veida apgriezts teleskopiskais cilindrs, kas paredz\u0113ts izmanto\u0161anai evakuatoros un pa\u0161izg\u0101z\u0113jos. \u0160is cilindrs sast\u0101v no \u010detr\u0101m pak\u0101p\u0113m un var nodro\u0161in\u0101t garu g\u0101jienu, padarot to ide\u0101li piem\u0113rotu \u0161\u0101diem lietojumiem.<\/p>\n<p>Cilindrs ir izgatavots no augstas stipr\u012bbas t\u0113rauda, \u200b\u200bun t\u0101 pamatn\u0113 ir mont\u0101\u017eas pl\u0101ksne, lai to var\u0113tu viegli piestiprin\u0101t pie transportl\u012bdzek\u013ca. Virzu\u013ca stienis ir savienots ar skavu vai cilpu, lai to dro\u0161i piestiprin\u0101tu pie kravas vai transportl\u012bdzek\u013ca.<\/p>\n<p>R\u016bpn\u012bcas nodro\u0161in\u0101tais gar\u0101 g\u0101jiena evakuatora pa\u0161izg\u0101z\u0113ja 4 pak\u0101pju hidrauliskais cilindrs ir uzticama un efekt\u012bva sast\u0101vda\u013ca, kas ir b\u016btiska pa\u0161izg\u0101z\u0113ju un evakuatoru pareizai darb\u012bbai. T\u0101 sp\u0113ja nodro\u0161in\u0101t garu g\u0101jienu kompakt\u0101 telp\u0101 padara to par ide\u0101lu izv\u0113li \u0161\u0101diem lietojumiem.<\/p>\n<h3>Par FMP<\/h3>\n<p>FMP ir uz\u0146\u0113mums, kas specializ\u0113jas hidraulisko cilindru ra\u017eo\u0161an\u0101 un p\u0101rdo\u0161an\u0101. Pateicoties m\u016bsu daudzu gadu pieredzei nozar\u0113 un profesion\u0101lai komandai, m\u0113s nodro\u0161in\u0101m klientus ar augstas kvalit\u0101tes un uzticamiem hidrauliskajiem cilindriem celtniec\u012bbas tehnikai.<\/p>\n<p><img decoding=\"async\" class=\"aligncenter\" src=\"https:\/\/fmp-components.com\/wp-content\/uploads\/2024\/12\/Adjustable-Clevis-Type-Cylinders-6.webp\" alt=\"Regul\u0113jams skavu tipa cilindrs\" width=\"816\" title=\"\"><\/p>\n<p>\u0160eit ir pieci iemesli, k\u0101p\u0113c jums vajadz\u0113tu izv\u0113l\u0113ties m\u016bsu hidrauliskos cilindrus:<\/p>\n<ol>\n<li>Pla\u0161s iesp\u0113ju kl\u0101sts: M\u0113s pied\u0101v\u0101jam pla\u0161u hidraulisko cilindru kl\u0101stu, tostarp regul\u0113jamus skavu tipa cilindrus, \u0161arn\u012brstiep\u0146u cilindrus, metin\u0101tus cilindrus, teleskopiskos cilindrus un kompaktos cilindrus. Lai k\u0101das b\u016btu j\u016bsu celtniec\u012bbas tehnikas vajadz\u012bbas, mums ir ide\u0101ls cilindrs tie\u0161i jums.<\/li>\n<li>Izcila kvalit\u0101te: Visi m\u016bsu hidrauliskie cilindri ir izgatavoti, izmantojot augstas kvalit\u0101tes materi\u0101lus, un tiem tiek veiktas stingras kvalit\u0101tes kontroles p\u0101rbaudes. M\u0113s nodro\u0161in\u0101m, ka katrs cilindrs atbilst stingriem nozares standartiem, nodro\u0161inot jums uzticamu un iztur\u012bgu veiktsp\u0113ju.<\/li>\n<li>Piel\u0101go\u0161ana: M\u0113s saprotam, ka katram b\u016bvniec\u012bbas projektam ir unik\u0101las pras\u012bbas. T\u0101p\u0113c m\u0113s pied\u0101v\u0101jam piel\u0101go\u0161anas iesp\u0113jas m\u016bsu hidrauliskajiem cilindriem. Neatkar\u012bgi no t\u0101, vai tas ir izm\u0113rs, mont\u0101\u017eas veids vai spiediena v\u0113rt\u0113jums, m\u0113s varam piel\u0101got cilindru j\u016bsu \u012bpa\u0161aj\u0101m vajadz\u012bb\u0101m.<\/li>\n<li>Ekspertu konsult\u0101cijas: M\u016bsu zino\u0161\u0101 p\u0101rdo\u0161anas komanda labi p\u0101rzina celtniec\u012bbas tehnikas nozari. Vi\u0146i var sniegt profesion\u0101las produktu konsult\u0101cijas, pal\u012bdzot jums izv\u0113l\u0113ties pareizo hidraulisko cilindru j\u016bsu apr\u012bkojumam. M\u0113s esam ap\u0146\u0113mu\u0161ies rast lab\u0101kos risin\u0101jumus m\u016bsu klientiem.<\/li>\n<li>Efekt\u012bva izplat\u012b\u0161ana: Mums ir efekt\u012bva lo\u0123istikas izplat\u012b\u0161anas sist\u0113ma, lai nodro\u0161in\u0101tu, ka j\u016bs savlaic\u012bgi un prec\u012bzi sa\u0146emat savus hidrauliskos cilindrus. J\u016bs varat pa\u013cauties uz mums, ka pieg\u0101d\u0101sim jums nepiecie\u0161am\u0101s deta\u013cas, kad t\u0101s ir nepiecie\u0161amas, samazinot j\u016bsu tehnikas d\u012bkst\u0101ves laiku.<\/li>\n<\/ol>\n<p>Izv\u0113lieties FMP sav\u0101m hidraulisko cilindru vajadz\u012bb\u0101m un izbaudiet at\u0161\u0137ir\u012bbu. Sazinieties ar mums jau \u0161odien, lai apspriestu, k\u0101 m\u0113s varam izpild\u012bt j\u016bsu celtniec\u012bbas tehnikas pras\u012bbas.<\/p>\n<p>Autors: CX<\/p>","protected":false},"excerpt":{"rendered":"<p>The Factory Provide Long Stroke Tow Truck Dump Truck 4 Stage Hydraulic Cylinder The Factory Provide Long Stroke Tow Truck Dump Truck 4 Stage Hydraulic Cylinder is a newly launched product designed for use in various industries, including manufacturing plants, machinery repair shops, farms, and energy and mining sectors. This inverted telescopic type cylinder has [&hellip;]<\/p>","protected":false},"featured_media":1630,"comment_status":"closed","ping_status":"closed","template":"","meta":{"_et_pb_use_builder":"","_et_pb_old_content":"","_et_gb_content_width":""},"product_brand":[],"product_cat":[45],"product_tag":[34,48],"class_list":{"0":"post-1629","1":"product","2":"type-product","3":"status-publish","4":"has-post-thumbnail","6":"product_cat-inverted-telescopic-cylinder","7":"product_tag-hydraulic-cylinder","8":"product_tag-inverted-telescopic-cylinder","10":"first","11":"instock","12":"product-type-simple"},"_links":{"self":[{"href":"https:\/\/fmp-components.com\/lv\/wp-json\/wp\/v2\/product\/1629","targetHints":{"allow":["GET"]}}],"collection":[{"href":"https:\/\/fmp-components.com\/lv\/wp-json\/wp\/v2\/product"}],"about":[{"href":"https:\/\/fmp-components.com\/lv\/wp-json\/wp\/v2\/types\/product"}],"replies":[{"embeddable":true,"href":"https:\/\/fmp-components.com\/lv\/wp-json\/wp\/v2\/comments?post=1629"}],"wp:featuredmedia":[{"embeddable":true,"href":"https:\/\/fmp-components.com\/lv\/wp-json\/wp\/v2\/media\/1630"}],"wp:attachment":[{"href":"https:\/\/fmp-components.com\/lv\/wp-json\/wp\/v2\/media?parent=1629"}],"wp:term":[{"taxonomy":"product_brand","embeddable":true,"href":"https:\/\/fmp-components.com\/lv\/wp-json\/wp\/v2\/product_brand?post=1629"},{"taxonomy":"product_cat","embeddable":true,"href":"https:\/\/fmp-components.com\/lv\/wp-json\/wp\/v2\/product_cat?post=1629"},{"taxonomy":"product_tag","embeddable":true,"href":"https:\/\/fmp-components.com\/lv\/wp-json\/wp\/v2\/product_tag?post=1629"}],"curies":[{"name":"wp","href":"https:\/\/api.w.org\/{rel}","templated":true}]}}