{"id":1627,"date":"2024-12-23T06:59:20","date_gmt":"2024-12-23T06:59:20","guid":{"rendered":"https:\/\/fmp-components.com\/product\/dump-truck-4-stage-hydraulic-cylinder-long-stroke-telescopic-hydraulic-cylinder\/"},"modified":"2024-12-23T08:30:21","modified_gmt":"2024-12-23T08:30:21","slug":"dump-truck-4-stage-hydraulic-cylinder-long-stroke-telescopic-hydraulic-cylinder","status":"publish","type":"product","link":"https:\/\/fmp-components.com\/lv\/product\/dump-truck-4-stage-hydraulic-cylinder-long-stroke-telescopic-hydraulic-cylinder\/","title":{"rendered":"Pa\u0161izg\u0101z\u0113ja 4 pak\u0101pju hidrauliskais cilindrs ar garu g\u0101jienu teleskopiskais hidrauliskais cilindrs"},"content":{"rendered":"<h2>Iepaz\u012bstin\u0101m ar pa\u0161izg\u0101z\u0113ja 4 pak\u0101pju hidraulisko cilindru ar garu g\u0101jienu teleskopisko hidraulisko cilindru<\/h2>\n<p>Pa\u0161izg\u0101z\u0113ja 4 pak\u0101pju hidraulisk\u0101 cilindra gar\u0101 g\u0101jiena teleskopiskais hidrauliskais cilindrs ir daudzpus\u012bgs un iztur\u012bgs izstr\u0101d\u0101jums, kas paredz\u0113ts lieljaudas lietojumiem. To parasti izmanto pa\u0161izg\u0101z\u0113jos, un tas ir izstr\u0101d\u0101ts, lai nodro\u0161in\u0101tu maksim\u0101lu iztur\u012bbu un veiktsp\u0113ju.<\/p>\n<p>\u0160is hidrauliskais cilindrs ir izgatavots no augstas kvalit\u0101tes materi\u0101liem, kas nodro\u0161ina ilgsto\u0161u iztur\u012bbu un uzticam\u012bbu. Tam ir 4 pak\u0101pju teleskopiska konstrukcija, kas nodro\u0161ina gar\u0101ku g\u0101jiena garumu, dodot iesp\u0113ju pacelt un p\u0101rvietot smag\u0101kas kravas. Turkl\u0101t tam ir liels urbuma diametrs, kas nodro\u0161ina liel\u0101ku hidraulisko pl\u016bsmu un \u0101tr\u0101ku darb\u012bbu.<\/p>\n<p>Pa\u0161izg\u0101z\u0113ja 4 pak\u0101pju hidraulisk\u0101 cilindra gar\u0101 g\u0101jiena teleskopiskais hidrauliskais cilindrs ir izstr\u0101d\u0101ts ar\u012b, \u0146emot v\u0113r\u0101 dro\u0161\u012bbu. Tam ir ieb\u016bv\u0113ts dro\u0161\u012bbas v\u0101rsts, kas autom\u0101tiski aptur cilindra p\u0101r\u0101k lielu izstiep\u0161anos, nov\u0113r\u0161ot apr\u012bkojuma boj\u0101jumus vai iesp\u0113jamus savainojumus operatoram.<\/p>\n<table style=\"width: 100%;\" border=\"1\" width=\"100%\" cellspacing=\"0\" cellpadding=\"0\">\n<tbody>\n<tr>\n<th>Produkta nosaukums<\/th>\n<td>Pa\u0161izg\u0101z\u0113ja 4 pak\u0101pju hidrauliskais cilindrs ar garu g\u0101jienu teleskopiskais hidrauliskais cilindrs<\/td>\n<\/tr>\n<tr>\n<th>St\u0101voklis<\/th>\n<td>Jauns<\/td>\n<\/tr>\n<tr>\n<th>Garantija<\/th>\n<td>1 gads<\/td>\n<\/tr>\n<tr>\n<th>Svars (kg)<\/th>\n<td>56<\/td>\n<\/tr>\n<tr>\n<th>Maksim\u0101l\u0101 vilce<\/th>\n<td>3000<\/td>\n<\/tr>\n<tr>\n<th>Maksim\u0101lais vilk\u0161anas sp\u0113ks<\/th>\n<td>20 tonnas<\/td>\n<\/tr>\n<tr>\n<th>Dizains<\/th>\n<td>4 posmu teleskopiskais cilindrs ar garu g\u0101jienu<\/td>\n<\/tr>\n<tr>\n<th>Veiktsp\u0113ja<\/th>\n<td>Izcila veiktsp\u0113ja, iztur\u012bba un dro\u0161\u012bba<\/td>\n<\/tr>\n<tr>\n<th>Piem\u0113rojam\u0101s nozares<\/th>\n<td>Ra\u017eo\u0161anas r\u016bpn\u012bcas, Ma\u0161\u012bnu remonta darbn\u012bcas, Lauksaimniec\u012bbas saimniec\u012bbas, Ener\u0123\u0113tika un ieguves r\u016bpniec\u012bba, Ma\u0161\u012bnu ra\u017eo\u0161anas r\u016bpn\u012bcas<\/td>\n<\/tr>\n<\/tbody>\n<\/table>\n<h2>\u010cetrpak\u0101pju hidraulisk\u0101 cilindra \u012bpa\u0161\u012bbas<\/h2>\n<p>\u010cetrpak\u0101pju hidrauliskajam cilindram pa\u0161izg\u0101z\u0113jiem ir daudz at\u0161\u0137ir\u012bgu \u012bpa\u0161\u012bbu:<br \/>\n<img decoding=\"async\" src=\"https:\/\/hzpt.com\/wp-content\/uploads\/2023\/11\/Inverted-Telescopic-Cylinder-2.webp\" alt=\"\" title=\"\"><\/p>\n<ol>\n<li>Standarta virzu\u013ccilindra strukt\u016bra<\/li>\n<li>Hidraulisk\u0101 jauda<\/li>\n<li>T\u0113rauda korpusa materi\u0101ls<\/li>\n<li>Apgrieztu teleskopisko cilindru tips<\/li>\n<li>ISO9001:2000 sertifik\u0101cija<\/li>\n<\/ol>\n<h2>4 pak\u0101pju hidraulisk\u0101 cilindra pielietojums<\/h2>\n<p>Pateicoties t\u0101 daudzpus\u012bgajam dizainam un efekt\u012bvajai funkcionalit\u0101tei, \u010detrpak\u0101pju hidraulisko cilindru var izmantot daudz\u0101s nozar\u0113s:<\/p>\n<ol>\n<li>Ra\u017eo\u0161anas r\u016bpn\u012bca<\/li>\n<li>Ma\u0161\u012bnu remonta darbn\u012bcas<\/li>\n<li>Fermas<\/li>\n<li>Ener\u0123\u0113tika un ieguves r\u016bpniec\u012bba<\/li>\n<li>Ma\u0161\u012bnu ra\u017eo\u0161ana<\/li>\n<\/ol>\n<p><img decoding=\"async\" src=\"https:\/\/hzpt.com\/wp-content\/uploads\/2023\/11\/Inverted-Telescopic-Cylinder-Applications.webp\" alt=\"Apgrieztu teleskopisko cilindru pielietojumi\" title=\"\"><\/p>\n<h2>4 pak\u0101pju hidraulisk\u0101 cilindra darb\u012bbas princips un apkope<\/h2>\n<p>\u010cetrpak\u0101pju hidrauliskais cilindrs darbojas ar hidraulisk\u0101 \u0161\u0137idruma padevi, kas \u0123ener\u0113 izejas sp\u0113ku. Regul\u0101ras apkopes metodes optim\u0101las veiktsp\u0113jas nodro\u0161in\u0101\u0161anai ietver regul\u0101ru p\u0101rbaudi, t\u012br\u012b\u0161anu, e\u013c\u013co\u0161anu, k\u0101rt\u0113j\u0101s p\u0101rbaudes un remontu, bl\u012bvju nomai\u0146u un lietot\u0101ja rokasgr\u0101mat\u0101 sniegto nor\u0101d\u012bjumu iev\u0113ro\u0161anu.<br \/>\n<img decoding=\"async\" src=\"https:\/\/hzpt.com\/wp-content\/uploads\/2023\/11\/Inverted-Telescopic-Cylinder-20.webp\" alt=\"\" title=\"\"><\/p>\n<h2>Apgriezts teleskopiskais cilindrs<\/h2>\n<h3>Ievads<\/h3>\n<p>Apgrieztais teleskopiskais cilindrs ir hidrauliskais cilindrs, ko izmanto da\u017e\u0101dos pielietojumos, tostarp pa\u0161izg\u0101z\u0113jos. Tas ir cilindra veids ar unik\u0101lu strukt\u016bru un dizainu, kas padara to ide\u0101li piem\u0113rotu izmanto\u0161anai nozar\u0113s, kur\u0101s nepiecie\u0161amas augstas kvalit\u0101tes hidraulisk\u0101s sist\u0113mas. Apgriezto teleskopisko cilindru sauc ar\u012b par vienas darb\u012bbas teleskopisko cilindru, un tas ir paz\u012bstams ar savu stabilit\u0101ti un efektivit\u0101ti.<\/p>\n<h3>Apgriezt\u0101 teleskopisk\u0101 cilindra strukt\u016bra<\/h3>\n<p>Apgriezts teleskopiskais cilindrs sast\u0101v no vair\u0101k\u0101m pak\u0101p\u0113m, kas ir ievietotas viena otr\u0101. \u0100r\u0113j\u0101 pak\u0101pe ir liel\u0101k\u0101, bet iek\u0161\u0113j\u0101 pak\u0101pe ir maz\u0101k\u0101. Pak\u0101pes ir savienotas, izmantojot virzuli, kas p\u0101rvietojas uz aug\u0161u un uz leju cilindra iek\u0161pus\u0113. Virzulis ir savienots ar stieni, kas stiepjas \u0101rpus cilindra.<\/p>\n<p>Apgrieztajam teleskopiskajam cilindram ir unik\u0101ls dizains, kur\u0101 virzulis atrodas cilindra apak\u0161\u0101. Stienis, kas stiepjas \u0101rpus cilindra, ir savienots ar slodzi, un slodzes svars tiek izmantots cilindra pagarin\u0101\u0161anai. \u0160\u012b konstrukcija padara apgriezto teleskopisko cilindru stabil\u0101ku un efekt\u012bv\u0101ku nek\u0101 cita veida hidrauliskie cilindri.<\/p>\n<h3>Apgriezt\u0101 teleskopisk\u0101 cilindra pielietojumi<\/h3>\n<p>Apgrieztais teleskopiskais cilindrs tiek pla\u0161i izmantots da\u017e\u0101d\u0101s nozar\u0113s, tostarp pa\u0161izg\u0101z\u0113jos, celt\u0146os un cit\u0101 smagaj\u0101 apr\u012bkojum\u0101. Viens no galvenajiem apgriezt\u0101 teleskopisk\u0101 cilindra pielietojumiem ir pa\u0161izg\u0101z\u0113ji. Cilindru izmanto, lai paceltu un nolaistu pa\u0161izg\u0101z\u0113ja platformu, kas \u013cauj transport\u0113t lielus materi\u0101lu apjomus.<\/p>\n<h3>Pa\u0161izg\u0101z\u0113ja 4 pak\u0101pju hidrauliskais cilindrs<\/h3>\n<p>Pa\u0161izg\u0101z\u0113ja 4 pak\u0101pju hidrauliskais cilindrs ir apgriezta teleskopisk\u0101 cilindra veids, kas ir \u012bpa\u0161i paredz\u0113ts izmanto\u0161anai pa\u0161izg\u0101z\u0113jos. Cilindram ir \u010detri posmi, kas nodro\u0161ina gar\u0101ku g\u0101jienu un liel\u0101ku celtsp\u0113ju. Pa\u0161izg\u0101z\u0113ja 4 pak\u0101pju hidrauliskais cilindrs ir paz\u012bstams ar\u012b ar savu iztur\u012bbu un uzticam\u012bbu, kas padara to ide\u0101li piem\u0113rotu lieto\u0161anai skarbos apst\u0101k\u013cos.<\/p>\n<h3>Ilgsto\u0161a teleskopisk\u0101 hidraulisk\u0101 cilindra<\/h3>\n<p>Gar\u0101 g\u0101jiena teleskopiskais hidrauliskais cilindrs ir v\u0113l viens apgriezt\u0101 teleskopisk\u0101 cilindra veids, ko izmanto da\u017e\u0101d\u0101s nozar\u0113s, tostarp pa\u0161izg\u0101z\u0113jos. Gar\u0101 g\u0101jiena konstrukcija nodro\u0161ina gar\u0101ku g\u0101jiena garumu, kas padara to ide\u0101li piem\u0113rotu lietojumiem, kur nepiecie\u0161ams gar\u0101ks g\u0101jiens. Gar\u0101 g\u0101jiena teleskopiskais hidrauliskais cilindrs ir paz\u012bstams ar\u012b ar savu efektivit\u0101ti un uzticam\u012bbu, kas padara to par popul\u0101ru izv\u0113li daudz\u0101s nozar\u0113s.<\/p>\n<p>Rezum\u0113jot, apgrieztais teleskopiskais cilindrs ir unik\u0101ls hidrauliskais cilindrs, ko pla\u0161i izmanto da\u017e\u0101d\u0101s nozar\u0113s, tostarp pa\u0161izg\u0101z\u0113jos. Cilindram ir unik\u0101la strukt\u016bra un dizains, kas padara to stabil\u0101ku un efekt\u012bv\u0101ku nek\u0101 cita veida hidrauliskie cilindri. Pa\u0161izg\u0101z\u0113ja 4 pak\u0101pju hidrauliskais cilindrs un gar\u0101 g\u0101jiena teleskopiskais hidrauliskais cilindrs ir divi apgriezto teleskopisko cilindru piem\u0113ri, kas ir \u012bpa\u0161i paredz\u0113ti izmanto\u0161anai pa\u0161izg\u0101z\u0113jos un cit\u0101 smagaj\u0101 apr\u012bkojum\u0101.<\/p>\n<h3>Par FMP<\/h3>\n<p>FMP ir vado\u0161ais uz\u0146\u0113mums, kas specializ\u0113jas hidraulisko cilindru ra\u017eo\u0161an\u0101 un p\u0101rdo\u0161an\u0101. Ar m\u016bsu galveno m\u012btni It\u0101lij\u0101 m\u0113s pied\u0101v\u0101jam klientiem pla\u0161u augstas kvalit\u0101tes un uzticamu hidraulisko cilindru risin\u0101jumu kl\u0101stu, ko nodro\u0161ina m\u016bsu pla\u0161\u0101 pieredze nozar\u0113 un profesion\u0101l\u0101 komanda.<\/p>\n<p><strong>1. Da\u017e\u0101ds produktu kl\u0101sts:<\/strong> M\u016bsu produktu kl\u0101st\u0101 ir da\u017e\u0101di hidrauliskie cilindri, kas paredz\u0113ti da\u017e\u0101diem pielietojumiem, nodro\u0161inot, ka m\u0113s varam apmierin\u0101t m\u016bsu klientu \u012bpa\u0161\u0101s vajadz\u012bbas.<\/p>\n<p><strong>2. Augst\u0101k\u0101 kvalit\u0101te:<\/strong> FMP m\u0113s pie\u0161\u0137iram priorit\u0101ti kvalit\u0101tei un nodro\u0161in\u0101m, lai visi m\u016bsu hidrauliskie cilindri atbilstu stingriem kvalit\u0101tes standartiem. M\u0113s esam izveidoju\u0161i ilgtermi\u0146a un stabilas attiec\u012bbas ar augstas kvalit\u0101tes pieg\u0101d\u0101t\u0101jiem gan viet\u0113jiem, gan starptautiskiem, lai garant\u0113tu m\u016bsu produktu izcil\u012bbu.<\/p>\n<p><strong>3. P\u0101rdo\u0161anas ekspertu komanda:<\/strong> M\u016bsu pieredz\u0113ju\u0161ajai un prasm\u012bgajai p\u0101rdo\u0161anas komandai ir padzi\u013cin\u0101tas zin\u0101\u0161anas par b\u016bvniec\u012bbas tehnikas nozari. Vi\u0146i seko l\u012bdzi jaun\u0101kaj\u0101m tendenc\u0113m un izprot klientu vajadz\u012bbas, kas \u013cauj vi\u0146iem sniegt profesion\u0101las produktu konsult\u0101cijas un p\u0101rdom\u0101tus pirk\u0161anas ieteikumus.<\/p>\n<p><strong>4. Efekt\u012bva lo\u0123istikas izplat\u012b\u0161ana:<\/strong> Esam ieviesu\u0161i efekt\u012bvu lo\u0123istikas izplat\u012b\u0161anas sist\u0113mu, lai nodro\u0161in\u0101tu nepiecie\u0161amo hidraulisko cilindru savlaic\u012bgu un prec\u012bzu pieg\u0101di m\u016bsu klientiem, samazinot d\u012bkst\u0101ves laiku un uzlabojot produktivit\u0101ti.<\/p>\n<p><strong>5. Ap\u0146em\u0161an\u0101s nodro\u0161in\u0101t klientu apmierin\u0101t\u012bbu:<\/strong> FMP m\u0113s priorit\u0101ri r\u016bp\u0113jamies par klientu apmierin\u0101t\u012bbu. M\u0113s cen\u0161amies veidot ilgtermi\u0146a attiec\u012bbas ar saviem klientiem, pieg\u0101d\u0101jot izcilus produktus un nodro\u0161inot lielisku p\u0113cp\u0101rdo\u0161anas atbalstu.<\/p>\n<p><img decoding=\"async\" src=\"https:\/\/fmp-components.com\/wp-content\/uploads\/2024\/12\/Adjustable-Clevis-Type-Cylinders-6.webp\" alt=\"Regul\u0113jams skavu tipa cilindrs\" width=\"815\" title=\"\"><br \/>\nAutors: CX<\/p>","protected":false},"excerpt":{"rendered":"<p>Introducing Dump Truck 4 Stage Hydraulic Cylinder Long Stroke Telescopic Hydraulic Cylinder The Dump Truck 4 Stage Hydraulic Cylinder Long Stroke Telescopic Hydraulic Cylinder is a versatile and durable product designed for heavy-duty applications. It is commonly used in dump trucks, and is engineered to provide maximum strength and performance. This hydraulic cylinder is constructed [&hellip;]<\/p>","protected":false},"featured_media":1628,"comment_status":"closed","ping_status":"closed","template":"","meta":{"_et_pb_use_builder":"","_et_pb_old_content":"","_et_gb_content_width":""},"product_brand":[],"product_cat":[45],"product_tag":[34,48],"class_list":{"0":"post-1627","1":"product","2":"type-product","3":"status-publish","4":"has-post-thumbnail","6":"product_cat-inverted-telescopic-cylinder","7":"product_tag-hydraulic-cylinder","8":"product_tag-inverted-telescopic-cylinder","10":"first","11":"instock","12":"product-type-simple"},"_links":{"self":[{"href":"https:\/\/fmp-components.com\/lv\/wp-json\/wp\/v2\/product\/1627","targetHints":{"allow":["GET"]}}],"collection":[{"href":"https:\/\/fmp-components.com\/lv\/wp-json\/wp\/v2\/product"}],"about":[{"href":"https:\/\/fmp-components.com\/lv\/wp-json\/wp\/v2\/types\/product"}],"replies":[{"embeddable":true,"href":"https:\/\/fmp-components.com\/lv\/wp-json\/wp\/v2\/comments?post=1627"}],"wp:featuredmedia":[{"embeddable":true,"href":"https:\/\/fmp-components.com\/lv\/wp-json\/wp\/v2\/media\/1628"}],"wp:attachment":[{"href":"https:\/\/fmp-components.com\/lv\/wp-json\/wp\/v2\/media?parent=1627"}],"wp:term":[{"taxonomy":"product_brand","embeddable":true,"href":"https:\/\/fmp-components.com\/lv\/wp-json\/wp\/v2\/product_brand?post=1627"},{"taxonomy":"product_cat","embeddable":true,"href":"https:\/\/fmp-components.com\/lv\/wp-json\/wp\/v2\/product_cat?post=1627"},{"taxonomy":"product_tag","embeddable":true,"href":"https:\/\/fmp-components.com\/lv\/wp-json\/wp\/v2\/product_tag?post=1627"}],"curies":[{"name":"wp","href":"https:\/\/api.w.org\/{rel}","templated":true}]}}