{"id":1625,"date":"2024-12-23T06:59:20","date_gmt":"2024-12-23T06:59:20","guid":{"rendered":"https:\/\/fmp-components.com\/product\/professional-customized-hydraulic-cylinder-truck-hydraulic-cylinder-for-dump-truck\/"},"modified":"2024-12-23T08:22:35","modified_gmt":"2024-12-23T08:22:35","slug":"professional-customized-hydraulic-cylinder-truck-hydraulic-cylinder-for-dump-truck","status":"publish","type":"product","link":"https:\/\/fmp-components.com\/lv\/product\/professional-customized-hydraulic-cylinder-truck-hydraulic-cylinder-for-dump-truck\/","title":{"rendered":"Profesion\u0101ls piel\u0101gots hidraulisk\u0101 cilindra kravas automa\u0161\u012bnas hidrauliskais cilindrs pa\u0161izg\u0101z\u0113jam"},"content":{"rendered":"<h2>Iepaz\u012bstin\u0101m ar profesion\u0101li piel\u0101gotu hidraulisko cilindru pa\u0161izg\u0101z\u0113jiem<\/h2>\n<p>Pa\u0161izg\u0101z\u0113ji ir svar\u012bgi lieljaudas transportl\u012bdzek\u013ci, ko izmanto da\u017e\u0101d\u0101s nozar\u0113s, tostarp b\u016bvniec\u012bb\u0101 un kalnr\u016bpniec\u012bb\u0101. Hidraulisk\u0101 sist\u0113ma ir kritiski svar\u012bga pa\u0161izg\u0101z\u0113ju sast\u0101vda\u013ca, un hidrauliskais cilindrs ir viena no vissvar\u012bg\u0101kaj\u0101m hidraulisk\u0101s sist\u0113mas da\u013c\u0101m. Hidrauliskais cilindrs ir atbild\u012bgs par pa\u0161izg\u0101z\u0113ja pacel\u0161anas meh\u0101nisma darbin\u0101\u0161anu, \u013caujot pacelt un nolaist kravas kasti.<\/p>\n<p>Profesion\u0101li piel\u0101gotais hidrauliskais cilindrs ir augstas kvalit\u0101tes hidrauliskais cilindrs, kas \u012bpa\u0161i izstr\u0101d\u0101ts pa\u0161izg\u0101z\u0113jiem. Tas ir izgatavots no augst\u0101k\u0101s kvalit\u0101tes materi\u0101liem, nodro\u0161inot iztur\u012bbu un ilgm\u016b\u017e\u012bbu. Cilindrs ir izstr\u0101d\u0101ts, lai iztur\u0113tu skarbos apst\u0101k\u013cus intens\u012bvai darb\u012bbai, padarot to par ide\u0101lu izv\u0113li pa\u0161izg\u0101z\u0113jiem, ko izmanto b\u016bvniec\u012bb\u0101, ieguves r\u016bpniec\u012bb\u0101 un cit\u0101s nozar\u0113s.<\/p>\n<p>Viena no profesion\u0101l\u0101 piel\u0101got\u0101 hidraulisk\u0101 cilindra galvenaj\u0101m priek\u0161roc\u012bb\u0101m ir t\u0101 piel\u0101gojamais dizains. \u0160o hidraulisko cilindru var piel\u0101got, lai tas atbilstu da\u017e\u0101du pa\u0161izg\u0101z\u0113ju mode\u013cu \u012bpa\u0161aj\u0101m pras\u012bb\u0101m. Piel\u0101go\u0161anas iesp\u0113jas ietver cilindra garumu un diametru, k\u0101 ar\u012b g\u0101jiena un mont\u0101\u017eas iesp\u0113jas. \u0160is piel\u0101go\u0161anas l\u012bmenis nodro\u0161ina, ka hidrauliskais cilindrs lieliski atbilst pa\u0161izg\u0101z\u0113jam un optim\u0101li darbojas ar to.<\/p>\n<p>Papildus piel\u0101gojamam dizainam, profesion\u0101lais piel\u0101gotais hidrauliskais cilindrs lepojas ar\u012b ar izcilu veiktsp\u0113ju. Tam ir augsta celtsp\u0113ja, un tas var \u0101tri un vienm\u0113r\u012bgi pacelt kravas automa\u0161\u012bnas kravas kasti. Cilindrs ir ar\u012b konstru\u0113ts t\u0101, lai tas darbotos bez nopl\u016bd\u0113m, nodro\u0161inot t\u0101 efekt\u012bvu darb\u012bbu bez jebk\u0101d\u0101m probl\u0113m\u0101m.<\/p>\n<p>Nosl\u0113gum\u0101 j\u0101saka, ka Professional Customized Hydraulic Cylinder ir augst\u0101k\u0101s klases hidrauliskais cilindrs, kas paredz\u0113ts pa\u0161izg\u0101z\u0113jiem. T\u0101 piel\u0101gojamais dizains, iztur\u012bba un lielisk\u0101 veiktsp\u0113ja padara to par ide\u0101lu izv\u0113li pa\u0161izg\u0101z\u0113jiem, ko izmanto smag\u0101s oper\u0101cij\u0101s.<\/p>\n<div>\n<h2>Ieg\u0101d\u0101jieties piel\u0101gotu hidraulisko cilindru pa\u0161izg\u0101z\u0113jiem jau \u0161odien!<\/h2>\n<p>Iepaz\u012bstin\u0101m ar m\u016bsu pavisam jauno un profesion\u0101li piel\u0101goto hidraulisko cilindru pa\u0161izg\u0101z\u0113jiem, kas ir ide\u0101li piem\u0113rots da\u017e\u0101d\u0101m nozar\u0113m, tostarp ra\u017eo\u0161anas r\u016bpn\u012bc\u0101m, ma\u0161\u012bnb\u016bves remonta darbn\u012bc\u0101m, lauksaimniec\u012bbas zem\u0113m, ener\u0123\u0113tikas un ieguves r\u016bpniec\u012bbai, ma\u0161\u012bnb\u016bves nozarei un ma\u0161\u012bnb\u016bves r\u016bpn\u012bc\u0101m. M\u016bsu hidrauliskais cilindrs ir izgatavots no iztur\u012bga t\u0113rauda un konstru\u0113ts atbilsto\u0161i standarta specifik\u0101cij\u0101m, nodro\u0161inot ilgsto\u0161u veiktsp\u0113ju. Tam ir 1 gada garantija, un tas ir sertific\u0113ts saska\u0146\u0101 ar ISO9001:2000 standartu, garant\u0113jot augst\u0101k\u0101s klases kvalit\u0101ti.<\/p>\n<ul>\n<li><b>Svars:<\/b> 78 kg<\/li>\n<li><b>Maksim\u0101l\u0101 vilce:<\/b> 3000<\/li>\n<li><b>Vilk\u0161anas jauda:<\/b> 20 tonnas<\/li>\n<\/ul>\n<p><img decoding=\"async\" src=\"https:\/\/hzpt.com\/wp-content\/uploads\/2023\/11\/Inverted-Telescopic-Cylinder-5.webp\" alt=\"Apgriezts teleskopiskais cilindrs\" title=\"\"><\/p>\n<h2>M\u016bsu hidraulisk\u0101 cilindra \u012bpa\u0161\u012bbas<\/h2>\n<ul>\n<li><b>Piel\u0101gots risin\u0101jums:<\/b> M\u016bsu hidrauliskie cilindri ir profesion\u0101li piel\u0101goti j\u016bsu \u012bpa\u0161aj\u0101m pras\u012bb\u0101m.<\/li>\n<li><b>Augstas kvalit\u0101tes materi\u0101ls:<\/b> Izgatavots no iztur\u012bga t\u0113rauda, \u200b\u200btas nodro\u0161ina iztur\u012bbu un ilgm\u016b\u017e\u012bbu.<\/li>\n<li><b>Augsta veiktsp\u0113ja:<\/b> Ar maksim\u0101lo vilces sp\u0113ku 3000 ZS un sp\u0113ju vilkt l\u012bdz 20 tonn\u0101m, tas pied\u0101v\u0101 augstu veiktsp\u0113ju.<\/li>\n<li><b>ISO sertific\u0113ts:<\/b> M\u016bsu cilindri ir sertific\u0113ti saska\u0146\u0101 ar ISO9001:2000, kas nodro\u0161ina augst\u0101ko kvalit\u0101ti.<\/li>\n<li><b>1 gada garantija:<\/b> M\u0113s pied\u0101v\u0101jam 1 gada garantiju m\u016bsu hidrauliskajiem cilindriem, garant\u0113jot sirdsmieru.<\/li>\n<\/ul>\n<h2>M\u016bsu hidraulisk\u0101 cilindra pielietojums<\/h2>\n<p>M\u016bsu hidrauliskais cilindrs ir piem\u0113rots da\u017e\u0101diem pielietojumiem, tostarp:<\/p>\n<ul>\n<li><b>Pa\u0161izg\u0101z\u0113ji:<\/b> M\u016bsu cilindri ir ide\u0101li piem\u0113roti pa\u0161izg\u0101z\u0113jiem, nodro\u0161inot efekt\u012bvu hidraulisko jaudu cel\u0161anai.<\/li>\n<li><b>Ra\u017eo\u0161anas r\u016bpn\u012bcas:<\/b> \u0160ie cilindri ir izmantojami ra\u017eo\u0161anas r\u016bpn\u012bc\u0101s da\u017e\u0101d\u0101m ma\u0161\u012bnu oper\u0101cij\u0101m.<\/li>\n<li><b>Ma\u0161\u012bnu remonta darbn\u012bcas:<\/b> Tie kalpo k\u0101 svar\u012bgas sast\u0101vda\u013cas ma\u0161\u012bnu remontam un apkopei.<\/li>\n<li><b>Fermas:<\/b> Tie pal\u012bdz da\u017e\u0101du lauksaimniec\u012bbas tehnikas darb\u012bbu veik\u0161an\u0101, uzlabojot produktivit\u0101ti.<\/li>\n<li><b>Ener\u0123\u0113tika un ieguves r\u016bpniec\u012bba:<\/b> M\u016bsu cilindri tiek izmantoti ener\u0123\u0113tikas un kalnr\u016bpniec\u012bbas nozar\u0113 smago ma\u0161\u012bnu oper\u0101cij\u0101m.<\/li>\n<\/ul>\n<p><img decoding=\"async\" src=\"https:\/\/hzpt.com\/wp-content\/uploads\/2023\/11\/Inverted-Telescopic-Cylinder-Applications.webp\" alt=\"Apgrieztu teleskopisko cilindru pielietojumi\" title=\"\"><\/p>\n<h2>M\u016bsu hidraulisk\u0101 cilindra darb\u012bbas princips un apkope<\/h2>\n<p>M\u016bsu hidrauliskais cilindrs darbojas p\u0113c hidraulisk\u0101 \u0161\u0137idruma ievades un izejas sp\u0113ka principa. Konfigur\u0101cij\u0101 ietilpst virzulis un cilindrs. Kad hidrauliskais \u0161\u0137idrums tiek ies\u016bkn\u0113ts cilindr\u0101, tas spie\u017e virzuli, radot sp\u0113ku. \u0160is sp\u0113ks p\u0113c tam tiek izmantots da\u017e\u0101du uzdevumu veik\u0161anai, piem\u0113ram, smagu priek\u0161metu cel\u0161anai vai stum\u0161anai.<\/p>\n<p>Hidraulisk\u0101 cilindra apkope ietver:<\/p>\n<ul>\n<li><b>Regul\u0101ra p\u0101rbaude:<\/b> Lai nodro\u0161in\u0101tu cilindra pareizu darb\u012bbu, nepiecie\u0161ama regul\u0101ra p\u0101rbaude.<\/li>\n<li><b>T\u012br\u012b\u0161ana:<\/b> Balona t\u012br\u012b\u0161ana pal\u012bdz uztur\u0113t t\u0101 veiktsp\u0113ju un kalpo\u0161anas laiku.<\/li>\n<li><b>E\u013c\u013co\u0161ana:<\/b> Cilindra kust\u012bgo da\u013cu e\u013c\u013co\u0161ana samazina berzi un nodilumu.<\/li>\n<li><b>Regul\u0101ras p\u0101rbaudes un remonts:<\/b> Regul\u0101ras p\u0101rbaudes un remonts var nov\u0113rst nopietnus boj\u0101jumus.<\/li>\n<li><b>Bl\u012bv\u0113juma nomai\u0146a:<\/b> Nolietotu bl\u012bv\u0113jumu nomai\u0146a nodro\u0161ina cilindra herm\u0113tiskumu un efekt\u012bvu darb\u012bbu.<\/li>\n<\/ul>\n<p><img decoding=\"async\" src=\"https:\/\/hzpt.com\/wp-content\/uploads\/2023\/11\/Inverted-Telescopic-Cylinder-17.webp\" alt=\"Apgrieztu teleskopisko cilindru ra\u017eot\u0101ji\" title=\"\"><\/p>\n<\/div>\n<h2>Apgriezts teleskopiskais cilindrs<\/h2>\n<p>Hidrauliskais cilindrs ir meh\u0101niska izpildmeh\u0101nisms, ko izmanto, lai nodro\u0161in\u0101tu line\u0101ru sp\u0113ku da\u017e\u0101dos pielietojumos. Viens no hidraulisko cilindru veidiem, ko pla\u0161i izmanto r\u016bpniec\u012bbas nozar\u0113, ir apgrieztais teleskopiskais cilindrs. \u0160aj\u0101 rakst\u0101 m\u0113s izp\u0113t\u012bsim apgriezt\u0101 teleskopisk\u0101 cilindra \u012bpa\u0161\u012bbas, funkcijas un pielietojumu pa\u0161izg\u0101z\u0113jos.<\/p>\n<h3>1. Apgriezt\u0101 teleskopisk\u0101 cilindra \u012bpa\u0161\u012bbas<\/h3>\n<p>Apgrieztajam teleskopiskajam cilindram, k\u0101 jau nor\u0101da nosaukums, ir unik\u0101ls dizains, kur\u0101 maz\u0101k\u0101 diametra virzu\u013ca stienis izstiepjas no liel\u0101k\u0101 diametra cilindra. \u0160is dizains nodro\u0161ina kompaktu un vietu taupo\u0161u risin\u0101jumu, padarot to ide\u0101li piem\u0113rotu lietojumiem ar ierobe\u017eotu vietu. Cilindrs ir izgatavots no augstas kvalit\u0101tes materi\u0101liem, piem\u0113ram, t\u0113rauda, \u200b\u200bnodro\u0161inot iztur\u012bbu un ilgsto\u0161u veiktsp\u0113ju pat augsta spiediena apst\u0101k\u013cos.<\/p>\n<p>Turkl\u0101t apgrieztais teleskopiskais cilindrs ir apr\u012bkots ar modernu bl\u012bv\u0113\u0161anas tehnolo\u0123iju, kas nov\u0113r\u0161 nopl\u016bdes un nodro\u0161ina vienm\u0113r\u012bgu darb\u012bbu. Cilindrs ir ar\u012b izstr\u0101d\u0101ts, lai iztur\u0113tu skarbus vides apst\u0101k\u013cus, piem\u0113ram, ekstrem\u0101las temperat\u016bras un kod\u012bgas vielas, padarot to piem\u0113rotu da\u017e\u0101d\u0101m r\u016bpniecisk\u0101m vid\u0113m.<\/p>\n<h3>2. Apgriezt\u0101 teleskopisk\u0101 cilindra funkcijas<\/h3>\n<p>Apgriezt\u0101 teleskopisk\u0101 cilindra galven\u0101 funkcija ir nodro\u0161in\u0101t pacel\u0161anas un izg\u0101\u0161anas meh\u0101nismu pa\u0161izg\u0101z\u0113jos. Kad hidrauliskais \u0161\u0137idrums tiek ies\u016bkn\u0113ts cilindr\u0101, tas rada spiedienu, liekot virzu\u013ca stienim izstiepties un pacelt pa\u0161izg\u0101z\u0113ja platformu. Tas \u013cauj viegli un efekt\u012bvi izkraut t\u0101dus materi\u0101lus k\u0101 augsne, grants vai b\u016bvgru\u017ei.<\/p>\n<p>Turkl\u0101t apgrieztais teleskopiskais cilindrs nodro\u0161ina prec\u012bzu izkrau\u0161anas procesa kontroli. Operators var regul\u0113t cilindra \u0101trumu un sp\u0113ku, nodro\u0161inot kontrol\u0113tu un dro\u0161u izkrau\u0161anas darb\u012bbu. Cilindrs ar\u012b nodro\u0161ina pa\u0161izg\u0101z\u0113ja stabilit\u0101ti un l\u012bdzsvaru, nov\u0113r\u0161ot apg\u0101\u0161anos vai sasv\u0113r\u0161anos izkrau\u0161anas procesa laik\u0101.<\/p>\n<h3>3. Apgriezt\u0101 teleskopisk\u0101 cilindra pielietojums<\/h3>\n<p>Apgrieztais teleskopiskais cilindrs tiek pla\u0161i izmantots b\u016bvniec\u012bbas un kalnr\u016bpniec\u012bbas nozar\u0113, \u012bpa\u0161i pa\u0161izg\u0101z\u0113jos. \u0160ie kravas automobi\u013ci ir nepiecie\u0161ami smagu kravu un materi\u0101lu p\u0101rvad\u0101\u0161anai da\u017e\u0101d\u0101s b\u016bvlaukumos un kalnr\u016bpniec\u012bbas darbos. Apgrieztajam teleskopiskajam cilindram ir iz\u0161\u0137iro\u0161a noz\u012bme pa\u0161izg\u0101z\u0113ju efekt\u012bv\u0101 darb\u012bb\u0101, nodro\u0161inot \u0101tru un kontrol\u0113tu materi\u0101lu izkrau\u0161anu.<\/p>\n<p>Turkl\u0101t apgrieztais teleskopiskais cilindrs tiek izmantots ar\u012b cit\u0101s lietojumprogramm\u0101s, kur ir ierobe\u017eota telpa, bet nepiecie\u0161ams liels celtsp\u0113jas sp\u0113ks. Piem\u0113ram, to var atrast hidrauliskajos pac\u0113l\u0101jos, materi\u0101lu apstr\u0101des iek\u0101rt\u0101s un lauksaimniec\u012bbas ma\u0161\u012bn\u0101s.<\/p>\n<p>Rezum\u0113jot, apgrieztais teleskopiskais cilindrs ir specializ\u0113ts hidrauliskais cilindrs, kas pied\u0101v\u0101 unik\u0101las \u012bpa\u0161\u012bbas un funkcijas pa\u0161izg\u0101z\u0113jiem un da\u017e\u0101diem citiem lietojumiem. T\u0101 kompaktais dizains, uzlabot\u0101 bl\u012bv\u0113\u0161anas tehnolo\u0123ija un prec\u012bz\u0101 vad\u012bba padara to par lielisku izv\u0113li nozar\u0113m, kur\u0101m nepiecie\u0161ami efekt\u012bvi pacel\u0161anas un izg\u0101\u0161anas meh\u0101nismi. Apgrieztais teleskopiskais cilindrs nodro\u0161ina vienm\u0113r\u012bgu un uzticamu darb\u012bbu, uzlabojot produktivit\u0101ti un dro\u0161\u012bbu da\u017e\u0101d\u0101s r\u016bpniec\u012bbas vid\u0113s.<\/p>\n<h3>Par FMP hidraulisko cilindru<\/h3>\n<p>FMP ir uzticams uz\u0146\u0113mums, kas specializ\u0113jas celtniec\u012bbas tehnikas deta\u013cu un pilnu iek\u0101rtu p\u0101rdo\u0161an\u0101 un apkalpo\u0161an\u0101. M\u016bsu hidrauliskie cilindri ir projekt\u0113ti un ra\u017eoti, lai apmierin\u0101tu b\u016bvniec\u012bbas nozares augst\u0101s pras\u012bbas. Mums ir pla\u0161s produktu kl\u0101sts, kas ietver da\u017e\u0101du veidu hidrauliskos cilindrus, piem\u0113ram, regul\u0113jamus skavu tipa cilindrus, metin\u0101tus cilindrus, teleskopiskos cilindrus un daudzus citus.<\/p>\n<p>\u0160eit ir da\u017ei iemesli, k\u0101p\u0113c jums vajadz\u0113tu izv\u0113l\u0113ties FMP hidraulisko cilindru:<\/p>\n<ol>\n<li><strong>Augstas kvalit\u0101tes komponenti:<\/strong> M\u016bsu hidrauliskie cilindri ir izgatavoti, izmantojot augst\u0101k\u0101s kvalit\u0101tes komponentus, kas atbilst stingriem kvalit\u0101tes standartiem. M\u0113s ieg\u016bstam materi\u0101lus no uzticamiem pieg\u0101d\u0101t\u0101jiem gan m\u0101j\u0101s, gan \u0101rzem\u0113s, lai nodro\u0161in\u0101tu m\u016bsu produktu visaugst\u0101ko kvalit\u0101ti.<\/li>\n<li><strong>Uzticama veiktsp\u0113ja:<\/strong> M\u0113s izmantojam progres\u012bvas ra\u017eo\u0161anas metodes un tehnolo\u0123ijas, lai nodro\u0161in\u0101tu, ka m\u016bsu hidrauliskie cilindri pied\u0101v\u0101 uzticamu veiktsp\u0113ju pat vissare\u017e\u0123\u012bt\u0101kajos apst\u0101k\u013cos.<\/li>\n<li><strong>Piel\u0101go\u0161ana:<\/strong> M\u0113s pied\u0101v\u0101jam piel\u0101go\u0161anas pakalpojumus, lai apmierin\u0101tu m\u016bsu klientu \u012bpa\u0161\u0101s vajadz\u012bbas. M\u016bsu prasm\u012bgo in\u017eenieru komanda var izstr\u0101d\u0101t un izgatavot hidrauliskos cilindrus, kas prec\u012bzi atbilst j\u016bsu pras\u012bb\u0101m.<\/li>\n<li><strong>Konkur\u0113tsp\u0113j\u012bgas cenas:<\/strong> M\u0113s pied\u0101v\u0101jam savus produktus par konkur\u0113tsp\u0113j\u012bg\u0101m cen\u0101m, nepiek\u0101pjoties kvalit\u0101tei. M\u016bsu m\u0113r\u0137is ir nodro\u0161in\u0101t m\u016bsu klientiem rentablus risin\u0101jumus.<\/li>\n<li><strong>Lielisks klientu apkalpo\u0161anas serviss:<\/strong> M\u016bsu p\u0101rdo\u0161anas komanda ir zino\u0161a un pieredz\u0113jusi b\u016bvniec\u012bbas tehnikas nozar\u0113. Vi\u0146i var sniegt profesion\u0101las konsult\u0101cijas par produktiem un p\u0101rdom\u0101tus pirk\u0161anas ieteikumus. Mums ir ar\u012b efekt\u012bva lo\u0123istikas izplat\u012b\u0161anas sist\u0113ma, lai nodro\u0161in\u0101tu, ka klienti savlaic\u012bgi un prec\u012bzi sa\u0146em nepiecie\u0161am\u0101s deta\u013cas.<\/li>\n<\/ol>\n<p>Sazinieties ar mums t\u016bl\u012bt, lai uzzin\u0101tu vair\u0101k par m\u016bsu hidraulisko cilindru produktiem un to, k\u0101 m\u0113s varam jums pal\u012bdz\u0113t ar j\u016bsu celtniec\u012bbas tehnikas vajadz\u012bb\u0101m.<\/p>\n<p><img decoding=\"async\" src=\"https:\/\/fmp-components.com\/wp-content\/uploads\/2024\/12\/Adjustable-Clevis-Type-Cylinders-6.webp\" alt=\"Regul\u0113jams skavu tipa cilindrs\" width=\"814\" title=\"\"><\/p>\n<p>Autors: CX<\/p>","protected":false},"excerpt":{"rendered":"<p>Iepaz\u012bstin\u0101m ar profesion\u0101li piel\u0101gotu hidraulisko cilindru pa\u0161izg\u0101z\u0113jiem Pa\u0161izg\u0101z\u0113ji ir svar\u012bgi lieljaudas transportl\u012bdzek\u013ci, ko izmanto da\u017e\u0101d\u0101s nozar\u0113s, tostarp b\u016bvniec\u012bb\u0101 un ieguves r\u016bpniec\u012bb\u0101. Hidraulisk\u0101 sist\u0113ma ir kritiski svar\u012bga pa\u0161izg\u0101z\u0113ju sast\u0101vda\u013ca, un hidrauliskais cilindrs ir viena no svar\u012bg\u0101kaj\u0101m hidraulisk\u0101s sist\u0113mas da\u013c\u0101m. Hidrauliskais cilindrs ir atbild\u012bgs par darbin\u0101\u0161anu [\u2026]<\/p>","protected":false},"featured_media":1626,"comment_status":"closed","ping_status":"closed","template":"","meta":{"_et_pb_use_builder":"","_et_pb_old_content":"","_et_gb_content_width":""},"product_brand":[],"product_cat":[45],"product_tag":[34,48],"class_list":{"0":"post-1625","1":"product","2":"type-product","3":"status-publish","4":"has-post-thumbnail","6":"product_cat-inverted-telescopic-cylinder","7":"product_tag-hydraulic-cylinder","8":"product_tag-inverted-telescopic-cylinder","10":"first","11":"instock","12":"product-type-simple"},"_links":{"self":[{"href":"https:\/\/fmp-components.com\/lv\/wp-json\/wp\/v2\/product\/1625","targetHints":{"allow":["GET"]}}],"collection":[{"href":"https:\/\/fmp-components.com\/lv\/wp-json\/wp\/v2\/product"}],"about":[{"href":"https:\/\/fmp-components.com\/lv\/wp-json\/wp\/v2\/types\/product"}],"replies":[{"embeddable":true,"href":"https:\/\/fmp-components.com\/lv\/wp-json\/wp\/v2\/comments?post=1625"}],"wp:featuredmedia":[{"embeddable":true,"href":"https:\/\/fmp-components.com\/lv\/wp-json\/wp\/v2\/media\/1626"}],"wp:attachment":[{"href":"https:\/\/fmp-components.com\/lv\/wp-json\/wp\/v2\/media?parent=1625"}],"wp:term":[{"taxonomy":"product_brand","embeddable":true,"href":"https:\/\/fmp-components.com\/lv\/wp-json\/wp\/v2\/product_brand?post=1625"},{"taxonomy":"product_cat","embeddable":true,"href":"https:\/\/fmp-components.com\/lv\/wp-json\/wp\/v2\/product_cat?post=1625"},{"taxonomy":"product_tag","embeddable":true,"href":"https:\/\/fmp-components.com\/lv\/wp-json\/wp\/v2\/product_tag?post=1625"}],"curies":[{"name":"wp","href":"https:\/\/api.w.org\/{rel}","templated":true}]}}