{"id":1623,"date":"2024-12-23T06:59:20","date_gmt":"2024-12-23T06:59:20","guid":{"rendered":"https:\/\/fmp-components.com\/product\/new-design-5-ton-telescopic-hydraulic-cylinder-dump-truck-hydraulic-cylinder\/"},"modified":"2024-12-23T08:34:10","modified_gmt":"2024-12-23T08:34:10","slug":"new-design-5-ton-telescopic-hydraulic-cylinder-dump-truck-hydraulic-cylinder","status":"publish","type":"product","link":"https:\/\/fmp-components.com\/lv\/product\/new-design-5-ton-telescopic-hydraulic-cylinder-dump-truck-hydraulic-cylinder\/","title":{"rendered":"Jauna dizaina 5 tonnu teleskopisk\u0101 hidraulisk\u0101 cilindra pa\u0161izg\u0101z\u0113ja hidrauliskais cilindrs"},"content":{"rendered":"<h2>Iepaz\u012bstin\u0101m ar jaun\u0101 dizaina 5 tonnu teleskopisko hidraulisko cilindru pa\u0161izg\u0101z\u0113ja hidrauliskajam cilindram:<\/h2>\n<p>Jaun\u0101 dizaina 5 tonnu teleskopiskais hidrauliskais cilindrs ir moderns produkts, kas \u012bpa\u0161i izstr\u0101d\u0101ts pa\u0161izg\u0101z\u0113jiem. Ar sav\u0101m inovat\u012bvaj\u0101m funkcij\u0101m un progres\u012bvaj\u0101m tehnolo\u0123ij\u0101m \u0161is hidrauliskais cilindrs pied\u0101v\u0101 nep\u0101rsp\u0113jamu veiktsp\u0113ju un uzticam\u012bbu.<\/p>\n<p>Galven\u0101s iez\u012bmes:<br \/>\n1. Paaugstin\u0101ta celtsp\u0113ja: \u0160\u012b hidraulisk\u0101 cilindra 5 tonnu celtsp\u0113ja nodro\u0161ina efekt\u012bvu un bez piep\u016bles smagu kravu izg\u0101\u0161anu, padarot to ide\u0101li piem\u0113rotu da\u017e\u0101diem r\u016bpnieciskiem lietojumiem.<\/p>\n<p>2. Teleskopiskais dizains: Teleskopiskais dizains nodro\u0161ina kompaktu un vietu taupo\u0161u risin\u0101jumu, neapdraudot jaudu. Tas nodro\u0161ina vair\u0101kus pagarin\u0101juma l\u012bme\u0146us, kas \u013cauj prec\u012bzi kontrol\u0113t izg\u0101\u0161anas procesu.<\/p>\n<p>3. Augsta iztur\u012bba: \u0160is hidrauliskais cilindrs ir izgatavots no augstas kvalit\u0101tes materi\u0101liem, lai iztur\u0113tu skarbus darba apst\u0101k\u013cus, nodro\u0161inot ilgsto\u0161u veiktsp\u0113ju un minim\u0101las apkopes pras\u012bbas.<\/p>\n<p>4. Vienm\u0113r\u012bga darb\u012bba: Jaun\u0101 dizaina 5 tonnu teleskopiskais hidrauliskais cilindrs, kas apr\u012bkots ar prec\u012bzi konstru\u0113tu hidraulisko sist\u0113mu, nodro\u0161ina vienm\u0113r\u012bgu un neman\u0101mu darb\u012bbu, samazinot slodzi uz kravas automa\u0161\u012bnas konstrukciju un pagarinot t\u0101s kalpo\u0161anas laiku.<\/p>\n<p>5. Dro\u0161\u012bbas funkcijas: Hidrauliskais cilindrs ir apr\u012bkots ar dro\u0161\u012bbas meh\u0101nismiem, piem\u0113ram, p\u0101rslodzes aizsardz\u012bbu un spiediena samazin\u0101\u0161anas v\u0101rstiem, kas nodro\u0161ina dro\u0161u un uzticamu darb\u012bbu pat sare\u017e\u0123\u012btos apst\u0101k\u013cos.<\/p>\n<p>6. Vienk\u0101r\u0161a uzst\u0101d\u012b\u0161ana: \u0160is hidrauliskais cilindrs ir paredz\u0113ts vienk\u0101r\u0161ai uzst\u0101d\u012b\u0161anai, un tam ir visi nepiecie\u0161amie mont\u0101\u017eas piederumi un skaidras instrukcijas, kas padara to \u0113rtu kravas automa\u0161\u012bnu ra\u017eot\u0101jiem un hidraulisko sist\u0113mu uzst\u0101d\u012bt\u0101jiem.<\/p>\n<p>Lietojumi:<br \/>\nJaun\u0101 dizaina 5 tonnu teleskopiskais hidrauliskais cilindrs tiek pla\u0161i izmantots pa\u0161izg\u0101z\u0113jos da\u017e\u0101d\u0101s nozar\u0113s, tostarp b\u016bvniec\u012bb\u0101, ieguves r\u016bpniec\u012bb\u0101, lauksaimniec\u012bb\u0101 un atkritumu apsaimnieko\u0161an\u0101. T\u0101 daudzpus\u012bba un iztur\u012bba padara to par ide\u0101lu izv\u0113li lieljaudas cel\u0161anas un izg\u0101\u0161anas oper\u0101cij\u0101m.<\/p>\n<p>Nosl\u0113gum\u0101 j\u0101saka, ka jaun\u0101 dizaina 5 tonnu teleskopiskais hidrauliskais cilindrs ir revolucion\u0101rs jaunieguvums pa\u0161izg\u0101z\u0113ju hidrauliskaj\u0101s sist\u0113m\u0101s. T\u0101 uzlabot\u0101s funkcijas, iztur\u012bba un vienk\u0101r\u0161\u0101 uzst\u0101d\u012b\u0161ana padara to par lielisku izv\u0113li nozar\u0113m, kas pa\u013caujas uz efekt\u012bv\u0101m un uzticam\u0101m izg\u0101\u0161anas iesp\u0113j\u0101m. Uzlabojiet savu pa\u0161izg\u0101z\u0113ju ar \u0161o hidraulisko cilindru un izbaudiet uzlabotu veiktsp\u0113ju k\u0101 v\u0113l nekad.<\/p>\n<div>\n<h2>Iepaz\u012bstin\u0101m ar m\u016bsu 5 tonnu teleskopisko hidraulisko cilindru pa\u0161izg\u0101z\u0113ja hidraulisko cilindru<\/h2>\n<table style=\"width: 100%;\" border=\"1\" width=\"100%\" cellspacing=\"0\" cellpadding=\"0\">\n<tbody>\n<tr>\n<th>Produkta nosaukums<\/th>\n<td>5 tonnu teleskopisk\u0101 hidraulisk\u0101 cilindra pa\u0161izg\u0101z\u0113ja hidrauliskais cilindrs<\/td>\n<\/tr>\n<tr>\n<th>St\u0101voklis<\/th>\n<td>Jauns<\/td>\n<\/tr>\n<tr>\n<th>Garantija<\/th>\n<td>1 gads<\/td>\n<\/tr>\n<tr>\n<th>Maksim\u0101l\u0101 slodze<\/th>\n<td>5 tonnas<\/td>\n<\/tr>\n<tr>\n<th>Galven\u0101s sast\u0101vda\u013cas<\/th>\n<td>Gult\u0146i un virzu\u013ca cilindri<\/td>\n<\/tr>\n<tr>\n<th>Materi\u0101ls<\/th>\n<td>Iztur\u012bgs t\u0113rauds<\/td>\n<\/tr>\n<tr>\n<th>Test\u0113\u0161ana<\/th>\n<td>Iek\u013cauts ma\u0161\u012bnu testa zi\u0146ojums<\/td>\n<\/tr>\n<tr>\n<th>Veiktsp\u0113ja<\/th>\n<td>Vismodern\u0101k\u0101s tehnolo\u0123ijas<\/td>\n<\/tr>\n<tr>\n<th>Piem\u0113rojam\u0101s nozares<\/th>\n<td>Ra\u017eo\u0161anas r\u016bpn\u012bcas, Ma\u0161\u012bnu remonta darbn\u012bcas, Lauksaimniec\u012bbas saimniec\u012bbas, Ener\u0123\u0113tika un kalnr\u016bpniec\u012bba<\/td>\n<\/tr>\n<tr>\n<th>Palai\u0161anas gads<\/th>\n<td>2024<\/td>\n<\/tr>\n<\/tbody>\n<\/table>\n<p><img decoding=\"async\" class=\"aligncenter\" src=\"https:\/\/hzpt.com\/wp-content\/uploads\/2023\/11\/Inverted-Telescopic-Cylinder-18.webp\" alt=\"\" title=\"\"><\/p>\n<h2>5 tonnu teleskopisk\u0101 hidraulisk\u0101 cilindra pa\u0161izg\u0101z\u0113ja hidraulisk\u0101 cilindra \u012bpa\u0161\u012bbas<\/h2>\n<ul>\n<li>Standarta konstrukcija ar virzu\u013ccilindra strukt\u016bru.<\/li>\n<li>Hidraulisk\u0101 jauda un maksim\u0101l\u0101 vilce 3000.<\/li>\n<li>Apgriezti teleskopiskie cilindri ar G\/SAE\/NPT\/M piesl\u0113gviet\u0101m.<\/li>\n<li>Maksim\u0101l\u0101 vilk\u0161anas jauda 20 tonnas un ISO9001:2000 sertifik\u0101ts.<\/li>\n<li>Urbuma diametrs 2\u20136 collas, stie\u0146a izm\u0113rs 1,125\u20134 collas, g\u0101jiena garums 6\u201348 collas un tapas izm\u0113rs 0,5\u20132 collas.<\/li>\n<\/ul>\n<h2>5 tonnu teleskopisk\u0101 hidraulisk\u0101 cilindra pa\u0161izg\u0101z\u0113ja hidraulisk\u0101 cilindra pielietojums<\/h2>\n<p>\u0160o daudzpus\u012bgo hidraulisko cilindru var izmantot daudzos pielietojumos:<\/p>\n<ul>\n<li>Ra\u017eotnes da\u017e\u0101du ma\u0161\u012bnu un iek\u0101rtu ra\u017eo\u0161anai.<\/li>\n<li>Ma\u0161\u012bnu remonta darbn\u012bcas da\u017e\u0101du iek\u0101rtu apkopei un remontam.<\/li>\n<li>Fermas lieljaudas lauksaimniec\u012bbas darbiem.<\/li>\n<li>Ener\u0123\u0113tikas un kalnr\u016bpniec\u012bbas nozares ieguves un p\u0101rstr\u0101des uzdevumiem.<\/li>\n<li>Ma\u0161\u012bnu ra\u017eo\u0161ana da\u017e\u0101du ma\u0161\u012bnu un iek\u0101rtu ra\u017eo\u0161anai.<\/li>\n<\/ul>\n<p><img decoding=\"async\" src=\"https:\/\/hzpt.com\/wp-content\/uploads\/2023\/11\/Inverted-Telescopic-Cylinder-Applications.webp\" alt=\"\" title=\"\"><\/p>\n<h2>Darb\u012bbas princips un apkopes metodes<\/h2>\n<p>5 tonnu teleskopiskais hidrauliskais cilindrs darbojas, p\u0101rveidojot hidraulisk\u0101 \u0161\u0137idruma ievadi izejas sp\u0113k\u0101. Tas sast\u0101v no galvenaj\u0101m sast\u0101vda\u013c\u0101m, piem\u0113ram, gult\u0146iem un virzu\u013ca cilindriem. Lai nodro\u0161in\u0101tu \u0161\u012b produkta ilgm\u016b\u017e\u012bbu, ir nepiecie\u0161ama regul\u0101ra p\u0101rbaude, t\u012br\u012b\u0161ana un e\u013c\u013co\u0161ana. Bl\u012bvju nomai\u0146a un lietot\u0101ja rokasgr\u0101matas iev\u0113ro\u0161ana ir svar\u012bga ar\u012b t\u0101 uztur\u0113\u0161anai. Turkl\u0101t, lai nodro\u0161in\u0101tu t\u0101 optim\u0101lu darb\u012bbu, j\u0101veic regul\u0101ras p\u0101rbaudes un remonts.<\/p>\n<p><img decoding=\"async\" src=\"https:\/\/hzpt.com\/wp-content\/uploads\/2023\/11\/Inverted-Telescopic-Cylinder-21.webp\" alt=\"\" title=\"\"><\/p>\n<\/div>\n<h2>Apgriezts teleskopiskais cilindrs<\/h2>\n<p>Apgrieztais teleskopiskais cilindrs, kas paz\u012bstams ar\u012b k\u0101 reversais teleskopiskais cilindrs, ir hidrauliskais cilindrs, kam ir virzu\u013ca stienis, kas stiepjas no cilindra apak\u0161as, nevis no aug\u0161as. \u0160is unik\u0101lais dizains pied\u0101v\u0101 vair\u0101kas priek\u0161roc\u012bbas sal\u012bdzin\u0101jum\u0101 ar tradicion\u0101lajiem teleskopiskajiem cilindriem, padarot to par ide\u0101lu izv\u0113li da\u017e\u0101diem hidrauliskiem pielietojumiem.<\/p>\n<h3>Jauna dizaina 5 tonnu teleskopisk\u0101 hidraulisk\u0101 cilindra pa\u0161izg\u0101z\u0113ja hidrauliskais cilindrs<\/h3>\n<p>Jaun\u0101 dizaina 5 tonnu teleskopisk\u0101 hidraulisk\u0101 cilindra pa\u0161izg\u0101z\u0113ja hidrauliskais cilindrs ir lielisks piem\u0113rs tam, k\u0101 apgriezto teleskopisko cilindru var izmantot, lai uzlabotu hidraulisko sist\u0113mu efektivit\u0101ti un veiktsp\u0113ju. \u0160eit ir da\u017ei no \u0161\u012b inovat\u012bv\u0101 dizaina galvenajiem ieguvumiem:<\/p>\n<ul>\n<li><strong>Palielin\u0101ta celtsp\u0113ja:<\/strong> Apgrieztais cilindra dizains nodro\u0161ina liel\u0101ku virzu\u013ca diametru, kas noz\u012bm\u0113 liel\u0101ku celtsp\u0113ju. Tas noz\u012bm\u0113, ka pa\u0161izg\u0101z\u0113js var p\u0101rvad\u0101t liel\u0101ku svaru, padarot to efekt\u012bv\u0101ku un rentabl\u0101ku.<\/li>\n<li><strong>Lab\u0101ka stabilit\u0101te:<\/strong> T\u0101 k\u0101 virzu\u013ca stienis atrodas cilindra apak\u0161\u0101, pa\u0161izg\u0101z\u0113jam ir zem\u0101ks smaguma centrs. Tas padara to stabil\u0101ku un maz\u0101ku apg\u0101\u0161an\u0101s iesp\u0113jam\u012bbu, kas ir \u012bpa\u0161i svar\u012bgi, p\u0101rvad\u0101jot smagas kravas.<\/li>\n<li><strong>Uzlabota iztur\u012bba:<\/strong> Apgrieztie teleskopiskie cilindri ir maz\u0101k pak\u013cauti boj\u0101jumiem, ko rada \u0101r\u0113ji faktori, piem\u0113ram, net\u012brumi, gru\u017ei un \u016bdens. Tas padara tos iztur\u012bg\u0101kus un uzticam\u0101kus laika gait\u0101, samazinot apkopes izmaksas un d\u012bkst\u0101ves laiku.<\/li>\n<li><strong>Paaugstin\u0101ta efektivit\u0101te:<\/strong> Apgrieztais cilindra dizains nodro\u0161ina tie\u0161\u0101ku hidraulisk\u0101 \u0161\u0137idruma pl\u016bsmu, kas samazina berzi un uzlabo kop\u0113jo efektivit\u0101ti. Tas noz\u012bm\u0113, ka pa\u0161izg\u0101z\u0113js var darboties vienm\u0113r\u012bg\u0101k un ar maz\u0101ku ener\u0123ijas pat\u0113ri\u0146u, samazinot degvielas pat\u0113ri\u0146u un ekspluat\u0101cijas izmaksas.<\/li>\n<\/ul>\n<p>Kopum\u0101 apgrieztais teleskopiskais cilindrs ir daudzpus\u012bga un efekt\u012bva hidrauliska sast\u0101vda\u013ca, kas pied\u0101v\u0101 daudzas priek\u0161roc\u012bbas sal\u012bdzin\u0101jum\u0101 ar tradicion\u0101laj\u0101m konstrukcij\u0101m. Neatkar\u012bgi no t\u0101, vai projekt\u0113jat pa\u0161izg\u0101z\u0113ja hidraulisko sist\u0113mu vai jebkura cita veida hidraulisko apr\u012bkojumu, apgrieztais teleskopiskais cilindrs noteikti ir apsver\u0161anas v\u0113rts.<\/p>\n<h3>Par FMP<\/h3>\n<p>FMP ir uz\u0146\u0113mums, kas specializ\u0113jas hidraulisko cilindru ra\u017eo\u0161an\u0101 un p\u0101rdo\u0161an\u0101. Pateicoties m\u016bsu daudzu gadu pieredzei nozar\u0113 un profesion\u0101lai komandai, m\u0113s esam ap\u0146\u0113mu\u0161ies nodro\u0161in\u0101t m\u016bsu klientus ar augstas kvalit\u0101tes un uzticamiem hidrauliskajiem cilindriem celtniec\u012bbas ma\u0161\u012bn\u0101m.<\/p>\n<p><img decoding=\"async\" src=\"https:\/\/fmp-components.com\/wp-content\/uploads\/2024\/12\/Adjustable-Clevis-Type-Cylinders-6.webp\" alt=\"Regul\u0113jams skavu tipa cilindrs\" width=\"813\" title=\"\"><\/p>\n<p>\u0160eit ir piecas galven\u0101s m\u016bsu produktu un uz\u0146\u0113muma priek\u0161roc\u012bbas:<\/p>\n<ol>\n<li>Pla\u0161s produktu kl\u0101sts: M\u0113s pied\u0101v\u0101jam pla\u0161u hidraulisko cilindru kl\u0101stu da\u017e\u0101du veidu celtniec\u012bbas tehnikai, tostarp lauksaimniec\u012bbas tehnikas p\u0101rnesumk\u0101rbas, planet\u0101r\u0101s p\u0101rnesumk\u0101rbas, r\u016bpniecisk\u0101s p\u0101rnesumk\u0101rbas un lauksaimniec\u012bbas tehnikas deta\u013cas. Tas \u013cauj m\u016bsu klientiem atrast perfektu hidraulisko cilindru, kas atbilst vi\u0146u \u012bpa\u0161aj\u0101m vajadz\u012bb\u0101m.<\/li>\n<li>Stingri kvalit\u0101tes standarti: Izveidojot ilgtermi\u0146a un stabilas partnerattiec\u012bbas ar augstas kvalit\u0101tes pieg\u0101d\u0101t\u0101jiem gan m\u0101j\u0101s, gan \u0101rzem\u0113s, m\u0113s nodro\u0161in\u0101m, ka visi m\u016bsu pieg\u0101d\u0101tie hidrauliskie cilindri atbilst stingriem kvalit\u0101tes standartiem. Tas garant\u0113 m\u016bsu produktu iztur\u012bbu, veiktsp\u0113ju un uzticam\u012bbu.<\/li>\n<li>Pieredz\u0113jusi p\u0101rdo\u0161anas komanda: M\u016bsu pieredz\u0113ju\u0161\u0101 p\u0101rdo\u0161anas komanda labi p\u0101rzina b\u016bvniec\u012bbas tehnikas nozares att\u012bst\u012bbas tendences un klientu vajadz\u012bbas. Vi\u0146i sniedz profesion\u0101las produktu konsult\u0101cijas un pied\u0101v\u0101 p\u0101rdom\u0101tus pirk\u0161anas ieteikumus, kas piel\u0101goti katra klienta pras\u012bb\u0101m.<\/li>\n<li>Efekt\u012bva lo\u0123istikas sadale: Esam ieviesu\u0161i efekt\u012bvu lo\u0123istikas sadales sist\u0113mu, lai nodro\u0161in\u0101tu, ka m\u016bsu klienti savlaic\u012bgi un prec\u012bzi sa\u0146em nepiecie\u0161amos hidrauliskos cilindrus. Tas samazina jebk\u0101das kav\u0113\u0161an\u0101s vai trauc\u0113jumus vi\u0146u b\u016bvniec\u012bbas projektos.<\/li>\n<li>Klientu apmierin\u0101t\u012bba: FMP m\u0113s priorit\u0101ri r\u016bp\u0113jamies par klientu apmierin\u0101t\u012bbu. M\u0113s cen\u0161amies nodro\u0161in\u0101t izcilu klientu apkalpo\u0161anu, pied\u0101v\u0101jot uzticamus produktus, \u0101tru pal\u012bdz\u012bbu un efekt\u012bvus risin\u0101jumus visiem m\u016bsu klientu jaut\u0101jumiem vai ba\u017e\u0101m.<\/li>\n<\/ol>\n<p>Sadarb\u012bba ar FMP noz\u012bm\u0113 piek\u013cuvi augst\u0101k\u0101s kvalit\u0101tes hidrauliskajiem cilindriem un uzticamam partnerim b\u016bvniec\u012bbas tehnikas nozar\u0113. Sazinieties ar mums jau \u0161odien, lai p\u0101rrun\u0101tu savas hidraulisko cilindru vajadz\u012bbas un izbaud\u012btu priek\u0161roc\u012bbas, ko sniedz sadarb\u012bba ar FMP.<\/p>\n<p>Autors: CX<\/p>","protected":false},"excerpt":{"rendered":"<p>Introducing the New Design 5 Ton Telescopic Hydraulic Cylinder for Dump Truck Hydraulic Cylinder: The New Design 5 Ton Telescopic Hydraulic Cylinder is a cutting-edge product specifically designed for dump trucks. With its innovative features and advanced technology, this hydraulic cylinder offers unparalleled performance and reliability. Key Features: 1. Enhanced Lifting Capacity: The 5-ton lifting [&hellip;]<\/p>","protected":false},"featured_media":1624,"comment_status":"closed","ping_status":"closed","template":"","meta":{"_et_pb_use_builder":"","_et_pb_old_content":"","_et_gb_content_width":""},"product_brand":[],"product_cat":[45],"product_tag":[34,48],"class_list":{"0":"post-1623","1":"product","2":"type-product","3":"status-publish","4":"has-post-thumbnail","6":"product_cat-inverted-telescopic-cylinder","7":"product_tag-hydraulic-cylinder","8":"product_tag-inverted-telescopic-cylinder","10":"first","11":"instock","12":"product-type-simple"},"_links":{"self":[{"href":"https:\/\/fmp-components.com\/lv\/wp-json\/wp\/v2\/product\/1623","targetHints":{"allow":["GET"]}}],"collection":[{"href":"https:\/\/fmp-components.com\/lv\/wp-json\/wp\/v2\/product"}],"about":[{"href":"https:\/\/fmp-components.com\/lv\/wp-json\/wp\/v2\/types\/product"}],"replies":[{"embeddable":true,"href":"https:\/\/fmp-components.com\/lv\/wp-json\/wp\/v2\/comments?post=1623"}],"wp:featuredmedia":[{"embeddable":true,"href":"https:\/\/fmp-components.com\/lv\/wp-json\/wp\/v2\/media\/1624"}],"wp:attachment":[{"href":"https:\/\/fmp-components.com\/lv\/wp-json\/wp\/v2\/media?parent=1623"}],"wp:term":[{"taxonomy":"product_brand","embeddable":true,"href":"https:\/\/fmp-components.com\/lv\/wp-json\/wp\/v2\/product_brand?post=1623"},{"taxonomy":"product_cat","embeddable":true,"href":"https:\/\/fmp-components.com\/lv\/wp-json\/wp\/v2\/product_cat?post=1623"},{"taxonomy":"product_tag","embeddable":true,"href":"https:\/\/fmp-components.com\/lv\/wp-json\/wp\/v2\/product_tag?post=1623"}],"curies":[{"name":"wp","href":"https:\/\/api.w.org\/{rel}","templated":true}]}}