{"id":1621,"date":"2024-12-23T06:59:20","date_gmt":"2024-12-23T06:59:20","guid":{"rendered":"https:\/\/fmp-components.com\/product\/quality-assurance-double-acting-2-stage-hydraulic-cylinder-for-sale\/"},"modified":"2025-05-10T12:31:43","modified_gmt":"2025-05-10T12:31:43","slug":"quality-assurance-double-acting-2-stage-hydraulic-cylinder-for-sale","status":"publish","type":"product","link":"https:\/\/fmp-components.com\/lv\/product\/quality-assurance-double-acting-2-stage-hydraulic-cylinder-for-sale\/","title":{"rendered":"Kvalit\u0101tes nodro\u0161in\u0101\u0161anas divpak\u0101pju hidrauliskais cilindrs p\u0101rdo\u0161anai"},"content":{"rendered":"<p>\u0160im modernajam produktam ir viena gada garantija. Tas ir piem\u0113rojams daudz\u0101s nozar\u0113s, tostarp ra\u017eo\u0161anas r\u016bpn\u012bc\u0101s, ma\u0161\u012bnb\u016bves remonta darbn\u012bc\u0101s, ferm\u0101s, ener\u0123\u0113tikas un ieguves r\u016bpniec\u012bb\u0101, k\u0101 ar\u012b ma\u0161\u012bnb\u016bves nozar\u0113. Ar svaru 48 kg tiek nodro\u0161in\u0101ts video izejo\u0161\u0101s p\u0101rbaudes un ma\u0161\u012bnu testa zi\u0146ojums. \u0160\u012b produkta galven\u0101s sast\u0101vda\u013cas ir t\u0101 gultnis un virzu\u013ca cilindrs. Standarta konstrukcija ir virzu\u013ca cilindrs ar hidraulisko piedzi\u0146u. Korpusa materi\u0101ls ir t\u0113rauds ar maksim\u0101lo vilces sp\u0113ku 3000, padarot to par uzticamu izv\u0113li j\u016bsu r\u016bpnieciskaj\u0101m vajadz\u012bb\u0101m.<\/p>\n<h2>Divpak\u0101pju hidraulisk\u0101 cilindra \u012bpa\u0161\u012bbas<\/h2>\n<p>Hidrauliskais cilindrs nav tikai standarta produkts. Tas ir apr\u012bkots ar vair\u0101k\u0101m unik\u0101l\u0101m funkcij\u0101m, kas to izce\u013c tirg\u016b. \u0160\u012bs funkcijas ietver:<\/p>\n<ul>\n<li>Hidrauliski darbin\u0101m\u0101 virzu\u013ccilindra standarta strukt\u016bra.<\/li>\n<li>T\u0113rauda korpusa materi\u0101ls nodro\u0161ina iztur\u012bbu un ilgm\u016b\u017e\u012bbu.<\/li>\n<li>Maksim\u0101l\u0101 vilce 3000 ZS, kas nodro\u0161ina augstu veiktsp\u0113ju.<\/li>\n<\/ul>\n<p><img decoding=\"async\" src=\"https:\/\/hzpt.com\/wp-content\/uploads\/2023\/11\/Inverted-Telescopic-Cylinder-1.webp\" alt=\"\" title=\"\"><\/p>\n<ul>\n<li>Apgriezti teleskopiskie cilindri, kas nodro\u0161ina daudzpus\u012bgu pielietojumu.<\/li>\n<li>ISO9001:2000 sertifik\u0101cija, kas garant\u0113 kvalit\u0101ti un uzticam\u012bbu.<\/li>\n<\/ul>\n<h2>Divpak\u0101pju hidraulisk\u0101 cilindra pielietojums<\/h2>\n<p>Divpak\u0101pju hidrauliskais cilindrs tiek pla\u0161i izmantots da\u017e\u0101d\u0101s nozar\u0113s un pielietojumos, piem\u0113ram:<\/p>\n<ul>\n<li>Ra\u017eo\u0161anas iek\u0101rtas efekt\u012bvai ma\u0161\u012bnu darb\u012bbai.<\/li>\n<li>Ma\u0161\u012bnu remonta darbn\u012bcas da\u017e\u0101du veidu ma\u0161\u012bnu apkopei un remontam.<\/li>\n<li>Fermas, kur bie\u017ei tiek izmantota smag\u0101 tehnika.<\/li>\n<li>Ener\u0123\u0113tikas un kalnr\u016bpniec\u012bbas nozares, kur\u0101s nepiecie\u0161ama smagu materi\u0101lu cel\u0161ana un p\u0101rvieto\u0161ana.<\/li>\n<li>Ma\u0161\u012bnu ra\u017eo\u0161ana, \u012bpa\u0161i lieljaudas r\u016bpniecisko iek\u0101rtu ra\u017eo\u0161an\u0101.<\/li>\n<\/ul>\n<p><img decoding=\"async\" src=\"https:\/\/hzpt.com\/wp-content\/uploads\/2023\/11\/Inverted-Telescopic-Cylinder-Applications.webp\" alt=\"Apgrieztu teleskopisko cilindru pielietojumi\" title=\"\"><\/p>\n<h2>Divpak\u0101pju hidraulisk\u0101 cilindra darb\u012bbas princips un apkope<\/h2>\n<p>Divpak\u0101pju hidrauliskais cilindrs darbojas p\u0113c hidraulisk\u0101s jaudas principa, kur \u0161\u0137idruma spiediens tiek izmantots meh\u0101niska sp\u0113ka rad\u012b\u0161anai. \u0160\u012b hidraulisk\u0101 cilindra apkope ietver:<\/p>\n<ul>\n<li>Regul\u0101ras p\u0101rbaudes, lai laikus atkl\u0101tu iesp\u0113jam\u0101s probl\u0113mas.<\/li>\n<li>T\u012br\u012b\u0161ana, lai nodro\u0161in\u0101tu cilindra efekt\u012bvu darb\u012bbu un nov\u0113rstu net\u012brumu vai nos\u0113dumu uzkr\u0101\u0161anos.<\/li>\n<li>E\u013c\u013co\u0161ana, lai samazin\u0101tu kust\u012bgo da\u013cu berzi un nodilumu.<\/li>\n<li>Regul\u0101ras p\u0101rbaudes un remonts, ko veic kvalific\u0113ti tehni\u0137i, lai nodro\u0161in\u0101tu optim\u0101lu veiktsp\u0113ju.<\/li>\n<li>Bl\u012bv\u0113juma nomai\u0146a k\u0101 da\u013ca no ikdienas apkopes, lai nov\u0113rstu nopl\u016bdes un nodro\u0161in\u0101tu balona efekt\u012bvu darb\u012bbu.<\/li>\n<\/ul>\n<p><img decoding=\"async\" src=\"https:\/\/hzpt.com\/wp-content\/uploads\/2023\/11\/Inverted-Telescopic-Cylinder-6.webp\" alt=\"\" title=\"\"><\/p>\n<h2>Apgriezts teleskopiskais cilindrs<\/h2>\n<p>Hidrauliskais cilindrs ir meh\u0101niska izpildmeh\u0101nisms, ko izmanto, lai ar vienvirziena g\u0101jienu rad\u012btu vienvirziena sp\u0113ku. Apgriezts teleskopiskais cilindrs ir hidraulisk\u0101 cilindra veids, ko izmanto da\u017e\u0101dos r\u016bpnieciskos pielietojumos, lai nodro\u0161in\u0101tu vienm\u0113r\u012bgu, prec\u012bzu un sp\u0113c\u012bgu line\u0101ru kust\u012bbu. \u0160eit ir da\u017ei svar\u012bgi punkti, kas j\u0101\u0146em v\u0113r\u0101 par apgriezto teleskopisko cilindru:<\/p>\n<ul>\n<li><strong>Dizains:<\/strong> Apgrieztais teleskopiskais cilindrs ir konstru\u0113ts t\u0101, lai tam b\u016btu virzu\u013ca stienis, kas stiepjas no cilindra apak\u0161as, un virkne ligzdotu cauru\u013cu, kas teleskopiski stiepjas uz leju no stie\u0146a gala. \u0160is unik\u0101lais dizains \u013cauj cilindram b\u016bt gar\u0101kam g\u0101jiena garumam sal\u012bdzin\u0101jum\u0101 ar t\u0101 kop\u0113jo garumu, padarot to ide\u0101li piem\u0113rotu lietojumiem ar ierobe\u017eotu telpu. Cilindrs ir ra\u017eots, iev\u0113rojot stingrus kvalit\u0101tes nodro\u0161in\u0101\u0161anas standartus, un pirms p\u0101rdo\u0161anas tiek r\u016bp\u012bgi p\u0101rbaud\u012bts.<\/li>\n<li><strong>Funkcionalit\u0101te:<\/strong> Apgrieztais teleskopiskais cilindrs parasti tiek izmantots lietojumos, kur nepiecie\u0161ams divk\u0101r\u0161as darb\u012bbas cilindrs. Cilindrs darbojas, izmantojot hidraulisko spiedienu, lai izstieptu virzu\u013ca stieni uz leju, kas savuk\u0101rt izraisa ar\u012b teleskopisko cauru\u013cu izstiep\u0161anos uz leju. Tas rada vienvirziena sp\u0113ku, ko var izmantot kravas pacel\u0161anai, stum\u0161anai vai vilk\u0161anai. Cilindrs sp\u0113j nodro\u0161in\u0101t prec\u012bzu un sp\u0113c\u012bgu kust\u012bbu, padarot to ide\u0101li piem\u0113rotu lieljaudas lietojumiem.<\/li>\n<li><strong>Lietojumi:<\/strong> Apgrieztie teleskopiskie cilindri parasti tiek izmantoti pla\u0161\u0101 r\u016bpniecisko pielietojumu kl\u0101st\u0101, piem\u0113ram, smago ma\u0161\u012bnu, celtniec\u012bbas tehnikas un lauksaimniec\u012bbas tehnikas ra\u017eo\u0161an\u0101 un mont\u0101\u017e\u0101. Tos parasti izmanto ar\u012b kalnr\u016bpniec\u012bbas un urb\u0161anas darbos, kur tos izmanto, lai paceltu un p\u0101rvietotu smagas kravas sare\u017e\u0123\u012btos apst\u0101k\u013cos. Kvalit\u0101tes nodro\u0161in\u0101\u0161anas divpak\u0101pju hidrauliskais cilindrs, kas tiek p\u0101rdots, ir popul\u0101ra izv\u0113le daudz\u0101s nozar\u0113s, pateicoties t\u0101 uzticam\u012bbai un iztur\u012bbai.<\/li>\n<li><strong>Apkope:<\/strong> Apgrieztiem teleskopiskajiem cilindriem nepiecie\u0161ama regul\u0101ra apkope, lai nodro\u0161in\u0101tu to nep\u0101rtrauktu darb\u012bbu ar maksim\u0101lu veiktsp\u0113ju. Virzu\u013ca stienis un teleskopisk\u0101s caurules regul\u0101ri j\u0101p\u0101rbauda, \u200b\u200bvai nav nodiluma paz\u012bmju, un visas boj\u0101t\u0101s deta\u013cas nekav\u0113joties j\u0101nomaina. Cilindrs ar\u012b regul\u0101ri j\u0101t\u012bra, lai no\u0146emtu visus gru\u017eus vai pies\u0101r\u0146ot\u0101jus, kas var ietekm\u0113t t\u0101 darb\u012bbu.<\/li>\n<li><strong>Ieguvumi:<\/strong> Apgrieztais teleskopiskais cilindrs pied\u0101v\u0101 vair\u0101kas priek\u0161roc\u012bbas, tostarp sp\u0113ju nodro\u0161in\u0101t prec\u012bzu un jaud\u012bgu line\u0101ru kust\u012bbu, kompakto dizainu un sp\u0113ju apstr\u0101d\u0101t smagas slodzes. Tas ir ar\u012b \u013coti uzticams un iztur\u012bgs, padarot to par lielisku ieguld\u012bjumu jebkur\u0101 r\u016bpniecisk\u0101 pielietojum\u0101. P\u0101rdo\u0161an\u0101 eso\u0161ais kvalit\u0101tes nodro\u0161in\u0101\u0161anas divpak\u0101pju hidrauliskais cilindrs ir lieliska izv\u0113le tiem, kas mekl\u0113 augstas kvalit\u0101tes un ilgsto\u0161u cilindru.<\/li>\n<\/ul>\n<p>Kopum\u0101 apgrieztais teleskopiskais cilindrs ir \u013coti daudzpus\u012bgs un uzticams hidrauliskais cilindrs, ko var izmantot pla\u0161\u0101 r\u016bpniecisko pielietojumu kl\u0101st\u0101. Neatkar\u012bgi no t\u0101, vai mekl\u0113jat cilindru lieljaudas cel\u0161anai vai prec\u012bzai apstr\u0101dei, p\u0101rdo\u0161an\u0101 eso\u0161ais kvalit\u0101tes nodro\u0161in\u0101\u0161anas divpak\u0101pju hidrauliskais cilindrs ir lieliska izv\u0113le, kas nodro\u0161in\u0101s jums nepiecie\u0161amo veiktsp\u0113ju un iztur\u012bbu.<\/p>\n<h3>Par FMP<\/h3>\n<p>FMP ir uz\u0146\u0113mums, kas specializ\u0113jas hidraulisko cilindru ra\u017eo\u0161an\u0101 un p\u0101rdo\u0161an\u0101. Pateicoties m\u016bsu pla\u0161ajai pieredzei nozar\u0113 un profesion\u0101lajai komandai, m\u0113s nodro\u0161in\u0101m klientus ar augstas kvalit\u0101tes un uzticamiem hidrauliskajiem cilindriem celtniec\u012bbas tehnikai.<\/p>\n<p>1. Pla\u0161s produktu kl\u0101sts:<\/p>\n<p>M\u016bsu produktu kl\u0101st\u0101 ir da\u017e\u0101di hidrauliskie cilindri celtniec\u012bbas ma\u0161\u012bn\u0101m. Neatkar\u012bgi no t\u0101, vai jums nepiecie\u0161ami vienk\u0101r\u0161\u0101s vai divk\u0101r\u0161\u0101s darb\u012bbas cilindri, teleskopiskie cilindri vai p\u0113c pas\u016bt\u012bjuma izgatavoti cilindri, mums ir ide\u0101ls risin\u0101jums, kas atbilst j\u016bsu \u012bpa\u0161aj\u0101m pras\u012bb\u0101m.<\/p>\n<p>2. Augst\u0101k\u0101s kvalit\u0101tes komponenti:<\/p>\n<p>Visi m\u016bsu hidrauliskie cilindri ir izgatavoti, izmantojot augst\u0101k\u0101s kvalit\u0101tes komponentus. M\u016bsu ra\u017eo\u0161anas proces\u0101 m\u0113s pie\u0161\u0137iram priorit\u0101ti kvalit\u0101tei, lai nodro\u0161in\u0101tu m\u016bsu produktu ilgm\u016b\u017e\u012bbu un veiktsp\u0113ju.<\/p>\n<p>3. Ekspert\u012bze un konsult\u0101cijas:<\/p>\n<p>M\u016bsu pieredz\u0113ju\u0161\u0101 p\u0101rdo\u0161anas komanda labi p\u0101rzina b\u016bvniec\u012bbas tehnikas nozares att\u012bst\u012bbas tendences un klientu vajadz\u012bbas. Vi\u0146i var sniegt profesion\u0101las produktu konsult\u0101cijas, pal\u012bdzot jums izv\u0113l\u0113ties pareizo hidraulisko cilindru j\u016bsu tehnikai.<\/p>\n<p>4. Uzticama pieg\u0101des \u0137\u0113de:<\/p>\n<p>Izveidojot ilgtermi\u0146a un stabilas sadarb\u012bbas attiec\u012bbas ar augstas kvalit\u0101tes pieg\u0101d\u0101t\u0101jiem, m\u0113s garant\u0113jam, ka visas pieg\u0101d\u0101t\u0101s deta\u013cas atbilst stingriem kvalit\u0101tes standartiem. Tas nodro\u0161ina m\u016bsu hidraulisko cilindru uzticam\u012bbu un iztur\u012bbu.<\/p>\n<p>5. Efekt\u012bva lo\u0123istika un savlaic\u012bga pieg\u0101de:<\/p>\n<p>Mums ir efekt\u012bva lo\u0123istikas izplat\u012b\u0161anas sist\u0113ma, lai nodro\u0161in\u0101tu, ka klienti savlaic\u012bgi un prec\u012bzi sa\u0146em nepiecie\u0161amos hidrauliskos cilindrus. M\u0113s saprotam d\u012bkst\u0101ves laika samazin\u0101\u0161anas noz\u012bmi un cen\u0161amies nodro\u0161in\u0101t \u0101tru pieg\u0101di.<\/p>\n<p><img loading=\"lazy\" decoding=\"async\" class=\"aligncenter\" src=\"https:\/\/fmp-components.com\/wp-content\/uploads\/2024\/12\/Adjustable-Clevis-Type-Cylinders-6.webp\" alt=\"Regul\u0113jams skavu tipa cilindrs\" width=\"1035\" height=\"878\" title=\"\"><\/p>\n<p>Autors: CX<\/p>","protected":false},"excerpt":{"rendered":"<p>This state-of-the-art product comes with a one-year warranty. It is applicable across numerous industries including manufacturing plants, machinery repair shops, farms, energy and mining, and machinery manufacturing. With a weight of 48 KG, video outgoing-inspection and machinery test report are provided. The core components of this product are its bearing and plunger cylinder. The standard [&hellip;]<\/p>","protected":false},"featured_media":1622,"comment_status":"closed","ping_status":"closed","template":"","meta":{"_et_pb_use_builder":"","_et_pb_old_content":"","_et_gb_content_width":""},"product_brand":[],"product_cat":[45],"product_tag":[34,48],"class_list":{"0":"post-1621","1":"product","2":"type-product","3":"status-publish","4":"has-post-thumbnail","6":"product_cat-inverted-telescopic-cylinder","7":"product_tag-hydraulic-cylinder","8":"product_tag-inverted-telescopic-cylinder","10":"first","11":"instock","12":"product-type-simple"},"_links":{"self":[{"href":"https:\/\/fmp-components.com\/lv\/wp-json\/wp\/v2\/product\/1621","targetHints":{"allow":["GET"]}}],"collection":[{"href":"https:\/\/fmp-components.com\/lv\/wp-json\/wp\/v2\/product"}],"about":[{"href":"https:\/\/fmp-components.com\/lv\/wp-json\/wp\/v2\/types\/product"}],"replies":[{"embeddable":true,"href":"https:\/\/fmp-components.com\/lv\/wp-json\/wp\/v2\/comments?post=1621"}],"wp:featuredmedia":[{"embeddable":true,"href":"https:\/\/fmp-components.com\/lv\/wp-json\/wp\/v2\/media\/1622"}],"wp:attachment":[{"href":"https:\/\/fmp-components.com\/lv\/wp-json\/wp\/v2\/media?parent=1621"}],"wp:term":[{"taxonomy":"product_brand","embeddable":true,"href":"https:\/\/fmp-components.com\/lv\/wp-json\/wp\/v2\/product_brand?post=1621"},{"taxonomy":"product_cat","embeddable":true,"href":"https:\/\/fmp-components.com\/lv\/wp-json\/wp\/v2\/product_cat?post=1621"},{"taxonomy":"product_tag","embeddable":true,"href":"https:\/\/fmp-components.com\/lv\/wp-json\/wp\/v2\/product_tag?post=1621"}],"curies":[{"name":"wp","href":"https:\/\/api.w.org\/{rel}","templated":true}]}}