{"id":1619,"date":"2024-12-23T06:59:20","date_gmt":"2024-12-23T06:59:20","guid":{"rendered":"https:\/\/fmp-components.com\/product\/factory-serving-hydraulic-cylinder-double-acting-small-dump-truck-hydraulic-cylinder\/"},"modified":"2024-12-23T08:37:33","modified_gmt":"2024-12-23T08:37:33","slug":"factory-serving-hydraulic-cylinder-double-acting-small-dump-truck-hydraulic-cylinder","status":"publish","type":"product","link":"https:\/\/fmp-components.com\/lv\/product\/factory-serving-hydraulic-cylinder-double-acting-small-dump-truck-hydraulic-cylinder\/","title":{"rendered":"R\u016bpn\u012bc\u0101 apkalpojo\u0161s hidrauliskais cilindrs ar divk\u0101r\u0161u darb\u012bbu mazs pa\u0161izg\u0101z\u0113ja hidrauliskais cilindrs"},"content":{"rendered":"<p>R\u016bpn\u012bc\u0101 apkalpojo\u0161ais hidrauliskais cilindrs, divk\u0101r\u0161as darb\u012bbas mazo pa\u0161izg\u0101z\u0113ju hidrauliskais cilindrs, ir augstas kvalit\u0101tes produkts, kas paredz\u0113ts lieto\u0161anai pa\u0161izg\u0101z\u0113jos. Pateicoties divk\u0101r\u0161as darb\u012bbas funkcijai, \u0161is hidrauliskais cilindrs pied\u0101v\u0101 efekt\u012bvu un jaud\u012bgu veiktsp\u0113ju. To ra\u017eo cien\u012bjama r\u016bpn\u012bca, kas specializ\u0113jas hidraulisko cilindru ra\u017eo\u0161an\u0101, nodro\u0161inot uzticam\u012bbu un iztur\u012bbu.<\/p>\n<p>\u0160is hidrauliskais cilindrs ir \u012bpa\u0161i izstr\u0101d\u0101ts pa\u0161izg\u0101z\u0113jiem, padarot to ide\u0101li piem\u0113rotu da\u017e\u0101diem pielietojumiem b\u016bvniec\u012bbas un lo\u0123istikas nozar\u0113s. T\u0101 kompaktais izm\u0113rs \u013cauj to viegli uzst\u0101d\u012bt un integr\u0113t pa\u0161izg\u0101z\u0113ju sist\u0113m\u0101s.<\/p>\n<p>R\u016bpn\u012bc\u0101 apkalpojo\u0161ais hidraulisk\u0101 cilindra divk\u0101r\u0161as darb\u012bbas maza pa\u0161izg\u0101z\u0113ja hidrauliskais cilindrs ir izstr\u0101d\u0101ts, lai iztur\u0113tu lielas slodzes un skarbus darba apst\u0101k\u013cus. T\u0101 iztur\u012bg\u0101 konstrukcija un augstas kvalit\u0101tes materi\u0101li nodro\u0161ina ilgsto\u0161u veiktsp\u0113ju un minim\u0101las apkopes pras\u012bbas.<\/p>\n<p>\u0160is hidrauliskais cilindrs, kas apr\u012bkots ar divk\u0101r\u0161as darb\u012bbas funkcionalit\u0101ti, nodro\u0161ina gan izvilk\u0161anu, gan ievilk\u0161anu, nodro\u0161inot vienm\u0113r\u012bgu un prec\u012bzu pa\u0161izg\u0101z\u0113ja pacel\u0161anas un izg\u0101\u0161anas darb\u012bbu kontroli. \u0160\u012b funkcija uzlabo produktivit\u0101ti un efektivit\u0101ti, \u013caujot \u0101tr\u0101k sasniegt cikla laikus un palielin\u0101t darb\u012bbas jaudu.<\/p>\n<p>Dro\u0161\u012bba ir galven\u0101 priorit\u0101te, lietojot \u0161o hidraulisko cilindru. Tas ir apr\u012bkots ar uzticamiem bl\u012bv\u0113jumiem un meh\u0101nismiem, lai nov\u0113rstu nopl\u016bdes un nodro\u0161in\u0101tu pareizu darb\u012bbu. Tas garant\u0113 gan operatora, gan apk\u0101rt\u0113j\u0101s vides dro\u0161\u012bbu.<\/p>\n<p>Nosl\u0113gum\u0101 j\u0101saka, ka r\u016bpn\u012bc\u0101 ra\u017eotais hidrauliskais cilindrs ar divk\u0101r\u0161u darb\u012bbu maziem pa\u0161izg\u0101z\u0113jiem ir uzticams un efekt\u012bvs produkts, kas paredz\u0113ts pa\u0161izg\u0101z\u0113jiem. T\u0101 divk\u0101r\u0161\u0101s darb\u012bbas funkcija, kompaktais izm\u0113rs un iztur\u012bba padara to par lielisku izv\u0113li da\u017e\u0101diem pielietojumiem b\u016bvniec\u012bbas un lo\u0123istikas nozar\u0113s. Ar augstas kvalit\u0101tes konstrukciju un dro\u0161\u012bbas funkcij\u0101m \u0161is hidrauliskais cilindrs ir v\u0113rt\u012bgs papildin\u0101jums jebkurai pa\u0161izg\u0101z\u0113ja sist\u0113mai.<\/p>\n<h2>Iepaz\u012bstin\u0101m ar divk\u0101r\u0161as darb\u012bbas mazo pa\u0161izg\u0101z\u0113ju hidraulisko cilindru<\/h2>\n<p>Mekl\u0113jat jaun\u0101k\u0101s hidraulisk\u0101s tehnolo\u0123ijas? M\u016bsu jaun\u0101kais 2023.\u00a0gada produkts ir tie\u0161i tas, kas jums nepiecie\u0161ams! M\u016bsu divk\u0101r\u0161\u0101s darb\u012bbas mazo pa\u0161izg\u0101z\u0113ju hidrauliskais cilindrs ir moderna hidraulisk\u0101 sast\u0101vda\u013ca, kas izstr\u0101d\u0101ta un ra\u017eota m\u016bsu r\u016bpn\u012bc\u0101. Pateicoties da\u017e\u0101daj\u0101m funkcij\u0101m, \u0161is hidrauliskais cilindrs ir ide\u0101li piem\u0113rots t\u0101d\u0101m nozar\u0113m k\u0101 ra\u017eo\u0161anas r\u016bpn\u012bcas, ma\u0161\u012bnb\u016bves remonta darbn\u012bcas, lauku saimniec\u012bbas, ener\u0123\u0113tika un kalnr\u016bpniec\u012bba, k\u0101 ar\u012b ma\u0161\u012bnb\u016bve.<\/p>\n<h3>M\u016bsu hidraulisk\u0101 cilindra galven\u0101s iez\u012bmes<\/h3>\n<ul>\n<li>Jaunizveidots: \u0160is ir pavisam jauns produkts, kas tika laists klaj\u0101 2023. gad\u0101, nodro\u0161inot, ka j\u016bs sa\u0146emat jaun\u0101k\u0101s tehnolo\u0123ijas.<\/li>\n<li>Kvalit\u0101tes nodro\u0161in\u0101\u0161ana: Hidrauliskajam cilindram ir 1 gada garantija, un kvalit\u0101tes nodro\u0161in\u0101\u0161anai tiek nodro\u0161in\u0101ts izejo\u0161s p\u0101rbaudes video.<\/li>\n<li>Iztur\u012bgas galven\u0101s sast\u0101vda\u013cas: Tas ir apr\u012bkots ar iztur\u012bg\u0101m galvenaj\u0101m sast\u0101vda\u013c\u0101m, piem\u0113ram, gultni un virzu\u013ca cilindru.<\/li>\n<li>Lieljaudas: Ar maksim\u0101lo vilci 3000 tonnu un maksim\u0101lo vilk\u0161anas sp\u0113ku 20 tonnu tas ir paredz\u0113ts lieljaudas oper\u0101cij\u0101m.<\/li>\n<li>Standarta specifik\u0101cijas: Cilindrs ir standarta, ar virzu\u013ccilindra konstrukciju, t\u0113rauda korpusu un hidraulisko jaudu.<\/li>\n<\/ul>\n<p><img decoding=\"async\" src=\"https:\/\/hzpt.com\/wp-content\/uploads\/2023\/11\/Inverted-Telescopic-Cylinder-22.webp\" alt=\"\" title=\"\"><\/p>\n<h3>Hidraulisk\u0101 cilindra pielietojums<\/h3>\n<p>M\u016bsu hidrauliskais cilindrs ir daudzpus\u012bgs un to var izmantot da\u017e\u0101d\u0101s nozar\u0113s un pielietojumos, tostarp:<\/p>\n<ul>\n<li>Ra\u017eo\u0161anas iek\u0101rtas: izmanto\u0161anai smagaj\u0101s ma\u0161\u012bn\u0101s un iek\u0101rt\u0101s.<\/li>\n<li>Ma\u0161\u012bnu remonta darbn\u012bcas: ide\u0101li piem\u0113rotas smago ma\u0161\u012bnu remontam un apkopei.<\/li>\n<li>Fermas: Var izmantot lauksaimniec\u012bbas apr\u012bkojum\u0101 da\u017e\u0101d\u0101m darb\u012bb\u0101m.<\/li>\n<li>Ener\u0123\u0113tika un kalnr\u016bpniec\u012bba: Lieliski piem\u0113rots lieto\u0161anai lieljaudas kalnr\u016bpniec\u012bbas iek\u0101rt\u0101s.<\/li>\n<li>Ma\u0161\u012bnu ra\u017eo\u0161ana: Ide\u0101li piem\u0113rota da\u017e\u0101du ma\u0161\u012bnu deta\u013cu ra\u017eo\u0161anai.<\/li>\n<\/ul>\n<p><img decoding=\"async\" src=\"https:\/\/hzpt.com\/wp-content\/uploads\/2023\/11\/Inverted-Telescopic-Cylinder-Applications.webp\" alt=\"Hidraulisko cilindru pielietojumi\" title=\"\"><\/p>\n<h3>Hidraulisk\u0101 cilindra darb\u012bbas princips un apkope<\/h3>\n<p>Hidrauliskais cilindrs darbojas p\u0113c principa, ka no hidraulisk\u0101 \u0161\u0137idruma spiediena tiek \u0123ener\u0113ta line\u0101ra kust\u012bba un sp\u0113ks. Pareiza hidraulisk\u0101 cilindra apkope ir \u013coti svar\u012bga, un t\u0101 ietver:<\/p>\n<ul>\n<li>Regul\u0101ra p\u0101rbaude: Regul\u0101ra cilindra p\u0101rbaude, vai nav nodiluma paz\u012bmju.<\/li>\n<li>T\u012br\u012b\u0161ana: Regul\u0101ri t\u012briet cilindru, lai nov\u0113rstu putek\u013cu un net\u012brumu uzkr\u0101\u0161anos.<\/li>\n<li>E\u013c\u013co\u0161ana: Nodro\u0161in\u0101t, lai cilindra kust\u012bg\u0101s da\u013cas b\u016btu labi iee\u013c\u013cotas.<\/li>\n<li>Regul\u0101ras p\u0101rbaudes un remonts: Regul\u0101ri p\u0101rbaudiet un veiciet nepiecie\u0161amos remontdarbus, lai nodro\u0161in\u0101tu, ka cilindrs ir nevainojam\u0101 darba k\u0101rt\u012bb\u0101.<\/li>\n<li>Bl\u012bvju nomai\u0146a: Regul\u0101ri p\u0101rbaudiet un nomainiet bl\u012bves, lai nov\u0113rstu nopl\u016bdes.<\/li>\n<\/ul>\n<p><img decoding=\"async\" src=\"https:\/\/hzpt.com\/wp-content\/uploads\/2023\/11\/Inverted-Telescopic-Cylinder-4.webp\" alt=\"\" title=\"\"><\/p>\n<h2>Apgriezts teleskopiskais cilindrs<\/h2>\n<p>R\u016bpn\u012bc\u0101 apkalpojo\u0161ais hidrauliskais cilindrs:<\/p>\n<p>Hidrauliskie cilindri ir b\u016btiskas sast\u0101vda\u013cas da\u017e\u0101dos r\u016bpnieciskos pielietojumos, kas nodro\u0161ina jaudu un sp\u0113ku, kas nepiecie\u0161ams smago ma\u0161\u012bnu un apr\u012bkojuma p\u0101rvieto\u0161anai. Viens no hidraulisko cilindru veidiem, kas izce\u013cas ar dizainu un funkcionalit\u0101ti, ir apgrieztais teleskopiskais cilindrs.<\/p>\n<p>M\u016bsu r\u016bpn\u012bc\u0101 izstr\u0101d\u0101tais un ra\u017eotais \u0161\u0101da veida hidrauliskais cilindrs pied\u0101v\u0101 izcilu veiktsp\u0113ju un uzticam\u012bbu, padarot to par ide\u0101lu izv\u0113li da\u017e\u0101diem pielietojumiem, tostarp maziem pa\u0161izg\u0101z\u0113jiem.<\/p>\n<p>Divk\u0101r\u0161a darb\u012bba:<\/p>\n<p>Apgrieztais teleskopiskais cilindrs ir divk\u0101r\u0161as darb\u012bbas cilindrs, kas noz\u012bm\u0113, ka tas var rad\u012bt sp\u0113ku abos virzienos. \u0160\u012b funkcija nodro\u0161ina prec\u012bz\u0101ku hidraulisk\u0101s sist\u0113mas vad\u012bbu un efekt\u012bvu darb\u012bbu. Neatkar\u012bgi no t\u0101, vai tas tiek izb\u012bd\u012bts vai ievilkts, cilindrs var nodro\u0161in\u0101t vienm\u0113r\u012bgu un sp\u0113c\u012bgu sp\u0113ku v\u0113lam\u0101 uzdevuma veik\u0161anai.<\/p>\n<p>Maza pa\u0161izg\u0101z\u0113ja hidrauliskais cilindrs:<\/p>\n<p>Apgrieztais teleskopiskais cilindrs, kas \u012bpa\u0161i izstr\u0101d\u0101ts maziem pa\u0161izg\u0101z\u0113jiem, pied\u0101v\u0101 vair\u0101kas priek\u0161roc\u012bbas sal\u012bdzin\u0101jum\u0101 ar cita veida hidrauliskajiem cilindriem. T\u0101 kompaktais izm\u0113rs un vieglais svars padara to par ide\u0101lu izv\u0113li lietojumiem, kur ir ierobe\u017eota vieta un nepiecie\u0161ams samazin\u0101t svaru.<\/p>\n<p>Mazais pa\u0161izg\u0101z\u0113ja hidrauliskais cilindrs sp\u0113j apstr\u0101d\u0101t smagas kravas, vienlaikus nodro\u0161inot vienm\u0113r\u012bgu un kontrol\u0113tu kust\u012bbu izg\u0101\u0161anas proces\u0101. Ar prec\u012bzu pozicion\u0113\u0161anu un augsto celtsp\u0113ju tas nodro\u0161ina efekt\u012bvu darb\u012bbu un palielin\u0101tu produktivit\u0101ti.<\/p>\n<p>Galven\u0101s iez\u012bmes:<\/p>\n<ul>\n<li>Augstas kvalit\u0101tes materi\u0101li: Cilindrs ir izgatavots, izmantojot augstas kvalit\u0101tes materi\u0101lus, kas nodro\u0161ina iztur\u012bbu un ilgm\u016b\u017e\u012bbu pat sare\u017e\u0123\u012btos darba apst\u0101k\u013cos.<\/li>\n<li>Vienm\u0113r\u012bga darb\u012bba: Balona konstrukcija un in\u017eenierija nodro\u0161ina vienm\u0113r\u012bgu un efekt\u012bvu darb\u012bbu, samazinot ener\u0123ijas zudumus un maksim\u0101li palielinot veiktsp\u0113ju.<\/li>\n<li>Bl\u012bv\u0113jumi un bukses: Cilindrs ir apr\u012bkots ar augstas veiktsp\u0113jas bl\u012bv\u0113jumiem un buks\u0113m, kas nodro\u0161ina izcilu iztur\u012bbu pret nodilumu, t\u0101d\u0113j\u0101di pagarinot cilindra kalpo\u0161anas laiku.<\/li>\n<li>Vienk\u0101r\u0161a apkope: Cilindra konstrukcija nodro\u0161ina \u0113rtu piek\u013cuvi iek\u0161\u0113j\u0101m sast\u0101vda\u013c\u0101m, vienk\u0101r\u0161ojot apkopi un samazinot d\u012bkst\u0101ves laiku.<\/li>\n<\/ul>\n<p>Pateicoties izcilajai veiktsp\u0113jai, uzticam\u012bbai un iztur\u012bbai, m\u016bsu r\u016bpn\u012bc\u0101 ra\u017eotais apgrieztais teleskopiskais cilindrs ir ide\u0101la izv\u0113le maziem pa\u0161izg\u0101z\u0113jiem un da\u017e\u0101diem citiem lietojumiem, kuriem nepiecie\u0161ami augstas kvalit\u0101tes hidrauliskie cilindri. Uzticieties m\u016bsu zin\u0101\u0161an\u0101m un pieredzei, lai nodro\u0161in\u0101tu j\u016bs ar lab\u0101kajiem hidrauliskajiem risin\u0101jumiem atbilsto\u0161i j\u016bsu \u012bpa\u0161aj\u0101m vajadz\u012bb\u0101m.<\/p>\n<h3>Par FMP<\/h3>\n<p>FMP ir uz\u0146\u0113mums, kas specializ\u0113jas hidraulisko cilindru ra\u017eo\u0161an\u0101 un p\u0101rdo\u0161an\u0101. M\u0113s esam ap\u0146\u0113mu\u0161ies nodro\u0161in\u0101t m\u016bsu klientus ar augstas kvalit\u0101tes un uzticamiem hidrauliskajiem cilindriem da\u017e\u0101du veidu celtniec\u012bbas ma\u0161\u012bn\u0101m. Ar m\u016bsu daudzu gadu pieredzi nozar\u0113 un profesion\u0101lu komandu m\u0113s pied\u0101v\u0101jam izcilus produktus un pakalpojumus, lai apmierin\u0101tu m\u016bsu klientu vajadz\u012bbas.<\/p>\n<p><strong>1. Pla\u0161s hidraulisko cilindru kl\u0101sts:<\/strong> M\u016bsu produktu kl\u0101st\u0101 ir da\u017e\u0101di hidrauliskie cilindri, piem\u0113ram, regul\u0113jami skavu tipa cilindri, teleskopiskie cilindri un divk\u0101r\u0161as darb\u012bbas cilindri. M\u0113s pied\u0101v\u0101jam risin\u0101jumus da\u017e\u0101du veidu celtniec\u012bbas tehnikai, nodro\u0161inot sader\u012bbu un efektivit\u0101ti da\u017e\u0101dos pielietojumos.<\/p>\n<p><strong>2. Augst\u0101k\u0101 kvalit\u0101te:<\/strong> Uz\u0146\u0113mum\u0101 FMP m\u0113s pie\u0161\u0137iram priorit\u0101ti savu produktu kvalit\u0101tei. M\u0113s veidojam ilgtermi\u0146a un stabilas sadarb\u012bbas attiec\u012bbas ar augstas kvalit\u0101tes pieg\u0101d\u0101t\u0101jiem, lai nodro\u0161in\u0101tu, ka visi m\u016bsu pieg\u0101d\u0101tie hidrauliskie cilindri atbilst stingriem kvalit\u0101tes standartiem. M\u016bsu ap\u0146em\u0161an\u0101s nodro\u0161in\u0101t kvalit\u0101ti garant\u0113 iztur\u012bbu, uzticam\u012bbu un optim\u0101lu veiktsp\u0113ju.<\/p>\n<p><strong>3. Profesion\u0101la p\u0101rdo\u0161anas komanda:<\/strong> Mums ir pieredz\u0113jusi un prasm\u012bga p\u0101rdo\u0161anas komanda, kas labi p\u0101rzina b\u016bvniec\u012bbas tehnikas nozares att\u012bst\u012bbas tendences un klientu vajadz\u012bbas. Vi\u0146i var sniegt profesion\u0101las produktu konsult\u0101cijas un p\u0101rdom\u0101tus pirk\u0161anas ieteikumus, pal\u012bdzot m\u016bsu klientiem pie\u0146emt p\u0101rdom\u0101tus l\u0113mumus.<\/p>\n<p><strong>4. Efekt\u012bva lo\u0123istikas izplat\u012b\u0161ana:<\/strong> M\u0113s saprotam savlaic\u012bgas pieg\u0101des noz\u012bmi. FMP ir ieviesusi efekt\u012bvu lo\u0123istikas izplat\u012b\u0161anas sist\u0113mu, lai nodro\u0161in\u0101tu, ka m\u016bsu klienti savlaic\u012bgi un prec\u012bzi sa\u0146em nepiecie\u0161amos hidrauliskos cilindrus. M\u0113s priorit\u0101ri izvirz\u0101m klientu apmierin\u0101t\u012bbu un cen\u0161amies izpild\u012bt vi\u0146u pieg\u0101des cer\u012bbas.<\/p>\n<p><strong>5. Ap\u0146em\u0161an\u0101s nodro\u0161in\u0101t klientu pan\u0101kumus:<\/strong> Uz\u0146\u0113mum\u0101 FMP m\u0113s ticam ilgtermi\u0146a partnerattiec\u012bbu veido\u0161anai ar saviem klientiem. M\u0113s esam ap\u0146\u0113mu\u0161ies nodro\u0161in\u0101t vi\u0146u pan\u0101kumus un apmierin\u0101t\u012bbu. M\u016bsu komanda ir ap\u0146\u0113musies nodro\u0161in\u0101t izcilu klientu apkalpo\u0161anu, nekav\u0113joties risin\u0101t visas ba\u017eas vai jaut\u0101jumus un nodro\u0161in\u0101t vienm\u0113r\u012bgu un pat\u012bkamu pieredzi vis\u0101 pirk\u0161anas proces\u0101.<\/p>\n<p><img decoding=\"async\" src=\"https:\/\/fmp-components.com\/wp-content\/uploads\/2024\/12\/Adjustable-Clevis-Type-Cylinders-6.webp\" alt=\"Regul\u0113jams skavu tipa cilindrs\" width=\"811\" title=\"\"><br \/>\nAutors: CX<\/p>","protected":false},"excerpt":{"rendered":"<p>R\u016bpn\u012bc\u0101 apkalpojo\u0161s hidrauliskais cilindrs Divk\u0101r\u0161as darb\u012bbas maza pa\u0161izg\u0101z\u0113ja hidrauliskais cilindrs ir augstas kvalit\u0101tes produkts, kas paredz\u0113ts lieto\u0161anai pa\u0161izg\u0101z\u0113jos. Pateicoties divk\u0101r\u0161as darb\u012bbas funkcijai, \u0161is hidrauliskais cilindrs pied\u0101v\u0101 efekt\u012bvu un jaud\u012bgu veiktsp\u0113ju. To ra\u017eo cien\u012bjama r\u016bpn\u012bca, kas specializ\u0113jas hidraulisko cilindru ra\u017eo\u0161an\u0101, nodro\u0161inot uzticam\u012bbu un iztur\u012bbu. \u0160is hidrauliskais cilindrs ir \u012bpa\u0161i [\u2026]<\/p>","protected":false},"featured_media":1620,"comment_status":"closed","ping_status":"closed","template":"","meta":{"_et_pb_use_builder":"","_et_pb_old_content":"","_et_gb_content_width":""},"product_brand":[],"product_cat":[45],"product_tag":[34,48],"class_list":{"0":"post-1619","1":"product","2":"type-product","3":"status-publish","4":"has-post-thumbnail","6":"product_cat-inverted-telescopic-cylinder","7":"product_tag-hydraulic-cylinder","8":"product_tag-inverted-telescopic-cylinder","10":"first","11":"instock","12":"product-type-simple"},"_links":{"self":[{"href":"https:\/\/fmp-components.com\/lv\/wp-json\/wp\/v2\/product\/1619","targetHints":{"allow":["GET"]}}],"collection":[{"href":"https:\/\/fmp-components.com\/lv\/wp-json\/wp\/v2\/product"}],"about":[{"href":"https:\/\/fmp-components.com\/lv\/wp-json\/wp\/v2\/types\/product"}],"replies":[{"embeddable":true,"href":"https:\/\/fmp-components.com\/lv\/wp-json\/wp\/v2\/comments?post=1619"}],"wp:featuredmedia":[{"embeddable":true,"href":"https:\/\/fmp-components.com\/lv\/wp-json\/wp\/v2\/media\/1620"}],"wp:attachment":[{"href":"https:\/\/fmp-components.com\/lv\/wp-json\/wp\/v2\/media?parent=1619"}],"wp:term":[{"taxonomy":"product_brand","embeddable":true,"href":"https:\/\/fmp-components.com\/lv\/wp-json\/wp\/v2\/product_brand?post=1619"},{"taxonomy":"product_cat","embeddable":true,"href":"https:\/\/fmp-components.com\/lv\/wp-json\/wp\/v2\/product_cat?post=1619"},{"taxonomy":"product_tag","embeddable":true,"href":"https:\/\/fmp-components.com\/lv\/wp-json\/wp\/v2\/product_tag?post=1619"}],"curies":[{"name":"wp","href":"https:\/\/api.w.org\/{rel}","templated":true}]}}