{"id":1613,"date":"2024-12-23T06:59:20","date_gmt":"2024-12-23T06:59:20","guid":{"rendered":"https:\/\/fmp-components.com\/product\/factory-serving-small-dump-truck-double-acting-hydraulic-cylinder\/"},"modified":"2024-12-23T08:23:17","modified_gmt":"2024-12-23T08:23:17","slug":"factory-serving-small-dump-truck-double-acting-hydraulic-cylinder","status":"publish","type":"product","link":"https:\/\/fmp-components.com\/lv\/product\/factory-serving-small-dump-truck-double-acting-hydraulic-cylinder\/","title":{"rendered":"R\u016bpn\u012bc\u0101 apkalpojo\u0161s mazs pa\u0161izg\u0101z\u0113ja divk\u0101r\u0161as darb\u012bbas hidrauliskais cilindrs"},"content":{"rendered":"<h2>Iepaz\u012bstin\u0101m ar r\u016bpn\u012bcu, kas apkalpo mazo pa\u0161izg\u0101z\u0113ju divk\u0101r\u0161as darb\u012bbas hidraulisko cilindru<\/h2>\n<p>R\u016bpn\u012bc\u0101 apkalpojo\u0161ais mazo pa\u0161izg\u0101z\u0113ju divk\u0101r\u0161as darb\u012bbas hidrauliskais cilindrs ir augstas kvalit\u0101tes un daudzpus\u012bga sast\u0101vda\u013ca, kas \u012bpa\u0161i paredz\u0113ta maziem pa\u0161izg\u0101z\u0113jiem. Ar sav\u0101m uzlabotaj\u0101m funkcij\u0101m un uzticamo veiktsp\u0113ju \u0161is hidrauliskais cilindrs ir b\u016btiska jebkuras pa\u0161izg\u0101z\u0113ja sist\u0113mas sast\u0101vda\u013ca.<\/p>\n<p>Viena no \u0161\u012b hidraulisk\u0101 cilindra galvenaj\u0101m iez\u012bm\u0113m ir t\u0101 divk\u0101r\u0161\u0101s darb\u012bbas funkcionalit\u0101te. Tas noz\u012bm\u0113, ka tas var rad\u012bt sp\u0113ku abos virzienos, nodro\u0161inot efekt\u012bvu un prec\u012bzu pa\u0161izg\u0101z\u0113ja kust\u012bbas kontroli. Neatkar\u012bgi no t\u0101, vai tiek pacelta vai nolaista kravas kaste, \u0161is cilindrs nodro\u0161ina vienm\u0113r\u012bgu un uzticamu darb\u012bbu.<\/p>\n<p>\u0160is hidrauliskais cilindrs ir izgatavots no iztur\u012bgiem materi\u0101liem, lai iztur\u0113tu sare\u017e\u0123\u012btus apst\u0101k\u013cus, un tam ir veiktas stingras p\u0101rbaudes, lai nodro\u0161in\u0101tu t\u0101 iztur\u012bbu un ilgm\u016b\u017e\u012bbu. Tas var iztur\u0113t lielas slodzes un darboties nevainojami pat sare\u017e\u0123\u012btos apst\u0101k\u013cos.<\/p>\n<p>R\u016bpn\u012bc\u0101 apkalpojo\u0161ais mazo pa\u0161izg\u0101z\u0113ju divk\u0101r\u0161\u0101s darb\u012bbas hidrauliskais cilindrs ir izstr\u0101d\u0101ts, \u0146emot v\u0113r\u0101 dro\u0161\u012bbu. Tas ietver t\u0101das uzlabotas funkcijas k\u0101 spiediena samazin\u0101\u0161anas v\u0101rsti un bl\u012bves, lai nov\u0113rstu nopl\u016bdes un uztur\u0113tu optim\u0101lu veiktsp\u0113ju. T\u0101 iztur\u012bg\u0101 konstrukcija un uzticamie bl\u012bv\u0113\u0161anas meh\u0101nismi nodro\u0161ina minim\u0101lu apkopi un d\u012bkst\u0101ves laiku, maksim\u0101li palielinot produktivit\u0101ti.<\/p>\n<p>Pateicoties kompaktajam izm\u0113ram, \u0161is hidrauliskais cilindrs ir \u012bpa\u0161i piel\u0101gots maziem pa\u0161izg\u0101z\u0113jiem. T\u0101 lielisk\u0101 jaudas un izm\u0113ra attiec\u012bba \u013cauj efekt\u012bvi izmantot vietu kravas automa\u0161\u012bnas hidrauliskaj\u0101 sist\u0113m\u0101. Tas ne tikai uzlabo pa\u0161izg\u0101z\u0113ja kop\u0113jo veiktsp\u0113ju, bet ar\u012b veicina degvielas ekonomiju.<\/p>\n<p>Nosl\u0113gum\u0101 j\u0101saka, ka r\u016bpn\u012bc\u0101 apkalpojo\u0161ais mazo pa\u0161izg\u0101z\u0113ju divk\u0101r\u0161\u0101s darb\u012bbas hidrauliskais cilindrs ir augst\u0101k\u0101s klases komponents, kas nodro\u0161ina izcilu veiktsp\u0113ju mazajiem pa\u0161izg\u0101z\u0113jiem. T\u0101 divk\u0101r\u0161\u0101s darb\u012bbas funkcionalit\u0101te, iztur\u012bba un dro\u0161\u012bbas funkcijas padara to par ide\u0101lu izv\u0113li pa\u0161izg\u0101z\u0113ju darb\u012bbas efektivit\u0101tes un produktivit\u0101tes uzlabo\u0161anai.<\/p>\n<h2>Divk\u0101r\u0161as darb\u012bbas hidraulisk\u0101 cilindra \u012bpa\u0161\u012bbas<\/h2>\n<ul>\n<li>Standarta hidrauliski darbin\u0101ms virzu\u013ccilindrs optim\u0101lai veiktsp\u0113jai<\/li>\n<li>T\u0113rauda korpusa materi\u0101ls uzlabotai iztur\u012bbai<\/li>\n<li>Maksim\u0101l\u0101 vilce 3000 un maksim\u0101l\u0101 vilkme 20 tonnas lieljaudas oper\u0101cij\u0101m<\/li>\n<li>Da\u017e\u0101di urbuma, stie\u0146a, g\u0101jiena un tapas izm\u0113ri, lai atbilstu da\u017e\u0101d\u0101m pras\u012bb\u0101m<\/li>\n<li>ISO9001:2000 sertifik\u0101ts, kas nodro\u0161ina kvalit\u0101ti un uzticam\u012bbu<\/li>\n<\/ul>\n<p><img decoding=\"async\" src=\"https:\/\/hzpt.com\/wp-content\/uploads\/2023\/11\/Inverted-Telescopic-Cylinder-15.webp\" alt=\"\" title=\"\"><\/p>\n<h2>Divk\u0101r\u0161as darb\u012bbas hidraulisk\u0101 cilindra pielietojums<\/h2>\n<p>Divk\u0101r\u0161as darb\u012bbas hidrauliskie cilindri ir daudzpus\u012bgas ier\u012bces, ko parasti izmanto da\u017e\u0101dos pielietojumos, kur nepiecie\u0161ama kontrol\u0113ta line\u0101ra kust\u012bba un sp\u0113ks. Tie darbojas, izmantojot hidraulisko spiedienu, lai p\u0101rvietotu virzuli uz priek\u0161u un atpaka\u013c cilindr\u0101, nodro\u0161inot sp\u0113ku abos virzienos. \u0160eit ir da\u017ei pielietojumi, kuros bie\u017ei tiek izmantoti divk\u0101r\u0161as darb\u012bbas hidrauliskie cilindri:<\/p>\n<h3>Celtniec\u012bbas apr\u012bkojums<\/h3>\n<p>Divk\u0101r\u0161as darb\u012bbas hidrauliskie cilindri tiek pla\u0161i izmantoti celtniec\u012bbas ma\u0161\u012bn\u0101s, piem\u0113ram, ekskavatoros, iekr\u0101v\u0113jos, buldozeros un celt\u0146os. Tie pal\u012bdz t\u0101dos uzdevumos k\u0101 cel\u0161ana, stum\u0161ana, rak\u0161ana un smagu kravu p\u0101rvieto\u0161ana, nodro\u0161inot \u0161\u012bm darb\u012bb\u0101m nepiecie\u0161amo sp\u0113ku.<\/p>\n<h3>R\u016bpniecisk\u0101s iek\u0101rtas<\/h3>\n<p>Hidrauliskie cilindri tiek izmantoti pla\u0161\u0101 r\u016bpniecisko iek\u0101rtu kl\u0101st\u0101. Tos izmanto pres\u0113s, met\u0101lapstr\u0101des iek\u0101rt\u0101s, materi\u0101lu apstr\u0101des sist\u0113m\u0101s un darbgaldos, lai nodro\u0161in\u0101tu kontrol\u0113tu sp\u0113ku liek\u0161anai, grie\u0161anai, caurumo\u0161anai, form\u0113\u0161anai un citiem ra\u017eo\u0161anas procesiem.<\/p>\n<h3>Lauksaimniec\u012bbas tehnika<\/h3>\n<p>Hidrauliskajiem cilindriem ir b\u016btiska loma lauksaimniec\u012bbas tehnik\u0101, piem\u0113ram, traktoros, kombainos un smidzin\u0101t\u0101jos. \u0160ie cilindri tiek izmantoti da\u017e\u0101d\u0101s funkcij\u0101s, tostarp sviru un agreg\u0101tu darbin\u0101\u0161an\u0101, darbar\u012bku vad\u012bb\u0101, apr\u012bkojuma augstuma un le\u0146\u0137a regul\u0113\u0161an\u0101 un st\u016br\u0113\u0161anas meh\u0101nismu atvieglo\u0161an\u0101.<\/p>\n<p><img decoding=\"async\" src=\"https:\/\/hzpt.com\/wp-content\/uploads\/2023\/11\/Inverted-Telescopic-Cylinder-Applications.webp\" alt=\"Apgrieztu teleskopisko cilindru pielietojumi\" title=\"\"><\/p>\n<h2>Darb\u012bbas princips un apkopes metodes<\/h2>\n<ul>\n<li>Regul\u0101ra p\u0101rbaude: Regul\u0101ras p\u0101rbaudes nodro\u0161ina cilindra pareizu darb\u012bbu un pal\u012bdz laikus atkl\u0101t jebk\u0101das potenci\u0101las probl\u0113mas.<\/li>\n<li>T\u012br\u012b\u0161ana: Regul\u0101ra t\u012br\u012b\u0161ana nov\u0113r\u0161 putek\u013cu un net\u012brumu uzkr\u0101\u0161anos, kas var ietekm\u0113t cilindra darb\u012bbu.<\/li>\n<li>E\u013c\u013co\u0161ana: Pareiza e\u013c\u013co\u0161ana veicina vienm\u0113r\u012bgu darb\u012bbu un samazina nodilumu.<\/li>\n<li>Regul\u0101ras p\u0101rbaudes un remonts: Regul\u0101ra apkope pal\u012bdz pagarin\u0101t cilindra kalpo\u0161anas laiku.<\/li>\n<li>Bl\u012bvju nomai\u0146a: Savlaic\u012bga bl\u012bvju nomai\u0146a pal\u012bdz nov\u0113rst nopl\u016bdes un uztur cilindra efektivit\u0101ti.<\/li>\n<\/ul>\n<p><img decoding=\"async\" src=\"https:\/\/hzpt.com\/wp-content\/uploads\/2023\/11\/Inverted-Telescopic-Cylinder-14.webp\" alt=\"\" title=\"\"><\/p>\n<h2>Apgriezts teleskopiskais cilindrs<\/h2>\n<h3>Ievads<\/h3>\n<p>Apgrieztais teleskopiskais cilindrs ir hidraulisk\u0101 cilindra veids, ko izmanto da\u017e\u0101dos r\u016bpnieciskos pielietojumos. Tas ir divk\u0101r\u0161as darb\u012bbas hidrauliskais cilindrs, kas paredz\u0113ts izmanto\u0161anai ierobe\u017eot\u0101s telp\u0101s. Cilindrs ir izgatavots no vair\u0101k\u0101m koncentrisk\u0101m caurul\u0113m, kas ir ievietotas viena otr\u0101. \u0100r\u0113j\u0101 caurule ir fiks\u0113ta, bet iek\u0161\u0113j\u0101 caurule p\u0101rvietojas \u0101r\u0113j\u0101 caurul\u0113 un \u0101r\u0101 no t\u0101s. Cilindru parasti izmanto mazos pa\u0161izg\u0101z\u0113jos, r\u016bpn\u012bcu iek\u0101rt\u0101s un cit\u0101s ma\u0161\u012bn\u0101s.<\/p>\n<h3>Apgriezt\u0101 teleskopisk\u0101 cilindra \u012bpa\u0161\u012bbas<\/h3>\n<p>Apgrieztais teleskopiskais cilindrs ir izstr\u0101d\u0101ts ar vair\u0101k\u0101m funkcij\u0101m, kas padara to ide\u0101li piem\u0113rotu lieto\u0161anai da\u017e\u0101dos r\u016bpnieciskos pielietojumos. Da\u017eas no \u0161\u012bm funkcij\u0101m ietver:<\/p>\n<ul>\n<li>Kompakts dizains, kas atvieglo uzst\u0101d\u012b\u0161anu \u0161aur\u0101s viet\u0101s<\/li>\n<li>Divk\u0101r\u0161as darb\u012bbas cilindrs, kas nodro\u0161ina vienm\u0113r\u012bgu un kontrol\u0113tu kust\u012bbu abos virzienos<\/li>\n<li>\u013boti iztur\u012bgs un notur\u012bgs pret nodilumu<\/li>\n<li>Efekt\u012bva hidraulisk\u0101 \u0161\u0137idruma izmanto\u0161ana, kas pal\u012bdz samazin\u0101t ekspluat\u0101cijas izmaksas<\/li>\n<li>Viegli uztur\u0113t un remont\u0113t, kas pal\u012bdz samazin\u0101t d\u012bkst\u0101ves laiku un remonta izmaksas<\/li>\n<\/ul>\n<h3>Apgriezt\u0101 teleskopisk\u0101 cilindra pielietojumi<\/h3>\n<p>Apgrieztais teleskopiskais cilindrs tiek pla\u0161i izmantots da\u017e\u0101dos r\u016bpnieciskos pielietojumos. Da\u017ei no visizplat\u012bt\u0101kajiem pielietojumiem ir \u0161\u0101di:<\/p>\n<ol>\n<li>Mazie pa\u0161izg\u0101z\u0113ji \u2014 cilindrs tiek izmantots, lai paceltu un nolaistu mazo pa\u0161izg\u0101z\u0113ju kravas kasti. Cilindra kompaktais dizains padara to ide\u0101li piem\u0113rotu izmanto\u0161anai \u0161\u0101da veida transportl\u012bdzek\u013cos.<\/li>\n<li>R\u016bpn\u012bcas iek\u0101rtas \u2014 cilindrs tiek izmantots da\u017e\u0101d\u0101s r\u016bpn\u012bcas iek\u0101rt\u0101s, piem\u0113ram, konveijeru sist\u0113m\u0101s, pacel\u0161anas galdos un iepako\u0161anas ma\u0161\u012bn\u0101s. Cilindra vienm\u0113r\u012bg\u0101 un kontrol\u0113t\u0101 kust\u012bba padara to ide\u0101li piem\u0113rotu izmanto\u0161anai \u0161ajos pielietojumos.<\/li>\n<li>B\u016bvniec\u012bbas tehnika\u00a0\u2014 cilindrs tiek izmantots da\u017e\u0101d\u0101s b\u016bvniec\u012bbas tehnik\u0101, piem\u0113ram, ekskavatoros, ekskavatoros un celt\u0146os. Cilindra iztur\u012bba un nodilumiztur\u012bba padara to ide\u0101li piem\u0113rotu izmanto\u0161anai \u0161ajos pielietojumos.<\/li>\n<li>Materi\u0101lu apstr\u0101des iek\u0101rtas \u2014 cilindrs tiek izmantots da\u017e\u0101d\u0101s materi\u0101lu apstr\u0101des iek\u0101rt\u0101s, piem\u0113ram, iekr\u0101v\u0113jos, pale\u0161u domkratos un \u0161\u0137\u0113rveida pac\u0113l\u0101jos. Cilindra efekt\u012bv\u0101 hidraulisk\u0101 \u0161\u0137idruma izmanto\u0161ana padara to ide\u0101li piem\u0113rotu izmanto\u0161anai \u0161ajos pielietojumos.<\/li>\n<\/ol>\n<p>Apgrieztais teleskopiskais cilindrs ir \u013coti daudzpus\u012bgs un efekt\u012bvs hidrauliskais cilindrs, ko izmanto da\u017e\u0101dos r\u016bpnieciskos pielietojumos. T\u0101 kompaktais dizains, divk\u0101r\u0161\u0101s darb\u012bbas cilindrs, iztur\u012bba un efekt\u012bva hidraulisk\u0101 \u0161\u0137idruma izmanto\u0161ana padara to ide\u0101li piem\u0113rotu izmanto\u0161anai mazos pa\u0161izg\u0101z\u0113jos, r\u016bpn\u012bcas iek\u0101rt\u0101s, celtniec\u012bbas iek\u0101rt\u0101s un materi\u0101lu apstr\u0101des iek\u0101rt\u0101s. Ja mekl\u0113jat uzticamu un efekt\u012bvu hidraulisko cilindru savam r\u016bpnieciskajam pielietojumam, apgrieztais teleskopiskais cilindrs ir lieliska izv\u0113le. Ar t\u0101 uzlabotaj\u0101m funkcij\u0101m un augsto veiktsp\u0113ju tas noteikti atbild\u012bs j\u016bsu \u012bpa\u0161aj\u0101m vajadz\u012bb\u0101m un pras\u012bb\u0101m.<\/p>\n<h3>Par FMP<\/h3>\n<p><img decoding=\"async\" src=\"https:\/\/fmp-components.com\/wp-content\/uploads\/2024\/12\/Adjustable-Clevis-Type-Cylinders-6.webp\" alt=\"Regul\u0113jams skavu tipa cilindrs\" width=\"808\" title=\"\"><\/p>\n<p>FMP ir vado\u0161ais uz\u0146\u0113mums, kas specializ\u0113jas hidraulisko cilindru ra\u017eo\u0161an\u0101 un p\u0101rdo\u0161an\u0101. Pateicoties m\u016bsu daudzu gadu pieredzei nozar\u0113 un profesion\u0101lajai komandai, m\u0113s esam ap\u0146\u0113mu\u0161ies nodro\u0161in\u0101t m\u016bsu klientus ar augstas kvalit\u0101tes un uzticamiem hidrauliskajiem cilindriem da\u017e\u0101diem pielietojumiem b\u016bvniec\u012bbas tehnikas nozar\u0113.<\/p>\n<p>1. Pla\u0161s produktu kl\u0101sts: M\u0113s pied\u0101v\u0101jam pla\u0161u hidraulisko cilindru kl\u0101stu, tostarp regul\u0113jamus skavu tipa cilindrus, teleskopiskos cilindrus, metin\u0101tus cilindrus, st\u016bres stie\u0146u cilindrus un citus. Lai k\u0101das b\u016btu j\u016bsu \u012bpa\u0161\u0101s vajadz\u012bbas, mums ir piem\u0113rots hidraulisko cilindru risin\u0101jums tie\u0161i jums.<\/p>\n<p>2. Izcila kvalit\u0101te: FMP m\u0113s pie\u0161\u0137iram priorit\u0101ti kvalit\u0101tei un nodro\u0161in\u0101m, lai visi m\u016bsu hidrauliskie cilindri atbilstu stingriem kvalit\u0101tes standartiem. M\u0113s esam izveidoju\u0161i ilgtermi\u0146a un stabilas attiec\u012bbas ar augstas kvalit\u0101tes pieg\u0101d\u0101t\u0101jiem gan viet\u0113j\u0101, gan starptautisk\u0101 m\u0113rog\u0101, lai garant\u0113tu m\u016bsu produktu iztur\u012bbu un veiktsp\u0113ju.<\/p>\n<p>3. Pieredz\u0113jusi p\u0101rdo\u0161anas komanda: m\u016bsu pieredz\u0113ju\u0161\u0101 un prasm\u012bg\u0101 p\u0101rdo\u0161anas komanda labi p\u0101rzina jaun\u0101k\u0101s nozares tendences un klientu vajadz\u012bbas. Vi\u0146i ir gatavi sniegt profesion\u0101las konsult\u0101cijas par produktiem un pied\u0101v\u0101t p\u0101rdom\u0101tus pirk\u0161anas ieteikumus, nodro\u0161inot, ka j\u016bs izdar\u0101t vislab\u0101ko izv\u0113li atbilsto\u0161i sav\u0101m celtniec\u012bbas tehnikas pras\u012bb\u0101m.<\/p>\n<p>4. Efekt\u012bva lo\u0123istikas izplat\u012b\u0161ana: M\u0113s saprotam savlaic\u012bgas pieg\u0101des noz\u012bmi. Ar m\u016bsu efekt\u012bvo lo\u0123istikas izplat\u012b\u0161anas sist\u0113mu m\u0113s nodro\u0161in\u0101m, ka klienti savlaic\u012bgi un prec\u012bzi sa\u0146em nepiecie\u0161amos hidrauliskos cilindrus. J\u016bs varat pa\u013cauties uz mums, lai sa\u0146emtu \u0101tru un uzticamu pakalpojumu.<\/p>\n<p>5. Piel\u0101gojami risin\u0101jumi: M\u0113s saprotam, ka katrs celtniec\u012bbas tehnikas projekts ir unik\u0101ls. T\u0101p\u0113c m\u0113s pied\u0101v\u0101jam piel\u0101gojamus hidraulisko cilindru risin\u0101jumus, lai atbilstu j\u016bsu \u012bpa\u0161aj\u0101m pras\u012bb\u0101m. Neatkar\u012bgi no t\u0101, vai jums ir nepiecie\u0161ams cilindrs ar noteiktu g\u0101jiena garumu, mont\u0101\u017eas veidu vai jebkuru citu piel\u0101gojumu, m\u0113s varam nodro\u0161in\u0101t jums piel\u0101gotus risin\u0101jumus.<\/p>\n<p>Sadarb\u012bba ar FMP noz\u012bm\u0113 piek\u013cuvi augstas kvalit\u0101tes hidrauliskajiem cilindriem, zino\u0161ai p\u0101rdo\u0161anas komandai, efekt\u012bvai lo\u0123istikai un piel\u0101gojamiem risin\u0101jumiem. Uzticieties mums, lai pieg\u0101d\u0101tu uzticamus un iztur\u012bgus hidrauliskos cilindrus, kas nepiecie\u0161ami j\u016bsu celtniec\u012bbas tehnikas projektiem.<br \/>\nAutors: CX<\/p>","protected":false},"excerpt":{"rendered":"<p>Introducing the Factory Serving Small Dump Truck Double Acting Hydraulic Cylinder The Factory Serving Small Dump Truck Double Acting Hydraulic Cylinder is a high-quality and versatile component designed specifically for small dump trucks. With its advanced features and reliable performance, this hydraulic cylinder is an essential part of any dump truck system. One of the [&hellip;]<\/p>","protected":false},"featured_media":1614,"comment_status":"closed","ping_status":"closed","template":"","meta":{"_et_pb_use_builder":"","_et_pb_old_content":"","_et_gb_content_width":""},"product_brand":[],"product_cat":[45],"product_tag":[34,48],"class_list":{"0":"post-1613","1":"product","2":"type-product","3":"status-publish","4":"has-post-thumbnail","6":"product_cat-inverted-telescopic-cylinder","7":"product_tag-hydraulic-cylinder","8":"product_tag-inverted-telescopic-cylinder","10":"first","11":"instock","12":"product-type-simple"},"_links":{"self":[{"href":"https:\/\/fmp-components.com\/lv\/wp-json\/wp\/v2\/product\/1613","targetHints":{"allow":["GET"]}}],"collection":[{"href":"https:\/\/fmp-components.com\/lv\/wp-json\/wp\/v2\/product"}],"about":[{"href":"https:\/\/fmp-components.com\/lv\/wp-json\/wp\/v2\/types\/product"}],"replies":[{"embeddable":true,"href":"https:\/\/fmp-components.com\/lv\/wp-json\/wp\/v2\/comments?post=1613"}],"wp:featuredmedia":[{"embeddable":true,"href":"https:\/\/fmp-components.com\/lv\/wp-json\/wp\/v2\/media\/1614"}],"wp:attachment":[{"href":"https:\/\/fmp-components.com\/lv\/wp-json\/wp\/v2\/media?parent=1613"}],"wp:term":[{"taxonomy":"product_brand","embeddable":true,"href":"https:\/\/fmp-components.com\/lv\/wp-json\/wp\/v2\/product_brand?post=1613"},{"taxonomy":"product_cat","embeddable":true,"href":"https:\/\/fmp-components.com\/lv\/wp-json\/wp\/v2\/product_cat?post=1613"},{"taxonomy":"product_tag","embeddable":true,"href":"https:\/\/fmp-components.com\/lv\/wp-json\/wp\/v2\/product_tag?post=1613"}],"curies":[{"name":"wp","href":"https:\/\/api.w.org\/{rel}","templated":true}]}}