{"id":1609,"date":"2024-12-23T06:59:20","date_gmt":"2024-12-23T06:59:20","guid":{"rendered":"https:\/\/fmp-components.com\/product\/factory-direct-sale-2-stage-hydraulic-cylinder-dump-truck-hydraulic-hoist-cylinder\/"},"modified":"2024-12-23T08:27:51","modified_gmt":"2024-12-23T08:27:51","slug":"factory-direct-sale-2-stage-hydraulic-cylinder-dump-truck-hydraulic-hoist-cylinder","status":"publish","type":"product","link":"https:\/\/fmp-components.com\/lv\/product\/factory-direct-sale-2-stage-hydraulic-cylinder-dump-truck-hydraulic-hoist-cylinder\/","title":{"rendered":"R\u016bpn\u012bcas tie\u0161\u0101 p\u0101rdo\u0161ana 2 pak\u0101pju hidraulisk\u0101 cilindra pa\u0161izg\u0101z\u0113ja hidrauliskais pac\u0113l\u0101ja cilindrs"},"content":{"rendered":"<p>R\u016bpn\u012bcas tie\u0161\u0101s p\u0101rdo\u0161anas divpak\u0101pju hidrauliskais cilindrs pa\u0161izg\u0101z\u0113jam Hidrauliskais pac\u0113l\u0101ja cilindrs ir augstas kvalit\u0101tes hidrauliskais cilindrs, kas \u012bpa\u0161i paredz\u0113ts pa\u0161izg\u0101z\u0113jiem. Tas ir ra\u017eots, izmantojot progres\u012bvas tehnolo\u0123ijas un augst\u0101k\u0101s kvalit\u0101tes materi\u0101lus, lai nodro\u0161in\u0101tu iztur\u012bbu un veiktsp\u0113ju.<\/p>\n<p>\u0160im hidrauliskajam cilindram ir divpak\u0101pju konstrukcija, kas nodro\u0161ina efekt\u012bvu un vienm\u0113r\u012bgu pa\u0161izg\u0101z\u0113ja kravas kastes pacel\u0161anu un nolai\u0161anu. Tas ir apr\u012bkots ar jaud\u012bgu hidraulisko sist\u0113mu, kas nodro\u0161ina prec\u012bzu vad\u012bbu un stabilit\u0101ti darb\u012bbas laik\u0101.<\/p>\n<p>R\u016bpn\u012bcas tie\u0161\u0101s p\u0101rdo\u0161anas divpak\u0101pju hidrauliskais cilindrs ir izstr\u0101d\u0101ts, lai iztur\u0113tu lielas slodzes un skarbus darba apst\u0101k\u013cus. T\u0101 iztur\u012bg\u0101 konstrukcija un izcil\u0101s bl\u012bv\u0113\u0161anas sp\u0113jas nodro\u0161ina minim\u0101lu nopl\u016bdi un maksim\u0101lu efektivit\u0101ti. \u0160is cilindrs ir ar\u012b izstr\u0101d\u0101ts, lai samazin\u0101tu berzi un nodilumu, nodro\u0161inot ilg\u0101ku kalpo\u0161anas laiku.<\/p>\n<p>Ar savu uzticamo veiktsp\u0113ju un izcilo funkcionalit\u0101ti \u0161is hidrauliskais cilindrs ir lieliska izv\u0113le pa\u0161izg\u0101z\u0113ju \u012bpa\u0161niekiem un operatoriem. Tas pal\u012bdz uzlabot produktivit\u0101ti un efektivit\u0101ti, padarot izg\u0101\u0161anas procesu \u0101tr\u0101ku un \u0113rt\u0101ku.<\/p>\n<table style=\"width: 100%;\" border=\"1\" width=\"100%\" cellspacing=\"0\" cellpadding=\"0\">\n<tbody>\n<tr>\n<th>Produkta nosaukums<\/th>\n<td>R\u016bpn\u012bcas tie\u0161\u0101 p\u0101rdo\u0161ana 2 pak\u0101pju hidraulisk\u0101 cilindra pa\u0161izg\u0101z\u0113ja hidrauliskais pac\u0113l\u0101ja cilindrs<\/td>\n<\/tr>\n<tr>\n<th>St\u0101voklis<\/th>\n<td>Jauns<\/td>\n<\/tr>\n<tr>\n<th>Garantija<\/th>\n<td>1 gads<\/td>\n<\/tr>\n<tr>\n<th>Svars (kg)<\/th>\n<td>48<\/td>\n<\/tr>\n<tr>\n<th>Dizains<\/th>\n<td>2 pak\u0101pju hidrauliskais cilindrs<\/td>\n<\/tr>\n<tr>\n<th>Veiktsp\u0113ja<\/th>\n<td>Izcila iztur\u012bba un efektivit\u0101te<\/td>\n<\/tr>\n<tr>\n<th>P\u0101rbaude<\/th>\n<td>Stingra izejo\u0161\u0101 p\u0101rbaude<\/td>\n<\/tr>\n<tr>\n<th>Sertifik\u0101cija<\/th>\n<td>ISO9001:2000<\/td>\n<\/tr>\n<tr>\n<th>Piem\u0113rojam\u0101s nozares<\/th>\n<td>Ra\u017eo\u0161anas r\u016bpn\u012bcas, Ma\u0161\u012bnu remonta darbn\u012bcas, Lauksaimniec\u012bbas saimniec\u012bbas, Ener\u0123\u0113tika un ieguves r\u016bpniec\u012bba, Ma\u0161\u012bnu ra\u017eo\u0161ana<\/td>\n<\/tr>\n<\/tbody>\n<\/table>\n<p><img decoding=\"async\" src=\"https:\/\/hzpt.com\/wp-content\/uploads\/2023\/11\/Inverted-Telescopic-Cylinder-17.webp\" alt=\"\" title=\"\"><\/p>\n<h2>Hidraulisk\u0101 pac\u0113l\u0101ja cilindra \u012bpa\u0161\u012bbas<\/h2>\n<ul>\n<li><b>Standarta strukt\u016bra:<\/b> \u0160is produkts ir standartiz\u0113ts ar virzu\u013ccilindra strukt\u016bru, lai nodro\u0161in\u0101tu izcilu veiktsp\u0113ju.<\/li>\n<li><b>Hidraulisk\u0101 jauda:<\/b> Tas darbojas ar hidraulisko sp\u0113ku un ir izgatavots no iztur\u012bga t\u0113rauda materi\u0101la iztur\u012bbai.<\/li>\n<li><b>Maksim\u0101l\u0101 vilce un vilkme:<\/b> T\u0101 maksim\u0101l\u0101 vilces jauda ir 3000 zirgsp\u0113ki, bet vilkmes sp\u0113ks \u2014 l\u012bdz 20 tonn\u0101m.<\/li>\n<li><b>Tips un izm\u0113rs:<\/b> Hidrauliskais pac\u0113l\u0101ja cilindrs ir apgriezta teleskopiska tipa ar urbuma izm\u0113riem no 2 l\u012bdz 6 coll\u0101m, stie\u0146a izm\u0113riem no 1,125 l\u012bdz 4 coll\u0101m, g\u0101jiena izm\u0113riem no 6 l\u012bdz 48 coll\u0101m un tapu izm\u0113riem no 0,5 l\u012bdz 2 coll\u0101m.<\/li>\n<li><b>Kr\u0101sa:<\/b> Tas ir pieejams standarta meln\u0101 kr\u0101s\u0101, pie\u0161\u0137irot j\u016bsu tehnikai elegantu un profesion\u0101lu izskatu.<\/li>\n<\/ul>\n<h2>Hidraulisk\u0101 pac\u0113l\u0101ja cilindra pielietojums<\/h2>\n<p><img decoding=\"async\" src=\"https:\/\/hzpt.com\/wp-content\/uploads\/2023\/11\/Inverted-Telescopic-Cylinder-Applications.webp\" alt=\"Hidraulisk\u0101 pac\u0113l\u0101ja cilindra pielietojums\" title=\"\"><\/p>\n<p>Hidrauliskais pacel\u0161anas cilindrs ir daudzpus\u012bgs un tiek izmantots daudz\u0101s nozar\u0113s. To pla\u0161i izmanto ra\u017eo\u0161anas r\u016bpn\u012bc\u0101s, ma\u0161\u012bnb\u016bves remonta darbn\u012bc\u0101s, lauksaimniec\u012bbas saimniec\u012bb\u0101s, k\u0101 ar\u012b ener\u0123\u0113tikas un kalnr\u016bpniec\u012bbas nozar\u0113s. Tas ir nenov\u0113rt\u0113jams komponents ma\u0161\u012bnb\u016bves ra\u017eo\u0161an\u0101, kam ir iz\u0161\u0137iro\u0161a noz\u012bme pa\u0161izg\u0101z\u0113ju un pacel\u0161anas iek\u0101rtu darb\u012bb\u0101.<\/p>\n<h2>Hidraulisk\u0101 pac\u0113l\u0101ja cilindra darb\u012bbas princips un apkope<\/h2>\n<ul>\n<li><b>Darb\u012bbas princips:<\/b> Hidrauliskais pac\u0113l\u0101ja cilindrs darbojas p\u0113c \u0161\u0137idrumu meh\u0101nikas principa, kur vien\u0101 punkt\u0101 pieliktais spiediens tiek p\u0101rnests uz citu punktu, izmantojot nesaspie\u017eamu \u0161\u0137idrumu, parasti e\u013c\u013cu.<\/li>\n<li><b>Regul\u0101ra p\u0101rbaude:<\/b> Regul\u0101ras p\u0101rbaudes ir \u013coti svar\u012bgas, lai uztur\u0113tu optim\u0101lu hidraulisk\u0101 pac\u0113l\u0101ja cilindra darb\u012bbu. Tas ietver jebk\u0101du nopl\u016b\u017eu vai boj\u0101jumu p\u0101rbaudi.<\/li>\n<li><b>T\u012br\u012b\u0161ana:<\/b> Cilindra t\u012br\u012bba nodro\u0161ina t\u0101 vienm\u0113r\u012bgu darb\u012bbu un palielina t\u0101 kalpo\u0161anas laiku.<\/li>\n<li><b>E\u013c\u013co\u0161ana:<\/b> Regul\u0101ra e\u013c\u013co\u0161ana ir nepiecie\u0161ama, lai samazin\u0101tu berzi un nov\u0113rstu kust\u012bgo da\u013cu nodilumu.<\/li>\n<li><b>Bl\u012bv\u0113juma nomai\u0146a:<\/b> Laika gait\u0101 cilindra bl\u012bves var nolietoties un t\u0101s ir j\u0101nomaina, lai nov\u0113rstu nopl\u016bdes un saglab\u0101tu efektivit\u0101ti.<\/li>\n<\/ul>\n<p><img decoding=\"async\" src=\"https:\/\/hzpt.com\/wp-content\/uploads\/2023\/11\/Inverted-Telescopic-Cylinder-16.webp\" alt=\"\" title=\"\"><\/p>\n<h2>Apgriezts teleskopiskais cilindrs<\/h2>\n<p>Hidrauliskais cilindrs ir b\u016btiska sast\u0101vda\u013ca da\u017e\u0101dos r\u016bpnieciskos pielietojumos, kas nodro\u0161ina line\u0101ru sp\u0113ku un kust\u012bbu. Viens no hidraulisko cilindru veidiem, kas ir ieguvis iev\u0113rojamu popularit\u0101ti, ir apgrieztais teleskopiskais cilindrs. \u0160aj\u0101 rakst\u0101 m\u0113s iedzi\u013cin\u0101simies apgriezt\u0101 teleskopisk\u0101 cilindra deta\u013c\u0101s, t\u0101 konstrukcij\u0101, darb\u012bbas princip\u0101 un pielietojum\u0101.<\/p>\n<h3>B\u016bvniec\u012bba<\/h3>\n<p>Apgrieztais teleskopiskais cilindrs, kas paz\u012bstams ar\u012b k\u0101 divk\u0101r\u0161as darb\u012bbas teleskopiskais cilindrs, sast\u0101v no vair\u0101kiem posmiem vai sekcij\u0101m, kas izstiepjas un ievelkas viena otr\u0101. Cilindrs parasti sast\u0101v no pamatnes vai \u0101r\u0113j\u0101s caurules, kur\u0101 atrodas iek\u0161\u0113j\u0101s pak\u0101pes. Katra pak\u0101pe ir apr\u012bkota ar virzu\u013ca un stie\u0146a mezglu, kas \u013cauj cilindru izstiept un ievilkt.<\/p>\n<p>Vair\u0101ku pak\u0101pju izmanto\u0161ana nodro\u0161ina apgrieztajam teleskopiskajam cilindram kompaktu dizainu, padarot to piem\u0113rotu lietojumiem ar ierobe\u017eotu vietu. Turkl\u0101t daudzpak\u0101pju konstrukcija nodro\u0161ina liel\u0101ku g\u0101jiena garumu, vienlaikus saglab\u0101jot relat\u012bvi \u012bsu ievilktu garumu.<\/p>\n<h3>Darb\u012bbas princips<\/h3>\n<p>Apgriezt\u0101 teleskopisk\u0101 cilindra darb\u012bbas princips ir balst\u012bts uz hidraulisko spiedienu, kas rada line\u0101ru kust\u012bbu. Kad cilindram tiek pieg\u0101d\u0101ts hidrauliskais \u0161\u0137idrums, tas non\u0101k pamatcaurul\u0113 un iedarbojas uz iek\u0161\u0113jo pak\u0101pju virzu\u013ciem. \u0160is spiediens izraisa pak\u0101pju izstiep\u0161anos uz \u0101ru, t\u0101d\u0113j\u0101di pagarinot cilindra kop\u0113jo garumu.<\/p>\n<p>Un otr\u0101di, kad hidrauliskais \u0161\u0137idrums tiek virz\u012bts uz virzu\u013cu pret\u0113jo pusi, tas rada sp\u0113ku, kas ievelk pak\u0101pes atpaka\u013c pamatcaurul\u0113. \u0160\u012b ievilk\u0161ana \u013cauj cilindram atgriezties s\u0101kotn\u0113j\u0101, \u012bs\u0101k\u0101 garum\u0101. Apgriezt\u0101 teleskopisk\u0101 cilindra divk\u0101r\u0161\u0101s darb\u012bbas daba \u013cauj tam veikt gan pagarin\u0101\u0161anas, gan ievilk\u0161anas kust\u012bbas ar vien\u0101du efektivit\u0101ti.<\/p>\n<h3>Pieteikumi<\/h3>\n<p>Apgrieztais teleskopiskais cilindrs tiek pla\u0161i izmantots da\u017e\u0101d\u0101s nozar\u0113s, pateicoties t\u0101 unik\u0101lajam dizainam un funkcionalit\u0101tei. Viens no t\u0101 galvenajiem pielietojumiem ir pa\u0161izg\u0101z\u0113ji un piekabes. Cilindrs tiek izmantots hidrauliskaj\u0101 pac\u0113l\u0101ja sist\u0113m\u0101, lai paceltu un nolaistu kravas automa\u0161\u012bnas kravas kasti, \u013caujot viegli iekraut un izkraut materi\u0101lus.<\/p>\n<p>Turkl\u0101t apgrieztais teleskopiskais cilindrs tiek izmantots r\u016bpn\u012bcas tie\u0161\u0101s p\u0101rdo\u0161anas divpak\u0101pju hidrauliskajos cilindros, kurus parasti izmanto smagaj\u0101s ma\u0161\u012bn\u0101s un iek\u0101rt\u0101s. \u0160ie cilindri nodro\u0161ina uzticamas un jaud\u012bgas cel\u0161anas sp\u0113jas, padarot tos par b\u016btiskiem b\u016bvniec\u012bb\u0101, ieguves r\u016bpniec\u012bb\u0101, lauksaimniec\u012bb\u0101 un cit\u0101s l\u012bdz\u012bg\u0101s nozar\u0113s.<\/p>\n<p>Turkl\u0101t apgrieztais teleskopiskais cilindrs tiek izmantots hidrauliskaj\u0101s pres\u0113s, kur tas nodro\u0161ina nepiecie\u0161amo sp\u0113ku pres\u0113\u0161anas, caurumo\u0161anas un form\u0113\u0161anas darb\u012bb\u0101m. T\u0101 kompaktais dizains un augst\u0101 nestsp\u0113ja padara to par ide\u0101lu izv\u0113li \u0161iem lietojumiem.<\/p>\n<p>Nosl\u0113gum\u0101 j\u0101saka, ka apgrieztais teleskopiskais cilindrs ir daudzpus\u012bga hidrauliska sast\u0101vda\u013ca, kas pied\u0101v\u0101 kompaktumu, efektivit\u0101ti un uzticam\u012bbu. T\u0101 daudzpak\u0101pju konstrukcija un divk\u0101r\u0161\u0101s darb\u012bbas funkcionalit\u0101te padara to piem\u0113rotu pla\u0161am pielietojumu kl\u0101stam, tostarp pa\u0161izg\u0101z\u0113jiem, smagaj\u0101m ma\u0161\u012bn\u0101m un hidrauliskaj\u0101m pres\u0113m. Izprotot apgriezt\u0101 teleskopisk\u0101 cilindra konstrukciju, darb\u012bbas principu un pielietojumu, var nov\u0113rt\u0113t t\u0101 noz\u012bm\u012bgo lomu da\u017e\u0101d\u0101s nozar\u0113s.<\/p>\n<h3>Par FMP \u2013 j\u016bsu risin\u0101jums augstas kvalit\u0101tes hidrauliskajiem cilindriem<\/h3>\n<p>Mekl\u0113jat uzticamus un augstas kvalit\u0101tes hidrauliskos cilindrus, kas sp\u0113j iztur\u0113t pat vissare\u017e\u0123\u012bt\u0101k\u0101s darba vietas? FMP ir \u012bst\u0101 izv\u0113le! K\u0101 vado\u0161ais celtniec\u012bbas tehnikas deta\u013cu un nokomplekt\u0113tu iek\u0101rtu p\u0101rdo\u0161anas un servisa sniedz\u0113js, m\u0113s specializ\u0113jamies augst\u0101k\u0101s klases hidraulisko cilindru ra\u017eo\u0161an\u0101 vis\u0101m j\u016bsu celtniec\u012bbas vajadz\u012bb\u0101m.<\/p>\n<p>\u0160eit ir tikai da\u017ei iemesli, k\u0101p\u0113c jums vajadz\u0113tu izv\u0113l\u0113ties FMP hidraulisko cilindru vajadz\u012bb\u0101m:<\/p>\n<p>1. <strong>Nep\u0101rsp\u0113jama kvalit\u0101te:<\/strong> FMP m\u0113s nopietni uztveram kvalit\u0101ti. M\u0113s ieg\u016bstam materi\u0101lus tikai no viscien\u012bjam\u0101kajiem pieg\u0101d\u0101t\u0101jiem un nodro\u0161in\u0101m, ka katrs cilindrs, kas atst\u0101j m\u016bsu noliktavu, atbilst m\u016bsu stingrajiem kvalit\u0101tes standartiem.<\/p>\n<p>2. <strong>Pla\u0161s produktu kl\u0101sts:<\/strong> M\u016bsu produktu kl\u0101sts ir pla\u0161s un daudzveid\u012bgs, tostarp regul\u0113jami skavu tipa cilindri, vienk\u0101r\u0161\u0101s darb\u012bbas cilindri, teleskopiskie cilindri un daudz kas cits. Lai k\u0101das b\u016btu j\u016bsu \u012bpa\u0161\u0101s vajadz\u012bbas, mums ir hidrauliskais cilindrs, kas paveiks darbu.<\/p>\n<p>3. <strong>Profesion\u0101l\u0101 komanda:<\/strong> M\u016bsu ekspertu komandai ir liela pieredze celtniec\u012bbas tehnikas nozar\u0113 un t\u0101 var pied\u0101v\u0101t piel\u0101gotas produktu konsult\u0101cijas un pirk\u0161anas ieteikumus, lai nodro\u0161in\u0101tu, ka j\u016bs ieg\u016bstat savam projektam piem\u0113rot\u0101ko hidraulisko cilindru.<\/p>\n<p>4. <strong>Efekt\u012bva lo\u0123istika:<\/strong> M\u0113s saprotam, ka b\u016bvniec\u012bbas nozar\u0113 laiks ir nauda. T\u0101p\u0113c mums ir efekt\u012bva lo\u0123istikas izplat\u012b\u0161anas sist\u0113ma, lai nodro\u0161in\u0101tu, ka j\u016bs hidrauliskos cilindrus sa\u0146emat savlaic\u012bgi un prec\u012bzi.<\/p>\n<p>5. <strong>Konkur\u0113tsp\u0113j\u012bgas cenas:<\/strong> Uz\u0146\u0113mum\u0101 FMP m\u0113s uzskat\u0101m, ka kvalit\u0101tei nevajadz\u0113tu b\u016bt zem\u0101kai v\u0113rt\u012bbai. M\u0113s pied\u0101v\u0101jam konkur\u0113tsp\u0113j\u012bgas cenas visiem m\u016bsu hidrauliskajiem cilindriem, neapdraudot kvalit\u0101ti vai uzticam\u012bbu.<\/p>\n<p>T\u0101tad, neatkar\u012bgi no t\u0101, vai mekl\u0113jat regul\u0113jamus skavu tipa cilindrus vai jebkurus citus hidrauliskos cilindrus sav\u0101m b\u016bvniec\u012bbas vajadz\u012bb\u0101m, uzticieties FMP, lai nodro\u0161in\u0101tu lab\u0101kos produktus un pakalpojumus nozar\u0113. Sazinieties ar mums jau \u0161odien, lai uzzin\u0101tu vair\u0101k un s\u0101ktu darbu!<\/p>\n<p><img decoding=\"async\" src=\"https:\/\/fmp-components.com\/wp-content\/uploads\/2024\/12\/Adjustable-Clevis-Type-Cylinders-6.webp\" alt=\"Regul\u0113jams skavu tipa cilindrs\" width=\"806\" title=\"\"><br \/>\nAutors: CX<\/p>","protected":false},"excerpt":{"rendered":"<p>Factory Direct Sale 2 Stage Hydraulic Cylinder Dump Truck Hydraulic Hoist Cylinder is a high-quality hydraulic cylinder designed specifically for dump trucks. It is manufactured using advanced technology and top-grade materials to ensure durability and performance. This hydraulic cylinder features a two-stage design, allowing for efficient and smooth lifting and lowering of the dump truck [&hellip;]<\/p>","protected":false},"featured_media":1610,"comment_status":"closed","ping_status":"closed","template":"","meta":{"_et_pb_use_builder":"","_et_pb_old_content":"","_et_gb_content_width":""},"product_brand":[],"product_cat":[45],"product_tag":[34,48],"class_list":{"0":"post-1609","1":"product","2":"type-product","3":"status-publish","4":"has-post-thumbnail","6":"product_cat-inverted-telescopic-cylinder","7":"product_tag-hydraulic-cylinder","8":"product_tag-inverted-telescopic-cylinder","10":"first","11":"instock","12":"product-type-simple"},"_links":{"self":[{"href":"https:\/\/fmp-components.com\/lv\/wp-json\/wp\/v2\/product\/1609","targetHints":{"allow":["GET"]}}],"collection":[{"href":"https:\/\/fmp-components.com\/lv\/wp-json\/wp\/v2\/product"}],"about":[{"href":"https:\/\/fmp-components.com\/lv\/wp-json\/wp\/v2\/types\/product"}],"replies":[{"embeddable":true,"href":"https:\/\/fmp-components.com\/lv\/wp-json\/wp\/v2\/comments?post=1609"}],"wp:featuredmedia":[{"embeddable":true,"href":"https:\/\/fmp-components.com\/lv\/wp-json\/wp\/v2\/media\/1610"}],"wp:attachment":[{"href":"https:\/\/fmp-components.com\/lv\/wp-json\/wp\/v2\/media?parent=1609"}],"wp:term":[{"taxonomy":"product_brand","embeddable":true,"href":"https:\/\/fmp-components.com\/lv\/wp-json\/wp\/v2\/product_brand?post=1609"},{"taxonomy":"product_cat","embeddable":true,"href":"https:\/\/fmp-components.com\/lv\/wp-json\/wp\/v2\/product_cat?post=1609"},{"taxonomy":"product_tag","embeddable":true,"href":"https:\/\/fmp-components.com\/lv\/wp-json\/wp\/v2\/product_tag?post=1609"}],"curies":[{"name":"wp","href":"https:\/\/api.w.org\/{rel}","templated":true}]}}