{"id":1607,"date":"2024-12-23T06:59:20","date_gmt":"2024-12-23T06:59:20","guid":{"rendered":"https:\/\/fmp-components.com\/product\/guaranteed-quality-hydraulic-cylinder-double-acting-small-dump-truck-hydraulic-cylinder\/"},"modified":"2024-12-23T08:37:08","modified_gmt":"2024-12-23T08:37:08","slug":"guaranteed-quality-hydraulic-cylinder-double-acting-small-dump-truck-hydraulic-cylinder","status":"publish","type":"product","link":"https:\/\/fmp-components.com\/lv\/product\/guaranteed-quality-hydraulic-cylinder-double-acting-small-dump-truck-hydraulic-cylinder\/","title":{"rendered":"Garant\u0113tas kvalit\u0101tes hidrauliskais cilindrs ar divk\u0101r\u0161u darb\u012bbu maza pa\u0161izg\u0101z\u0113ja hidrauliskais cilindrs"},"content":{"rendered":"<h2>Iepaz\u012bstin\u0101m ar garant\u0113tas kvalit\u0101tes hidraulisko cilindru, divk\u0101r\u0161as darb\u012bbas mazo pa\u0161izg\u0101z\u0113ju hidraulisko cilindru:<\/h2>\n<p>Garant\u0113tas kvalit\u0101tes hidrauliskais cilindrs ar divk\u0101r\u0161u darb\u012bbu maziem pa\u0161izg\u0101z\u0113jiem ir augstas kvalit\u0101tes produkts, kas \u012bpa\u0161i izstr\u0101d\u0101ts pa\u0161izg\u0101z\u0113jiem. Ar savu divk\u0101r\u0161\u0101s darb\u012bbas funkcionalit\u0101ti \u0161is hidrauliskais cilindrs pied\u0101v\u0101 izcilu veiktsp\u0113ju un uzticam\u012bbu.<\/p>\n<p>\u0160is hidrauliskais cilindrs ir izgatavots no augst\u0101k\u0101s kvalit\u0101tes materi\u0101liem, kas nodro\u0161ina t\u0101 iztur\u012bbu un ilgm\u016b\u017e\u012bbu. Tas ir izstr\u0101d\u0101ts, lai iztur\u0113tu lielas slodzes un skarbus darba apst\u0101k\u013cus, padarot to ide\u0101li piem\u0113rotu lieto\u0161anai mazos pa\u0161izg\u0101z\u0113jos.<\/p>\n<p>Garant\u0113tas kvalit\u0101tes hidraulisk\u0101 cilindra divk\u0101r\u0161as darb\u012bbas maza izm\u0113ra pa\u0161izg\u0101z\u0113ja hidrauliskais cilindrs ir izstr\u0101d\u0101ts, lai nodro\u0161in\u0101tu optim\u0101lu veiktsp\u0113ju. Tas nodro\u0161ina vienm\u0113r\u012bgas un efekt\u012bvas kust\u012bbas, \u013caujot prec\u012bzi kontrol\u0113t izg\u0101\u0161anas procesu. \u0160is cilindrs nodro\u0161ina uzticamu un vienm\u0113r\u012bgu darb\u012bbu, samazinot d\u012bkst\u0101ves risku un palielinot produktivit\u0101ti.<\/p>\n<p>Ar garant\u0113tu kvalit\u0101ti \u0161is hidrauliskais cilindrs sniedz lietot\u0101jiem sirdsmieru. Tas tiek stingri p\u0101rbaud\u012bts un tiek veiktas kvalit\u0101tes kontroles darb\u012bbas, lai nodro\u0161in\u0101tu atbilst\u012bbu augst\u0101kajiem nozares standartiem. T\u0101 dizains un konstrukcija atbilst stingr\u0101m kvalit\u0101tes vadl\u012bnij\u0101m, padarot to par uzticamu un ilgm\u016b\u017e\u012bgu produktu.<\/p>\n<p>Nosl\u0113gum\u0101 j\u0101saka, ka garant\u0113t\u0101s kvalit\u0101tes hidrauliskais cilindrs, divk\u0101r\u0161as darb\u012bbas maza izm\u0113ra pa\u0161izg\u0101z\u0113ja hidrauliskais cilindrs, ir augst\u0101k\u0101s klases produkts pa\u0161izg\u0101z\u0113jiem. T\u0101 iztur\u012bg\u0101 konstrukcija, efekt\u012bv\u0101 veiktsp\u0113ja un garant\u0113t\u0101 kvalit\u0101te padara to par lielisku izv\u0113li tiem, kam nepiecie\u0161ams uzticams hidrauliskais cilindrs.<\/p>\n<table style=\"width: 100%;\" border=\"1\" width=\"100%\" cellspacing=\"0\" cellpadding=\"0\">\n<tbody>\n<tr>\n<th>Produkta nosaukums<\/th>\n<td>Garant\u0113tas kvalit\u0101tes hidrauliskais cilindrs ar divk\u0101r\u0161u darb\u012bbu maza pa\u0161izg\u0101z\u0113ja hidrauliskais cilindrs<\/td>\n<\/tr>\n<tr>\n<th>St\u0101voklis<\/th>\n<td>Jauns<\/td>\n<\/tr>\n<tr>\n<th>Garantija<\/th>\n<td>1 gads<\/td>\n<\/tr>\n<tr>\n<th>Svars (kg)<\/th>\n<td>48<\/td>\n<\/tr>\n<tr>\n<th>Galven\u0101s sast\u0101vda\u013cas<\/th>\n<td>Gult\u0146i un virzu\u013ca cilindrs<\/td>\n<\/tr>\n<tr>\n<th>Strukt\u016bra<\/th>\n<td>Standarta virzu\u013ca strukt\u016bra<\/td>\n<\/tr>\n<tr>\n<th>Baro\u0161anas avots<\/th>\n<td>Hidraulisk\u0101 jauda<\/td>\n<\/tr>\n<tr>\n<th>Test\u0113\u0161ana<\/th>\n<td>Iek\u013cauts video izejo\u0161\u0101s p\u0101rbaudes un ma\u0161\u012bnu testa zi\u0146ojums<\/td>\n<\/tr>\n<tr>\n<th>Veiktsp\u0113ja<\/th>\n<td>Jaud\u012bgs un uzticams<\/td>\n<\/tr>\n<tr>\n<th>Piem\u0113rojam\u0101s nozares<\/th>\n<td>Ra\u017eo\u0161anas r\u016bpn\u012bcas, Ma\u0161\u012bnu remonta darbn\u012bcas, Lauksaimniec\u012bbas saimniec\u012bbas, Ener\u0123\u0113tika un ieguves r\u016bpniec\u012bba, Ma\u0161\u012bnu r\u016bpn\u012bcas<\/td>\n<\/tr>\n<tr>\n<th>Palai\u0161anas gads<\/th>\n<td>2024<\/td>\n<\/tr>\n<\/tbody>\n<\/table>\n<div><img decoding=\"async\" src=\"https:\/\/hzpt.com\/wp-content\/uploads\/2023\/11\/Inverted-Telescopic-Cylinder-21.webp\" alt=\"\" title=\"\"><\/div>\n<h2>Maz\u0101 pa\u0161izg\u0101z\u0113ja hidraulisk\u0101 cilindra galven\u0101s iez\u012bmes<\/h2>\n<p>Hidrauliskais cilindrs ir apr\u012bkots ar funkcij\u0101m, kas nodro\u0161ina t\u0101 efektivit\u0101ti un iztur\u012bbu:<\/p>\n<ul>\n<li>\n<ul>\n<li>Korpusa materi\u0101ls: Izgatavots no augstas kvalit\u0101tes t\u0113rauda, \u200b\u200bcilindrs sola ilgsto\u0161u iztur\u012bbu un stabilu veiktsp\u0113ju.<\/li>\n<li>Maksim\u0101l\u0101 vilce: Ar maksim\u0101lo vilci 3000 \u02da\u0421 cilindrs var viegli tikt gal\u0101 ar smagiem uzdevumiem.<\/li>\n<li>Tips: \u0160is ir apgriezts teleskopiskais cilindrs, kas paz\u012bstams ar savu kompakto dizainu un augsto efektivit\u0101ti.<\/li>\n<\/ul>\n<\/li>\n<\/ul>\n<ul>\n<li>Maksim\u0101l\u0101 vilk\u0161anas jauda: Cilindra maksim\u0101l\u0101 vilk\u0161anas jauda ir 20 tonnas, kas padara to piem\u0113rotu lieljaudas oper\u0101cij\u0101m.<\/li>\n<li>Standarta izm\u0113rs: Cilindram ir urbuma izm\u0113rs 2\u20136 collas, stie\u0146a izm\u0113rs 1,125\u20134 collas, g\u0101jiena izm\u0113rs 6\u201348 collas un tapas izm\u0113rs 0,5\u20132 collas.<\/li>\n<\/ul>\n<h2>Maz\u0101 pa\u0161izg\u0101z\u0113ja hidraulisk\u0101 cilindra pielietojums<\/h2>\n<div><img decoding=\"async\" src=\"https:\/\/hzpt.com\/wp-content\/uploads\/2023\/11\/Inverted-Telescopic-Cylinder-Applications.webp\" alt=\"Hidraulisk\u0101 cilindra pielietojums\" title=\"\"><\/div>\n<div>Hidrauliskais cilindrs ir ide\u0101li piem\u0113rots da\u017e\u0101diem pielietojumiem da\u017e\u0101d\u0101s nozar\u0113s, piem\u0113ram, ra\u017eo\u0161an\u0101, ma\u0161\u012bnu remont\u0101, lauksaimniec\u012bb\u0101, ener\u0123\u0113tik\u0101 un ieguves r\u016bpniec\u012bb\u0101, k\u0101 ar\u012b ma\u0161\u012bnu r\u016bpn\u012bc\u0101s. Tas ir lieliski piem\u0113rots uzdevumiem, kuriem nepiecie\u0161ama liela jauda un precizit\u0101te.<\/div>\n<h2>Darb\u012bbas princips un apkopes metodes<\/h2>\n<div>Hidrauliskais cilindrs darbojas p\u0113c principa, ka hidrauliskais spiediens tiek p\u0101rv\u0113rsts meh\u0101nisk\u0101 sp\u0113k\u0101. Tas \u013cauj tam apstr\u0101d\u0101t smagas kravas ar minim\u0101lu piep\u016bli. Lai nodro\u0161in\u0101tu optim\u0101lu veiktsp\u0113ju, cilindram ir nepiecie\u0161ams:<\/div>\n<ol>\n<li>Regul\u0101ra p\u0101rbaude: Regul\u0101ri p\u0101rbaudiet cilindru, vai nav nodiluma vai boj\u0101jumu paz\u012bmju.<\/li>\n<li>T\u012br\u012b\u0161ana: Turiet cilindru t\u012bru, lai izvair\u012btos no iesp\u0113jamiem aizsprostojumiem vai darb\u012bbas trauc\u0113jumiem.<\/li>\n<li>E\u013c\u013co\u0161ana: Regul\u0101ra e\u013c\u013co\u0161ana nodro\u0161ina nevainojamu darb\u012bbu un samazina nodilumu.<\/li>\n<li>Regul\u0101ras p\u0101rbaudes un remonts: Regul\u0101ri p\u0101rbaudiet cilindru un veiciet nepiecie\u0161amos remontdarbus.<\/li>\n<li>Bl\u012bv\u0113jumu nomai\u0146a: Regul\u0101ri nomainiet bl\u012bves, lai saglab\u0101tu cilindra efektivit\u0101ti.<\/li>\n<\/ol>\n<div><img decoding=\"async\" src=\"https:\/\/hzpt.com\/wp-content\/uploads\/2023\/11\/Inverted-Telescopic-Cylinder-24.webp\" alt=\"\" title=\"\"><\/div>\n<h2>Apgriezts teleskopiskais cilindrs<\/h2>\n<p>Apgriezts teleskopiskais cilindrs, kas paz\u012bstams ar\u012b k\u0101 virzu\u013ccilindrs, ir hidraulisk\u0101 cilindra veids, ko parasti izmanto da\u017e\u0101dos r\u016bpnieciskos un komerci\u0101los pielietojumos. Tas ir paredz\u0113ts, lai nodro\u0161in\u0101tu prec\u012bzu un sp\u0113c\u012bgu line\u0101ru kust\u012bbu, p\u0101rveidojot hidraulisko ener\u0123iju meh\u0101nisk\u0101 sp\u0113k\u0101.<\/p>\n<h3>Garant\u0113tas kvalit\u0101tes hidrauliskais cilindrs<\/h3>\n<p>Run\u0101jot par hidrauliskajiem cilindriem, garant\u0113tas kvalit\u0101tes nodro\u0161in\u0101\u0161ana ir \u0101rk\u0101rt\u012bgi svar\u012bga. Garant\u0113tas kvalit\u0101tes hidrauliskais cilindrs, piem\u0113ram, apgrieztais teleskopiskais cilindrs, tiek pak\u013cauts stingr\u0101m test\u0113\u0161anas un p\u0101rbaudes proced\u016br\u0101m, lai atbilstu augst\u0101kajiem nozares standartiem. Tas nodro\u0161ina t\u0101 uzticam\u012bbu, iztur\u012bbu un kop\u0113jo veiktsp\u0113ju. Augstas kvalit\u0101tes materi\u0101lu izmanto\u0161ana, progres\u012bvas ra\u017eo\u0161anas metodes un stingri kvalit\u0101tes kontroles pas\u0101kumi veicina t\u0101 izcilo veiktsp\u0113ju un ilgm\u016b\u017e\u012bbu.<\/p>\n<h3>Divk\u0101r\u0161as darb\u012bbas<\/h3>\n<p>Apgriezt\u0101 teleskopisk\u0101 cilindra divk\u0101r\u0161\u0101s darb\u012bbas funkcija to at\u0161\u0137ir no cita veida hidrauliskajiem cilindriem. Tas noz\u012bm\u0113, ka tas var rad\u012bt sp\u0113ku abos virzienos, pied\u0101v\u0101jot uzlabotu daudzpus\u012bbu un efektivit\u0101ti. Neatkar\u012bgi no t\u0101, vai tas izstiepjas vai ievelkas, divk\u0101r\u0161\u0101s darb\u012bbas cilindrs nodro\u0161ina nemain\u012bgu jaudu un kontroli. Tas padara to ide\u0101li piem\u0113rotu lietojumiem, kuriem nepiecie\u0161ama prec\u012bza un atgriezeniska line\u0101ra kust\u012bba, piem\u0113ram, cel\u0161anai, stum\u0161anai, vilk\u0161anai un noliek\u0161anai.<\/p>\n<h3>Maza pa\u0161izg\u0101z\u0113ja hidrauliskais cilindrs<\/h3>\n<p>Viens konkr\u0113ts pielietojums, kur apgrieztais teleskopiskais cilindrs izce\u013cas, ir mazi pa\u0161izg\u0101z\u0113ji. \u0160ie cilindri ir paredz\u0113ti, lai nodro\u0161in\u0101tu nepiecie\u0161amo sp\u0113ku kravas automa\u0161\u012bnas kravas kastes pacel\u0161anai un nolai\u0161anai, lai efekt\u012bvi iekrautu un izkrautu materi\u0101lus. Pateicoties kompaktajam izm\u0113ram un lielajai celtsp\u0113jai, mazie pa\u0161izg\u0101z\u0113ju hidrauliskie cilindri pied\u0101v\u0101 optim\u0101lu veiktsp\u0113ju ierobe\u017eot\u0101s telp\u0101s. Inovat\u012bvas bl\u012bv\u0113\u0161anas tehnolo\u0123ijas un korozijiztur\u012bgu materi\u0101lu izmanto\u0161ana nodro\u0161ina to iztur\u012bbu un ilgm\u016b\u017e\u012bbu pat skarbos darba apst\u0101k\u013cos.<\/p>\n<h3>Priek\u0161roc\u012bbas un funkcijas<\/h3>\n<p>Apgrieztais teleskopiskais cilindrs pied\u0101v\u0101 vair\u0101kas b\u016btiskas priek\u0161roc\u012bbas un funkcijas, kas padara to par iecien\u012btu izv\u0113li da\u017e\u0101d\u0101s nozar\u0113s. To skait\u0101 ir:<\/p>\n<ol>\n<li>Augsta precizit\u0101te un vad\u012bba: Cilindra konstrukcija \u013cauj prec\u012bzi kontrol\u0113t line\u0101ro kust\u012bbu, nodro\u0161inot prec\u012bzu pozicion\u0113\u0161anu un vienm\u0113r\u012bgu darb\u012bbu.<\/li>\n<li>Izcila iztur\u012bba un ilgm\u016b\u017e\u012bba: Augstas iztur\u012bbas materi\u0101lu un progres\u012bvu in\u017eeniertehnisko meto\u017eu izmanto\u0161ana nodro\u0161ina cilindru, kas sp\u0113j iztur\u0113t lielas slodzes un ekstrem\u0101lus ekspluat\u0101cijas apst\u0101k\u013cus.<\/li>\n<li>Efekt\u012bva telpas izmanto\u0161ana: Cilindra kompaktais dizains \u013cauj optim\u0101li izmantot telpu, padarot to piem\u0113rotu lietojumiem ar ierobe\u017eotu uzst\u0101d\u012b\u0161anas vietu.<\/li>\n<li>Vienk\u0101r\u0161a uzst\u0101d\u012b\u0161ana un apkope: Cilindra dizains un konstrukcija vienk\u0101r\u0161o uzst\u0101d\u012b\u0161anas procesu un samazina nepiecie\u0161am\u012bbu p\u0113c bie\u017eas apkopes, samazinot d\u012bkst\u0101ves laiku un palielinot produktivit\u0101ti.<\/li>\n<\/ol>\n<p>Nosl\u0113gum\u0101 j\u0101saka, ka apgrieztais teleskopiskais cilindrs ir uzticams un daudzpus\u012bgs hidrauliskais cilindrs, kas pied\u0101v\u0101 garant\u0113tu kvalit\u0101ti, divk\u0101r\u0161as darb\u012bbas funkcionalit\u0101ti un izcilu veiktsp\u0113ju t\u0101dos pielietojumos k\u0101 mazi pa\u0161izg\u0101z\u0113ji. T\u0101 unik\u0101l\u0101s \u012bpa\u0161\u012bbas un priek\u0161roc\u012bbas padara to par v\u0113rt\u012bgu komponentu da\u017e\u0101dos r\u016bpnieciskos un komerci\u0101los apst\u0101k\u013cos, nodro\u0161inot prec\u012bzu un jaud\u012bgu line\u0101ru kust\u012bbu pla\u0161am pielietojumu kl\u0101stam.<\/p>\n<h3>Par FMP<\/h3>\n<p>FMP ir uz\u0146\u0113mums, kas specializ\u0113jas hidraulisko cilindru ra\u017eo\u0161an\u0101 un p\u0101rdo\u0161an\u0101. Ar daudzu gadu pieredzi nozar\u0113 un profesion\u0101lu komandu m\u0113s esam ap\u0146\u0113mu\u0161ies nodro\u0161in\u0101t klientiem augstas kvalit\u0101tes un uzticamus hidrauliskos cilindrus.<\/p>\n<p>M\u016bsu hidrauliskie cilindri ir izstr\u0101d\u0101ti un ra\u017eoti atbilsto\u0161i augst\u0101kajiem nozares standartiem. \u0160eit ir piecas m\u016bsu produktu un uz\u0146\u0113muma galven\u0101s priek\u0161roc\u012bbas:<\/p>\n<p><strong>1. Pla\u0161s iesp\u0113ju kl\u0101sts:<\/strong> M\u0113s pied\u0101v\u0101jam pla\u0161u hidraulisko cilindru kl\u0101stu, lai apmierin\u0101tu da\u017e\u0101das vajadz\u012bbas. Neatkar\u012bgi no t\u0101, vai jums nepiecie\u0161ami standarta cilindri vai piel\u0101goti risin\u0101jumi, mums ir zin\u0101\u0161anas, lai nodro\u0161in\u0101tu j\u016bsu vajadz\u012bb\u0101m ide\u0101li piem\u0113rotu risin\u0101jumu.<\/p>\n<p><strong>2. Izcila kvalit\u0101te:<\/strong> Uz\u0146\u0113mum\u0101 FMP m\u0113s pie\u0161\u0137iram priorit\u0101ti kvalit\u0101tei visos m\u016bsu ra\u017eo\u0161anas procesa aspektos. M\u016bsu hidrauliskie cilindri ir izgatavoti no augst\u0101k\u0101s kvalit\u0101tes materi\u0101liem un tiek pak\u013cauti stingr\u0101m p\u0101rbaud\u0113m, lai nodro\u0161in\u0101tu iztur\u012bbu un uzticam\u012bbu.<\/p>\n<p><strong>3. Uzlabotas tehnolo\u0123ijas:<\/strong> M\u016bsu ra\u017eo\u0161anas procesos m\u0113s izmantojam jaun\u0101kos tehnolo\u0123iskos sasniegumus. Tas \u013cauj mums pieg\u0101d\u0101t hidrauliskos cilindrus, kas ir inov\u0101ciju avangard\u0101 ar uzlabotu veiktsp\u0113ju un efektivit\u0101ti.<\/p>\n<p><strong>4. Eksperta konsult\u0101cija:<\/strong> M\u016bsu pieredz\u0113ju\u0161\u0101 p\u0101rdo\u0161anas komanda labi p\u0101rzina celtniec\u012bbas tehnikas nozari. Vi\u0146i var sniegt profesion\u0101las konsult\u0101cijas par produktiem, pal\u012bdzot jums izv\u0113l\u0113ties pareizo hidraulisko cilindru atbilsto\u0161i j\u016bsu \u012bpa\u0161aj\u0101m pras\u012bb\u0101m.<\/p>\n<p><strong>5. Efekt\u012bva lo\u0123istika:<\/strong> M\u0113s saprotam savlaic\u012bgas pieg\u0101des noz\u012bmi. M\u016bsu efekt\u012bv\u0101 lo\u0123istikas izplat\u012b\u0161anas sist\u0113ma nodro\u0161ina, ka j\u016bs savlaic\u012bgi un prec\u012bzi sa\u0146emat nepiecie\u0161amos hidrauliskos cilindrus, samazinot d\u012bkst\u0101ves laiku un palielinot produktivit\u0101ti.<\/p>\n<p><img decoding=\"async\" src=\"https:\/\/fmp-components.com\/wp-content\/uploads\/2024\/12\/Adjustable-Clevis-Type-Cylinders-6.webp\" alt=\"Regul\u0113jams skavu tipa cilindrs\" width=\"805\" title=\"\"><\/p>\n<p>Autors: CX<\/p>","protected":false},"excerpt":{"rendered":"<p>Introducing the Guaranteed Quality Hydraulic Cylinder Double Acting Small Dump Truck Hydraulic Cylinder: The Guaranteed Quality Hydraulic Cylinder Double Acting Small Dump Truck Hydraulic Cylinder is a high-quality product that is specifically designed for dump trucks. With its double-acting functionality, this hydraulic cylinder offers excellent performance and reliability. This hydraulic cylinder is manufactured using top-grade [&hellip;]<\/p>","protected":false},"featured_media":1608,"comment_status":"closed","ping_status":"closed","template":"","meta":{"_et_pb_use_builder":"","_et_pb_old_content":"","_et_gb_content_width":""},"product_brand":[],"product_cat":[45],"product_tag":[34,48],"class_list":{"0":"post-1607","1":"product","2":"type-product","3":"status-publish","4":"has-post-thumbnail","6":"product_cat-inverted-telescopic-cylinder","7":"product_tag-hydraulic-cylinder","8":"product_tag-inverted-telescopic-cylinder","10":"first","11":"instock","12":"product-type-simple"},"_links":{"self":[{"href":"https:\/\/fmp-components.com\/lv\/wp-json\/wp\/v2\/product\/1607","targetHints":{"allow":["GET"]}}],"collection":[{"href":"https:\/\/fmp-components.com\/lv\/wp-json\/wp\/v2\/product"}],"about":[{"href":"https:\/\/fmp-components.com\/lv\/wp-json\/wp\/v2\/types\/product"}],"replies":[{"embeddable":true,"href":"https:\/\/fmp-components.com\/lv\/wp-json\/wp\/v2\/comments?post=1607"}],"wp:featuredmedia":[{"embeddable":true,"href":"https:\/\/fmp-components.com\/lv\/wp-json\/wp\/v2\/media\/1608"}],"wp:attachment":[{"href":"https:\/\/fmp-components.com\/lv\/wp-json\/wp\/v2\/media?parent=1607"}],"wp:term":[{"taxonomy":"product_brand","embeddable":true,"href":"https:\/\/fmp-components.com\/lv\/wp-json\/wp\/v2\/product_brand?post=1607"},{"taxonomy":"product_cat","embeddable":true,"href":"https:\/\/fmp-components.com\/lv\/wp-json\/wp\/v2\/product_cat?post=1607"},{"taxonomy":"product_tag","embeddable":true,"href":"https:\/\/fmp-components.com\/lv\/wp-json\/wp\/v2\/product_tag?post=1607"}],"curies":[{"name":"wp","href":"https:\/\/api.w.org\/{rel}","templated":true}]}}