{"id":1605,"date":"2024-12-23T06:59:20","date_gmt":"2024-12-23T06:59:20","guid":{"rendered":"https:\/\/fmp-components.com\/product\/durable-long-stroke-2-stage-hydraulic-cylinder-telescopic-hydraulic-cylinder\/"},"modified":"2024-12-23T08:24:34","modified_gmt":"2024-12-23T08:24:34","slug":"durable-long-stroke-2-stage-hydraulic-cylinder-telescopic-hydraulic-cylinder","status":"publish","type":"product","link":"https:\/\/fmp-components.com\/lv\/product\/durable-long-stroke-2-stage-hydraulic-cylinder-telescopic-hydraulic-cylinder\/","title":{"rendered":"Iztur\u012bgs, ilga g\u0101jiena divpak\u0101pju hidrauliskais cilindrs, teleskopiskais hidrauliskais cilindrs"},"content":{"rendered":"<p>Iztur\u012bgais, gar\u0101 g\u0101jiena divpak\u0101pju hidrauliskais cilindrs Teleskopiskais hidrauliskais cilindrs ir augstas kvalit\u0101tes produkts, kas paredz\u0113ts izcilai veiktsp\u0113jai da\u017e\u0101dos hidrauliskajos pielietojumos. Pateicoties iztur\u012bgajai konstrukcijai un modernajam dizainam, \u0161is hidrauliskais cilindrs pied\u0101v\u0101 uzticamu darb\u012bbu un ilgsto\u0161u iztur\u012bbu.<\/p>\n<p>Viena no \u0161\u012b hidraulisk\u0101 cilindra galvenaj\u0101m iez\u012bm\u0113m ir t\u0101 gar\u0101 g\u0101jiena iesp\u0113ja. Pateicoties divpak\u0101pju konstrukcijai, to var izstiept un ievilkt liel\u0101k\u0101 att\u0101lum\u0101, padarot to piem\u0113rotu lietojumiem, kuriem nepiecie\u0161ams liel\u0101ks kust\u012bbu diapazons. Neatkar\u012bgi no t\u0101, vai to izmanto celtniec\u012bbas iek\u0101rt\u0101s, lauksaimniec\u012bbas ma\u0161\u012bn\u0101s vai r\u016bpnieciskaj\u0101s ma\u0161\u012bn\u0101s, \u0161is hidrauliskais cilindrs var nodro\u0161in\u0101t darba veik\u0161anai nepiecie\u0161amo jaudu un precizit\u0101ti.<\/p>\n<p>Papildus ilgam g\u0101jienam \u0161is hidrauliskais cilindrs nodro\u0161ina ar\u012b izcilu iztur\u012bbu un stabilit\u0101ti. Pateicoties teleskopiskajam dizainam, tas var iztur\u0113t smagas slodzes un iztur\u0113t sare\u017e\u0123\u012btu darba vidi. Augstas kvalit\u0101tes materi\u0101li, kas izmantoti t\u0101 konstrukcij\u0101, nodro\u0161ina, ka tas var iztur\u0113t ikdienas lieto\u0161anas spiedienu un slodzi, neapdraudot t\u0101 veiktsp\u0113ju.<\/p>\n<p>Turkl\u0101t \u0161is hidrauliskais cilindrs pied\u0101v\u0101 vienm\u0113r\u012bgu darb\u012bbu un prec\u012bzu vad\u012bbu. Uzlabot\u0101 hidraulisk\u0101 sist\u0113ma nodro\u0161ina cilindra vienm\u0113r\u012bgu un vienm\u0113r\u012bgu kust\u012bbu, \u013caujot prec\u012bzi pozicion\u0113t un efekt\u012bvi darboties. Pateicoties t\u0101 uzticamajai veiktsp\u0113jai, tas pal\u012bdz uzlabot produktivit\u0101ti un efektivit\u0101ti da\u017e\u0101dos pielietojumos.<\/p>\n<p>Kopum\u0101 iztur\u012bgais, ilga g\u0101jiena divpak\u0101pju hidrauliskais cilindrs ar teleskopisko hidraulisko cilindru ir lieliska izv\u0113le tiem, kas mekl\u0113 augstas kvalit\u0101tes hidraulisko cilindru. Pateicoties iztur\u012bgajai konstrukcijai, ilga g\u0101jiena iesp\u0113j\u0101m un prec\u012bzajai vad\u012bbai, tas pied\u0101v\u0101 uzticamu veiktsp\u0113ju un ilgsto\u0161u iztur\u012bbu. Neatkar\u012bgi no t\u0101, vai to izmanto b\u016bvniec\u012bb\u0101, lauksaimniec\u012bb\u0101 vai r\u016bpniec\u012bb\u0101, \u0161is hidrauliskais cilindrs noteikti atbild\u012bs pat vissare\u017e\u0123\u012bt\u0101ko pielietojumu pras\u012bb\u0101m.<\/p>\n<h2>Iztur\u012bgs, ilga g\u0101jiena divpak\u0101pju hidrauliskais cilindrs, teleskopiskais hidrauliskais cilindrs<\/h2>\n<p>\u0160is produkts ir izstr\u0101d\u0101ts, lai atbilstu augst\u0101kajiem hidraulisko cilindru iztur\u012bbas un uzticam\u012bbas standartiem. Tas ir izgatavots ar standarta virzu\u013ccilindra strukt\u016bru, kas \u013cauj to viegli integr\u0113t un sader\u0113t ar eso\u0161aj\u0101m sist\u0113m\u0101m. Darbin\u0101ms ar hidrauliku, tas nodro\u0161ina augstu efektivit\u0101ti un uzticam\u012bbu da\u017e\u0101dos pielietojumos. Izgatavots no t\u0113rauda, \u200b\u200b\u0161is hidrauliskais cilindrs ir paredz\u0113ts ilgam kalpo\u0161anas laikam un var iztur\u0113t maksim\u0101lo vilces sp\u0113ku 3000 tonnu un maksim\u0101lo vilk\u0161anas sp\u0113ku 20 tonnu, nodro\u0161inot jaud\u012bgu veiktsp\u0113ju.<\/p>\n<p><img decoding=\"async\" src=\"https:\/\/hzpt.com\/wp-content\/uploads\/2023\/11\/Inverted-Telescopic-Cylinder-17.webp\" alt=\"\" title=\"\"><\/p>\n<h3>Funkcijas<\/h3>\n<ul>\n<li>Standarta virzu\u013ccilindra strukt\u016bra \u0113rtai integr\u0101cijai un sader\u012bbai ar eso\u0161aj\u0101m sist\u0113m\u0101m.<\/li>\n<li>Hidraulisk\u0101 jauda nodro\u0161ina augstu efektivit\u0101ti un uzticam\u012bbu da\u017e\u0101dos pielietojumos.<\/li>\n<li>Izgatavots no iztur\u012bga t\u0113rauda, \u200b\u200blai nodro\u0161in\u0101tu liel\u0101ku iztur\u012bbu un ilgm\u016b\u017e\u012bbu.<\/li>\n<li>Sp\u0113j iztur\u0113t maksim\u0101lo vilces sp\u0113ku 3000 tonnu un maksim\u0101lo vilk\u0161anas sp\u0113ku 20 tonnu, nodro\u0161inot jaud\u012bgu veiktsp\u0113ju.<\/li>\n<li>ISO9001:2000 sertifik\u0101ts, kas garant\u0113 produkta kvalit\u0101ti un uzticam\u012bbu.<\/li>\n<\/ul>\n<h3>Pieteikumi<\/h3>\n<p>\u0160is hidrauliskais cilindrs ir ide\u0101li piem\u0113rots lieljaudas lietojumiem da\u017e\u0101d\u0101s nozar\u0113s, piem\u0113ram, ra\u017eo\u0161anas r\u016bpn\u012bc\u0101s, ma\u0161\u012bnb\u016bves remonta darbn\u012bc\u0101s, saimniec\u012bb\u0101s, ener\u0123\u0113tikas un ieguves r\u016bpniec\u012bb\u0101, ma\u0161\u012bnb\u016bves ra\u017eo\u0161an\u0101 un ma\u0161\u012bnb\u016bves r\u016bpn\u012bc\u0101s.<\/p>\n<p><img decoding=\"async\" src=\"https:\/\/hzpt.com\/wp-content\/uploads\/2023\/11\/Inverted-Telescopic-Cylinder-Applications.webp\" alt=\"Apgrieztu teleskopisko cilindru pielietojumi\" title=\"\"><\/p>\n<h3>Darb\u012bbas princips un apkope<\/h3>\n<ul>\n<li>Hidrauliskais cilindrs darbojas p\u0113c principa, ka spiediena \u0161\u0137idrums tiek izmantots sp\u0113ka rad\u012b\u0161anai.<\/li>\n<li>Lai nodro\u0161in\u0101tu cilindra optim\u0101lu darb\u012bbu, j\u0101veic regul\u0101ras p\u0101rbaudes.<\/li>\n<li>Lai nov\u0113rstu net\u012brumu un gru\u017eu uzkr\u0101\u0161anos, ir nepiecie\u0161ama pareiza hidraulisk\u0101 cilindra t\u012br\u012b\u0161ana.<\/li>\n<li>Hidraulisk\u0101 cilindra e\u013c\u013co\u0161ana ir b\u016btiska, lai nodro\u0161in\u0101tu vienm\u0113r\u012bgu darb\u012bbu un nov\u0113rstu nodilumu.<\/li>\n<li>Lai nov\u0113rstu nopl\u016bdi, bl\u012bves regul\u0101ri j\u0101maina.<\/li>\n<\/ul>\n<p><img decoding=\"async\" src=\"https:\/\/hzpt.com\/wp-content\/uploads\/2023\/11\/Inverted-Telescopic-Cylinder-25.webp\" alt=\"\" title=\"\"><\/p>\n<h2>Apgriezts teleskopiskais cilindrs<\/h2>\n<p>Apgriezts teleskopiskais cilindrs ir hidraulisk\u0101 cilindra veids, ko izmanto da\u017e\u0101dos r\u016bpnieciskos pielietojumos line\u0101rai kust\u012bbai. \u0160is cilindrs ir \u012bpa\u0161i izstr\u0101d\u0101ts, lai nodro\u0161in\u0101tu ilgsto\u0161u, garu g\u0101jienu, un tiek uzskat\u012bts par divpak\u0101pju hidraulisko cilindru. \u0160aj\u0101 rakst\u0101 m\u0113s apspried\u012bsim apgriezt\u0101 teleskopisk\u0101 cilindra \u012bpa\u0161\u012bbas un priek\u0161roc\u012bbas.<\/p>\n<h3>Funkcijas:<\/h3>\n<ul>\n<li>Augsta kravnes\u012bba<\/li>\n<li>Augsta iztur\u012bba<\/li>\n<li>Kompakts dizains<\/li>\n<li>Augsta iztur\u012bba pret nodilumu<\/li>\n<li>Zema apkope<\/li>\n<\/ul>\n<h3>Ieguvumi:<\/h3>\n<p>Viena no apgriezt\u0101 teleskopisk\u0101 cilindra galvenaj\u0101m priek\u0161roc\u012bb\u0101m ir t\u0101 sp\u0113ja nodro\u0161in\u0101t iztur\u012bgu, garu g\u0101jienu. Tas tiek pan\u0101kts, pateicoties cilindra unik\u0101lajam dizainam, kas sast\u0101v no vair\u0101kiem posmiem, kas ir ievietoti viens otr\u0101. \u0160is dizains \u013cauj cilindram efekt\u012bv\u0101k izstiepties un ievilkties, kas savuk\u0101rt pal\u012bdz palielin\u0101t cilindra kop\u0113jo kalpo\u0161anas laiku.<\/p>\n<p>V\u0113l viena apgriezt\u0101 teleskopisk\u0101 cilindra priek\u0161roc\u012bba ir t\u0101 augst\u0101 nestsp\u0113ja. Tas ir saist\u012bts ar faktu, ka cilindrs sp\u0113j vienm\u0113r\u012bgi sadal\u012bt slodzi visos posmos, kas pal\u012bdz nov\u0113rst jebkura atsevi\u0161\u0137a posma p\u0101rslodzi. Turkl\u0101t cilindra kompaktais dizains \u013cauj to izmantot ierobe\u017eotas vietas apst\u0101k\u013cos, padarot to par daudzpus\u012bgu risin\u0101jumu da\u017e\u0101d\u0101m nozar\u0113m.<\/p>\n<p>Teleskopiskie hidrauliskie cilindri ir paz\u012bstami ar\u012b ar savu augsto iztur\u012bbu pret nodilumu. Tas tiek pan\u0101kts, izmantojot augstas kvalit\u0101tes materi\u0101lus un prec\u012bzus ra\u017eo\u0161anas procesus. T\u0101 rezult\u0101t\u0101 \u0161ie cilindri sp\u0113j iztur\u0113t vissare\u017e\u0123\u012bt\u0101k\u0101s r\u016bpniecisk\u0101s pras\u012bbas, laika gait\u0101 necie\u0161ot no priek\u0161laic\u012bgiem boj\u0101jumiem vai samazin\u0101tas veiktsp\u0113jas.<\/p>\n<p>Rezum\u0113jot, apgrieztais teleskopiskais cilindrs ir daudzpus\u012bgs un efekt\u012bvs risin\u0101jums line\u0101ras kust\u012bbas lietojumprogramm\u0101m. T\u0101 unik\u0101lais dizains nodro\u0161ina iztur\u012bgu garu g\u0101jienu un lielu slodzes nestsp\u0113ju, savuk\u0101rt kompaktais dizains \u013cauj to izmantot da\u017e\u0101dos r\u016bpnieciskos pielietojumos. Pateicoties augstajai iztur\u012bbai pret nodilumu un zemaj\u0101m apkopes pras\u012bb\u0101m, \u0161is cilindrs ir lieliska izv\u0113le uz\u0146\u0113mumiem, kuriem nepiecie\u0161ami uzticami un efekt\u012bvi hidrauliskie risin\u0101jumi.<\/p>\n<h3>Par FMP \u2013 j\u016bsu profesion\u0101lo hidraulisko cilindru pieg\u0101d\u0101t\u0101ju<\/h3>\n<p>Mekl\u0113jat uzticamus un augstas kvalit\u0101tes hidrauliskos cilindrus savai celtniec\u012bbas tehnikai? FMP ir \u012bst\u0101 izv\u0113le! K\u0101 uz\u0146\u0113mums ar daudzu gadu pieredzi nozar\u0113 un profesion\u0101lu komandu, m\u0113s specializ\u0113jamies celtniec\u012bbas tehnikas deta\u013cu un nokomplekt\u0113tu ma\u0161\u012bnu p\u0101rdo\u0161an\u0101 un apkalpo\u0161an\u0101. M\u016bsu pla\u0161aj\u0101 produktu kl\u0101st\u0101 ietilpst lauksaimniec\u012bbas tehnikas p\u0101rnesumk\u0101rbas, r\u016bpniecisk\u0101s p\u0101rnesumk\u0101rbas, planet\u0101r\u0101s p\u0101rnesumk\u0101rbas, lauksaimniec\u012bbas tehnikas deta\u013cas un virkne augst\u0101k\u0101 l\u012bme\u0146a piederumu, kas tiem atbilst.<\/p>\n<p>\u0160eit ir tikai da\u017ei iemesli, k\u0101p\u0113c jums vajadz\u0113tu izv\u0113l\u0113ties FMP k\u0101 savu hidraulisko cilindru pieg\u0101d\u0101t\u0101ju:<\/p>\n<p>1. Augstas kvalit\u0101tes produkti \u2014 m\u0113s sadarbojamies ar daudziem augstas kvalit\u0101tes pieg\u0101d\u0101t\u0101jiem gan m\u0101j\u0101s, gan \u0101rzem\u0113s, lai nodro\u0161in\u0101tu, ka visi m\u016bsu hidrauliskie cilindri atbilst stingriem kvalit\u0101tes standartiem. M\u016bsu produkti ir iztur\u012bgi, uzticami un rad\u012bti ilgam kalpo\u0161anas laikam.<\/p>\n<p>2. Profesion\u0101la p\u0101rdo\u0161anas komanda \u2013 m\u016bsu pieredz\u0113ju\u0161\u0101 un prasm\u012bg\u0101 p\u0101rdo\u0161anas komanda p\u0101rzina b\u016bvniec\u012bbas tehnikas nozares att\u012bst\u012bbas tendences un klientu vajadz\u012bbas. Vi\u0146i var sniegt profesion\u0101las produktu konsult\u0101cijas un p\u0101rdom\u0101tus pirk\u0161anas ieteikumus, lai pal\u012bdz\u0113tu jums atrast pareizo hidraulisko cilindru atbilsto\u0161i j\u016bsu vajadz\u012bb\u0101m.<\/p>\n<p>3. Efekt\u012bva lo\u0123istikas izplat\u012b\u0161ana \u2014 mums ir efekt\u012bva lo\u0123istikas izplat\u012b\u0161anas sist\u0113ma, lai nodro\u0161in\u0101tu, ka klienti savlaic\u012bgi un prec\u012bzi sa\u0146em nepiecie\u0161am\u0101s deta\u013cas. J\u016bs varat uztic\u0113ties mums, ka pieg\u0101d\u0101sim j\u016bsu hidrauliskos cilindrus, kad tie jums b\u016bs nepiecie\u0161ami.<\/p>\n<p>4. Piel\u0101gojamas opcijas \u2014 FMP m\u0113s saprotam, ka katram klientam ir unik\u0101las vajadz\u012bbas attiec\u012bb\u0101 uz hidrauliskajiem cilindriem. T\u0101p\u0113c m\u0113s pied\u0101v\u0101jam piel\u0101gojamas opcijas, lai atbilstu j\u016bsu \u012bpa\u0161aj\u0101m pras\u012bb\u0101m.<\/p>\n<p>5. Pla\u0161s produktu kl\u0101sts \u2014 m\u0113s pied\u0101v\u0101jam pla\u0161u hidraulisko cilindru kl\u0101stu, tostarp regul\u0113jamus skavu tipa cilindrus, metin\u0101tus cilindrus, st\u016bres stie\u0146u cilindrus un citus. Tas noz\u012bm\u0113, ka j\u016bs varat atrast perfektu hidraulisko cilindru, kas atbilst j\u016bsu celtniec\u012bbas tehnikas vajadz\u012bb\u0101m.<\/p>\n<p>Turkl\u0101t, sadarbojoties ar FMP, j\u016bs varat baud\u012bt sirdsmieru, ko sniedz sadarb\u012bba ar uzticamu un dro\u0161u pieg\u0101d\u0101t\u0101ju. T\u0101p\u0113c k\u0101p\u0113c gaid\u012bt? Sazinieties ar mums jau \u0161odien, lai uzzin\u0101tu vair\u0101k par m\u016bsu hidrauliskajiem cilindriem un to, k\u0101 m\u0113s varam pal\u012bdz\u0113t jums apmierin\u0101t j\u016bsu celtniec\u012bbas tehnikas vajadz\u012bbas.<\/p>\n<p><img decoding=\"async\" src=\"https:\/\/fmp-components.com\/wp-content\/uploads\/2024\/12\/Adjustable-Clevis-Type-Cylinders-6.webp\" alt=\"Regul\u0113jams skavu tipa cilindrs\" width=\"804\" title=\"\"><br \/>\nAutors: CX<\/p>","protected":false},"excerpt":{"rendered":"<p>The Durable Long Stroke 2 Stage Hydraulic Cylinder Telescopic Hydraulic Cylinder is a high-quality product that is designed to provide excellent performance in various hydraulic applications. With its durable construction and advanced design, this hydraulic cylinder offers reliable operation and long-lasting durability. One of the key features of this hydraulic cylinder is its long stroke [&hellip;]<\/p>","protected":false},"featured_media":1606,"comment_status":"closed","ping_status":"closed","template":"","meta":{"_et_pb_use_builder":"","_et_pb_old_content":"","_et_gb_content_width":""},"product_brand":[],"product_cat":[45],"product_tag":[34,48],"class_list":{"0":"post-1605","1":"product","2":"type-product","3":"status-publish","4":"has-post-thumbnail","6":"product_cat-inverted-telescopic-cylinder","7":"product_tag-hydraulic-cylinder","8":"product_tag-inverted-telescopic-cylinder","10":"first","11":"instock","12":"product-type-simple"},"_links":{"self":[{"href":"https:\/\/fmp-components.com\/lv\/wp-json\/wp\/v2\/product\/1605","targetHints":{"allow":["GET"]}}],"collection":[{"href":"https:\/\/fmp-components.com\/lv\/wp-json\/wp\/v2\/product"}],"about":[{"href":"https:\/\/fmp-components.com\/lv\/wp-json\/wp\/v2\/types\/product"}],"replies":[{"embeddable":true,"href":"https:\/\/fmp-components.com\/lv\/wp-json\/wp\/v2\/comments?post=1605"}],"wp:featuredmedia":[{"embeddable":true,"href":"https:\/\/fmp-components.com\/lv\/wp-json\/wp\/v2\/media\/1606"}],"wp:attachment":[{"href":"https:\/\/fmp-components.com\/lv\/wp-json\/wp\/v2\/media?parent=1605"}],"wp:term":[{"taxonomy":"product_brand","embeddable":true,"href":"https:\/\/fmp-components.com\/lv\/wp-json\/wp\/v2\/product_brand?post=1605"},{"taxonomy":"product_cat","embeddable":true,"href":"https:\/\/fmp-components.com\/lv\/wp-json\/wp\/v2\/product_cat?post=1605"},{"taxonomy":"product_tag","embeddable":true,"href":"https:\/\/fmp-components.com\/lv\/wp-json\/wp\/v2\/product_tag?post=1605"}],"curies":[{"name":"wp","href":"https:\/\/api.w.org\/{rel}","templated":true}]}}