{"id":1601,"date":"2024-12-23T06:59:20","date_gmt":"2024-12-23T06:59:20","guid":{"rendered":"https:\/\/fmp-components.com\/product\/quality-manufacturing-dump-truck-hydraulic-hoist-cylinder-double-acting-telescopic-hydraulic-cylinder\/"},"modified":"2024-12-23T08:29:13","modified_gmt":"2024-12-23T08:29:13","slug":"quality-manufacturing-dump-truck-hydraulic-hoist-cylinder-double-acting-telescopic-hydraulic-cylinder","status":"publish","type":"product","link":"https:\/\/fmp-components.com\/lv\/product\/quality-manufacturing-dump-truck-hydraulic-hoist-cylinder-double-acting-telescopic-hydraulic-cylinder\/","title":{"rendered":"Kvalitat\u012bva pa\u0161izg\u0101z\u0113ja hidraulisk\u0101 pac\u0113l\u0101ja cilindra divk\u0101r\u0161as darb\u012bbas teleskopiskais hidrauliskais cilindrs"},"content":{"rendered":"<h2>Iepaz\u012bstin\u0101m ar kvalitat\u012bvu pa\u0161izg\u0101z\u0113ja hidraulisk\u0101 pac\u0113l\u0101ja cilindra divk\u0101r\u0161as darb\u012bbas teleskopisko hidraulisko cilindru ra\u017eo\u0161anu:<\/h2>\n<p>Kvalitat\u012bvais pa\u0161izg\u0101z\u0113ja hidrauliskais pac\u0113l\u0101ja cilindrs ir divk\u0101r\u0161as darb\u012bbas teleskopiskais hidrauliskais cilindrs, kas \u012bpa\u0161i paredz\u0113ts pa\u0161izg\u0101z\u0113jiem. Tas ir ra\u017eots atbilsto\u0161i augst\u0101kajiem kvalit\u0101tes un veiktsp\u0113jas standartiem.<\/p>\n<p>\u0160is hidrauliskais cilindrs ir izstr\u0101d\u0101ts, lai iztur\u0113tu lielas slodzes un efekt\u012bvi darbotos sare\u017e\u0123\u012btos apst\u0101k\u013cos. T\u0101 divk\u0101r\u0161\u0101s darb\u012bbas konstrukcija \u013cauj gan izstiept, gan ievilkt cilindru, nodro\u0161inot prec\u012bzu vad\u012bbu un elast\u012bbu cel\u0161anas un izg\u0101\u0161anas oper\u0101cij\u0101s.<\/p>\n<p>\u0160\u012b hidraulisk\u0101 cilindra teleskopisk\u0101 konstrukcija nodro\u0161ina kompaktu, bet jaud\u012bgu risin\u0101jumu. Ar vair\u0101k\u0101m pak\u0101p\u0113m tas var sasniegt gar\u0101ku g\u0101jienu, vienlaikus saglab\u0101jot maz\u0101ku ievilkto garumu, padarot to ide\u0101li piem\u0113rotu lietojumiem ierobe\u017eot\u0101 telp\u0101.<\/p>\n<p>Kvalitat\u012bvais pa\u0161izg\u0101z\u0113ja hidrauliskais pac\u0113l\u0101ja cilindrs ir izstr\u0101d\u0101ts iztur\u012bbai un uzticam\u012bbai. Tas ir izgatavots no augstas kvalit\u0101tes materi\u0101liem un tiek r\u016bp\u012bgi p\u0101rbaud\u012bts, lai nodro\u0161in\u0101tu t\u0101 iztur\u012bbu pret nodilumu, koroziju un nopl\u016bd\u0113m. Tas nodro\u0161ina ilgu kalpo\u0161anas laiku un samazina apkopes pras\u012bbas.<\/p>\n<p>Pateicoties uzlabotajai hidrauliskajai konstrukcijai, \u0161is cilindrs nodro\u0161ina vienm\u0113r\u012bgas un past\u0101v\u012bgas pacel\u0161anas un izkrau\u0161anas darb\u012bbas. Tas nodro\u0161ina izcilu celtsp\u0113ju un kontroli, \u013caujot pa\u0161izg\u0101z\u0113jiem efekt\u012bvi transport\u0113t un izkraut smagas kravas.<\/p>\n<table style=\"width: 100%;\" border=\"1\" width=\"100%\" cellspacing=\"0\" cellpadding=\"0\">\n<tbody>\n<tr>\n<th>Produkta nosaukums<\/th>\n<td>Kvalitat\u012bva pa\u0161izg\u0101z\u0113ja hidraulisk\u0101 pac\u0113l\u0101ja cilindra divk\u0101r\u0161as darb\u012bbas teleskopiskais hidrauliskais cilindrs<\/td>\n<\/tr>\n<tr>\n<th>St\u0101voklis<\/th>\n<td>Jauns<\/td>\n<\/tr>\n<tr>\n<th>Garantija<\/th>\n<td>1 gads<\/td>\n<\/tr>\n<tr>\n<th>Svars (kg)<\/th>\n<td>48<\/td>\n<\/tr>\n<tr>\n<th>Dizains<\/th>\n<td>Divk\u0101r\u0161as darb\u012bbas teleskopiskais hidrauliskais cilindrs<\/td>\n<\/tr>\n<tr>\n<th>Galven\u0101s sast\u0101vda\u013cas<\/th>\n<td>Gultnis un virzu\u013ca cilindrs<\/td>\n<\/tr>\n<tr>\n<th>Strukt\u016bra<\/th>\n<td>Standarta virzu\u013ccilindrs ar hidraulisko piedzi\u0146u<\/td>\n<\/tr>\n<tr>\n<th>Veiktsp\u0113ja<\/th>\n<td>Iztur\u012bgs dizains un prec\u012bza vad\u012bba<\/td>\n<\/tr>\n<tr>\n<th>Piem\u0113rojam\u0101s nozares<\/th>\n<td>Ra\u017eo\u0161anas r\u016bpn\u012bcas, Ma\u0161\u012bnu remonta darbn\u012bcas, Lauksaimniec\u012bbas saimniec\u012bbas, Ener\u0123\u0113tika un ieguves r\u016bpniec\u012bba, Ma\u0161\u012bnu r\u016bpn\u012bcas<\/td>\n<\/tr>\n<\/tbody>\n<\/table>\n<p><img decoding=\"async\" src=\"https:\/\/hzpt.com\/wp-content\/uploads\/2023\/11\/Inverted-Telescopic-Cylinder-4.webp\" alt=\"\" title=\"\"><\/p>\n<h2>Hidraulisk\u0101 pac\u0113l\u0101ja cilindra \u012bpa\u0161\u012bbas<\/h2>\n<p>Hidrauliskais pacel\u0161anas cilindrs izce\u013cas ar sav\u0101m at\u0161\u0137ir\u012bgaj\u0101m \u012bpa\u0161\u012bb\u0101m. \u0160eit ir pieci galvenie punkti:<\/p>\n<ol>\n<li>Tas ir apr\u012bkots ar t\u0113rauda korpusa materi\u0101lu, kas nodro\u0161ina iztur\u012bbu un iztur\u012bbu.<\/li>\n<li>Hidraulisk\u0101 cilindra maksim\u0101l\u0101 vilces jauda ir 3000 zirgsp\u0113ki, un tas var pavilkt l\u012bdz 20 tonn\u0101m.<\/li>\n<li>\u0160is produkts ir sertific\u0113ts saska\u0146\u0101 ar ISO9001:2000 standartu, kas garant\u0113 t\u0101 kvalit\u0101ti un uzticam\u012bbu.<\/li>\n<li>Hidrauliskais pacel\u0161anas cilindrs ir pieejams standarta meln\u0101 kr\u0101s\u0101, kas neman\u0101mi iederas jebkur\u0101 r\u016bpnieciskaj\u0101 iek\u0101rt\u0101.<\/li>\n<li>Tam ir da\u017e\u0101di urbuma, stie\u0146a, g\u0101jiena un tapas izm\u0113ri, lai apmierin\u0101tu da\u017e\u0101das r\u016bpniec\u012bbas vajadz\u012bbas.<\/li>\n<\/ol>\n<h2>Hidraulisk\u0101 pac\u0113l\u0101ja cilindra pielietojums<\/h2>\n<p>Pateicoties t\u0101 iztur\u012bgajai konstrukcijai un daudzpus\u012bgaj\u0101m funkcij\u0101m, hidraulisko pacel\u0161anas cilindru var izmantot da\u017e\u0101d\u0101s nozar\u0113s. Tas ir \u012bpa\u0161i noder\u012bgi ra\u017eo\u0161anas r\u016bpn\u012bc\u0101s, ma\u0161\u012bnb\u016bves remonta darbn\u012bc\u0101s un saimniec\u012bb\u0101s. Turkl\u0101t tas ir izdev\u012bgi ener\u0123\u0113tikas un ieguves nozar\u0113, ma\u0161\u012bnb\u016bves ra\u017eo\u0161an\u0101 un ma\u0161\u012bnb\u016bves r\u016bpn\u012bc\u0101s.<br \/>\n<img decoding=\"async\" src=\"https:\/\/hzpt.com\/wp-content\/uploads\/2023\/11\/Inverted-Telescopic-Cylinder-Applications.webp\" alt=\"Hidraulisko cilindru pielietojumi\" title=\"\"><\/p>\n<h2>Darb\u012bbas princips un apkopes metodes<\/h2>\n<p>Hidrauliskais pacel\u0161anas cilindrs darbojas, \u013caujot \u0161\u0137idrumam iepl\u016bst cilindr\u0101 un spie\u017eot virzuli, lai tas kust\u0113tos v\u0113lamaj\u0101 virzien\u0101. Divk\u0101r\u0161\u0101s darb\u012bbas konstrukcija nodro\u0161ina efekt\u012bvu darb\u012bbu, \u013caujot \u0161\u0137idrumam iepl\u016bst no ab\u0101m virzu\u013ca pus\u0113m. Apkope ietver:<\/p>\n<ol>\n<li>Regul\u0101ras p\u0101rbaudes, lai nodro\u0161in\u0101tu hidraulisk\u0101 cilindra optim\u0101lu darb\u012bbu.<\/li>\n<li>Hidraulisk\u0101 cilindra t\u012br\u012b\u0161ana, lai nov\u0113rstu net\u012brumu un gru\u017eu uzkr\u0101\u0161anos.<\/li>\n<li>E\u013c\u013co\u0161ana berzes un nodiluma samazin\u0101\u0161anai.<\/li>\n<li>Bl\u012bvju nomai\u0146a, ja nepiecie\u0161ams, lai nov\u0113rstu \u0161\u0137idruma nopl\u016bdi.<\/li>\n<li>Iev\u0113rojiet lietot\u0101ja rokasgr\u0101matu par pareizu lieto\u0161anu un apkopi.<\/li>\n<\/ol>\n<p><img decoding=\"async\" src=\"https:\/\/hzpt.com\/wp-content\/uploads\/2023\/11\/Inverted-Telescopic-Cylinder-22.webp\" alt=\"\" title=\"\"><\/p>\n<h2>Apgriezts teleskopiskais cilindrs<\/h2>\n<p>Apgrieztais teleskopiskais cilindrs, kas paz\u012bstams ar\u012b k\u0101 divk\u0101r\u0161as darb\u012bbas teleskopiskais hidrauliskais cilindrs, ir b\u016btiska sast\u0101vda\u013ca kvalitat\u012bvu pa\u0161izg\u0101z\u0113ju hidraulisko pac\u0113l\u0101ju sist\u0113mu ra\u017eo\u0161an\u0101. T\u0101 unik\u0101lais dizains un funkcionalit\u0101te padara to par neat\u0146emamu hidraulisk\u0101s sist\u0113mas sast\u0101vda\u013cu, nodro\u0161inot efektivit\u0101ti un uzticam\u012bbu da\u017e\u0101dos r\u016bpnieciskos pielietojumos.<\/p>\n<p>Apgrieztais teleskopiskais cilindrs sast\u0101v no vair\u0101kiem posmiem vai sekcij\u0101m, kas ievelkas un izstiepjas, nodro\u0161inot maksim\u0101lu g\u0101jiena garumu, vienlaikus aiz\u0146emot minim\u0101lu vietu. \u0160\u012b konstrukcija \u013cauj izveidot kompaktu un efekt\u012bvu hidraulisko sist\u0113mu, padarot to piem\u0113rotu pa\u0161izg\u0101z\u0113jiem un citai smagajai tehnikai.<\/p>\n<p>Viena no apgriezt\u0101 teleskopisk\u0101 cilindra galvenaj\u0101m priek\u0161roc\u012bb\u0101m ir t\u0101 sp\u0113ja rad\u012bt lielu sp\u0113ku, vienlaikus saglab\u0101jot nelielu ievilktu garumu. Tas padara to ide\u0101li piem\u0113rotu pa\u0161izg\u0101z\u0113ju hidrauliskaj\u0101m pac\u0113l\u0101ju sist\u0113m\u0101m, kur cilindram ir j\u0101iek\u013caujas ierobe\u017eotaj\u0101 pieejamaj\u0101 telp\u0101, vienlaikus sp\u0113jot pacelt smagas kravas.<\/p>\n<p>Kvalitat\u012bvs pa\u0161izg\u0101z\u0113ja hidrauliskais pacel\u0161anas cilindrs ir izgatavots no augstas kvalit\u0101tes materi\u0101liem, piem\u0113ram, t\u0113rauda, \u200b\u200bnodro\u0161inot iztur\u012bbu un nodilumiztur\u012bbu. Cilindrs ir izstr\u0101d\u0101ts, lai iztur\u0113tu augstu spiedienu un nodro\u0161in\u0101tu vienm\u0113r\u012bgu un prec\u012bzu darb\u012bbu pat sare\u017e\u0123\u012btos apst\u0101k\u013cos.<\/p>\n<p>Divk\u0101r\u0161as darb\u012bbas teleskopiskie hidrauliskie cilindri pied\u0101v\u0101 iev\u0113rojamas priek\u0161roc\u012bbas sal\u012bdzin\u0101jum\u0101 ar cita veida cilindriem. Divk\u0101r\u0161as darb\u012bbas konstrukcij\u0101 hidrauliskais \u0161\u0137idrums tiek izmantots cilindra izstiep\u0161anai un ievilk\u0161anai, nodro\u0161inot liel\u0101ku kontroli un elast\u012bbu darb\u012bb\u0101. Tas \u013cauj prec\u012bzi pozicion\u0113t kravu un efekt\u012bvi darbin\u0101t pa\u0161izg\u0101z\u0113ja hidraulisko pac\u0113l\u0101ja sist\u0113mu.<\/p>\n<p>Cilindra teleskopisk\u0101 konstrukcija nodro\u0161ina liel\u0101ku g\u0101jiena garumu sal\u012bdzin\u0101jum\u0101 ar tradicion\u0101lajiem cilindriem. Katrs cilindra posms izstiepjas un ievelkas neatkar\u012bgi, nodro\u0161inot gar\u0101ku kop\u0113jo g\u0101jienu. \u0160is palielin\u0101tais g\u0101jiena garums \u013cauj pa\u0161izg\u0101z\u0113jiem pacelt kravas liel\u0101k\u0101 augstum\u0101, uzlabojot to produktivit\u0101ti un daudzpus\u012bbu b\u016bvlaukumos un cit\u0101s r\u016bpniecisk\u0101s vid\u0113s.<\/p>\n<p>Kvalitat\u012bvi pa\u0161izg\u0101z\u0113ju hidrauliskie pac\u0113l\u0101ju cilindri ir prec\u012bzi konstru\u0113ti, lai nodro\u0161in\u0101tu uzticamu un nemain\u012bgu veiktsp\u0113ju. Tie tiek pak\u013cauti stingr\u0101m p\u0101rbaud\u0113m un kvalit\u0101tes kontroles pas\u0101kumiem, lai atbilstu nozares standartiem un klientu pras\u012bb\u0101m. \u0160ie cilindri ir izstr\u0101d\u0101ti, lai iztur\u0113tu skarbus ekspluat\u0101cijas apst\u0101k\u013cus un nodro\u0161in\u0101tu ilgu kalpo\u0161anas laiku, samazinot d\u012bkst\u0101ves laiku un apkopes izmaksas.<\/p>\n<p>Nosl\u0113gum\u0101 j\u0101saka, ka apgrieztais teleskopiskais cilindrs, kas paz\u012bstams ar\u012b k\u0101 divk\u0101r\u0161as darb\u012bbas teleskopiskais hidrauliskais cilindrs, ir b\u016btiska sast\u0101vda\u013ca kvalitat\u012bvu pa\u0161izg\u0101z\u0113ju hidraulisko pac\u0113l\u0101ju sist\u0113mu ra\u017eo\u0161an\u0101. T\u0101 kompaktais dizains, sp\u0113ja rad\u012bt lielus sp\u0113kus un efekt\u012bv\u0101 darb\u012bba padara to par b\u016btisku elementu da\u017e\u0101dos r\u016bpnieciskos pielietojumos. Pateicoties teleskopiskajam dizainam un divk\u0101r\u0161as darb\u012bbas funkcionalit\u0101tei, tas pied\u0101v\u0101 izcilu g\u0101jiena garumu un kontroli, uzlabojot pa\u0161izg\u0101z\u0113ju veiktsp\u0113ju un produktivit\u0101ti. Pateicoties kvalitat\u012bvai ra\u017eo\u0161anai un prec\u012bzai in\u017eenierijai, \u0161ie cilindri nodro\u0161ina uzticamu un iztur\u012bgu darb\u012bbu, garant\u0113jot pa\u0161izg\u0101z\u0113ju hidraulisko pac\u0113l\u0101ju sist\u0113mu vienm\u0113r\u012bgu darb\u012bbu.<\/p>\n<h3>Par FMP hidraulisko cilindru<\/h3>\n<p><img decoding=\"async\" src=\"https:\/\/fmp-components.com\/wp-content\/uploads\/2024\/12\/Adjustable-Clevis-Type-Cylinders-6.webp\" alt=\"Regul\u0113jams skavu tipa cilindrs\" width=\"802\" title=\"\"><\/p>\n<p>Uz\u0146\u0113mum\u0101 FMP m\u0113s specializ\u0113jamies augstas kvalit\u0101tes hidraulisko cilindru ra\u017eo\u0161an\u0101 un p\u0101rdo\u0161an\u0101. Pateicoties m\u016bsu pla\u0161ajai pieredzei nozar\u0113 un profesion\u0101lajai komandai, m\u0113s esam ap\u0146\u0113mu\u0161ies nodro\u0161in\u0101t m\u016bsu klientiem uzticamus un efekt\u012bvus risin\u0101jumus vi\u0146u celtniec\u012bbas tehnikas vajadz\u012bb\u0101m. \u0160eit ir piecas galven\u0101s m\u016bsu produktu un uz\u0146\u0113muma priek\u0161roc\u012bbas:<\/p>\n<p>1. Pla\u0161s hidraulisko cilindru kl\u0101sts: M\u0113s pied\u0101v\u0101jam pla\u0161u hidraulisko cilindru kl\u0101stu, kas atbilst da\u017e\u0101d\u0101m celtniec\u012bbas tehnikas pras\u012bb\u0101m. S\u0101kot no standarta cilindriem l\u012bdz piel\u0101gotiem risin\u0101jumiem, mums ir zin\u0101\u0161anas, lai apmierin\u0101tu j\u016bsu \u012bpa\u0161\u0101s vajadz\u012bbas.<\/p>\n<p>2. Izcila kvalit\u0101te: M\u016bsu hidrauliskie cilindri tiek ra\u017eoti, izmantojot augst\u0101k\u0101s kvalit\u0101tes materi\u0101lus un progres\u012bvas tehnolo\u0123ijas, nodro\u0161inot izcilu iztur\u012bbu un veiktsp\u0113ju. Katrs cilindrs tiek pak\u013cauts stingr\u0101m kvalit\u0101tes p\u0101rbaud\u0113m, lai atbilstu augst\u0101kajiem nozares standartiem.<\/p>\n<p>3. Pieredz\u0113jusi p\u0101rdo\u0161anas komanda: m\u016bsu pieredz\u0113ju\u0161\u0101 p\u0101rdo\u0161anas komanda labi p\u0101rzina jaun\u0101k\u0101s tendences un klientu piepras\u012bjumu b\u016bvniec\u012bbas tehnikas nozar\u0113. Vi\u0146i sniedz profesion\u0101las produktu konsult\u0101cijas un v\u0113rt\u012bgus pirk\u0161anas ieteikumus, lai pal\u012bdz\u0113tu jums pie\u0146emt p\u0101rdom\u0101tus l\u0113mumus.<\/p>\n<p>4. Efekt\u012bva lo\u0123istikas izplat\u012b\u0161ana: M\u0113s saprotam savlaic\u012bgas pieg\u0101des noz\u012bmi. M\u016bsu efekt\u012bv\u0101 lo\u0123istikas izplat\u012b\u0161anas sist\u0113ma nodro\u0161ina, ka j\u016bs savlaic\u012bgi un prec\u012bzi sa\u0146emsiet nepiecie\u0161amos hidrauliskos cilindrus, samazinot d\u012bkst\u0101ves laiku un palielinot produktivit\u0101ti.<\/p>\n<p>5. Sp\u0113c\u012bgas pieg\u0101d\u0101t\u0101ju partnerattiec\u012bbas: M\u0113s esam izveidoju\u0161i ilgtermi\u0146a un stabilas attiec\u012bbas ar augstas kvalit\u0101tes pieg\u0101d\u0101t\u0101jiem vis\u0101 pasaul\u0113. Tas \u013cauj mums ieg\u016bt un nodro\u0161in\u0101t celtniec\u012bbas tehnikas deta\u013cas, kas atbilst stingriem kvalit\u0101tes standartiem, nodro\u0161inot m\u016bsu hidraulisko cilindru uzticam\u012bbu un ilgm\u016b\u017e\u012bbu.<\/p>\n<p>Izv\u0113lieties FMP hidraulisko cilindru, lai nodro\u0161in\u0101tu izcilu kvalit\u0101ti, uzticamu veiktsp\u0113ju un lielisku klientu apkalpo\u0161anu. Sadarbojieties ar mums jau \u0161odien un izbaudiet at\u0161\u0137ir\u012bbu sav\u0101s celtniec\u012bbas tehnikas darb\u012bb\u0101s.<br \/>\nAutors: CX<\/p>","protected":false},"excerpt":{"rendered":"<p>Introducing the Quality Manufacturing Dump Truck Hydraulic Hoist Cylinder Double Acting Telescopic Hydraulic Cylinder: The Quality Manufacturing Dump Truck Hydraulic Hoist Cylinder is a double-acting telescopic hydraulic cylinder designed specifically for dump trucks. It is manufactured to the highest standards of quality and performance. This hydraulic cylinder is built to withstand heavy loads and operate [&hellip;]<\/p>","protected":false},"featured_media":1602,"comment_status":"closed","ping_status":"closed","template":"","meta":{"_et_pb_use_builder":"","_et_pb_old_content":"","_et_gb_content_width":""},"product_brand":[],"product_cat":[45],"product_tag":[34,48],"class_list":{"0":"post-1601","1":"product","2":"type-product","3":"status-publish","4":"has-post-thumbnail","6":"product_cat-inverted-telescopic-cylinder","7":"product_tag-hydraulic-cylinder","8":"product_tag-inverted-telescopic-cylinder","10":"first","11":"instock","12":"product-type-simple"},"_links":{"self":[{"href":"https:\/\/fmp-components.com\/lv\/wp-json\/wp\/v2\/product\/1601","targetHints":{"allow":["GET"]}}],"collection":[{"href":"https:\/\/fmp-components.com\/lv\/wp-json\/wp\/v2\/product"}],"about":[{"href":"https:\/\/fmp-components.com\/lv\/wp-json\/wp\/v2\/types\/product"}],"replies":[{"embeddable":true,"href":"https:\/\/fmp-components.com\/lv\/wp-json\/wp\/v2\/comments?post=1601"}],"wp:featuredmedia":[{"embeddable":true,"href":"https:\/\/fmp-components.com\/lv\/wp-json\/wp\/v2\/media\/1602"}],"wp:attachment":[{"href":"https:\/\/fmp-components.com\/lv\/wp-json\/wp\/v2\/media?parent=1601"}],"wp:term":[{"taxonomy":"product_brand","embeddable":true,"href":"https:\/\/fmp-components.com\/lv\/wp-json\/wp\/v2\/product_brand?post=1601"},{"taxonomy":"product_cat","embeddable":true,"href":"https:\/\/fmp-components.com\/lv\/wp-json\/wp\/v2\/product_cat?post=1601"},{"taxonomy":"product_tag","embeddable":true,"href":"https:\/\/fmp-components.com\/lv\/wp-json\/wp\/v2\/product_tag?post=1601"}],"curies":[{"name":"wp","href":"https:\/\/api.w.org\/{rel}","templated":true}]}}