{"id":1599,"date":"2024-12-23T06:59:20","date_gmt":"2024-12-23T06:59:20","guid":{"rendered":"https:\/\/fmp-components.com\/product\/customized-double-acting-telescopic-hydraulic-cylinder-for-dump-trailer\/"},"modified":"2024-12-23T08:26:07","modified_gmt":"2024-12-23T08:26:07","slug":"customized-double-acting-telescopic-hydraulic-cylinder-for-dump-trailer","status":"publish","type":"product","link":"https:\/\/fmp-components.com\/lv\/product\/customized-double-acting-telescopic-hydraulic-cylinder-for-dump-trailer\/","title":{"rendered":"Piel\u0101gots divk\u0101r\u0161as darb\u012bbas teleskopiskais hidrauliskais cilindrs pa\u0161izg\u0101z\u0113ja piekabei"},"content":{"rendered":"<h2>Iepaz\u012bstin\u0101m ar piel\u0101gotu divk\u0101r\u0161as darb\u012bbas teleskopisko hidraulisko cilindru pa\u0161izg\u0101z\u0113ja piekabei:<\/h2>\n<p>Piel\u0101gotais divk\u0101r\u0161\u0101s darb\u012bbas teleskopiskais hidrauliskais cilindrs ir \u012bpa\u0161i izstr\u0101d\u0101ts pa\u0161izg\u0101z\u0113ju piekab\u0113m, nodro\u0161inot izcilu veiktsp\u0113ju un iztur\u012bbu. \u0160is augstas kvalit\u0101tes hidrauliskais cilindrs ir izstr\u0101d\u0101ts, lai iztur\u0113tu lielas slodzes un skarbus darba apst\u0101k\u013cus.<\/p>\n<p>Galven\u0101s iez\u012bmes:<\/p>\n<p>1. Divk\u0101r\u0161a darb\u012bba: Cilindrs ir paredz\u0113ts gan izstiep\u0161anai, gan ievilk\u0161anai, nodro\u0161inot efekt\u012bvu un daudzpus\u012bgu darb\u012bbu.<\/p>\n<p>2. Teleskopisk\u0101 konstrukcija: Pateicoties teleskopiskajai konstrukcijai, \u0161is hidrauliskais cilindrs pied\u0101v\u0101 vair\u0101kus pagarin\u0101juma l\u012bme\u0146us, kas \u013cauj uzlabot cel\u0161anas sp\u0113jas un kontroli.<\/p>\n<p>3. Piel\u0101gojams: Cilindru var piel\u0101got \u012bpa\u0161\u0101m pras\u012bb\u0101m, tostarp g\u0101jiena garumam, mont\u0101\u017eas iesp\u0113j\u0101m un spiediena r\u0101d\u012bt\u0101jiem. \u0160\u012b elast\u012bba nodro\u0161ina neman\u0101mu integr\u0101ciju da\u017e\u0101dos pa\u0161izg\u0101z\u0113ju piekabju pielietojumos.<\/p>\n<p>4. Izcila iztur\u012bba: Izgatavots no augst\u0101k\u0101s kvalit\u0101tes materi\u0101liem, cilindrs lepojas ar izcilu iztur\u012bbu un notur\u012bbu, nodro\u0161inot optim\u0101lu veiktsp\u0113ju pat \u0101rk\u0101rt\u0113jas slodzes apst\u0101k\u013cos.<\/p>\n<p>5. Prec\u012bza in\u017eenierija: Katrs cilindrs ir r\u016bp\u012bgi izstr\u0101d\u0101ts, lai nodro\u0161in\u0101tu prec\u012bzu kust\u012bbu un vienm\u0113r\u012bgu darb\u012bbu, garant\u0113jot uzticamu un nemain\u012bgu veiktsp\u0113ju.<\/p>\n<p>6. Vienk\u0101r\u0161a uzst\u0101d\u012b\u0161ana: Cilindrs ir paredz\u0113ts vienk\u0101r\u0161ai uzst\u0101d\u012b\u0161anai, samazinot d\u012bkst\u0101ves laiku un palielinot produktivit\u0101ti.<\/p>\n<p>Lietojumi:<\/p>\n<p>Piel\u0101gotais divk\u0101r\u0161\u0101s darb\u012bbas teleskopiskais hidrauliskais cilindrs ir piem\u0113rots pla\u0161am pa\u0161izg\u0101z\u0113ju piekabju pielietojumu kl\u0101stam, tostarp b\u016bvlaukumiem, ieguves darbiem, lauksaimniec\u012bbai un transportam. T\u0101 robustais dizains un uzticam\u0101 veiktsp\u0113ja padara to par ide\u0101lu izv\u0113li smag\u0101m darba vid\u0113m.<\/p>\n<table style=\"width: 100%;\" border=\"1\" width=\"100%\" cellspacing=\"0\" cellpadding=\"0\">\n<tbody>\n<tr>\n<th>Produkta nosaukums<\/th>\n<td>Piel\u0101gots divk\u0101r\u0161as darb\u012bbas teleskopiskais hidrauliskais cilindrs pa\u0161izg\u0101z\u0113ja piekabei<\/td>\n<\/tr>\n<tr>\n<th>St\u0101voklis<\/th>\n<td>Jauns<\/td>\n<\/tr>\n<tr>\n<th>Garantija<\/th>\n<td>1 gads<\/td>\n<\/tr>\n<tr>\n<th>Maksim\u0101l\u0101 vilce<\/th>\n<td>3000<\/td>\n<\/tr>\n<tr>\n<th>Maksim\u0101lais vilk\u0161anas sp\u0113ks<\/th>\n<td>20 tonnas<\/td>\n<\/tr>\n<tr>\n<th>Dizains<\/th>\n<td>Divk\u0101r\u0161as darb\u012bbas teleskopiskais cilindrs<\/td>\n<\/tr>\n<tr>\n<th>Galven\u0101s sast\u0101vda\u013cas<\/th>\n<td>Gultnis un virzu\u013ca cilindrs<\/td>\n<\/tr>\n<tr>\n<th>Materi\u0101ls<\/th>\n<td>Iztur\u012bgs t\u0113rauds<\/td>\n<\/tr>\n<tr>\n<th>Baro\u0161anas avots<\/th>\n<td>Hidraulisk\u0101<\/td>\n<\/tr>\n<tr>\n<th>Sertifik\u0101cija<\/th>\n<td>ISO9001:2000<\/td>\n<\/tr>\n<tr>\n<th>Veiktsp\u0113ja<\/th>\n<td>Izcila iztur\u012bba un daudzpus\u012bba<\/td>\n<\/tr>\n<tr>\n<th>Piem\u0113rojam\u0101s nozares<\/th>\n<td>Ra\u017eo\u0161anas r\u016bpn\u012bcas, Ma\u0161\u012bnu remonta darbn\u012bcas, Lauksaimniec\u012bbas saimniec\u012bbas, Ener\u0123\u0113tika un ieguves r\u016bpniec\u012bba, Ma\u0161\u012bnu ra\u017eo\u0161ana, Ma\u0161\u012bnu r\u016bpn\u012bcas<\/td>\n<\/tr>\n<\/tbody>\n<\/table>\n<p><img decoding=\"async\" src=\"https:\/\/hzpt.com\/wp-content\/uploads\/2023\/11\/Inverted-Telescopic-Cylinder-10.webp\" alt=\"\" title=\"\"><\/p>\n<h2>Divk\u0101r\u0161as darb\u012bbas teleskopisk\u0101 hidraulisk\u0101 cilindra \u012bpa\u0161\u012bbas<\/h2>\n<p>\u0160is inovat\u012bvais hidrauliskais cilindrs ir apr\u012bkots ar augst\u0101k\u0101s klases funkcij\u0101m, kas padara to par izcilu produktu:<\/p>\n<ul>\n<li><b>Standarta strukt\u016bra:<\/b> Produktam ir standarta virzu\u013ccilindra strukt\u016bra, kas nodro\u0161ina uzticamu veiktsp\u0113ju.<\/li>\n<li><b>Maksim\u0101l\u0101 vilce un vilkme:<\/b> Tas pied\u0101v\u0101 maksim\u0101lo vilci 3000 tonnu un maksim\u0101lo vilk\u0161anas sp\u0113ku 20 tonnas, nodro\u0161inot jaud\u012bgu veiktsp\u0113ju.<\/li>\n<li><b>Kvalitat\u012bvi materi\u0101li:<\/b> Izgatavots no iztur\u012bga t\u0113rauda, \u200b\u200bcilindrs garant\u0113 iztur\u012bbu un ilgsto\u0161u lieto\u0161anu.<\/li>\n<li><b>Piel\u0101go\u0161ana:<\/b> Cilindrs ir meln\u0101 kr\u0101s\u0101 ar piel\u0101gojamu urbuma izm\u0113ru, stie\u0146a izm\u0113ru, g\u0101jiena izm\u0113ru un tapas izm\u0113ru.<\/li>\n<li><b>Sertific\u0113ts:<\/b> Balonam ir ISO9001:2000 sertifik\u0101ts, kas apliecina kvalit\u0101ti un atbilst\u012bbu nozares standartiem.<\/li>\n<\/ul>\n<h2>Hidraulisk\u0101 cilindra pielietojums<\/h2>\n<p>Divk\u0101r\u0161\u0101s darb\u012bbas teleskopiskais hidrauliskais cilindrs ir ide\u0101li piem\u0113rots da\u017e\u0101d\u0101m nozar\u0113m un pielietojumiem. Tas ir \u012bpa\u0161i noder\u012bgs ra\u017eo\u0161anas r\u016bpn\u012bc\u0101m, ma\u0161\u012bnb\u016bves remonta darbn\u012bc\u0101m, lauksaimniec\u012bbas zem\u0113m, ener\u0123\u0113tikas un kalnr\u016bpniec\u012bbas nozar\u0113m, ma\u0161\u012bnb\u016bves ra\u017eo\u0161anai un ma\u0161\u012bnb\u016bves r\u016bpn\u012bc\u0101m.<\/p>\n<p><img decoding=\"async\" src=\"https:\/\/hzpt.com\/wp-content\/uploads\/2023\/11\/Inverted-Telescopic-Cylinder-Applications.webp\" alt=\"Apgrieztu teleskopisko cilindru pielietojumi\" title=\"\"><\/p>\n<h2>Hidraulisk\u0101 cilindra darb\u012bbas princips un apkope<\/h2>\n<p>Divk\u0101r\u0161\u0101s darb\u012bbas teleskopiskais hidrauliskais cilindrs darbojas, pamatojoties uz \u0161\u0137idrumu meh\u0101nikas principiem, kur hidrauliskais spiediens rada sp\u0113ku, kas p\u0101rvieto cilindra virzuli. \u0160\u012b darb\u012bba var rad\u012bt sp\u0113c\u012bgu vilci vai vilkmi, kas ir piem\u0113rota da\u017e\u0101diem r\u016bpnieciskiem pielietojumiem. \u0160eit ir da\u017ei svar\u012bgi apkopes padomi, lai nodro\u0161in\u0101tu cilindra ilgm\u016b\u017e\u012bbu:<\/p>\n<p><img decoding=\"async\" src=\"https:\/\/hzpt.com\/wp-content\/uploads\/2023\/11\/Inverted-Telescopic-Cylinder-17.webp\" alt=\"\" title=\"\"><\/p>\n<ul>\n<li><b>Regul\u0101ras p\u0101rbaudes:<\/b> Regul\u0101ri p\u0101rbaudiet cilindru, vai nav nodiluma, pl\u012bsumu vai boj\u0101jumu. Agr\u012bna atkl\u0101\u0161ana var nov\u0113rst turpm\u0101kas probl\u0113mas.<\/li>\n<li><b>T\u012br\u012b\u0161ana:<\/b> Uzturiet cilindru t\u012bru, lai izvair\u012btos no nos\u0113dumiem, kas var\u0113tu trauc\u0113t t\u0101 darb\u012bbai.<\/li>\n<li><b>E\u013c\u013co\u0161ana:<\/b> Regul\u0101ri iee\u013c\u013cojiet cilindru, lai nodro\u0161in\u0101tu vienm\u0113r\u012bgu darb\u012bbu un samazin\u0101tu berzi.<\/li>\n<li><b>Remonts un nomai\u0146a:<\/b> Jebk\u0101du boj\u0101jumu gad\u012bjum\u0101 nodro\u0161iniet savlaic\u012bgu remontu vai nomai\u0146u, lai izvair\u012btos no darb\u012bbas trauc\u0113jumiem.<\/li>\n<li><b>Izpildiet rokasgr\u0101matu:<\/b> Vienm\u0113r iev\u0113rojiet lietot\u0101ja rokasgr\u0101matu, lai ieg\u016btu prec\u012bzas lieto\u0161anas un apkopes vadl\u012bnijas.<\/li>\n<\/ul>\n<h2>Apgriezts teleskopiskais cilindrs<\/h2>\n<p>Piel\u0101gots divk\u0101r\u0161as darb\u012bbas teleskopiskais hidrauliskais cilindrs pa\u0161izg\u0101z\u0113ja piekabei ir \u012bpa\u0161a veida hidrauliskais cilindrs, ko pla\u0161i izmanto da\u017e\u0101d\u0101s nozar\u0113s, \u012bpa\u0161i b\u016bvniec\u012bbas un transporta nozar\u0113s. \u0160is inovat\u012bvais cilindra dizains pied\u0101v\u0101 daudzas priek\u0161roc\u012bbas, tostarp palielin\u0101tu celtsp\u0113ju, uzlabotu stabilit\u0101ti un uzlabotu kontroli p\u0101r smagu kravu p\u0101rvieto\u0161anu.<\/p>\n<p>Viena no piel\u0101got\u0101 divk\u0101r\u0161as darb\u012bbas teleskopisk\u0101 hidraulisk\u0101 cilindra pa\u0161izg\u0101z\u0113jam galvenaj\u0101m iez\u012bm\u0113m ir t\u0101 apgriezt\u0101 teleskopisk\u0101 konstrukcija. Tas noz\u012bm\u0113, ka cilindra \u0101r\u0113j\u0101 pak\u0101pe ir visliel\u0101k\u0101, un katra n\u0101kam\u0101 pak\u0101pe pak\u0101peniski samazin\u0101s. \u0160is unik\u0101lais izk\u0101rtojums \u013cauj pan\u0101kt kompaktu ievilktu garumu, vienlaikus nodro\u0161inot pagarin\u0101tu g\u0101jiena garumu, kad tas nepiecie\u0161ams. Apgriezt\u0101 teleskopisk\u0101 konfigur\u0101cija veicina ar\u012b cilindra kop\u0113jo stabilit\u0101ti un iztur\u012bbu.<\/p>\n<p>Tagad izp\u0113t\u012bsim piel\u0101got\u0101 divk\u0101r\u0161as darb\u012bbas teleskopisk\u0101 hidraulisk\u0101 cilindra priek\u0161roc\u012bbas pa\u0161izg\u0101z\u0113ja piekabei:<\/p>\n<ol>\n<li><strong>Palielin\u0101ta celtsp\u0113ja:<\/strong> Apgriezt\u0101 teleskopisk\u0101 konstrukcija \u013cauj cilindram iztur\u0113t liel\u0101kas slodzes sal\u012bdzin\u0101jum\u0101 ar parastajiem hidrauliskajiem cilindriem. Tas ir saist\u012bts ar liel\u0101k\u0101s \u0101r\u0113j\u0101s pak\u0101pes palielin\u0101to virsmas laukumu, kas nodro\u0161ina lab\u0101ku svara sadal\u012bjumu un nestsp\u0113ju.<\/li>\n<li><strong>Uzlabota kontrole:<\/strong> Piel\u0101gots divk\u0101r\u0161as darb\u012bbas teleskopiskais hidrauliskais cilindrs pa\u0161izg\u0101z\u0113ja piekabei pied\u0101v\u0101 izcilu pa\u0161izg\u0101z\u0113ja piekabes kust\u012bbas kontroli. Daudzpak\u0101pju konstrukcija \u013cauj prec\u012bzi pozicion\u0113t un vienm\u0113r\u012bgi darboties, nodro\u0161inot materi\u0101lu dro\u0161u un efekt\u012bvu iekrau\u0161anu un izkrau\u0161anu.<\/li>\n<li><strong>Uzlabota stabilit\u0101te:<\/strong> Apgrieztais teleskopiskais izk\u0101rtojums nodro\u0161ina uzlabotu stabilit\u0101ti pacel\u0161anas un nolai\u0161anas proces\u0101. Liel\u0101ka \u0101r\u0113j\u0101 platforma pied\u0101v\u0101 stabilu atbalsta pamatni, samazinot sasv\u0113r\u0161an\u0101s vai apg\u0101\u0161an\u0101s risku, str\u0101d\u0101jot ar smag\u0101m krav\u0101m.<\/li>\n<li><strong>Piel\u0101go\u0161anas iesp\u0113jas:<\/strong> Piel\u0101goto divk\u0101r\u0161as darb\u012bbas teleskopisko hidraulisko cilindru pa\u0161izg\u0101z\u0113ja piekabei var piel\u0101got \u012bpa\u0161\u0101m pras\u012bb\u0101m. Tas ietver g\u0101jiena garuma, urbuma izm\u0113ra un mont\u0101\u017eas konfigur\u0101ciju piel\u0101go\u0161anu. \u0160\u012bs opcijas nodro\u0161ina sader\u012bbu ar da\u017e\u0101diem pa\u0161izg\u0101z\u0113ju piekabju konstrukcij\u0101m un pielietojumiem.<\/li>\n<\/ol>\n<p>Nosl\u0113gum\u0101 j\u0101saka, ka piel\u0101gotais divk\u0101r\u0161as darb\u012bbas teleskopiskais hidrauliskais cilindrs pa\u0161izg\u0101z\u0113ja piekabei ir daudzpus\u012bgs un uzticams hidraulisk\u0101 cilindra risin\u0101jums. T\u0101 apgrieztais teleskopiskais dizains, k\u0101 ar\u012b palielin\u0101t\u0101 celtsp\u0113ja, uzlabot\u0101 vad\u012bba, uzlabot\u0101 stabilit\u0101te un piel\u0101go\u0161anas iesp\u0113jas padara to par ide\u0101lu izv\u0113li da\u017e\u0101d\u0101m nozar\u0113m. Neatkar\u012bgi no t\u0101, vai tas ir b\u016bvniec\u012bbas vai transporta nozar\u0113, \u0161is cilindrs pied\u0101v\u0101 izcilu veiktsp\u0113ju un efektivit\u0101ti, nodro\u0161inot optim\u0101lu produktivit\u0101ti un dro\u0161\u012bbu pa\u0161izg\u0101z\u0113ja piekabes darb\u012bb\u0101s.<\/p>\n<h3>Par FMP hidraulisko cilindru<\/h3>\n<p>FMP ir vado\u0161ais uz\u0146\u0113mums, kas specializ\u0113jas augstas kvalit\u0101tes celtniec\u012bbas tehnikas deta\u013cu un pilnu iek\u0101rtu p\u0101rdo\u0161an\u0101 un apkalpo\u0161an\u0101. M\u016bsu hidrauliskais cilindrs ir viens no m\u016bsu vislab\u0101k p\u0101rdotajiem produktiem, un m\u0113s ar lepnumu pied\u0101v\u0101jam t\u0101 \u012bpa\u0161\u012bbas un priek\u0161roc\u012bbas m\u016bsu klientiem:<\/p>\n<ol>\n<li><strong>Iztur\u012bgs un ilgm\u016b\u017e\u012bgs:<\/strong> M\u016bsu hidrauliskais cilindrs ir izgatavots no augstas kvalit\u0101tes materi\u0101liem, kas nodro\u0161ina t\u0101 iztur\u012bbu un ilgm\u016b\u017e\u012bbu. Tas ir paredz\u0113ts, lai iztur\u0113tu skarbu vidi un lielas slodzes darb\u012bbas, padarot to par ide\u0101lu izv\u0113li celtniec\u012bbas ma\u0161\u012bn\u0101m.<\/li>\n<li><strong>Piel\u0101gojams:<\/strong> M\u0113s pied\u0101v\u0101jam pla\u0161u hidraulisko cilindru veidu kl\u0101stu, tostarp regul\u0113jamus skavu tipa cilindrus, cilindrus ar \u0161arn\u012brsavienojumu un metin\u0101tus cilindrus. M\u016bsu ekspertu komanda var ar\u012b piel\u0101got cilindrus atbilsto\u0161i j\u016bsu unik\u0101laj\u0101m pras\u012bb\u0101m un specifik\u0101cij\u0101m.<\/li>\n<li><strong>Gludi un efekt\u012bvi:<\/strong> M\u016bsu hidrauliskajam cilindram ir augstas kvalit\u0101tes virzu\u013ca un stie\u0146a bl\u012bv\u0113jums, kas nodro\u0161ina vienm\u0113r\u012bgu un efekt\u012bvu darb\u012bbu. Tam ir ar\u012b kompakts dizains, kas ietaupa uzst\u0101d\u012b\u0161anas vietu un samazina ener\u0123ijas pat\u0113ri\u0146u.<\/li>\n<li><strong>Izmaksu zi\u0146\u0101 efekt\u012bvs:<\/strong> M\u016bsu hidrauliskais cilindrs ir par konkur\u0113tsp\u0113j\u012bgu cenu, vienlaikus saglab\u0101jot augstus kvalit\u0101tes standartus. T\u0101 zem\u0101s apkopes pras\u012bbas un ilgais kalpo\u0161anas laiks ar\u012b samazina m\u016bsu klientu ekspluat\u0101cijas izmaksas.<\/li>\n<li><strong>Lielisks klientu apkalpo\u0161anas serviss:<\/strong> FMP mums ir pieredz\u0113ju\u0161u un profesion\u0101lu p\u0101rdo\u0161anas p\u0101rst\u0101vju komanda, kas sniedz ekspertu konsult\u0101cijas par produktiem un p\u0101rdom\u0101tus pirk\u0161anas ieteikumus. Mums ir ar\u012b efekt\u012bva lo\u0123istikas izplat\u012b\u0161anas sist\u0113ma, kas nodro\u0161ina savlaic\u012bgu un prec\u012bzu m\u016bsu produktu pieg\u0101di klientiem.<\/li>\n<\/ol>\n<p>K\u0101 uz\u0146\u0113mums, kas \u0161aj\u0101 nozar\u0113 darbojas jau daudzus gadus, m\u0113s esam ap\u0146\u0113mu\u0161ies nodro\u0161in\u0101t saviem klientiem lab\u0101kos produktus un pakalpojumus. Ar FMP hidraulisko cilindru j\u016bs varat b\u016bt p\u0101rliecin\u0101ti par uzticamu un augstas veiktsp\u0113jas hidraulisko sist\u0113mu j\u016bsu celtniec\u012bbas tehnikas vajadz\u012bb\u0101m.<\/p>\n<p><img decoding=\"async\" src=\"https:\/\/fmp-components.com\/wp-content\/uploads\/2024\/12\/Adjustable-Clevis-Type-Cylinders-6.webp\" alt=\"Regul\u0113jams skavu tipa cilindrs\" width=\"801\" title=\"\"><br \/>\nAutors: CX<\/p>","protected":false},"excerpt":{"rendered":"<p>Introducing the Customized Double Acting Telescopic Hydraulic Cylinder For Dump Trailer: The Customized Double Acting Telescopic Hydraulic Cylinder is specifically designed for dump trailers, providing excellent performance and durability. This high-quality hydraulic cylinder is engineered to withstand heavy loads and harsh working conditions. Key Features: 1. Double Acting: The cylinder is designed to function in [&hellip;]<\/p>","protected":false},"featured_media":1600,"comment_status":"closed","ping_status":"closed","template":"","meta":{"_et_pb_use_builder":"","_et_pb_old_content":"","_et_gb_content_width":""},"product_brand":[],"product_cat":[45],"product_tag":[34,48],"class_list":{"0":"post-1599","1":"product","2":"type-product","3":"status-publish","4":"has-post-thumbnail","6":"product_cat-inverted-telescopic-cylinder","7":"product_tag-hydraulic-cylinder","8":"product_tag-inverted-telescopic-cylinder","10":"first","11":"instock","12":"product-type-simple"},"_links":{"self":[{"href":"https:\/\/fmp-components.com\/lv\/wp-json\/wp\/v2\/product\/1599","targetHints":{"allow":["GET"]}}],"collection":[{"href":"https:\/\/fmp-components.com\/lv\/wp-json\/wp\/v2\/product"}],"about":[{"href":"https:\/\/fmp-components.com\/lv\/wp-json\/wp\/v2\/types\/product"}],"replies":[{"embeddable":true,"href":"https:\/\/fmp-components.com\/lv\/wp-json\/wp\/v2\/comments?post=1599"}],"wp:featuredmedia":[{"embeddable":true,"href":"https:\/\/fmp-components.com\/lv\/wp-json\/wp\/v2\/media\/1600"}],"wp:attachment":[{"href":"https:\/\/fmp-components.com\/lv\/wp-json\/wp\/v2\/media?parent=1599"}],"wp:term":[{"taxonomy":"product_brand","embeddable":true,"href":"https:\/\/fmp-components.com\/lv\/wp-json\/wp\/v2\/product_brand?post=1599"},{"taxonomy":"product_cat","embeddable":true,"href":"https:\/\/fmp-components.com\/lv\/wp-json\/wp\/v2\/product_cat?post=1599"},{"taxonomy":"product_tag","embeddable":true,"href":"https:\/\/fmp-components.com\/lv\/wp-json\/wp\/v2\/product_tag?post=1599"}],"curies":[{"name":"wp","href":"https:\/\/api.w.org\/{rel}","templated":true}]}}