{"id":1540,"date":"2024-12-23T05:51:36","date_gmt":"2024-12-23T05:51:36","guid":{"rendered":"https:\/\/fmp-components.com\/product\/premium-quality-double-acting-mini-hydraulic-cylinder-for-snow-plow\/"},"modified":"2025-05-10T13:04:30","modified_gmt":"2025-05-10T13:04:30","slug":"premium-quality-double-acting-mini-hydraulic-cylinder-for-snow-plow","status":"publish","type":"product","link":"https:\/\/fmp-components.com\/lv\/product\/premium-quality-double-acting-mini-hydraulic-cylinder-for-snow-plow\/","title":{"rendered":"Augst\u0101k\u0101s kvalit\u0101tes divk\u0101r\u0161as darb\u012bbas mini hidrauliskais cilindrs sniega arklam"},"content":{"rendered":"<p>&nbsp;<\/p>\n<p><img decoding=\"async\" class=\"aligncenter\" title=\"Sniega arkla hidrauliskais cilindrs\" src=\"https:\/\/hzpt.com\/wp-content\/uploads\/2023\/11\/Snow-Plow-Hydraulic-Cylinder-3.webp\" alt=\"Sniega arkla hidrauliskais cilindrs\" \/><\/p>\n<p>Mini hidrauliskais cilindrs sniega t\u012br\u012bt\u0101jam ir izstr\u0101d\u0101ts vienk\u0101r\u0161ai uzst\u0101d\u012b\u0161anai un apkopei. T\u0101 lietot\u0101jam draudz\u012bgais dizains nodro\u0161ina \u0101tru uzst\u0101d\u012b\u0161anu un \u0113rtu darb\u012bbu. Pareizi kopjot un regul\u0101ri apkopjot, \u0161is cilindrs turpin\u0101s nodro\u0161in\u0101t izcilu veiktsp\u0113ju sezonu p\u0113c sezonas.<\/p>\n<p>Invest\u012bcijas augst\u0101k\u0101s kvalit\u0101tes divk\u0101r\u0161as darb\u012bbas mini hidrauliskaj\u0101 cilindr\u0101 sniega t\u012br\u012bt\u0101jam noz\u012bm\u0113 invest\u012bcijas uzticam\u0101 un efekt\u012bv\u0101 sniega t\u012br\u012b\u0161anas risin\u0101jum\u0101. Neatkar\u012bgi no t\u0101, vai esat profesion\u0101ls sniega t\u012br\u012b\u0161anas pakalpojumu sniedz\u0113js vai m\u0101jas \u012bpa\u0161nieks, kas t\u012bra savu piebraucamo ce\u013cu, \u0161is hidrauliskais cilindrs noteikti atbild\u012bs j\u016bsu vajadz\u012bb\u0101m un p\u0101rsniegs j\u016bsu cer\u012bbas. Atvadieties no ar sniegu saist\u012btiem \u0161\u0137\u0113r\u0161\u013ciem un sveiciniet vienm\u0113r\u012bg\u0101ku un efekt\u012bv\u0101ku sniega t\u012br\u012b\u0161anas pieredzi.<\/p>\n<h1>Augst\u0101k\u0101s kvalit\u0101tes divk\u0101r\u0161as darb\u012bbas mini hidrauliskais cilindrs sniega arklam<\/h1>\n<p>Iepaz\u012bstin\u0101m ar augst\u0101k\u0101s kvalit\u0101tes produktu, kas paredz\u0113ts efektivit\u0101tei un iztur\u012bbai. Augst\u0101k\u0101s kvalit\u0101tes divk\u0101r\u0161as darb\u012bbas mini hidrauliskais cilindrs sniega arklam ir jauns produkts, kas garant\u0113 izcilu veiktsp\u0113ju un uzticam\u012bbu. \u0160is produkts ir profesion\u0101li izstr\u0101d\u0101ts un ra\u017eots, lai atbilstu augst\u0101kajiem kvalit\u0101tes un funkcionalit\u0101tes standartiem.<\/p>\n<h2>Produkta p\u0101rskats<\/h2>\n<p>M\u016bsu divk\u0101r\u0161\u0101s darb\u012bbas mini hidrauliskais cilindrs ir standarta virzu\u013ccilindrs, ko darbina hidrauliskais sp\u0113ks. Tas ir izgatavots no iztur\u012bga t\u0113rauda, \u200b\u200bnodro\u0161inot, ka tas var iztur\u0113t vissare\u017e\u0123\u012bt\u0101kos apst\u0101k\u013cus. Ar maksim\u0101lo vilces sp\u0113ku 3000 un maksim\u0101lo vilk\u0161anas sp\u0113ku 20 tonnas \u0161is cilindrs ir pietiekami jaud\u012bgs, lai tiktu gal\u0101 ar lieljaudas lietojumiem. Cilindrs ir sertific\u0113ts saska\u0146\u0101 ar ISO9001:2000, kas garant\u0113 t\u0101 augst\u0101ko kvalit\u0101ti.<\/p>\n<h3>Produkta specifik\u0101cijas<\/h3>\n<ul>\n<li>Urbuma izm\u0113rs: 2\u20136 collas<\/li>\n<li>Stie\u0146a izm\u0113rs: 1,125\u20134 collas<\/li>\n<li>G\u0101jiena izm\u0113rs: 4\u2013100 collas<\/li>\n<li>Tapas izm\u0113rs: 0,5\u20132 collas<\/li>\n<li>Porti: G\/SAE\/NPT\/M<\/li>\n<\/ul>\n<p><img decoding=\"async\" src=\"https:\/\/hzpt.com\/wp-content\/uploads\/2023\/11\/Snow-Plow-Hydraulic-Cylinder-4Factory.webp\" alt=\"M\u016bsu r\u016bpn\u012bca\" title=\"\"><\/p>\n<h2>Regul\u0113jamu skavu tipa cilindru priek\u0161roc\u012bbas<\/h2>\n<p>Regul\u0113jami skavu tipa cilindri, piem\u0113ram, <em>Augst\u0101k\u0101s kvalit\u0101tes divk\u0101r\u0161as darb\u012bbas mini hidrauliskais cilindrs sniega arklam<\/em>, pied\u0101v\u0101 virkni priek\u0161roc\u012bbu un tiek pla\u0161i izmantoti da\u017e\u0101d\u0101s nozar\u0113s. \u0160aj\u0101 rakst\u0101 m\u0113s detaliz\u0113ti izp\u0113t\u012bsim \u0161o cilindru priek\u0161roc\u012bbas.<\/p>\n<h3>1. Uzlabota elast\u012bba un piel\u0101go\u0161an\u0101s sp\u0113ja<\/h3>\n<p>Viena no regul\u0113jamu skavu tipa cilindru galvenaj\u0101m priek\u0161roc\u012bb\u0101m ir to sp\u0113ja nodro\u0161in\u0101t uzlabotu elast\u012bbu un piel\u0101gojam\u012bbu da\u017e\u0101dos pielietojumos. \u0160iem cilindriem ir regul\u0113jams skavu stiprin\u0101jums, kas \u013cauj viegli regul\u0113t un prec\u012bzi novietot. \u0160\u012b elast\u012bba nodro\u0161ina, ka cilindru var viegli integr\u0113t da\u017e\u0101d\u0101s sist\u0113m\u0101s, padarot to par daudzpus\u012bgu izv\u0113li da\u017e\u0101diem hidrauliskiem pielietojumiem.<\/p>\n<h3>2. Optim\u0101la veiktsp\u0113ja un efektivit\u0101te<\/h3>\n<p>Pateicoties to modernajam dizainam un konstrukcijai, regul\u0113jamie skavu tipa cilindri pied\u0101v\u0101 optim\u0101lu veiktsp\u0113ju un efektivit\u0101ti. \u0160ie cilindri ir konstru\u0113ti, lai nodro\u0161in\u0101tu vienm\u0113r\u012bgas un prec\u012bzas kust\u012bbas, garant\u0113jot uzticamu darb\u012bbu sare\u017e\u0123\u012btos apst\u0101k\u013cos. Augstas kvalit\u0101tes materi\u0101lu un prec\u012bzu ra\u017eo\u0161anas meto\u017eu izmanto\u0161ana nodro\u0161ina cilindru, kas nodro\u0161ina nemain\u012bgu veiktsp\u0113ju, samazinot d\u012bkst\u0101ves laiku un palielinot produktivit\u0101ti.<\/p>\n<h3>3. Paaugstin\u0101ta iztur\u012bba un ilgm\u016b\u017e\u012bba<\/h3>\n<p>V\u0113l viena b\u016btiska regul\u0113jamu skavu tipa cilindru priek\u0161roc\u012bba ir to paaugstin\u0101t\u0101 iztur\u012bba un ilgm\u016b\u017e\u012bba. \u0160ie cilindri ir izgatavoti, lai iztur\u0113tu lielas slodzes, skarbu vidi un bie\u017eu lieto\u0161anu. To konstrukcij\u0101 izmantotie augst\u0101k\u0101s kvalit\u0101tes materi\u0101li, k\u0101 ar\u012b uzlabotas bl\u012bv\u0113\u0161anas tehnolo\u0123ijas nodro\u0161ina izcilu iztur\u012bbu pret nodilumu, koroziju un nopl\u016bd\u0113m. \u0160\u012b iztur\u012bba noz\u012bm\u0113 ilg\u0101ku kalpo\u0161anas laiku un samazin\u0101tas apkopes izmaksas.<\/p>\n<h3>4. Uzlabotas dro\u0161\u012bbas funkcijas<\/h3>\n<p>Regul\u0113jami skavu tipa cilindri bie\u017ei ir apr\u012bkoti ar uzlabot\u0101m dro\u0161\u012bbas funkcij\u0101m, padarot tos par uzticamu izv\u0113li kritiskiem lietojumiem. \u0160\u012bs dro\u0161\u012bbas funkcijas var ietvert aizsardz\u012bbu pret p\u0101rspiedienu, slodzes notur\u0113\u0161anas v\u0101rstus un av\u0101rijas aptur\u0113\u0161anas funkcijas. \u0160\u0101di dro\u0161\u012bbas pas\u0101kumi ne tikai aizsarg\u0101 pa\u0161u cilindru, bet ar\u012b nodro\u0161ina person\u0101la un apr\u012bkojuma dro\u0161\u012bbu apk\u0101rt\u0113j\u0101 vid\u0113.<\/p>\n<h3>5. Vienk\u0101r\u0161a uzst\u0101d\u012b\u0161ana un apkope<\/h3>\n<p>Pateicoties lietot\u0101jam draudz\u012bgajam dizainam, regul\u0113jamie skavu tipa cilindri pied\u0101v\u0101 vienk\u0101r\u0161u uzst\u0101d\u012b\u0161anu un apkopi. Regul\u0113jam\u0101 skavu stiprin\u0101juma sist\u0113ma nodro\u0161ina \u0101tru un vienk\u0101r\u0161u uzst\u0101d\u012b\u0161anu, ietaupot laiku un p\u016bles. Turkl\u0101t \u0161iem cilindriem bie\u017ei ir \u0113rti piek\u013cuves punkti apkopei un p\u0101rbaudei, atvieglojot regul\u0101ru apkopi un samazinot d\u012bkst\u0101ves laiku.<\/p>\n<p>Regul\u0113jami skavu tipa cilindri, piem\u0113ram, augst\u0101k\u0101s kvalit\u0101tes divk\u0101r\u0161as darb\u012bbas mini hidrauliskais cilindrs sniega arklam, sniedz daudzas priek\u0161roc\u012bbas elast\u012bbas, veiktsp\u0113jas, iztur\u012bbas, dro\u0161\u012bbas un lieto\u0161anas \u0113rtuma zi\u0146\u0101. \u0160ie cilindri ir uzticama izv\u0113le pla\u0161am hidraulisko pielietojumu kl\u0101stam, pied\u0101v\u0101jot uzlabotu funkcionalit\u0101ti un efektivit\u0101ti.<\/p>\n<h3>Par FMP \u2013 hidraulisko cilindru<\/h3>\n<p>Ja mekl\u0113jat uzticamus un augstas kvalit\u0101tes hidrauliskos cilindrus, esat non\u0101cis \u012bstaj\u0101 viet\u0101. FMP ir cien\u012bjams uz\u0146\u0113mums, kas specializ\u0113jas celtniec\u012bbas tehnikas deta\u013cu un pilnu iek\u0101rtu p\u0101rdo\u0161an\u0101 un apkalpo\u0161an\u0101. Ar daudzu gadu pieredzi nozar\u0113 un profesion\u0101lu komandu m\u0113s nodro\u0161in\u0101m saviem klientiem augst\u0101k\u0101 l\u012bme\u0146a hidrauliskos cilindrus, kas ir izstr\u0101d\u0101ti, lai atbilstu vi\u0146u \u012bpa\u0161aj\u0101m vajadz\u012bb\u0101m.<\/p>\n<p>\u0160eit ir pieci iemesli, k\u0101p\u0113c jums vajadz\u0113tu izv\u0113l\u0113ties FMP hidraulisko cilindru vajadz\u012bb\u0101m:<\/p>\n<p>1. Pla\u0161s produktu kl\u0101sts: FMP pied\u0101v\u0101 pla\u0161u hidraulisko cilindru kl\u0101stu, tostarp regul\u0113jamus cilindrus ar skavu, metin\u0101tus cilindrus ar skavu un daudzus citus. M\u016bsu produkti ir piem\u0113roti da\u017e\u0101du veidu celtniec\u012bbas tehnikai, tostarp lauksaimniec\u012bbas tehnikai, r\u016bpniec\u012bbas tehnikai un citai.<\/p>\n<p>2. Augst\u0101k\u0101s kvalit\u0101tes materi\u0101li: M\u016bsu produktos izmantojam tikai augst\u0101k\u0101s kvalit\u0101tes materi\u0101lus, nodro\u0161inot to atbilst\u012bbu stingriem kvalit\u0101tes standartiem. M\u016bsu hidrauliskie cilindri ir izgatavoti no augstas kvalit\u0101tes t\u0113rauda, \u200b\u200bkas nodro\u0161ina iztur\u012bbu un ilgsto\u0161u darb\u012bbu.<\/p>\n<p>3. Profesion\u0101la konsult\u0101cija: M\u016bsu pieredz\u0113ju\u0161\u0101 p\u0101rdo\u0161anas komanda vienm\u0113r ir gatava sniegt profesion\u0101las konsult\u0101cijas un padomus. M\u0113s izprotam b\u016bvniec\u012bbas tehnikas nozares att\u012bst\u012bbas tendences un klientu vajadz\u012bbas, un varam pal\u012bdz\u0113t jums izv\u0113l\u0113ties pareizo hidraulisko cilindru atbilsto\u0161i j\u016bsu vajadz\u012bb\u0101m.<\/p>\n<p>4. Efekt\u012bva lo\u0123istikas izplat\u012b\u0161anas sist\u0113ma: Mums ir efekt\u012bva lo\u0123istikas izplat\u012b\u0161anas sist\u0113ma, kas nodro\u0161ina, ka m\u016bsu klienti savlaic\u012bgi un prec\u012bzi sa\u0146em nepiecie\u0161am\u0101s deta\u013cas. Tas noz\u012bm\u0113, ka varat pa\u013cauties uz mums, ka pieg\u0101d\u0101sim j\u016bsu hidraulisko cilindru, kad tas jums b\u016bs nepiecie\u0161ams.<\/p>\n<p>5. Konkur\u0113tsp\u0113j\u012bgas cenas: FMP m\u0113s pied\u0101v\u0101jam savus produktus par konkur\u0113tsp\u0113j\u012bg\u0101m cen\u0101m, neapdraudot kvalit\u0101ti. M\u0113s uzskat\u0101m, ka ikvienam vajadz\u0113tu b\u016bt piek\u013cuvei augst\u0101k\u0101s kvalit\u0101tes hidrauliskajiem cilindriem par pie\u0146emamu cenu.<\/p>\n<p>T\u0101tad, ja mekl\u0113jat uzticamu un profesion\u0101lu hidraulisko cilindru pieg\u0101d\u0101t\u0101ju, FMP ir \u012bst\u0101 izv\u0113le. Sazinieties ar mums jau \u0161odien, lai uzzin\u0101tu vair\u0101k par m\u016bsu produktiem un pakalpojumiem.<\/p>\n<p><img decoding=\"async\" class=\"aligncenter\" src=\"https:\/\/fmp-components.com\/wp-content\/uploads\/2024\/12\/Adjustable-Clevis-Type-Cylinders-6.webp\" alt=\"Regul\u0113jams skavu tipa cilindrs\" width=\"848\" title=\"\"><\/p>\n<h2>Bie\u017ei uzdotie jaut\u0101jumi<\/h2>\n<ol>\n<li><b>J: K\u0101ds ir j\u016bsu hidraulisko cilindru ra\u017eo\u0161anas process?<\/b><br \/>\nA: M\u016bsu cilindri tiek ra\u017eoti, iev\u0113rojot stingrus ISO9001: 2000 standartus, nodro\u0161inot to kvalit\u0101ti un uzticam\u012bbu.<\/li>\n<li><b>J: Vai j\u016bs sniedzat p\u0113cp\u0101rdo\u0161anas pakalpojumus?<\/b><br \/>\nA: J\u0101, m\u0113s pied\u0101v\u0101jam lieliskus p\u0113cp\u0101rdo\u0161anas pakalpojumus, tostarp 1 gada garantiju galvenaj\u0101m sast\u0101vda\u013c\u0101m.<\/li>\n<li><b>J: Vai j\u016bs varat piel\u0101got hidraulisko cilindru atbilsto\u0161i \u012bpa\u0161\u0101m pras\u012bb\u0101m?<\/b><br \/>\nA: J\u0101, m\u0113s varam piel\u0101got produktu, pamatojoties uz j\u016bsu paraugiem vai tehniskajiem ras\u0113jumiem.<\/li>\n<\/ol>\n<p>Autors: CX<\/p>","protected":false},"excerpt":{"rendered":"<p>&nbsp; The Mini Hydraulic Cylinder for Snow Plow is engineered for easy installation and maintenance. Its user-friendly design allows for quick setup and hassle-free operation. With proper care and regular maintenance, this cylinder will continue to deliver excellent performance season after season. Investing in the Premium Quality Double Acting Mini Hydraulic Cylinder for Snow Plow [&hellip;]<\/p>","protected":false},"featured_media":1541,"comment_status":"closed","ping_status":"closed","template":"","meta":{"_et_pb_use_builder":"","_et_pb_old_content":"","_et_gb_content_width":""},"product_brand":[],"product_cat":[42],"product_tag":[34,44],"class_list":{"0":"post-1540","1":"product","2":"type-product","3":"status-publish","4":"has-post-thumbnail","6":"product_cat-snow-plow-hydraulic-cylinder","7":"product_tag-hydraulic-cylinder","8":"product_tag-snow-plow-hydraulic-cylinder","10":"first","11":"instock","12":"product-type-simple"},"_links":{"self":[{"href":"https:\/\/fmp-components.com\/lv\/wp-json\/wp\/v2\/product\/1540","targetHints":{"allow":["GET"]}}],"collection":[{"href":"https:\/\/fmp-components.com\/lv\/wp-json\/wp\/v2\/product"}],"about":[{"href":"https:\/\/fmp-components.com\/lv\/wp-json\/wp\/v2\/types\/product"}],"replies":[{"embeddable":true,"href":"https:\/\/fmp-components.com\/lv\/wp-json\/wp\/v2\/comments?post=1540"}],"wp:featuredmedia":[{"embeddable":true,"href":"https:\/\/fmp-components.com\/lv\/wp-json\/wp\/v2\/media\/1541"}],"wp:attachment":[{"href":"https:\/\/fmp-components.com\/lv\/wp-json\/wp\/v2\/media?parent=1540"}],"wp:term":[{"taxonomy":"product_brand","embeddable":true,"href":"https:\/\/fmp-components.com\/lv\/wp-json\/wp\/v2\/product_brand?post=1540"},{"taxonomy":"product_cat","embeddable":true,"href":"https:\/\/fmp-components.com\/lv\/wp-json\/wp\/v2\/product_cat?post=1540"},{"taxonomy":"product_tag","embeddable":true,"href":"https:\/\/fmp-components.com\/lv\/wp-json\/wp\/v2\/product_tag?post=1540"}],"curies":[{"name":"wp","href":"https:\/\/api.w.org\/{rel}","templated":true}]}}