{"id":1538,"date":"2024-12-23T05:51:36","date_gmt":"2024-12-23T05:51:36","guid":{"rendered":"https:\/\/fmp-components.com\/product\/factory-price-double-acting-agricultural-machinery-hydraulic-cylinder-snow-plow-hydraulic-cylinder\/"},"modified":"2024-12-23T06:08:03","modified_gmt":"2024-12-23T06:08:03","slug":"factory-price-double-acting-agricultural-machinery-hydraulic-cylinder-snow-plow-hydraulic-cylinder","status":"publish","type":"product","link":"https:\/\/fmp-components.com\/lv\/product\/factory-price-double-acting-agricultural-machinery-hydraulic-cylinder-snow-plow-hydraulic-cylinder\/","title":{"rendered":"R\u016bpn\u012bcas cena divk\u0101r\u0161as darb\u012bbas lauksaimniec\u012bbas tehnikas hidraulisk\u0101 cilindra sniega arkla hidrauliskais cilindrs"},"content":{"rendered":"<h2>R\u016bpn\u012bcas cena divk\u0101r\u0161as darb\u012bbas lauksaimniec\u012bbas tehnikas hidraulisk\u0101 cilindra sniega arkla hidrauliskais cilindrs<\/h2>\n<p>R\u016bpn\u012bcas cenas divk\u0101r\u0161as darb\u012bbas lauksaimniec\u012bbas tehnikas hidraulisk\u0101 cilindra sniega arkla hidrauliskais cilindrs ir augstas kvalit\u0101tes produkts, kas \u012bpa\u0161i paredz\u0113ts lauksaimniec\u012bbas tehnikai un sniega arkliem. Tas ir izgatavots, dom\u0101jot par precizit\u0101ti un iztur\u012bbu, lai iztur\u0113tu sare\u017e\u0123\u012btus darba apst\u0101k\u013cus.<\/p>\n<p>\u0160is hidrauliskais cilindrs ir divk\u0101r\u0161as darb\u012bbas, kas noz\u012bm\u0113, ka tas var stumt un vilkt ar vien\u0101du sp\u0113ku, padarot to \u013coti efekt\u012bvu da\u017e\u0101diem pielietojumiem. Neatkar\u012bgi no t\u0101, vai j\u0101ce\u013c smagas kravas vai j\u0101p\u0101rvar \u0161\u0137\u0113r\u0161\u013ci, \u0161is cilindrs nodro\u0161ina optim\u0101lu veiktsp\u0113ju.<\/p>\n<p>Ar savu iztur\u012bgo konstrukciju un uzticamo funkcionalit\u0101ti r\u016bpn\u012bcas cenas divk\u0101r\u0161as darb\u012bbas lauksaimniec\u012bbas tehnikas hidraulisk\u0101 cilindra sniega arkla hidrauliskais cilindrs nodro\u0161ina vienm\u0113r\u012bgu un jaud\u012bgu darb\u012bbu. Tas ir izstr\u0101d\u0101ts, lai iztur\u0113tu lielas slodzes, nodro\u0161inot nepiecie\u0161amo iztur\u012bbu un stabilit\u0101ti lauksaimniec\u012bbas un sniega t\u012br\u012b\u0161anas darbiem.<\/p>\n<p>\u0160is hidrauliskais cilindrs ir ar\u012b izstr\u0101d\u0101ts t\u0101, lai to b\u016btu viegli uzst\u0101d\u012bt un uztur\u0113t. T\u0101 lietot\u0101jam draudz\u012bg\u0101s funkcijas nodro\u0161ina \u0113rtu darb\u012bbu un samazina d\u012bkst\u0101ves laiku, maksim\u0101li palielinot produktivit\u0101ti. Turkl\u0101t t\u0101 ilgais kalpo\u0161anas laiks nodro\u0161ina rentablu risin\u0101jumu lauksaimniec\u012bbas un sniega arklu apr\u012bkojumam.<\/p>\n<p>Nosl\u0113gum\u0101 j\u0101saka, ka r\u016bpn\u012bcas cenas divk\u0101r\u0161\u0101s darb\u012bbas lauksaimniec\u012bbas tehnikas hidraulisk\u0101 cilindra sniega arkla hidrauliskais cilindrs ir augst\u0101k\u0101s klases produkts, kas garant\u0113 efekt\u012bvu un uzticamu veiktsp\u0113ju. T\u0101 izcilais dizains un iztur\u012bg\u0101 konstrukcija padara to par ide\u0101lu izv\u0113li lauksaimniec\u012bbas tehnikai un sniega arkla pielietojumam. Atkl\u0101jiet m\u016bsu r\u016bpn\u012bcas cenas divk\u0101r\u0161\u0101s darb\u012bbas lauksaimniec\u012bbas tehnikas hidraulisk\u0101 cilindra sniega arkla hidraulisk\u0101 cilindra jaudu un efektivit\u0101ti. \u0160is cilindrs, kas ir ide\u0101li piem\u0113rots da\u017e\u0101d\u0101m nozar\u0113m, ir paredz\u0113ts, lai nodro\u0161in\u0101tu izcilu veiktsp\u0113ju sare\u017e\u0123\u012btos apst\u0101k\u013cos. Hidrauliskais cilindrs nav tikai produkts; t\u0101 ir galven\u0101 sast\u0101vda\u013ca, kas var b\u016btiski uzlabot j\u016bsu tehnikas veiktsp\u0113ju.<\/p>\n<h2>Produkta svar\u012bg\u0101kie elementi<\/h2>\n<p>Sniega arkla hidrauliskais cilindrs ir izstr\u0101d\u0101ts t\u0101, lai b\u016btu iztur\u012bgs un ilgm\u016b\u017e\u012bgs, nodro\u0161inot, ka tas var iztur\u0113t intens\u012bvu lieto\u0161anu. Ar svaru tikai 5,9 kg tas ir viegls, bet jaud\u012bgs, un t\u0101 maksim\u0101l\u0101 vilces jauda ir 3000. Cilindrs ir standarta un tam ir virzu\u013ca konstrukcija, ko darbina hidraulika. Korpusa materi\u0101ls ir t\u0113rauds, kas padara to iztur\u012bgu un ilgm\u016b\u017e\u012bgu. T\u0101 urbuma izm\u0113rs ir no 2 l\u012bdz 6 coll\u0101m, stie\u0146a izm\u0113rs ir no 1,125 l\u012bdz 4 coll\u0101m un g\u0101jiena garums ir no 4 l\u012bdz 100 coll\u0101m. Tapas izm\u0113rs ir no 0,5 l\u012bdz 2 coll\u0101m, nodro\u0161inot, ka tas ir piem\u0113rots pla\u0161am tehnikas kl\u0101stam. Cilindrs ir sertific\u0113ts saska\u0146\u0101 ar ISO9001:2000, t\u0101p\u0113c varat uztic\u0113ties t\u0101 kvalit\u0101tei un uzticam\u012bbai.<\/p>\n<h2>Lieto\u0161ana un apkope<\/h2>\n<p>M\u016bsu sniega t\u012br\u012bt\u0101ja hidrauliskais cilindrs ir piem\u0113rots da\u017e\u0101d\u0101m nozar\u0113m, tostarp tehnikas remonta darbn\u012bc\u0101m, lauksaimniec\u012bbas tehnikai, ener\u0123\u0113tikas un ieguves r\u016bpniec\u012bbai, k\u0101 ar\u012b tehnikas ra\u017eo\u0161anai un r\u016bpn\u012bc\u0101m. Regul\u0101ra apkope un p\u0101rbaude var pal\u012bdz\u0113t pagarin\u0101t hidraulisk\u0101 cilindra kalpo\u0161anas laiku. Vienm\u0113r p\u0101rliecinieties, ka cilindrs tiek izmantots t\u0101 nor\u0101d\u012btaj\u0101 slodzes kapacit\u0101t\u0113, lai nov\u0113rstu iesp\u0113jamus boj\u0101jumus vai av\u0101rijas.<\/p>\n<p><img decoding=\"async\" src=\"https:\/\/hzpt.com\/wp-content\/uploads\/2023\/11\/Snow-Plow-Hydraulic-Cylinder-4Factory.webp\" alt=\"Sniega arkla hidraulisko cilindru r\u016bpn\u012bca\" title=\"\"><\/p>\n<h2>Regul\u0113jamu skavu tipa cilindru priek\u0161roc\u012bbas<\/h2>\n<p>Regul\u0113jamiem skavu tipa cilindriem ir vair\u0101kas priek\u0161roc\u012bbas da\u017e\u0101dos pielietojumos. \u0160ie cilindri ir \u012bpa\u0161i izstr\u0101d\u0101ti, lai nodro\u0161in\u0101tu elast\u012bbu un precizit\u0101ti to darb\u012bb\u0101, padarot tos \u013coti piem\u0113rotus da\u017e\u0101d\u0101m nozar\u0113m. \u0160aj\u0101 rakst\u0101 m\u0113s izp\u0113t\u012bsim galven\u0101s regul\u0113jamu skavu tipa cilindru izmanto\u0161anas priek\u0161roc\u012bbas un to, k\u0101 tie var uzlabot hidraulisko sist\u0113mu veiktsp\u0113ju.<\/p>\n<p>1. Uzlabota regul\u0113jam\u012bba: regul\u0113jami skavu tipa cilindri ir paz\u012bstami ar savu izcilo regul\u0113jam\u012bbu. Savienojuma stiprin\u0101jums \u013cauj viegli regul\u0113t cilindra garumu, padarot to ide\u0101li piem\u0113rotu lietojumiem, kuros nepiecie\u0161ama prec\u012bza g\u0101jiena garuma kontrole. \u0160\u012b funkcija \u013cauj operatoriem prec\u012bzi piel\u0101got cilindra veiktsp\u0113ju atbilsto\u0161i konkr\u0113t\u0101m pras\u012bb\u0101m, nodro\u0161inot optim\u0101lu efektivit\u0101ti un funkcionalit\u0101ti.<\/p>\n<p>2. Palielin\u0101ta kravnes\u012bba: \u0160ie cilindri ir izstr\u0101d\u0101ti, lai iztur\u0113tu lielas slodzes un nodro\u0161in\u0101tu izcilu nestsp\u0113ju. Augstas kvalit\u0101tes materi\u0101lu un progres\u012bvu ra\u017eo\u0161anas meto\u017eu izmanto\u0161ana nodro\u0161ina to iztur\u012bbu un uzticam\u012bbu. Neatkar\u012bgi no t\u0101, vai tos izmanto lauksaimniec\u012bbas ma\u0161\u012bn\u0101s vai sniega arklu sist\u0113m\u0101s, regul\u0113jamie skavu tipa cilindri var iztur\u0113t iev\u0113rojamas slodzes, neapdraudot veiktsp\u0113ju.<\/p>\n<p>3. Divk\u0101r\u0161as darb\u012bbas funkcionalit\u0101te: Regul\u0113jamu dak\u0161u tipa cilindru divk\u0101r\u0161as darb\u012bbas funkcija nodro\u0161ina divvirzienu darb\u012bbu, nodro\u0161inot gan pagarin\u0101\u0161anas, gan ievilk\u0161anas sp\u0113kus. \u0160\u012b daudzpus\u012bba ir \u012bpa\u0161i noder\u012bga lietojumos, kur nepiecie\u0161ama prec\u012bza vad\u012bba un vienm\u0113r\u012bgs sp\u0113ks abos virzienos. Piem\u0113ram, lauksaimniec\u012bbas ma\u0161\u012bn\u0101s \u0161ie cilindri var nodro\u0161in\u0101t da\u017e\u0101du hidraulisko komponentu vienm\u0113r\u012bgu un efekt\u012bvu kust\u012bbu.<\/p>\n<p>4. Ra\u017eot\u0101ja cenas priek\u0161roc\u012bba: regul\u0113jami skavu tipa cilindri ir pieejami par konkur\u0113tsp\u0113j\u012bg\u0101m r\u016bpn\u012bcas cen\u0101m, padarot tos par rentablu izv\u0113li uz\u0146\u0113mumiem. \u0160o cilindru pieejam\u012bba neietekm\u0113 to kvalit\u0101ti vai veiktsp\u0113ju. Izv\u0113loties \u0161os cilindrus, uz\u0146\u0113mumi var sasniegt augstas veiktsp\u0113jas hidraulisk\u0101s sist\u0113mas, nep\u0101rsniedzot savu bud\u017eetu.<\/p>\n<p>5. Uzticam\u012bba skarbos apst\u0101k\u013cos: regul\u0113jami cilindri ar skavu ir izgatavoti, lai iztur\u0113tu sare\u017e\u0123\u012btus ekspluat\u0101cijas apst\u0101k\u013cus. Tie ir iztur\u012bgi pret koroziju, ekstrem\u0101l\u0101m temperat\u016br\u0101m un citiem vides faktoriem, kas var\u0113tu ietekm\u0113t to veiktsp\u0113ju. Tas padara tos piem\u0113rotus lieto\u0161anai da\u017e\u0101d\u0101s nozar\u0113s, tostarp lauksaimniec\u012bb\u0101, b\u016bvniec\u012bb\u0101 un transport\u0101, kur bie\u017ei tiek izmantoti sare\u017e\u0123\u012bti apst\u0101k\u013ci.<\/p>\n<p>Nosl\u0113gum\u0101 j\u0101secina, ka regul\u0113jamu skavu tipa cilindru izmanto\u0161ana hidrauliskaj\u0101s sist\u0113m\u0101s sniedz daudzas priek\u0161roc\u012bbas. To uzlabot\u0101 regul\u0113jam\u012bba, palielin\u0101t\u0101 kravnes\u012bba, divk\u0101r\u0161\u0101s darb\u012bbas funkcionalit\u0101te, r\u016bpn\u012bcas cenas priek\u0161roc\u012bbas un uzticam\u012bba skarbos apst\u0101k\u013cos padara tos par lielisku izv\u0113li pla\u0161am pielietojumu kl\u0101stam. Neatkar\u012bgi no t\u0101, vai tos izmanto lauksaimniec\u012bbas ma\u0161\u012bn\u0101s vai sniega arklu sist\u0113m\u0101s, \u0161ie cilindri nodro\u0161ina precizit\u0101ti, iztur\u012bbu un rentabilit\u0101ti, galu gal\u0101 uzlabojot hidraulisko sist\u0113mu kop\u0113jo veiktsp\u0113ju.<\/p>\n<h3>Par FMP<\/h3>\n<p>FMP ir uz\u0146\u0113mums, kas specializ\u0113jas hidraulisko cilindru ra\u017eo\u0161an\u0101 un p\u0101rdo\u0161an\u0101. K\u0101 uzticams un pieredz\u0113jis celtniec\u012bbas tehnikas deta\u013cu un piln\u012bgu ma\u0161\u012bnu risin\u0101jumu pieg\u0101d\u0101t\u0101js, m\u0113s esam ap\u0146\u0113mu\u0161ies pied\u0101v\u0101t saviem klientiem augstas kvalit\u0101tes produktus un lielisku servisu.<\/p>\n<p><img decoding=\"async\" src=\"https:\/\/fmp-components.com\/wp-content\/uploads\/2024\/12\/Adjustable-Clevis-Type-Cylinders-6.webp\" alt=\"Regul\u0113jams skavu tipa cilindrs\" width=\"847\" title=\"\"><\/p>\n<h4>1. Pla\u0161s produktu kl\u0101sts<\/h4>\n<p>FMP pied\u0101v\u0101 pla\u0161u hidraulisko cilindru kl\u0101stu, kas piem\u0113rots da\u017e\u0101diem pielietojumiem b\u016bvniec\u012bbas tehnikas nozar\u0113. M\u016bsu produktu kl\u0101st\u0101 ietilpst regul\u0113jami cilindri ar skavu, teleskopiskie cilindri, metin\u0101tie cilindri un citi. Lai k\u0101das b\u016btu j\u016bsu \u012bpa\u0161\u0101s vajadz\u012bbas, mums ir piem\u0113rots hidrauliskais cilindrs, kas t\u0101s apmierin\u0101s.<\/p>\n<h4>2. Augst\u0101k\u0101 kvalit\u0101te<\/h4>\n<p>M\u0113s saprotam uzticamu un iztur\u012bgu celtniec\u012bbas tehnikas deta\u013cu noz\u012bmi. T\u0101p\u0113c visi m\u016bsu hidrauliskie cilindri tiek ra\u017eoti, izmantojot augstas kvalit\u0101tes materi\u0101lus, un tiem tiek piem\u0113rota stingra kvalit\u0101tes kontrole. Tas nodro\u0161ina, ka m\u016bsu produkti iztur sare\u017e\u0123\u012btus b\u016bvlaukumu apst\u0101k\u013cus un nodro\u0161ina ilgsto\u0161u veiktsp\u0113ju.<\/p>\n<h4>3. Piel\u0101go\u0161anas opcijas<\/h4>\n<p>M\u0113s apzin\u0101mies, ka da\u017e\u0101diem projektiem var b\u016bt nepiecie\u0161amas unik\u0101las hidraulisko cilindru specifik\u0101cijas. T\u0101p\u0113c m\u0113s pied\u0101v\u0101jam piel\u0101go\u0161anas iesp\u0113jas, lai piel\u0101gotu m\u016bsu produktus j\u016bsu \u012bpa\u0161aj\u0101m pras\u012bb\u0101m. M\u016bsu pieredz\u0113jus\u012b komanda cie\u0161i sadarbosies ar jums, lai izstr\u0101d\u0101tu un ra\u017eotu hidrauliskos cilindrus, kas lieliski atbilst j\u016bsu vajadz\u012bb\u0101m.<\/p>\n<h4>4. Zino\u0161a p\u0101rdo\u0161anas komanda<\/h4>\n<p>M\u016bsu p\u0101rdo\u0161anas komandu veido profesion\u0101\u013ci, kuri labi p\u0101rzina celtniec\u012bbas tehnikas nozari. Vi\u0146iem ir dzi\u013ca izpratne par jaun\u0101kaj\u0101m tendenc\u0113m un klientu vajadz\u012bb\u0101m tirg\u016b. Izv\u0113loties FMP, j\u016bs varat sagaid\u012bt ekspertu konsult\u0101cijas par produktiem un p\u0101rdom\u0101tus pirk\u0161anas ieteikumus, kas pal\u012bdz\u0113s jums pie\u0146emt p\u0101rdom\u0101tus l\u0113mumus.<\/p>\n<h4>5. Efekt\u012bva lo\u0123istikas izplat\u012b\u0161ana<\/h4>\n<p>Savlaic\u012bga pieg\u0101de ir \u013coti svar\u012bga b\u016bvniec\u012bbas tehnikas nozar\u0113, un m\u0113s pie\u0161\u0137iram priorit\u0101ti efekt\u012bvai lo\u0123istikas izplat\u012b\u0161anai. Izmantojot m\u016bsu labi izveidoto sist\u0113mu, m\u0113s nodro\u0161in\u0101m, ka j\u016bsu nepiecie\u0161amie hidrauliskie cilindri tiek pieg\u0101d\u0101ti jums \u0101tri un prec\u012bzi. Tas \u013cauj jums samazin\u0101t d\u012bkst\u0101ves laiku un nodro\u0161in\u0101t projektu netrauc\u0113tu norisi.<\/p>\n<h2>Bie\u017ei uzdotie jaut\u0101jumi<\/h2>\n<h3>J: Vai j\u016bs esat tirdzniec\u012bbas uz\u0146\u0113mums vai ra\u017eot\u0101js?<\/h3>\n<p>A: M\u0113s esam ra\u017eot\u0101js ar atz\u012btu reput\u0101ciju kvalit\u0101tes un servisa jom\u0101.<\/p>\n<h3>J: K\u0101ds ir sniega arkla hidraulisk\u0101 cilindra pieg\u0101des laiks?<\/h3>\n<p>A: Parasti tas ir 25\u201335 dienas. Tom\u0113r prec\u012bzs pieg\u0101des laiks var at\u0161\u0137irties atkar\u012bb\u0101 no pas\u016bt\u012bjuma daudzuma un \u012bpa\u0161aj\u0101m pras\u012bb\u0101m.<\/p>\n<h3>J: Vai j\u016bs varat ra\u017eot atbilsto\u0161i paraugiem?<\/h3>\n<p>A: J\u0101, m\u0113s varam izgatavot p\u0113c j\u016bsu paraugiem vai tehniskajiem ras\u0113jumiem. M\u0113s varam izgatavot veidnes un armat\u016bru.<\/p>\n<p><img decoding=\"async\" title=\"Sniega arkla hidrauliskais cilindrs\" src=\"https:\/\/hzpt.com\/wp-content\/uploads\/2023\/11\/Snow-Plow-Hydraulic-Cylinder-3.webp\" alt=\"Sniega arkla hidrauliskais cilindrs\" \/><\/p>\n<p>Autors: CX<\/p>","protected":false},"excerpt":{"rendered":"<p>Factory Price Double Acting Agricultural Machinery Hydraulic Cylinder Snow Plow Hydraulic Cylinder The Factory Price Double Acting Agricultural Machinery Hydraulic Cylinder Snow Plow Hydraulic Cylinder is a high-quality product designed specifically for agricultural machinery and snow plows. It is built with precision and durability in mind to withstand tough working conditions. This hydraulic cylinder is [&hellip;]<\/p>","protected":false},"featured_media":1539,"comment_status":"closed","ping_status":"closed","template":"","meta":{"_et_pb_use_builder":"","_et_pb_old_content":"","_et_gb_content_width":""},"product_brand":[],"product_cat":[42],"product_tag":[34,44],"class_list":{"0":"post-1538","1":"product","2":"type-product","3":"status-publish","4":"has-post-thumbnail","6":"product_cat-snow-plow-hydraulic-cylinder","7":"product_tag-hydraulic-cylinder","8":"product_tag-snow-plow-hydraulic-cylinder","10":"first","11":"instock","12":"product-type-simple"},"_links":{"self":[{"href":"https:\/\/fmp-components.com\/lv\/wp-json\/wp\/v2\/product\/1538","targetHints":{"allow":["GET"]}}],"collection":[{"href":"https:\/\/fmp-components.com\/lv\/wp-json\/wp\/v2\/product"}],"about":[{"href":"https:\/\/fmp-components.com\/lv\/wp-json\/wp\/v2\/types\/product"}],"replies":[{"embeddable":true,"href":"https:\/\/fmp-components.com\/lv\/wp-json\/wp\/v2\/comments?post=1538"}],"wp:featuredmedia":[{"embeddable":true,"href":"https:\/\/fmp-components.com\/lv\/wp-json\/wp\/v2\/media\/1539"}],"wp:attachment":[{"href":"https:\/\/fmp-components.com\/lv\/wp-json\/wp\/v2\/media?parent=1538"}],"wp:term":[{"taxonomy":"product_brand","embeddable":true,"href":"https:\/\/fmp-components.com\/lv\/wp-json\/wp\/v2\/product_brand?post=1538"},{"taxonomy":"product_cat","embeddable":true,"href":"https:\/\/fmp-components.com\/lv\/wp-json\/wp\/v2\/product_cat?post=1538"},{"taxonomy":"product_tag","embeddable":true,"href":"https:\/\/fmp-components.com\/lv\/wp-json\/wp\/v2\/product_tag?post=1538"}],"curies":[{"name":"wp","href":"https:\/\/api.w.org\/{rel}","templated":true}]}}