{"id":1536,"date":"2024-12-23T05:51:36","date_gmt":"2024-12-23T05:51:36","guid":{"rendered":"https:\/\/fmp-components.com\/product\/factory-price-double-acting-hydraulic-ram-cylinder-for-snow-plow\/"},"modified":"2024-12-23T06:09:04","modified_gmt":"2024-12-23T06:09:04","slug":"factory-price-double-acting-hydraulic-ram-cylinder-for-snow-plow","status":"publish","type":"product","link":"https:\/\/fmp-components.com\/lv\/product\/factory-price-double-acting-hydraulic-ram-cylinder-for-snow-plow\/","title":{"rendered":"R\u016bpn\u012bcas cenas divk\u0101r\u0161as darb\u012bbas hidrauliskais cilindrs sniega arklam"},"content":{"rendered":"<h2>R\u016bpn\u012bcas cenas divk\u0101r\u0161as darb\u012bbas hidrauliskais cilindrs sniega arklam<\/h2>\n<p>Sniega arkla divk\u0101r\u0161\u0101s darb\u012bbas hidrauliskais cilindrs, kas pieejams r\u016bpn\u012bc\u0101, ir b\u016btiska sast\u0101vda\u013ca, kas nodro\u0161ina efekt\u012bvu un uzticamu sniegumu sniega t\u012br\u012b\u0161anas darbos. \u0160is augstas kvalit\u0101tes cilindrs ir izstr\u0101d\u0101ts, lai iztur\u0113tu sare\u017e\u0123\u012btus sniega t\u012br\u012b\u0161anas apst\u0101k\u013cus, nodro\u0161inot iztur\u012bgu un ilgm\u016b\u017e\u012bgu risin\u0101jumu.<\/p>\n<p>\u0160im hidrauliskajam cilindram ir divk\u0101r\u0161as darb\u012bbas konstrukcija, kas nodro\u0161ina prec\u012bzu vad\u012bbu un uzlabotu funkcionalit\u0101ti. Tas var izstiepties un ievilkties ar vien\u0101du sp\u0113ku, nodro\u0161inot vienm\u0113r\u012bgu un efekt\u012bvu darb\u012bbu. \u0160\u012b daudzpus\u012bba \u013cauj sniega l\u0101psti\u0146am efekt\u012bvi not\u012br\u012bt sniegu no ce\u013ciem, piebraucamajiem ce\u013ciem un cit\u0101m virsm\u0101m.<\/p>\n<p><img decoding=\"async\" title=\"Sniega arkla hidrauliskais cilindrs\" src=\"https:\/\/hzpt.com\/wp-content\/uploads\/2023\/11\/Snow-Plow-Hydraulic-Cylinder-2.webp\" alt=\"Sniega arkla hidrauliskais cilindrs\" \/><\/p>\n<p>Sniega arkla divk\u0101r\u0161\u0101s darb\u012bbas hidraulisk\u0101 cilindra izgatavo\u0161anas cena par r\u016bpn\u012bcas cenu ir balst\u012bta uz iztur\u012bgiem materi\u0101liem, lai iztur\u0113tu intens\u012bvu lieto\u0161anu un nelabv\u0113l\u012bgus laika apst\u0101k\u013cus. Pateicoties izcilajai iztur\u012bbai un ilgm\u016b\u017e\u012bbai, \u0161is cilindrs ir paredz\u0113ts, lai iztur\u0113tu skarbos apst\u0101k\u013cus, k\u0101dos darbojas sniega arkli.<\/p>\n<p>Papildus iespaid\u012bgajai veiktsp\u0113jai \u0161is hidrauliskais cilindrs ir izstr\u0101d\u0101ts ar\u012b, \u0146emot v\u0113r\u0101 t\u0101 uzst\u0101d\u012b\u0161anas un apkopes vienk\u0101r\u0161\u012bbu. T\u0101 lietot\u0101jam draudz\u012bgais dizains nodro\u0161ina \u0101tru un vienk\u0101r\u0161u uzst\u0101d\u012b\u0161anu, samazinot d\u012bkst\u0101ves laiku un palielinot produktivit\u0101ti. Regul\u0101ra apkope ir ar\u012b \u0113rta, nodro\u0161inot, ka cilindrs ilgsto\u0161i saglab\u0101jas optim\u0101l\u0101 st\u0101vokl\u012b.<\/p>\n<p>Neatkar\u012bgi no t\u0101, vai esat profesion\u0101ls sniega t\u012br\u012b\u0161anas pakalpojumu sniedz\u0113js vai m\u0101jas \u012bpa\u0161nieks, kas t\u012bra savu \u012bpa\u0161umu, r\u016bpn\u012bcas cenas divk\u0101r\u0161\u0101s darb\u012bbas hidrauliskais cilindrs sniega arklam ir neaizst\u0101jams instruments. Pateicoties t\u0101 uzticam\u012bbai, iztur\u012bbai un lieto\u0161anas vienk\u0101r\u0161\u012bbai, tas nodro\u0161ina efekt\u012bvu sniega t\u012br\u012b\u0161anu un pal\u012bdz uztur\u0113t ce\u013cus un virsmas t\u012bras ziemas sezon\u0101.<\/p>\n<h2>Produkta funkcijas<\/h2>\n<p>M\u016bsu divk\u0101r\u0161\u0101s darb\u012bbas hidrauliskais cilindrs ir izstr\u0101d\u0101ts ar jaunu un standarta konstrukciju, padarot to par virzu\u013ccilindru, kas darbojas ar hidraulisko sp\u0113ku. Ar iztur\u012bgu t\u0113rauda korpusu \u0161is hidrauliskais cilindrs ir rad\u012bts iztur\u012bbai un ilgm\u016b\u017e\u012bbai. T\u0101 maksim\u0101l\u0101 vilces jauda ir 3000 un tas var vilkt l\u012bdz 20 tonn\u0101m, nodro\u0161inot tam jaud\u012bgu un efekt\u012bvu veiktsp\u0113ju. Turkl\u0101t tas ir sertific\u0113ts saska\u0146\u0101 ar ISO9001:2000, kas garant\u0113 t\u0101 kvalit\u0101ti un uzticam\u012bbu.<\/p>\n<h3>Izm\u0113ri<\/h3>\n<ul>\n<li>Urbuma izm\u0113rs: 2\u20136 collas<\/li>\n<li>Stie\u0146a izm\u0113rs: 1,125\u20134 collas<\/li>\n<li>G\u0101jiena izm\u0113rs: 4\u2013100 collas<\/li>\n<li>Tapas izm\u0113rs: 0,5\u20132 collas<\/li>\n<\/ul>\n<p>Meln\u0101s kr\u0101sas hidrauliskais cilindrs ir pieejams da\u017e\u0101dos izm\u0113ros, t\u0101p\u0113c ir viegli atrast j\u016bsu \u012bpa\u0161aj\u0101m vajadz\u012bb\u0101m vispiem\u0113rot\u0101ko. Neatkar\u012bgi no t\u0101, vai to izmantojat tehnikas remonta darbn\u012bc\u0101s, saimniec\u012bb\u0101s, ener\u0123\u0113tik\u0101 un ieguves r\u016bpniec\u012bb\u0101, tehnikas ra\u017eo\u0161an\u0101 vai tehnikas r\u016bpn\u012bc\u0101s, \u0161is hidrauliskais cilindrs noteikti atbild\u012bs j\u016bsu vajadz\u012bb\u0101m.<\/p>\n<p><img decoding=\"async\" src=\"https:\/\/hzpt.com\/wp-content\/uploads\/2023\/11\/Snow-Plow-Hydraulic-Cylinder-4Factory.webp\" alt=\"Ever-Power transmisijas r\u016bpn\u012bca\" title=\"\"><\/p>\n<h2>Regul\u0113jamu skavu tipa cilindru priek\u0161roc\u012bbas<\/h2>\n<p>Hidraulisko sist\u0113mu jom\u0101 regul\u0113jami skavu tipa cilindri ir par\u0101d\u012bju\u0161ies k\u0101 revolucion\u0101rs risin\u0101jums, kas sniedz daudzas priek\u0161roc\u012bbas un uzlabo da\u017e\u0101du pielietojumu kop\u0113jo efektivit\u0101ti. Ar savu unik\u0101lo dizainu un uzlaboto funkcionalit\u0101ti \u0161ie cilindri pied\u0101v\u0101 virkni priek\u0161roc\u012bbu, kas tos at\u0161\u0137ir no tradicion\u0101laj\u0101m iesp\u0113j\u0101m. \u0160aj\u0101 emu\u0101ra ierakst\u0101 m\u0113s izp\u0113t\u012bsim regul\u0113jamo skavu tipa cilindru galven\u0101s priek\u0161roc\u012bbas un iedzi\u013cin\u0101simies to nep\u0101rsp\u0113jamaj\u0101s iesp\u0113j\u0101s.<\/p>\n<h3>1. Elast\u012bba un piel\u0101go\u0161an\u0101s sp\u0113ja<\/h3>\n<p>Viena no regul\u0113jamu skavas tipa cilindru galvenaj\u0101m priek\u0161roc\u012bb\u0101m ir to izcil\u0101 elast\u012bba un piel\u0101gojam\u012bba. \u0160ie cilindri ir izstr\u0101d\u0101ti, lai piel\u0101gotos da\u017e\u0101d\u0101m mont\u0101\u017eas poz\u012bcij\u0101m, \u013caujot tos viegli uzst\u0101d\u012bt un integr\u0113t da\u017e\u0101d\u0101s hidrauliskaj\u0101s sist\u0113m\u0101s. Neatkar\u012bgi no t\u0101, vai tas ir sniega arkls, lauksaimniec\u012bbas tehnika vai r\u016bpnieciskais apr\u012bkojums, regul\u0113jamos skavas tipa cilindrus var bez piep\u016bles piel\u0101got \u012bpa\u0161\u0101m pras\u012bb\u0101m, nodro\u0161inot piel\u0101gotu risin\u0101jumu katram pielietojumam.<\/p>\n<h3>2. Prec\u012bza vad\u012bba un pozicion\u0113\u0161ana<\/h3>\n<p>Regul\u0113jami dak\u0161u tipa cilindri izce\u013cas ar prec\u012bzas vad\u012bbas un pozicion\u0113\u0161anas iesp\u0113j\u0101m. Pateicoties to uzlabotajai konstrukcijai, \u0161ie cilindri \u013cauj veikt prec\u012bzus piel\u0101gojumus, nodro\u0161inot optim\u0101lu veiktsp\u0113ju da\u017e\u0101dos darba apst\u0101k\u013cos. Sp\u0113ja prec\u012bzi noregul\u0113t cilindra g\u0101jiena garumu un mont\u0101\u017eas poz\u012bciju \u013cauj operatoriem prec\u012bzi kontrol\u0113t hidraulisk\u0101s sist\u0113mas kust\u012bbu, t\u0101d\u0113j\u0101di uzlabojot produktivit\u0101ti un efektivit\u0101ti.<\/p>\n<h3>3. Uzlabota iztur\u012bba un uzticam\u012bba<\/h3>\n<p>Run\u0101jot par iztur\u012bbu un uzticam\u012bbu, regul\u0113jamie skavu tipa cilindri p\u0101rsp\u0113j daudzas citas alternat\u012bvas. \u0160ie cilindri ir izgatavoti, izmantojot augstas kvalit\u0101tes materi\u0101lus, un tiem tiek veiktas stingras p\u0101rbaudes, lai nodro\u0161in\u0101tu to iztur\u012bbu un ilgm\u016b\u017e\u012bbu. Pateicoties to iztur\u012bgajai konstrukcijai un modernajai bl\u012bv\u0113\u0161anas tehnolo\u0123ijai, tie var iztur\u0113t lielas slodzes, ekstrem\u0101las temperat\u016bras un skarbu darba vidi, neapdraudot to veiktsp\u0113ju. Tas padara tos par uzticamu izv\u0113li pras\u012bgiem lietojumiem, kuriem nepiecie\u0161ama past\u0101v\u012bga un uzticama darb\u012bba.<\/p>\n<h3>4. Optim\u0101la veiktsp\u0113ja un efektivit\u0101te<\/h3>\n<p>Regul\u0113jamie skavas tipa cilindri ir konstru\u0113ti, lai nodro\u0161in\u0101tu optim\u0101lu veiktsp\u0113ju un efektivit\u0101ti. Izmantojot uzlabotus hidrauliskos principus un inovat\u012bvas konstrukcijas funkcijas, \u0161ie cilindri samazina ener\u0123ijas zudumus un palielina jaudas p\u0101rvadi, t\u0101d\u0113j\u0101di uzlabojot kop\u0113jo sist\u0113mas efektivit\u0101ti. Tas ne tikai samazina ekspluat\u0101cijas izmaksas, bet ar\u012b samazina ietekmi uz vidi, taupot ener\u0123ijas resursus. Pateicoties sp\u0113jai optimiz\u0113t sist\u0113mas veiktsp\u0113ju, regul\u0113jamie skavas tipa cilindri veicina produktivit\u0101tes palielin\u0101\u0161anos un d\u012bkst\u0101ves laika samazin\u0101\u0161anos.<\/p>\n<h3>5. Izmaksu efektivit\u0101te<\/h3>\n<p>V\u0113l viena b\u016btiska regul\u0113jamu skavu tipa cilindru priek\u0161roc\u012bba ir to izmaksu efektivit\u0101te. Sal\u012bdzinot ar cita veida hidrauliskajiem cilindriem, \u0161ie cilindri pied\u0101v\u0101 izcilu cenas un v\u0113rt\u012bbas attiec\u012bbu, neapdraudot kvalit\u0101ti vai veiktsp\u0113ju. To daudzpus\u012bba un piel\u0101gojam\u012bba nov\u0113r\u0161 nepiecie\u0161am\u012bbu p\u0113c piel\u0101gotiem cilindriem, ietaupot gan laiku, gan naudu uzst\u0101d\u012b\u0161anas un apkopes procesos. Turkl\u0101t regul\u0113jam\u0101 konstrukcija \u013cauj tos viegli nomain\u012bt un p\u0101rkonfigur\u0113t, samazinot d\u012bkst\u0101ves laiku un ar to saist\u012bt\u0101s izmaksas.<\/p>\n<p>Nosl\u0113gum\u0101 j\u0101secina, ka regul\u0113jamie skavas tipa cilindri pied\u0101v\u0101 daudz priek\u0161roc\u012bbu, kas padara tos par ide\u0101lu izv\u0113li pla\u0161am hidraulisko pielietojumu kl\u0101stam. To elast\u012bba, precizit\u0101te, iztur\u012bba, veiktsp\u0113ja un izmaksu efektivit\u0101te tos at\u0161\u0137ir nozar\u0113, nodro\u0161inot optim\u0101lus rezult\u0101tus un klientu apmierin\u0101t\u012bbu. Run\u0101jot par r\u016bpn\u012bcas cenas divk\u0101r\u0161as darb\u012bbas hidraulisko cilindru sniega arklam, regul\u0113jamie skavas tipa cilindri izce\u013cas ar izcilu veiktsp\u0113ju, uzticam\u012bbu un efektivit\u0101ti.<\/p>\n<h3>Par FMP hidraulisko cilindru<\/h3>\n<p>FMP ir vado\u0161ais uz\u0146\u0113mums, kas specializ\u0113jas celtniec\u012bbas tehnikas deta\u013cu un pilnu iek\u0101rtu p\u0101rdo\u0161an\u0101 un apkalpo\u0161an\u0101. M\u0113s lepojamies, ka pied\u0101v\u0101jam augstas kvalit\u0101tes hidraulisko cilindru risin\u0101jumus m\u016bsu klientiem vis\u0101 pasaul\u0113.<\/p>\n<p>\u0160eit ir da\u017eas no galvenaj\u0101m FMP hidraulisk\u0101 cilindra izv\u0113les priek\u0161roc\u012bb\u0101m:<\/p>\n<ul>\n<li><strong>Augstas kvalit\u0101tes materi\u0101li:<\/strong> M\u016bsu hidraulisko cilindru ra\u017eo\u0161an\u0101 m\u0113s izmantojam tikai augstas kvalit\u0101tes materi\u0101lus, nodro\u0161inot to iztur\u012bbu un uzticam\u012bbu ilgsto\u0161ai lieto\u0161anai. M\u016bsu produkti ir izstr\u0101d\u0101ti, lai iztur\u0113tu pat vissmag\u0101kos darba apst\u0101k\u013cus.<\/li>\n<li><strong>Pla\u0161s iesp\u0113ju kl\u0101sts:<\/strong> M\u016bsu hidraulisko cilindru produktu kl\u0101st\u0101 ir da\u017e\u0101du veidu cilindri, piem\u0113ram, cilindri ar \u0161arn\u012brstiep\u0146iem, metin\u0101ti cilindri un regul\u0113jami skavu tipa cilindri utt. M\u0113s pied\u0101v\u0101jam ar\u012b piel\u0101gotus risin\u0101jumus, lai apmierin\u0101tu \u012bpa\u0161as klientu pras\u012bbas.<\/li>\n<li><strong>Stingra kvalit\u0101tes kontrole:<\/strong> Esam izveidoju\u0161i ilgtermi\u0146a un stabilas sadarb\u012bbas attiec\u012bbas ar daudziem augstas kvalit\u0101tes pieg\u0101d\u0101t\u0101jiem gan m\u0101j\u0101s, gan \u0101rzem\u0113s, nodro\u0161inot, ka visas pieg\u0101d\u0101t\u0101s deta\u013cas atbilst stingriem kvalit\u0101tes standartiem. Turkl\u0101t m\u016bsu hidrauliskie cilindri pirms pieg\u0101des tiek pak\u013cauti stingr\u0101m p\u0101rbaudes proced\u016br\u0101m, lai nodro\u0161in\u0101tu, ka tie atbilst m\u016bsu stingraj\u0101m kvalit\u0101tes pras\u012bb\u0101m.<\/li>\n<li><strong>Pieredz\u0113jusi p\u0101rdo\u0161anas komanda:<\/strong> M\u016bsu p\u0101rdo\u0161anas komanda ir pieredz\u0113jusi un zino\u0161a b\u016bvniec\u012bbas tehnikas nozar\u0113, un var sniegt klientiem profesion\u0101las konsult\u0101cijas un p\u0101rdom\u0101tus pirk\u0161anas ieteikumus.<\/li>\n<li><strong>Efekt\u012bva lo\u0123istikas izplat\u012b\u0161ana:<\/strong> Mums ir efekt\u012bva lo\u0123istikas izplat\u012b\u0161anas sist\u0113ma, lai nodro\u0161in\u0101tu, ka klienti savlaic\u012bgi un prec\u012bzi sa\u0146em nepiecie\u0161am\u0101s deta\u013cas. M\u016bsu uzticamais pieg\u0101des pakalpojums pal\u012bdz nodro\u0161in\u0101t m\u016bsu klientu projektu netrauc\u0113tu norisi.<\/li>\n<\/ul>\n<p>Uz\u0146\u0113mum\u0101 FMP m\u0113s ticam, ka m\u016bsu klientiem ir j\u0101nodro\u0161ina augstas kvalit\u0101tes un uzticami hidraulisko cilindru risin\u0101jumi. Pateicoties m\u016bsu daudzu gadu pieredzei nozar\u0113 un profesion\u0101lajai komandai, m\u0113s varam nodro\u0161in\u0101t klientiem personaliz\u0113tus risin\u0101jumus, kas atbilst vi\u0146u \u012bpa\u0161aj\u0101m vajadz\u012bb\u0101m. Sazinieties ar mums jau \u0161odien, lai uzzin\u0101tu vair\u0101k par m\u016bsu produktiem un pakalpojumiem!<\/p>\n<p><img decoding=\"async\" src=\"https:\/\/fmp-components.com\/wp-content\/uploads\/2024\/12\/Adjustable-Clevis-Type-Cylinders-6.webp\" alt=\"Regul\u0113jams skavu tipa cilindrs\" width=\"846\" title=\"\"><\/p>\n<h2>Bie\u017ei uzdotie jaut\u0101jumi<\/h2>\n<h3>J: Vai j\u016bs esat tirdzniec\u012bbas uz\u0146\u0113mums vai ra\u017eot\u0101js?<\/h3>\n<p>A: M\u0113s esam r\u016bpn\u012bca.<\/p>\n<h3>J: Cik ilgs ir j\u016bsu pieg\u0101des laiks?<\/h3>\n<p>A: Parasti tas ir 25\u201335 dienas.<\/p>\n<h3>J: Vai j\u016bs sniedzat paraugus? Vai tas ir bez maksas vai papildus?<\/h3>\n<p>A: J\u0101, m\u0113s var\u0113tu pied\u0101v\u0101t paraugu, bet tas nav bez maksas.<\/p>\n<p><img decoding=\"async\" title=\"Sniega arkla hidrauliskais cilindrs\" src=\"https:\/\/hzpt.com\/wp-content\/uploads\/2023\/11\/Snow-Plow-Hydraulic-Cylinder-3.webp\" alt=\"Sniega arkla hidrauliskais cilindrs\" \/><\/p>\n<p>Autors: CX<\/p>","protected":false},"excerpt":{"rendered":"<p>Factory Price Double Acting Hydraulic Ram Cylinder for Snow Plow The Factory Price Double Acting Hydraulic Ram Cylinder for Snow Plow is an essential component that ensures efficient and reliable performance in snow plowing operations. This high-quality cylinder is designed to withstand the demanding conditions of snow removal, providing a durable and long-lasting solution. Featuring [&hellip;]<\/p>","protected":false},"featured_media":1537,"comment_status":"closed","ping_status":"closed","template":"","meta":{"_et_pb_use_builder":"","_et_pb_old_content":"","_et_gb_content_width":""},"product_brand":[],"product_cat":[42],"product_tag":[34,44],"class_list":{"0":"post-1536","1":"product","2":"type-product","3":"status-publish","4":"has-post-thumbnail","6":"product_cat-snow-plow-hydraulic-cylinder","7":"product_tag-hydraulic-cylinder","8":"product_tag-snow-plow-hydraulic-cylinder","10":"first","11":"instock","12":"product-type-simple"},"_links":{"self":[{"href":"https:\/\/fmp-components.com\/lv\/wp-json\/wp\/v2\/product\/1536","targetHints":{"allow":["GET"]}}],"collection":[{"href":"https:\/\/fmp-components.com\/lv\/wp-json\/wp\/v2\/product"}],"about":[{"href":"https:\/\/fmp-components.com\/lv\/wp-json\/wp\/v2\/types\/product"}],"replies":[{"embeddable":true,"href":"https:\/\/fmp-components.com\/lv\/wp-json\/wp\/v2\/comments?post=1536"}],"wp:featuredmedia":[{"embeddable":true,"href":"https:\/\/fmp-components.com\/lv\/wp-json\/wp\/v2\/media\/1537"}],"wp:attachment":[{"href":"https:\/\/fmp-components.com\/lv\/wp-json\/wp\/v2\/media?parent=1536"}],"wp:term":[{"taxonomy":"product_brand","embeddable":true,"href":"https:\/\/fmp-components.com\/lv\/wp-json\/wp\/v2\/product_brand?post=1536"},{"taxonomy":"product_cat","embeddable":true,"href":"https:\/\/fmp-components.com\/lv\/wp-json\/wp\/v2\/product_cat?post=1536"},{"taxonomy":"product_tag","embeddable":true,"href":"https:\/\/fmp-components.com\/lv\/wp-json\/wp\/v2\/product_tag?post=1536"}],"curies":[{"name":"wp","href":"https:\/\/api.w.org\/{rel}","templated":true}]}}